{"id":7985,"date":"2019-07-08T13:37:49","date_gmt":"2019-07-08T13:37:49","guid":{"rendered":"https:\/\/2020.prague.wordcamp.org\/?page_id=7985"},"modified":"2022-10-12T16:48:47","modified_gmt":"2022-10-12T14:48:47","slug":"o-akci","status":"publish","type":"page","link":"https:\/\/prague.wordcamp.org\/2023\/","title":{"rendered":"WordCamp Praha 2023"},"content":{"rendered":"\n<p>V roce 2023 se potk\u00e1me jako komunita na men\u0161\u00edm eventu. WordCamp Praha si d\u00e1 na rok pauzu a vy n\u00e1m v mezidob\u00ed m\u016f\u017eete pos\u00edlat n\u00e1pady, jak by m\u011bl vypadat ten dal\u0161\u00ed. Pi\u0161te na&nbsp;<a target=\"_blank\" href=\"mailto:prague@wordcamp.org\" rel=\"noreferrer noopener\">prague@wordcamp.org<\/a>. A nezapome\u0148te se registrovat do na\u0161eho newsletteru, a\u0165 v\u00e1m nic neute\u010de.<\/p>\n\n\n\n<p><\/p>\n\n\n\n<p class=\"has-very-light-gray-background-color has-background\">Chce\u0161 se z\u00fa\u010dastnit? Tak se p\u0159ihlas do na\u0161eho newsletteru a\u0165 ti nic neute\u010de!<\/p>\n\n\n<div class=\"wp-block-jetpack-subscriptions__supports-newline is-style-compact wp-block-jetpack-subscriptions\">\n\t\t<div>\n\t\t\t<div>\n\t\t\t\t<div>\n\t\t\t\t\t<p >\n\t\t\t\t\t\t<a href=\"https:\/\/prague.wordcamp.org\/2023\/?post_type=page&#038;p=7985\" style=\"font-size: 16px;padding: 15px 23px 15px 23px;margin: 0; margin-left: 10px;border-radius: 0px;border-width: 1px; text-decoration: none; white-space: nowrap; margin-left: 0\">P\u0159ihl\u00e1sit se<\/a>\n\t\t\t\t\t<\/p>\n\t\t\t\t<\/div>\n\t\t\t<\/div>\n\t\t<\/div>\n\t<\/div>\n\n\n<div style=\"height:15px\" aria-hidden=\"true\" class=\"wp-block-spacer\"><\/div>\n\n\n\n<div style=\"height:100px\" aria-hidden=\"true\" class=\"wp-block-spacer\"><\/div>\n","protected":false},"excerpt":{"rendered":"<p>V roce 2023 se potk\u00e1me jako komunita na men\u0161\u00edm eventu. WordCamp Praha si d\u00e1 na rok pauzu a vy n\u00e1m v mezidob\u00ed m\u016f\u017eete pos\u00edlat n\u00e1pady, jak by m\u011bl vypadat ten dal\u0161\u00ed. Pi\u0161te na&nbsp;prague@wordcamp.org. A nezapome\u0148te se registrovat do na\u0161eho newsletteru, a\u0165 v\u00e1m nic neute\u010de. Chce\u0161 se z\u00fa\u010dastnit? Tak se p\u0159ihlas do na\u0161eho newsletteru a\u0165 ti &hellip; <a href=\"https:\/\/prague.wordcamp.org\/2023\/\" class=\"more-link\">Pokra\u010dovat ve \u010dten\u00ed<span class=\"screen-reader-text\"> &#8222;WordCamp Praha 2023&#8220;<\/span><\/a><\/p>\n","protected":false},"author":13817951,"featured_media":0,"parent":0,"menu_order":0,"comment_status":"closed","ping_status":"closed","template":"","meta":{"advanced_seo_description":"","jetpack_seo_html_title":"","jetpack_seo_noindex":false,"jetpack_post_was_ever_published":false,"footnotes":""},"class_list":["post-7985","page","type-page","status-publish","hentry"],"jetpack-related-posts":[],"jetpack_sharing_enabled":true,"_links":{"self":[{"href":"https:\/\/prague.wordcamp.org\/2023\/wp-json\/wp\/v2\/pages\/7985","targetHints":{"allow":["GET"]}}],"collection":[{"href":"https:\/\/prague.wordcamp.org\/2023\/wp-json\/wp\/v2\/pages"}],"about":[{"href":"https:\/\/prague.wordcamp.org\/2023\/wp-json\/wp\/v2\/types\/page"}],"author":[{"embeddable":true,"href":"https:\/\/prague.wordcamp.org\/2023\/wp-json\/wp\/v2\/users\/13817951"}],"replies":[{"embeddable":true,"href":"https:\/\/prague.wordcamp.org\/2023\/wp-json\/wp\/v2\/comments?post=7985"}],"version-history":[{"count":11,"href":"https:\/\/prague.wordcamp.org\/2023\/wp-json\/wp\/v2\/pages\/7985\/revisions"}],"predecessor-version":[{"id":12387,"href":"https:\/\/prague.wordcamp.org\/2023\/wp-json\/wp\/v2\/pages\/7985\/revisions\/12387"}],"wp:attachment":[{"href":"https:\/\/prague.wordcamp.org\/2023\/wp-json\/wp\/v2\/media?parent=7985"}],"curies":[{"name":"wp","href":"https:\/\/api.w.org\/{rel}","templated":true}]}}