{"id":7985,"date":"2019-07-08T13:37:49","date_gmt":"2019-07-08T13:37:49","guid":{"rendered":"https:\/\/2020.prague.wordcamp.org\/?page_id=7985"},"modified":"2022-02-13T17:25:15","modified_gmt":"2022-02-13T16:25:15","slug":"o-akci","status":"publish","type":"page","link":"https:\/\/prague.wordcamp.org\/2022\/","title":{"rendered":"WordCamp Praha 2022 Live!"},"content":{"rendered":"\n<figure class=\"wp-block-video wp-block-embed is-type-video is-provider-videopress\"><div class=\"wp-block-embed__wrapper\">\n<iframe title=\"VideoPress Video Player\" aria-label='VideoPress Video Player' width='800' height='450' src='https:\/\/videopress.com\/embed\/l6oPllYx?posterUrl=https%3A%2F%2Fprague.wordcamp.org%2F2022%2Ffiles%2F2022%2F02%2Fwordcamp-live-nahled.jpg&amp;preloadContent=metadata&amp;sbpc=%23c60697&amp;hd=1&amp;cover=1' frameborder='0' allowfullscreen data-resize-to-parent=\"true\"><\/iframe><script src='https:\/\/v0.wordpress.com\/js\/next\/videopress-iframe.js?m=1633526814'><\/script>\n<\/div><\/figure>\n\n\n\n<p><strong>26. \u00fanora 2022 se sejdeme op\u011bt online, ale setk\u00e1n\u00ed to bude interaktivn\u00ed: <\/strong><\/p>\n\n\n\n<p>Krom\u011b pr\u00e1vn\u00edch a v\u00fdvoj\u00e1\u0159sk\u00fdch p\u0159edn\u00e1\u0161ek na v\u00e1s budou po cel\u00fd den \u010dekat tematick\u00e9 panely s \u017eivou diskus\u00ed. V ka\u017ed\u00e9m slotu se sejdou pozvan\u00ed odborn\u00edci \u010di odbornice a budou tam pro va\u0161e dotazy. V\u0161e prob\u011bhne v re\u00e1ln\u00e9m \u010dase a bez z\u00e1znamu.<\/p>\n\n\n\n<h2 class=\"wp-block-heading\" id=\"na-jaka-temata-budete-moci-s-odborniky-diskutovat\">Na jak\u00e1 t\u00e9mata budete moci s odborn\u00edky diskutovat?<\/h2>\n\n\n\n<ul class=\"wp-block-list\"><li>Nej\u010dast\u011bj\u0161\u00ed probl\u00e9my va\u0161ich str\u00e1nek<\/li><li>Pr\u00e1vo a weby<\/li><li>Tvorba p\u0159\u00edstupn\u00fdch web\u016f<\/li><li>Page builders a pr\u00e1ce s nimi (Gutenberg, Elementor, Divi, \u2026)<\/li><li>Design a UX p\u0159i v\u00fdvoji webov\u00fdch aplikac\u00ed<\/li><li>Business v digit\u00e1lu<\/li><li>a samoz\u0159ejm\u011b technick\u00e1 poradna<\/li><\/ul>\n\n\n\n<p>Spont\u00e1nn\u011b mohou tak\u00e9 vznikat dal\u0161\u00ed diskuze na libovoln\u00e1 t\u00e9mata souvisej\u00edc\u00ed s WordPressem i webem obecn\u011b. D\u00e1me v\u00e1m o nich v\u011bd\u011bt na Twitteru <a href=\"https:\/\/twitter.com\/WordCampPraha\">@WordCampPraha<\/a> anebo p\u0159\u00edmo v platform\u011b Hopin.<\/p>\n\n\n\n<div style=\"height:3vh\" aria-hidden=\"true\" class=\"wp-block-spacer\"><\/div>\n\n\n\n<div class=\"wp-block-buttons is-content-justification-center is-layout-flex wp-container-core-buttons-is-layout-16018d1d wp-block-buttons-is-layout-flex\">\n<div class=\"wp-block-button is-style-outline is-style-outline--1\"><a class=\"wp-block-button__link\" href=\"https:\/\/prague.wordcamp.org\/2022\/wordcamp-praha-live-a-kompletni-program\/\">V\u00edce informac\u00ed<\/a><\/div>\n\n\n\n<div class=\"wp-block-button is-style-outline is-style-outline--2\"><a class=\"wp-block-button__link\" href=\"https:\/\/prague.wordcamp.org\/2022\/program\/\">Prozkoumat program<\/a><\/div>\n\n\n\n<div class=\"wp-block-button is-style-fill\"><a class=\"wp-block-button__link\" href=\"https:\/\/hopin.com\/events\/wordcamp-praha-2022\" target=\"_blank\" rel=\"noreferrer noopener\">Po\u010d\u00edtejte se mnou!<\/a><\/div>\n<\/div>\n","protected":false},"excerpt":{"rendered":"<p>26. \u00fanora 2022 se sejdeme op\u011bt online, ale setk\u00e1n\u00ed to bude interaktivn\u00ed: Krom\u011b pr\u00e1vn\u00edch a v\u00fdvoj\u00e1\u0159sk\u00fdch p\u0159edn\u00e1\u0161ek na v\u00e1s budou po cel\u00fd den \u010dekat tematick\u00e9 panely s \u017eivou diskus\u00ed. V ka\u017ed\u00e9m slotu se sejdou pozvan\u00ed odborn\u00edci \u010di odbornice a budou tam pro va\u0161e dotazy. V\u0161e prob\u011bhne v re\u00e1ln\u00e9m \u010dase a bez z\u00e1znamu. Na jak\u00e1 t\u00e9mata &hellip; <a href=\"https:\/\/prague.wordcamp.org\/2022\/\" class=\"more-link\">Pokra\u010dovat ve \u010dten\u00ed<span class=\"screen-reader-text\"> &#8222;WordCamp Praha 2022 Live!&#8220;<\/span><\/a><\/p>\n","protected":false},"author":7429152,"featured_media":0,"parent":0,"menu_order":0,"comment_status":"closed","ping_status":"closed","template":"","meta":{"advanced_seo_description":"","jetpack_seo_html_title":"","jetpack_seo_noindex":false,"jetpack_post_was_ever_published":false,"footnotes":""},"class_list":["post-7985","page","type-page","status-publish","hentry"],"jetpack-related-posts":[{"id":505,"url":"https:\/\/prague.wordcamp.org\/2022\/media-loga\/","url_meta":{"origin":7985,"position":0},"title":"M\u00e9dia &#8211; loga a bannery","author":"Jan \u0160t\u011btina","date":"21. 12. 2016","format":false,"excerpt":"V\u00edce informac\u00ed o konferenci naleznete v tiskov\u00e9 zpr\u00e1v\u011b. V p\u0159\u00edpad\u011b dotaz\u016f kontaktujte pros\u00edm Honzu \u0160t\u011btinu (hlavn\u00ed po\u0159adatel), nebo Vladim\u00edra Smitku (fakturace, m\u00e9dia). V\u0161echna loga a bannery najednou si m\u016f\u017eete st\u00e1hnout zde. Logo WordCamp Praha 2022 K\u00f3d pro vlo\u017een\u00ed: <a href=\"https:\/\/prague.wordcamp.org\/2022\/\"><img src=\"https:\/\/prague.wordcamp.org\/2022\/files\/2021\/10\/LOGO-22-bez-kraje-1.png\" alt=\"WordCamp Praha 2022\" width=\"300\" height=\"300\" \/><\/a> Wapuu WordCamp Praha\u2026","rel":"","context":"Similar post","block_context":{"text":"Similar post","link":""},"img":{"alt_text":"","src":"https:\/\/i0.wp.com\/prague.wordcamp.org\/2022\/files\/2022\/02\/LIVE-600-500.jpg?resize=350%2C200&ssl=1","width":350,"height":200,"srcset":"https:\/\/i0.wp.com\/prague.wordcamp.org\/2022\/files\/2022\/02\/LIVE-600-500.jpg?resize=350%2C200&ssl=1 1x, https:\/\/i0.wp.com\/prague.wordcamp.org\/2022\/files\/2022\/02\/LIVE-600-500.jpg?resize=525%2C300&ssl=1 1.5x"},"classes":[]},{"id":9297,"url":"https:\/\/prague.wordcamp.org\/2022\/media\/","url_meta":{"origin":7985,"position":1},"title":"WordCamp Praha Live jako interaktivn\u00ed setk\u00e1n\u00ed","author":"Vlasta Ott","date":"27. 1. 2020","format":false,"excerpt":"Leto\u0161n\u00ed konference v\u011bnovan\u00e1 WordPressu prob\u011bhne v sobotu 26. \u00fanora 2022 jako interaktivn\u00ed setk\u00e1n\u00ed op\u011bt v online prost\u0159ed\u00ed. Organiz\u00e1to\u0159i se rozhodli akci rozh\u00fdbat t\u00edm, \u017ee krom\u011b p\u0159edn\u00e1\u0161ek p\u0159ipravili tak\u00e9 tematick\u00e9 panely s \u017eivou diskuz\u00ed. Aktivn\u00ed zapojen\u00ed n\u00e1v\u0161t\u011bvn\u00edk\u016f do diskuz\u00ed, s\u00e1zka na autenticitu, absence nahr\u00e1v\u00e1n\u00ed a prom\u011bnliv\u00fd program jsou znaky leto\u0161n\u00ed konference\u2026","rel":"","context":"Similar post","block_context":{"text":"Similar post","link":""},"img":{"alt_text":"","src":"https:\/\/i0.wp.com\/s.w.org\/images\/backgrounds\/wordpress-bg-medblue.png?resize=350%2C200&ssl=1","width":350,"height":200},"classes":[]},{"id":8727,"url":"https:\/\/prague.wordcamp.org\/2022\/program\/","url_meta":{"origin":7985,"position":2},"title":"Program","author":"Jan \u0160t\u011btina","date":"19. 12. 2019","format":false,"excerpt":"Zejm\u00e9na b\u011bhem WordCampu n\u00e1s nezapome\u0148te sledovat na Twitteru @WordCampPraha, kam budeme d\u00e1vat informace o d\u011bn\u00ed na konferenci v re\u00e1ln\u00e9m \u010dase. Nezapome\u0148te pros\u00edm tak\u00e9 nav\u0161t\u00edvit virtu\u00e1ln\u00ed st\u00e1nky na\u0161ich sponzor\u016f, bez kter\u00fdch by se WordCamp v\u016fbec nemohl konat! Najdete je v sekci Expo. Podobn\u011b jako loni, po ka\u017ed\u00e9 z p\u0159edn\u00e1\u0161ek odpoledn\u00edho bloku\u2026","rel":"","context":"Similar post","block_context":{"text":"Similar post","link":""},"img":{"alt_text":"","src":"https:\/\/i0.wp.com\/s.w.org\/images\/backgrounds\/wordpress-bg-medblue.png?resize=350%2C200&ssl=1","width":350,"height":200},"classes":[]},{"id":12014,"url":"https:\/\/prague.wordcamp.org\/2022\/sponzori\/","url_meta":{"origin":7985,"position":3},"title":"Sponzo\u0159i","author":"Jan \u0160t\u011btina","date":"23. 1. 2021","format":false,"excerpt":"P\u0159ehled sponzor\u016f pro WordCamp 2022 naleznete n\u00ed\u017ee. V\u0161em pat\u0159\u00ed velk\u00e9 pod\u011bkov\u00e1n\u00ed! Pom\u016f\u017eou n\u00e1m i mal\u00e9 \u010d\u00e1stky od mikrosponzor\u016f. Pokud se j\u00edm chcete st\u00e1t, sta\u010d\u00ed vyplnit n\u00e1\u0161 formul\u00e1\u0159 na str\u00e1nce Chci podpo\u0159it WordCamp. Dal\u0161\u00ed detaily naleznete ve \u010dl\u00e1nku Sponzorstv\u00ed WordCamp Prague 2022. Zlat\u00ed sponzo\u0159i St\u00e1le hled\u00e1me toho nejv\u011bt\u0161\u00edho partnera leto\u0161n\u00edho ro\u010dn\u00edku.\u2026","rel":"","context":"Similar post","block_context":{"text":"Similar post","link":""},"img":{"alt_text":"","src":"https:\/\/i0.wp.com\/prague.wordcamp.org\/2022\/files\/2022\/03\/junior-guru-logo-na-svetle-pozadi-light-background-rgb-1000px%4072ppi.png?resize=350%2C200&ssl=1","width":350,"height":200,"srcset":"https:\/\/i0.wp.com\/prague.wordcamp.org\/2022\/files\/2022\/03\/junior-guru-logo-na-svetle-pozadi-light-background-rgb-1000px%4072ppi.png?resize=350%2C200&ssl=1 1x, https:\/\/i0.wp.com\/prague.wordcamp.org\/2022\/files\/2022\/03\/junior-guru-logo-na-svetle-pozadi-light-background-rgb-1000px%4072ppi.png?resize=525%2C300&ssl=1 1.5x, https:\/\/i0.wp.com\/prague.wordcamp.org\/2022\/files\/2022\/03\/junior-guru-logo-na-svetle-pozadi-light-background-rgb-1000px%4072ppi.png?resize=700%2C400&ssl=1 2x"},"classes":[]},{"id":272,"url":"https:\/\/prague.wordcamp.org\/2022\/en\/sponsors\/","url_meta":{"origin":7985,"position":4},"title":"Sponsors","author":"Jan \u0160t\u011btina","date":"22. 5. 2019","format":false,"excerpt":"Interested in sponsoring WordCamp this year?\u00a0Check out our\u00a0Call for Sponsors\u00a0post for details on how you can help make this year\u2019s WordCamp the best it can be! Gold Sponsors Seznam.cz - is a technology and media house Services and products of Seznam.cz such as Search, Mapy.cz, Stream.cz, Firmy.cz or E-mail.cz are\u2026","rel":"","context":"Similar post","block_context":{"text":"Similar post","link":""},"img":{"alt_text":"","src":"https:\/\/i0.wp.com\/prague.wordcamp.org\/2022\/files\/2022\/01\/seznam-background.png?resize=350%2C200&ssl=1","width":350,"height":200,"srcset":"https:\/\/i0.wp.com\/prague.wordcamp.org\/2022\/files\/2022\/01\/seznam-background.png?resize=350%2C200&ssl=1 1x, https:\/\/i0.wp.com\/prague.wordcamp.org\/2022\/files\/2022\/01\/seznam-background.png?resize=525%2C300&ssl=1 1.5x, https:\/\/i0.wp.com\/prague.wordcamp.org\/2022\/files\/2022\/01\/seznam-background.png?resize=700%2C400&ssl=1 2x"},"classes":[]},{"id":13667,"url":"https:\/\/prague.wordcamp.org\/2022\/media-prvni-tiskova-zprava\/","url_meta":{"origin":7985,"position":5},"title":"M\u00e9dia &#8211; prvn\u00ed tiskov\u00e1 zpr\u00e1va","author":"freedomdsgnr","date":"16. 11. 2021","format":false,"excerpt":"V p\u0159\u00edpad\u011b dotaz\u016f kontaktujte pros\u00edm Jana \u0160t\u011btinu (hlavn\u00edho po\u0159adatele \u2013 jan.stetina@naswp.cz, +420 799 797 065), nebo Vladim\u00edra Smitku (fakturace, m\u00e9dia \u2013 vladimir.smitka@lynt.cz). P\u0159ipojte se na WordCamp Praha 2022 \u2013 nejv\u011bt\u0161\u00ed online konferenci v \u010cR a na Slovensku (nejen) o WordPressu WordCamp Praha je nejv\u011bt\u0161\u00ed konferenc\u00ed o WordPressu v\u00a0\u010cesk\u00e9 republice a\u2026","rel":"","context":"Similar post","block_context":{"text":"Similar post","link":""},"img":{"alt_text":"","src":"https:\/\/i0.wp.com\/s.w.org\/images\/backgrounds\/wordpress-bg-medblue.png?resize=350%2C200&ssl=1","width":350,"height":200},"classes":[]}],"jetpack_sharing_enabled":true,"_links":{"self":[{"href":"https:\/\/prague.wordcamp.org\/2022\/wp-json\/wp\/v2\/pages\/7985","targetHints":{"allow":["GET"]}}],"collection":[{"href":"https:\/\/prague.wordcamp.org\/2022\/wp-json\/wp\/v2\/pages"}],"about":[{"href":"https:\/\/prague.wordcamp.org\/2022\/wp-json\/wp\/v2\/types\/page"}],"author":[{"embeddable":true,"href":"https:\/\/prague.wordcamp.org\/2022\/wp-json\/wp\/v2\/users\/7429152"}],"replies":[{"embeddable":true,"href":"https:\/\/prague.wordcamp.org\/2022\/wp-json\/wp\/v2\/comments?post=7985"}],"version-history":[{"count":18,"href":"https:\/\/prague.wordcamp.org\/2022\/wp-json\/wp\/v2\/pages\/7985\/revisions"}],"predecessor-version":[{"id":14436,"href":"https:\/\/prague.wordcamp.org\/2022\/wp-json\/wp\/v2\/pages\/7985\/revisions\/14436"}],"wp:attachment":[{"href":"https:\/\/prague.wordcamp.org\/2022\/wp-json\/wp\/v2\/media?parent=7985"}],"curies":[{"name":"wp","href":"https:\/\/api.w.org\/{rel}","templated":true}]}}