{"id":7894,"date":"2019-06-20T06:49:32","date_gmt":"2019-06-20T06:49:32","guid":{"rendered":"https:\/\/2020.prague.wordcamp.org\/?page_id=7894"},"modified":"2021-10-17T21:25:52","modified_gmt":"2021-10-17T19:25:52","slug":"en","status":"publish","type":"page","link":"https:\/\/prague.wordcamp.org\/2022\/en\/","title":{"rendered":"English"},"content":{"rendered":"\n<p>Welcome to WordCamp Prague \u2013\u00a0the biggest WordPress conference in the Czech Republic. We are looking forward to seeing all\u00a0WordPress fans, end users and developers! The conference will be held on <strong>Saturday 26th February 2022<\/strong>, this time <strong>online<\/strong>.<\/p>\n\n\n\n<p><a href=\"https:\/\/central.wordcamp.org\/about\/\">WordCamps<\/a> are informal, community-organized events that are put together by WordPress users like you. Everyone from casual users to core developers participate, share ideas, and get to know each other.<\/p>\n\n\n\n<p class=\"has-very-light-gray-background-color has-background\"><strong>Since there are many online English-speaking WordCamps these days, we&#8217;re fully focusing on the Czech and Slovak audience and our talks are exclusively in these two languages this time. <\/strong><br><br>We&#8217;re looking forward to hosting a more diverse and English-friendly content as soon as physical events are possible again! <\/p>\n\n\n\n<p class=\"has-very-light-gray-background-color has-background\">In the meantime, we will be holding <a href=\"https:\/\/www.meetup.com\/naswp-cz\/\">online monthly meetups<\/a> where English talks are very welcome. If you&#8217;d like to participate, <a href=\"mailto:karolina.vyskocilova@naswp.cz\">please reach out to us<\/a>!<\/p>\n","protected":false},"excerpt":{"rendered":"<p>Welcome to WordCamp Prague \u2013\u00a0the biggest WordPress conference in the Czech Republic. We are looking forward to seeing all\u00a0WordPress fans, end users and developers! The conference will be held on Saturday 26th February 2022, this time online. WordCamps are informal, community-organized events that are put together by WordPress users like you. Everyone from casual users &hellip; <a href=\"https:\/\/prague.wordcamp.org\/2022\/en\/\" class=\"more-link\">Pokra\u010dovat ve \u010dten\u00ed<span class=\"screen-reader-text\"> &#8222;English&#8220;<\/span><\/a><\/p>\n","protected":false},"author":7429152,"featured_media":0,"parent":0,"menu_order":0,"comment_status":"closed","ping_status":"closed","template":"","meta":{"advanced_seo_description":"","jetpack_seo_html_title":"","jetpack_seo_noindex":false,"jetpack_post_was_ever_published":false,"footnotes":""},"class_list":["post-7894","page","type-page","status-publish","hentry"],"jetpack-related-posts":[{"id":272,"url":"https:\/\/prague.wordcamp.org\/2022\/en\/sponsors\/","url_meta":{"origin":7894,"position":0},"title":"Sponsors","author":"Jan \u0160t\u011btina","date":"22. 5. 2019","format":false,"excerpt":"Interested in sponsoring WordCamp this year?\u00a0Check out our\u00a0Call for Sponsors\u00a0post for details on how you can help make this year\u2019s WordCamp the best it can be! Gold Sponsors Seznam.cz - is a technology and media house Services and products of Seznam.cz such as Search, Mapy.cz, Stream.cz, Firmy.cz or E-mail.cz are\u2026","rel":"","context":"Similar post","block_context":{"text":"Similar post","link":""},"img":{"alt_text":"","src":"https:\/\/i0.wp.com\/prague.wordcamp.org\/2022\/files\/2022\/01\/seznam-background.png?resize=350%2C200&ssl=1","width":350,"height":200,"srcset":"https:\/\/i0.wp.com\/prague.wordcamp.org\/2022\/files\/2022\/01\/seznam-background.png?resize=350%2C200&ssl=1 1x, https:\/\/i0.wp.com\/prague.wordcamp.org\/2022\/files\/2022\/01\/seznam-background.png?resize=525%2C300&ssl=1 1.5x, https:\/\/i0.wp.com\/prague.wordcamp.org\/2022\/files\/2022\/01\/seznam-background.png?resize=700%2C400&ssl=1 2x"},"classes":[]},{"id":274,"url":"https:\/\/prague.wordcamp.org\/2022\/en\/code-of-conduct\/","url_meta":{"origin":7894,"position":1},"title":"Code of Conduct","author":"Jan \u0160t\u011btina","date":"22. 5. 2019","format":false,"excerpt":"Purpose WordCamp Praha believes our community should be truly open for everyone. As such, we are committed to providing a friendly, safe and welcoming environment for all, regardless of gender, sexual orientation, disability, ethnicity, religion, preferred operating system, programming language, or text editor. This code of conduct outlines our expectations\u2026","rel":"","context":"Similar post","block_context":{"text":"Similar post","link":""},"img":{"alt_text":"","src":"https:\/\/i0.wp.com\/s.w.org\/images\/backgrounds\/wordpress-bg-medblue.png?resize=350%2C200&ssl=1","width":350,"height":200},"classes":[]},{"id":273,"url":"https:\/\/prague.wordcamp.org\/2022\/en\/contact\/","url_meta":{"origin":7894,"position":2},"title":"Contact","author":"Jan \u0160t\u011btina","date":"22. 5. 2019","format":false,"excerpt":"If you have any questions about the conference, please use the following form: Lead organizerJan \u0160t\u011btinajan.stetina@naswp.cz Sponsorssponzori@wordcamppraha.cz AccountingVladim\u00edr Smitkavladimir.smitka@lynt.cz Speakersspeaker@wordcamppraha.cz","rel":"","context":"Similar post","block_context":{"text":"Similar post","link":""},"img":{"alt_text":"","src":"https:\/\/i0.wp.com\/s.w.org\/images\/backgrounds\/wordpress-bg-medblue.png?resize=350%2C200&ssl=1","width":350,"height":200},"classes":[]},{"id":9297,"url":"https:\/\/prague.wordcamp.org\/2022\/media\/","url_meta":{"origin":7894,"position":3},"title":"WordCamp Praha Live jako interaktivn\u00ed setk\u00e1n\u00ed","author":"Vlasta Ott","date":"27. 1. 2020","format":false,"excerpt":"Leto\u0161n\u00ed konference v\u011bnovan\u00e1 WordPressu prob\u011bhne v sobotu 26. \u00fanora 2022 jako interaktivn\u00ed setk\u00e1n\u00ed op\u011bt v online prost\u0159ed\u00ed. Organiz\u00e1to\u0159i se rozhodli akci rozh\u00fdbat t\u00edm, \u017ee krom\u011b p\u0159edn\u00e1\u0161ek p\u0159ipravili tak\u00e9 tematick\u00e9 panely s \u017eivou diskuz\u00ed. Aktivn\u00ed zapojen\u00ed n\u00e1v\u0161t\u011bvn\u00edk\u016f do diskuz\u00ed, s\u00e1zka na autenticitu, absence nahr\u00e1v\u00e1n\u00ed a prom\u011bnliv\u00fd program jsou znaky leto\u0161n\u00ed konference\u2026","rel":"","context":"Similar post","block_context":{"text":"Similar post","link":""},"img":{"alt_text":"","src":"https:\/\/i0.wp.com\/s.w.org\/images\/backgrounds\/wordpress-bg-medblue.png?resize=350%2C200&ssl=1","width":350,"height":200},"classes":[]},{"id":12014,"url":"https:\/\/prague.wordcamp.org\/2022\/sponzori\/","url_meta":{"origin":7894,"position":4},"title":"Sponzo\u0159i","author":"Jan \u0160t\u011btina","date":"23. 1. 2021","format":false,"excerpt":"P\u0159ehled sponzor\u016f pro WordCamp 2022 naleznete n\u00ed\u017ee. V\u0161em pat\u0159\u00ed velk\u00e9 pod\u011bkov\u00e1n\u00ed! Pom\u016f\u017eou n\u00e1m i mal\u00e9 \u010d\u00e1stky od mikrosponzor\u016f. Pokud se j\u00edm chcete st\u00e1t, sta\u010d\u00ed vyplnit n\u00e1\u0161 formul\u00e1\u0159 na str\u00e1nce Chci podpo\u0159it WordCamp. Dal\u0161\u00ed detaily naleznete ve \u010dl\u00e1nku Sponzorstv\u00ed WordCamp Prague 2022. Zlat\u00ed sponzo\u0159i St\u00e1le hled\u00e1me toho nejv\u011bt\u0161\u00edho partnera leto\u0161n\u00edho ro\u010dn\u00edku.\u2026","rel":"","context":"Similar post","block_context":{"text":"Similar post","link":""},"img":{"alt_text":"","src":"https:\/\/i0.wp.com\/prague.wordcamp.org\/2022\/files\/2022\/03\/junior-guru-logo-na-svetle-pozadi-light-background-rgb-1000px%4072ppi.png?resize=350%2C200&ssl=1","width":350,"height":200,"srcset":"https:\/\/i0.wp.com\/prague.wordcamp.org\/2022\/files\/2022\/03\/junior-guru-logo-na-svetle-pozadi-light-background-rgb-1000px%4072ppi.png?resize=350%2C200&ssl=1 1x, https:\/\/i0.wp.com\/prague.wordcamp.org\/2022\/files\/2022\/03\/junior-guru-logo-na-svetle-pozadi-light-background-rgb-1000px%4072ppi.png?resize=525%2C300&ssl=1 1.5x, https:\/\/i0.wp.com\/prague.wordcamp.org\/2022\/files\/2022\/03\/junior-guru-logo-na-svetle-pozadi-light-background-rgb-1000px%4072ppi.png?resize=700%2C400&ssl=1 2x"},"classes":[]},{"id":13667,"url":"https:\/\/prague.wordcamp.org\/2022\/media-prvni-tiskova-zprava\/","url_meta":{"origin":7894,"position":5},"title":"M\u00e9dia &#8211; prvn\u00ed tiskov\u00e1 zpr\u00e1va","author":"freedomdsgnr","date":"16. 11. 2021","format":false,"excerpt":"V p\u0159\u00edpad\u011b dotaz\u016f kontaktujte pros\u00edm Jana \u0160t\u011btinu (hlavn\u00edho po\u0159adatele \u2013 jan.stetina@naswp.cz, +420 799 797 065), nebo Vladim\u00edra Smitku (fakturace, m\u00e9dia \u2013 vladimir.smitka@lynt.cz). P\u0159ipojte se na WordCamp Praha 2022 \u2013 nejv\u011bt\u0161\u00ed online konferenci v \u010cR a na Slovensku (nejen) o WordPressu WordCamp Praha je nejv\u011bt\u0161\u00ed konferenc\u00ed o WordPressu v\u00a0\u010cesk\u00e9 republice a\u2026","rel":"","context":"Similar post","block_context":{"text":"Similar post","link":""},"img":{"alt_text":"","src":"https:\/\/i0.wp.com\/s.w.org\/images\/backgrounds\/wordpress-bg-medblue.png?resize=350%2C200&ssl=1","width":350,"height":200},"classes":[]}],"jetpack_sharing_enabled":true,"_links":{"self":[{"href":"https:\/\/prague.wordcamp.org\/2022\/wp-json\/wp\/v2\/pages\/7894","targetHints":{"allow":["GET"]}}],"collection":[{"href":"https:\/\/prague.wordcamp.org\/2022\/wp-json\/wp\/v2\/pages"}],"about":[{"href":"https:\/\/prague.wordcamp.org\/2022\/wp-json\/wp\/v2\/types\/page"}],"author":[{"embeddable":true,"href":"https:\/\/prague.wordcamp.org\/2022\/wp-json\/wp\/v2\/users\/7429152"}],"replies":[{"embeddable":true,"href":"https:\/\/prague.wordcamp.org\/2022\/wp-json\/wp\/v2\/comments?post=7894"}],"version-history":[{"count":2,"href":"https:\/\/prague.wordcamp.org\/2022\/wp-json\/wp\/v2\/pages\/7894\/revisions"}],"predecessor-version":[{"id":13479,"href":"https:\/\/prague.wordcamp.org\/2022\/wp-json\/wp\/v2\/pages\/7894\/revisions\/13479"}],"wp:attachment":[{"href":"https:\/\/prague.wordcamp.org\/2022\/wp-json\/wp\/v2\/media?parent=7894"}],"curies":[{"name":"wp","href":"https:\/\/api.w.org\/{rel}","templated":true}]}}