{"id":274,"date":"2019-05-22T13:48:03","date_gmt":"2019-05-22T13:48:03","guid":{"rendered":"https:\/\/2020.prague.wordcamp.org\/code-of-conduct\/"},"modified":"2021-12-02T20:25:29","modified_gmt":"2021-12-02T19:25:29","slug":"code-of-conduct","status":"publish","type":"page","link":"https:\/\/prague.wordcamp.org\/2022\/en\/code-of-conduct\/","title":{"rendered":"Code of Conduct"},"content":{"rendered":"\n<h2 class=\"wp-block-heading\">Purpose<\/h2>\n\n\n\n<p><span style=\"font-size: inherit\">WordCamp Praha believes our community should be truly open for everyone. As such, we are committed to providing a friendly, safe and welcoming environment for all, regardless of gender, sexual orientation, disability, ethnicity, religion, preferred operating system, programming language, or text editor. <\/span><\/p>\n\n\n\n<p><span style=\"font-size: inherit\">This code of conduct outlines our expectations for participant behavior as well as the consequences for unacceptable behavior.<\/span><span style=\"font-size: inherit\"><\/span> <\/p>\n\n\n\n<p>W<span style=\"font-size: inherit\">e invite all sponsors, volunteers, speakers, attendees, and other participants to help us realize a safe and positive conference experience for everyone.<\/span> <\/p>\n\n\n\n<h2 class=\"wp-block-heading\">Open Source Citizenship<\/h2>\n\n\n\n<p>A supplemental goal of this code of conduct is to increase open source citizenship by encouraging participants to recognize and strengthen the relationships between what we do and the community at large.<\/p>\n\n\n\n<p>In service of this goal, WordCamp Praha 2022 organizers will be taking nominations for exemplary citizens throughout the event and will recognize select participants after the conference on the website. <\/p>\n\n\n\n<p>If you see someone who is making an extra effort to ensure our community is welcoming, friendly, and encourages all participants to contribute to the fullest extent, we want to know<\/p>\n\n\n\n<h2 class=\"wp-block-heading\">Expected Behavior<\/h2>\n\n\n\n<p>Be considerate, respectful, and collaborative.<\/p>\n\n\n\n<p>Refrain from demeaning, discriminatory or harassing behavior and speech.<\/p>\n\n\n\n<p>Be mindful of your surroundings and of your fellow participants. Alert conference organizers if you notice a dangerous situation or someone in distress.<\/p>\n\n\n\n<p>Participate in an authentic and active way. In doing so, you help to create  WordCamp Praha 2022 and make it your own.  <\/p>\n\n\n\n<h2 class=\"wp-block-heading\">Unacceptable Behavior<\/h2>\n\n\n\n<p>Unacceptable behaviors include: intimidating, harassing, abusive, discriminatory, derogatory or demeaning conduct by any attendees of WordCamp Praha 2022 and related events. All venues may be shared with members of the public; please be respectful to all patrons of these locations. <\/p>\n\n\n\n<p>Harassment includes: offensive verbal comments related to gender, sexual orientation, race, religion, disability; inappropriate use of nudity and\/or sexual images in public spaces (including presentation slides); deliberate intimidation, stalking or following; harassing photography or recording; sustained disruption of talks or other events; inappropriate physical contact, and unwelcome sexual attention.<\/p>\n\n\n\n<h2 class=\"wp-block-heading\">Consequences Of Unacceptable Behavior<\/h2>\n\n\n\n<p>Unacceptable behavior will not be tolerated whether by other attendees, organizers, venue staff, sponsors, or other patrons of  venues.<\/p>\n\n\n\n<p>Anyone asked to stop unacceptable behavior is expected to comply immediately.<\/p>\n\n\n\n<p>If a participant engages in unacceptable behavior, the conference organizers may take any action they deem appropriate, up to and including expulsion from the conference without warning or refund.<\/p>\n\n\n\n<h2 class=\"wp-block-heading\">What To Do If You Witness Or Are Subject To Unacceptable Behavior<\/h2>\n\n\n\n<p>If you are subject to unacceptable behavior, notice that someone else is being subject to unacceptable behavior, or have any other concerns, please notify a conference organizer as soon as possible.<\/p>\n\n\n\n<p><a href=\"https:\/\/prague.wordcamp.org\/2022\/contact\">The team<\/a> will be available to respond and resolve the issue or otherwise assist those experiencing unacceptable behavior to feel safe for the duration of the conference. You can use the online chat or <a href=\"https:\/\/prague.wordcamp.org\/2022\/contact\">contact info here<\/a><a href=\"https:\/\/prague.wordcamp.org\/2022\/en\/contact\/\" target=\"_blank\" rel=\"noreferrer noopener\"> <\/a>to contact the organizers.<\/p>\n\n\n\n<h2 class=\"wp-block-heading\">Scope<\/h2>\n\n\n\n<p>We expect all conference participants (sponsors, volunteers, speakers, attendees, and other guests) to abide by this code of conduct at all conference venues and conference-related social events.<\/p>\n\n\n\n<h2 class=\"wp-block-heading\">Contact Information<\/h2>\n\n\n\n<p><a href=\"https:\/\/prague.wordcamp.org\/2022\/contact\">Contact info<\/a><\/p>\n\n\n\n<h2 class=\"wp-block-heading\">License And Attribution<\/h2>\n\n\n\n<p>This Code of Conduct is a direct swipe from the awesome work of Open Source Bridge, but with our event information substituted. The original is available at <a href=\"http:\/\/opensourcebridge.org\/about\/code-of-conduct\/\">http:\/\/opensourcebridge.org\/about\/code-of-conduct\/<\/a> and is released under a <a href=\"http:\/\/creativecommons.org\/licenses\/by-sa\/3.0\/\">Creative Commons Attribution-ShareAlike<\/a> license. <\/p>\n","protected":false},"excerpt":{"rendered":"<p>Purpose WordCamp Praha believes our community should be truly open for everyone. As such, we are committed to providing a friendly, safe and welcoming environment for all, regardless of gender, sexual orientation, disability, ethnicity, religion, preferred operating system, programming language, or text editor. This code of conduct outlines our expectations for participant behavior as well &hellip; <a href=\"https:\/\/prague.wordcamp.org\/2022\/en\/code-of-conduct\/\" class=\"more-link\">Pokra\u010dovat ve \u010dten\u00ed<span class=\"screen-reader-text\"> &#8222;Code of Conduct&#8220;<\/span><\/a><\/p>\n","protected":false},"author":7429152,"featured_media":0,"parent":7894,"menu_order":0,"comment_status":"closed","ping_status":"closed","template":"","meta":{"advanced_seo_description":"","jetpack_seo_html_title":"","jetpack_seo_noindex":false,"jetpack_post_was_ever_published":false,"footnotes":""},"class_list":["post-274","page","type-page","status-publish","hentry"],"jetpack-related-posts":[{"id":272,"url":"https:\/\/prague.wordcamp.org\/2022\/en\/sponsors\/","url_meta":{"origin":274,"position":0},"title":"Sponsors","author":"Jan \u0160t\u011btina","date":"22. 5. 2019","format":false,"excerpt":"Interested in sponsoring WordCamp this year?\u00a0Check out our\u00a0Call for Sponsors\u00a0post for details on how you can help make this year\u2019s WordCamp the best it can be! Gold Sponsors Seznam.cz - is a technology and media house Services and products of Seznam.cz such as Search, Mapy.cz, Stream.cz, Firmy.cz or E-mail.cz are\u2026","rel":"","context":"Similar post","block_context":{"text":"Similar post","link":""},"img":{"alt_text":"","src":"https:\/\/i0.wp.com\/prague.wordcamp.org\/2022\/files\/2022\/01\/seznam-background.png?resize=350%2C200&ssl=1","width":350,"height":200,"srcset":"https:\/\/i0.wp.com\/prague.wordcamp.org\/2022\/files\/2022\/01\/seznam-background.png?resize=350%2C200&ssl=1 1x, https:\/\/i0.wp.com\/prague.wordcamp.org\/2022\/files\/2022\/01\/seznam-background.png?resize=525%2C300&ssl=1 1.5x, https:\/\/i0.wp.com\/prague.wordcamp.org\/2022\/files\/2022\/01\/seznam-background.png?resize=700%2C400&ssl=1 2x"},"classes":[]},{"id":7894,"url":"https:\/\/prague.wordcamp.org\/2022\/en\/","url_meta":{"origin":274,"position":1},"title":"English","author":"Jan \u0160t\u011btina","date":"20. 6. 2019","format":false,"excerpt":"Welcome to WordCamp Prague \u2013\u00a0the biggest WordPress conference in the Czech Republic. We are looking forward to seeing all\u00a0WordPress fans, end users and developers! The conference will be held on Saturday 26th February 2022, this time online. WordCamps are informal, community-organized events that are put together by WordPress users like\u2026","rel":"","context":"Similar post","block_context":{"text":"Similar post","link":""},"img":{"alt_text":"","src":"https:\/\/i0.wp.com\/s.w.org\/images\/backgrounds\/wordpress-bg-medblue.png?resize=350%2C200&ssl=1","width":350,"height":200},"classes":[]},{"id":1853,"url":"https:\/\/prague.wordcamp.org\/2022\/kodex-chovani\/","url_meta":{"origin":274,"position":2},"title":"Kodex chov\u00e1n\u00ed","author":"Jan \u0160t\u011btina","date":"8. 11. 2016","format":false,"excerpt":"1. C\u00edl T\u00fdm stoj\u00edc\u00ed za WordCamp Praha v\u011b\u0159\u00ed, \u017ee na\u0161e komunita by m\u011bla b\u00fdt otev\u0159ena opravdu v\u0161em. Proto se\u00a0zavazujeme k\u00a0p\u0159\u00edprav\u011b prost\u0159ed\u00ed p\u0159\u00e1telsk\u00e9ho, bezpe\u010dn\u00e9ho a\u00a0v\u0159el\u00e9ho pro v\u0161echny bez rozd\u00edlu pohlav\u00ed, sexu\u00e1ln\u00ed orientace, posti\u017een\u00ed, rasy, n\u00e1bo\u017eenstv\u00ed, preferovan\u00e9ho opera\u010dn\u00edho syst\u00e9mu, programovac\u00edho jazyka \u010di\u00a0textov\u00e9ho editoru. Tento kodex chov\u00e1n\u00ed shrnuje na\u0161e o\u010dek\u00e1v\u00e1n\u00ed toho, jak by\u00a0se\u00a0\u00fa\u010dastn\u00edci\u2026","rel":"","context":"Similar post","block_context":{"text":"Similar post","link":""},"img":{"alt_text":"","src":"https:\/\/i0.wp.com\/s.w.org\/images\/backgrounds\/wordpress-bg-medblue.png?resize=350%2C200&ssl=1","width":350,"height":200},"classes":[]},{"id":12014,"url":"https:\/\/prague.wordcamp.org\/2022\/sponzori\/","url_meta":{"origin":274,"position":3},"title":"Sponzo\u0159i","author":"Jan \u0160t\u011btina","date":"23. 1. 2021","format":false,"excerpt":"P\u0159ehled sponzor\u016f pro WordCamp 2022 naleznete n\u00ed\u017ee. V\u0161em pat\u0159\u00ed velk\u00e9 pod\u011bkov\u00e1n\u00ed! Pom\u016f\u017eou n\u00e1m i mal\u00e9 \u010d\u00e1stky od mikrosponzor\u016f. Pokud se j\u00edm chcete st\u00e1t, sta\u010d\u00ed vyplnit n\u00e1\u0161 formul\u00e1\u0159 na str\u00e1nce Chci podpo\u0159it WordCamp. Dal\u0161\u00ed detaily naleznete ve \u010dl\u00e1nku Sponzorstv\u00ed WordCamp Prague 2022. Zlat\u00ed sponzo\u0159i St\u00e1le hled\u00e1me toho nejv\u011bt\u0161\u00edho partnera leto\u0161n\u00edho ro\u010dn\u00edku.\u2026","rel":"","context":"Similar post","block_context":{"text":"Similar post","link":""},"img":{"alt_text":"","src":"https:\/\/i0.wp.com\/prague.wordcamp.org\/2022\/files\/2022\/03\/junior-guru-logo-na-svetle-pozadi-light-background-rgb-1000px%4072ppi.png?resize=350%2C200&ssl=1","width":350,"height":200,"srcset":"https:\/\/i0.wp.com\/prague.wordcamp.org\/2022\/files\/2022\/03\/junior-guru-logo-na-svetle-pozadi-light-background-rgb-1000px%4072ppi.png?resize=350%2C200&ssl=1 1x, https:\/\/i0.wp.com\/prague.wordcamp.org\/2022\/files\/2022\/03\/junior-guru-logo-na-svetle-pozadi-light-background-rgb-1000px%4072ppi.png?resize=525%2C300&ssl=1 1.5x, https:\/\/i0.wp.com\/prague.wordcamp.org\/2022\/files\/2022\/03\/junior-guru-logo-na-svetle-pozadi-light-background-rgb-1000px%4072ppi.png?resize=700%2C400&ssl=1 2x"},"classes":[]}],"jetpack_sharing_enabled":true,"_links":{"self":[{"href":"https:\/\/prague.wordcamp.org\/2022\/wp-json\/wp\/v2\/pages\/274","targetHints":{"allow":["GET"]}}],"collection":[{"href":"https:\/\/prague.wordcamp.org\/2022\/wp-json\/wp\/v2\/pages"}],"about":[{"href":"https:\/\/prague.wordcamp.org\/2022\/wp-json\/wp\/v2\/types\/page"}],"author":[{"embeddable":true,"href":"https:\/\/prague.wordcamp.org\/2022\/wp-json\/wp\/v2\/users\/7429152"}],"replies":[{"embeddable":true,"href":"https:\/\/prague.wordcamp.org\/2022\/wp-json\/wp\/v2\/comments?post=274"}],"version-history":[{"count":4,"href":"https:\/\/prague.wordcamp.org\/2022\/wp-json\/wp\/v2\/pages\/274\/revisions"}],"predecessor-version":[{"id":13763,"href":"https:\/\/prague.wordcamp.org\/2022\/wp-json\/wp\/v2\/pages\/274\/revisions\/13763"}],"up":[{"embeddable":true,"href":"https:\/\/prague.wordcamp.org\/2022\/wp-json\/wp\/v2\/pages\/7894"}],"wp:attachment":[{"href":"https:\/\/prague.wordcamp.org\/2022\/wp-json\/wp\/v2\/media?parent=274"}],"curies":[{"name":"wp","href":"https:\/\/api.w.org\/{rel}","templated":true}]}}