{"id":1863,"date":"2016-11-08T12:44:36","date_gmt":"2016-11-08T12:44:36","guid":{"rendered":"http:\/\/2017.prague.wordcamp.org\/?page_id=60"},"modified":"2021-10-02T21:05:19","modified_gmt":"2021-10-02T19:05:19","slug":"kontakt","status":"publish","type":"page","link":"https:\/\/prague.wordcamp.org\/2022\/kontakt\/","title":{"rendered":"Kontakt"},"content":{"rendered":"\n<p>Pro obecn\u00e9 dotazy, pros\u00edme, vyu\u017eijte tento kontaktn\u00ed formul\u00e1\u0159:<\/p>\n\n\n<div data-test='contact-form'\n\t\t\tid='contact-form-1863'\n\t\t\tclass='wp-block-jetpack-contact-form-container '\n\t\t\tdata-wp-interactive='jetpack\/form' data-wp-context='{\"formId\":\"1863\",\"formHash\":\"d382e4fd52c4d31c28932e8df6817f63e3d2660c\",\"showErrors\":false,\"errors\":[],\"fields\":[],\"isMultiStep\":false,\"useAjax\":true,\"submissionData\":null,\"formattedSubmissionData\":[],\"submissionSuccess\":false,\"submissionError\":null,\"elementId\":\"jp-form-d382e4fd52c4d31c28932e8df6817f63e3d2660c\",\"isSingleInputForm\":false}'\n\t\t\tdata-wp-watch--scroll-to-wrapper=\"callbacks.scrollToWrapper\"\n\t\t>\n<div class=\"contact-form-submission contact-form-ajax-submission\" data-wp-bind--aria-hidden=\"state.isSuccessMessageAriaHidden\" data-wp-class--submission-success=\"context.submissionSuccess\" id=\"contact-form-success-d382e4fd52c4d31c28932e8df6817f63e3d2660c\" tabindex=\"-1\" aria-labelledby=\"contact-form-success-header-d382e4fd52c4d31c28932e8df6817f63e3d2660c\"><p class=\"go-back-message\"><a class=\"link\" role=\"button\" tabindex=\"0\" data-wp-on--click=\"actions.goBack\" href=\"\/2022\/wp-json\/wp\/v2\/pages\/1863\">\u2190 Back<\/a><\/p><h4 data-wp-bind--aria-hidden=\"state.isSuccessMessageAriaHidden\" id=\"contact-form-success-header-d382e4fd52c4d31c28932e8df6817f63e3d2660c\">Odesl\u00e1no<\/h4>\n\n<div class=\"jetpack_forms_contact-form-custom-success-message\">V\u00e1\u0161 dotaz byl odesl\u00e1n, d\u011bkujeme!<\/div><\/div><form action='https:\/\/prague.wordcamp.org\/2022\/kontakt\/'\n\t\t\t\tid='jp-form-d382e4fd52c4d31c28932e8df6817f63e3d2660c'\n\t\t\t\tmethod='post'\n\t\t\t\tclass='contact-form commentsblock wp-block-jetpack-contact-form' aria-label=\"Kontakt\"\n\t\t\t\tdata-wp-on--submit=\"actions.onFormSubmit\"\n\t\t\t\tdata-wp-on--reset=\"actions.onFormReset\"\n\t\t\t\tdata-wp-class--submission-success=\"context.submissionSuccess\"\n\t\t\t\tdata-wp-class--is-first-step=\"state.isFirstStep\"\n\t\t\t\tdata-wp-class--is-last-step=\"state.isLastStep\"\n\t\t\t\tdata-wp-class--is-ajax-form=\"context.useAjax\"\n\t\t\t\tnovalidate >\n<input type='hidden' name='jetpack_contact_form_jwt' value='eyJ0eXAiOiJKV1QiLCJhbGciOiJIUzI1NiJ9.eyJlbmNyeXB0ZWRfYXR0cmlidXRlcyI6ImdWS2NaK01UMWEvQThZUmtoZDBxeURuMVB6ZjJ4WGUzZGhodGQ2NVBHT1A1eVFhbWJVNkROYzRHK01LMWNHdDZ6eFdON2ppUnRNNWpjaHNkWmFpZzIvajZRUG45L1N1bDZCUEVOMkhGZmFQb0Zvak5ZR1NLL3FPN2ZoRFJ0K3FOUXpoaGFlY1RUZEZJNkE5VEV1dUlzbDJPUmdKbHExUzdSaHBhOERCL1hGYm9vVWgrWG9NanVQQWJoQTNVbVRib2VTL0N4NDU3cTdmMkdvVjlvLzdYcnhxc0RLNUROTm9SVkQyOEJZMlFuNXEzRXYyLytQVjFGM0tLL2pSQmNHbXhlSlk5c0UvQW55V0xUWEExSFI0VVpRZXV1QXNITHExbGFnanlJYSt1R05rVnlhOUJnQnhqMGZjRmVuaXBrZ01lWTJ4eUtGVnZoM0laclg3Sk9ENFlJT0RHODhNNWdac1RzZ3Z0Z3VyalBWRHhWeTI3S0lhQk54TDhENGFwYnpUWXVBQjFrdm5IRkdOU2s2VmVGNTBkMzdDcnh2a1U2d0crN25nNHlMSWFBRnZZWUNzS3VMOEtCNWwzbGZNcFAyUXRnWlFaWVVFUHVNanpwcHVDR3lwaFcvbis0Zk1kcUI3dk9GcFQ0RXdKeGxTeTZ3dXZUeVFsRVl2UVBoUFlxZ21BMjJzbCsrc3JrVlVGTExZWVB1UVlWWWtRc2p6UzFGbUFaZk1uNmtlMFB2amdneFJxSUtZaUJWaW1MbjJxR1hrQ0J6SXRqalVqcDZmdVhZYlI4RUF4akxKYlB3NlBIamsvZGNQcFRIcDJWYWNpeVBDTTAzVTBaVm1GdERyemdJQmxKL0dCMDJqQUZSb3VFbE9qRVhSUXdnQmhLN3pWbm9wWUVCZEtKVFkxS2ZQNjFxUktGWldDeWFIZm5PV1FBQTRXaWJtaWZWaVNpdnhJWEh4OC95Z2pJcVNiSGZGdmROQkVDVCtTdWorRkJib21lQkVDV0JuRXdGeWcxYXBzUEZKVVdML2pCOGJPSCtCUS9ocjYzY0JUN1dtdXBpeFdCR29ZZ21wSHV5ZzFlazRDNk5ab203MXhxK01XOTlXNWoyVW9oRDlWUEhjaWE0QnlkUTFvZnVGRzh4TzdFZzVyekNCSlpDSWlRVkJwelJwWHpjNDdhczhjb2NTV3JGbTFTeTBmNmJZS2g2MFRoUjZJdXJGVHNUNVlxYm1IcmVCVVJqNVlJUFVzZ1AxTUZVQUdGcXJXMHFuZG9lMUUxOWhqbEE1Y3JGMUpoYUZrTDNCblRBUFR5Ym5rbU9MRWRnZFQ3aW5PWDRpYWo3b21ZV29uWGlEaUlQY3oyRHZnTE1uVjBKbkRmMTdJNG5GTE1ERTEiLCJjb250ZW50IjoiXG5bY29udGFjdC1maWVsZCBsYWJlbD1cIkptXHUwMGU5bm9cIiByZXF1aXJlZD1cIjFcIiB0eXBlPVwibmFtZVwiL11cblxuW2NvbnRhY3QtZmllbGQgcmVxdWlyZWQ9XCIxXCIgdHlwZT1cImVtYWlsXCIgbGFiZWw9XCJFbWFpbFwiL11cblxuW2NvbnRhY3QtZmllbGQgbGFiZWw9XCJacHJcdTAwZTF2YVwiIHR5cGU9XCJ0ZXh0YXJlYVwiL11cblxuPGRpdiBjbGFzcz1cIndwLWJsb2NrLWpldHBhY2stYnV0dG9uIHdwLWJsb2NrLWJ1dHRvblwiIHN0eWxlPVwiXCI-PGJ1dHRvbiBjbGFzcz1cIndwLWJsb2NrLWJ1dHRvbl9fbGlua1wiIHN0eWxlPVwiXCIgZGF0YS1pZC1hdHRyPVwicGxhY2Vob2xkZXJcIiB0eXBlPVwic3VibWl0XCIgZGF0YS13cC1jbGFzcy0taXMtc3VibWl0dGluZz1cInN0YXRlLmlzU3VibWl0dGluZ1wiIGRhdGEtd3AtYmluZC0tYXJpYS1kaXNhYmxlZD1cInN0YXRlLmlzQXJpYURpc2FibGVkXCI-T2Rlc2xhdDxzcGFuIGNsYXNzPVwic3Bpbm5lclwiIGFyaWEtaGlkZGVuPVwidHJ1ZVwiPjxzdmcgd2lkdGg9XCIyNFwiIGhlaWdodD1cIjI0XCIgdmlld0JveD1cIjAgMCAyNCAyNFwiIHhtbG5zPVwiaHR0cDovL3d3dy53My5vcmcvMjAwMC9zdmdcIj48cGF0aCBkPVwiTTEyLDFBMTEsMTEsMCwxLDAsMjMsMTIsMTEsMTEsMCwwLDAsMTIsMVptMCwxOWE4LDgsMCwxLDEsOC04QTgsOCwwLDAsMSwxMiwyMFpcIiBvcGFjaXR5PVwiLjI1XCIvPjxwYXRoIGQ9XCJNMTAuMTQsMS4xNmExMSwxMSwwLDAsMC05LDguOTJBMS41OSwxLjU5LDAsMCwwLDIuNDYsMTIsMS41MiwxLjUyLDAsMCwwLDQuMTEsMTAuN2E4LDgsMCwwLDEsNi42Ni02LjYxQTEuNDIsMS40MiwwLDAsMCwxMiwyLjY5aDBBMS41NywxLjU3LDAsMCwwLDEwLjE0LDEuMTZaXCI-PGFuaW1hdGVUcmFuc2Zvcm0gYXR0cmlidXRlTmFtZT1cInRyYW5zZm9ybVwiIHR5cGU9XCJyb3RhdGVcIiBkdXI9XCIwLjc1c1wiIHZhbHVlcz1cIjAgMTIgMTI7MzYwIDEyIDEyXCIgcmVwZWF0Q291bnQ9XCJpbmRlZmluaXRlXCIvPjwvcGF0aD48L3N2Zz48c3BhbiBjbGFzcz1cImlzLXZpc3VhbGx5LWhpZGRlblwiPlN1Ym1pdHRpbmcgZm9ybTwvc3Bhbj48L3NwYW4-PC9idXR0b24-PC9kaXY-XG4iLCJoYXNoIjoiZDM4MmU0ZmQ1MmM0ZDMxYzI4OTMyZThkZjY4MTdmNjNlM2QyNjYwYyIsInNvdXJjZSI6eyJlbnRyeV90aXRsZSI6IktvbnRha3QiLCJlbnRyeV9wYWdlIjoxLCJzb3VyY2VfaWQiOjE4NjMsInNvdXJjZV90eXBlIjoic2luZ2xlIiwicmVxdWVzdF91cmwiOiJodHRwczovL3ByYWd1ZS53b3JkY2FtcC5vcmcvMjAyMi93cC1qc29uL3dwL3YyL3BhZ2VzLzE4NjMifSwidmVyc2lvbiI6MiwiY2lwaGVyIjoiYWVzLTI1Ni1nY20ifQ.kOt0TE8JpMX1MVfDH4dHY6LvpiIoKOHeUGMkgtuoq1I' \/>\n\n\n<div style=\"\"  data-wp-interactive=\"jetpack\/form\" data-wp-context='{\"fieldId\":\"g1863-jmno\",\"fieldType\":\"name\",\"fieldLabel\":\"Jm\\u00e9no\",\"fieldValue\":\"\",\"fieldPlaceholder\":\"\",\"fieldIsRequired\":\"1\",\"fieldErrorMessage\":\"\",\"fieldExtra\":[],\"formHash\":\"d382e4fd52c4d31c28932e8df6817f63e3d2660c\"}'  class='grunion-field-name-wrap grunion-field-wrap'  data-wp-init='callbacks.initializeField' data-wp-on--jetpack-form-reset='callbacks.initializeField' >\n<label\n\t\t\t\tfor='g1863-jmno' class=\"grunion-field-label name\" >Jm\u00e9no<span class=\"grunion-label-required\" aria-hidden=\"true\">(required)<\/span><\/label>\n<input\n\t\t\t\t\ttype='text'\n\t\t\t\t\tname='g1863-jmno'\n\t\t\t\t\tid='g1863-jmno'\n\t\t\t\t\tvalue=''\n\n\t\t\t\t\tdata-wp-bind--aria-invalid='state.fieldAriaInvalid'\n\t\t\t\t\tdata-wp-bind--value='state.getFieldValue'\n\t\t\t\t\taria-describedby='g1863-jmno-text-error-message'\n\t\t\t\t\tdata-wp-on--input='actions.onFieldChange'\n\t\t\t\t\tdata-wp-on--blur='actions.onFieldBlur'\n\t\t\t\t\tdata-wp-class--has-value='state.hasFieldValue'\n\n\t\t\t\t\tclass='name  grunion-field' \n\t\t\t\t\trequired='true' aria-required='true'  \/>\n \n\t\t\t<div id=\"g1863-jmno-text-error\" class=\"contact-form__input-error\" data-wp-class--has-errors=\"state.fieldHasErrors\">\n\t\t\t\t<span class=\"contact-form__warning-icon\" aria-hidden=\"true\">\n\t\t\t\t\t<svg width=\"16\" height=\"16\" viewBox=\"0 0 16 16\" fill=\"none\" xmlns=\"http:\/\/www.w3.org\/2000\/svg\">\n\t\t\t\t\t\t<path d=\"M8.50015 11.6402H7.50015V10.6402H8.50015V11.6402Z\" \/>\n\t\t\t\t\t\t<path d=\"M7.50015 9.64018H8.50015V6.30684H7.50015V9.64018Z\" \/>\n\t\t\t\t\t\t<path fill-rule=\"evenodd\" clip-rule=\"evenodd\" d=\"M6.98331 3.0947C7.42933 2.30177 8.57096 2.30177 9.01698 3.09469L13.8771 11.7349C14.3145 12.5126 13.7525 13.4735 12.8602 13.4735H3.14004C2.24774 13.4735 1.68575 12.5126 2.12321 11.7349L6.98331 3.0947ZM8.14541 3.58496C8.08169 3.47168 7.9186 3.47168 7.85488 3.58496L2.99478 12.2251C2.93229 12.3362 3.01257 12.4735 3.14004 12.4735H12.8602C12.9877 12.4735 13.068 12.3362 13.0055 12.2251L8.14541 3.58496Z\" \/>\n\t\t\t\t\t<\/svg>\n\t\t\t\t<\/span>\n\t\t\t\t<span data-wp-text=\"state.errorMessage\" id=\"g1863-jmno-text-error-message\"><\/span>\n\t\t\t<\/div> \n\t<\/div>\n\n\n\n<div style=\"\"  data-wp-interactive=\"jetpack\/form\" data-wp-context='{\"fieldId\":\"g1863-email\",\"fieldType\":\"email\",\"fieldLabel\":\"Email\",\"fieldValue\":\"\",\"fieldPlaceholder\":\"\",\"fieldIsRequired\":\"1\",\"fieldErrorMessage\":\"\",\"fieldExtra\":[],\"formHash\":\"d382e4fd52c4d31c28932e8df6817f63e3d2660c\"}'  class='grunion-field-email-wrap grunion-field-wrap'  data-wp-init='callbacks.initializeField' data-wp-on--jetpack-form-reset='callbacks.initializeField' >\n<label\n\t\t\t\tfor='g1863-email' class=\"grunion-field-label email\" >Email<span class=\"grunion-label-required\" aria-hidden=\"true\">(required)<\/span><\/label>\n<input\n\t\t\t\t\ttype='email'\n\t\t\t\t\tname='g1863-email'\n\t\t\t\t\tid='g1863-email'\n\t\t\t\t\tvalue=''\n\n\t\t\t\t\tdata-wp-bind--aria-invalid='state.fieldAriaInvalid'\n\t\t\t\t\tdata-wp-bind--value='state.getFieldValue'\n\t\t\t\t\taria-describedby='g1863-email-email-error-message'\n\t\t\t\t\tdata-wp-on--input='actions.onFieldChange'\n\t\t\t\t\tdata-wp-on--blur='actions.onFieldBlur'\n\t\t\t\t\tdata-wp-class--has-value='state.hasFieldValue'\n\n\t\t\t\t\tclass='email  grunion-field' \n\t\t\t\t\trequired='true' aria-required='true'  \/>\n \n\t\t\t<div id=\"g1863-email-email-error\" class=\"contact-form__input-error\" data-wp-class--has-errors=\"state.fieldHasErrors\">\n\t\t\t\t<span class=\"contact-form__warning-icon\" aria-hidden=\"true\">\n\t\t\t\t\t<svg width=\"16\" height=\"16\" viewBox=\"0 0 16 16\" fill=\"none\" xmlns=\"http:\/\/www.w3.org\/2000\/svg\">\n\t\t\t\t\t\t<path d=\"M8.50015 11.6402H7.50015V10.6402H8.50015V11.6402Z\" \/>\n\t\t\t\t\t\t<path d=\"M7.50015 9.64018H8.50015V6.30684H7.50015V9.64018Z\" \/>\n\t\t\t\t\t\t<path fill-rule=\"evenodd\" clip-rule=\"evenodd\" d=\"M6.98331 3.0947C7.42933 2.30177 8.57096 2.30177 9.01698 3.09469L13.8771 11.7349C14.3145 12.5126 13.7525 13.4735 12.8602 13.4735H3.14004C2.24774 13.4735 1.68575 12.5126 2.12321 11.7349L6.98331 3.0947ZM8.14541 3.58496C8.08169 3.47168 7.9186 3.47168 7.85488 3.58496L2.99478 12.2251C2.93229 12.3362 3.01257 12.4735 3.14004 12.4735H12.8602C12.9877 12.4735 13.068 12.3362 13.0055 12.2251L8.14541 3.58496Z\" \/>\n\t\t\t\t\t<\/svg>\n\t\t\t\t<\/span>\n\t\t\t\t<span data-wp-text=\"state.errorMessage\" id=\"g1863-email-email-error-message\"><\/span>\n\t\t\t<\/div> \n\t<\/div>\n\n\n\n<div style=\"\"  data-wp-interactive=\"jetpack\/form\" data-wp-context='{\"fieldId\":\"g1863-zprva\",\"fieldType\":\"textarea\",\"fieldLabel\":\"Zpr\\u00e1va\",\"fieldValue\":\"\",\"fieldPlaceholder\":\"\",\"fieldIsRequired\":\"\",\"fieldErrorMessage\":\"\",\"fieldExtra\":[],\"formHash\":\"d382e4fd52c4d31c28932e8df6817f63e3d2660c\"}'  class='grunion-field-textarea-wrap grunion-field-wrap'  data-wp-init='callbacks.initializeField' data-wp-on--jetpack-form-reset='callbacks.initializeField' >\n<label\n\t\t\t\tfor='contact-form-comment-g1863-zprva' class=\"grunion-field-label textarea\" >Zpr\u00e1va<\/label>\n<textarea\n\t\t                style=''\n\t\t                name='g1863-zprva'\n\t\t                id='contact-form-comment-g1863-zprva'\n\t\t                rows='20'\n\t\t\t\t\t\tdata-wp-text='state.getFieldValue'\n\t\t\t\t\t\tdata-wp-on--input='actions.onFieldChange'\n\t\t\t\t\t\tdata-wp-on--blur='actions.onFieldBlur'\n\t\t\t\t\t\tdata-wp-class--has-value='state.hasFieldValue'\n\t\t\t\t\t\taria-describedby='g1863-zprva-textarea-error-message'\n\t\t\t\t\t\tdata-wp-bind--aria-invalid='state.fieldAriaInvalid'\n\t\t\t\t\t\tclass='textarea  grunion-field'  ><\/textarea>\n \n\t\t\t<div id=\"g1863-zprva-textarea-error\" class=\"contact-form__input-error\" data-wp-class--has-errors=\"state.fieldHasErrors\">\n\t\t\t\t<span class=\"contact-form__warning-icon\" aria-hidden=\"true\">\n\t\t\t\t\t<svg width=\"16\" height=\"16\" viewBox=\"0 0 16 16\" fill=\"none\" xmlns=\"http:\/\/www.w3.org\/2000\/svg\">\n\t\t\t\t\t\t<path d=\"M8.50015 11.6402H7.50015V10.6402H8.50015V11.6402Z\" \/>\n\t\t\t\t\t\t<path d=\"M7.50015 9.64018H8.50015V6.30684H7.50015V9.64018Z\" \/>\n\t\t\t\t\t\t<path fill-rule=\"evenodd\" clip-rule=\"evenodd\" d=\"M6.98331 3.0947C7.42933 2.30177 8.57096 2.30177 9.01698 3.09469L13.8771 11.7349C14.3145 12.5126 13.7525 13.4735 12.8602 13.4735H3.14004C2.24774 13.4735 1.68575 12.5126 2.12321 11.7349L6.98331 3.0947ZM8.14541 3.58496C8.08169 3.47168 7.9186 3.47168 7.85488 3.58496L2.99478 12.2251C2.93229 12.3362 3.01257 12.4735 3.14004 12.4735H12.8602C12.9877 12.4735 13.068 12.3362 13.0055 12.2251L8.14541 3.58496Z\" \/>\n\t\t\t\t\t<\/svg>\n\t\t\t\t<\/span>\n\t\t\t\t<span data-wp-text=\"state.errorMessage\" id=\"g1863-zprva-textarea-error-message\"><\/span>\n\t\t\t<\/div>\n\t<\/div>\n\n\n<div class=\"contact-form__error\" data-wp-class--show-errors=\"state.showFormErrors\"><span class=\"contact-form__warning-icon\" aria-hidden=\"true\"><i><\/i><\/span><span class=\"contact-form__error-message\" tabindex=\"-1\" data-wp-watch=\"callbacks.focusOnValidationError\" data-wp-text=\"state.getFormErrorMessage\"><\/span><ul aria-label=\"Form errors\">\n\t\t\t\t<template data-wp-each=\"state.getErrorList\" data-wp-key=\"context.item.id\">\n\t\t\t\t\t<li><a data-wp-bind--href=\"context.item.anchor\" data-wp-on--click=\"actions.scrollIntoView\" data-wp-text=\"context.item.label\"><\/a><\/li>\n\t\t\t\t<\/template>\n\t\t\t\t<\/ul><\/div><div class=\"contact-form__error\" data-wp-class--show-errors=\"state.showSubmissionError\" data-wp-text=\"context.submissionError\" tabindex=\"-1\" data-wp-watch=\"callbacks.focusOnSubmissionError\"><\/div> <div class=\"wp-block-jetpack-button wp-block-button\" style=\"\"><button data-wp-bind--disabled=\"state.isAriaDisabled\" class=\"wp-block-button__link\" style=\"\" data-id-attr=\"placeholder\" type=\"submit\" data-wp-class--is-submitting=\"state.isSubmitting\" data-wp-bind--aria-disabled=\"state.isAriaDisabled\">Odeslat<span class=\"spinner\" aria-hidden=\"true\"><svg width=\"24\" height=\"24\" viewBox=\"0 0 24 24\" xmlns=\"http:\/\/www.w3.org\/2000\/svg\"><path d=\"M12,1A11,11,0,1,0,23,12,11,11,0,0,0,12,1Zm0,19a8,8,0,1,1,8-8A8,8,0,0,1,12,20Z\" opacity=\".25\"\/><path d=\"M10.14,1.16a11,11,0,0,0-9,8.92A1.59,1.59,0,0,0,2.46,12,1.52,1.52,0,0,0,4.11,10.7a8,8,0,0,1,6.66-6.61A1.42,1.42,0,0,0,12,2.69h0A1.57,1.57,0,0,0,10.14,1.16Z\"><animateTransform attributeName=\"transform\" type=\"rotate\" dur=\"0.75s\" values=\"0 12 12;360 12 12\" repeatCount=\"indefinite\"\/><\/path><\/svg><span class=\"is-visually-hidden\">Submitting form<\/span><\/span><\/button><\/div>\n\t\t<input type='hidden' name='contact-form-id' value='1863' \/>\n\t\t<input type='hidden' name='action' value='grunion-contact-form' \/>\n\t\t<input type='hidden' name='contact-form-hash' value='d382e4fd52c4d31c28932e8df6817f63e3d2660c' \/>\n<p style=\"display: none !important;\" class=\"akismet-fields-container\" data-prefix=\"ak_\"><label>&#916;<textarea name=\"ak_hp_textarea\" cols=\"45\" rows=\"8\" maxlength=\"100\"><\/textarea><\/label><input type=\"hidden\" id=\"ak_js_1\" name=\"ak_js\" value=\"13\"\/><script type=\"text\/javascript\">\n\/* <![CDATA[ *\/\ndocument.getElementById( \"ak_js_1\" ).setAttribute( \"value\", ( new Date() ).getTime() );\n\/* ]]> *\/\n<\/script>\n<\/p><\/form>\n<\/div>\n\n\n<div style=\"height:100px\" aria-hidden=\"true\" class=\"wp-block-spacer\"><\/div>\n\n\n\n<p><strong>Hlavn\u00ed po\u0159adatel<\/strong><br>Jan \u0160t\u011btina<br><a href=\"mailto:jan.stetina@naswp.cz\" data-type=\"mailto\" data-id=\"mailto:jan.stetina@naswp.cz\">jan.stetina@naswp.cz<\/a><\/p>\n\n\n\n<p><strong>Sponzo\u0159i<\/strong><br><a href=\"mailto:sponzori@wordcamppraha.cz\">sponzori@wordcamppraha.cz<\/a><\/p>\n\n\n\n<p><strong>Fakturace &amp; platby<\/strong><br>Vladim\u00edr Smitka<br><a href=\"mailto:vladimir.smitka@lynt.cz\">vladimir.smitka@lynt.cz<\/a><\/p>\n\n\n\n<p><strong>P\u0159edn\u00e1\u0161ej\u00edc\u00ed<\/strong><br><a href=\"mailto:speaker@wordcamppraha.cz\">speaker@wordcamppraha.cz<\/a><\/p>\n","protected":false},"excerpt":{"rendered":"<p>Pro obecn\u00e9 dotazy, pros\u00edme, vyu\u017eijte tento kontaktn\u00ed formul\u00e1\u0159: Hlavn\u00ed po\u0159adatelJan \u0160t\u011btinajan.stetina@naswp.cz Sponzo\u0159isponzori@wordcamppraha.cz Fakturace &amp; platbyVladim\u00edr Smitkavladimir.smitka@lynt.cz P\u0159edn\u00e1\u0161ej\u00edc\u00edspeaker@wordcamppraha.cz<\/p>\n","protected":false},"author":7429152,"featured_media":0,"parent":0,"menu_order":0,"comment_status":"closed","ping_status":"closed","template":"","meta":{"advanced_seo_description":"","jetpack_seo_html_title":"","jetpack_seo_noindex":false,"jetpack_post_was_ever_published":false,"footnotes":""},"class_list":["post-1863","page","type-page","status-publish","hentry"],"jetpack-related-posts":[{"id":9297,"url":"https:\/\/prague.wordcamp.org\/2022\/media\/","url_meta":{"origin":1863,"position":0},"title":"WordCamp Praha Live jako interaktivn\u00ed setk\u00e1n\u00ed","author":"Vlasta Ott","date":"27. 1. 2020","format":false,"excerpt":"Leto\u0161n\u00ed konference v\u011bnovan\u00e1 WordPressu prob\u011bhne v sobotu 26. \u00fanora 2022 jako interaktivn\u00ed setk\u00e1n\u00ed op\u011bt v online prost\u0159ed\u00ed. Organiz\u00e1to\u0159i se rozhodli akci rozh\u00fdbat t\u00edm, \u017ee krom\u011b p\u0159edn\u00e1\u0161ek p\u0159ipravili tak\u00e9 tematick\u00e9 panely s \u017eivou diskuz\u00ed. Aktivn\u00ed zapojen\u00ed n\u00e1v\u0161t\u011bvn\u00edk\u016f do diskuz\u00ed, s\u00e1zka na autenticitu, absence nahr\u00e1v\u00e1n\u00ed a prom\u011bnliv\u00fd program jsou znaky leto\u0161n\u00ed konference\u2026","rel":"","context":"Similar post","block_context":{"text":"Similar post","link":""},"img":{"alt_text":"","src":"https:\/\/i0.wp.com\/s.w.org\/images\/backgrounds\/wordpress-bg-medblue.png?resize=350%2C200&ssl=1","width":350,"height":200},"classes":[]},{"id":13667,"url":"https:\/\/prague.wordcamp.org\/2022\/media-prvni-tiskova-zprava\/","url_meta":{"origin":1863,"position":1},"title":"M\u00e9dia &#8211; prvn\u00ed tiskov\u00e1 zpr\u00e1va","author":"freedomdsgnr","date":"16. 11. 2021","format":false,"excerpt":"V p\u0159\u00edpad\u011b dotaz\u016f kontaktujte pros\u00edm Jana \u0160t\u011btinu (hlavn\u00edho po\u0159adatele \u2013 jan.stetina@naswp.cz, +420 799 797 065), nebo Vladim\u00edra Smitku (fakturace, m\u00e9dia \u2013 vladimir.smitka@lynt.cz). P\u0159ipojte se na WordCamp Praha 2022 \u2013 nejv\u011bt\u0161\u00ed online konferenci v \u010cR a na Slovensku (nejen) o WordPressu WordCamp Praha je nejv\u011bt\u0161\u00ed konferenc\u00ed o WordPressu v\u00a0\u010cesk\u00e9 republice a\u2026","rel":"","context":"Similar post","block_context":{"text":"Similar post","link":""},"img":{"alt_text":"","src":"https:\/\/i0.wp.com\/s.w.org\/images\/backgrounds\/wordpress-bg-medblue.png?resize=350%2C200&ssl=1","width":350,"height":200},"classes":[]},{"id":273,"url":"https:\/\/prague.wordcamp.org\/2022\/en\/contact\/","url_meta":{"origin":1863,"position":2},"title":"Contact","author":"Jan \u0160t\u011btina","date":"22. 5. 2019","format":false,"excerpt":"If you have any questions about the conference, please use the following form: Lead organizerJan \u0160t\u011btinajan.stetina@naswp.cz Sponsorssponzori@wordcamppraha.cz AccountingVladim\u00edr Smitkavladimir.smitka@lynt.cz Speakersspeaker@wordcamppraha.cz","rel":"","context":"Similar post","block_context":{"text":"Similar post","link":""},"img":{"alt_text":"","src":"https:\/\/i0.wp.com\/s.w.org\/images\/backgrounds\/wordpress-bg-medblue.png?resize=350%2C200&ssl=1","width":350,"height":200},"classes":[]},{"id":1853,"url":"https:\/\/prague.wordcamp.org\/2022\/kodex-chovani\/","url_meta":{"origin":1863,"position":3},"title":"Kodex chov\u00e1n\u00ed","author":"Jan \u0160t\u011btina","date":"8. 11. 2016","format":false,"excerpt":"1. C\u00edl T\u00fdm stoj\u00edc\u00ed za WordCamp Praha v\u011b\u0159\u00ed, \u017ee na\u0161e komunita by m\u011bla b\u00fdt otev\u0159ena opravdu v\u0161em. Proto se\u00a0zavazujeme k\u00a0p\u0159\u00edprav\u011b prost\u0159ed\u00ed p\u0159\u00e1telsk\u00e9ho, bezpe\u010dn\u00e9ho a\u00a0v\u0159el\u00e9ho pro v\u0161echny bez rozd\u00edlu pohlav\u00ed, sexu\u00e1ln\u00ed orientace, posti\u017een\u00ed, rasy, n\u00e1bo\u017eenstv\u00ed, preferovan\u00e9ho opera\u010dn\u00edho syst\u00e9mu, programovac\u00edho jazyka \u010di\u00a0textov\u00e9ho editoru. Tento kodex chov\u00e1n\u00ed shrnuje na\u0161e o\u010dek\u00e1v\u00e1n\u00ed toho, jak by\u00a0se\u00a0\u00fa\u010dastn\u00edci\u2026","rel":"","context":"Similar post","block_context":{"text":"Similar post","link":""},"img":{"alt_text":"","src":"https:\/\/i0.wp.com\/s.w.org\/images\/backgrounds\/wordpress-bg-medblue.png?resize=350%2C200&ssl=1","width":350,"height":200},"classes":[]},{"id":8727,"url":"https:\/\/prague.wordcamp.org\/2022\/program\/","url_meta":{"origin":1863,"position":4},"title":"Program","author":"Jan \u0160t\u011btina","date":"19. 12. 2019","format":false,"excerpt":"Zejm\u00e9na b\u011bhem WordCampu n\u00e1s nezapome\u0148te sledovat na Twitteru @WordCampPraha, kam budeme d\u00e1vat informace o d\u011bn\u00ed na konferenci v re\u00e1ln\u00e9m \u010dase. Nezapome\u0148te pros\u00edm tak\u00e9 nav\u0161t\u00edvit virtu\u00e1ln\u00ed st\u00e1nky na\u0161ich sponzor\u016f, bez kter\u00fdch by se WordCamp v\u016fbec nemohl konat! Najdete je v sekci Expo. Podobn\u011b jako loni, po ka\u017ed\u00e9 z p\u0159edn\u00e1\u0161ek odpoledn\u00edho bloku\u2026","rel":"","context":"Similar post","block_context":{"text":"Similar post","link":""},"img":{"alt_text":"","src":"https:\/\/i0.wp.com\/s.w.org\/images\/backgrounds\/wordpress-bg-medblue.png?resize=350%2C200&ssl=1","width":350,"height":200},"classes":[]},{"id":12014,"url":"https:\/\/prague.wordcamp.org\/2022\/sponzori\/","url_meta":{"origin":1863,"position":5},"title":"Sponzo\u0159i","author":"Jan \u0160t\u011btina","date":"23. 1. 2021","format":false,"excerpt":"P\u0159ehled sponzor\u016f pro WordCamp 2022 naleznete n\u00ed\u017ee. V\u0161em pat\u0159\u00ed velk\u00e9 pod\u011bkov\u00e1n\u00ed! Pom\u016f\u017eou n\u00e1m i mal\u00e9 \u010d\u00e1stky od mikrosponzor\u016f. Pokud se j\u00edm chcete st\u00e1t, sta\u010d\u00ed vyplnit n\u00e1\u0161 formul\u00e1\u0159 na str\u00e1nce Chci podpo\u0159it WordCamp. Dal\u0161\u00ed detaily naleznete ve \u010dl\u00e1nku Sponzorstv\u00ed WordCamp Prague 2022. Zlat\u00ed sponzo\u0159i St\u00e1le hled\u00e1me toho nejv\u011bt\u0161\u00edho partnera leto\u0161n\u00edho ro\u010dn\u00edku.\u2026","rel":"","context":"Similar post","block_context":{"text":"Similar post","link":""},"img":{"alt_text":"","src":"https:\/\/i0.wp.com\/prague.wordcamp.org\/2022\/files\/2022\/03\/junior-guru-logo-na-svetle-pozadi-light-background-rgb-1000px%4072ppi.png?resize=350%2C200&ssl=1","width":350,"height":200,"srcset":"https:\/\/i0.wp.com\/prague.wordcamp.org\/2022\/files\/2022\/03\/junior-guru-logo-na-svetle-pozadi-light-background-rgb-1000px%4072ppi.png?resize=350%2C200&ssl=1 1x, https:\/\/i0.wp.com\/prague.wordcamp.org\/2022\/files\/2022\/03\/junior-guru-logo-na-svetle-pozadi-light-background-rgb-1000px%4072ppi.png?resize=525%2C300&ssl=1 1.5x, https:\/\/i0.wp.com\/prague.wordcamp.org\/2022\/files\/2022\/03\/junior-guru-logo-na-svetle-pozadi-light-background-rgb-1000px%4072ppi.png?resize=700%2C400&ssl=1 2x"},"classes":[]}],"jetpack_sharing_enabled":true,"_links":{"self":[{"href":"https:\/\/prague.wordcamp.org\/2022\/wp-json\/wp\/v2\/pages\/1863","targetHints":{"allow":["GET"]}}],"collection":[{"href":"https:\/\/prague.wordcamp.org\/2022\/wp-json\/wp\/v2\/pages"}],"about":[{"href":"https:\/\/prague.wordcamp.org\/2022\/wp-json\/wp\/v2\/types\/page"}],"author":[{"embeddable":true,"href":"https:\/\/prague.wordcamp.org\/2022\/wp-json\/wp\/v2\/users\/7429152"}],"replies":[{"embeddable":true,"href":"https:\/\/prague.wordcamp.org\/2022\/wp-json\/wp\/v2\/comments?post=1863"}],"version-history":[{"count":2,"href":"https:\/\/prague.wordcamp.org\/2022\/wp-json\/wp\/v2\/pages\/1863\/revisions"}],"predecessor-version":[{"id":13431,"href":"https:\/\/prague.wordcamp.org\/2022\/wp-json\/wp\/v2\/pages\/1863\/revisions\/13431"}],"wp:attachment":[{"href":"https:\/\/prague.wordcamp.org\/2022\/wp-json\/wp\/v2\/media?parent=1863"}],"curies":[{"name":"wp","href":"https:\/\/api.w.org\/{rel}","templated":true}]}}