{"id":9297,"date":"2020-01-27T15:38:41","date_gmt":"2020-01-27T14:38:41","guid":{"rendered":"https:\/\/2020.prague.wordcamp.org\/?page_id=9297"},"modified":"2021-02-11T10:14:03","modified_gmt":"2021-02-11T09:14:03","slug":"media","status":"publish","type":"page","link":"https:\/\/prague.wordcamp.org\/2021\/media\/","title":{"rendered":"M\u00e9dia &#8211; tiskov\u00e1 zpr\u00e1va"},"content":{"rendered":"\n<p>V p\u0159\u00edpad\u011b dotaz\u016f kontaktujte pros\u00edm Jana \u0160t\u011btinu (hlavn\u00edho po\u0159adatele \u2013 <a href=\"mailto:jan.stetina@naswp.cz\">jan.stetina@naswp.cz<\/a>, +420 799 797 065), nebo Vladim\u00edra Smitku (fakturace, m\u00e9dia \u2013 <a href=\"mailto:vladimir.smitka@lynt.cz\">vladimir.smitka@lynt.cz<\/a>).<\/p>\n\n\n\n<h2 class=\"wp-block-heading\">P\u0159ipojte se na WordCamp Praha 2021 \u2013 nejv\u011bt\u0161\u00ed online konferenci v \u010cR a na Slovensku (nejen) o WordPressu<\/h2>\n\n\n\n<p><strong>WordCamp Praha je nejv\u011bt\u0161\u00ed konferenc\u00ed o WordPressu v&nbsp;\u010cesk\u00e9 republice a tentokr\u00e1t i na Slovensku. Leto\u0161n\u00ed 8. ro\u010dn\u00edk se bude konat 27. \u00fanora 2021 pod taktovkou hlavn\u00edho organiz\u00e1tora Jana \u0160t\u011btiny. Tentokr\u00e1t se cel\u00e1 komunita sejde online. Udr\u017een\u00ed tradice je pro n\u00e1s d\u016fle\u017eit\u00e9, zdrav\u00ed \u00fa\u010dastn\u00edk\u016f je\u0161t\u011b v\u00edce. <\/strong><\/p>\n\n\n\n<p>Pokud se zaj\u00edm\u00e1te o webov\u00e9 str\u00e1nky, marketing, tvorbu obsahu nebo \u0159\u00edzen\u00ed webov\u00fdch projekt\u016f, pak by v\u00e1m nem\u011bl uj\u00edt \u00fanorov\u00fd <a href=\"https:\/\/prague.wordcamp.org\/2021\">WordCamp Praha 2021<\/a>. Co v\u00edc, tento v\u00edkend nabit\u00fd WordPressem je ide\u00e1ln\u00ed akc\u00ed pro zah\u00e1jen\u00ed va\u0161\u00ed konferen\u010dn\u00ed sez\u00f3ny v&nbsp;roce 2021.<\/p>\n\n\n\n<h3 class=\"wp-block-heading\">Atraktivn\u00ed program po cel\u00fd den<\/h3>\n\n\n\n<p>Letos pro v\u00e1s m\u00e1me p\u0159ipravenu <strong>jednu linii online p\u0159edn\u00e1\u0161ek se t\u0159emi bloky<\/strong>, kter\u00e9 pokr\u00fdvaj\u00ed tematicky v\u0161echny aktu\u00e1ln\u00ed pot\u0159eby wordpressov\u00e9ho sv\u011bta. Z programu vyb\u00edr\u00e1me:<\/p>\n\n\n\n<ul class=\"wp-block-list\"><li>V <strong>marketingov\u00e9m<\/strong> bloku vystoup\u00ed <strong>Petra Dolej\u0161ov\u00e1<\/strong>\u00a0(p\u0159ebornice v digit\u00e1ln\u00edm pr\u00e1vu),\u00a0<strong>Jan Tich\u00fd<\/strong>\u00a0(mistr webov\u00e9 analytiky a krotitel nov\u00fdch Google Analytics) a <strong>Honza Barto\u0161<\/strong>\u00a0(tv\u016frce Facebook reklam, kter\u00e9 vyd\u011bl\u00e1vaj\u00ed).<\/li><li>V bloku pro <strong>u\u017eivatele <\/strong>se mohou \u00fa\u010dastn\u00edci t\u011b\u0161it nap\u0159. na\u00a0<strong>Marka \u010cevel\u00ed\u010dka <\/strong>(p\u0159eborn\u00edka v UX).<\/li><li>V bloku pro <strong>v\u00fdvoj\u00e1\u0159e<\/strong> vystoup\u00ed mimo jin\u00e9 i <strong>Vl\u00e1\u010fa Smitka<\/strong>\u00a0(expert na v\u00fdkon a bezpe\u010dnost\u00a0web\u016f).<\/li><\/ul>\n\n\n\n<p>Cel\u00fd program v\u010detn\u011b \u010dasov\u00e1n\u00ed p\u0159\u00edsp\u011bvk\u016f najdete na t\u00e9to str\u00e1nce: <a href=\"https:\/\/prague.wordcamp.org\/2021\/program\/\">Program konference WordCamp Praha 2021<\/a>.<\/p>\n\n\n\n<h3 class=\"wp-block-heading\">Networking<\/h3>\n\n\n\n<p>I na online konferenci samoz\u0159ejm\u011b nem\u016f\u017ee chyb\u011bt <strong>networking<\/strong>.  D\u00edky platform\u011b <a href=\"https:\/\/hopin.com\/\">Hopin<\/a>, kterou jsme se pro tento ro\u010dn\u00edk rozhodli vyu\u017e\u00edt, si v\u0161ichni p\u0159ipojen\u00ed vychutnaj\u00ed z\u00e1\u017eitek, kter\u00fd se bl\u00ed\u017e\u00ed konferenci v re\u00e1ln\u00e9m sv\u011bt\u011b. P\u0159ipraveny budou m\u00edstnosti pro networking, <strong>virtu\u00e1ln\u00ed st\u00e1nky partner\u016f<\/strong> a m\u00edstnosti pro workshopy. <\/p>\n\n\n\n<p>Konferenci m\u016f\u017eete tak\u00e9 finan\u010dn\u011b podpo\u0159it. Pom\u016f\u017eete n\u00e1m tak zajistit lep\u0161\u00ed virtu\u00e1ln\u00ed studio, sest\u0159\u00edh\u00e1n\u00ed materi\u00e1l\u016f a propagaci akce. Pokud se chcete st\u00e1t hrd\u00fdm sponzorem WordCampu,\u00a0<a href=\"mailto:prague@wordcamp.org\">ozv\u011bte se n\u00e1m<\/a>.<\/p>\n\n\n\n<h3 class=\"wp-block-heading\">Dal\u0161\u00ed informace a registrace<\/h3>\n\n\n\n<p>Rozhovory s \u0159e\u010dn\u00edky, program a dal\u0161\u00ed informace najdete na ofici\u00e1ln\u00edm webu konference <a href=\"https:\/\/prague.wordcamp.org\/2021\" data-type=\"URL\" data-id=\"https:\/\/prague.wordcamp.org\/2021\">prague.wordcamp.org\/2021<\/a>.<\/p>\n\n\n\n<p><a href=\"https:\/\/prague.wordcamp.org\/2021\/registrace\/\">Zaregistrujte se na webu<\/a> konference anebo p\u0159\u00edmo na platform\u011b <a href=\"https:\/\/hopin.com\/events\/wordcamp-praha-2021\">Hopin<\/a>, na kter\u00e9 pob\u011b\u017e\u00ed posledn\u00ed \u00fanorovou sobotu streamy. T\u011b\u0161\u00edme se na v\u00e1s v sobotu <strong>27. \u00fanora 2021 v 10:00<\/strong>.<\/p>\n","protected":false},"excerpt":{"rendered":"<p>V p\u0159\u00edpad\u011b dotaz\u016f kontaktujte pros\u00edm Jana \u0160t\u011btinu (hlavn\u00edho po\u0159adatele \u2013 jan.stetina@naswp.cz, +420 799 797 065), nebo Vladim\u00edra Smitku (fakturace, m\u00e9dia \u2013 vladimir.smitka@lynt.cz). P\u0159ipojte se na WordCamp Praha 2021 \u2013 nejv\u011bt\u0161\u00ed online konferenci v \u010cR a na Slovensku (nejen) o WordPressu WordCamp Praha je nejv\u011bt\u0161\u00ed konferenc\u00ed o WordPressu v&nbsp;\u010cesk\u00e9 republice a tentokr\u00e1t i na Slovensku. Leto\u0161n\u00ed &hellip; <a href=\"https:\/\/prague.wordcamp.org\/2021\/media\/\" class=\"more-link\">Pokra\u010dovat ve \u010dten\u00ed<span class=\"screen-reader-text\"> &#8222;M\u00e9dia &#8211; tiskov\u00e1 zpr\u00e1va&#8220;<\/span><\/a><\/p>\n","protected":false},"author":9292185,"featured_media":0,"parent":0,"menu_order":0,"comment_status":"closed","ping_status":"closed","template":"","meta":{"jetpack_post_was_ever_published":false,"footnotes":""},"class_list":["post-9297","page","type-page","status-publish","hentry"],"jetpack_sharing_enabled":true,"_links":{"self":[{"href":"https:\/\/prague.wordcamp.org\/2021\/wp-json\/wp\/v2\/pages\/9297","targetHints":{"allow":["GET"]}}],"collection":[{"href":"https:\/\/prague.wordcamp.org\/2021\/wp-json\/wp\/v2\/pages"}],"about":[{"href":"https:\/\/prague.wordcamp.org\/2021\/wp-json\/wp\/v2\/types\/page"}],"author":[{"embeddable":true,"href":"https:\/\/prague.wordcamp.org\/2021\/wp-json\/wp\/v2\/users\/9292185"}],"replies":[{"embeddable":true,"href":"https:\/\/prague.wordcamp.org\/2021\/wp-json\/wp\/v2\/comments?post=9297"}],"version-history":[{"count":11,"href":"https:\/\/prague.wordcamp.org\/2021\/wp-json\/wp\/v2\/pages\/9297\/revisions"}],"predecessor-version":[{"id":12551,"href":"https:\/\/prague.wordcamp.org\/2021\/wp-json\/wp\/v2\/pages\/9297\/revisions\/12551"}],"wp:attachment":[{"href":"https:\/\/prague.wordcamp.org\/2021\/wp-json\/wp\/v2\/media?parent=9297"}],"curies":[{"name":"wp","href":"https:\/\/api.w.org\/{rel}","templated":true}]}}