{"id":7985,"date":"2019-07-08T13:37:49","date_gmt":"2019-07-08T13:37:49","guid":{"rendered":"https:\/\/2020.prague.wordcamp.org\/?page_id=7985"},"modified":"2021-02-21T20:57:40","modified_gmt":"2021-02-21T19:57:40","slug":"o-akci","status":"publish","type":"page","link":"https:\/\/prague.wordcamp.org\/2021\/o-akci\/","title":{"rendered":"WordCamp Praha 2021 bude!"},"content":{"rendered":"\n<p>I v roce 2021 se m\u016f\u017eete t\u011b\u0161it na <strong>WordCamp Praha<\/strong>, tentokr\u00e1t s p\u0159\u00edzviskem <strong>Online<\/strong>. Pozna\u010dte si proto v kalend\u00e1\u0159i <strong> sobotu 27. \u00fanora 2021<\/strong>. <\/p>\n\n\n\n<p>Ji\u017e <strong>poosm\u00e9<\/strong> pro v\u00e1s <a href=\"https:\/\/prague.wordcamp.org\/2021\/media\/\" data-type=\"page\" data-id=\"9297\">p\u0159ipravujeme nejv\u011bt\u0161\u00ed WordPress konferenci<\/a> v \u010cR. R\u00e1di se op\u011bt uvid\u00edme se v\u0161emi, kter\u00fdm WordPress p\u0159irostl k srdci. A je jedno, jestli se v n\u011bm teprve rozkouk\u00e1v\u00e1te, nebo p\u00ed\u0161ete slo\u017eit\u00e9 zdrojov\u00e9 k\u00f3dy. <a href=\"https:\/\/prague.wordcamp.org\/2021\/program\/\" data-type=\"page\" data-id=\"8727\">Program leto\u0161n\u00ed konference<\/a> nen\u00ed nijak ochuzen\u00fd a rozhodn\u011b stoj\u00ed za to.<\/p>\n\n\n\n<p>Jak p\u0159\u00edzvisko napov\u00edd\u00e1, po dlouh\u00e9m zva\u017eov\u00e1n\u00ed a vyhodnocov\u00e1n\u00ed sou\u010dasn\u00e9 situace jsme se rozhodli uspo\u0159\u00e1dat cel\u00e9 setk\u00e1n\u00ed online v prost\u0159ed\u00ed. Nov\u00fd form\u00e1t s sebou nese v\u00fdzvy i p\u0159\u00edle\u017eitosti. Budeme se ze v\u0161ech sil sna\u017eit, aby v\u00fdhody online form\u00e1tu dorovnaly nemo\u017enost p\u0159\u00edm\u00fdch osobn\u00edch setk\u00e1n\u00ed, kter\u00e9 jsme na WordCampech v\u017edy oce\u0148ovali.<\/p>\n\n\n\n<p>Vzhledem k tomu, \u017ee si letos u\u017eijete akci z pohodl\u00ed domova, nen\u00ed pot\u0159eba pokr\u00fdt n\u00e1klady na pron\u00e1jem prostor a ob\u010derstven\u00ed. Proto bude leto\u0161n\u00ed ro\u010dn\u00edk pro \u00fa\u010dastn\u00edky <strong>zdarma<\/strong>.<\/p>\n\n\n\n<p>St\u00e1le v\u0161ak m\u016f\u017eete konferenci finan\u010dn\u011b podpo\u0159it. Pom\u016f\u017eete n\u00e1m tak zajistit lep\u0161\u00ed virtu\u00e1ln\u00ed studio, sest\u0159\u00edh\u00e1n\u00ed materi\u00e1l\u016f a propagaci akce. Pokud se chcete st\u00e1t hrd\u00fdm sponzorem WordCampu, <a href=\"mailto:prague@wordcamp.org\">ozv\u011bte se n\u00e1m<\/a>. Sledujte informace tak\u00e9 na <a href=\"https:\/\/www.facebook.com\/events\/2612914355666132\">Facebooku<\/a> a <a href=\"https:\/\/twitter.com\/WordCampPraha\">Twitteru<\/a>.<\/p>\n\n\n\n<p><a rel=\"noreferrer noopener\" aria-label=\"WordCampy (otev\u0159e se na nov\u00e9 z\u00e1lo\u017ece)\" href=\"https:\/\/central.wordcamp.org\/about\/\" target=\"_blank\">WordCampy<\/a> se konaj\u00ed pravideln\u011b ve v\u00edce jak \u0161edes\u00e1ti zem\u00edch po cel\u00e9m sv\u011bt\u011b. Jsme tak v nejlep\u0161\u00ed spole\u010dnosti. Sta\u0148te se i vy jej\u00ed sou\u010d\u00e1st\u00ed! P\u0159ihlaste se k odb\u011bru novinek, aby v\u00e1m nic neuteklo. <\/p>\n\n\n\n<p><\/p>\n","protected":false},"excerpt":{"rendered":"<p>I v roce 2021 se m\u016f\u017eete t\u011b\u0161it na WordCamp Praha, tentokr\u00e1t s p\u0159\u00edzviskem Online. Pozna\u010dte si proto v kalend\u00e1\u0159i sobotu 27. \u00fanora 2021. Ji\u017e poosm\u00e9 pro v\u00e1s p\u0159ipravujeme nejv\u011bt\u0161\u00ed WordPress konferenci v \u010cR. R\u00e1di se op\u011bt uvid\u00edme se v\u0161emi, kter\u00fdm WordPress p\u0159irostl k srdci. A je jedno, jestli se v n\u011bm teprve rozkouk\u00e1v\u00e1te, nebo p\u00ed\u0161ete &hellip; <a href=\"https:\/\/prague.wordcamp.org\/2021\/o-akci\/\" class=\"more-link\">Pokra\u010dovat ve \u010dten\u00ed<span class=\"screen-reader-text\"> &#8222;WordCamp Praha 2021 bude!&#8220;<\/span><\/a><\/p>\n","protected":false},"author":7429152,"featured_media":10868,"parent":0,"menu_order":0,"comment_status":"closed","ping_status":"closed","template":"","meta":{"jetpack_post_was_ever_published":false,"footnotes":""},"class_list":["post-7985","page","type-page","status-publish","has-post-thumbnail","hentry"],"jetpack_sharing_enabled":true,"_links":{"self":[{"href":"https:\/\/prague.wordcamp.org\/2021\/wp-json\/wp\/v2\/pages\/7985","targetHints":{"allow":["GET"]}}],"collection":[{"href":"https:\/\/prague.wordcamp.org\/2021\/wp-json\/wp\/v2\/pages"}],"about":[{"href":"https:\/\/prague.wordcamp.org\/2021\/wp-json\/wp\/v2\/types\/page"}],"author":[{"embeddable":true,"href":"https:\/\/prague.wordcamp.org\/2021\/wp-json\/wp\/v2\/users\/7429152"}],"replies":[{"embeddable":true,"href":"https:\/\/prague.wordcamp.org\/2021\/wp-json\/wp\/v2\/comments?post=7985"}],"version-history":[{"count":9,"href":"https:\/\/prague.wordcamp.org\/2021\/wp-json\/wp\/v2\/pages\/7985\/revisions"}],"predecessor-version":[{"id":12923,"href":"https:\/\/prague.wordcamp.org\/2021\/wp-json\/wp\/v2\/pages\/7985\/revisions\/12923"}],"wp:featuredmedia":[{"embeddable":true,"href":"https:\/\/prague.wordcamp.org\/2021\/wp-json\/wp\/v2\/media\/10868"}],"wp:attachment":[{"href":"https:\/\/prague.wordcamp.org\/2021\/wp-json\/wp\/v2\/media?parent=7985"}],"curies":[{"name":"wp","href":"https:\/\/api.w.org\/{rel}","templated":true}]}}