{"id":7960,"date":"2019-07-07T15:56:01","date_gmt":"2019-07-07T15:56:01","guid":{"rendered":"https:\/\/2020.prague.wordcamp.org\/?page_id=7960"},"modified":"2021-04-04T19:57:41","modified_gmt":"2021-04-04T17:57:41","slug":"organizers","status":"publish","type":"page","link":"https:\/\/prague.wordcamp.org\/2021\/en\/organizers\/","title":{"rendered":"Organizers"},"content":{"rendered":"\n<p><strong>Jan \u0160t\u011btina<\/strong> &#8211; <a href=\"https:\/\/zaantar.eu\">zaantar.eu<\/a> &#8211; lead organizer (<a href=\"mailto:jan.stetina@naswp.cz\">jan.stetina@naswp.cz<\/a>)<br><strong>Vladim\u00edr Smitka<\/strong> &#8211; <a href=\"https:\/\/lynt.cz\/\">lynt.cz<\/a>\u00a0&#8211; accounting (<a href=\"mailto:vladimir.smitka@lynt.cz\">vladimir.smitka@lynt.cz<\/a>)<br><strong>Tereza Suchanov\u00e1<\/strong> &#8211; <a href=\"https:\/\/www.suchanova.cz\/\">suchanova.cz<\/a> &#8211; sponsors (<a href=\"mailto:sponzori@wordcamppraha.cz\">sponzori@wordcamppraha.cz<\/a>)<br><strong>Pavel Cahl\u00edk<\/strong> &#8211; <a href=\"https:\/\/cahlik.cz\/\">cahlik.cz<\/a> &#8211; speakers (<a href=\"mailto:speaker@wordcamppraha.cz\"><\/a><a href=\"mailto:speaker@wordcamppraha.cz\">speaker@wordcamppraha.cz<\/a>)<br><strong><strong>Karol\u00edna Vysko\u010dilov\u00e1<\/strong><\/strong> &#8211; <a href=\"https:\/\/kybernaut.cz\/\">kybernaut.cz<\/a><br><strong>Petra Stejskalov\u00e1<\/strong> &#8211; <a rel=\"noreferrer noopener\" href=\"https:\/\/www.petula.graphics\/\" data-type=\"URL\" data-id=\"https:\/\/www.petula.graphics\/\" target=\"_blank\">petula.graphics<\/a><strong><br>Michal Janata<\/strong> &#8211; <a href=\"https:\/\/michaljanata.cz\/\">michaljanata.cz<\/a><strong><br>Radek Ku\u010dera<\/strong> &#8211; <a href=\"https:\/\/www.wpmax.cz\/\">wpmax.cz<\/a><strong><br>Adam Laita<\/strong> &#8211; <a href=\"https:\/\/www.laita.cz\/\">laita.cz<\/a><strong><br>Pavel Urb\u00e1nek<\/strong> &#8211; <a href=\"https:\/\/www.wp-hosting.cz\/\">wp-hosting.cz<\/a><br><strong>Adina Foxov\u00e1<\/strong> \u2013 <a rel=\"noreferrer noopener\" href=\"https:\/\/adinafoxova.cz\/en\" data-type=\"URL\" data-id=\"https:\/\/adinafoxova.cz\/en\" target=\"_blank\">adinafoxova.cz<\/a><br><strong>Vlastimil Ott<\/strong> \u2013 <a rel=\"noreferrer noopener\" href=\"https:\/\/www.vlastimilott.cz\/\" data-type=\"URL\" data-id=\"https:\/\/www.vlastimilott.cz\/\" target=\"_blank\">vlastimilott.cz<\/a><br><strong>Petr Cibulka<\/strong> \u2013 <a rel=\"noreferrer noopener\" href=\"https:\/\/cibulka.me\/\" data-type=\"URL\" data-id=\"https:\/\/cibulka.me\/\" target=\"_blank\">cibulka.me<\/a><\/p>\n","protected":false},"excerpt":{"rendered":"<p>Jan \u0160t\u011btina &#8211; zaantar.eu &#8211; lead organizer (jan.stetina@naswp.cz)Vladim\u00edr Smitka &#8211; lynt.cz\u00a0&#8211; accounting (vladimir.smitka@lynt.cz)Tereza Suchanov\u00e1 &#8211; suchanova.cz &#8211; sponsors (sponzori@wordcamppraha.cz)Pavel Cahl\u00edk &#8211; cahlik.cz &#8211; speakers (speaker@wordcamppraha.cz)Karol\u00edna Vysko\u010dilov\u00e1 &#8211; kybernaut.czPetra Stejskalov\u00e1 &#8211; petula.graphicsMichal Janata &#8211; michaljanata.czRadek Ku\u010dera &#8211; wpmax.czAdam Laita &#8211; laita.czPavel Urb\u00e1nek &#8211; wp-hosting.czAdina Foxov\u00e1 \u2013 adinafoxova.czVlastimil Ott \u2013 vlastimilott.czPetr Cibulka \u2013 cibulka.me<\/p>\n","protected":false},"author":9292185,"featured_media":0,"parent":7894,"menu_order":0,"comment_status":"closed","ping_status":"closed","template":"","meta":{"jetpack_post_was_ever_published":false,"footnotes":""},"class_list":["post-7960","page","type-page","status-publish","hentry"],"jetpack_sharing_enabled":true,"_links":{"self":[{"href":"https:\/\/prague.wordcamp.org\/2021\/wp-json\/wp\/v2\/pages\/7960","targetHints":{"allow":["GET"]}}],"collection":[{"href":"https:\/\/prague.wordcamp.org\/2021\/wp-json\/wp\/v2\/pages"}],"about":[{"href":"https:\/\/prague.wordcamp.org\/2021\/wp-json\/wp\/v2\/types\/page"}],"author":[{"embeddable":true,"href":"https:\/\/prague.wordcamp.org\/2021\/wp-json\/wp\/v2\/users\/9292185"}],"replies":[{"embeddable":true,"href":"https:\/\/prague.wordcamp.org\/2021\/wp-json\/wp\/v2\/comments?post=7960"}],"version-history":[{"count":9,"href":"https:\/\/prague.wordcamp.org\/2021\/wp-json\/wp\/v2\/pages\/7960\/revisions"}],"predecessor-version":[{"id":13362,"href":"https:\/\/prague.wordcamp.org\/2021\/wp-json\/wp\/v2\/pages\/7960\/revisions\/13362"}],"up":[{"embeddable":true,"href":"https:\/\/prague.wordcamp.org\/2021\/wp-json\/wp\/v2\/pages\/7894"}],"wp:attachment":[{"href":"https:\/\/prague.wordcamp.org\/2021\/wp-json\/wp\/v2\/media?parent=7960"}],"curies":[{"name":"wp","href":"https:\/\/api.w.org\/{rel}","templated":true}]}}