{"id":7894,"date":"2019-06-20T06:49:32","date_gmt":"2019-06-20T06:49:32","guid":{"rendered":"https:\/\/2020.prague.wordcamp.org\/?page_id=7894"},"modified":"2021-02-10T19:46:48","modified_gmt":"2021-02-10T18:46:48","slug":"en","status":"publish","type":"page","link":"https:\/\/prague.wordcamp.org\/2021\/en\/","title":{"rendered":"English"},"content":{"rendered":"\n<p>Welcome to WordCamp Prague \u2013&nbsp;the biggest WordPress conference in the Czech Republic. We are looking forward to seeing all&nbsp;WordPress fans, end users and developers! The conference will be held on <strong>Saturday 27th February 2020<\/strong>, this time <strong>online<\/strong>.<\/p>\n\n\n\n<p><a href=\"https:\/\/central.wordcamp.org\/about\/\">WordCamps<\/a> are informal, community-organized events that are put together by WordPress users like you. Everyone from casual users to core developers participate, share ideas, and get to know each other.<\/p>\n\n\n\n<p class=\"has-very-light-gray-background-color has-background\"><strong>Since there are many online English-speaking WordCamps these days, we&#8217;re fully focusing on the Czech and Slovak audience and our talks are exclusively in these two languages this time. <\/strong><br><br>We&#8217;re looking forward to hosting a more diverse and English-friendly content as soon as physical events are possible again! <\/p>\n\n\n\n<p class=\"has-very-light-gray-background-color has-background\">In the meantime, we will be holding <a href=\"https:\/\/www.meetup.com\/naswp-cz\/\">online monthly meetups<\/a> where English talks are very welcome. If you&#8217;d like to participate, <a href=\"mailto:karolina.vyskocilova@naswp.cz\">please reach out to us<\/a>!<\/p>\n","protected":false},"excerpt":{"rendered":"<p>Welcome to WordCamp Prague \u2013&nbsp;the biggest WordPress conference in the Czech Republic. We are looking forward to seeing all&nbsp;WordPress fans, end users and developers! The conference will be held on Saturday 27th February 2020, this time online. WordCamps are informal, community-organized events that are put together by WordPress users like you. Everyone from casual users &hellip; <a href=\"https:\/\/prague.wordcamp.org\/2021\/en\/\" class=\"more-link\">Pokra\u010dovat ve \u010dten\u00ed<span class=\"screen-reader-text\"> &#8222;English&#8220;<\/span><\/a><\/p>\n","protected":false},"author":9292185,"featured_media":0,"parent":0,"menu_order":0,"comment_status":"closed","ping_status":"closed","template":"","meta":{"jetpack_post_was_ever_published":false,"footnotes":""},"class_list":["post-7894","page","type-page","status-publish","hentry"],"jetpack_sharing_enabled":true,"_links":{"self":[{"href":"https:\/\/prague.wordcamp.org\/2021\/wp-json\/wp\/v2\/pages\/7894","targetHints":{"allow":["GET"]}}],"collection":[{"href":"https:\/\/prague.wordcamp.org\/2021\/wp-json\/wp\/v2\/pages"}],"about":[{"href":"https:\/\/prague.wordcamp.org\/2021\/wp-json\/wp\/v2\/types\/page"}],"author":[{"embeddable":true,"href":"https:\/\/prague.wordcamp.org\/2021\/wp-json\/wp\/v2\/users\/9292185"}],"replies":[{"embeddable":true,"href":"https:\/\/prague.wordcamp.org\/2021\/wp-json\/wp\/v2\/comments?post=7894"}],"version-history":[{"count":8,"href":"https:\/\/prague.wordcamp.org\/2021\/wp-json\/wp\/v2\/pages\/7894\/revisions"}],"predecessor-version":[{"id":12578,"href":"https:\/\/prague.wordcamp.org\/2021\/wp-json\/wp\/v2\/pages\/7894\/revisions\/12578"}],"wp:attachment":[{"href":"https:\/\/prague.wordcamp.org\/2021\/wp-json\/wp\/v2\/media?parent=7894"}],"curies":[{"name":"wp","href":"https:\/\/api.w.org\/{rel}","templated":true}]}}