{"id":505,"date":"2016-12-21T14:59:14","date_gmt":"2016-12-21T13:59:14","guid":{"rendered":"http:\/\/2017.prague.wordcamp.org\/?page_id=505"},"modified":"2021-02-03T17:17:58","modified_gmt":"2021-02-03T16:17:58","slug":"media-loga","status":"publish","type":"page","link":"https:\/\/prague.wordcamp.org\/2021\/media-loga\/","title":{"rendered":"M\u00e9dia &#8211; loga a bannery"},"content":{"rendered":"\n<p>V\u00edce informac\u00ed o konferenci naleznete <a href=\"https:\/\/prague.wordcamp.org\/2021\/media\/\" data-type=\"page\" data-id=\"9297\">v tiskov\u00e9 zpr\u00e1v\u011b<\/a>. V p\u0159\u00edpad\u011b dotaz\u016f kontaktujte pros\u00edm <a href=\"mailto:jan.stetina@naswp.cz\">Honzu \u0160t\u011btinu<\/a> (hlavn\u00ed po\u0159adatel), nebo <a href=\"mailto:vladimir.smitka@lynt.cz\">Vladim\u00edra Smitku<\/a> (fakturace, m\u00e9dia).<\/p>\n\n\n\n<p><a rel=\"noreferrer noopener\" href=\"https:\/\/drive.google.com\/file\/d\/18UNwQfoF7WK2B1cx5_4M_8FjBbAqf_KO\/view?usp=sharing\" data-type=\"URL\" data-id=\"https:\/\/drive.google.com\/file\/d\/18UNwQfoF7WK2B1cx5_4M_8FjBbAqf_KO\/view?usp=sharing\" target=\"_blank\">V\u0161echna loga a bannery najednou<\/a><a href=\"https:\/\/drive.google.com\/file\/d\/18UNwQfoF7WK2B1cx5_4M_8FjBbAqf_KO\/view?usp=sharing\" data-type=\"URL\" data-id=\"https:\/\/drive.google.com\/file\/d\/18UNwQfoF7WK2B1cx5_4M_8FjBbAqf_KO\/view?usp=sharing\" target=\"_blank\" rel=\"noreferrer noopener\"> <\/a><a rel=\"noreferrer noopener\" href=\"https:\/\/drive.google.com\/file\/d\/18UNwQfoF7WK2B1cx5_4M_8FjBbAqf_KO\/view?usp=sharing\" data-type=\"URL\" data-id=\"https:\/\/drive.google.com\/file\/d\/18UNwQfoF7WK2B1cx5_4M_8FjBbAqf_KO\/view?usp=sharing\" target=\"_blank\">si m\u016f\u017eete st\u00e1hnout zde.<\/a><\/p>\n\n\n\n<h2 class=\"wp-block-heading\">Logo WordCamp Praha 2021<\/h2>\n\n\n\n<figure class=\"wp-block-image size-medium\"><img data-recalc-dims=\"1\" loading=\"lazy\" decoding=\"async\" width=\"300\" height=\"249\" src=\"https:\/\/i0.wp.com\/prague.wordcamp.org\/2021\/files\/2021\/01\/wc_logo-2021-1.png?resize=300%2C249&#038;ssl=1\" alt=\"\" class=\"wp-image-12161\" srcset=\"https:\/\/i0.wp.com\/prague.wordcamp.org\/2021\/files\/2021\/01\/wc_logo-2021-1.png?resize=300%2C249&amp;ssl=1 300w, https:\/\/i0.wp.com\/prague.wordcamp.org\/2021\/files\/2021\/01\/wc_logo-2021-1.png?resize=1024%2C849&amp;ssl=1 1024w, https:\/\/i0.wp.com\/prague.wordcamp.org\/2021\/files\/2021\/01\/wc_logo-2021-1.png?resize=768%2C637&amp;ssl=1 768w, https:\/\/i0.wp.com\/prague.wordcamp.org\/2021\/files\/2021\/01\/wc_logo-2021-1.png?resize=362%2C300&amp;ssl=1 362w, https:\/\/i0.wp.com\/prague.wordcamp.org\/2021\/files\/2021\/01\/wc_logo-2021-1.png?resize=1536%2C1274&amp;ssl=1 1536w, https:\/\/i0.wp.com\/prague.wordcamp.org\/2021\/files\/2021\/01\/wc_logo-2021-1.png?resize=2048%2C1698&amp;ssl=1 2048w, https:\/\/i0.wp.com\/prague.wordcamp.org\/2021\/files\/2021\/01\/wc_logo-2021-1.png?w=1600&amp;ssl=1 1600w, https:\/\/i0.wp.com\/prague.wordcamp.org\/2021\/files\/2021\/01\/wc_logo-2021-1.png?w=2400&amp;ssl=1 2400w\" sizes=\"auto, (max-width: 300px) 100vw, 300px\" \/><\/figure>\n\n\n\n<p>K\u00f3d pro vlo\u017een\u00ed:<\/p>\n\n\n\n<pre class=\"wp-block-code\"><code>&lt;a href=\"https:\/\/prague.wordcamp.org\/2021\/\"&gt;&lt;img src=\"https:\/\/prague.wordcamp.org\/2021\/files\/2021\/01\/wc_logo-2021-1.png\" alt=\"WordCamp Praha 2021\" width=\"820\" height=\"338\" \/&gt;&lt;\/a&gt;<\/code><\/pre>\n\n\n\n<h2 class=\"wp-block-heading\">Wapuu WordCamp Praha<\/h2>\n\n\n\n<figure class=\"wp-block-image size-medium\"><img data-recalc-dims=\"1\" loading=\"lazy\" decoding=\"async\" width=\"300\" height=\"300\" src=\"https:\/\/i0.wp.com\/prague.wordcamp.org\/2021\/files\/2016\/10\/cropped-wapuuking-1024x724-2.png?resize=300%2C300&#038;ssl=1\" alt=\"\" class=\"wp-image-4425\" srcset=\"https:\/\/i0.wp.com\/prague.wordcamp.org\/2021\/files\/2016\/10\/cropped-wapuuking-1024x724-2.png?resize=300%2C300&amp;ssl=1 300w, https:\/\/i0.wp.com\/prague.wordcamp.org\/2021\/files\/2016\/10\/cropped-wapuuking-1024x724-2.png?resize=150%2C150&amp;ssl=1 150w, https:\/\/i0.wp.com\/prague.wordcamp.org\/2021\/files\/2016\/10\/cropped-wapuuking-1024x724-2.png?w=512&amp;ssl=1 512w\" sizes=\"auto, (max-width: 300px) 100vw, 300px\" \/><\/figure>\n\n\n\n<p>K\u00f3d pro vlo\u017een\u00ed:<\/p>\n\n\n\n<pre class=\"wp-block-code\"><code>&lt;a href=\"https:\/\/prague.wordcamp.org\/2021\/\"&gt;&lt;img src=\"https:\/\/prague.wordcamp.org\/2021\/files\/2016\/10\/cropped-wapuuking-1024x724-2.png\" alt=\"WordCamp Praha 2021\" width=\"300\" height=\"300\" \/&gt;&lt;\/a&gt;<\/code><\/pre>\n\n\n\n<h2 class=\"wp-block-heading\">Cover<\/h2>\n\n\n\n<figure class=\"wp-block-image size-large\"><img data-recalc-dims=\"1\" loading=\"lazy\" decoding=\"async\" width=\"800\" height=\"330\" src=\"https:\/\/i0.wp.com\/prague.wordcamp.org\/2021\/files\/2021\/01\/psd-bannery-fb-1.jpg?resize=800%2C330&#038;ssl=1\" alt=\"\" class=\"wp-image-12170\" srcset=\"https:\/\/i0.wp.com\/prague.wordcamp.org\/2021\/files\/2021\/01\/psd-bannery-fb-1.jpg?w=820&amp;ssl=1 820w, https:\/\/i0.wp.com\/prague.wordcamp.org\/2021\/files\/2021\/01\/psd-bannery-fb-1.jpg?resize=300%2C124&amp;ssl=1 300w, https:\/\/i0.wp.com\/prague.wordcamp.org\/2021\/files\/2021\/01\/psd-bannery-fb-1.jpg?resize=768%2C317&amp;ssl=1 768w, https:\/\/i0.wp.com\/prague.wordcamp.org\/2021\/files\/2021\/01\/psd-bannery-fb-1.jpg?resize=500%2C206&amp;ssl=1 500w\" sizes=\"auto, (max-width: 800px) 100vw, 800px\" \/><\/figure>\n\n\n\n<p>K\u00f3d pro vlo\u017een\u00ed:<\/p>\n\n\n\n<div class=\"wp-block-columns is-layout-flex wp-container-core-columns-is-layout-9d6595d7 wp-block-columns-is-layout-flex\">\n<div class=\"wp-block-column is-layout-flow wp-block-column-is-layout-flow\" style=\"flex-basis:100%\">\n<div class=\"wp-block-group\"><div class=\"wp-block-group__inner-container is-layout-flow wp-block-group-is-layout-flow\">\n<pre class=\"wp-block-code\"><code>&lt;a href=\"https:\/\/prague.wordcamp.org\/2021\/\"&gt;&lt;img src=\"https:\/\/prague.wordcamp.org\/2021\/files\/2021\/01\/psd-bannery-fb-1.jpg\" alt=\"WordCamp Praha 2021\" width=\"820\" height=\"338\" \/&gt;&lt;\/a&gt;<\/code><\/pre>\n<\/div><\/div>\n<\/div>\n<\/div>\n\n\n\n<h2 class=\"wp-block-heading\">Banner &#8222;J\u00e1 tam budu, a ty?&#8220;<\/h2>\n\n\n\n<figure class=\"wp-block-image\"><img data-recalc-dims=\"1\" decoding=\"async\" src=\"https:\/\/i0.wp.com\/prague.wordcamp.org\/2021\/files\/2021\/01\/ja-tam-budu-a-ty-250-250.jpg?w=800&#038;ssl=1\" alt=\"\" class=\"wp-image-12001\" \/><\/figure>\n\n\n\n<p>K\u00f3d pro um\u00edst\u011bn\u00ed banneru:<\/p>\n\n\n\n<pre class=\"wp-block-code\"><code>&lt;a href=\"https:\/\/prague.wordcamp.org\/2021\/\"&gt;&lt;img src=\"https:\/\/prague.wordcamp.org\/2021\/files\/2021\/01\/ja-tam-budu-a-ty-250-250.jpg\" alt=\"WordCamp Praha 2021\" width=\"250\" height=\"250\" \/&gt;&lt;\/a&gt;<\/code><\/pre>\n\n\n\n<figure class=\"wp-block-image\"><img data-recalc-dims=\"1\" decoding=\"async\" src=\"https:\/\/i0.wp.com\/prague.wordcamp.org\/2021\/files\/2021\/01\/ja-tam-budu-a-ty-300-300.jpg?w=800&#038;ssl=1\" alt=\"\" class=\"wp-image-12001\" \/><\/figure>\n\n\n\n<p>K\u00f3d pro um\u00edst\u011bn\u00ed banneru:<\/p>\n\n\n\n<pre class=\"wp-block-code\"><code>&lt;a href=\"https:\/\/prague.wordcamp.org\/2021\/\"&gt;&lt;img src=\"https:\/\/prague.wordcamp.org\/2021\/files\/2021\/01\/ja-tam-budu-a-ty-300-300.jpg\" alt=\"WordCamp Praha 2021\" width=\"300\" height=\"300\" \/&gt;&lt;\/a&gt;<\/code><\/pre>\n\n\n\n<h2 class=\"wp-block-heading\">Banner &#8222;My tam budeme, a vy?&#8220;<\/h2>\n\n\n\n<figure class=\"wp-block-image size-large\"><img data-recalc-dims=\"1\" loading=\"lazy\" decoding=\"async\" width=\"250\" height=\"250\" src=\"https:\/\/i0.wp.com\/prague.wordcamp.org\/2021\/files\/2021\/02\/mytambudeme-2-250-250.jpg?resize=250%2C250&#038;ssl=1\" alt=\"\" class=\"wp-image-12309\" srcset=\"https:\/\/i0.wp.com\/prague.wordcamp.org\/2021\/files\/2021\/02\/mytambudeme-2-250-250.jpg?w=250&amp;ssl=1 250w, https:\/\/i0.wp.com\/prague.wordcamp.org\/2021\/files\/2021\/02\/mytambudeme-2-250-250.jpg?resize=150%2C150&amp;ssl=1 150w\" sizes=\"auto, (max-width: 250px) 100vw, 250px\" \/><\/figure>\n\n\n\n<p>K\u00f3d pro um\u00edst\u011bn\u00ed banneru:<\/p>\n\n\n\n<pre class=\"wp-block-code\"><code>&lt;a href=\"https:\/\/prague.wordcamp.org\/2021\/\"&gt;&lt;img src=\"https:\/\/prague.wordcamp.org\/2021\/files\/2021\/02\/mytambudeme-2-250-250.jpg\" alt=\"WordCamp Praha 2021\" width=\"250\" height=\"250\" \/&gt;&lt;\/a&gt;<\/code><\/pre>\n\n\n\n<figure class=\"wp-block-image size-large\"><img data-recalc-dims=\"1\" loading=\"lazy\" decoding=\"async\" width=\"300\" height=\"300\" src=\"https:\/\/i0.wp.com\/prague.wordcamp.org\/2021\/files\/2021\/02\/mytambudeme-2-300-300.jpg?resize=300%2C300&#038;ssl=1\" alt=\"\" class=\"wp-image-12310\" srcset=\"https:\/\/i0.wp.com\/prague.wordcamp.org\/2021\/files\/2021\/02\/mytambudeme-2-300-300.jpg?w=300&amp;ssl=1 300w, https:\/\/i0.wp.com\/prague.wordcamp.org\/2021\/files\/2021\/02\/mytambudeme-2-300-300.jpg?resize=150%2C150&amp;ssl=1 150w\" sizes=\"auto, (max-width: 300px) 100vw, 300px\" \/><\/figure>\n\n\n\n<p>K\u00f3d pro um\u00edst\u011bn\u00ed banneru:<\/p>\n\n\n\n<pre class=\"wp-block-code\"><code>&lt;a href=\"https:\/\/prague.wordcamp.org\/2021\/\"&gt;&lt;img src=\"https:\/\/prague.wordcamp.org\/2021\/files\/2021\/02\/mytambudeme-2-300-300.jpg\" alt=\"WordCamp Praha 2021\" width=\"300\" height=\"300\" \/&gt;&lt;\/a&gt;<\/code><\/pre>\n\n\n\n<h2 class=\"wp-block-heading\">Banner &#8222;Z\u00fa\u010dastn\u00edm se&#8220;<\/h2>\n\n\n\n<figure class=\"wp-block-image size-large\"><img data-recalc-dims=\"1\" loading=\"lazy\" decoding=\"async\" width=\"250\" height=\"250\" src=\"https:\/\/i0.wp.com\/prague.wordcamp.org\/2021\/files\/2021\/02\/zucastnim-se-250-250-new.jpg?resize=250%2C250&#038;ssl=1\" alt=\"\" class=\"wp-image-12313\" srcset=\"https:\/\/i0.wp.com\/prague.wordcamp.org\/2021\/files\/2021\/02\/zucastnim-se-250-250-new.jpg?w=250&amp;ssl=1 250w, https:\/\/i0.wp.com\/prague.wordcamp.org\/2021\/files\/2021\/02\/zucastnim-se-250-250-new.jpg?resize=150%2C150&amp;ssl=1 150w\" sizes=\"auto, (max-width: 250px) 100vw, 250px\" \/><\/figure>\n\n\n\n<p>K\u00f3d pro um\u00edst\u011bn\u00ed banneru:<\/p>\n\n\n\n<pre class=\"wp-block-code\"><code>&lt;a href=\"https:\/\/prague.wordcamp.org\/2021\/\"&gt;&lt;img src=\"https:\/\/prague.wordcamp.org\/2021\/files\/2021\/02\/zucastnim-se-250-250-new.jpg\" alt=\"WordCamp Praha 2021\" width=\"250\" height=\"250\" \/&gt;&lt;\/a&gt;<\/code><\/pre>\n\n\n\n<figure class=\"wp-block-image size-large\"><img data-recalc-dims=\"1\" loading=\"lazy\" decoding=\"async\" width=\"300\" height=\"300\" src=\"https:\/\/i0.wp.com\/prague.wordcamp.org\/2021\/files\/2021\/02\/zucastnim-se-300-300-new.jpg?resize=300%2C300&#038;ssl=1\" alt=\"\" class=\"wp-image-12314\" srcset=\"https:\/\/i0.wp.com\/prague.wordcamp.org\/2021\/files\/2021\/02\/zucastnim-se-300-300-new.jpg?w=300&amp;ssl=1 300w, https:\/\/i0.wp.com\/prague.wordcamp.org\/2021\/files\/2021\/02\/zucastnim-se-300-300-new.jpg?resize=150%2C150&amp;ssl=1 150w\" sizes=\"auto, (max-width: 300px) 100vw, 300px\" \/><\/figure>\n\n\n\n<p>K\u00f3d pro um\u00edst\u011bn\u00ed banneru:<\/p>\n\n\n\n<pre class=\"wp-block-code\"><code>&lt;a href=\"https:\/\/prague.wordcamp.org\/2021\/\"&gt;&lt;img src=\"https:\/\/prague.wordcamp.org\/2021\/files\/2021\/02\/zucastnim-se-300-300-new.jpg\" alt=\"WordCamp Praha 2021\" width=\"300\" height=\"300\" \/&gt;&lt;\/a&gt;<\/code><\/pre>\n\n\n\n<h2 class=\"wp-block-heading\">Banner &#8222;Prohl\u00e9dnout program&#8220;<\/h2>\n\n\n\n<figure class=\"wp-block-image size-large\"><img data-recalc-dims=\"1\" loading=\"lazy\" decoding=\"async\" width=\"250\" height=\"250\" src=\"https:\/\/i0.wp.com\/prague.wordcamp.org\/2021\/files\/2021\/02\/program-2-250-250.jpg?resize=250%2C250&#038;ssl=1\" alt=\"\" class=\"wp-image-12311\" srcset=\"https:\/\/i0.wp.com\/prague.wordcamp.org\/2021\/files\/2021\/02\/program-2-250-250.jpg?w=250&amp;ssl=1 250w, https:\/\/i0.wp.com\/prague.wordcamp.org\/2021\/files\/2021\/02\/program-2-250-250.jpg?resize=150%2C150&amp;ssl=1 150w\" sizes=\"auto, (max-width: 250px) 100vw, 250px\" \/><\/figure>\n\n\n\n<p>K\u00f3d pro um\u00edst\u011bn\u00ed banneru:<\/p>\n\n\n\n<pre class=\"wp-block-code\"><code>&lt;a href=\"https:\/\/prague.wordcamp.org\/2021\/\"&gt;&lt;img src=\"https:\/\/prague.wordcamp.org\/2021\/files\/2021\/02\/program-2-250-250.jpg\" alt=\"WordCamp Praha 2021\" width=\"250\" height=\"250\" \/&gt;&lt;\/a&gt;<\/code><\/pre>\n\n\n\n<figure class=\"wp-block-image size-large\"><img data-recalc-dims=\"1\" loading=\"lazy\" decoding=\"async\" width=\"300\" height=\"300\" src=\"https:\/\/i0.wp.com\/prague.wordcamp.org\/2021\/files\/2021\/02\/program-2-300-300.jpg?resize=300%2C300&#038;ssl=1\" alt=\"\" class=\"wp-image-12312\" srcset=\"https:\/\/i0.wp.com\/prague.wordcamp.org\/2021\/files\/2021\/02\/program-2-300-300.jpg?w=300&amp;ssl=1 300w, https:\/\/i0.wp.com\/prague.wordcamp.org\/2021\/files\/2021\/02\/program-2-300-300.jpg?resize=150%2C150&amp;ssl=1 150w\" sizes=\"auto, (max-width: 300px) 100vw, 300px\" \/><\/figure>\n\n\n\n<p>K\u00f3d pro um\u00edst\u011bn\u00ed banneru:<\/p>\n\n\n\n<pre class=\"wp-block-code\"><code>&lt;a href=\"https:\/\/prague.wordcamp.org\/2021\/\"&gt;&lt;img src=\"https:\/\/prague.wordcamp.org\/2021\/files\/2021\/02\/program-2-300-300.jpg\" alt=\"WordCamp Praha 2021\" width=\"300\" height=\"300\" \/&gt;&lt;\/a&gt;<\/code><\/pre>\n\n\n\n<h2 class=\"wp-block-heading\">Banner &#8222;Registrace&#8220;<\/h2>\n\n\n\n<figure class=\"wp-block-image\"><img data-recalc-dims=\"1\" decoding=\"async\" src=\"https:\/\/i0.wp.com\/prague.wordcamp.org\/2021\/files\/2021\/01\/registrace-600-500.jpg?w=800&#038;ssl=1\" alt=\"\" class=\"wp-image-12001\" \/><\/figure>\n\n\n\n<p>K\u00f3d pro um\u00edst\u011bn\u00ed banneru:<\/p>\n\n\n\n<pre class=\"wp-block-code\"><code>&lt;a href=\"https:\/\/prague.wordcamp.org\/2021\/\"&gt;&lt;img src=\"https:\/\/prague.wordcamp.org\/2021\/files\/2021\/01\/registrace-600-500.jpg\" alt=\"WordCamp Praha 2021\" width=\"600\" height=\"500\" \/&gt;&lt;\/a&gt;<\/code><\/pre>\n\n\n\n<figure class=\"wp-block-image\"><img data-recalc-dims=\"1\" decoding=\"async\" src=\"https:\/\/i0.wp.com\/prague.wordcamp.org\/2021\/files\/2021\/01\/registrace-250-250.jpg?w=800&#038;ssl=1\" alt=\"\" class=\"wp-image-12001\" \/><\/figure>\n\n\n\n<p>K\u00f3d pro um\u00edst\u011bn\u00ed banneru:<\/p>\n\n\n\n<pre class=\"wp-block-code\"><code>&lt;a href=\"https:\/\/prague.wordcamp.org\/2021\/\"&gt;&lt;img src=\"https:\/\/prague.wordcamp.org\/2021\/files\/2021\/01\/registrace-250-250.jpg\" alt=\"WordCamp Praha 2021\" width=\"250\" height=\"250\" \/&gt;&lt;\/a&gt;<\/code><\/pre>\n\n\n\n<figure class=\"wp-block-image\"><img data-recalc-dims=\"1\" decoding=\"async\" src=\"https:\/\/i0.wp.com\/prague.wordcamp.org\/2021\/files\/2021\/01\/registrace-310-100.jpg?w=800&#038;ssl=1\" alt=\"\" class=\"wp-image-12001\" \/><\/figure>\n\n\n\n<p>K\u00f3d pro um\u00edst\u011bn\u00ed banneru:<\/p>\n\n\n\n<pre class=\"wp-block-code\"><code>&lt;a href=\"https:\/\/prague.wordcamp.org\/2021\/\"&gt;&lt;img src=\"https:\/\/prague.wordcamp.org\/2021\/files\/2021\/01\/registrace-310-100.jpg\" alt=\"WordCamp Praha 2021\" width=\"310\" height=\"100\" \/&gt;&lt;\/a&gt;<\/code><\/pre>\n\n\n\n<h2 class=\"wp-block-heading\">Banner bez tla\u010d\u00edtka<\/h2>\n\n\n\n<figure class=\"wp-block-image\"><img data-recalc-dims=\"1\" decoding=\"async\" src=\"https:\/\/i0.wp.com\/prague.wordcamp.org\/2021\/files\/2021\/01\/bez-tlacitka-310-100.jpg?w=800&#038;ssl=1\" alt=\"\" class=\"wp-image-12001\" \/><\/figure>\n\n\n\n<p>K\u00f3d pro um\u00edst\u011bn\u00ed banneru:<\/p>\n\n\n\n<pre class=\"wp-block-code\"><code>&lt;a href=\"https:\/\/prague.wordcamp.org\/2021\/\"&gt;&lt;img src=\"https:\/\/prague.wordcamp.org\/2021\/files\/2021\/01\/bez-tlacitka-310-100.jpg\" alt=\"WordCamp Praha 2021\" width=\"310\" height=\"100\" \/&gt;&lt;\/a&gt;<\/code><\/pre>\n","protected":false},"excerpt":{"rendered":"<p>V\u00edce informac\u00ed o konferenci naleznete v tiskov\u00e9 zpr\u00e1v\u011b. V p\u0159\u00edpad\u011b dotaz\u016f kontaktujte pros\u00edm Honzu \u0160t\u011btinu (hlavn\u00ed po\u0159adatel), nebo Vladim\u00edra Smitku (fakturace, m\u00e9dia). V\u0161echna loga a bannery najednou si m\u016f\u017eete st\u00e1hnout zde. Logo WordCamp Praha 2021 K\u00f3d pro vlo\u017een\u00ed: Wapuu WordCamp Praha K\u00f3d pro vlo\u017een\u00ed: Cover K\u00f3d pro vlo\u017een\u00ed: Banner &#8222;J\u00e1 tam budu, a ty?&#8220; K\u00f3d &hellip; <a href=\"https:\/\/prague.wordcamp.org\/2021\/media-loga\/\" class=\"more-link\">Pokra\u010dovat ve \u010dten\u00ed<span class=\"screen-reader-text\"> &#8222;M\u00e9dia &#8211; loga a bannery&#8220;<\/span><\/a><\/p>\n","protected":false},"author":16523935,"featured_media":0,"parent":0,"menu_order":0,"comment_status":"closed","ping_status":"closed","template":"","meta":{"jetpack_post_was_ever_published":false,"footnotes":""},"class_list":["post-505","page","type-page","status-publish","hentry"],"jetpack_sharing_enabled":true,"_links":{"self":[{"href":"https:\/\/prague.wordcamp.org\/2021\/wp-json\/wp\/v2\/pages\/505","targetHints":{"allow":["GET"]}}],"collection":[{"href":"https:\/\/prague.wordcamp.org\/2021\/wp-json\/wp\/v2\/pages"}],"about":[{"href":"https:\/\/prague.wordcamp.org\/2021\/wp-json\/wp\/v2\/types\/page"}],"author":[{"embeddable":true,"href":"https:\/\/prague.wordcamp.org\/2021\/wp-json\/wp\/v2\/users\/16523935"}],"replies":[{"embeddable":true,"href":"https:\/\/prague.wordcamp.org\/2021\/wp-json\/wp\/v2\/comments?post=505"}],"version-history":[{"count":18,"href":"https:\/\/prague.wordcamp.org\/2021\/wp-json\/wp\/v2\/pages\/505\/revisions"}],"predecessor-version":[{"id":12315,"href":"https:\/\/prague.wordcamp.org\/2021\/wp-json\/wp\/v2\/pages\/505\/revisions\/12315"}],"wp:attachment":[{"href":"https:\/\/prague.wordcamp.org\/2021\/wp-json\/wp\/v2\/media?parent=505"}],"curies":[{"name":"wp","href":"https:\/\/api.w.org\/{rel}","templated":true}]}}