{"id":1863,"date":"2016-11-08T12:44:36","date_gmt":"2016-11-08T12:44:36","guid":{"rendered":"http:\/\/2017.prague.wordcamp.org\/?page_id=60"},"modified":"2021-04-04T19:57:59","modified_gmt":"2021-04-04T17:57:59","slug":"kontakt","status":"publish","type":"page","link":"https:\/\/prague.wordcamp.org\/2021\/kontakt\/","title":{"rendered":"Kontakt"},"content":{"rendered":"\n<p>Pro obecn\u00e9 dotazy, pros\u00edme, vyu\u017eijte tento kontaktn\u00ed formul\u00e1\u0159:<\/p>\n\n\n<div data-test='contact-form'\n\t\t\tid='contact-form-1863'\n\t\t\tclass='wp-block-jetpack-contact-form-container '\n\t\t\tdata-wp-interactive='jetpack\/form' data-wp-context='{\"formId\":\"1863\",\"formHash\":\"af67aeec80bad5e2e36a51747361695424b50f0d\",\"showErrors\":false,\"errors\":[],\"fields\":[],\"isMultiStep\":false,\"useAjax\":true,\"submissionData\":null,\"formattedSubmissionData\":[],\"submissionSuccess\":false,\"submissionError\":null,\"elementId\":\"jp-form-af67aeec80bad5e2e36a51747361695424b50f0d\",\"isSingleInputForm\":false}'\n\t\t\tdata-wp-watch--scroll-to-wrapper=\"callbacks.scrollToWrapper\"\n\t\t>\n<div class=\"contact-form-submission contact-form-ajax-submission\" data-wp-bind--aria-hidden=\"state.isSuccessMessageAriaHidden\" data-wp-class--submission-success=\"context.submissionSuccess\" id=\"contact-form-success-af67aeec80bad5e2e36a51747361695424b50f0d\" tabindex=\"-1\" aria-labelledby=\"contact-form-success-header-af67aeec80bad5e2e36a51747361695424b50f0d\"><p class=\"go-back-message\"><a class=\"link\" role=\"button\" tabindex=\"0\" data-wp-on--click=\"actions.goBack\" href=\"\/2021\/wp-json\/wp\/v2\/pages\/1863\">\u2190 Back<\/a><\/p><h4 data-wp-bind--aria-hidden=\"state.isSuccessMessageAriaHidden\" id=\"contact-form-success-header-af67aeec80bad5e2e36a51747361695424b50f0d\">Your message has been sent<\/h4>\n\n<div class=\"jetpack_forms_contact-form-custom-success-message\">V\u00e1\u0161 dotaz byl odesl\u00e1n, d\u011bkujeme!<\/div><\/div><form action='https:\/\/prague.wordcamp.org\/2021\/kontakt\/'\n\t\t\t\tid='jp-form-af67aeec80bad5e2e36a51747361695424b50f0d'\n\t\t\t\tmethod='post'\n\t\t\t\tclass='contact-form commentsblock wp-block-jetpack-contact-form' aria-label=\"Kontakt\"\n\t\t\t\tdata-wp-on--submit=\"actions.onFormSubmit\"\n\t\t\t\tdata-wp-on--reset=\"actions.onFormReset\"\n\t\t\t\tdata-wp-class--submission-success=\"context.submissionSuccess\"\n\t\t\t\tdata-wp-class--is-first-step=\"state.isFirstStep\"\n\t\t\t\tdata-wp-class--is-last-step=\"state.isLastStep\"\n\t\t\t\tdata-wp-class--is-ajax-form=\"context.useAjax\"\n\t\t\t\tnovalidate >\n<input type='hidden' name='jetpack_contact_form_jwt' value='eyJ0eXAiOiJKV1QiLCJhbGciOiJIUzI1NiJ9.eyJlbmNyeXB0ZWRfYXR0cmlidXRlcyI6IlhIcjBoR1c5SjVSWUg5ZExUcS9BUUNHNC9HckxqRVlMTzdSUWxLMWRoQUNLa2pPZkU2eFlpYWVRL2Z2Qlc0RUs5TmlHbUZEY1ZVMDBPdWtFN1l3RmpYUGd6ekgvSnUzb2ZCaDNSTXY1d3lrMFhudCtDbVZrcFZxOC9pZ0dGL2FzN214NzRObEpWZlhpTkNWUE9kMzVCK0MyVjV6QXpHS1RzNzFNMEllQmZMZ0ZxNCtHWmhLM1dBUVRiamY1UUFNNXc4Vk9TaUcwNWY0SGlacWQ2RzNwT2poelhjRDJ3RW5Ub3phNTFJZzk0cXFDV2ZEUThtTjhUWFU3ZWlqWmlxZkRLanRQMXhHaG5PcU4vaTdxQVl6M2hMYXJVRDYrL25XZ01RVFRFVUxsd1hTZ2h6V0dPK295NFZpTnVnT2ZSd2pyMkh0Y2hTYXpROXphNVFQRU1LQ2F5blREZ0dMeUpCSUhEVHZLMlIzNWRWMXFSWTVGWlh1U1RNTWhGNkpaY2ovVXA3YStIbGZIYmRuQzJsR3oybFZpK1Y3aExVVkFYcmJ5Q2ZrRVlRdGk4MnBod0x5aXFUQzZGZyt1bkdZZlBtcUlDcWhMU1ZpakhqN21GbkpFT2N3MElNRGRmanQvanVKRU4xN3JrS0ppa3lldS9KemZQcjlydGw4cVBJNTlESlhmdGt6aWNuMHhvTEU4S2w4QVhGVGExWVRiZ2QvZi85VWxoa3pqUUtlQjViRGFTbnd6Q1A2YVdiM2RxSlpSWkdleG9MTzJKUm5yRWVIOVJaUXhxaDVWU1Q3R0NjdjBQSFZOWXN6RUViS1ZJbU41Qmw4cEN1NG5sdnhlZTNORFRnSEpaNkMxOEdDWUNkT1FXcktYaS9oK3JFd081N2FUVTNIa3RnaEVnMUVOVU9aZ29kUkoyNGZibmpKYXBlTklWK1A1OXpRN0dkdkt5ZzB2YkNJVkVvSHEycmEwdjVsS21qakhNK0g2Tzg1b09mOEVDMUhqeFlxTENNUkRVcEdkTU8zaXdXTk5qNHlxVnlWRHJjSlk4YURzNVJjTzAxOTVrWmNzMXZUWkQxUVg0YXBQSkVJWHlwQXJmdzR3NWk0OC9tVUFFSWIwMTVZMW51Q0lISzFQcUEzOTRGMnkyS0VWbE5aMHdISkk5ZitZUHRnZzcvVm9ocnpQejc5Y2pMRlcrbmgrcy9Vbm1MWGR2YVcrOGNGV3RHaVdIRlM5VUxkSDZvTnJhbWN3L3dxYlpDcjJpT1RNdFlKUXJZei82SmFHQVJidDZhdTdRenBwdFJxRzY3Vm5iOWRwL0R0N3BSeUZQZXBGWmJ0eHFuT3JUdTlTaldkbUR1UDNTWjB5R3RIaFlHSzBoeWt4ZmtRVWlWZWpnbnhaOVdkTi9kQmtyemMwWXc9PSIsImNvbnRlbnQiOiJcbltjb250YWN0LWZpZWxkIGxhYmVsPVwiSm1cdTAwZTlub1wiIHJlcXVpcmVkPVwiMVwiIHR5cGU9XCJuYW1lXCIvXVxuXG5bY29udGFjdC1maWVsZCByZXF1aXJlZD1cIjFcIiB0eXBlPVwiZW1haWxcIiBsYWJlbD1cIkVtYWlsXCIvXVxuXG5bY29udGFjdC1maWVsZCBsYWJlbD1cIlpwclx1MDBlMXZhXCIgdHlwZT1cInRleHRhcmVhXCIvXVxuXG48ZGl2IGNsYXNzPVwid3AtYmxvY2stamV0cGFjay1idXR0b24gd3AtYmxvY2stYnV0dG9uXCIgc3R5bGU9XCJcIj48YnV0dG9uIGNsYXNzPVwid3AtYmxvY2stYnV0dG9uX19saW5rXCIgc3R5bGU9XCJcIiBkYXRhLWlkLWF0dHI9XCJwbGFjZWhvbGRlclwiIHR5cGU9XCJzdWJtaXRcIiBkYXRhLXdwLWNsYXNzLS1pcy1zdWJtaXR0aW5nPVwic3RhdGUuaXNTdWJtaXR0aW5nXCIgZGF0YS13cC1iaW5kLS1hcmlhLWRpc2FibGVkPVwic3RhdGUuaXNBcmlhRGlzYWJsZWRcIj5PZGVzbGF0PHNwYW4gY2xhc3M9XCJzcGlubmVyXCIgYXJpYS1oaWRkZW49XCJ0cnVlXCI-PHN2ZyB3aWR0aD1cIjI0XCIgaGVpZ2h0PVwiMjRcIiB2aWV3Qm94PVwiMCAwIDI0IDI0XCIgeG1sbnM9XCJodHRwOi8vd3d3LnczLm9yZy8yMDAwL3N2Z1wiPjxwYXRoIGQ9XCJNMTIsMUExMSwxMSwwLDEsMCwyMywxMiwxMSwxMSwwLDAsMCwxMiwxWm0wLDE5YTgsOCwwLDEsMSw4LThBOCw4LDAsMCwxLDEyLDIwWlwiIG9wYWNpdHk9XCIuMjVcIi8-PHBhdGggZD1cIk0xMC4xNCwxLjE2YTExLDExLDAsMCwwLTksOC45MkExLjU5LDEuNTksMCwwLDAsMi40NiwxMiwxLjUyLDEuNTIsMCwwLDAsNC4xMSwxMC43YTgsOCwwLDAsMSw2LjY2LTYuNjFBMS40MiwxLjQyLDAsMCwwLDEyLDIuNjloMEExLjU3LDEuNTcsMCwwLDAsMTAuMTQsMS4xNlpcIj48YW5pbWF0ZVRyYW5zZm9ybSBhdHRyaWJ1dGVOYW1lPVwidHJhbnNmb3JtXCIgdHlwZT1cInJvdGF0ZVwiIGR1cj1cIjAuNzVzXCIgdmFsdWVzPVwiMCAxMiAxMjszNjAgMTIgMTJcIiByZXBlYXRDb3VudD1cImluZGVmaW5pdGVcIi8-PC9wYXRoPjwvc3ZnPjxzcGFuIGNsYXNzPVwiaXMtdmlzdWFsbHktaGlkZGVuXCI-U3VibWl0dGluZyBmb3JtPC9zcGFuPjwvc3Bhbj48L2J1dHRvbj48L2Rpdj5cbiIsImhhc2giOiJhZjY3YWVlYzgwYmFkNWUyZTM2YTUxNzQ3MzYxNjk1NDI0YjUwZjBkIiwic291cmNlIjp7ImVudHJ5X3RpdGxlIjoiS29udGFrdCIsImVudHJ5X3BhZ2UiOjEsInNvdXJjZV9pZCI6MTg2Mywic291cmNlX3R5cGUiOiJzaW5nbGUiLCJyZXF1ZXN0X3VybCI6Imh0dHBzOi8vcHJhZ3VlLndvcmRjYW1wLm9yZy8yMDIxL3dwLWpzb24vd3AvdjIvcGFnZXMvMTg2MyJ9LCJ2ZXJzaW9uIjoyLCJjaXBoZXIiOiJhZXMtMjU2LWdjbSJ9.UOGtbXeWDMLy6LJL17iqv1aVk-0FfsJogIoEBd3uEWU' \/>\n\n\n<div style=\"\"  data-wp-interactive=\"jetpack\/form\" data-wp-context='{\"fieldId\":\"g1863-jmno\",\"fieldType\":\"name\",\"fieldLabel\":\"Jm\\u00e9no\",\"fieldValue\":\"\",\"fieldPlaceholder\":\"\",\"fieldIsRequired\":\"1\",\"fieldErrorMessage\":\"\",\"fieldExtra\":[],\"formHash\":\"af67aeec80bad5e2e36a51747361695424b50f0d\"}'  class='grunion-field-name-wrap grunion-field-wrap'  data-wp-init='callbacks.initializeField' data-wp-on--jetpack-form-reset='callbacks.initializeField' >\n<label\n\t\t\t\tfor='g1863-jmno' class=\"grunion-field-label name\" >Jm\u00e9no<span class=\"grunion-label-required\" aria-hidden=\"true\">(required)<\/span><\/label>\n<input\n\t\t\t\t\ttype='text'\n\t\t\t\t\tname='g1863-jmno'\n\t\t\t\t\tid='g1863-jmno'\n\t\t\t\t\tvalue=''\n\n\t\t\t\t\tdata-wp-bind--aria-invalid='state.fieldAriaInvalid'\n\t\t\t\t\tdata-wp-bind--value='state.getFieldValue'\n\t\t\t\t\taria-describedby='g1863-jmno-text-error-message'\n\t\t\t\t\tdata-wp-on--input='actions.onFieldChange'\n\t\t\t\t\tdata-wp-on--blur='actions.onFieldBlur'\n\t\t\t\t\tdata-wp-class--has-value='state.hasFieldValue'\n\n\t\t\t\t\tclass='name  grunion-field' \n\t\t\t\t\trequired='true' aria-required='true'  \/>\n \n\t\t\t<div id=\"g1863-jmno-text-error\" class=\"contact-form__input-error\" data-wp-class--has-errors=\"state.fieldHasErrors\">\n\t\t\t\t<span class=\"contact-form__warning-icon\" aria-hidden=\"true\">\n\t\t\t\t\t<svg width=\"16\" height=\"16\" viewBox=\"0 0 16 16\" fill=\"none\" xmlns=\"http:\/\/www.w3.org\/2000\/svg\">\n\t\t\t\t\t\t<path d=\"M8.50015 11.6402H7.50015V10.6402H8.50015V11.6402Z\" \/>\n\t\t\t\t\t\t<path d=\"M7.50015 9.64018H8.50015V6.30684H7.50015V9.64018Z\" \/>\n\t\t\t\t\t\t<path fill-rule=\"evenodd\" clip-rule=\"evenodd\" d=\"M6.98331 3.0947C7.42933 2.30177 8.57096 2.30177 9.01698 3.09469L13.8771 11.7349C14.3145 12.5126 13.7525 13.4735 12.8602 13.4735H3.14004C2.24774 13.4735 1.68575 12.5126 2.12321 11.7349L6.98331 3.0947ZM8.14541 3.58496C8.08169 3.47168 7.9186 3.47168 7.85488 3.58496L2.99478 12.2251C2.93229 12.3362 3.01257 12.4735 3.14004 12.4735H12.8602C12.9877 12.4735 13.068 12.3362 13.0055 12.2251L8.14541 3.58496Z\" \/>\n\t\t\t\t\t<\/svg>\n\t\t\t\t<\/span>\n\t\t\t\t<span data-wp-text=\"state.errorMessage\" id=\"g1863-jmno-text-error-message\"><\/span>\n\t\t\t<\/div> \n\t<\/div>\n\n\n\n<div style=\"\"  data-wp-interactive=\"jetpack\/form\" data-wp-context='{\"fieldId\":\"g1863-email\",\"fieldType\":\"email\",\"fieldLabel\":\"Email\",\"fieldValue\":\"\",\"fieldPlaceholder\":\"\",\"fieldIsRequired\":\"1\",\"fieldErrorMessage\":\"\",\"fieldExtra\":[],\"formHash\":\"af67aeec80bad5e2e36a51747361695424b50f0d\"}'  class='grunion-field-email-wrap grunion-field-wrap'  data-wp-init='callbacks.initializeField' data-wp-on--jetpack-form-reset='callbacks.initializeField' >\n<label\n\t\t\t\tfor='g1863-email' class=\"grunion-field-label email\" >Email<span class=\"grunion-label-required\" aria-hidden=\"true\">(required)<\/span><\/label>\n<input\n\t\t\t\t\ttype='email'\n\t\t\t\t\tname='g1863-email'\n\t\t\t\t\tid='g1863-email'\n\t\t\t\t\tvalue=''\n\n\t\t\t\t\tdata-wp-bind--aria-invalid='state.fieldAriaInvalid'\n\t\t\t\t\tdata-wp-bind--value='state.getFieldValue'\n\t\t\t\t\taria-describedby='g1863-email-email-error-message'\n\t\t\t\t\tdata-wp-on--input='actions.onFieldChange'\n\t\t\t\t\tdata-wp-on--blur='actions.onFieldBlur'\n\t\t\t\t\tdata-wp-class--has-value='state.hasFieldValue'\n\n\t\t\t\t\tclass='email  grunion-field' \n\t\t\t\t\trequired='true' aria-required='true'  \/>\n \n\t\t\t<div id=\"g1863-email-email-error\" class=\"contact-form__input-error\" data-wp-class--has-errors=\"state.fieldHasErrors\">\n\t\t\t\t<span class=\"contact-form__warning-icon\" aria-hidden=\"true\">\n\t\t\t\t\t<svg width=\"16\" height=\"16\" viewBox=\"0 0 16 16\" fill=\"none\" xmlns=\"http:\/\/www.w3.org\/2000\/svg\">\n\t\t\t\t\t\t<path d=\"M8.50015 11.6402H7.50015V10.6402H8.50015V11.6402Z\" \/>\n\t\t\t\t\t\t<path d=\"M7.50015 9.64018H8.50015V6.30684H7.50015V9.64018Z\" \/>\n\t\t\t\t\t\t<path fill-rule=\"evenodd\" clip-rule=\"evenodd\" d=\"M6.98331 3.0947C7.42933 2.30177 8.57096 2.30177 9.01698 3.09469L13.8771 11.7349C14.3145 12.5126 13.7525 13.4735 12.8602 13.4735H3.14004C2.24774 13.4735 1.68575 12.5126 2.12321 11.7349L6.98331 3.0947ZM8.14541 3.58496C8.08169 3.47168 7.9186 3.47168 7.85488 3.58496L2.99478 12.2251C2.93229 12.3362 3.01257 12.4735 3.14004 12.4735H12.8602C12.9877 12.4735 13.068 12.3362 13.0055 12.2251L8.14541 3.58496Z\" \/>\n\t\t\t\t\t<\/svg>\n\t\t\t\t<\/span>\n\t\t\t\t<span data-wp-text=\"state.errorMessage\" id=\"g1863-email-email-error-message\"><\/span>\n\t\t\t<\/div> \n\t<\/div>\n\n\n\n<div style=\"\"  data-wp-interactive=\"jetpack\/form\" data-wp-context='{\"fieldId\":\"g1863-zprva\",\"fieldType\":\"textarea\",\"fieldLabel\":\"Zpr\\u00e1va\",\"fieldValue\":\"\",\"fieldPlaceholder\":\"\",\"fieldIsRequired\":\"\",\"fieldErrorMessage\":\"\",\"fieldExtra\":[],\"formHash\":\"af67aeec80bad5e2e36a51747361695424b50f0d\"}'  class='grunion-field-textarea-wrap grunion-field-wrap'  data-wp-init='callbacks.initializeField' data-wp-on--jetpack-form-reset='callbacks.initializeField' >\n<label\n\t\t\t\tfor='contact-form-comment-g1863-zprva' class=\"grunion-field-label textarea\" >Zpr\u00e1va<\/label>\n<textarea\n\t\t                style=''\n\t\t                name='g1863-zprva'\n\t\t                id='contact-form-comment-g1863-zprva'\n\t\t                rows='20'\n\t\t\t\t\t\tdata-wp-text='state.getFieldValue'\n\t\t\t\t\t\tdata-wp-on--input='actions.onFieldChange'\n\t\t\t\t\t\tdata-wp-on--blur='actions.onFieldBlur'\n\t\t\t\t\t\tdata-wp-class--has-value='state.hasFieldValue'\n\t\t\t\t\t\taria-describedby='g1863-zprva-textarea-error-message'\n\t\t\t\t\t\tdata-wp-bind--aria-invalid='state.fieldAriaInvalid'\n\t\t\t\t\t\tclass='textarea  grunion-field'  ><\/textarea>\n \n\t\t\t<div id=\"g1863-zprva-textarea-error\" class=\"contact-form__input-error\" data-wp-class--has-errors=\"state.fieldHasErrors\">\n\t\t\t\t<span class=\"contact-form__warning-icon\" aria-hidden=\"true\">\n\t\t\t\t\t<svg width=\"16\" height=\"16\" viewBox=\"0 0 16 16\" fill=\"none\" xmlns=\"http:\/\/www.w3.org\/2000\/svg\">\n\t\t\t\t\t\t<path d=\"M8.50015 11.6402H7.50015V10.6402H8.50015V11.6402Z\" \/>\n\t\t\t\t\t\t<path d=\"M7.50015 9.64018H8.50015V6.30684H7.50015V9.64018Z\" \/>\n\t\t\t\t\t\t<path fill-rule=\"evenodd\" clip-rule=\"evenodd\" d=\"M6.98331 3.0947C7.42933 2.30177 8.57096 2.30177 9.01698 3.09469L13.8771 11.7349C14.3145 12.5126 13.7525 13.4735 12.8602 13.4735H3.14004C2.24774 13.4735 1.68575 12.5126 2.12321 11.7349L6.98331 3.0947ZM8.14541 3.58496C8.08169 3.47168 7.9186 3.47168 7.85488 3.58496L2.99478 12.2251C2.93229 12.3362 3.01257 12.4735 3.14004 12.4735H12.8602C12.9877 12.4735 13.068 12.3362 13.0055 12.2251L8.14541 3.58496Z\" \/>\n\t\t\t\t\t<\/svg>\n\t\t\t\t<\/span>\n\t\t\t\t<span data-wp-text=\"state.errorMessage\" id=\"g1863-zprva-textarea-error-message\"><\/span>\n\t\t\t<\/div>\n\t<\/div>\n\n\n<div class=\"contact-form__error\" data-wp-class--show-errors=\"state.showFormErrors\"><span class=\"contact-form__warning-icon\" aria-hidden=\"true\"><i><\/i><\/span><span class=\"contact-form__error-message\" tabindex=\"-1\" data-wp-watch=\"callbacks.focusOnValidationError\" data-wp-text=\"state.getFormErrorMessage\"><\/span><ul aria-label=\"Form errors\">\n\t\t\t\t<template data-wp-each=\"state.getErrorList\" data-wp-key=\"context.item.id\">\n\t\t\t\t\t<li><a data-wp-bind--href=\"context.item.anchor\" data-wp-on--click=\"actions.scrollIntoView\" data-wp-text=\"context.item.label\"><\/a><\/li>\n\t\t\t\t<\/template>\n\t\t\t\t<\/ul><\/div><div class=\"contact-form__error\" data-wp-class--show-errors=\"state.showSubmissionError\" data-wp-text=\"context.submissionError\" tabindex=\"-1\" data-wp-watch=\"callbacks.focusOnSubmissionError\"><\/div> <div class=\"wp-block-jetpack-button wp-block-button\" style=\"\"><button data-wp-bind--disabled=\"state.isAriaDisabled\" class=\"wp-block-button__link\" style=\"\" data-id-attr=\"placeholder\" type=\"submit\" data-wp-class--is-submitting=\"state.isSubmitting\" data-wp-bind--aria-disabled=\"state.isAriaDisabled\">Odeslat<span class=\"spinner\" aria-hidden=\"true\"><svg width=\"24\" height=\"24\" viewBox=\"0 0 24 24\" xmlns=\"http:\/\/www.w3.org\/2000\/svg\"><path d=\"M12,1A11,11,0,1,0,23,12,11,11,0,0,0,12,1Zm0,19a8,8,0,1,1,8-8A8,8,0,0,1,12,20Z\" opacity=\".25\"\/><path d=\"M10.14,1.16a11,11,0,0,0-9,8.92A1.59,1.59,0,0,0,2.46,12,1.52,1.52,0,0,0,4.11,10.7a8,8,0,0,1,6.66-6.61A1.42,1.42,0,0,0,12,2.69h0A1.57,1.57,0,0,0,10.14,1.16Z\"><animateTransform attributeName=\"transform\" type=\"rotate\" dur=\"0.75s\" values=\"0 12 12;360 12 12\" repeatCount=\"indefinite\"\/><\/path><\/svg><span class=\"is-visually-hidden\">Submitting form<\/span><\/span><\/button><\/div>\n\t\t<input type='hidden' name='contact-form-id' value='1863' \/>\n\t\t<input type='hidden' name='action' value='grunion-contact-form' \/>\n\t\t<input type='hidden' name='contact-form-hash' value='af67aeec80bad5e2e36a51747361695424b50f0d' \/>\n<p style=\"display: none !important;\" class=\"akismet-fields-container\" data-prefix=\"ak_\"><label>&#916;<textarea name=\"ak_hp_textarea\" cols=\"45\" rows=\"8\" maxlength=\"100\"><\/textarea><\/label><input type=\"hidden\" id=\"ak_js_1\" name=\"ak_js\" value=\"56\"\/><script type=\"text\/javascript\">\n\/* <![CDATA[ *\/\ndocument.getElementById( \"ak_js_1\" ).setAttribute( \"value\", ( new Date() ).getTime() );\n\/* ]]> *\/\n<\/script>\n<\/p><\/form>\n<\/div>\n\n\n<div style=\"height:100px\" aria-hidden=\"true\" class=\"wp-block-spacer\"><\/div>\n\n\n\n<p><strong>Hlavn\u00ed po\u0159adatel<\/strong><br>Jan \u0160t\u011btina<br><a href=\"mailto:jan.stetina@naswp.cz\" data-type=\"mailto\" data-id=\"mailto:jan.stetina@naswp.cz\">jan.stetina@naswp.cz<\/a><\/p>\n\n\n\n<p><strong>Sponzo\u0159i<\/strong><br>Tereza Suchanov\u00e1<br><a href=\"mailto:sponzori@wordcamppraha.cz\">sponzori@wordcamppraha.cz<\/a><\/p>\n\n\n\n<p><strong>Fakturace &amp; platby<\/strong><br>Vladim\u00edr Smitka<br><a href=\"mailto:vladimir.smitka@lynt.cz\">vladimir.smitka@lynt.cz<\/a><\/p>\n\n\n\n<p><strong>P\u0159edn\u00e1\u0161ej\u00edc\u00ed<\/strong><br>Pavel Cahl\u00edk<br><a href=\"mailto:speaker@wordcamppraha.cz\">speaker@wordcamppraha.cz<\/a><\/p>\n","protected":false},"excerpt":{"rendered":"<p>Pro obecn\u00e9 dotazy, pros\u00edme, vyu\u017eijte tento kontaktn\u00ed formul\u00e1\u0159: Hlavn\u00ed po\u0159adatelJan \u0160t\u011btinajan.stetina@naswp.cz Sponzo\u0159iTereza Suchanov\u00e1sponzori@wordcamppraha.cz Fakturace &amp; platbyVladim\u00edr Smitkavladimir.smitka@lynt.cz P\u0159edn\u00e1\u0161ej\u00edc\u00edPavel Cahl\u00edkspeaker@wordcamppraha.cz<\/p>\n","protected":false},"author":9292185,"featured_media":0,"parent":0,"menu_order":0,"comment_status":"closed","ping_status":"closed","template":"","meta":{"jetpack_post_was_ever_published":false,"footnotes":""},"class_list":["post-1863","page","type-page","status-publish","hentry"],"jetpack_sharing_enabled":true,"_links":{"self":[{"href":"https:\/\/prague.wordcamp.org\/2021\/wp-json\/wp\/v2\/pages\/1863","targetHints":{"allow":["GET"]}}],"collection":[{"href":"https:\/\/prague.wordcamp.org\/2021\/wp-json\/wp\/v2\/pages"}],"about":[{"href":"https:\/\/prague.wordcamp.org\/2021\/wp-json\/wp\/v2\/types\/page"}],"author":[{"embeddable":true,"href":"https:\/\/prague.wordcamp.org\/2021\/wp-json\/wp\/v2\/users\/9292185"}],"replies":[{"embeddable":true,"href":"https:\/\/prague.wordcamp.org\/2021\/wp-json\/wp\/v2\/comments?post=1863"}],"version-history":[{"count":7,"href":"https:\/\/prague.wordcamp.org\/2021\/wp-json\/wp\/v2\/pages\/1863\/revisions"}],"predecessor-version":[{"id":13363,"href":"https:\/\/prague.wordcamp.org\/2021\/wp-json\/wp\/v2\/pages\/1863\/revisions\/13363"}],"wp:attachment":[{"href":"https:\/\/prague.wordcamp.org\/2021\/wp-json\/wp\/v2\/media?parent=1863"}],"curies":[{"name":"wp","href":"https:\/\/api.w.org\/{rel}","templated":true}]}}