{"id":1853,"date":"2016-11-08T12:36:39","date_gmt":"2016-11-08T12:36:39","guid":{"rendered":"http:\/\/2017.prague.wordcamp.org\/?page_id=56"},"modified":"2020-11-04T17:12:21","modified_gmt":"2020-11-04T16:12:21","slug":"kodex-chovani","status":"publish","type":"page","link":"https:\/\/prague.wordcamp.org\/2021\/kodex-chovani\/","title":{"rendered":"Kodex chov\u00e1n\u00ed"},"content":{"rendered":"<h2 id=\"bod1\">1. C\u00edl<\/h2>\n<p>T\u00fdm stoj\u00edc\u00ed za WordCamp Praha v\u011b\u0159\u00ed, \u017ee na\u0161e komunita by m\u011bla b\u00fdt otev\u0159ena opravdu v\u0161em. Proto se&nbsp;zavazujeme k&nbsp;p\u0159\u00edprav\u011b prost\u0159ed\u00ed p\u0159\u00e1telsk\u00e9ho, bezpe\u010dn\u00e9ho a&nbsp;v\u0159el\u00e9ho pro v\u0161echny bez rozd\u00edlu pohlav\u00ed, sexu\u00e1ln\u00ed orientace, posti\u017een\u00ed, rasy, n\u00e1bo\u017eenstv\u00ed, preferovan\u00e9ho opera\u010dn\u00edho syst\u00e9mu, programovac\u00edho jazyka \u010di&nbsp;textov\u00e9ho editoru.<\/p>\n<p>Tento kodex chov\u00e1n\u00ed shrnuje na\u0161e o\u010dek\u00e1v\u00e1n\u00ed toho, jak by&nbsp;se&nbsp;\u00fa\u010dastn\u00edci m\u011bli chovat, a&nbsp;n\u00e1sledky chov\u00e1n\u00ed, kter\u00e9 je v&nbsp;rozporu s&nbsp;principy zde uveden\u00fdmi.<\/p>\n<p>Vyz\u00fdv\u00e1me v\u0161echny sponzory, dobrovoln\u00edky, p\u0159edn\u00e1\u0161ej\u00edc\u00ed, n\u00e1v\u0161t\u011bvn\u00edky a&nbsp;dal\u0161\u00ed \u00fa\u010dastn\u00edky k&nbsp;tomu, aby n\u00e1m pomohli p\u0159ipravit pozitivn\u00ed a&nbsp;bezpe\u010dn\u00fd z\u00e1\u017eitek z&nbsp;na\u0161\u00ed konference pro v\u0161echny.<\/p>\n<h2 id=\"bod2\">2. \u010clen komunity otev\u0159en\u00e9ho softwaru<\/h2>\n<p>Dopl\u0148kov\u00fdm c\u00edlem tohoto kodexu je zv\u00fd\u0161en\u00ed pov\u011bdom\u00ed my\u0161lenky Open Source t\u00edm, \u017ee nab\u00e1d\u00e1me \u00fa\u010dastn\u00edky k&nbsp;tomu, aby se&nbsp;neb\u00e1li vyzdvihnout a&nbsp;upevnit vztah mezi svou prac\u00ed a&nbsp;\u0161irokou komunitou.<\/p>\n<p>Za \u00fa\u010delem napl\u0148ov\u00e1n\u00ed tohoto c\u00edle budou organiz\u00e1to\u0159i WordCamp Praha p\u0159ij\u00edmat nominace vzorn\u00fdch \u010dlen\u016f Open Source komunity a&nbsp;zm\u00edn\u00ed tyto po ukon\u010den\u00ed konference na sv\u00e9 webov\u00e9 str\u00e1nce.<\/p>\n<p>Pokud uvid\u00edte n\u011bkoho, kdo se sna\u017e\u00ed v\u00edce ne\u017e ostatn\u00ed zajistit vst\u0159\u00edcnost a&nbsp;p\u0159\u00e1telskost na\u0161\u00ed komunity a&nbsp;vyz\u00fdv\u00e1 ostatn\u00ed \u00fa\u010dastn\u00edky k podobn\u00e9mu chov\u00e1n\u00ed, chceme to v\u011bd\u011bt! Sta\u010d\u00ed se obr\u00e1tit na kohokoli z&nbsp;organiz\u00e1tor\u016f.<\/p>\n<h2 id=\"bod3\">3. O\u010dek\u00e1van\u00e9 chov\u00e1n\u00ed<\/h2>\n<p>Bu\u010f ohledupln\u00fd, p\u0159istupuj k&nbsp;lidem s&nbsp;\u00factou a ochotou spolupracovat.<br \/>\nZdr\u017e se ned\u016fstojn\u00e9ho, diskriminuj\u00edc\u00edho a&nbsp;obt\u011b\u017euj\u00edc\u00edho chov\u00e1n\u00ed i&nbsp;projevu.<br \/>\nBu\u010f vn\u00edmav\u00fd ke sv\u00e9mu okol\u00ed a&nbsp;k&nbsp;dal\u0161\u00edm n\u00e1v\u0161t\u011bvn\u00edk\u016fm konference. Jsi-li sv\u011bdkem nebezpe\u010dn\u00e9 situace nebo vid\u00ed\u0161-li n\u011bkoho v nouzi, uv\u011bdom ihned organiz\u00e1tory.<br \/>\nZapojuj se up\u0159\u00edmn\u011b a&nbsp;aktivn\u011b do d\u011bn\u00ed na konferenci. T\u00edm, \u017ee tak \u010din\u00ed\u0161, pom\u00e1h\u00e1\u0161 vytv\u00e1\u0159et WordCamp Praha &#8211; konferenci n\u00e1s v\u0161ech.<\/p>\n<h2 id=\"bod4\">4. Nep\u0159ijateln\u00e9 chov\u00e1n\u00ed<\/h2>\n<p>Nep\u0159ijateln\u00e9 chov\u00e1n\u00ed zahrnuje zastra\u0161uj\u00edc\u00ed, obt\u011b\u017euj\u00edc\u00ed, ur\u00e1\u017eliv\u00e9, diskrimina\u010dn\u00ed, \u0161kodliv\u00e9 \u010di&nbsp;poni\u017euj\u00edc\u00ed chov\u00e1n\u00ed stran jak\u00e9hokoli \u00fa\u010dastn\u00edka WordCamp Praha a&nbsp;doprovodn\u00fdch akc\u00ed. V\u0161echny prostory WordCamp Praha mohou b\u00fdt u\u017e\u00edv\u00e1ny ve\u0159ejnost\u00ed; respektuj v\u0161echny m\u00edstn\u00ed.<\/p>\n<p>Obt\u011b\u017eov\u00e1n\u00ed zahrnuje \u00fato\u010dn\u00e9 vyjad\u0159ov\u00e1n\u00ed na \u00fa\u010det pohlav\u00ed, sexu\u00e1ln\u00ed orientace, rasy, n\u00e1bo\u017eenstv\u00ed, posti\u017een\u00ed; nevhodn\u00e9 pou\u017eit\u00ed nahoty a\/nebo obraz\u016f se sexu\u00e1ln\u00ed tematikou na ve\u0159ejn\u00fdch m\u00edstech (v\u010detn\u011b prezentac\u00ed \u0159e\u010dn\u00edk\u016f); z\u00e1m\u011brn\u00e9 zastra\u0161ov\u00e1n\u00ed nebo pron\u00e1sledov\u00e1n\u00ed; obt\u011b\u017euj\u00edc\u00ed fotografov\u00e1n\u00ed \u010di nahr\u00e1v\u00e1n\u00ed; neust\u00e1l\u00e9 naru\u0161ov\u00e1n\u00ed p\u0159edn\u00e1\u0161ek \u010di jin\u00e9ho programu; nevhodn\u00fd fyzick\u00fd kontakt i&nbsp;necht\u011bnou sexu\u00e1ln\u00ed pozornost.<\/p>\n<h2 id=\"bod5\">5. N\u00e1sledky nevhodn\u00e9ho chov\u00e1n\u00ed<\/h2>\n<p>Nep\u0159ijateln\u00e9 chov\u00e1n\u00ed nebude tolerov\u00e1no ostatn\u00edmi n\u00e1v\u0161t\u011bvn\u00edky, organiz\u00e1tory, zam\u011bstnanci prostor ani&nbsp;dal\u0161\u00edmi \u00fa\u010dastn\u00edky WordCamp Praha.<\/p>\n<p>O\u010dek\u00e1v\u00e1me, \u017ee osoba upozorn\u011bn\u00e1 na sv\u00e9 nevhodn\u00e9 chov\u00e1n\u00ed dle tohoto kodexu ihned p\u0159estane a&nbsp;okam\u017eit\u011b za\u010dne tento kodex dodr\u017eovat.<\/p>\n<p>V&nbsp;p\u0159\u00edpad\u011b, \u017ee se \u00fa\u010dastn\u00edk za\u010dne chovat nep\u0159ijateln\u011b, organiz\u00e1to\u0159i konference mohou pou\u017e\u00edt v\u0161ech p\u0159im\u011b\u0159en\u00fdch prost\u0159edk\u016f k&nbsp;tomu, aby takov\u00e9mu chov\u00e1n\u00ed zamezili, a&nbsp;to v\u010detn\u011b vylou\u010den\u00ed z&nbsp;konference bez n\u00e1roku na vr\u00e1cen\u00ed vstupn\u00e9ho.<\/p>\n<h2 id=\"bod6\">6. Co d\u011blat, jsi-li sv\u011bdkem \u010di ob\u011bt\u00ed nevhodn\u00e9ho chov\u00e1n\u00ed<\/h2>\n<p>Jsi-li ob\u011bt\u00ed nevhodn\u00e9ho chov\u00e1n\u00ed, v\u0161imne\u0161-li si, \u017ee n\u011bkdo jin\u00fd je&nbsp;ob\u011bt\u00ed nevhodn\u00e9ho chov\u00e1n\u00ed, \u010di m\u00e1\u0161-li jin\u00e9 obavy, m\u016f\u017ee\u0161 se bez obav obr\u00e1tit na organiz\u00e1tory konference, kte\u0159\u00ed se probl\u00e9mu budou okam\u017eit\u011b v\u011bnovat.<\/p>\n<p>T\u00fdm p\u0159ipravuj\u00edc\u00ed WordCamp Praha je p\u0159ipraven pomoci \u00fa\u010dastn\u00edk\u016fm kontaktovat ostrahu m\u00edsta kon\u00e1n\u00ed i&nbsp;m\u00edstn\u00ed bezpe\u010dnostn\u00ed slo\u017eky, poskytnout doprovod nebo jakkoli jinak asistovat v\u0161em, kdo se stanou ob\u011bt\u00ed nep\u0159ijateln\u00e9ho chov\u00e1n\u00ed,&nbsp;a&nbsp;to takov\u00fdm zp\u016fsobem, aby zajistili jejich pocit bezpe\u010d\u00ed po celou dobu trv\u00e1n\u00ed konference. Dobrovoln\u00edci nos\u00ed \u010derven\u00e1 tri\u010dka. Ka\u017ed\u00fd dobrovoln\u00edk ti pom\u016f\u017ee spojit se s&nbsp;organiz\u00e1tory konference. M\u016f\u017ee\u0161 tak\u00e9 p\u0159ij\u00edt k&nbsp;registra\u010dn\u00edmu stolu a&nbsp;po\u017e\u00e1dat o&nbsp;spojen\u00ed s&nbsp;organiz\u00e1tory.<\/p>\n<h2 id=\"bod7\">7. Rozsah<\/h2>\n<p>O\u010dek\u00e1v\u00e1me, \u017ee v\u0161ichni \u00fa\u010dastn\u00edci konference (sponzo\u0159i dobrovoln\u00edci, p\u0159edn\u00e1\u0161ej\u00edc\u00ed, n\u00e1v\u0161t\u011bvn\u00edci a&nbsp;v\u0161ichni ostatn\u00ed host\u00e9) se t\u00edmto zavazuj\u00ed k&nbsp;dodr\u017eov\u00e1n\u00ed kodexu chov\u00e1n\u00ed ve v\u0161ech prostor\u00e1ch konference a&nbsp;na v\u0161ech doprovodn\u00fdch akc\u00edch.<\/p>\n<h2 id=\"bod8\">8. Kontaktn\u00ed informace<\/h2>\n<p>V\u0161echny pot\u0159ebn\u00e9 kontaktn\u00ed informace naleznete v&nbsp;sekci <a href=\"https:\/\/2020.prague.wordcamp.org\/kontakt\/\">kontakt<\/a>.<\/p>\n<h2 id=\"bod9\">9. Licence a informace o autorovi<\/h2>\n<p>Tento kodex chov\u00e1n\u00ed je m\u00edrn\u011b upraven\u00fdm kodexem konference Open Source Bridge, dopln\u011bn\u00fd o&nbsp;informace o&nbsp;na\u0161\u00ed konferenci. Origin\u00e1l je dostupn\u00fd na <a href=\"http:\/\/opensourcebridge.org\/about\/code-of-conduct\/\">http:\/\/opensourcebridge.org\/about\/code-of-conduct\/<\/a> a je uvoln\u011bn pod Creative Commons Attribution-ShareAlike licenc\u00ed.<\/p>\n","protected":false},"excerpt":{"rendered":"<p>1. C\u00edl T\u00fdm stoj\u00edc\u00ed za WordCamp Praha v\u011b\u0159\u00ed, \u017ee na\u0161e komunita by m\u011bla b\u00fdt otev\u0159ena opravdu v\u0161em. Proto se&nbsp;zavazujeme k&nbsp;p\u0159\u00edprav\u011b prost\u0159ed\u00ed p\u0159\u00e1telsk\u00e9ho, bezpe\u010dn\u00e9ho a&nbsp;v\u0159el\u00e9ho pro v\u0161echny bez rozd\u00edlu pohlav\u00ed, sexu\u00e1ln\u00ed orientace, posti\u017een\u00ed, rasy, n\u00e1bo\u017eenstv\u00ed, preferovan\u00e9ho opera\u010dn\u00edho syst\u00e9mu, programovac\u00edho jazyka \u010di&nbsp;textov\u00e9ho editoru. Tento kodex chov\u00e1n\u00ed shrnuje na\u0161e o\u010dek\u00e1v\u00e1n\u00ed toho, jak by&nbsp;se&nbsp;\u00fa\u010dastn\u00edci m\u011bli chovat, a&nbsp;n\u00e1sledky chov\u00e1n\u00ed, kter\u00e9 &hellip; <a href=\"https:\/\/prague.wordcamp.org\/2021\/kodex-chovani\/\" class=\"more-link\">Pokra\u010dovat ve \u010dten\u00ed<span class=\"screen-reader-text\"> &#8222;Kodex chov\u00e1n\u00ed&#8220;<\/span><\/a><\/p>\n","protected":false},"author":9292185,"featured_media":0,"parent":0,"menu_order":0,"comment_status":"closed","ping_status":"closed","template":"","meta":{"jetpack_post_was_ever_published":false,"footnotes":""},"class_list":["post-1853","page","type-page","status-publish","hentry"],"jetpack_sharing_enabled":true,"_links":{"self":[{"href":"https:\/\/prague.wordcamp.org\/2021\/wp-json\/wp\/v2\/pages\/1853","targetHints":{"allow":["GET"]}}],"collection":[{"href":"https:\/\/prague.wordcamp.org\/2021\/wp-json\/wp\/v2\/pages"}],"about":[{"href":"https:\/\/prague.wordcamp.org\/2021\/wp-json\/wp\/v2\/types\/page"}],"author":[{"embeddable":true,"href":"https:\/\/prague.wordcamp.org\/2021\/wp-json\/wp\/v2\/users\/9292185"}],"replies":[{"embeddable":true,"href":"https:\/\/prague.wordcamp.org\/2021\/wp-json\/wp\/v2\/comments?post=1853"}],"version-history":[{"count":2,"href":"https:\/\/prague.wordcamp.org\/2021\/wp-json\/wp\/v2\/pages\/1853\/revisions"}],"predecessor-version":[{"id":10738,"href":"https:\/\/prague.wordcamp.org\/2021\/wp-json\/wp\/v2\/pages\/1853\/revisions\/10738"}],"wp:attachment":[{"href":"https:\/\/prague.wordcamp.org\/2021\/wp-json\/wp\/v2\/media?parent=1853"}],"curies":[{"name":"wp","href":"https:\/\/api.w.org\/{rel}","templated":true}]}}