{"id":1852,"date":"2016-10-13T12:12:34","date_gmt":"2016-10-13T12:12:34","guid":{"rendered":"http:\/\/2017.prague.wordcamp.org\/?page_id=41"},"modified":"2020-11-04T17:09:46","modified_gmt":"2020-11-04T16:09:46","slug":"organizatori","status":"publish","type":"page","link":"https:\/\/prague.wordcamp.org\/2021\/organizatori\/","title":{"rendered":"Organiz\u00e1to\u0159i"},"content":{"rendered":"\n<p>Seznamte se s t\u00fdmem organiz\u00e1tor\u016f WordCamp Praha 2021. Dobrovoln\u011b v\u011bnuj\u00ed sv\u016fj \u010das, zku\u0161enosti a energii, aby se akce stala nezapomenuteln\u00fdm z\u00e1\u017eitkem pro v\u0161echny.  <\/p>\n\n\n\n<div style=\"height:40px\" aria-hidden=\"true\" class=\"wp-block-spacer\"><\/div>\n\n\n\t<div class=\"wcorg-organizers\">\n\n\t\t\n\t\t\t<div class=\"wcorg-organizer\">\n\t\t\t\t<h2>Petr Cibulka<\/h2>\n\t\t\t\t<div class=\"wcorg-organizer-description\">\n\t\t\t\t\t\t\t\t\t\t<img alt='' src='https:\/\/secure.gravatar.com\/avatar\/e4bce0da2ba6862b14045f250e4657fb6b7d7a24f1ae5bc13bd2aa9bbcf0fd3e?s=100&#038;d=identicon&#038;r=g' srcset='https:\/\/secure.gravatar.com\/avatar\/e4bce0da2ba6862b14045f250e4657fb6b7d7a24f1ae5bc13bd2aa9bbcf0fd3e?s=200&#038;d=identicon&#038;r=g 2x' class='avatar avatar-100 photo' height='100' width='100' \/>\t\t\t\t\t\n<p>Petr vyv\u00edj\u00ed front-end (aktu\u00e1ln\u011b na Reactu) a ob\u010das kulturu.<\/p>\n\n\n\n<p><a href=\"https:\/\/cibulka.me\">cibulka.me<\/a> \/ <a href=\"https:\/\/twitter.com\/cibulka_me\">@cibulka.me<\/a><\/p>\n\t\t\t\t<\/div>\n\t\t\t<\/div>\n\n\t\t\n\t\t\t<div class=\"wcorg-organizer\">\n\t\t\t\t<h2>Adina Foxov\u00e1<\/h2>\n\t\t\t\t<div class=\"wcorg-organizer-description\">\n\t\t\t\t\t\t\t\t\t\t<img alt='' src='https:\/\/secure.gravatar.com\/avatar\/074613df424e3d4c2eeb8c98d44bb9051c5335f97b45a5fb7da1c142605ab3d1?s=100&#038;d=identicon&#038;r=g' srcset='https:\/\/secure.gravatar.com\/avatar\/074613df424e3d4c2eeb8c98d44bb9051c5335f97b45a5fb7da1c142605ab3d1?s=200&#038;d=identicon&#038;r=g 2x' class='avatar avatar-100 photo' height='100' width='100' \/>\t\t\t\t\t\n<p>Tlumo\u010dnice mezi designem a frontendem. Pokud zrovna nestav\u00edm design syst\u00e9m, pravd\u011bpodobn\u011b m\u011b najdete na IT konferenci. P\u0159ij\u010fte mi pov\u011bd\u011bt o Va\u0161em projektu! \ud83e\udd8a<\/p>\n\n\n\n<p><a rel=\"noreferrer noopener\" href=\"https:\/\/adinafoxova.cz\/\" data-type=\"URL\" data-id=\"https:\/\/adinafoxova.cz\/\" target=\"_blank\">adinafoxova.cz<\/a>  \/  <a rel=\"noreferrer noopener\" href=\"https:\/\/twitter.com\/AdinaFXV\" target=\"_blank\">@adinafxv<\/a><\/p>\n\t\t\t\t<\/div>\n\t\t\t<\/div>\n\n\t\t\n\t\t\t<div class=\"wcorg-organizer\">\n\t\t\t\t<h2>Vlastimil Ott<\/h2>\n\t\t\t\t<div class=\"wcorg-organizer-description\">\n\t\t\t\t\t\t\t\t\t\t<img alt='' src='https:\/\/secure.gravatar.com\/avatar\/d113fbb07a419bcf72f3b478047b05a2378acb45b19d370960d5fe007316675a?s=100&#038;d=identicon&#038;r=g' srcset='https:\/\/secure.gravatar.com\/avatar\/d113fbb07a419bcf72f3b478047b05a2378acb45b19d370960d5fe007316675a?s=200&#038;d=identicon&#038;r=g 2x' class='avatar avatar-100 photo' height='100' width='100' \/>\t\t\t\t\t\n<p>S WordPressem pracuji od roku 2006 a v posledn\u00edch letech buduji firmu WP-admin.cz, kter\u00e1 zaji\u0161\u0165uje provoz a rozvoj existuj\u00edc\u00edch web\u016f. Zrychlujeme, optimalizujeme, monitorujeme weby, aby se jejich majitel\u00e9 mohli soust\u0159edit na sv\u00e9 podnik\u00e1n\u00ed.<\/p>\n\n\n\n<p><a href=\"http:\/\/wp-admin.cz\">wp-admin.cz<\/a><\/p>\n\t\t\t\t<\/div>\n\t\t\t<\/div>\n\n\t\t\n\t\t\t<div class=\"wcorg-organizer\">\n\t\t\t\t<h2>Karol\u00edna Vysko\u010dilov\u00e1<\/h2>\n\t\t\t\t<div class=\"wcorg-organizer-description\">\n\t\t\t\t\t\t\t\t\t\t<img alt='' src='https:\/\/secure.gravatar.com\/avatar\/07a20c9f56b2b62f304e1e3820aec06f9bf96bd4fd2533749b0e738042fb6e6c?s=100&#038;d=identicon&#038;r=g' srcset='https:\/\/secure.gravatar.com\/avatar\/07a20c9f56b2b62f304e1e3820aec06f9bf96bd4fd2533749b0e738042fb6e6c?s=200&#038;d=identicon&#038;r=g 2x' class='avatar avatar-100 photo' height='100' width='100' \/>\t\t\t\t\t\n<p>Karol\u00edna programuje <a rel=\"noreferrer noopener\" href=\"https:\/\/kybernaut.cz\" target=\"_blank\">\u0161ablony a pluginy na m\u00edru<\/a> \u2013 r\u00e1da dotahuje z\u00e1m\u011br klient\u016f k dokonalosti a ukazuje jim, \u017ee web m\u016f\u017ee um\u011bt je\u0161t\u011b v\u00edc, ne\u017e si p\u016fvodn\u011b p\u0159edstavovali. D\u00e1v\u00e1 si z\u00e1le\u017eet, aby klient spr\u00e1vu hotov\u00e9ho webu zvl\u00e1dl levou zadn\u00ed a v\u0161e zapadalo do jeho workflow.<\/p>\n\n\n\n<p>Je na voln\u00e9 noze, m\u00e1 za sebou p\u0159es 120 projekt\u016f a n\u011bkter\u00e9 jej\u00ed pluginy m\u016f\u017eete naj\u00edt i ve <a href=\"https:\/\/profiles.wordpress.org\/vyskoczilova#content-plugins\" target=\"_blank\" rel=\"noreferrer noopener\">WP repozit\u00e1\u0159i<\/a>. O WordPressu \u0161kol\u00ed pro Czechitas a klient\u016fm nab\u00edz\u00ed i konzultace.<\/p>\n\n\n\n<p>Karol\u00edna se web\u016fm a programov\u00e1n\u00ed v\u011bnuje v\u00edce ne\u017e 15 let, posledn\u00edch 7 let se specializuje na WordPress. Ten j\u00ed vyhovuje, proto\u017ee je to roz\u0161\u00ed\u0159en\u00fd redak\u010dn\u00ed syst\u00e9m, kter\u00fd v\u00e1s nav\u017edy neuv\u00e1\u017ee k jednomu program\u00e1torovi nebo firm\u011b.<\/p>\n\n\n\n<p><a href=\"https:\/\/kybernaut.cz\/\">kybernaut.cz<\/a>\u00a0\/ <a href=\"https:\/\/twitter.com\/vyskoczilova\">@vyskoczilova<\/a><\/p>\n\t\t\t\t<\/div>\n\t\t\t<\/div>\n\n\t\t\n\t\t\t<div class=\"wcorg-organizer\">\n\t\t\t\t<h2>Pavel Cahl\u00edk<\/h2>\n\t\t\t\t<div class=\"wcorg-organizer-description\">\n\t\t\t\t\t\t\t\t\t\t<img alt='' src='https:\/\/secure.gravatar.com\/avatar\/ae446272de9286a4a8f78c2121aabf40640135adc3bdda66086c47fe723c4236?s=100&#038;d=identicon&#038;r=g' srcset='https:\/\/secure.gravatar.com\/avatar\/ae446272de9286a4a8f78c2121aabf40640135adc3bdda66086c47fe723c4236?s=200&#038;d=identicon&#038;r=g 2x' class='avatar avatar-100 photo' height='100' width='100' \/>\t\t\t\t\t\n<p>Pracoval jsem v agentur\u00e1ch, u klient\u016f i na voln\u00e9 noze. Jsem odkojen onlinem, ale v\u00edm, jak d\u016fle\u017eit\u00fd je i offline sv\u011bt. R\u00e1d pom\u00e1h\u00e1m zna\u010dk\u00e1m naj\u00edt jejich podstatu a vylep\u0161it tak jejich v\u00fdkonnost.<\/p>\n\n\n\n<p><a href=\"https:\/\/cahlik.cz\/\">cahlik.cz<\/a> \/ <a href=\"https:\/\/twitter.com\/cahlik\">@cahlik<\/a><\/p>\n\t\t\t\t<\/div>\n\t\t\t<\/div>\n\n\t\t\n\t\t\t<div class=\"wcorg-organizer\">\n\t\t\t\t<h2>Michal Janata<\/h2>\n\t\t\t\t<div class=\"wcorg-organizer-description\">\n\t\t\t\t\t\t\t\t\t\t<img alt='' src='https:\/\/secure.gravatar.com\/avatar\/c412919dca15249e25e3b52473fdd10a4c80094f43dc40cb135eeaa166a05cda?s=100&#038;d=identicon&#038;r=g' srcset='https:\/\/secure.gravatar.com\/avatar\/c412919dca15249e25e3b52473fdd10a4c80094f43dc40cb135eeaa166a05cda?s=200&#038;d=identicon&#038;r=g 2x' class='avatar avatar-100 photo' height='100' width='100' \/>\t\t\t\t\t\n<p>S WordPressem d\u011bl\u00e1m od verze 2.9, tehdy to bylo p\u0159eci jen n\u011bco trochu jin\u00e9ho ne\u017e je to te\u010f.&nbsp;V komunit\u011b se star\u00e1m o p\u0159eklady j\u00e1dra a plugin\u016f. Jsem aktivn\u00edm skautem, pom\u00e1h\u00e1m v organizaci s nejr\u016fzn\u011bj\u0161\u00edmi IT z\u00e1le\u017eitostmi.<\/p>\n\n\n\n<p>Mezi moje hlavn\u00ed \u010dinnosti pat\u0159\u00ed <a href=\"https:\/\/dobryweb.skauting.cz\/\">Dobr\u00fd skautsk\u00fd web<\/a>. Platforma kde se sna\u017e\u00edme \u0161\u00ed\u0159it osv\u011btu o tom, jak si dob\u0159e ud\u011blat web. K tomu m\u00e1me na na\u0161em skautsk\u00e9m hostingu i automatickou instalaci WordPressu v n\u011bkolika bal\u00ed\u010dk\u00e1ch.<\/p>\n\n\n\n<p><a href=\"https:\/\/michaljanata.cz\/\">michaljanata.cz<\/a> \/ <a href=\"https:\/\/twitter.com\/michal_janata1\">@michal_janata1<\/a><\/p>\n\t\t\t\t<\/div>\n\t\t\t<\/div>\n\n\t\t\n\t\t\t<div class=\"wcorg-organizer\">\n\t\t\t\t<h2>Radek Ku\u010dera<\/h2>\n\t\t\t\t<div class=\"wcorg-organizer-description\">\n\t\t\t\t\t\t\t\t\t\t<img alt='' src='https:\/\/secure.gravatar.com\/avatar\/2c99e4b95dad0f1066c1b55ad059e8fca830503ed3c92faed6980af482c0181b?s=100&#038;d=identicon&#038;r=g' srcset='https:\/\/secure.gravatar.com\/avatar\/2c99e4b95dad0f1066c1b55ad059e8fca830503ed3c92faed6980af482c0181b?s=200&#038;d=identicon&#038;r=g 2x' class='avatar avatar-100 photo' height='100' width='100' \/>\t\t\t\t\t\n<p>Kdy\u017e bylo\u00a0WordPressu 2.9, za\u010dal Radek s prvn\u00edm\u00a0blogem, katalogem odkaz\u016f a webem s PR \u010dl\u00e1nky. Brzo ji\u017e na WordPressu postavil n\u011bkolik jednoduch\u00fdch firemn\u00edch web\u016f. \u00a0Dnes je p\u0159edev\u0161\u00edm fanou\u0161ek, kter\u00fd se r\u00e1d n\u011bco nau\u010d\u00ed a sleduje d\u011bn\u00ed okolo <a href=\"https:\/\/www.wpmax.cz\/\">WordPressu<\/a>. Krom\u011b toho ho zaj\u00edm\u00e1 v\u0161e\u00a0okolo internetu. Radek pracuje v oblasti Telco &amp; ICT.<\/p>\n\n\n\n<p><a href=\"https:\/\/www.wpmax.cz\/\">wpmax.cz<\/a> \/ <a href=\"https:\/\/twitter.com\/KuceraRadek\">@KuceraRadek<\/a><\/p>\n\t\t\t\t<\/div>\n\t\t\t<\/div>\n\n\t\t\n\t\t\t<div class=\"wcorg-organizer\">\n\t\t\t\t<h2>Adam Laita<\/h2>\n\t\t\t\t<div class=\"wcorg-organizer-description\">\n\t\t\t\t\t\t\t\t\t\t<img alt='' src='https:\/\/secure.gravatar.com\/avatar\/a33b83c456cb0208f526724c4f5a86faf26d7a668898b9fafe24bb707c4a54dc?s=100&#038;d=identicon&#038;r=g' srcset='https:\/\/secure.gravatar.com\/avatar\/a33b83c456cb0208f526724c4f5a86faf26d7a668898b9fafe24bb707c4a54dc?s=200&#038;d=identicon&#038;r=g 2x' class='avatar avatar-100 photo' height='100' width='100' \/>\t\t\t\t\t<p><a href=\"https:\/\/www.laita.cz\/\">Adam<\/a> se v\u011bnuje v\u00fdvoji webov\u00fdch str\u00e1nek ji\u017e 9. rokem a d\u00edky sv\u00fdm zku\u0161enostem dnes p\u016fsob\u00ed nejen jako specialista na WordPress, ale tak\u00e9 jako profesion\u00e1ln\u00ed kod\u00e9r, konzultant a lektor. P\u0159i sv\u00e9m v\u00fdvoji se zam\u011b\u0159uje na optimalizaci k\u00f3du pro co mo\u017en\u00e1 nejlep\u0161\u00ed rychlost na\u010d\u00edt\u00e1n\u00ed webu a tak\u00e9 na stavbu intuitivn\u00ed administrace, kterou bude moci ovl\u00e1dat i m\u00e9n\u011b zku\u0161en\u00fd u\u017eivatel.<\/p>\n<p>Ve spolupr\u00e1ci s <a href=\"http:\/\/tomanpetr.cz\/\">Petrem Tomanem<\/a> nab\u00edz\u00ed \u0161irok\u00e9 portfolio nab\u00edzen\u00fdch \u0159e\u0161en\u00ed, a\u0165 u\u017e se jedn\u00e1 o weby na m\u00edru, nebo jednoduch\u00e9 vizitky postaven\u00e9 na pr\u00e9miov\u00fdch \u0161ablon\u00e1ch.<\/p>\n\n\n<p><a href=\"https:\/\/www.laita.cz\/\">laita.cz<\/a> \/ <a href=\"https:\/\/twitter.com\/adam_laita\">@adam_laita<\/a><\/p>\n\t\t\t\t<\/div>\n\t\t\t<\/div>\n\n\t\t\n\t\t\t<div class=\"wcorg-organizer\">\n\t\t\t\t<h2>Vladim\u00edr Smitka<\/h2>\n\t\t\t\t<div class=\"wcorg-organizer-description\">\n\t\t\t\t\t\t\t\t\t\t<img alt='' src='https:\/\/secure.gravatar.com\/avatar\/2bead5bee14ceb073513cf08d943f9f1bd4757d0a3b368a25aac838a6872bbfd?s=100&#038;d=identicon&#038;r=g' srcset='https:\/\/secure.gravatar.com\/avatar\/2bead5bee14ceb073513cf08d943f9f1bd4757d0a3b368a25aac838a6872bbfd?s=200&#038;d=identicon&#038;r=g 2x' class='avatar avatar-100 photo' height='100' width='100' \/>\t\t\t\t\t<p>Kolem web\u016f a spr\u00e1vy server\u016f se za\u010dal pohybovat u\u017e velmi d\u00e1vno \u2013 v roce 2001. Dnes se v\u011bnuje p\u0159edev\u0161\u00edm technick\u00e9mu zlep\u0161ov\u00e1n\u00ed web\u016f a opravov\u00e1n\u00edm chyb jin\u00fdch tv\u016frc\u016f \u2013 podobn\u00fdch chyb, kter\u00e9 on s\u00e1m v za\u010d\u00e1tc\u00edch b\u011b\u017en\u011b d\u011blal. V t\u00e9to oblasti d\u011bl\u00e1 tak\u00e9 porotce v sout\u011b\u017ei WebTop100 pro technick\u00e9 zpracov\u00e1n\u00ed web\u016f. Ro\u010dn\u011b mu tak projde rukama n\u011bkolik stovek web\u016f, kter\u00e9 zkoum\u00e1 jak po str\u00e1nce v\u00fdkonu, tak po str\u00e1nce bezpe\u010dnosti. Zalo\u017eil agenturu\u00a0<a href=\"https:\/\/lynt.cz\/\">Lynt services<\/a>, kter\u00e1 firm\u00e1m pom\u00e1h\u00e1 s provozov\u00e1n\u00edm webov\u00fdch str\u00e1nek \u2013 od konfigurace server\u016f, p\u0159es jejich v\u00fdvoj, a\u017e po jejich propagaci. Aktu\u00e1ln\u011b se Lynt hodn\u011b v\u011bnuje automatizaci v PPC a datov\u00e9 anal\u00fdze \u2013 pracuj\u00ed na n\u00e1stroj\u00edch PPC Robot a Marketing Miner. Vl\u00e1\u010fa WordPress poprv\u00e9 okusil ve verzi 1.5, ale v t\u00e9 dob\u011b byl podle n\u011bj je\u0161t\u011b velmi nedosp\u011bl\u00fd a tak od n\u011bj na n\u011bkolik let op\u011bt utekl. Dnes pova\u017euje\u00a0situaci mnohem lep\u0161\u00ed a tak jej \u010dasto a r\u00e1d pou\u017e\u00edv\u00e1.<\/p>\n<p><a href=\"https:\/\/lynt.cz\/\">lynt.cz<\/a> \/ <a href=\"https:\/\/twitter.com\/smitka\" target=\"_blank\" rel=\"noopener noreferrer\">@smitka<\/a><\/p>\n\t\t\t\t<\/div>\n\t\t\t<\/div>\n\n\t\t\n\t\t\t<div class=\"wcorg-organizer\">\n\t\t\t\t<h2>Tereza Suchanov\u00e1<\/h2>\n\t\t\t\t<div class=\"wcorg-organizer-description\">\n\t\t\t\t\t\t\t\t\t\t<img alt='' src='https:\/\/secure.gravatar.com\/avatar\/e892a75ba898f540b579b0ce70db1ec5353369b71f7e8fc1a8a4a8d5b11822a6?s=100&#038;d=identicon&#038;r=g' srcset='https:\/\/secure.gravatar.com\/avatar\/e892a75ba898f540b579b0ce70db1ec5353369b71f7e8fc1a8a4a8d5b11822a6?s=200&#038;d=identicon&#038;r=g 2x' class='avatar avatar-100 photo' height='100' width='100' \/>\t\t\t\t\t\n<p>O WordPressu se\u00a0dozv\u011bd\u011bla v roce 2010, kdy za\u010dala ps\u00e1t svoje prvn\u00ed <a href=\"https:\/\/terka.travel.blog\/\">amat\u00e9rsk\u00e9 blogy<\/a>, kter\u00e9 z \u010dasov\u00fdch d\u016fvod\u016f ji\u017e neudr\u017euje, ale prost\u0159ed\u00ed WordPressu ji zaujalo natolik, \u017ee nyn\u00ed vytv\u00e1\u0159\u00ed jednoduch\u00e9 weby pro freelancery s ni\u017e\u0161\u00edm rozpo\u010dtem.<\/p>\n\n\n\n<p>Na voln\u00e9 noze funguje jako <a href=\"https:\/\/www.suchanova.cz\">virtu\u00e1ln\u00ed asistentka<\/a>, kter\u00e1 m\u00e1 ve sv\u00e9m portfoliu nep\u0159ebern\u00e9 mno\u017estv\u00ed \u010dinnost\u00ed &#8211; od vyhled\u00e1v\u00e1n\u00ed informac\u00ed a tvorby dokument\u016f, p\u0159es n\u00e1bor zam\u011bstnanc\u016f \u010di zaji\u0161t\u011bn\u00ed slu\u017eebn\u00edch cest a\u017e po organizaci ud\u00e1lost\u00ed v\u0161ech druh\u016f a velikost\u00ed. WordCampu se nejprve \u00fa\u010dastnila jako dobrovolnice, n\u00e1sledn\u011b jako \u00fa\u010dastnice u\u017eivatelsk\u00e9 sekce a te\u010f se sna\u017e\u00ed vyu\u017e\u00edt sv\u00fdch zku\u0161enost\u00ed a znalost\u00ed k vylep\u0161en\u00ed (ji\u017e tak skv\u011bl\u00e9) akce.<\/p>\n\n\n\n<p><a href=\"https:\/\/www.suchanova.cz\" data-type=\"URL\" data-id=\"https:\/\/www.suchanova.cz\">suchanova.cz<\/a><\/p>\n\t\t\t\t<\/div>\n\t\t\t<\/div>\n\n\t\t\n\t\t\t<div class=\"wcorg-organizer\">\n\t\t\t\t<h2>Jan \u0160t\u011btina<\/h2>\n\t\t\t\t<div class=\"wcorg-organizer-description\">\n\t\t\t\t\t\t\t\t\t\t<img alt='' src='https:\/\/secure.gravatar.com\/avatar\/a934439de42b4773be7c3cba14ce6ce5e4278434c9630c9b57ebba7966f1160d?s=100&#038;d=identicon&#038;r=g' srcset='https:\/\/secure.gravatar.com\/avatar\/a934439de42b4773be7c3cba14ce6ce5e4278434c9630c9b57ebba7966f1160d?s=200&#038;d=identicon&#038;r=g 2x' class='avatar avatar-100 photo' height='100' width='100' \/>\t\t\t\t\t\n<p>Aktivn\u00edm u\u017eivatelem WordPressu od roku 2007 (verze 2.4), co\u017e zahrnovalo \u0159adu aktivit od tvorby vlastn\u00edho webu, naps\u00e1n\u00ed n\u011bkolika plugin\u016f, a\u017e po n\u011bkolikaletou spr\u00e1vu men\u0161\u00ed s\u00edt\u011b blog\u016f a vytv\u00e1\u0159en\u00ed web\u016f a komplexn\u00edch plugin\u016f na m\u00edru pro men\u0161\u00ed firmy jako p\u0159iv\u00fdd\u011blek p\u0159i studiu. Nakonec na\u0161el sv\u00e9 m\u00edsto ve v\u00fdvoj\u00e1\u0159sk\u00e9m t\u00fdmu&nbsp;<a href=\"https:\/\/toolset.com\/\">Toolsetu<\/a>&nbsp;v&nbsp;<a href=\"https:\/\/onthegosystems.com\/\">OnTheGoSystems<\/a>.<\/p>\n\n\n\n<p>Zam\u011b\u0159uje se p\u0159edev\u0161\u00edm na backend, softwarov\u00e9 architektury, DevOps. M\u00e1 zku\u0161enosti i s \u0159adou jin\u00fdch programovac\u00edch jazyk\u016f (C#, C++, Java).<\/p>\n\n\n\n<p>Motto \u201ck\u00f3d je poezie\u201d (code is poetry) p\u0159ijal za sv\u00e9 uplat\u0148uje ho p\u0159i ka\u017ed\u00e9 p\u0159\u00edle\u017eitosti.<\/p>\n\n\n\n<p>Na WordPressu (a pota\u017emo i na Toolsetu) jej bav\u00ed p\u0159edev\u0161\u00edm to, \u017ee jde o velmi univerz\u00e1ln\u00ed n\u00e1stroje, kter\u00e9 u\u017eivatel\u016fm do rukou d\u00e1vaj\u00ed p\u0159i tvorb\u011b webu velk\u00e9 mo\u017enosti.<\/p>\n\n\n\n<p><a href=\"https:\/\/zaantar.eu\/\">zaantar.eu<\/a> \/ tw <a href=\"https:\/\/twitter.com\/zaantar\">@zaantar<\/a> \/ ig <a href=\"https:\/\/www.instagram.com\/zaanta_gram\/\">@zaanta_gram<\/a><\/p>\n\t\t\t\t<\/div>\n\t\t\t<\/div>\n\n\t\t\n\t\t\t<div class=\"wcorg-organizer\">\n\t\t\t\t<h2>Petra Stejskalov\u00e1<\/h2>\n\t\t\t\t<div class=\"wcorg-organizer-description\">\n\t\t\t\t\t\t\t\t\t\t<img alt='' src='https:\/\/secure.gravatar.com\/avatar\/146e8f4d854e97dd8bfba32373a1ab21382e882a1a2b5cfcb3b58739fafd973d?s=100&#038;d=identicon&#038;r=g' srcset='https:\/\/secure.gravatar.com\/avatar\/146e8f4d854e97dd8bfba32373a1ab21382e882a1a2b5cfcb3b58739fafd973d?s=200&#038;d=identicon&#038;r=g 2x' class='avatar avatar-100 photo' height='100' width='100' \/>\t\t\t\t\t\n<p> S WordPress se sezn\u00e1mila na prvn\u00edm WordCampu v roce 2017, kdy\u017e hledala snadn\u00fd n\u00e1stroj pro tvorbu web\u016f. Od t\u00e9 doby se zapojila do komunity a pod\u00edlela se na organizaci camp\u016f v Brn\u011b. Z mal\u00e9ho kon\u00ed\u010dku se stala pr\u00e1ce, kde se v\u011bnuje p\u0159edev\u0161\u00edm UX a UI designu a web\u016fm pro mal\u00e9 a st\u0159edn\u00ed podnikatele. Jako grafickou design\u00e9rku ji bav\u00ed hravost a snadn\u00e9 u\u017eit\u00ed WP. Profesn\u011b se v\u011bnuje p\u0159edev\u0161\u00edm propagaci firem, tvorb\u011b materi\u00e1l\u016f pro cestovn\u00ed ruch a u\u010debn\u00edch pom\u016fcek pro z\u00e1kladn\u00ed a st\u0159edn\u00ed \u0161koly s vyu\u017eit\u00edm digit\u00e1ln\u00edch technologi\u00ed. <\/p>\n\t\t\t\t<\/div>\n\t\t\t<\/div>\n\n\t\t\n\t\t\t<div class=\"wcorg-organizer\">\n\t\t\t\t<h2>Pavel Urb\u00e1nek<\/h2>\n\t\t\t\t<div class=\"wcorg-organizer-description\">\n\t\t\t\t\t\t\t\t\t\t<img alt='' src='https:\/\/secure.gravatar.com\/avatar\/05d7d60433b2919c567ea230206afec82757ce6562d69649e76962528e936eba?s=100&#038;d=identicon&#038;r=g' srcset='https:\/\/secure.gravatar.com\/avatar\/05d7d60433b2919c567ea230206afec82757ce6562d69649e76962528e936eba?s=200&#038;d=identicon&#038;r=g 2x' class='avatar avatar-100 photo' height='100' width='100' \/>\t\t\t\t\t<p>S wordpressem pracuji od verze 2 (rok 2007) a za tu dobu jsem se s n\u00edm sezn\u00e1mil z n\u011bkolika sm\u011br\u016f. Nejprve jsem se s n\u00edm pracoval jako program\u00e1tor. V posledn\u00edch n\u011bkolika letech na WordPress kouk\u00e1m hlavn\u011b z druh\u00e9 strany jako syst\u00e9mov\u00fd administr\u00e1tor u <strong>hostingu pro WordPress<\/strong> zn\u00e1my jako <a title=\"Hosting pro WordPres\" href=\"https:\/\/www.wp-hosting.cz\/\" target=\"_blank\" rel=\"noopener noreferrer\">WP Hosting<\/a>.<\/p>\n<p>Zam\u011b\u0159en\u00ed hostingu je hlavn\u011b s vysok\u00fdm d\u016frazem na pot\u0159eby WordPressu. Nutnou sou\u010d\u00e1st\u00ed jsou nov\u00e9 modern\u00ed technologie, kter\u00e9 je\u0161t\u011b dnes nejsou b\u011b\u017en\u00fdm standardem u poskytovatel\u016f slu\u017eeb v \u010cR.<\/p>\n<p>Mimo pou\u017eit\u00e9 technologie se sna\u017e\u00edme u <strong>WP hosting<\/strong> co nejv\u00edce \u0159e\u0161it problematiku spojenou s hostov\u00e1n\u00edm wordpressu za u\u017eivatele i program\u00e1tory. A\u0165 u\u017e jde o bezpe\u010dnost, odvirov\u00e1n\u00ed webu, scany, z\u00e1lohov\u00e1n\u00ed, rychlou instalaci webu, kvalitn\u00ed support se znalost\u00ed WordPressu, nov\u00e9 technologie, snadnou pr\u00e1ci s administrac\u00ed a postupn\u011b implementujeme v\u011bci, kter\u00e9 si z\u00e1kazn\u00edci \u017e\u00e1daj\u00ed.<\/p>\n\n\n<p><a href=\"https:\/\/www.wp-hosting.cz\/\">wp-hosting.cz<\/a><\/p>\n\t\t\t\t<\/div>\n\t\t\t<\/div>\n\n\t\t\n\t<\/div><!-- .wcorg-organizers -->\n\t\n","protected":false},"excerpt":{"rendered":"<p>Seznamte se s t\u00fdmem organiz\u00e1tor\u016f WordCamp Praha 2021. Dobrovoln\u011b v\u011bnuj\u00ed sv\u016fj \u010das, zku\u0161enosti a energii, aby se akce stala nezapomenuteln\u00fdm z\u00e1\u017eitkem pro v\u0161echny.<\/p>\n","protected":false},"author":9292185,"featured_media":0,"parent":0,"menu_order":0,"comment_status":"closed","ping_status":"closed","template":"","meta":{"jetpack_post_was_ever_published":false,"footnotes":""},"class_list":["post-1852","page","type-page","status-publish","hentry"],"jetpack_sharing_enabled":true,"_links":{"self":[{"href":"https:\/\/prague.wordcamp.org\/2021\/wp-json\/wp\/v2\/pages\/1852","targetHints":{"allow":["GET"]}}],"collection":[{"href":"https:\/\/prague.wordcamp.org\/2021\/wp-json\/wp\/v2\/pages"}],"about":[{"href":"https:\/\/prague.wordcamp.org\/2021\/wp-json\/wp\/v2\/types\/page"}],"author":[{"embeddable":true,"href":"https:\/\/prague.wordcamp.org\/2021\/wp-json\/wp\/v2\/users\/9292185"}],"replies":[{"embeddable":true,"href":"https:\/\/prague.wordcamp.org\/2021\/wp-json\/wp\/v2\/comments?post=1852"}],"version-history":[{"count":2,"href":"https:\/\/prague.wordcamp.org\/2021\/wp-json\/wp\/v2\/pages\/1852\/revisions"}],"predecessor-version":[{"id":10736,"href":"https:\/\/prague.wordcamp.org\/2021\/wp-json\/wp\/v2\/pages\/1852\/revisions\/10736"}],"wp:attachment":[{"href":"https:\/\/prague.wordcamp.org\/2021\/wp-json\/wp\/v2\/media?parent=1852"}],"curies":[{"name":"wp","href":"https:\/\/api.w.org\/{rel}","templated":true}]}}