{"id":13181,"date":"2021-02-26T11:20:45","date_gmt":"2021-02-26T10:20:45","guid":{"rendered":"https:\/\/prague.wordcamp.org\/2021\/?page_id=13181"},"modified":"2021-02-26T11:21:12","modified_gmt":"2021-02-26T10:21:12","slug":"registrace","status":"publish","type":"page","link":"https:\/\/prague.wordcamp.org\/2021\/registrace\/","title":{"rendered":"Registrace"},"content":{"rendered":"\n<p><strong>Registrujte se, pros\u00edm, rovnou na na\u0161\u00ed <a href=\"https:\/\/hopin.com\/events\/wordcamp-praha-2021\">ud\u00e1losti na konferen\u010dn\u00ed platform\u011b Hopin<\/a>.<\/strong><\/p>\n\n\n\n<p>Zde p\u0159\u00edpadn\u011b naleznete <a href=\"https:\/\/prague.wordcamp.org\/2021\/navod-na-hopin\/\" data-type=\"post\" data-id=\"11225\">n\u00e1vod, jak s n\u00ed zach\u00e1zet<\/a>.<\/p>\n\n\n\n<p>Pozn\u00e1mka: Registrac\u00ed souhlas\u00edte s dodr\u017eov\u00e1n\u00edm <a href=\"https:\/\/prague.wordcamp.org\/2021\/kodex-chovani\/\" data-type=\"page\" data-id=\"1853\">kodexu chov\u00e1n\u00ed<\/a> a se zas\u00edl\u00e1n\u00edm informac\u00ed ohledn\u011b WordCamp Praha a spolku N\u00e1\u0161WP. Odb\u011br novinek lze samoz\u0159ejm\u011b kdykoliv odhl\u00e1sit.<\/p>\n","protected":false},"excerpt":{"rendered":"<p>Registrujte se, pros\u00edm, rovnou na na\u0161\u00ed ud\u00e1losti na konferen\u010dn\u00ed platform\u011b Hopin. Zde p\u0159\u00edpadn\u011b naleznete n\u00e1vod, jak s n\u00ed zach\u00e1zet. Pozn\u00e1mka: Registrac\u00ed souhlas\u00edte s dodr\u017eov\u00e1n\u00edm kodexu chov\u00e1n\u00ed a se zas\u00edl\u00e1n\u00edm informac\u00ed ohledn\u011b WordCamp Praha a spolku N\u00e1\u0161WP. Odb\u011br novinek lze samoz\u0159ejm\u011b kdykoliv odhl\u00e1sit.<\/p>\n","protected":false},"author":7429152,"featured_media":0,"parent":0,"menu_order":0,"comment_status":"closed","ping_status":"closed","template":"","meta":{"jetpack_post_was_ever_published":false,"footnotes":""},"class_list":["post-13181","page","type-page","status-publish","hentry"],"jetpack_sharing_enabled":true,"_links":{"self":[{"href":"https:\/\/prague.wordcamp.org\/2021\/wp-json\/wp\/v2\/pages\/13181","targetHints":{"allow":["GET"]}}],"collection":[{"href":"https:\/\/prague.wordcamp.org\/2021\/wp-json\/wp\/v2\/pages"}],"about":[{"href":"https:\/\/prague.wordcamp.org\/2021\/wp-json\/wp\/v2\/types\/page"}],"author":[{"embeddable":true,"href":"https:\/\/prague.wordcamp.org\/2021\/wp-json\/wp\/v2\/users\/7429152"}],"replies":[{"embeddable":true,"href":"https:\/\/prague.wordcamp.org\/2021\/wp-json\/wp\/v2\/comments?post=13181"}],"version-history":[{"count":1,"href":"https:\/\/prague.wordcamp.org\/2021\/wp-json\/wp\/v2\/pages\/13181\/revisions"}],"predecessor-version":[{"id":13182,"href":"https:\/\/prague.wordcamp.org\/2021\/wp-json\/wp\/v2\/pages\/13181\/revisions\/13182"}],"wp:attachment":[{"href":"https:\/\/prague.wordcamp.org\/2021\/wp-json\/wp\/v2\/media?parent=13181"}],"curies":[{"name":"wp","href":"https:\/\/api.w.org\/{rel}","templated":true}]}}