{"id":13080,"date":"2021-02-25T17:25:18","date_gmt":"2021-02-25T16:25:18","guid":{"rendered":"https:\/\/prague.wordcamp.org\/2021\/?page_id=13080"},"modified":"2021-03-18T17:05:26","modified_gmt":"2021-03-18T16:05:26","slug":"contributor-day","status":"publish","type":"page","link":"https:\/\/prague.wordcamp.org\/2021\/contributor-day\/","title":{"rendered":"Contributor Day aneb jak p\u0159idat ruku k v\u00fdvoji WordPressu?"},"content":{"rendered":"\n<h2 class=\"wp-block-heading\">Pro\u010d \u201eden komunity\u201f? Proto\u017ee bez n\u00e1s by se WordPress nemohl rozr\u016fstat.&nbsp;<\/h2>\n\n\n\n<p>Contributor Day je setk\u00e1n\u00ed v\u0161ech, kte\u0159\u00ed cht\u011bj\u00ed n\u011bjak\u00fdm d\u00edlem p\u0159isp\u011bt k v\u00fdvoji WordPressu jako platformy, kter\u00e1 je a v\u017edy bude dostupn\u00e1 jako voln\u011b \u0161i\u0159iteln\u00fd software, nebo-li open-source. D\u00edky tomu je tak\u00e9 WordPress tolik obl\u00edben\u00fd a vyu\u017e\u00edv\u00e1 ho v\u00edce ne\u017e 30 % v\u0161ech webov\u00fdch str\u00e1nek po cel\u00e9m sv\u011bt\u011b.<\/p>\n\n\n\n<p>Ka\u017ed\u00fd \u00fa\u010dastn\u00edk se po\u010d\u00edt\u00e1! A\u0165 u\u017e se jedn\u00e1 o p\u0159ekladatele textov\u00fdch \u0159et\u011bzc\u016f, organiz\u00e1tora WordCampu, po\u0159adatele meetup\u016f, nebo v\u00fdvoj\u00e1\u0159e j\u00e1dra WP. Funkc\u00ed je samoz\u0159ejm\u011b v\u00edce. M\u016f\u017eete si vybrat n\u011bco, co je pro v\u00e1s v\u00fdzvou, nebo to, v \u010dem vynik\u00e1te, anebo se p\u0159ij\u00edt pod\u00edvat a zjistit, co v\u00e1m sedne. A\u0165 u\u017e ale si vyberete cokoliv, v\u011b\u0159te, \u017ee si z\u00edsk\u00e1te respekt na\u0161\u00ed komunity. Ka\u017ed\u00fd z n\u00e1s v\u00ed, jak t\u011b\u017ek\u00e9 je v\u011bnovat sv\u016fj drahocenn\u00fd \u010das pro dobrou v\u011bc.<\/p>\n\n\n\n<h2 class=\"wp-block-heading\">Co bude obsahem Contributor Day?<\/h2>\n\n\n\n<h3 class=\"wp-block-heading\">1. Organizace akc\u00ed<\/h3>\n\n\n\n<p>A\u0165 u\u017e se jedn\u00e1 o pokec nad pivem a nebo o velkou konferenci, jako je WordCamp, je t\u0159eba akci pe\u010dliv\u011b napl\u00e1novat. Sehnat organiz\u00e1tory, vybrat prostory, za\u010d\u00edt \u0159e\u0161it jej\u00ed obsah apod. Ur\u010dit\u011b tak\u00e9 projdeme prob\u011bhl\u00fd ro\u010dn\u00edk konference a zjist\u00edme, co bychom mohli zlep\u0161it na ten dal\u0161\u00ed.<\/p>\n\n\n\n<p>Pokud byste r\u00e1di uspo\u0159\u00e1dali nap\u0159\u00edklad meetup ve va\u0161em m\u011bst\u011b, nev\u00e1hejte se zeptat. R\u00e1di v\u00e1m s p\u0159\u00edpravami pom\u016f\u017eeme a p\u0159ed\u00e1me v\u00e1m na\u0161e zku\u0161enosti.<\/p>\n\n\n\n<h3 class=\"wp-block-heading\">2. P\u0159eklady plugin\u016f a j\u00e1dra WordPressu<\/h3>\n\n\n\n<p>Jako ka\u017ed\u00fd rok je t\u0159eba myslet i na p\u0159eklady cel\u00e9 platformy \u2013 nejenom j\u00e1dra samotn\u00e9ho WordPressu, ale i nej\u010dast\u011bji pou\u017e\u00edvan\u00fdch plugin\u016f. Na Contributor Day bude hlavn\u00ed p\u0159ekladatel za \u010ceskou republiku, Michal Janata, kter\u00fd v\u00e1m m\u016f\u017ee poradit, jak se zapojit do p\u0159eklad\u016f, a vysv\u011btlit, na co je p\u0159i p\u0159ekl\u00e1d\u00e1n\u00ed t\u0159eba myslet.<\/p>\n\n\n\n<h3 class=\"wp-block-heading\">3. Budoucnost webu naswp.cz<\/h3>\n\n\n\n<p><a href=\"https:\/\/naswp.cz\/\">Naswp.cz<\/a>&nbsp;je n\u00e1\u0161 komunitn\u00ed port\u00e1l, kter\u00fd zast\u0159e\u0161uje r\u016fzn\u00e9 neofici\u00e1ln\u00ed akce, a sna\u017e\u00ed se udr\u017eovat ve\u0159ejnost v obraze. Psan\u00ed \u010dl\u00e1nk\u016f samoz\u0159ejm\u011b vy\u017eaduje \u010das a ka\u017ed\u00e1 ruka se n\u00e1m hod\u00ed. Ned\u00edlnou sou\u010d\u00e1st\u00ed \u0159e\u0161en\u00ed budoucnosti port\u00e1lu bude tak\u00e9 jeho nov\u00fd vzhled a zrychlen\u00ed. Web je p\u0159ece jenom u\u017e star\u0161\u00ed a zaslou\u017e\u00ed si trochu na\u0161\u00ed p\u00e9\u010de.<\/p>\n\n\n\n<h3 class=\"wp-block-heading\">4. \u010cinnost spolku N\u00e1\u0161 WP, z.s.<\/h3>\n\n\n\n<p>Posledn\u00edm velk\u00fdm t\u00e9matem bude n\u00e1\u0161 nov\u00fd spolek N\u00e1\u0161 WP, z.s. Cht\u011bli bychom ho ofici\u00e1ln\u011b p\u0159edstavit, domluvit se, co v\u0161echno bude za\u0161ti\u0165ovat a jak budeme oslovovat nov\u00e9 \u010dleny.<\/p>\n\n\n\n<hr class=\"wp-block-separator\" \/>\n\n\n\n<p>Cel\u00e1 akce bude prob\u00edhat online, <strong>v ned\u011bli 28. 2. od 17:00 na Google Meet<\/strong> (pro \u00fa\u010dast je pot\u0159eba b\u00fdt p\u0159ihl\u00e1\u0161en\u00fd pod n\u011bjak\u00fdm Google \u00fa\u010dtem).<\/p>\n","protected":false},"excerpt":{"rendered":"<p>Pro\u010d \u201eden komunity\u201f? Proto\u017ee bez n\u00e1s by se WordPress nemohl rozr\u016fstat.&nbsp; Contributor Day je setk\u00e1n\u00ed v\u0161ech, kte\u0159\u00ed cht\u011bj\u00ed n\u011bjak\u00fdm d\u00edlem p\u0159isp\u011bt k v\u00fdvoji WordPressu jako platformy, kter\u00e1 je a v\u017edy bude dostupn\u00e1 jako voln\u011b \u0161i\u0159iteln\u00fd software, nebo-li open-source. D\u00edky tomu je tak\u00e9 WordPress tolik obl\u00edben\u00fd a vyu\u017e\u00edv\u00e1 ho v\u00edce ne\u017e 30 % v\u0161ech webov\u00fdch str\u00e1nek &hellip; <a href=\"https:\/\/prague.wordcamp.org\/2021\/contributor-day\/\" class=\"more-link\">Pokra\u010dovat ve \u010dten\u00ed<span class=\"screen-reader-text\"> &#8222;Contributor Day aneb jak p\u0159idat ruku k v\u00fdvoji WordPressu?&#8220;<\/span><\/a><\/p>\n","protected":false},"author":5814522,"featured_media":0,"parent":0,"menu_order":0,"comment_status":"closed","ping_status":"closed","template":"","meta":{"jetpack_post_was_ever_published":false,"footnotes":""},"class_list":["post-13080","page","type-page","status-publish","hentry"],"jetpack_sharing_enabled":true,"_links":{"self":[{"href":"https:\/\/prague.wordcamp.org\/2021\/wp-json\/wp\/v2\/pages\/13080","targetHints":{"allow":["GET"]}}],"collection":[{"href":"https:\/\/prague.wordcamp.org\/2021\/wp-json\/wp\/v2\/pages"}],"about":[{"href":"https:\/\/prague.wordcamp.org\/2021\/wp-json\/wp\/v2\/types\/page"}],"author":[{"embeddable":true,"href":"https:\/\/prague.wordcamp.org\/2021\/wp-json\/wp\/v2\/users\/5814522"}],"replies":[{"embeddable":true,"href":"https:\/\/prague.wordcamp.org\/2021\/wp-json\/wp\/v2\/comments?post=13080"}],"version-history":[{"count":12,"href":"https:\/\/prague.wordcamp.org\/2021\/wp-json\/wp\/v2\/pages\/13080\/revisions"}],"predecessor-version":[{"id":13284,"href":"https:\/\/prague.wordcamp.org\/2021\/wp-json\/wp\/v2\/pages\/13080\/revisions\/13284"}],"wp:attachment":[{"href":"https:\/\/prague.wordcamp.org\/2021\/wp-json\/wp\/v2\/media?parent=13080"}],"curies":[{"name":"wp","href":"https:\/\/api.w.org\/{rel}","templated":true}]}}