{"id":11952,"date":"2021-01-16T17:53:40","date_gmt":"2021-01-16T16:53:40","guid":{"rendered":"https:\/\/prague.wordcamp.org\/2021\/?page_id=11952"},"modified":"2021-02-17T13:17:44","modified_gmt":"2021-02-17T12:17:44","slug":"chci-podporit-wordcamp","status":"publish","type":"page","link":"https:\/\/prague.wordcamp.org\/2021\/chci-podporit-wordcamp\/","title":{"rendered":"Chci podpo\u0159it WordCamp"},"content":{"rendered":"\n<p>Proto\u017ee leto\u0161n\u00ed WordCamp bude poprv\u00e9 online a WordPress Centr\u00e1la finan\u010dn\u011b online ud\u00e1losti nepodporuje, hled\u00e1me sponzory, kte\u0159\u00ed n\u00e1m pomohou akci uspo\u0159\u00e1dat.<\/p>\n\n\n\n<p>Chcete-li p\u0159\u00edpavu konference podpo\u0159it drobnou \u010d\u00e1stkou, nab\u00edz\u00edme dv\u011b \u00farovn\u011b mikrosponzorstv\u00ed. V obou p\u0159\u00edpadech va\u0161e jm\u00e9no uvedeme v seznamu sponzor\u016f, u \u00farovn\u011b Profesion\u00e1l pak p\u0159id\u00e1me odkaz na va\u0161e webov\u00e9 str\u00e1nky.<\/p>\n\n\n\n<p>Pokud n\u00e1s chcete podpo\u0159it v\u00edce a tak\u00e9 se v\u00fdrazn\u011bji zviditelnit, m\u016f\u017eete se st\u00e1t bronzov\u00fdm, st\u0159\u00edbrn\u00fdm \u010di zlat\u00fdm sponzorem &#8211; <a href=\"https:\/\/prague.wordcamp.org\/2021\/oslovte-stovky-profesionalu-a-fanousku-wordpressu-sponzorovanim-wordcampu-praha-2021\/\">v\u00edce informac\u00ed zde<\/a>.<\/p>\n\n\n<div data-test='contact-form'\n\t\t\tid='contact-form-11952'\n\t\t\tclass='wp-block-jetpack-contact-form-container '\n\t\t\tdata-wp-interactive='jetpack\/form' data-wp-context='{\"formId\":\"11952\",\"formHash\":\"d93b32df0bcc2a1568fcd2a583729a88934b49ce\",\"showErrors\":false,\"errors\":[],\"fields\":[],\"isMultiStep\":false,\"useAjax\":true,\"submissionData\":null,\"formattedSubmissionData\":[],\"submissionSuccess\":false,\"submissionError\":null,\"elementId\":\"jp-form-d93b32df0bcc2a1568fcd2a583729a88934b49ce\",\"isSingleInputForm\":false}'\n\t\t\tdata-wp-watch--scroll-to-wrapper=\"callbacks.scrollToWrapper\"\n\t\t>\n<div class=\"contact-form-submission contact-form-ajax-submission\" data-wp-bind--aria-hidden=\"state.isSuccessMessageAriaHidden\" data-wp-class--submission-success=\"context.submissionSuccess\" id=\"contact-form-success-d93b32df0bcc2a1568fcd2a583729a88934b49ce\" tabindex=\"-1\" aria-labelledby=\"contact-form-success-header-d93b32df0bcc2a1568fcd2a583729a88934b49ce\"><p class=\"go-back-message\"><a class=\"link\" role=\"button\" tabindex=\"0\" data-wp-on--click=\"actions.goBack\" href=\"\/2021\/wp-json\/wp\/v2\/pages\/11952\">\u2190 Back<\/a><\/p><h4 data-wp-bind--aria-hidden=\"state.isSuccessMessageAriaHidden\" id=\"contact-form-success-header-d93b32df0bcc2a1568fcd2a583729a88934b49ce\">Your message has been sent<\/h4>\n\n<template data-wp-each--submission=\"context.formattedSubmissionData\">\n\t\t\t\t\t<div class=\"jetpack_forms_contact-form-success-summary\">\n\t\t\t\t\t\t<div class=\"field-name\" data-wp-text=\"context.submission.label\" data-wp-bind--hidden=\"!context.submission.label\"><\/div>\n\t\t\t\t\t\t<div class=\"field-value\" data-wp-text=\"context.submission.value\" data-wp-bind--hidden=\"!context.submission.showPlainValue\"><\/div>\n\t\t\t\t\t\t<a class=\"field-url\" data-wp-bind--href=\"context.submission.url\" data-wp-text=\"context.submission.value\" data-wp-bind--hidden=\"!context.submission.url\" target=\"_blank\" rel=\"noopener noreferrer\"><\/a>\n\t\t\t\t\t\t<div class=\"field-rating\" data-wp-bind--hidden=\"!context.submission.rating\" data-wp-watch=\"callbacks.watchRatingIcons\"><\/div>\n\t\t\t\t\t\t<div class=\"field-images\" data-wp-bind--hidden=\"!context.submission.images\">\n\t\t\t\t\t\t\t<template data-wp-each--image=\"context.submission.images\">\n\t\t\t\t\t\t\t\t<div class=\"field-image-option\" data-wp-class--is-empty=\"!context.image.src\">\n\t\t\t\t\t\t\t\t\t<figure class=\"field-image-option__image\" data-wp-class--is-empty=\"!context.image.src\">\n\t\t\t\t\t\t\t\t\t\t<img data-wp-bind--src=\"context.image.src\" data-wp-bind--hidden=\"!context.image.src\" \/>\n\t\t\t\t\t\t\t\t\t\t<img decoding=\"async\" src=\"data:image\/gif;base64,R0lGODlhAQABAAD\/ACwAAAAAAQABAAACADs=\" data-wp-bind--hidden=\"context.image.src\" \/>\n\t\t\t\t\t\t\t\t\t<\/figure>\n\t\t\t\t\t\t\t\t\t<div class=\"field-image-option__label-wrapper\">\n\t\t\t\t\t\t\t\t\t\t<span class=\"field-image-option__label-code\" data-wp-text=\"context.image.letterCode\"><\/span>\n\t\t\t\t\t\t\t\t\t\t<span class=\"field-image-option__label\" data-wp-text=\"context.image.label\" data-wp-bind--hidden=\"!context.image.label\"><\/span>\n\t\t\t\t\t\t\t\t\t<\/div>\n\t\t\t\t\t\t\t\t<\/div>\n\t\t\t\t\t\t\t<\/template>\n\t\t\t\t\t\t<\/div>\n\t\t\t\t\t\t<div class=\"field-files\" data-wp-bind--hidden=\"!context.submission.files\">\n\t\t\t\t\t\t\t<template data-wp-each--file=\"context.submission.files\">\n\t\t\t\t\t\t\t\t<div class=\"field-file\">\n\t\t\t\t\t\t\t\t\t<div class=\"field-file__thumbnail\" data-wp-style--background-image=\"context.file.previewUrl\" data-wp-style--mask-image=\"context.file.iconUrl\" data-wp-bind--hidden=\"!context.file.hasPreview\"><\/div>\n\t\t\t\t\t\t\t\t\t<svg class=\"field-file__icon\" data-wp-bind--hidden=\"context.file.hasPreview\" width=\"20\" height=\"20\" viewBox=\"0 0 24 24\" fill=\"none\" xmlns=\"http:\/\/www.w3.org\/2000\/svg\" aria-hidden=\"true\">\n\t\t\t\t\t\t\t\t\t\t<path d=\"M14 2H6C4.9 2 4 2.9 4 4V20C4 21.1 4.89 22 5.99 22H18C19.1 22 20 21.1 20 20V8L14 2ZM18 20H6V4H13V9H18V20Z\" fill=\"currentColor\"\/>\n\t\t\t\t\t\t\t\t\t<\/svg>\n\t\t\t\t\t\t\t\t\t<span class=\"field-file__name\" data-wp-text=\"context.file.name\"><\/span>\n\t\t\t\t\t\t\t\t\t<span class=\"field-file__size\" data-wp-text=\"context.file.size\"><\/span>\n\t\t\t\t\t\t\t\t<\/div>\n\t\t\t\t\t\t\t<\/template>\n\t\t\t\t\t\t<\/div>\n\t\t\t\t\t<\/div>\n\t\t\t\t<\/template><\/div><form action='https:\/\/prague.wordcamp.org\/2021\/chci-podporit-wordcamp\/'\n\t\t\t\tid='jp-form-d93b32df0bcc2a1568fcd2a583729a88934b49ce'\n\t\t\t\tmethod='post'\n\t\t\t\tclass='contact-form commentsblock wp-block-jetpack-contact-form' aria-label=\"Chci podpo\u0159it WordCamp\"\n\t\t\t\tdata-wp-on--submit=\"actions.onFormSubmit\"\n\t\t\t\tdata-wp-on--reset=\"actions.onFormReset\"\n\t\t\t\tdata-wp-class--submission-success=\"context.submissionSuccess\"\n\t\t\t\tdata-wp-class--is-first-step=\"state.isFirstStep\"\n\t\t\t\tdata-wp-class--is-last-step=\"state.isLastStep\"\n\t\t\t\tdata-wp-class--is-ajax-form=\"context.useAjax\"\n\t\t\t\tnovalidate >\n<input type='hidden' name='jetpack_contact_form_jwt' value='eyJ0eXAiOiJKV1QiLCJhbGciOiJIUzI1NiJ9.eyJlbmNyeXB0ZWRfYXR0cmlidXRlcyI6IlR4Z0ZUeGs0eHRJcTBINGZzNzBkRFQwNEUvOGZlMWlWVTRQRTlCNERpOWllNU5oSzdpLzY5R0xIcWJVZitVY2wwSjdwdkZEdTd5S25XemxLclFnV0Jrd2dSdjE1ZEZzMzRMRVlkeC8vN0JUQjlvTVppbkpabWRaalNxbU44UlcwT0JrdS96UnJHbmVlK200WVVqWk8wNjVaeUxBLytmSW1RNkIvNXpQcTE3eHZTUWJBcDY1UVFzbkM5ZUYySTlIVGpVck45WkFoVllvNzJBMlVtWWtEZEJDZXZJb2dDTkt2dlY0b0l5cjZSQk5ZVUNwZG1GZklBc0hjZEhHZWVLVEZIV2ZHbGw5TFcvSkZGQVAyWjAwNTMvMWw3T0JRMDNqV1lBbURLNUhkVlN3UTE4N0NheHZaaWs4VmlwZG1KL0JtV1lBNUk4djJ4bjBSdXhSa1U5dkxjcTl2dVVTenltSjY3SzVZUGY1TnJyTGFQd0ppUHJwV2o0WlEyV0tzS2wzVnZOcmZ0K01WQlc0bDlPWFRaUEZ5WlVlbFRNdmp5dHIrTk9JKzNiOEd1MEw4UUk1Tm1tZmRkL1FYTk9WejFrWHVCS0FpaEtkcndqSW9KZURsM0tsU3NmVFRaZ0NYc2NkR1QrcWJtZis5ZHpBRWpxU0dkZDdFNS9ERUZYaG1SellqdlRLY0lrVGpzVkNpbjNvLzdRbmxDY2puMkFMRlJ3NXNsTk1TcGt6UHFsYlNtcHBVSlM2RFpMeVRrUDdNTW9LNFN5NXFVYWFTLytLQnFlQzh5aGFJR3lIMEdTa3RnQTl4ZDdDK09nbFM5dkpYMlF0enJ6cEVRY09odjlKT245L1JrcXVTQmV2VldUZE93RGw2d1l0eTVieG0zOEorNDhieVQ4SWZRbm9pOHJ1U3ZFWFBIaSt3ZEFEZUVoVG5DTWpwZHgvYnRpMjd5d3JNZW9TOFppbG4yYkpYSDVIREwxSjh6bXhDZTM3bENwWEEya0VNOEdrU3k5YlZPaWUyM0VRampJY3RWamR6Y0s1RnRyMVJBR1FRTE1KWm9OcFJXRkYxYXNVUVRTODdWU01VaUxxN2pFekMwYm1ReW5vdmNTYWhmSGFudU5DM010b1JoVFV4Q2t3TEwzZE9QQW9oL0pxZit1VXdIRVVTMG4wZnV3UWFVRjRVVmhjM2VZKzJ2MnlueXZGSUNXaU81Smg0bnJuV3dtNlBmNE80RURDRWY0RWRGTzlLT3dsVVNBQT0iLCJjb250ZW50IjoiXG5bY29udGFjdC1maWVsZCBsYWJlbD1cIkptXHUwMGU5bm9cIiByZXF1aXJlZD1cIjFcIiB0eXBlPVwibmFtZVwiL11cblxuW2NvbnRhY3QtZmllbGQgbGFiZWw9XCJFLW1haWxcIiByZXF1aXJlZD1cIjFcIiB0eXBlPVwiZW1haWxcIi9dXG5cbltjb250YWN0LWZpZWxkIGxhYmVsPVwiVGVsZWZvblwiIHJlcXVpcmVkPVwiMVwiIHR5cGU9XCJ0ZXh0XCIvXVxuXG5bY29udGFjdC1maWVsZCBsYWJlbD1cIlx1MDBkYXJvdmVcdTAxNDggc3BvbnpvcnN0dlx1MDBlZFwiIHJlcXVpcmVkPVwiMVwiIG9wdGlvbnM9XCJDaGNpIHBvZHBvXHUwMTU5aXQgV29yZENhbXAgKDMwMCBLXHUwMTBkIGJleiBEUEgpLFByb2Zlc2lvblx1MDBlMWwgLSBvZGtheiBuYSB3ZWJ1ICg3NTAgS1x1MDEwZCBiZXogRFBIKVwiIHR5cGU9XCJzZWxlY3RcIi9dXG5cbltjb250YWN0LWZpZWxkIGxhYmVsPVwiWnByXHUwMGUxdmEgKG1cdTAxNmZcdTAxN2VldGUgblx1MDBlMW0gbmFwXHUwMTU5XHUwMGVka2xhZCBuYXBzYXQmIzA0NDsgcHJvXHUwMTBkIG5cdTAwZTFzIGNoY2V0ZSBwb2Rwb1x1MDE1OWl0KVwiIHR5cGU9XCJ0ZXh0YXJlYVwiL11cblxuPGRpdiBjbGFzcz1cIndwLWJsb2NrLWpldHBhY2stYnV0dG9uIHdwLWJsb2NrLWJ1dHRvblwiIHN0eWxlPVwiXCI-PGJ1dHRvbiBjbGFzcz1cIndwLWJsb2NrLWJ1dHRvbl9fbGlua1wiIHN0eWxlPVwiXCIgZGF0YS1pZC1hdHRyPVwicGxhY2Vob2xkZXJcIiB0eXBlPVwic3VibWl0XCIgZGF0YS13cC1jbGFzcy0taXMtc3VibWl0dGluZz1cInN0YXRlLmlzU3VibWl0dGluZ1wiIGRhdGEtd3AtYmluZC0tYXJpYS1kaXNhYmxlZD1cInN0YXRlLmlzQXJpYURpc2FibGVkXCI-T2Rlc2xhdDxzcGFuIGNsYXNzPVwic3Bpbm5lclwiIGFyaWEtaGlkZGVuPVwidHJ1ZVwiPjxzdmcgd2lkdGg9XCIyNFwiIGhlaWdodD1cIjI0XCIgdmlld0JveD1cIjAgMCAyNCAyNFwiIHhtbG5zPVwiaHR0cDovL3d3dy53My5vcmcvMjAwMC9zdmdcIj48cGF0aCBkPVwiTTEyLDFBMTEsMTEsMCwxLDAsMjMsMTIsMTEsMTEsMCwwLDAsMTIsMVptMCwxOWE4LDgsMCwxLDEsOC04QTgsOCwwLDAsMSwxMiwyMFpcIiBvcGFjaXR5PVwiLjI1XCIvPjxwYXRoIGQ9XCJNMTAuMTQsMS4xNmExMSwxMSwwLDAsMC05LDguOTJBMS41OSwxLjU5LDAsMCwwLDIuNDYsMTIsMS41MiwxLjUyLDAsMCwwLDQuMTEsMTAuN2E4LDgsMCwwLDEsNi42Ni02LjYxQTEuNDIsMS40MiwwLDAsMCwxMiwyLjY5aDBBMS41NywxLjU3LDAsMCwwLDEwLjE0LDEuMTZaXCI-PGFuaW1hdGVUcmFuc2Zvcm0gYXR0cmlidXRlTmFtZT1cInRyYW5zZm9ybVwiIHR5cGU9XCJyb3RhdGVcIiBkdXI9XCIwLjc1c1wiIHZhbHVlcz1cIjAgMTIgMTI7MzYwIDEyIDEyXCIgcmVwZWF0Q291bnQ9XCJpbmRlZmluaXRlXCIvPjwvcGF0aD48L3N2Zz48c3BhbiBjbGFzcz1cImlzLXZpc3VhbGx5LWhpZGRlblwiPlN1Ym1pdHRpbmcgZm9ybTwvc3Bhbj48L3NwYW4-PC9idXR0b24-PC9kaXY-XG4iLCJoYXNoIjoiZDkzYjMyZGYwYmNjMmExNTY4ZmNkMmE1ODM3MjlhODg5MzRiNDljZSIsInNvdXJjZSI6eyJlbnRyeV90aXRsZSI6IkNoY2kgcG9kcG9cdTAxNTlpdCBXb3JkQ2FtcCIsImVudHJ5X3BhZ2UiOjEsInNvdXJjZV9pZCI6MTE5NTIsInNvdXJjZV90eXBlIjoic2luZ2xlIiwicmVxdWVzdF91cmwiOiJodHRwczovL3ByYWd1ZS53b3JkY2FtcC5vcmcvMjAyMS93cC1qc29uL3dwL3YyL3BhZ2VzLzExOTUyIn0sInZlcnNpb24iOjIsImNpcGhlciI6ImFlcy0yNTYtZ2NtIn0.14evw4hz60pAmaCFrJILe3Wr-UZXfd1_LW6RBQkSBoc' \/>\n\n\n<div style=\"\"  data-wp-interactive=\"jetpack\/form\" data-wp-context='{\"fieldId\":\"g11952-jmno\",\"fieldType\":\"name\",\"fieldLabel\":\"Jm\\u00e9no\",\"fieldValue\":\"\",\"fieldPlaceholder\":\"\",\"fieldIsRequired\":\"1\",\"fieldErrorMessage\":\"\",\"fieldExtra\":[],\"formHash\":\"d93b32df0bcc2a1568fcd2a583729a88934b49ce\"}'  class='grunion-field-name-wrap grunion-field-wrap'  data-wp-init='callbacks.initializeField' data-wp-on--jetpack-form-reset='callbacks.initializeField' >\n<label\n\t\t\t\tfor='g11952-jmno' class=\"grunion-field-label name\" >Jm\u00e9no<span class=\"grunion-label-required\" aria-hidden=\"true\">(required)<\/span><\/label>\n<input\n\t\t\t\t\ttype='text'\n\t\t\t\t\tname='g11952-jmno'\n\t\t\t\t\tid='g11952-jmno'\n\t\t\t\t\tvalue=''\n\n\t\t\t\t\tdata-wp-bind--aria-invalid='state.fieldAriaInvalid'\n\t\t\t\t\tdata-wp-bind--value='state.getFieldValue'\n\t\t\t\t\taria-describedby='g11952-jmno-text-error-message'\n\t\t\t\t\tdata-wp-on--input='actions.onFieldChange'\n\t\t\t\t\tdata-wp-on--blur='actions.onFieldBlur'\n\t\t\t\t\tdata-wp-class--has-value='state.hasFieldValue'\n\n\t\t\t\t\tclass='name  grunion-field' \n\t\t\t\t\trequired='true' aria-required='true'  \/>\n \n\t\t\t<div id=\"g11952-jmno-text-error\" class=\"contact-form__input-error\" data-wp-class--has-errors=\"state.fieldHasErrors\">\n\t\t\t\t<span class=\"contact-form__warning-icon\" aria-hidden=\"true\">\n\t\t\t\t\t<svg width=\"16\" height=\"16\" viewBox=\"0 0 16 16\" fill=\"none\" xmlns=\"http:\/\/www.w3.org\/2000\/svg\">\n\t\t\t\t\t\t<path d=\"M8.50015 11.6402H7.50015V10.6402H8.50015V11.6402Z\" \/>\n\t\t\t\t\t\t<path d=\"M7.50015 9.64018H8.50015V6.30684H7.50015V9.64018Z\" \/>\n\t\t\t\t\t\t<path fill-rule=\"evenodd\" clip-rule=\"evenodd\" d=\"M6.98331 3.0947C7.42933 2.30177 8.57096 2.30177 9.01698 3.09469L13.8771 11.7349C14.3145 12.5126 13.7525 13.4735 12.8602 13.4735H3.14004C2.24774 13.4735 1.68575 12.5126 2.12321 11.7349L6.98331 3.0947ZM8.14541 3.58496C8.08169 3.47168 7.9186 3.47168 7.85488 3.58496L2.99478 12.2251C2.93229 12.3362 3.01257 12.4735 3.14004 12.4735H12.8602C12.9877 12.4735 13.068 12.3362 13.0055 12.2251L8.14541 3.58496Z\" \/>\n\t\t\t\t\t<\/svg>\n\t\t\t\t<\/span>\n\t\t\t\t<span data-wp-text=\"state.errorMessage\" id=\"g11952-jmno-text-error-message\"><\/span>\n\t\t\t<\/div> \n\t<\/div>\n\n\n\n<div style=\"\"  data-wp-interactive=\"jetpack\/form\" data-wp-context='{\"fieldId\":\"g11952-email\",\"fieldType\":\"email\",\"fieldLabel\":\"E-mail\",\"fieldValue\":\"\",\"fieldPlaceholder\":\"\",\"fieldIsRequired\":\"1\",\"fieldErrorMessage\":\"\",\"fieldExtra\":[],\"formHash\":\"d93b32df0bcc2a1568fcd2a583729a88934b49ce\"}'  class='grunion-field-email-wrap grunion-field-wrap'  data-wp-init='callbacks.initializeField' data-wp-on--jetpack-form-reset='callbacks.initializeField' >\n<label\n\t\t\t\tfor='g11952-email' class=\"grunion-field-label email\" >E-mail<span class=\"grunion-label-required\" aria-hidden=\"true\">(required)<\/span><\/label>\n<input\n\t\t\t\t\ttype='email'\n\t\t\t\t\tname='g11952-email'\n\t\t\t\t\tid='g11952-email'\n\t\t\t\t\tvalue=''\n\n\t\t\t\t\tdata-wp-bind--aria-invalid='state.fieldAriaInvalid'\n\t\t\t\t\tdata-wp-bind--value='state.getFieldValue'\n\t\t\t\t\taria-describedby='g11952-email-email-error-message'\n\t\t\t\t\tdata-wp-on--input='actions.onFieldChange'\n\t\t\t\t\tdata-wp-on--blur='actions.onFieldBlur'\n\t\t\t\t\tdata-wp-class--has-value='state.hasFieldValue'\n\n\t\t\t\t\tclass='email  grunion-field' \n\t\t\t\t\trequired='true' aria-required='true'  \/>\n \n\t\t\t<div id=\"g11952-email-email-error\" class=\"contact-form__input-error\" data-wp-class--has-errors=\"state.fieldHasErrors\">\n\t\t\t\t<span class=\"contact-form__warning-icon\" aria-hidden=\"true\">\n\t\t\t\t\t<svg width=\"16\" height=\"16\" viewBox=\"0 0 16 16\" fill=\"none\" xmlns=\"http:\/\/www.w3.org\/2000\/svg\">\n\t\t\t\t\t\t<path d=\"M8.50015 11.6402H7.50015V10.6402H8.50015V11.6402Z\" \/>\n\t\t\t\t\t\t<path d=\"M7.50015 9.64018H8.50015V6.30684H7.50015V9.64018Z\" \/>\n\t\t\t\t\t\t<path fill-rule=\"evenodd\" clip-rule=\"evenodd\" d=\"M6.98331 3.0947C7.42933 2.30177 8.57096 2.30177 9.01698 3.09469L13.8771 11.7349C14.3145 12.5126 13.7525 13.4735 12.8602 13.4735H3.14004C2.24774 13.4735 1.68575 12.5126 2.12321 11.7349L6.98331 3.0947ZM8.14541 3.58496C8.08169 3.47168 7.9186 3.47168 7.85488 3.58496L2.99478 12.2251C2.93229 12.3362 3.01257 12.4735 3.14004 12.4735H12.8602C12.9877 12.4735 13.068 12.3362 13.0055 12.2251L8.14541 3.58496Z\" \/>\n\t\t\t\t\t<\/svg>\n\t\t\t\t<\/span>\n\t\t\t\t<span data-wp-text=\"state.errorMessage\" id=\"g11952-email-email-error-message\"><\/span>\n\t\t\t<\/div> \n\t<\/div>\n\n\n\n<div style=\"\"  data-wp-interactive=\"jetpack\/form\" data-wp-context='{\"fieldId\":\"g11952-telefon\",\"fieldType\":\"text\",\"fieldLabel\":\"Telefon\",\"fieldValue\":\"\",\"fieldPlaceholder\":\"\",\"fieldIsRequired\":\"1\",\"fieldErrorMessage\":\"\",\"fieldExtra\":[],\"formHash\":\"d93b32df0bcc2a1568fcd2a583729a88934b49ce\"}'  class='grunion-field-text-wrap grunion-field-wrap'  data-wp-init='callbacks.initializeField' data-wp-on--jetpack-form-reset='callbacks.initializeField' >\n<label\n\t\t\t\tfor='g11952-telefon' class=\"grunion-field-label text\" >Telefon<span class=\"grunion-label-required\" aria-hidden=\"true\">(required)<\/span><\/label>\n<input\n\t\t\t\t\ttype='text'\n\t\t\t\t\tname='g11952-telefon'\n\t\t\t\t\tid='g11952-telefon'\n\t\t\t\t\tvalue=''\n\n\t\t\t\t\tdata-wp-bind--aria-invalid='state.fieldAriaInvalid'\n\t\t\t\t\tdata-wp-bind--value='state.getFieldValue'\n\t\t\t\t\taria-describedby='g11952-telefon-text-error-message'\n\t\t\t\t\tdata-wp-on--input='actions.onFieldChange'\n\t\t\t\t\tdata-wp-on--blur='actions.onFieldBlur'\n\t\t\t\t\tdata-wp-class--has-value='state.hasFieldValue'\n\n\t\t\t\t\tclass='text  grunion-field' \n\t\t\t\t\trequired='true' aria-required='true'  \/>\n \n\t\t\t<div id=\"g11952-telefon-text-error\" class=\"contact-form__input-error\" data-wp-class--has-errors=\"state.fieldHasErrors\">\n\t\t\t\t<span class=\"contact-form__warning-icon\" aria-hidden=\"true\">\n\t\t\t\t\t<svg width=\"16\" height=\"16\" viewBox=\"0 0 16 16\" fill=\"none\" xmlns=\"http:\/\/www.w3.org\/2000\/svg\">\n\t\t\t\t\t\t<path d=\"M8.50015 11.6402H7.50015V10.6402H8.50015V11.6402Z\" \/>\n\t\t\t\t\t\t<path d=\"M7.50015 9.64018H8.50015V6.30684H7.50015V9.64018Z\" \/>\n\t\t\t\t\t\t<path fill-rule=\"evenodd\" clip-rule=\"evenodd\" d=\"M6.98331 3.0947C7.42933 2.30177 8.57096 2.30177 9.01698 3.09469L13.8771 11.7349C14.3145 12.5126 13.7525 13.4735 12.8602 13.4735H3.14004C2.24774 13.4735 1.68575 12.5126 2.12321 11.7349L6.98331 3.0947ZM8.14541 3.58496C8.08169 3.47168 7.9186 3.47168 7.85488 3.58496L2.99478 12.2251C2.93229 12.3362 3.01257 12.4735 3.14004 12.4735H12.8602C12.9877 12.4735 13.068 12.3362 13.0055 12.2251L8.14541 3.58496Z\" \/>\n\t\t\t\t\t<\/svg>\n\t\t\t\t<\/span>\n\t\t\t\t<span data-wp-text=\"state.errorMessage\" id=\"g11952-telefon-text-error-message\"><\/span>\n\t\t\t<\/div> \n\t<\/div>\n\n\n\n<div style=\"\"  data-wp-interactive=\"jetpack\/form\" data-wp-context='{\"fieldId\":\"g11952-rovesponzorstv\",\"fieldType\":\"select\",\"fieldLabel\":\"\\u00darove\\u0148 sponzorstv\\u00ed\",\"fieldValue\":\"\",\"fieldPlaceholder\":\"\",\"fieldIsRequired\":\"1\",\"fieldErrorMessage\":\"\",\"fieldExtra\":[],\"formHash\":\"d93b32df0bcc2a1568fcd2a583729a88934b49ce\"}'  class='grunion-field-select-wrap grunion-field-wrap'  data-wp-init='callbacks.initializeField' data-wp-on--jetpack-form-reset='callbacks.initializeField' >\n<label\n\t\t\t\tfor='g11952-rovesponzorstv' class=\"grunion-field-label select\" >\u00darove\u0148 sponzorstv\u00ed<span class=\"grunion-label-required\" aria-hidden=\"true\">(required)<\/span><\/label>\n<div class=\"contact-form__select-wrapper select  grunion-field\"  style=''>\t<span class='contact-form__select-element-wrapper'><select name='g11952-rovesponzorstv' id='g11952-rovesponzorstv' required aria-required='true' data-wp-on--change='actions.onFieldChange' data-wp-bind--aria-invalid='state.fieldAriaInvalid' >\n\t\t<option value='Chci podpo\u0159it WordCamp (300 K\u010d bez DPH)'>Chci podpo\u0159it WordCamp (300 K\u010d bez DPH)<\/option>\n\t\t<option value='Profesion\u00e1l - odkaz na webu (750 K\u010d bez DPH)'>Profesion\u00e1l &#8211; odkaz na webu (750 K\u010d bez DPH)<\/option>\n\t<\/select><span class='jetpack-field-dropdown__icon'><\/span><\/span>\n<\/div>\n\n\t\t\t<div id=\"g11952-rovesponzorstv-select-error\" class=\"contact-form__input-error\" data-wp-class--has-errors=\"state.fieldHasErrors\">\n\t\t\t\t<span class=\"contact-form__warning-icon\" aria-hidden=\"true\">\n\t\t\t\t\t<svg width=\"16\" height=\"16\" viewBox=\"0 0 16 16\" fill=\"none\" xmlns=\"http:\/\/www.w3.org\/2000\/svg\">\n\t\t\t\t\t\t<path d=\"M8.50015 11.6402H7.50015V10.6402H8.50015V11.6402Z\" \/>\n\t\t\t\t\t\t<path d=\"M7.50015 9.64018H8.50015V6.30684H7.50015V9.64018Z\" \/>\n\t\t\t\t\t\t<path fill-rule=\"evenodd\" clip-rule=\"evenodd\" d=\"M6.98331 3.0947C7.42933 2.30177 8.57096 2.30177 9.01698 3.09469L13.8771 11.7349C14.3145 12.5126 13.7525 13.4735 12.8602 13.4735H3.14004C2.24774 13.4735 1.68575 12.5126 2.12321 11.7349L6.98331 3.0947ZM8.14541 3.58496C8.08169 3.47168 7.9186 3.47168 7.85488 3.58496L2.99478 12.2251C2.93229 12.3362 3.01257 12.4735 3.14004 12.4735H12.8602C12.9877 12.4735 13.068 12.3362 13.0055 12.2251L8.14541 3.58496Z\" \/>\n\t\t\t\t\t<\/svg>\n\t\t\t\t<\/span>\n\t\t\t\t<span data-wp-text=\"state.errorMessage\" id=\"g11952-rovesponzorstv-select-error-message\"><\/span>\n\t\t\t<\/div>\t<\/div>\n\n\n\n<div style=\"\"  data-wp-interactive=\"jetpack\/form\" data-wp-context='{\"fieldId\":\"g11952-zprvametenmnapkladnapsat044pronschcetepodpoit\",\"fieldType\":\"textarea\",\"fieldLabel\":\"Zpr\\u00e1va (m\\u016f\\u017eete n\\u00e1m nap\\u0159\\u00edklad napsat\\u0026#044; pro\\u010d n\\u00e1s chcete podpo\\u0159it)\",\"fieldValue\":\"\",\"fieldPlaceholder\":\"\",\"fieldIsRequired\":\"\",\"fieldErrorMessage\":\"\",\"fieldExtra\":[],\"formHash\":\"d93b32df0bcc2a1568fcd2a583729a88934b49ce\"}'  class='grunion-field-textarea-wrap grunion-field-wrap'  data-wp-init='callbacks.initializeField' data-wp-on--jetpack-form-reset='callbacks.initializeField' >\n<label\n\t\t\t\tfor='contact-form-comment-g11952-zprvametenmnapkladnapsat044pronschcetepodpoit' class=\"grunion-field-label textarea\" >Zpr\u00e1va (m\u016f\u017eete n\u00e1m nap\u0159\u00edklad napsat&#044; pro\u010d n\u00e1s chcete podpo\u0159it)<\/label>\n<textarea\n\t\t                style=''\n\t\t                name='g11952-zprvametenmnapkladnapsat044pronschcetepodpoit'\n\t\t                id='contact-form-comment-g11952-zprvametenmnapkladnapsat044pronschcetepodpoit'\n\t\t                rows='20'\n\t\t\t\t\t\tdata-wp-text='state.getFieldValue'\n\t\t\t\t\t\tdata-wp-on--input='actions.onFieldChange'\n\t\t\t\t\t\tdata-wp-on--blur='actions.onFieldBlur'\n\t\t\t\t\t\tdata-wp-class--has-value='state.hasFieldValue'\n\t\t\t\t\t\taria-describedby='g11952-zprvametenmnapkladnapsat044pronschcetepodpoit-textarea-error-message'\n\t\t\t\t\t\tdata-wp-bind--aria-invalid='state.fieldAriaInvalid'\n\t\t\t\t\t\tclass='textarea  grunion-field'  ><\/textarea>\n \n\t\t\t<div id=\"g11952-zprvametenmnapkladnapsat044pronschcetepodpoit-textarea-error\" class=\"contact-form__input-error\" data-wp-class--has-errors=\"state.fieldHasErrors\">\n\t\t\t\t<span class=\"contact-form__warning-icon\" aria-hidden=\"true\">\n\t\t\t\t\t<svg width=\"16\" height=\"16\" viewBox=\"0 0 16 16\" fill=\"none\" xmlns=\"http:\/\/www.w3.org\/2000\/svg\">\n\t\t\t\t\t\t<path d=\"M8.50015 11.6402H7.50015V10.6402H8.50015V11.6402Z\" \/>\n\t\t\t\t\t\t<path d=\"M7.50015 9.64018H8.50015V6.30684H7.50015V9.64018Z\" \/>\n\t\t\t\t\t\t<path fill-rule=\"evenodd\" clip-rule=\"evenodd\" d=\"M6.98331 3.0947C7.42933 2.30177 8.57096 2.30177 9.01698 3.09469L13.8771 11.7349C14.3145 12.5126 13.7525 13.4735 12.8602 13.4735H3.14004C2.24774 13.4735 1.68575 12.5126 2.12321 11.7349L6.98331 3.0947ZM8.14541 3.58496C8.08169 3.47168 7.9186 3.47168 7.85488 3.58496L2.99478 12.2251C2.93229 12.3362 3.01257 12.4735 3.14004 12.4735H12.8602C12.9877 12.4735 13.068 12.3362 13.0055 12.2251L8.14541 3.58496Z\" \/>\n\t\t\t\t\t<\/svg>\n\t\t\t\t<\/span>\n\t\t\t\t<span data-wp-text=\"state.errorMessage\" id=\"g11952-zprvametenmnapkladnapsat044pronschcetepodpoit-textarea-error-message\"><\/span>\n\t\t\t<\/div>\n\t<\/div>\n\n\n<div class=\"contact-form__error\" data-wp-class--show-errors=\"state.showFormErrors\"><span class=\"contact-form__warning-icon\" aria-hidden=\"true\"><i><\/i><\/span><span class=\"contact-form__error-message\" tabindex=\"-1\" data-wp-watch=\"callbacks.focusOnValidationError\" data-wp-text=\"state.getFormErrorMessage\"><\/span><ul aria-label=\"Form errors\">\n\t\t\t\t<template data-wp-each=\"state.getErrorList\" data-wp-key=\"context.item.id\">\n\t\t\t\t\t<li><a data-wp-bind--href=\"context.item.anchor\" data-wp-on--click=\"actions.scrollIntoView\" data-wp-text=\"context.item.label\"><\/a><\/li>\n\t\t\t\t<\/template>\n\t\t\t\t<\/ul><\/div><div class=\"contact-form__error\" data-wp-class--show-errors=\"state.showSubmissionError\" data-wp-text=\"context.submissionError\" tabindex=\"-1\" data-wp-watch=\"callbacks.focusOnSubmissionError\"><\/div> <div class=\"wp-block-jetpack-button wp-block-button\" style=\"\"><button data-wp-bind--disabled=\"state.isAriaDisabled\" class=\"wp-block-button__link\" style=\"\" data-id-attr=\"placeholder\" type=\"submit\" data-wp-class--is-submitting=\"state.isSubmitting\" data-wp-bind--aria-disabled=\"state.isAriaDisabled\">Odeslat<span class=\"spinner\" aria-hidden=\"true\"><svg width=\"24\" height=\"24\" viewBox=\"0 0 24 24\" xmlns=\"http:\/\/www.w3.org\/2000\/svg\"><path d=\"M12,1A11,11,0,1,0,23,12,11,11,0,0,0,12,1Zm0,19a8,8,0,1,1,8-8A8,8,0,0,1,12,20Z\" opacity=\".25\"\/><path d=\"M10.14,1.16a11,11,0,0,0-9,8.92A1.59,1.59,0,0,0,2.46,12,1.52,1.52,0,0,0,4.11,10.7a8,8,0,0,1,6.66-6.61A1.42,1.42,0,0,0,12,2.69h0A1.57,1.57,0,0,0,10.14,1.16Z\"><animateTransform attributeName=\"transform\" type=\"rotate\" dur=\"0.75s\" values=\"0 12 12;360 12 12\" repeatCount=\"indefinite\"\/><\/path><\/svg><span class=\"is-visually-hidden\">Submitting form<\/span><\/span><\/button><\/div>\n\t\t<input type='hidden' name='contact-form-id' value='11952' \/>\n\t\t<input type='hidden' name='action' value='grunion-contact-form' \/>\n\t\t<input type='hidden' name='contact-form-hash' value='d93b32df0bcc2a1568fcd2a583729a88934b49ce' \/>\n<p style=\"display: none !important;\" class=\"akismet-fields-container\" data-prefix=\"ak_\"><label>&#916;<textarea name=\"ak_hp_textarea\" cols=\"45\" rows=\"8\" maxlength=\"100\"><\/textarea><\/label><input type=\"hidden\" id=\"ak_js_1\" name=\"ak_js\" value=\"105\"\/><script type=\"text\/javascript\">\n\/* <![CDATA[ *\/\ndocument.getElementById( \"ak_js_1\" ).setAttribute( \"value\", ( new Date() ).getTime() );\n\/* ]]> *\/\n<\/script>\n<\/p><\/form>\n<\/div>","protected":false},"excerpt":{"rendered":"<p>Proto\u017ee leto\u0161n\u00ed WordCamp bude poprv\u00e9 online a WordPress Centr\u00e1la finan\u010dn\u011b online ud\u00e1losti nepodporuje, hled\u00e1me sponzory, kte\u0159\u00ed n\u00e1m pomohou akci uspo\u0159\u00e1dat. Chcete-li p\u0159\u00edpavu konference podpo\u0159it drobnou \u010d\u00e1stkou, nab\u00edz\u00edme dv\u011b \u00farovn\u011b mikrosponzorstv\u00ed. V obou p\u0159\u00edpadech va\u0161e jm\u00e9no uvedeme v seznamu sponzor\u016f, u \u00farovn\u011b Profesion\u00e1l pak p\u0159id\u00e1me odkaz na va\u0161e webov\u00e9 str\u00e1nky. Pokud n\u00e1s chcete podpo\u0159it v\u00edce a &hellip; <a href=\"https:\/\/prague.wordcamp.org\/2021\/chci-podporit-wordcamp\/\" class=\"more-link\">Pokra\u010dovat ve \u010dten\u00ed<span class=\"screen-reader-text\"> &#8222;Chci podpo\u0159it WordCamp&#8220;<\/span><\/a><\/p>\n","protected":false},"author":7429152,"featured_media":0,"parent":0,"menu_order":0,"comment_status":"closed","ping_status":"closed","template":"","meta":{"jetpack_post_was_ever_published":false,"footnotes":""},"class_list":["post-11952","page","type-page","status-publish","hentry"],"jetpack_sharing_enabled":true,"_links":{"self":[{"href":"https:\/\/prague.wordcamp.org\/2021\/wp-json\/wp\/v2\/pages\/11952","targetHints":{"allow":["GET"]}}],"collection":[{"href":"https:\/\/prague.wordcamp.org\/2021\/wp-json\/wp\/v2\/pages"}],"about":[{"href":"https:\/\/prague.wordcamp.org\/2021\/wp-json\/wp\/v2\/types\/page"}],"author":[{"embeddable":true,"href":"https:\/\/prague.wordcamp.org\/2021\/wp-json\/wp\/v2\/users\/7429152"}],"replies":[{"embeddable":true,"href":"https:\/\/prague.wordcamp.org\/2021\/wp-json\/wp\/v2\/comments?post=11952"}],"version-history":[{"count":5,"href":"https:\/\/prague.wordcamp.org\/2021\/wp-json\/wp\/v2\/pages\/11952\/revisions"}],"predecessor-version":[{"id":12787,"href":"https:\/\/prague.wordcamp.org\/2021\/wp-json\/wp\/v2\/pages\/11952\/revisions\/12787"}],"wp:attachment":[{"href":"https:\/\/prague.wordcamp.org\/2021\/wp-json\/wp\/v2\/media?parent=11952"}],"curies":[{"name":"wp","href":"https:\/\/api.w.org\/{rel}","templated":true}]}}