{"id":9960,"date":"2020-03-04T09:20:02","date_gmt":"2020-03-04T08:20:02","guid":{"rendered":"https:\/\/2020.prague.wordcamp.org\/?page_id=9960"},"modified":"2020-06-25T16:36:10","modified_gmt":"2020-06-25T14:36:10","slug":"wordcamp-praha-2020-je-za-nami-tak-zase-za-rok","status":"publish","type":"page","link":"https:\/\/prague.wordcamp.org\/2020\/","title":{"rendered":"WordCamp Praha 2020 je za n\u00e1mi, tak zase za rok!"},"content":{"rendered":"\n<p>Ze strany organiz\u00e1tor\u016f bychom cht\u011bli pod\u011bkovat v\u0161em \u00fa\u010dastn\u00edk\u016fm, p\u0159edn\u00e1\u0161ej\u00edc\u00edm a <a href=\"https:\/\/2020.prague.wordcamp.org\/sponzori\/\">sponzor\u016fm<\/a>. V\u011b\u0159\u00edme, \u017ee se n\u00e1m v\u0161em dohromady poda\u0159ilo uskute\u010dnit skv\u011blou akci a douf\u00e1me, \u017ee jste si ji v\u0161ichni skv\u011ble u\u017eili.<\/p>\n\n\n\n<p>Postupn\u011b d\u00e1v\u00e1me dohromady v\u0161echny materi\u00e1ly z p\u0159edn\u00e1\u0161ek, fotky a videa. U\u017e nyn\u00ed se m\u016f\u017eete pod\u00edvat na kr\u00e1tk\u00fd sest\u0159ih od <a href=\"https:\/\/www.facebook.com\/fotozalsky\/\">Jana \u017dalsk\u00e9ho<\/a>.<\/p>\n\n\n\n<figure class=\"wp-block-embed-youtube wp-block-embed is-type-video is-provider-youtube wp-embed-aspect-16-9 wp-has-aspect-ratio\"><div class=\"wp-block-embed__wrapper\">\n<span class=\"embed-youtube\" style=\"text-align:center; display: block;\"><iframe loading=\"lazy\" class=\"youtube-player\" width=\"640\" height=\"360\" src=\"https:\/\/www.youtube.com\/embed\/V6A3t2rlBxo?version=3&#038;rel=1&#038;showsearch=0&#038;showinfo=1&#038;iv_load_policy=1&#038;fs=1&#038;hl=cs-CZ&#038;autohide=2&#038;wmode=transparent\" allowfullscreen=\"true\" style=\"border:0;\" sandbox=\"allow-scripts allow-same-origin allow-popups allow-presentation allow-popups-to-escape-sandbox\"><\/iframe><\/span>\n<\/div><\/figure>\n\n\n\n<h3 class=\"wp-block-heading\">Fotografie<\/h3>\n\n\n\n<p><em>Budou \ud83d\ude09<\/em><\/p>\n\n\n\n<p>Prvn\u00edch <a href=\"https:\/\/drive.google.com\/drive\/folders\/1cqZlFc5-2IOUsTgU1W3RvOIAyBtUVyUN\">p\u00e1r komunitn\u00edch fotek<\/a> od <a href=\"https:\/\/www.instagram.com\/krysa_skliba\/\">krysa_skliba<\/a>.<\/p>\n\n\n\n<h3 class=\"wp-block-heading\">Videa<\/h3>\n\n\n\n<p>V\u0161echna videa naleznete na <a href=\"https:\/\/www.youtube.com\/playlist?list=PL4mDPhqGGoMNt5mJjAkWmVswmX_EdJ6Fr\" data-type=\"URL\" data-id=\"https:\/\/www.youtube.com\/playlist?list=PL4mDPhqGGoMNt5mJjAkWmVswmX_EdJ6Fr\">YouTube kan\u00e1lu N\u00e1\u0161WP<\/a> a jsou dostupn\u00e9 i z detail\u016f jednotliv\u00fdch p\u0159edn\u00e1\u0161ek v <a href=\"https:\/\/2020.prague.wordcamp.org\/program\/\" data-type=\"page\" data-id=\"8727\">Programu<\/a>.<\/p>\n\n\n\n<p><strong>\u017dlut\u00e1 m\u00edstnost<\/strong><\/p>\n\n\n\n<figure class=\"wp-block-embed-youtube wp-block-embed is-type-video is-provider-youtube wp-embed-aspect-16-9 wp-has-aspect-ratio\"><div class=\"wp-block-embed__wrapper\">\n<span class=\"embed-youtube\" style=\"text-align:center; display: block;\"><iframe loading=\"lazy\" class=\"youtube-player\" width=\"640\" height=\"360\" src=\"https:\/\/www.youtube.com\/embed\/TDiLSd_s-Fk?version=3&#038;rel=1&#038;showsearch=0&#038;showinfo=1&#038;iv_load_policy=1&#038;fs=1&#038;hl=cs-CZ&#038;autohide=2&#038;wmode=transparent&#038;listType=playlist&#038;list=PL4mDPhqGGoMO22Y0Dfkz-dbf3UuYlPh-q\" allowfullscreen=\"true\" style=\"border:0;\" sandbox=\"allow-scripts allow-same-origin allow-popups allow-presentation allow-popups-to-escape-sandbox\"><\/iframe><\/span>\n<\/div><\/figure>\n\n\n\n<p><strong>Zelen\u00e1 m\u00edstnost<\/strong><\/p>\n\n\n\n<figure class=\"wp-block-embed-youtube wp-block-embed is-type-video is-provider-youtube wp-embed-aspect-16-9 wp-has-aspect-ratio\"><div class=\"wp-block-embed__wrapper\">\n<span class=\"embed-youtube\" style=\"text-align:center; display: block;\"><iframe loading=\"lazy\" class=\"youtube-player\" width=\"640\" height=\"360\" src=\"https:\/\/www.youtube.com\/embed\/sVtmNiiGNo4?version=3&#038;rel=1&#038;showsearch=0&#038;showinfo=1&#038;iv_load_policy=1&#038;fs=1&#038;hl=cs-CZ&#038;autohide=2&#038;wmode=transparent&#038;listType=playlist&#038;list=PL4mDPhqGGoMOsurCliPPD0fVSoHTwc305\" allowfullscreen=\"true\" style=\"border:0;\" sandbox=\"allow-scripts allow-same-origin allow-popups allow-presentation allow-popups-to-escape-sandbox\"><\/iframe><\/span>\n<\/div><\/figure>\n\n\n\n<p><strong>Modr\u00e1 m\u00edstnost<\/strong><\/p>\n\n\n\n<figure class=\"wp-block-embed-youtube wp-block-embed is-type-video is-provider-youtube wp-embed-aspect-16-9 wp-has-aspect-ratio\"><div class=\"wp-block-embed__wrapper\">\n<span class=\"embed-youtube\" style=\"text-align:center; display: block;\"><iframe loading=\"lazy\" class=\"youtube-player\" width=\"640\" height=\"360\" src=\"https:\/\/www.youtube.com\/embed\/nHdlXHBW0p8?version=3&#038;rel=1&#038;showsearch=0&#038;showinfo=1&#038;iv_load_policy=1&#038;fs=1&#038;hl=cs-CZ&#038;autohide=2&#038;wmode=transparent&#038;listType=playlist&#038;list=PL4mDPhqGGoMNXqSdRGbIzvz15KXSflbd8\" allowfullscreen=\"true\" style=\"border:0;\" sandbox=\"allow-scripts allow-same-origin allow-popups allow-presentation allow-popups-to-escape-sandbox\"><\/iframe><\/span>\n<\/div><\/figure>\n\n\n\n<p><strong>W1 m\u00edstnost<\/strong><\/p>\n\n\n\n<figure class=\"wp-block-embed-youtube wp-block-embed is-type-video is-provider-youtube wp-embed-aspect-16-9 wp-has-aspect-ratio\"><div class=\"wp-block-embed__wrapper\">\n<span class=\"embed-youtube\" style=\"text-align:center; display: block;\"><iframe loading=\"lazy\" class=\"youtube-player\" width=\"640\" height=\"360\" src=\"https:\/\/www.youtube.com\/embed\/RSTE36i9Yuk?version=3&#038;rel=1&#038;showsearch=0&#038;showinfo=1&#038;iv_load_policy=1&#038;fs=1&#038;hl=cs-CZ&#038;autohide=2&#038;wmode=transparent&#038;listType=playlist&#038;list=PL4mDPhqGGoMNWWbSaN4I9RVXm2QxmkEDV\" allowfullscreen=\"true\" style=\"border:0;\" sandbox=\"allow-scripts allow-same-origin allow-popups allow-presentation allow-popups-to-escape-sandbox\"><\/iframe><\/span>\n<\/div><\/figure>\n\n\n\n<p><strong>W2 m\u00edstnost<\/strong><\/p>\n\n\n\n<figure class=\"wp-block-embed-youtube wp-block-embed is-type-video is-provider-youtube wp-embed-aspect-16-9 wp-has-aspect-ratio\"><div class=\"wp-block-embed__wrapper\">\n<span class=\"embed-youtube\" style=\"text-align:center; display: block;\"><iframe loading=\"lazy\" class=\"youtube-player\" width=\"640\" height=\"360\" src=\"https:\/\/www.youtube.com\/embed\/-BrbRMxUhJw?version=3&#038;rel=1&#038;showsearch=0&#038;showinfo=1&#038;iv_load_policy=1&#038;fs=1&#038;hl=cs-CZ&#038;autohide=2&#038;wmode=transparent&#038;listType=playlist&#038;list=PL4mDPhqGGoMN5BtCv3YN8q9hM0MntQHgS\" allowfullscreen=\"true\" style=\"border:0;\" sandbox=\"allow-scripts allow-same-origin allow-popups allow-presentation allow-popups-to-escape-sandbox\"><\/iframe><\/span>\n<\/div><\/figure>\n\n\n\n<h3 class=\"wp-block-heading\">Prezentace<\/h3>\n\n\n\n<p><em>Postupn\u011b dopl\u0148ujeme<\/em><\/p>\n\n\n\n<ul class=\"wp-block-list\"><li><a href=\"https:\/\/www.slideshare.net\/danielstrelec\/zrychlujeme-wordpress\">Daniel St\u0159elec &#8211; Zrychlujeme WordPress<\/a><\/li><li><a href=\"https:\/\/github.com\/dingo-d\/wordcamp-praga-2020\/blob\/master\/WCPrague2020-Presentation.pdf\">Denis \u017doljom &#8211; What is it that you do at the Theme Review team?<\/a><\/li><li><a href=\"https:\/\/speakerdeck.com\/alian\/realizujte-svoje-napady-za-vikend-alebo-wp-ako-perfektny-nastroj-pre-mvp\">Fero Vol\u00e1r &#8211; Realizujte svoje n\u00e1pady za v\u00edkend, alebo WP ako perfektn\u00fd n\u00e1stroj pre MVP<\/a><\/li><li><a href=\"https:\/\/docs.google.com\/presentation\/d\/1F_Aaw-9sCmQRSInhmvBJRIh-gW_CAsQ7pSlvgiUwCrA\/edit#slide=id.p\">Ji\u0159\u00ed \u0160ebek &#8211; Pokro\u010dil\u00fd WordPress Deployment<\/a> (workshop)<\/li><li><a href=\"https:\/\/2020.prague.wordcamp.org\/files\/2020\/03\/dytrych_WordCamp-2020.pptx\">Karel Dytrych &#8211; Tipy z praxe pro efektivn\u00ed organizaci pr\u00e1ce a \u0159\u00edzen\u00ed projekt\u016f<\/a><\/li><li><a rel=\"noreferrer noopener\" href=\"https:\/\/www.slideshare.net\/KarolinaVyskocilova\/editace-ablony-child-theme\" target=\"_blank\">Karol\u00edna Vysko\u010dilov\u00e1 &#8211; Editace \u0161ablony &amp; child theme<\/a> (WP kucha\u0159ka)<\/li><li><a href=\"https:\/\/palmiak.github.io\/acf_blocks_presenation\/#\/\">Maciej Palmowski &#8211; Creating Gutenberg blocks using ACF Blocks<\/a><\/li><li><a href=\"https:\/\/marijanakay.com\/wp-content\/uploads\/2020\/02\/Marijana-Kay-WordCamp-Praha.pdf\">Marijana Kay &#8211; How to make a meaningful impact with original content<\/a><\/li><li><a href=\"https:\/\/docs.google.com\/presentation\/d\/1bzwUgsf4Z0sHzOG2hxnarBsvrb-MEgYqoCpnI7wdxS4\/edit#slide=id.gc6f73a04f_0_0\">Marek Gach &#8211; V\u00fdvoj a spr\u00e1va pluginu na 11 platform\u00e1ch<\/a><\/li><li><a href=\"https:\/\/2020.prague.wordcamp.org\/files\/2020\/03\/7000-AB-test\u016f.pdf\">Ond\u0159ej Ilin\u010dev &#8211; V\u011bci, kter\u00e9 funguj\u00ed na webu na z\u00e1klad\u011b v\u00fdsledk\u016f 7000 AB test\u016f<\/a><\/li><li><a href=\"https:\/\/s3.us-west-2.amazonaws.com\/secure.notion-static.com\/565c7bd5-1a4c-42ac-b8c0-9558d773e532\/Dario_Jazbec_Hrvatin_-_World_Wide_Documentation.pdf?X-Amz-Algorithm=AWS4-HMAC-SHA256&amp;X-Amz-Credential=AKIAT73L2G45O3KS52Y5%2F20200619%2Fus-west-2%2Fs3%2Faws4_request&amp;X-Amz-Date=20200619T065210Z&amp;X-Amz-Expires=86400&amp;X-Amz-Signature=b07b3b4dc523156f564a4c9785ea855c93bd6af4e24885fa88335848dd01dbea&amp;X-Amz-SignedHeaders=host&amp;response-content-disposition=filename%20%3D%22Dario%2520Jazbec%2520Hrvatin%2520-%2520World%2520Wide%2520Documentation.pdf%22\" data-type=\"URL\" data-id=\"https:\/\/s3.us-west-2.amazonaws.com\/secure.notion-static.com\/565c7bd5-1a4c-42ac-b8c0-9558d773e532\/Dario_Jazbec_Hrvatin_-_World_Wide_Documentation.pdf?X-Amz-Algorithm=AWS4-HMAC-SHA256&amp;X-Amz-Credential=AKIAT73L2G45O3KS52Y5%2F20200619%2Fus-west-2%2Fs3%2Faws4_request&amp;X-Amz-Date=20200619T065210Z&amp;X-Amz-Expires=86400&amp;X-Amz-Signature=b07b3b4dc523156f564a4c9785ea855c93bd6af4e24885fa88335848dd01dbea&amp;X-Amz-SignedHeaders=host&amp;response-content-disposition=filename%20%3D%22Dario%2520Jazbec%2520Hrvatin%2520-%2520World%2520Wide%2520Documentation.pdf%22\">Dario Jazbec Hrvatin &#8211; World Wide Documentation<\/a><\/li><li><a href=\"https:\/\/slides.com\/radimklaska\/drupaltldr\" data-type=\"URL\" data-id=\"https:\/\/slides.com\/radimklaska\/drupaltldr\">Radim Kla\u0161ka &#8211; Siln\u00e9 str\u00e1nky Drupalu<\/a><\/li><li><a href=\"https:\/\/www.slideshare.net\/machal\/amp-ve-wordpressu\" data-type=\"URL\" data-id=\"https:\/\/www.slideshare.net\/machal\/amp-ve-wordpressu\">Martin Mich\u00e1lek &#8211; AMP ve WordPressu<\/a><\/li><li><a href=\"https:\/\/docs.google.com\/presentation\/d\/e\/2PACX-1vRm3nX7yGhAgdW1kKSH3FFnjTZPkKlHW4F_KbMi-pf5b0zKBlAp1b0s_BfFU9IxMm7qXmU-ENQpbc-C\/pub?start=false&amp;loop=false\">Martin Rajnoch &#8211; Jak na custom v\u00fdvoj ve WordPress bez k\u00f3dov\u00e1n\u00ed<\/a><\/li><li><a href=\"https:\/\/s3.us-west-2.amazonaws.com\/secure.notion-static.com\/3c4fec2b-66df-429b-9849-10eb347778f0\/Getting_more_done_in_less_time_-_Introducing_WordPress_automation_using_Ansible-2.pdf?X-Amz-Algorithm=AWS4-HMAC-SHA256&amp;X-Amz-Credential=AKIAT73L2G45O3KS52Y5%2F20200619%2Fus-west-2%2Fs3%2Faws4_request&amp;X-Amz-Date=20200619T082540Z&amp;X-Amz-Expires=86400&amp;X-Amz-Signature=5d3a40546499f18daa44694d4f33f51ad116e49c0719f578906b0971d7a14de1&amp;X-Amz-SignedHeaders=host&amp;response-content-disposition=filename%20%3D%22Getting%2520more%2520done%2520in%2520less%2520time%2520-%2520Introducing%2520WordPress%2520automation%2520using%2520Ansible-2.pdf%22\" data-type=\"URL\" data-id=\"https:\/\/s3.us-west-2.amazonaws.com\/secure.notion-static.com\/3c4fec2b-66df-429b-9849-10eb347778f0\/Getting_more_done_in_less_time_-_Introducing_WordPress_automation_using_Ansible-2.pdf?X-Amz-Algorithm=AWS4-HMAC-SHA256&amp;X-Amz-Credential=AKIAT73L2G45O3KS52Y5%2F20200619%2Fus-west-2%2Fs3%2Faws4_request&amp;X-Amz-Date=20200619T082540Z&amp;X-Amz-Expires=86400&amp;X-Amz-Signature=5d3a40546499f18daa44694d4f33f51ad116e49c0719f578906b0971d7a14de1&amp;X-Amz-SignedHeaders=host&amp;response-content-disposition=filename%20%3D%22Getting%2520more%2520done%2520in%2520less%2520time%2520-%2520Introducing%2520WordPress%2520automation%2520using%2520Ansible-2.pdf%22\">Ivan Yordanov &#8211; Getting More Done In Less Time<\/a><\/li><li><a href=\"https:\/\/bit.ly\/WP-all-import\">Katar\u00edna Novotn\u00e1 &#8211; Importuj ako p\u00e1n s WP All-import Pro + WooCommerce add-on<\/a><\/li><li><a href=\"https:\/\/docs.google.com\/presentation\/d\/e\/2PACX-1vR1SaI3ephiz0Q81suiab7GrrT6J7GKtqYFrpxTi6raa3X5ciQaq8oFycgPZnYX0m9ApfHAUqrWKkKn\/pub?start=false&amp;loop=false\" data-type=\"URL\" data-id=\"https:\/\/docs.google.com\/presentation\/d\/e\/2PACX-1vR1SaI3ephiz0Q81suiab7GrrT6J7GKtqYFrpxTi6raa3X5ciQaq8oFycgPZnYX0m9ApfHAUqrWKkKn\/pub?start=false&amp;loop=false\">Vojt\u011bch Smr\u010dek &#8211; Contributing to the WordPress Mobile Apps<\/a><\/li><li><a href=\"https:\/\/s3.us-west-2.amazonaws.com\/secure.notion-static.com\/d83c4c0b-b19f-42e0-93c1-25427e48edf7\/elementor-petrik.pdf?X-Amz-Algorithm=AWS4-HMAC-SHA256&amp;X-Amz-Credential=AKIAT73L2G45O3KS52Y5%2F20200619%2Fus-west-2%2Fs3%2Faws4_request&amp;X-Amz-Date=20200619T091104Z&amp;X-Amz-Expires=86400&amp;X-Amz-Signature=d86eaf410c690e38c890489595850ea024aeb55dc81ff58cdc4b5712a9fcc547&amp;X-Amz-SignedHeaders=host&amp;response-content-disposition=filename%20%3D%22elementor-petrik.pdf%22\" data-type=\"URL\" data-id=\"https:\/\/s3.us-west-2.amazonaws.com\/secure.notion-static.com\/d83c4c0b-b19f-42e0-93c1-25427e48edf7\/elementor-petrik.pdf?X-Amz-Algorithm=AWS4-HMAC-SHA256&amp;X-Amz-Credential=AKIAT73L2G45O3KS52Y5%2F20200619%2Fus-west-2%2Fs3%2Faws4_request&amp;X-Amz-Date=20200619T091104Z&amp;X-Amz-Expires=86400&amp;X-Amz-Signature=d86eaf410c690e38c890489595850ea024aeb55dc81ff58cdc4b5712a9fcc547&amp;X-Amz-SignedHeaders=host&amp;response-content-disposition=filename%20%3D%22elementor-petrik.pdf%22\">Josef Pet\u0159\u00edk &#8211; Elementor PRO<\/a><\/li><li><a href=\"https:\/\/s3.us-west-2.amazonaws.com\/secure.notion-static.com\/f97d4ced-1b30-46f6-9aeb-b708d4b504db\/2020-02-29_Wordcamp.pdf?X-Amz-Algorithm=AWS4-HMAC-SHA256&amp;X-Amz-Credential=AKIAT73L2G45O3KS52Y5%2F20200619%2Fus-west-2%2Fs3%2Faws4_request&amp;X-Amz-Date=20200619T093058Z&amp;X-Amz-Expires=86400&amp;X-Amz-Signature=dd7e1b2694e3cc98aaf89303ec519773a2faad6a21efa823705c335932b1c872&amp;X-Amz-SignedHeaders=host&amp;response-content-disposition=filename%20%3D%222020-02-29%2520Wordcamp.pdf%22\" data-type=\"URL\" data-id=\"https:\/\/s3.us-west-2.amazonaws.com\/secure.notion-static.com\/f97d4ced-1b30-46f6-9aeb-b708d4b504db\/2020-02-29_Wordcamp.pdf?X-Amz-Algorithm=AWS4-HMAC-SHA256&amp;X-Amz-Credential=AKIAT73L2G45O3KS52Y5%2F20200619%2Fus-west-2%2Fs3%2Faws4_request&amp;X-Amz-Date=20200619T093058Z&amp;X-Amz-Expires=86400&amp;X-Amz-Signature=dd7e1b2694e3cc98aaf89303ec519773a2faad6a21efa823705c335932b1c872&amp;X-Amz-SignedHeaders=host&amp;response-content-disposition=filename%20%3D%222020-02-29%2520Wordcamp.pdf%22\">Eli\u0161ka Vyhn\u00e1nkov\u00e1 &#8211; Obsahov\u00e1 strategie na soci\u00e1ln\u00edch s\u00edt\u00edch<\/a><\/li><li><a href=\"https:\/\/brunodirbak.cz\/wp-content\/uploads\/2020\/02\/prezentace.pdf\" data-type=\"URL\" data-id=\"https:\/\/brunodirbak.cz\/wp-content\/uploads\/2020\/02\/prezentace.pdf\">Bruno Dirb\u00e1k &#8211; Nest\u016fj a poj\u010f do Gutenbergu s n\u00e1stavbou Atomic Blocks!<\/a><\/li><li><a href=\"https:\/\/docs.google.com\/presentation\/d\/1zeZUgj6rsS-qMNe2N1fnjQafHgUzXHVG5UMlaOdTQgo\/edit?fbclid=IwAR0Ry2Sv9aAWYIhGzLBKabn54oGaYiKOJO4L5vyhwNzQPQu8VEthAOKOZtY#slide=id.p\" data-type=\"URL\" data-id=\"https:\/\/docs.google.com\/presentation\/d\/1zeZUgj6rsS-qMNe2N1fnjQafHgUzXHVG5UMlaOdTQgo\/edit?fbclid=IwAR0Ry2Sv9aAWYIhGzLBKabn54oGaYiKOJO4L5vyhwNzQPQu8VEthAOKOZtY#slide=id.p\">Petr Mi\u0161\u00e1k &#8211; V\u00fdvoj nejv\u011bt\u0161\u00edho \u010desk\u00e9ho port\u00e1lu na WordPressu<\/a><\/li><li><a href=\"https:\/\/docs.google.com\/presentation\/d\/e\/2PACX-1vQ-z22lrj3N8IDj3k5fqhc1BTbq3EiK03gSfoE_WTRPQbxli_RfIWK-yzqYycqneyWjDEO4WB5AgiZ6\/pub?start=false&amp;loop=false\">Tom\u00e1\u0161 Frank &#8211; P\u0159\u00edpadov\u00e1 studie: NP \u0160umava<\/a><\/li><li><a href=\"https:\/\/docs.google.com\/presentation\/d\/e\/2PACX-1vR5liWqaVzJy1aRTHYZsXAZt6b9FsxhXAdL-jg5BkZ90XHrgwrHrliQOiNoS_gx70l6ZQ9Y3ZN9PXWH\/pub?start=false&amp;loop=false\" data-type=\"URL\" data-id=\"https:\/\/docs.google.com\/presentation\/d\/e\/2PACX-1vR5liWqaVzJy1aRTHYZsXAZt6b9FsxhXAdL-jg5BkZ90XHrgwrHrliQOiNoS_gx70l6ZQ9Y3ZN9PXWH\/pub?start=false&amp;loop=false\">Tom\u00e1\u0161 Kocifaj &#8211; Vyhla\u0161te s n\u00e1mi boj \u0161patn\u00fdm projekt\u016fm<\/a><\/li><li><a href=\"https:\/\/www.slideshare.net\/MagdalenaPaciorek1\/first-steps-with-gutenberg-for-developers-wc-prague-2020\" data-type=\"URL\" data-id=\"https:\/\/www.slideshare.net\/MagdalenaPaciorek1\/first-steps-with-gutenberg-for-developers-wc-prague-2020\">Magdalena Paciorek &#8211; First steps with Gutenberg for developers<\/a><\/li><\/ul>\n\n\n\n<h3 class=\"wp-block-heading\">Jak se WordCamp l\u00edbil \u00fa\u010dastn\u00edk\u016fm?<\/h3>\n\n\n\n<ul class=\"wp-block-list\"><li><a href=\"https:\/\/www.maxiorel.cz\/jaky-byl-wordcamp-praha-2020-nejenom-o-wordpressu\">Jak\u00fd byl WordCamp Praha 2020? Nejenom o WordPressu<\/a> &#8211; Jan Polzer<\/li><li><a rel=\"noreferrer noopener\" href=\"https:\/\/www.youtube.com\/watch?v=ETus603vCcQ\" target=\"_blank\">WordCamp Prague 2020 DEVLOG #13<\/a> &#8211; Fellyph Cintra (vlog)<\/li><li><a href=\"https:\/\/www.wedesin.cz\/optimalizace-pro-vyhledavace-seo\/byli-jsme-na-wordcampu-2020\" data-type=\"URL\" data-id=\"https:\/\/www.wedesin.cz\/optimalizace-pro-vyhledavace-seo\/byli-jsme-na-wordcampu-2020\">Byli jsme na WordCampu 2020<\/a> &#8211; WeDesIn.cz<\/li><li><a href=\"https:\/\/visionslabs.io\/wordcamp-praha-2020\/\" data-type=\"URL\" data-id=\"https:\/\/visionslabs.io\/wordcamp-praha-2020\/\">WordCamp Praha 2020<\/a> &#8211; Leopold Podmol\u00edk<\/li><\/ul>\n\n\n\n<p><em>Napsali jste podobn\u00fd report? Dejte v\u011bd\u011bt, r\u00e1di ho nasd\u00edl\u00edme!<\/em><\/p>\n\n\n\n<p><\/p>\n\n\n\n<h3 class=\"wp-block-heading\">Sta\u0148te se sou\u010d\u00e1st\u00ed<\/h3>\n\n\n\n<p>Chcete se sami zapojit do organizace nebo b\u00fdt sponzorem p\u0159\u00ed\u0161t\u00edho ro\u010dn\u00edku? Dejte n\u00e1m v\u011bd\u011bt na <a href=\"mailto:info@wordcamppraha.cz\">info@wordcamppraha.cz<\/a>.<\/p>\n\n\n\n<p>Co a kdo za touto komunitn\u00ed akci stoj\u00ed si m\u016f\u017eete p\u0159ipomenout v <a href=\"https:\/\/soundcloud.com\/user-737146836\/wordcamp-praha-2020\">rozhovoru s organiz\u00e1tory<\/a>.<\/p>\n\n\n\n<p><strong>Tak zase p\u0159\u00ed\u0161t\u00ed rok!<\/strong><\/p>\n","protected":false},"excerpt":{"rendered":"<p>Ze strany organiz\u00e1tor\u016f bychom cht\u011bli pod\u011bkovat v\u0161em \u00fa\u010dastn\u00edk\u016fm, p\u0159edn\u00e1\u0161ej\u00edc\u00edm a sponzor\u016fm. V\u011b\u0159\u00edme, \u017ee se n\u00e1m v\u0161em dohromady poda\u0159ilo uskute\u010dnit skv\u011blou akci a douf\u00e1me, \u017ee jste si ji v\u0161ichni skv\u011ble u\u017eili. Postupn\u011b d\u00e1v\u00e1me dohromady v\u0161echny materi\u00e1ly z p\u0159edn\u00e1\u0161ek, fotky a videa. U\u017e nyn\u00ed se m\u016f\u017eete pod\u00edvat na kr\u00e1tk\u00fd sest\u0159ih od Jana \u017dalsk\u00e9ho. Fotografie Budou \ud83d\ude09 Prvn\u00edch &hellip; <a href=\"https:\/\/prague.wordcamp.org\/2020\/\" class=\"more-link\">Pokra\u010dovat ve \u010dten\u00ed<span class=\"screen-reader-text\"> &#8222;WordCamp Praha 2020 je za n\u00e1mi, tak zase za rok!&#8220;<\/span><\/a><\/p>\n","protected":false},"author":5814035,"featured_media":9961,"parent":0,"menu_order":0,"comment_status":"closed","ping_status":"closed","template":"","meta":{"jetpack_post_was_ever_published":false,"footnotes":""},"class_list":["post-9960","page","type-page","status-publish","has-post-thumbnail","hentry"],"jetpack_sharing_enabled":true,"_links":{"self":[{"href":"https:\/\/prague.wordcamp.org\/2020\/wp-json\/wp\/v2\/pages\/9960","targetHints":{"allow":["GET"]}}],"collection":[{"href":"https:\/\/prague.wordcamp.org\/2020\/wp-json\/wp\/v2\/pages"}],"about":[{"href":"https:\/\/prague.wordcamp.org\/2020\/wp-json\/wp\/v2\/types\/page"}],"author":[{"embeddable":true,"href":"https:\/\/prague.wordcamp.org\/2020\/wp-json\/wp\/v2\/users\/5814035"}],"replies":[{"embeddable":true,"href":"https:\/\/prague.wordcamp.org\/2020\/wp-json\/wp\/v2\/comments?post=9960"}],"version-history":[{"count":40,"href":"https:\/\/prague.wordcamp.org\/2020\/wp-json\/wp\/v2\/pages\/9960\/revisions"}],"predecessor-version":[{"id":10696,"href":"https:\/\/prague.wordcamp.org\/2020\/wp-json\/wp\/v2\/pages\/9960\/revisions\/10696"}],"wp:featuredmedia":[{"embeddable":true,"href":"https:\/\/prague.wordcamp.org\/2020\/wp-json\/wp\/v2\/media\/9961"}],"wp:attachment":[{"href":"https:\/\/prague.wordcamp.org\/2020\/wp-json\/wp\/v2\/media?parent=9960"}],"curies":[{"name":"wp","href":"https:\/\/api.w.org\/{rel}","templated":true}]}}