{"id":9524,"date":"2020-02-14T11:36:34","date_gmt":"2020-02-14T10:36:34","guid":{"rendered":"https:\/\/2020.prague.wordcamp.org\/?page_id=9524"},"modified":"2020-02-14T11:41:21","modified_gmt":"2020-02-14T10:41:21","slug":"contributor-day-aneb-jak-pridat-ruku-k-vyvoji-wordpressu","status":"publish","type":"page","link":"https:\/\/prague.wordcamp.org\/2020\/contributor-day-aneb-jak-pridat-ruku-k-vyvoji-wordpressu\/","title":{"rendered":"Contributor day aneb jak p\u0159idat ruku k v\u00fdvoji WordPressu?"},"content":{"rendered":"\n<blockquote class=\"wp-block-quote is-layout-flow wp-block-quote-is-layout-flow\"><p>Contributor Day bude prob\u00edhat mezi 10. a 16. hodinou v ned\u011bli 1. 3. 2020, hned dal\u0161\u00ed den po WordCampu, v prostor\u00e1ch <a href=\"https:\/\/goo.gl\/maps\/BFdtpPytfsU4CX1G8\">Pra\u017esk\u00e9ho kreativn\u00edho centra<\/a> hned vedle Starom\u011bstsk\u00e9ho orloje.<\/p><p>P\u0159ihl\u00e1\u0161ku naleznete na konci t\u00e9to str\u00e1nky.<\/p><\/blockquote>\n\n\n\n<h2 class=\"wp-block-heading\">Pro\u010d \u201cden komunity\u201d? Proto\u017ee bez n\u00e1s by se WordPress nemohl rozr\u016fstat.&nbsp;<\/h2>\n\n\n\n<p>Contributor Day je setk\u00e1n\u00ed v\u0161ech, kte\u0159\u00ed cht\u011bj\u00ed n\u011bjak\u00fdm d\u00edlem p\u0159isp\u011bt k v\u00fdvoji WordPressu jako platformy, kter\u00e1 je a v\u017edy bude dostupn\u00e1 jako voln\u011b \u0161i\u0159iteln\u00fd software, nebo-li open-source. D\u00edky tomu je tak\u00e9 WordPress tolik obl\u00edben\u00fd a vyu\u017e\u00edv\u00e1 ho v\u00edce ne\u017e 30 % v\u0161ech webov\u00fdch str\u00e1nek po cel\u00e9m sv\u011bt\u011b.<\/p>\n\n\n\n<p>Ka\u017ed\u00fd \u00fa\u010dastn\u00edk se po\u010d\u00edt\u00e1! A\u0165 u\u017e se jedn\u00e1 o p\u0159ekladatele textov\u00fdch \u0159et\u011bzc\u016f, organiz\u00e1tora WordCampu, po\u0159adatele meetup\u016f, nebo v\u00fdvoj\u00e1\u0159e j\u00e1dra WP. Funkc\u00ed je samoz\u0159ejm\u011b v\u00edce. M\u016f\u017eete si vybrat n\u011bco, co je pro v\u00e1s v\u00fdzvou, nebo to, v \u010dem vynik\u00e1te, anebo se p\u0159ij\u00edt pod\u00edvat a zjistit, co v\u00e1m sedne. A\u0165 u\u017e ale si vyberete cokoliv, v\u011b\u0159te, \u017ee si z\u00edsk\u00e1te respekt na\u0161\u00ed komunity. Ka\u017ed\u00fd z n\u00e1s v\u00ed, jak t\u011b\u017ek\u00e9 je v\u011bnovat sv\u016fj drahocenn\u00fd \u010das pro dobrou v\u011bc.<\/p>\n\n\n\n<h2 class=\"wp-block-heading\">Co bude obsahem Contributor Day? Krom\u011b ob\u010derstven\u00ed \ud83d\ude42<\/h2>\n\n\n\n<h3 class=\"wp-block-heading\">1. Organizace akc\u00ed<\/h3>\n\n\n\n<p>A\u0165 u\u017e se jedn\u00e1 o pokec nad pivem a nebo o velkou konferenci, jako je WordCamp, je t\u0159eba akci pe\u010dliv\u011b napl\u00e1novat. Sehnat organiz\u00e1tory, vybrat prostory, za\u010d\u00edt \u0159e\u0161it jej\u00ed obsah apod. Ur\u010dit\u011b tak\u00e9 projdeme prob\u011bhl\u00fd ro\u010dn\u00edk konference a zjist\u00edme, co bychom mohli zlep\u0161it na ten dal\u0161\u00ed.<\/p>\n\n\n\n<p>Pokud byste r\u00e1di uspo\u0159\u00e1dali nap\u0159\u00edklad meetup ve va\u0161em m\u011bst\u011b, nev\u00e1hejte se zeptat. R\u00e1di v\u00e1m s p\u0159\u00edpravami pom\u016f\u017eeme a p\u0159ed\u00e1me v\u00e1m na\u0161e zku\u0161enosti.<\/p>\n\n\n\n<h3 class=\"wp-block-heading\">2. Meeting with Denis \u017doljom (10:00\u201313:00)<\/h3>\n\n\n\n<p>Jak u\u017e n\u00e1zev napov\u00edd\u00e1, bude se jednat o debatu v angli\u010dtin\u011b s Denisem \u017doljomem, kter\u00fd je \u010dlenem <a href=\"https:\/\/make.wordpress.org\/themes\/\">Theme Review Team<\/a>, zjednodu\u0161en\u011b \u0159e\u010deno m\u00e1 na starosti proces kontroly WP \u0161ablon. V\u011b\u0159\u00edme, \u017ee jeho zku\u0161enosti mohou b\u00fdt inspiruj\u00edc\u00ed pro v\u0161echny, kte\u0159\u00ed vyv\u00edj\u00ed vlastn\u00ed \u0161ablony, nebo je upravuj\u00ed.&nbsp;<\/p>\n\n\n\n<p>V kr\u00e1tkosti p\u0159edstav\u00ed pr\u00e1ci na Theme Review a nast\u00edn\u00ed, jak spr\u00e1vn\u011b vyv\u00edjet \u0161ablony nebo jak se st\u00e1t sou\u010d\u00e1st\u00ed t\u00fdmu. Kdo bude cht\u00edt, m\u016f\u017ee se rovnou do theme review pustit anebo p\u0159isp\u011bt t\u0159eba do nov\u00e9 \u0161ablony Twenty Twenty. Jak se na to p\u0159ipravit, najdete na <a href=\"https:\/\/make.wordpress.org\/themes\/2019\/06\/12\/preparing-for-wceu-2019-contributor-day\/\">str\u00e1nk\u00e1ch lo\u0148sk\u00e9ho WordCampu Europe<\/a>.<\/p>\n\n\n\n<h3 class=\"wp-block-heading\">3. P\u0159eklady plugin\u016f a j\u00e1dra WP<\/h3>\n\n\n\n<p>Jako ka\u017ed\u00fd rok je t\u0159eba myslet i na p\u0159eklady cel\u00e9 platformy \u2013 nejenom j\u00e1dra samotn\u00e9ho WordPressu, ale i nej\u010dast\u011bji pou\u017e\u00edvan\u00fdch plugin\u016f. Na Contributor Day bude hlavn\u00ed p\u0159ekladatel za \u010ceskou republiku, Michal Janata, kter\u00fd v\u00e1m m\u016f\u017ee poradit, jak se zapojit do p\u0159eklad\u016f, a vysv\u011btlit, na co je p\u0159i p\u0159ekl\u00e1d\u00e1n\u00ed t\u0159eba myslet.<\/p>\n\n\n\n<h3 class=\"wp-block-heading\">4. Budoucnost webu naswp.cz<\/h3>\n\n\n\n<p><a href=\"https:\/\/naswp.cz\">Naswp.cz<\/a> je n\u00e1\u0161 komunitn\u00ed port\u00e1l, kter\u00fd zast\u0159e\u0161uje r\u016fzn\u00e9 neofici\u00e1ln\u011b akce a sna\u017e\u00ed se udr\u017eovat ve\u0159ejnost v obraze. Samoz\u0159ejm\u011b, psan\u00ed \u010dl\u00e1nk\u016f vy\u017eaduje \u010das a ka\u017ed\u00e1 ruka se n\u00e1m hod\u00ed. Ned\u00edlnou sou\u010d\u00e1st\u00ed \u0159e\u0161en\u00ed budoucnosti port\u00e1lu bude tak\u00e9 jeho nov\u00fd vzhled a zrychlen\u00ed. Web je p\u0159ece jenom u\u017e star\u0161\u00ed a zaslou\u017e\u00ed si trochu na\u0161\u00ed p\u00e9\u010de.<\/p>\n\n\n\n<h3 class=\"wp-block-heading\">5. \u010cinnost spolku N\u00e1\u0161 WP, z.s.<\/h3>\n\n\n\n<p>Posledn\u00edm velk\u00fdm t\u00e9matem bude n\u00e1\u0161 nov\u00fd spolek N\u00e1\u0161 WP, z.s. Cht\u011bli bychom ho ofici\u00e1ln\u011b p\u0159edstavit, domluvit se, co v\u0161echno bude za\u0161ti\u0165ovat a jak budeme oslovovat nov\u00e9 \u010dleny.<\/p>\n\n\n\n<div style=\"height:100px\" aria-hidden=\"true\" class=\"wp-block-spacer\"><\/div>\n\n\n\n<p>To v\u0161e bude sou\u010d\u00e1st\u00ed p\u0159\u00edjemn\u011b str\u00e1ven\u00e9ho \u010dasu <strong>v prostor\u00e1ch <a href=\"https:\/\/goo.gl\/maps\/BFdtpPytfsU4CX1G8\">Pra\u017esk\u00e9ho kreativn\u00edho centra<\/a><\/strong> hned vedle Starom\u011bstsk\u00e9ho orloje. M\u016f\u017eete se tak\u00e9 t\u011b\u0161it na ob\u010derstven\u00ed a milou partu lid\u00ed, kte\u0159\u00ed uv\u00edtaj\u00ed ka\u017ed\u00e9ho z\u00e1jemce o d\u011bn\u00ed v komunit\u011b.<\/p>\n\n\n\n<p><strong><em>Contributor Day bude prob\u00edhat mezi 10. a 16. hodinou v ned\u011bli 1. 3. 2020, hned dal\u0161\u00ed den po WordCampu.<\/em><\/strong><\/p>\n\n\n\n<h2 class=\"wp-block-heading\">P\u0159ihl\u00e1\u0161ka na contributor day<\/h2>\n\n\n<div data-test='contact-form'\n\t\t\tid='contact-form-9524'\n\t\t\tclass='wp-block-jetpack-contact-form-container '\n\t\t\tdata-wp-interactive='jetpack\/form' data-wp-context='{\"formId\":\"9524\",\"formHash\":\"1a863292de6c2fc3a709777f71bb299bf4f6e73b\",\"showErrors\":false,\"errors\":[],\"fields\":[],\"isMultiStep\":false,\"useAjax\":false,\"submissionData\":null,\"formattedSubmissionData\":[],\"submissionSuccess\":false,\"submissionError\":null,\"elementId\":\"jp-form-1a863292de6c2fc3a709777f71bb299bf4f6e73b\",\"isSingleInputForm\":false}'\n\t\t\tdata-wp-watch--scroll-to-wrapper=\"callbacks.scrollToWrapper\"\n\t\t>\n<div class=\"contact-form-submission contact-form-ajax-submission\" data-wp-bind--aria-hidden=\"state.isSuccessMessageAriaHidden\" data-wp-class--submission-success=\"context.submissionSuccess\" id=\"contact-form-success-1a863292de6c2fc3a709777f71bb299bf4f6e73b\" tabindex=\"-1\" aria-labelledby=\"contact-form-success-header-1a863292de6c2fc3a709777f71bb299bf4f6e73b\"><p class=\"go-back-message\"><a class=\"link\" role=\"button\" tabindex=\"0\" data-wp-on--click=\"actions.goBack\" href=\"\/2020\/wp-json\/wp\/v2\/pages\/9524\">\u2190 Back<\/a><\/p><h4 data-wp-bind--aria-hidden=\"state.isSuccessMessageAriaHidden\" id=\"contact-form-success-header-1a863292de6c2fc3a709777f71bb299bf4f6e73b\">Your message has been sent<\/h4>\n\n<template data-wp-each--submission=\"context.formattedSubmissionData\">\n\t\t\t\t\t<div class=\"jetpack_forms_contact-form-success-summary\">\n\t\t\t\t\t\t<div class=\"field-name\" data-wp-text=\"context.submission.label\" data-wp-bind--hidden=\"!context.submission.label\"><\/div>\n\t\t\t\t\t\t<div class=\"field-value\" data-wp-text=\"context.submission.value\" data-wp-bind--hidden=\"!context.submission.showPlainValue\"><\/div>\n\t\t\t\t\t\t<a class=\"field-url\" data-wp-bind--href=\"context.submission.url\" data-wp-text=\"context.submission.value\" data-wp-bind--hidden=\"!context.submission.url\" target=\"_blank\" rel=\"noopener noreferrer\"><\/a>\n\t\t\t\t\t\t<div class=\"field-rating\" data-wp-bind--hidden=\"!context.submission.rating\" data-wp-watch=\"callbacks.watchRatingIcons\"><\/div>\n\t\t\t\t\t\t<div class=\"field-images\" data-wp-bind--hidden=\"!context.submission.images\">\n\t\t\t\t\t\t\t<template data-wp-each--image=\"context.submission.images\">\n\t\t\t\t\t\t\t\t<div class=\"field-image-option\" data-wp-class--is-empty=\"!context.image.src\">\n\t\t\t\t\t\t\t\t\t<figure class=\"field-image-option__image\" data-wp-class--is-empty=\"!context.image.src\">\n\t\t\t\t\t\t\t\t\t\t<img data-wp-bind--src=\"context.image.src\" data-wp-bind--hidden=\"!context.image.src\" \/>\n\t\t\t\t\t\t\t\t\t\t<img decoding=\"async\" src=\"data:image\/gif;base64,R0lGODlhAQABAAD\/ACwAAAAAAQABAAACADs=\" data-wp-bind--hidden=\"context.image.src\" \/>\n\t\t\t\t\t\t\t\t\t<\/figure>\n\t\t\t\t\t\t\t\t\t<div class=\"field-image-option__label-wrapper\">\n\t\t\t\t\t\t\t\t\t\t<span class=\"field-image-option__label-code\" data-wp-text=\"context.image.letterCode\"><\/span>\n\t\t\t\t\t\t\t\t\t\t<span class=\"field-image-option__label\" data-wp-text=\"context.image.label\" data-wp-bind--hidden=\"!context.image.label\"><\/span>\n\t\t\t\t\t\t\t\t\t<\/div>\n\t\t\t\t\t\t\t\t<\/div>\n\t\t\t\t\t\t\t<\/template>\n\t\t\t\t\t\t<\/div>\n\t\t\t\t\t\t<div class=\"field-files\" data-wp-bind--hidden=\"!context.submission.files\">\n\t\t\t\t\t\t\t<template data-wp-each--file=\"context.submission.files\">\n\t\t\t\t\t\t\t\t<div class=\"field-file\">\n\t\t\t\t\t\t\t\t\t<div class=\"field-file__thumbnail\" data-wp-style--background-image=\"context.file.previewUrl\" data-wp-style--mask-image=\"context.file.iconUrl\" data-wp-bind--hidden=\"!context.file.hasPreview\"><\/div>\n\t\t\t\t\t\t\t\t\t<svg class=\"field-file__icon\" data-wp-bind--hidden=\"context.file.hasPreview\" width=\"20\" height=\"20\" viewBox=\"0 0 24 24\" fill=\"none\" xmlns=\"http:\/\/www.w3.org\/2000\/svg\" aria-hidden=\"true\">\n\t\t\t\t\t\t\t\t\t\t<path d=\"M14 2H6C4.9 2 4 2.9 4 4V20C4 21.1 4.89 22 5.99 22H18C19.1 22 20 21.1 20 20V8L14 2ZM18 20H6V4H13V9H18V20Z\" fill=\"currentColor\"\/>\n\t\t\t\t\t\t\t\t\t<\/svg>\n\t\t\t\t\t\t\t\t\t<span class=\"field-file__name\" data-wp-text=\"context.file.name\"><\/span>\n\t\t\t\t\t\t\t\t\t<span class=\"field-file__size\" data-wp-text=\"context.file.size\"><\/span>\n\t\t\t\t\t\t\t\t<\/div>\n\t\t\t\t\t\t\t<\/template>\n\t\t\t\t\t\t<\/div>\n\t\t\t\t\t<\/div>\n\t\t\t\t<\/template><\/div><form action='https:\/\/prague.wordcamp.org\/2020\/contributor-day-aneb-jak-pridat-ruku-k-vyvoji-wordpressu\/'\n\t\t\t\tid='jp-form-1a863292de6c2fc3a709777f71bb299bf4f6e73b'\n\t\t\t\tmethod='post'\n\t\t\t\tclass='contact-form commentsblock' aria-label=\"Contributor day aneb jak p\u0159idat ruku k v\u00fdvoji WordPressu?\"\n\t\t\t\tdata-wp-on--submit=\"actions.onFormSubmit\"\n\t\t\t\tdata-wp-on--reset=\"actions.onFormReset\"\n\t\t\t\tdata-wp-class--submission-success=\"context.submissionSuccess\"\n\t\t\t\tdata-wp-class--is-first-step=\"state.isFirstStep\"\n\t\t\t\tdata-wp-class--is-last-step=\"state.isLastStep\"\n\t\t\t\tdata-wp-class--is-ajax-form=\"context.useAjax\"\n\t\t\t\tnovalidate >\n<input type='hidden' name='jetpack_contact_form_jwt' value='eyJ0eXAiOiJKV1QiLCJhbGciOiJIUzI1NiJ9.eyJlbmNyeXB0ZWRfYXR0cmlidXRlcyI6ImJsaE9BMVZLaVY5NklSeXR1UUJjZkVYUU42aWVxdTlEMUVhZVhMU1hUUGI1bTBwaUtWSDh4cVVBQnl0aVY5QjBuZ3BMR0ZvUTJQRk1nUEN2UnBGUmRlZ3IrQlBMczR3L05VaWZWeXI3anJ0cWp1eEZlNzQxQ3VjUHVlNnducUZtenRqMjh6T0tVc25YSE9ibjl4NXA1ZE1KWG9BUVBidmxxUVVDR1VLVzFob1VCVWhlUTJLTnQ4eEJxaGxUc21pdEtuSmhOZnJNRE5IdG1SWjFRaTZBYS9RVDVBOEtoNW85V1RUTGN0NWNTR1paWEJsZVRUajNLQkJiWG45RzM1dTdJT3ZRN1d3WWZ2NElHUUhrYTZNNUJxWWt3SFk5NzUzTFZjZXk5WjFhNFpyY1pkZ0QxUFg2TzN6NTBqRndoRVBqYkFLckdYN3NtdkVIVm9ibFdwZW5XZGNRQTBmYnQ5RERrTVUrNXVQRWM2RzNLSVhlVFYvaXduQnRyUXg4UUxqcGFEUnAwLytHTEhENnA2M2dnZXhiU2ZUeVMvY0RnYWlOZE5RcWNseFF1M0NGL2p4MGM3Um9seUFZUGEzNncySTFOTWVWMm9TYUVWSUNveUtQYzRnOERwZkFBZzNLcHlDWk96M2t2RXdIK2d0ZUk4SUpUNXY0STFDRG5nOGNqRmlremxjaE8wSHBXS2lKYXNZQVIwSCs2Sk84SXhHaVVFV3R5TmNvaGpMS2w0T2VUckR0S1FCbks3WnIvRFEyUFYwcmZiZytRbVlQN3lyUjkwVjhNQ3IxMW54NEFydlkydHNhT1c1a3JrOFZqMVRnam5aRTlnalhHdEVjTjEwdno1SGZlS1hKb01kWkpjNWJhcDFKaTg0VG5hNEt4dFY2ZllaY3ZxRHd3ckJGcUhNeGxmU3lTSUx1Mm9TelBSVVJEL1piM3NPYytrWFRUbXFIUFprQ2dtbGM1UDd6RzBEejJBVE5QMlZISHZuT29Pc0FyS3ZCSDRNdzhpOG5lR0U1NTJqSTJmZm04NldWblh2OGJqblI5QmdGeWt1WmZBQmRFOHJPSEloWjdNSllvMEdqUG9FaUpJMW52Z0hWZmUyclczUVlySEIrQm83MHp2bDk2dUhSVFNDZnpDbmdtcUdLc09QaHIva0lLeHNwVHN5N0JyRmZMeU1uVE8zMnFOTHIycG1VWVo0T2R3cUdTbkhHVGNCcnF1QXZnZTg9IiwiY29udGVudCI6IlxuW2NvbnRhY3QtZmllbGQgbGFiZWw9XCJKbVx1MDBlOW5vXCIgcmVxdWlyZWQ9XCIxXCIgdHlwZT1cIm5hbWVcIi9dXG5cbltjb250YWN0LWZpZWxkIGxhYmVsPVwiRS1tYWlsXCIgcmVxdWlyZWQ9XCIxXCIgdHlwZT1cImVtYWlsXCIvXVxuIiwiaGFzaCI6IjFhODYzMjkyZGU2YzJmYzNhNzA5Nzc3ZjcxYmIyOTliZjRmNmU3M2IiLCJzb3VyY2UiOnsiZW50cnlfdGl0bGUiOiJDb250cmlidXRvciBkYXkgYW5lYiBqYWsgcFx1MDE1OWlkYXQgcnVrdSBrIHZcdTAwZmR2b2ppIFdvcmRQcmVzc3U_IiwiZW50cnlfcGFnZSI6MSwic291cmNlX2lkIjo5NTI0LCJzb3VyY2VfdHlwZSI6InNpbmdsZSIsInJlcXVlc3RfdXJsIjoiaHR0cHM6Ly9wcmFndWUud29yZGNhbXAub3JnLzIwMjAvd3AtanNvbi93cC92Mi9wYWdlcy85NTI0In0sInZlcnNpb24iOjIsImNpcGhlciI6ImFlcy0yNTYtZ2NtIn0.2O-8bVOdlNKRkreigO1A-Zur6_VojBI1Su6n56sjJmA' \/>\n\n\n<div style=\"\"  data-wp-interactive=\"jetpack\/form\" data-wp-context='{\"fieldId\":\"g9524-jmno\",\"fieldType\":\"name\",\"fieldLabel\":\"Jm\\u00e9no\",\"fieldValue\":\"\",\"fieldPlaceholder\":\"\",\"fieldIsRequired\":\"1\",\"fieldErrorMessage\":\"\",\"fieldExtra\":[],\"formHash\":\"1a863292de6c2fc3a709777f71bb299bf4f6e73b\"}'  class='grunion-field-name-wrap grunion-field-wrap'  data-wp-init='callbacks.initializeField' data-wp-on--jetpack-form-reset='callbacks.initializeField' >\n<label\n\t\t\t\tfor='g9524-jmno' class=\"grunion-field-label name\" >Jm\u00e9no<span class=\"grunion-label-required\" aria-hidden=\"true\">(required)<\/span><\/label>\n<input\n\t\t\t\t\ttype='text'\n\t\t\t\t\tname='g9524-jmno'\n\t\t\t\t\tid='g9524-jmno'\n\t\t\t\t\tvalue=''\n\n\t\t\t\t\tdata-wp-bind--aria-invalid='state.fieldAriaInvalid'\n\t\t\t\t\tdata-wp-bind--value='state.getFieldValue'\n\t\t\t\t\taria-describedby='g9524-jmno-text-error-message'\n\t\t\t\t\tdata-wp-on--input='actions.onFieldChange'\n\t\t\t\t\tdata-wp-on--blur='actions.onFieldBlur'\n\t\t\t\t\tdata-wp-class--has-value='state.hasFieldValue'\n\n\t\t\t\t\tclass='name  grunion-field' \n\t\t\t\t\trequired='true' aria-required='true'  \/>\n \n\t\t\t<div id=\"g9524-jmno-text-error\" class=\"contact-form__input-error\" data-wp-class--has-errors=\"state.fieldHasErrors\">\n\t\t\t\t<span class=\"contact-form__warning-icon\" aria-hidden=\"true\">\n\t\t\t\t\t<svg width=\"16\" height=\"16\" viewBox=\"0 0 16 16\" fill=\"none\" xmlns=\"http:\/\/www.w3.org\/2000\/svg\">\n\t\t\t\t\t\t<path d=\"M8.50015 11.6402H7.50015V10.6402H8.50015V11.6402Z\" \/>\n\t\t\t\t\t\t<path d=\"M7.50015 9.64018H8.50015V6.30684H7.50015V9.64018Z\" \/>\n\t\t\t\t\t\t<path fill-rule=\"evenodd\" clip-rule=\"evenodd\" d=\"M6.98331 3.0947C7.42933 2.30177 8.57096 2.30177 9.01698 3.09469L13.8771 11.7349C14.3145 12.5126 13.7525 13.4735 12.8602 13.4735H3.14004C2.24774 13.4735 1.68575 12.5126 2.12321 11.7349L6.98331 3.0947ZM8.14541 3.58496C8.08169 3.47168 7.9186 3.47168 7.85488 3.58496L2.99478 12.2251C2.93229 12.3362 3.01257 12.4735 3.14004 12.4735H12.8602C12.9877 12.4735 13.068 12.3362 13.0055 12.2251L8.14541 3.58496Z\" \/>\n\t\t\t\t\t<\/svg>\n\t\t\t\t<\/span>\n\t\t\t\t<span data-wp-text=\"state.errorMessage\" id=\"g9524-jmno-text-error-message\"><\/span>\n\t\t\t<\/div> \n\t<\/div>\n\n\n\n<div style=\"\"  data-wp-interactive=\"jetpack\/form\" data-wp-context='{\"fieldId\":\"g9524-email\",\"fieldType\":\"email\",\"fieldLabel\":\"E-mail\",\"fieldValue\":\"\",\"fieldPlaceholder\":\"\",\"fieldIsRequired\":\"1\",\"fieldErrorMessage\":\"\",\"fieldExtra\":[],\"formHash\":\"1a863292de6c2fc3a709777f71bb299bf4f6e73b\"}'  class='grunion-field-email-wrap grunion-field-wrap'  data-wp-init='callbacks.initializeField' data-wp-on--jetpack-form-reset='callbacks.initializeField' >\n<label\n\t\t\t\tfor='g9524-email' class=\"grunion-field-label email\" >E-mail<span class=\"grunion-label-required\" aria-hidden=\"true\">(required)<\/span><\/label>\n<input\n\t\t\t\t\ttype='email'\n\t\t\t\t\tname='g9524-email'\n\t\t\t\t\tid='g9524-email'\n\t\t\t\t\tvalue=''\n\n\t\t\t\t\tdata-wp-bind--aria-invalid='state.fieldAriaInvalid'\n\t\t\t\t\tdata-wp-bind--value='state.getFieldValue'\n\t\t\t\t\taria-describedby='g9524-email-email-error-message'\n\t\t\t\t\tdata-wp-on--input='actions.onFieldChange'\n\t\t\t\t\tdata-wp-on--blur='actions.onFieldBlur'\n\t\t\t\t\tdata-wp-class--has-value='state.hasFieldValue'\n\n\t\t\t\t\tclass='email  grunion-field' \n\t\t\t\t\trequired='true' aria-required='true'  \/>\n \n\t\t\t<div id=\"g9524-email-email-error\" class=\"contact-form__input-error\" data-wp-class--has-errors=\"state.fieldHasErrors\">\n\t\t\t\t<span class=\"contact-form__warning-icon\" aria-hidden=\"true\">\n\t\t\t\t\t<svg width=\"16\" height=\"16\" viewBox=\"0 0 16 16\" fill=\"none\" xmlns=\"http:\/\/www.w3.org\/2000\/svg\">\n\t\t\t\t\t\t<path d=\"M8.50015 11.6402H7.50015V10.6402H8.50015V11.6402Z\" \/>\n\t\t\t\t\t\t<path d=\"M7.50015 9.64018H8.50015V6.30684H7.50015V9.64018Z\" \/>\n\t\t\t\t\t\t<path fill-rule=\"evenodd\" clip-rule=\"evenodd\" d=\"M6.98331 3.0947C7.42933 2.30177 8.57096 2.30177 9.01698 3.09469L13.8771 11.7349C14.3145 12.5126 13.7525 13.4735 12.8602 13.4735H3.14004C2.24774 13.4735 1.68575 12.5126 2.12321 11.7349L6.98331 3.0947ZM8.14541 3.58496C8.08169 3.47168 7.9186 3.47168 7.85488 3.58496L2.99478 12.2251C2.93229 12.3362 3.01257 12.4735 3.14004 12.4735H12.8602C12.9877 12.4735 13.068 12.3362 13.0055 12.2251L8.14541 3.58496Z\" \/>\n\t\t\t\t\t<\/svg>\n\t\t\t\t<\/span>\n\t\t\t\t<span data-wp-text=\"state.errorMessage\" id=\"g9524-email-email-error-message\"><\/span>\n\t\t\t<\/div> \n\t<\/div>\n\n\t<p class='contact-submit'>\n<div class=\"contact-form__error\" data-wp-class--show-errors=\"state.showFormErrors\"><span class=\"contact-form__warning-icon\" aria-hidden=\"true\"><i><\/i><\/span><span class=\"contact-form__error-message\" tabindex=\"-1\" data-wp-watch=\"callbacks.focusOnValidationError\" data-wp-text=\"state.getFormErrorMessage\"><\/span><ul aria-label=\"Form errors\">\n\t\t\t\t<template data-wp-each=\"state.getErrorList\" data-wp-key=\"context.item.id\">\n\t\t\t\t\t<li><a data-wp-bind--href=\"context.item.anchor\" data-wp-on--click=\"actions.scrollIntoView\" data-wp-text=\"context.item.label\"><\/a><\/li>\n\t\t\t\t<\/template>\n\t\t\t\t<\/ul><\/div><div class=\"contact-form__error\" data-wp-class--show-errors=\"state.showSubmissionError\" data-wp-text=\"context.submissionError\" tabindex=\"-1\" data-wp-watch=\"callbacks.focusOnSubmissionError\"><\/div>\t\t<button type='submit' class='pushbutton-wide'>Odeslat<\/button>\t\t<input type='hidden' name='is_block' value='1' \/>\n\t\t<input type='hidden' name='contact-form-id' value='9524' \/>\n\t\t<input type='hidden' name='action' value='grunion-contact-form' \/>\n\t\t<input type='hidden' name='contact-form-hash' value='1a863292de6c2fc3a709777f71bb299bf4f6e73b' \/>\n\t<\/p>\n<p style=\"display: none !important;\" class=\"akismet-fields-container\" data-prefix=\"ak_\"><label>&#916;<textarea name=\"ak_hp_textarea\" cols=\"45\" rows=\"8\" maxlength=\"100\"><\/textarea><\/label><input type=\"hidden\" id=\"ak_js_1\" name=\"ak_js\" value=\"199\"\/><script type=\"text\/javascript\">\n\/* <![CDATA[ *\/\ndocument.getElementById( \"ak_js_1\" ).setAttribute( \"value\", ( new Date() ).getTime() );\n\/* ]]> *\/\n<\/script>\n<\/p><\/form>\n<\/div>","protected":false},"excerpt":{"rendered":"<p>Contributor Day bude prob\u00edhat mezi 10. a 16. hodinou v ned\u011bli 1. 3. 2020, hned dal\u0161\u00ed den po WordCampu, v prostor\u00e1ch Pra\u017esk\u00e9ho kreativn\u00edho centra hned vedle Starom\u011bstsk\u00e9ho orloje. P\u0159ihl\u00e1\u0161ku naleznete na konci t\u00e9to str\u00e1nky. Pro\u010d \u201cden komunity\u201d? Proto\u017ee bez n\u00e1s by se WordPress nemohl rozr\u016fstat.&nbsp; Contributor Day je setk\u00e1n\u00ed v\u0161ech, kte\u0159\u00ed cht\u011bj\u00ed n\u011bjak\u00fdm d\u00edlem p\u0159isp\u011bt &hellip; <a href=\"https:\/\/prague.wordcamp.org\/2020\/contributor-day-aneb-jak-pridat-ruku-k-vyvoji-wordpressu\/\" class=\"more-link\">Pokra\u010dovat ve \u010dten\u00ed<span class=\"screen-reader-text\"> &#8222;Contributor day aneb jak p\u0159idat ruku k v\u00fdvoji WordPressu?&#8220;<\/span><\/a><\/p>\n","protected":false},"author":7429152,"featured_media":0,"parent":0,"menu_order":0,"comment_status":"closed","ping_status":"closed","template":"","meta":{"jetpack_post_was_ever_published":false,"footnotes":""},"class_list":["post-9524","page","type-page","status-publish","hentry"],"jetpack_sharing_enabled":true,"_links":{"self":[{"href":"https:\/\/prague.wordcamp.org\/2020\/wp-json\/wp\/v2\/pages\/9524","targetHints":{"allow":["GET"]}}],"collection":[{"href":"https:\/\/prague.wordcamp.org\/2020\/wp-json\/wp\/v2\/pages"}],"about":[{"href":"https:\/\/prague.wordcamp.org\/2020\/wp-json\/wp\/v2\/types\/page"}],"author":[{"embeddable":true,"href":"https:\/\/prague.wordcamp.org\/2020\/wp-json\/wp\/v2\/users\/7429152"}],"replies":[{"embeddable":true,"href":"https:\/\/prague.wordcamp.org\/2020\/wp-json\/wp\/v2\/comments?post=9524"}],"version-history":[{"count":9,"href":"https:\/\/prague.wordcamp.org\/2020\/wp-json\/wp\/v2\/pages\/9524\/revisions"}],"predecessor-version":[{"id":9537,"href":"https:\/\/prague.wordcamp.org\/2020\/wp-json\/wp\/v2\/pages\/9524\/revisions\/9537"}],"wp:attachment":[{"href":"https:\/\/prague.wordcamp.org\/2020\/wp-json\/wp\/v2\/media?parent=9524"}],"curies":[{"name":"wp","href":"https:\/\/api.w.org\/{rel}","templated":true}]}}