{"id":9484,"date":"2020-02-08T13:50:47","date_gmt":"2020-02-08T12:50:47","guid":{"rendered":"https:\/\/2020.prague.wordcamp.org\/?page_id=9484"},"modified":"2020-02-08T13:51:37","modified_gmt":"2020-02-08T12:51:37","slug":"media-druha-tiskova-zprava","status":"publish","type":"page","link":"https:\/\/prague.wordcamp.org\/2020\/media-druha-tiskova-zprava\/","title":{"rendered":"M\u00e9dia &#8211; druh\u00e1 tiskov\u00e1 zpr\u00e1va"},"content":{"rendered":"\n<div class=\"wp-block-file\"><a href=\"https:\/\/2020.prague.wordcamp.org\/files\/2020\/02\/wordcamp_praha_2020_druha_tiskova_zprava.pdf\">Tiskov\u00e1 zpr\u00e1va ke sta\u017een\u00ed ve form\u00e1tu PDF<\/a><a href=\"https:\/\/2020.prague.wordcamp.org\/files\/2020\/02\/wordcamp_praha_2020_druha_tiskova_zprava.pdf\" class=\"wp-block-file__button\" download>St\u00e1hnout<\/a><\/div>\n\n\n\n<p>V p\u0159\u00edpad\u011b dotaz\u016f kontaktujte pros\u00edm Karol\u00ednu Vysko\u010dilovou (hlavn\u00ed po\u0159adatelku &#8211; <a href=\"mailto:karolina@kybernaut.cz\">karolina@kybernaut.cz<\/a>, <a href=\"http:\/\/+420737878726\">+420 737 878 726<\/a>), nebo Vladim\u00edra Smitku (fakturace, m\u00e9dia &#8211; <a href=\"mailto:vladimir.smitka@lynt.cz\">vladimir.smitka@lynt.cz<\/a>).<\/p>\n\n\n\n<p class=\"has-background has-very-light-gray-background-color\">Pro dopln\u011bn\u00ed \u010dl\u00e1nku je mo\u017en\u00e9 pou\u017e\u00edt libovoln\u00e9 fotografie z&nbsp;<a rel=\"noreferrer noopener\" aria-label=\"lo\u0148sk\u00e9ho ro\u010dn\u00edku (otev\u0159e se na nov\u00e9 z\u00e1lo\u017ece)\" href=\"https:\/\/2019.prague.wordcamp.org\/fotogalerie\/\" target=\"_blank\">lo\u0148sk\u00e9ho ro\u010dn\u00edku<\/a>. Cel\u00fd bal\u00edk od ofici\u00e1ln\u00ed fotografky lo\u0148sk\u00e9ho ro\u010dn\u00edku&nbsp; <a href=\"https:\/\/www.instagram.com\/pandi_bohyne\/\">Jany N\u011bmcov\u00e9<\/a> je dostupn\u00fd <a href=\"https:\/\/photos.google.com\/share\/AF1QipMp67esLsXgKfWAeOuaSdUmF11HxmirGnBjHMJDSOv2MnSwJYEl8qz_WOU-uGEXgg?key=ZUtqQWRBOGJGdXg4ZTlqeXNnNnExbHJuRGoxSVBn\">zde<\/a>.<\/p>\n\n\n\n<h2 class=\"wp-block-heading\"><strong>T\u0159i novinky na WordCamp Prague 2020, kter\u00e9 nesm\u00edte prop\u00e1snout<\/strong><\/h2>\n\n\n\n<h3 class=\"wp-block-heading\"><strong>Leto\u0161n\u00ed pra\u017esk\u00fd WordCamp<\/strong><\/h3>\n\n\n\n<p><strong>Cht\u011bli jsme nav\u00e1zat na \u00fasp\u011bch z minul\u00e9ho roku, kter\u00fd n\u00e1s d\u00edky 500 n\u00e1v\u0161t\u011bvn\u00edk\u016fm katapultoval mezi t\u0159i nejv\u011bt\u0161\u00ed WordCampy v Evrop\u011b,\u201c \u0159\u00edk\u00e1 Karol\u00edna Vysko\u010dilov\u00e1, hlavn\u00ed organiz\u00e1torka leto\u0161n\u00edho ro\u010dn\u00edku. \u201eProbrat v\u0161echny novinky by bylo na dlouho, ale tyto t\u0159i by m\u011bly posunout <\/strong><a href=\"https:\/\/2020.prague.wordcamp.org\/\"><strong>WordCamp Praha<\/strong><\/a><strong> zase o kousek d\u00e1l,\u201c dod\u00e1v\u00e1 Vysko\u010dilov\u00e1.<\/strong><\/p>\n\n\n\n<h3 class=\"wp-block-heading\">Dal\u0161\u00ed \u0159ada p\u0159edn\u00e1\u0161ek<\/h3>\n\n\n\n<p>WordCamp se letos p\u0159esune do prostor\u016f Cubex Centra na pra\u017esk\u00e9 Pankr\u00e1ci. D\u00edky tomu bylo mo\u017en\u00e9 do <a href=\"https:\/\/2020.prague.wordcamp.org\/program\/\">programu<\/a> za\u0159adit dal\u0161\u00ed \u0159adu p\u0159edn\u00e1\u0161ek. Ta se zam\u011b\u0159uje p\u0159edev\u0161\u00edm na obsah a rozvoj projekt\u016f spojen\u00fdch s WordPressem. Poslechnout si m\u016f\u017eete t\u0159eba Eli\u0161ku Vyhn\u00e1lkovou, kter\u00e1 prozrad\u00ed jak na s\u00edt\u011b, nebo Denise \u017doljma, kter\u00fd zodpov\u00edd\u00e1 za review \u0161ablon p\u0159\u00edmo na<a href=\"http:\/\/wordpress.org\"> wordpress.org<\/a>.\u00a0<\/p>\n\n\n\n<p>Zbyl\u00e9 dv\u011b \u0159ady pat\u0159\u00ed b\u011b\u017en\u00fdm u\u017eivatel\u016fm a v\u00fdvoj\u00e1\u0159\u016fm. P\u0159edev\u0161\u00edm u t\u011bch druh\u00fdch p\u016fjdou p\u0159edn\u00e1\u0161ky op\u011bt do hloubky. Automatizace, AMP, Gutenberg a dal\u0161\u00ed oblasti, kter\u00e9 jsou dnes pro v\u00fdvoj\u00e1\u0159e kritick\u00e9 p\u0159edstav\u00ed ti nejpovolan\u011bj\u0161\u00ed \u010de\u0161t\u00ed a zahrani\u010dn\u00ed speak\u0159i.<\/p>\n\n\n\n<h3 class=\"wp-block-heading\">Druh\u00e1 \u0159ada workshop\u016f<\/h3>\n\n\n\n<p>Dal\u0161\u00ed novinkou je druh\u00e1 \u0159ada workshop\u016f. Poprv\u00e9 uvedeme i 3 hodinov\u00fd workshop, kter\u00fd se zam\u011b\u0159\u00ed na st\u00e1le aktu\u00e1ln\u00ed t\u00e9ma \u2013 Gutenberg. Pokud si tedy chcete vylep\u0161it nebo osv\u011b\u017eit sv\u00e9 znalosti, nenajdete lep\u0161\u00ed p\u0159\u00edle\u017eitost.\u00a0<\/p>\n\n\n\n<p>Ale i ostatn\u00ed workshopy rozhodn\u011b stoj\u00ed za pozornost. Ona druh\u00e1 \u0159ada je zam\u011b\u0159ena sp\u00ed\u0161e na pokro\u010dilej\u0161\u00ed u\u017eivatele a t\u00e9mata probere ji\u017e v\u00edce z technick\u00e9ho hlediska.<\/p>\n\n\n\n<h3 class=\"wp-block-heading\">A to nen\u00ed v\u0161e\u2026<\/h3>\n\n\n\n<p>Na WordCamp Praha se letos p\u0159ihl\u00e1sil rekordn\u00ed po\u010det zahrani\u010dn\u00edch \u0159e\u010dn\u00edk\u016f. V \u0161atn\u011b na v\u00e1s ji\u017e tradi\u010dn\u011b bude \u010dekat velmi speci\u00e1ln\u00ed \u0161atn\u00e1\u0159 nebo \u0161atn\u00e1\u0159ka. V ned\u011bli po akci prob\u011bhne Contributor Day. A \u010dekaj\u00ed na v\u00e1s i dal\u0161\u00ed p\u0159ekvapen\u00ed. Ale to a\u017e na m\u00edst\u011b.\u00a0<\/p>\n\n\n\n<p>Neprop\u00e1sn\u011bte t\u0159ic\u00edtku \u010desk\u00fdch a zahrani\u010dn\u00edch speakr\u016f na jednom m\u00edst\u011b. Posledn\u00ed <a href=\"https:\/\/www.wordcamppraha.cz\/platba-vstupenek\/\">l\u00edstky \u010dekaj\u00ed jen na v\u00e1s<\/a>.<\/p>\n\n\n\n<p><\/p>\n","protected":false},"excerpt":{"rendered":"<p>V p\u0159\u00edpad\u011b dotaz\u016f kontaktujte pros\u00edm Karol\u00ednu Vysko\u010dilovou (hlavn\u00ed po\u0159adatelku &#8211; karolina@kybernaut.cz, +420 737 878 726), nebo Vladim\u00edra Smitku (fakturace, m\u00e9dia &#8211; vladimir.smitka@lynt.cz). Pro dopln\u011bn\u00ed \u010dl\u00e1nku je mo\u017en\u00e9 pou\u017e\u00edt libovoln\u00e9 fotografie z&nbsp;lo\u0148sk\u00e9ho ro\u010dn\u00edku. Cel\u00fd bal\u00edk od ofici\u00e1ln\u00ed fotografky lo\u0148sk\u00e9ho ro\u010dn\u00edku&nbsp; Jany N\u011bmcov\u00e9 je dostupn\u00fd zde. T\u0159i novinky na WordCamp Prague 2020, kter\u00e9 nesm\u00edte prop\u00e1snout Leto\u0161n\u00ed pra\u017esk\u00fd &hellip; <a href=\"https:\/\/prague.wordcamp.org\/2020\/media-druha-tiskova-zprava\/\" class=\"more-link\">Pokra\u010dovat ve \u010dten\u00ed<span class=\"screen-reader-text\"> &#8222;M\u00e9dia &#8211; druh\u00e1 tiskov\u00e1 zpr\u00e1va&#8220;<\/span><\/a><\/p>\n","protected":false},"author":13079569,"featured_media":0,"parent":0,"menu_order":0,"comment_status":"closed","ping_status":"closed","template":"","meta":{"jetpack_post_was_ever_published":false,"footnotes":""},"class_list":["post-9484","page","type-page","status-publish","hentry"],"jetpack_sharing_enabled":true,"_links":{"self":[{"href":"https:\/\/prague.wordcamp.org\/2020\/wp-json\/wp\/v2\/pages\/9484","targetHints":{"allow":["GET"]}}],"collection":[{"href":"https:\/\/prague.wordcamp.org\/2020\/wp-json\/wp\/v2\/pages"}],"about":[{"href":"https:\/\/prague.wordcamp.org\/2020\/wp-json\/wp\/v2\/types\/page"}],"author":[{"embeddable":true,"href":"https:\/\/prague.wordcamp.org\/2020\/wp-json\/wp\/v2\/users\/13079569"}],"replies":[{"embeddable":true,"href":"https:\/\/prague.wordcamp.org\/2020\/wp-json\/wp\/v2\/comments?post=9484"}],"version-history":[{"count":2,"href":"https:\/\/prague.wordcamp.org\/2020\/wp-json\/wp\/v2\/pages\/9484\/revisions"}],"predecessor-version":[{"id":9487,"href":"https:\/\/prague.wordcamp.org\/2020\/wp-json\/wp\/v2\/pages\/9484\/revisions\/9487"}],"wp:attachment":[{"href":"https:\/\/prague.wordcamp.org\/2020\/wp-json\/wp\/v2\/media?parent=9484"}],"curies":[{"name":"wp","href":"https:\/\/api.w.org\/{rel}","templated":true}]}}