{"id":9297,"date":"2020-01-27T15:38:41","date_gmt":"2020-01-27T14:38:41","guid":{"rendered":"https:\/\/2020.prague.wordcamp.org\/?page_id=9297"},"modified":"2020-01-29T11:46:25","modified_gmt":"2020-01-29T10:46:25","slug":"media","status":"publish","type":"page","link":"https:\/\/prague.wordcamp.org\/2020\/media\/","title":{"rendered":"M\u00e9dia &#8211; tiskov\u00e1 zpr\u00e1va"},"content":{"rendered":"\n<div class=\"wp-block-file\"><a href=\"https:\/\/2020.prague.wordcamp.org\/files\/2020\/01\/wordcamp_praha_2020_tiskova_zprava.pdf\">Tiskov\u00e1 zpr\u00e1va ke sta\u017een\u00ed ve form\u00e1tu PDF<\/a><a href=\"https:\/\/2020.prague.wordcamp.org\/files\/2020\/01\/wordcamp_praha_2020_tiskova_zprava.pdf\" class=\"wp-block-file__button\" download>St\u00e1hnout<\/a><\/div>\n\n\n\n<p>V p\u0159\u00edpad\u011b dotaz\u016f kontaktujte pros\u00edm Karol\u00ednu Vysko\u010dilovou (hlavn\u00ed po\u0159adatelku &#8211; <a href=\"mailto:karolina@kybernaut.cz\">karolina@kybernaut.cz<\/a>, <a href=\"http:\/\/+420737878726\">+420 737 878 726<\/a>), nebo Vladim\u00edra Smitku (fakturace, m\u00e9dia &#8211; <a href=\"mailto:vladimir.smitka@lynt.cz\">vladimir.smitka@lynt.cz<\/a>).<\/p>\n\n\n\n<p class=\"has-background has-very-light-gray-background-color\">Pro dopln\u011bn\u00ed \u010dl\u00e1nku je mo\u017en\u00e9 pou\u017e\u00edt libovoln\u00e9 fotografie z&nbsp;<a rel=\"noreferrer noopener\" aria-label=\"lo\u0148sk\u00e9ho ro\u010dn\u00edku (otev\u0159e se na nov\u00e9 z\u00e1lo\u017ece)\" href=\"https:\/\/2019.prague.wordcamp.org\/fotogalerie\/\" target=\"_blank\">lo\u0148sk\u00e9ho ro\u010dn\u00edku<\/a>. Cel\u00fd bal\u00edk od ofici\u00e1ln\u00ed fotografky lo\u0148sk\u00e9ho ro\u010dn\u00edku&nbsp; <a href=\"https:\/\/www.instagram.com\/pandi_bohyne\/\">Jany N\u011bmcov\u00e9<\/a> je dostupn\u00fd <a href=\"https:\/\/photos.google.com\/share\/AF1QipMp67esLsXgKfWAeOuaSdUmF11HxmirGnBjHMJDSOv2MnSwJYEl8qz_WOU-uGEXgg?key=ZUtqQWRBOGJGdXg4ZTlqeXNnNnExbHJuRGoxSVBn\">zde<\/a>.<\/p>\n\n\n\n<h2 class=\"wp-block-heading\">P\u0159ij\u010fte na WordCamp Praha 2020 \u2013 nejv\u011bt\u0161\u00ed konferenci v \u010cR (nejen) o WordPressu<\/h2>\n\n\n\n<p>Zaj\u00edm\u00e1te se o webov\u00e9 str\u00e1nky, marketing, tvorbu obsahu nebo \u0159\u00edzen\u00ed webov\u00fdch projekt\u016f? R\u00e1di se vzd\u011bl\u00e1v\u00e1te a nenech\u00e1te si uj\u00edt \u017e\u00e1dn\u00e9 setk\u00e1n\u00ed s&nbsp;lidmi z&nbsp;oboru? Pak by v\u00e1m nem\u011bl uj\u00edt \u00fanorov\u00fd <a href=\"https:\/\/2020.prague.wordcamp.org\/\">WordCamp Praha 2020<\/a>. Co v\u00edc, tento v\u00edkend nabit\u00fd WordPressem je ide\u00e1ln\u00ed akc\u00ed pro zah\u00e1jen\u00ed va\u0161\u00ed konferen\u010dn\u00ed sez\u00f3ny v&nbsp;roce 2020.<\/p>\n\n\n\n<p>WordCamp Praha je nejv\u011bt\u0161\u00ed konferenc\u00ed o WordPressu v&nbsp;\u010cesk\u00e9 republice. Leto\u0161n\u00ed 7. ro\u010dn\u00edk se bude konat 29. \u00fanora 2020 pod taktovkou hlavn\u00ed organiz\u00e1torky Karol\u00edny Vysko\u010dilov\u00e9 v&nbsp;prostor\u00e1ch pra\u017esk\u00e9ho Cubex Centra.<\/p>\n\n\n\n<h3 class=\"wp-block-heading\">Nabit\u00fd program po cel\u00fd den<\/h3>\n\n\n\n<p>Letos jsou d\u00edky nov\u00fdm a v\u011bt\u0161\u00edm prostor\u00e1m p\u0159ipraveny t\u0159i hlavn\u00ed linie p\u0159edn\u00e1\u0161ek: technick\u00e9 p\u0159edn\u00e1\u0161ky pro webov\u00e9 v\u00fdvoj\u00e1\u0159e (v\u00fdkon, Gutenberg, bezpe\u010dnost a automatizace), nastavov\u00e1n\u00ed proces\u016f pro lep\u0161\u00ed weby (zad\u00e1n\u00ed, smlouvy, UX, MVP a SEO) a v\u011btev v\u011bnovan\u00e1 tvorb\u011b obsahu, inspiraci a zaj\u00edmavostem z&nbsp;wordpressov\u00e9ho sv\u011bta.<\/p>\n\n\n\n<p>Do Prahy tentokr\u00e1t p\u0159ijede i mno\u017estv\u00ed zaj\u00edmav\u00fdch zahrani\u010dn\u00edch host\u016f a \u00fa\u010dastn\u00edci tak usly\u0161\u00ed i p\u0159edn\u00e1\u0161ej\u00edc\u00ed, kte\u0159\u00ed zat\u00edm do \u010ceska nikdy nezav\u00edtali. Polovina p\u0159\u00edsp\u011bvk\u016f bude v&nbsp;angli\u010dtin\u011b, tak\u017ee si na sv\u00e9 p\u0159ijdou i ti, kdo nevl\u00e1dnou \u010de\u0161tinou.<\/p>\n\n\n\n<p>Krom\u011b toho je p\u0159ipraveno n\u011bkolik praktick\u00fdch workshop\u016f a specializovan\u00fdch p\u0159edn\u00e1\u0161ek jak pro u\u017eivatele (page buildery v\u010detn\u011b Gutenbergu, WooCommerce), tak pro v\u00fdvoj\u00e1\u0159e (Gutenberg, dokumentace, AMP).<\/p>\n\n\n\n<h3 class=\"wp-block-heading\">Networking<\/h3>\n\n\n\n<p>Konference samoz\u0159ejm\u011b nejsou jen o p\u0159edn\u00e1\u0161k\u00e1ch, ale i o propojov\u00e1n\u00ed komunity. Sezn\u00e1mit se s&nbsp;nov\u00fdmi tv\u00e1\u0159emi m\u016f\u017eete b\u011bhem pauz mezi&nbsp;p\u0159edn\u00e1\u0161kami, na ob\u011bd\u011b, p\u0159i dopl\u0148kov\u00e9m programu nebo u st\u00e1nk\u016f partner\u016f \u2013 a tak\u00e9 na Happiness baru a samoz\u0159ejm\u011b na afterparty.<\/p>\n\n\n\n<h3 class=\"wp-block-heading\">Dal\u0161\u00ed informace a l\u00edstky<\/h3>\n\n\n\n<p>Rozhovory se speakery, program a dal\u0161\u00ed najdete na ofici\u00e1ln\u00edm webu konference <a href=\"https:\/\/2020.prague.wordcamp.org\/\">2020.prague.wordcamp.org<\/a>, kde si m\u016f\u017eete tak\u00e9 po\u0159\u00eddit vstupenky, a to aktu\u00e1ln\u011b za 499 K\u010d bez DPH.<\/p>\n\n\n\n<p>Pokud chcete akci podpo\u0159it jako <a href=\"https:\/\/2020.prague.wordcamp.org\/2019\/07\/08\/hledame-sponzory\/\">sponzor<\/a>, m\u00e1te po\u0159\u00e1d je\u0161t\u011b \u0161anci \u2013 st\u00e1le zb\u00fdv\u00e1 n\u011bkolik voln\u00fdch m\u00edst.<\/p>\n","protected":false},"excerpt":{"rendered":"<p>V p\u0159\u00edpad\u011b dotaz\u016f kontaktujte pros\u00edm Karol\u00ednu Vysko\u010dilovou (hlavn\u00ed po\u0159adatelku &#8211; karolina@kybernaut.cz, +420 737 878 726), nebo Vladim\u00edra Smitku (fakturace, m\u00e9dia &#8211; vladimir.smitka@lynt.cz). Pro dopln\u011bn\u00ed \u010dl\u00e1nku je mo\u017en\u00e9 pou\u017e\u00edt libovoln\u00e9 fotografie z&nbsp;lo\u0148sk\u00e9ho ro\u010dn\u00edku. Cel\u00fd bal\u00edk od ofici\u00e1ln\u00ed fotografky lo\u0148sk\u00e9ho ro\u010dn\u00edku&nbsp; Jany N\u011bmcov\u00e9 je dostupn\u00fd zde. P\u0159ij\u010fte na WordCamp Praha 2020 \u2013 nejv\u011bt\u0161\u00ed konferenci v \u010cR (nejen) &hellip; <a href=\"https:\/\/prague.wordcamp.org\/2020\/media\/\" class=\"more-link\">Pokra\u010dovat ve \u010dten\u00ed<span class=\"screen-reader-text\"> &#8222;M\u00e9dia &#8211; tiskov\u00e1 zpr\u00e1va&#8220;<\/span><\/a><\/p>\n","protected":false},"author":13079569,"featured_media":0,"parent":0,"menu_order":0,"comment_status":"closed","ping_status":"closed","template":"","meta":{"jetpack_post_was_ever_published":false,"footnotes":""},"class_list":["post-9297","page","type-page","status-publish","hentry"],"jetpack_sharing_enabled":true,"_links":{"self":[{"href":"https:\/\/prague.wordcamp.org\/2020\/wp-json\/wp\/v2\/pages\/9297","targetHints":{"allow":["GET"]}}],"collection":[{"href":"https:\/\/prague.wordcamp.org\/2020\/wp-json\/wp\/v2\/pages"}],"about":[{"href":"https:\/\/prague.wordcamp.org\/2020\/wp-json\/wp\/v2\/types\/page"}],"author":[{"embeddable":true,"href":"https:\/\/prague.wordcamp.org\/2020\/wp-json\/wp\/v2\/users\/13079569"}],"replies":[{"embeddable":true,"href":"https:\/\/prague.wordcamp.org\/2020\/wp-json\/wp\/v2\/comments?post=9297"}],"version-history":[{"count":8,"href":"https:\/\/prague.wordcamp.org\/2020\/wp-json\/wp\/v2\/pages\/9297\/revisions"}],"predecessor-version":[{"id":9373,"href":"https:\/\/prague.wordcamp.org\/2020\/wp-json\/wp\/v2\/pages\/9297\/revisions\/9373"}],"wp:attachment":[{"href":"https:\/\/prague.wordcamp.org\/2020\/wp-json\/wp\/v2\/media?parent=9297"}],"curies":[{"name":"wp","href":"https:\/\/api.w.org\/{rel}","templated":true}]}}