{"id":9286,"date":"2020-01-25T18:25:30","date_gmt":"2020-01-25T17:25:30","guid":{"rendered":"https:\/\/2020.prague.wordcamp.org\/?page_id=9286"},"modified":"2020-02-21T19:12:55","modified_gmt":"2020-02-21T18:12:55","slug":"how-to-get-here","status":"publish","type":"page","link":"https:\/\/prague.wordcamp.org\/2020\/en\/how-to-get-here\/","title":{"rendered":"How to get here?"},"content":{"rendered":"\n<p class=\"has-text-align-center\"><strong>Cubex Centre Prague<\/strong><br>Na Str\u017ei 2097\/63, 140 00 Prague 4<\/p>\n\n\n\n<div class=\"googlemaps\">\n\t\t\t\t<iframe loading=\"lazy\" width=\"800\" height=\"600\" frameborder=\"0\" scrolling=\"no\" marginheight=\"0\" marginwidth=\"0\"  src=\"https:\/\/www.google.com\/maps\/embed?pb=!1m18!1m12!1m3!1d5123.926169763431!2d14.435348469379077!3d50.049522823951406!2m3!1f0!2f0!3f0!3m2!1i1024!2i768!4f13.1!3m3!1m2!1s0x470b9504658dd9cb:0x5f36da7d301c677b!2sCubex%20Centrum%20Praha%20spol.%20s%20r.%20o.!5e0!3m2!1sen!2sus!4v1579972665458!5m2!1sen!2sus\"><\/iframe>\n\t\t\t<\/div>\n\n\n\n<div class=\"wp-block-columns is-layout-flex wp-container-core-columns-is-layout-9d6595d7 wp-block-columns-is-layout-flex\">\n<div class=\"wp-block-column is-layout-flow wp-block-column-is-layout-flow\">\n<p><strong>By public transport:<br><\/strong>Cubex is located about 100 metres from subway station Pankr\u00e1c (line C\/Red). Within the walking distance you can find the bus stop as well. <\/p>\n<\/div>\n\n\n\n<div class=\"wp-block-column is-layout-flow wp-block-column-is-layout-flow\">\n<p><strong>By car:<\/strong><br>Cubex is close to the city circuit and D1 highway, exit Podol\u00ed\/Pankr\u00e1c.<br>GPS coordinates: 50.049964, 14.439709.<\/p>\n\n\n\n<p><strong>Parking:<\/strong><\/p>\n\n\n\n<p>There&#8217;s free parking available in the Ark\u00e1dy shopping center on weekends between 7:00 and 22:30. You can find detailed information <a href=\"https:\/\/www.arkady-pankrac.cz\/en\/center\/directionsparking\/directionsparking\/\" target=\"_blank\" rel=\"noreferrer noopener\" aria-label=\" (otev\u0159e se na nov\u00e9 z\u00e1lo\u017ece)\">here<\/a>. <\/p>\n\n\n\n<p>Parking is also free in violet parking zones near Cubex (the conference venue). For more information about parking zones, please visit <a href=\"http:\/\/www.parkujvklidu.cz\/english\/homepage\/\" target=\"_blank\" rel=\"noreferrer noopener\" aria-label=\"http:\/\/www.parkujvklidu.cz\/english\/homepage\/ (otev\u0159e se na nov\u00e9 z\u00e1lo\u017ece)\">http:\/\/www.parkujvklidu.cz\/english\/homepage\/<\/a>.<\/p>\n<\/div>\n<\/div>\n","protected":false},"excerpt":{"rendered":"<p>Cubex Centre PragueNa Str\u017ei 2097\/63, 140 00 Prague 4 By public transport:Cubex is located about 100 metres from subway station Pankr\u00e1c (line C\/Red). Within the walking distance you can find the bus stop as well. By car:Cubex is close to the city circuit and D1 highway, exit Podol\u00ed\/Pankr\u00e1c.GPS coordinates: 50.049964, 14.439709. Parking: There&#8217;s free parking &hellip; <a href=\"https:\/\/prague.wordcamp.org\/2020\/en\/how-to-get-here\/\" class=\"more-link\">Pokra\u010dovat ve \u010dten\u00ed<span class=\"screen-reader-text\"> &#8222;How to get here?&#8220;<\/span><\/a><\/p>\n","protected":false},"author":14050131,"featured_media":0,"parent":7894,"menu_order":0,"comment_status":"closed","ping_status":"closed","template":"","meta":{"jetpack_post_was_ever_published":false,"footnotes":""},"class_list":["post-9286","page","type-page","status-publish","hentry"],"jetpack_sharing_enabled":true,"_links":{"self":[{"href":"https:\/\/prague.wordcamp.org\/2020\/wp-json\/wp\/v2\/pages\/9286","targetHints":{"allow":["GET"]}}],"collection":[{"href":"https:\/\/prague.wordcamp.org\/2020\/wp-json\/wp\/v2\/pages"}],"about":[{"href":"https:\/\/prague.wordcamp.org\/2020\/wp-json\/wp\/v2\/types\/page"}],"author":[{"embeddable":true,"href":"https:\/\/prague.wordcamp.org\/2020\/wp-json\/wp\/v2\/users\/14050131"}],"replies":[{"embeddable":true,"href":"https:\/\/prague.wordcamp.org\/2020\/wp-json\/wp\/v2\/comments?post=9286"}],"version-history":[{"count":8,"href":"https:\/\/prague.wordcamp.org\/2020\/wp-json\/wp\/v2\/pages\/9286\/revisions"}],"predecessor-version":[{"id":9767,"href":"https:\/\/prague.wordcamp.org\/2020\/wp-json\/wp\/v2\/pages\/9286\/revisions\/9767"}],"up":[{"embeddable":true,"href":"https:\/\/prague.wordcamp.org\/2020\/wp-json\/wp\/v2\/pages\/7894"}],"wp:attachment":[{"href":"https:\/\/prague.wordcamp.org\/2020\/wp-json\/wp\/v2\/media?parent=9286"}],"curies":[{"name":"wp","href":"https:\/\/api.w.org\/{rel}","templated":true}]}}