{"id":9279,"date":"2020-01-25T18:19:25","date_gmt":"2020-01-25T17:19:25","guid":{"rendered":"https:\/\/2020.prague.wordcamp.org\/?page_id=9279"},"modified":"2020-02-21T19:11:01","modified_gmt":"2020-02-21T18:11:01","slug":"jak-se-k-nam-dostanete","status":"publish","type":"page","link":"https:\/\/prague.wordcamp.org\/2020\/jak-se-k-nam-dostanete\/","title":{"rendered":"Jak se k n\u00e1m dostanete?"},"content":{"rendered":"\n<p class=\"has-text-align-center\"><strong>Cubex Centrum Praha<\/strong><br>Na Str\u017ei 2097\/63, Praha 4, 140 00  <\/p>\n\n\n\n<div class=\"googlemaps\">\n\t\t\t\t<iframe loading=\"lazy\" width=\"800\" height=\"600\" frameborder=\"0\" scrolling=\"no\" marginheight=\"0\" marginwidth=\"0\"  src=\"https:\/\/www.google.com\/maps\/embed?pb=!1m18!1m12!1m3!1d5123.926169763431!2d14.435348469379077!3d50.049522823951406!2m3!1f0!2f0!3f0!3m2!1i1024!2i768!4f13.1!3m3!1m2!1s0x470b9504658dd9cb:0x5f36da7d301c677b!2sCubex%20Centrum%20Praha%20spol.%20s%20r.%20o.!5e0!3m2!1sen!2sus!4v1579972665458!5m2!1sen!2sus\"><\/iframe>\n\t\t\t<\/div>\n\n\n\n<div class=\"wp-block-columns is-layout-flex wp-container-core-columns-is-layout-9d6595d7 wp-block-columns-is-layout-flex\">\n<div class=\"wp-block-column is-layout-flow wp-block-column-is-layout-flow\">\n<p><strong>MHD:<\/strong><br>Cubex se nach\u00e1z\u00ed cca 100&nbsp;m od stanice metra&nbsp;C, Pankr\u00e1c. V&nbsp;p\u011b\u0161\u00ed vzd\u00e1lenosti je tak\u00e9 zast\u00e1vka autobusu \u010d.&nbsp;134 s&nbsp;n\u00e1zvem Pankr\u00e1c. <\/p>\n<\/div>\n\n\n\n<div class=\"wp-block-column is-layout-flow wp-block-column-is-layout-flow\">\n<p><strong>Autem:<\/strong><br>Cesta do Prahy z d\u00e1lnice D1, po ulici 5. kv\u011btna, sjezd Podol\u00ed\/Pankr\u00e1c, sm\u011brem na ulici Na&nbsp;Str\u017ei &#8211; Cubex je p\u0159\u00edmo naproti k\u0159i\u017eovatce ulic Na&nbsp;Pankr\u00e1ci a&nbsp;Na&nbsp;Str\u017ei.<br>GPS sou\u0159adnice: 50.049964, 14.439709<\/p>\n\n\n\n<p><strong>Parkov\u00e1n\u00ed:<\/strong><br>Na parkovi\u0161ti OC Ark\u00e1dy je parkov\u00e1n\u00ed o v\u00edkendech 7:00 &#8211; 22:30 zdarma. Podrobn\u00e9 informace\u00a0<a rel=\"noreferrer noopener\" href=\"https:\/\/www.arkady-pankrac.cz\/centrum\/parkovani\/parkovani\/\" target=\"_blank\">zde<\/a>.<\/p>\n\n\n\n<p>V okol\u00ed Cubexu na fialov\u00e9 z\u00f3n\u011b je o v\u00edkendech parkov\u00e1n\u00ed tak\u00e9 zdarma. V\u00edc informac\u00ed o parkovac\u00edch z\u00f3n\u00e1ch\u00a0<a rel=\"noreferrer noopener\" href=\"http:\/\/www.parkujvklidu.cz\/\" target=\"_blank\">www.parkujvklidu.cz<\/a>.<\/p>\n<\/div>\n<\/div>\n","protected":false},"excerpt":{"rendered":"<p>Cubex Centrum PrahaNa Str\u017ei 2097\/63, Praha 4, 140 00 MHD:Cubex se nach\u00e1z\u00ed cca 100&nbsp;m od stanice metra&nbsp;C, Pankr\u00e1c. V&nbsp;p\u011b\u0161\u00ed vzd\u00e1lenosti je tak\u00e9 zast\u00e1vka autobusu \u010d.&nbsp;134 s&nbsp;n\u00e1zvem Pankr\u00e1c. Autem:Cesta do Prahy z d\u00e1lnice D1, po ulici 5. kv\u011btna, sjezd Podol\u00ed\/Pankr\u00e1c, sm\u011brem na ulici Na&nbsp;Str\u017ei &#8211; Cubex je p\u0159\u00edmo naproti k\u0159i\u017eovatce ulic Na&nbsp;Pankr\u00e1ci a&nbsp;Na&nbsp;Str\u017ei.GPS sou\u0159adnice: 50.049964, 14.439709 &hellip; <a href=\"https:\/\/prague.wordcamp.org\/2020\/jak-se-k-nam-dostanete\/\" class=\"more-link\">Pokra\u010dovat ve \u010dten\u00ed<span class=\"screen-reader-text\"> &#8222;Jak se k n\u00e1m dostanete?&#8220;<\/span><\/a><\/p>\n","protected":false},"author":14050131,"featured_media":0,"parent":0,"menu_order":0,"comment_status":"closed","ping_status":"closed","template":"","meta":{"jetpack_post_was_ever_published":false,"footnotes":""},"class_list":["post-9279","page","type-page","status-publish","hentry"],"jetpack_sharing_enabled":true,"_links":{"self":[{"href":"https:\/\/prague.wordcamp.org\/2020\/wp-json\/wp\/v2\/pages\/9279","targetHints":{"allow":["GET"]}}],"collection":[{"href":"https:\/\/prague.wordcamp.org\/2020\/wp-json\/wp\/v2\/pages"}],"about":[{"href":"https:\/\/prague.wordcamp.org\/2020\/wp-json\/wp\/v2\/types\/page"}],"author":[{"embeddable":true,"href":"https:\/\/prague.wordcamp.org\/2020\/wp-json\/wp\/v2\/users\/14050131"}],"replies":[{"embeddable":true,"href":"https:\/\/prague.wordcamp.org\/2020\/wp-json\/wp\/v2\/comments?post=9279"}],"version-history":[{"count":11,"href":"https:\/\/prague.wordcamp.org\/2020\/wp-json\/wp\/v2\/pages\/9279\/revisions"}],"predecessor-version":[{"id":9765,"href":"https:\/\/prague.wordcamp.org\/2020\/wp-json\/wp\/v2\/pages\/9279\/revisions\/9765"}],"wp:attachment":[{"href":"https:\/\/prague.wordcamp.org\/2020\/wp-json\/wp\/v2\/media?parent=9279"}],"curies":[{"name":"wp","href":"https:\/\/api.w.org\/{rel}","templated":true}]}}