{"id":7985,"date":"2019-07-08T13:37:49","date_gmt":"2019-07-08T13:37:49","guid":{"rendered":"https:\/\/2020.prague.wordcamp.org\/?page_id=7985"},"modified":"2019-10-21T17:11:01","modified_gmt":"2019-10-21T15:11:01","slug":"o-akci","status":"publish","type":"page","link":"https:\/\/prague.wordcamp.org\/2020\/o-akci\/","title":{"rendered":"WordCamp Praha 2020"},"content":{"rendered":"\n<p>I v roce 2020 se m\u016f\u017eete t\u011b\u0161it na WordCamp Praha \u2013 <strong>v sobotu 29. \u00fanora 2020<\/strong>. Sejdeme se ve zbrusunov\u00fdch prostorech <a rel=\"noreferrer noopener\" target=\"_blank\" href=\"https:\/\/www.cubexcentrum.cz\/\">Cubex Centra<\/a> na Pankr\u00e1ci. <\/p>\n\n\n\n<p><strong>Po sedm\u00e9<\/strong> pro v\u00e1s otev\u0159eme br\u00e1ny nejv\u011bt\u0161\u00ed WordPress konference v \u010cR. V\u00edt\u00e1ni budou op\u011bt v\u0161ichni, kter\u00fdm WordPress p\u0159irostl k srdci. A je jedno, jestli se v n\u011bm teprve rozkouk\u00e1vaj\u00ed nebo pro n\u011bj p\u00ed\u0161\u00ed slo\u017eit\u00e9 k\u00f3dy. <\/p>\n\n\n\n<p><a rel=\"noreferrer noopener\" aria-label=\"WordCampy (otev\u0159e se na nov\u00e9 z\u00e1lo\u017ece)\" href=\"https:\/\/central.wordcamp.org\/about\/\" target=\"_blank\">WordCampy<\/a> se konaj\u00ed pravideln\u011b ve v\u00edce jak 60 zem\u00edch po cel\u00e9m sv\u011bt\u011b. Jsme tak v nejlep\u0161\u00ed spole\u010dnosti. Sta\u0148te se i vy jej\u00ed sou\u010d\u00e1st\u00ed! P\u0159ihlaste se k odb\u011bru novinek, aby v\u00e1m nic neuteklo. <\/p>\n\n\n\n<p>V n\u00e1sleduj\u00edc\u00edch m\u011bs\u00edc\u00edch ozn\u00e1m\u00edme podrobnosti o lineupu p\u0159edn\u00e1\u0161ek, workshop\u016f a podrobnosti k cel\u00e9mu programu. <\/p>\n\n\n\n<p class=\"has-background has-very-light-gray-background-color\">Chce\u0161 se zapojit <strong>p\u0159edn\u00e1\u0161kou, workshopem<\/strong> nebo m\u00e1\u0161 n\u011bjakou <strong>p\u0159\u00edpadovou studii<\/strong>, kterou mus\u00ed ostatn\u00ed vid\u011bt? Po\u0161li <a href=\"mailto:speaker@wordcamppraha.cz\">n\u00e1m ji<\/a> a pokud bude sed\u011bt do na\u0161eho programu, budeme t\u011b kontaktovat.  <\/p>\n\n\n\n<h2 class=\"wp-block-heading\">Nejnov\u011bj\u0161\u00ed p\u0159\u00edsp\u011bvky<\/h2>\n\n\n<ul class=\"wp-block-latest-posts__list wp-block-latest-posts\"><li><a class=\"wp-block-latest-posts__post-title\" href=\"https:\/\/prague.wordcamp.org\/2020\/wordcamp-praha-2022-live\/\">WordCamp Praha 2022 Live!<\/a><\/li>\n<li><a class=\"wp-block-latest-posts__post-title\" href=\"https:\/\/prague.wordcamp.org\/2020\/zaznamy-prednasek-online\/\">Z\u00e1znamy p\u0159edn\u00e1\u0161ek online!<\/a><\/li>\n<li><a class=\"wp-block-latest-posts__post-title\" href=\"https:\/\/prague.wordcamp.org\/2020\/meet-impromptme-your-personal-event-assistant\/\">Meet ImpromptMe: your personal event assistant<\/a><\/li>\n<li><a class=\"wp-block-latest-posts__post-title\" href=\"https:\/\/prague.wordcamp.org\/2020\/seznamte-se-s-impromptme-vasim-osobnim-digitalnim-asistentem-na-wordpress-prague-2020\/\">Seznamte se s ImpromptMe \u2013 va\u0161\u00edm osobn\u00edm digit\u00e1ln\u00edm asistentem na WordPress Prague 2020<\/a><\/li>\n<li><a class=\"wp-block-latest-posts__post-title\" href=\"https:\/\/prague.wordcamp.org\/2020\/pierre-lebaux\/\">Pierre LeBaux<\/a><\/li>\n<li><a class=\"wp-block-latest-posts__post-title\" href=\"https:\/\/prague.wordcamp.org\/2020\/letos-jsme-pro-vas-nachystali-hned-dvojnasobnou-davku-workshopu\/\">Letos jsme pro v\u00e1s nachystali hned dvojn\u00e1sobnou d\u00e1vku workshop\u016f!<\/a><\/li>\n<li><a class=\"wp-block-latest-posts__post-title\" href=\"https:\/\/prague.wordcamp.org\/2020\/anja-deubzer-and-fabian-kagy\/\">Anja Deubzer and Fabian K\u00e4gy<\/a><\/li>\n<li><a class=\"wp-block-latest-posts__post-title\" href=\"https:\/\/prague.wordcamp.org\/2020\/magdalena-paciorek\/\">Magdalena Paciorek<\/a><\/li>\n<li><a class=\"wp-block-latest-posts__post-title\" href=\"https:\/\/prague.wordcamp.org\/2020\/vlada-musilek\/\">Vl\u00e1\u010fa Mus\u00edlek<\/a><\/li>\n<li><a class=\"wp-block-latest-posts__post-title\" href=\"https:\/\/prague.wordcamp.org\/2020\/wpsec-the-most-comprehensive-wordpress-vulnerability-scanner\/\">WPSec \u2014 The Most Comprehensive WordPress Vulnerability Scanner<\/a><\/li>\n<li><a class=\"wp-block-latest-posts__post-title\" href=\"https:\/\/prague.wordcamp.org\/2020\/katarina-novotna\/\">Katar\u00edna Novotn\u00e1<\/a><\/li>\n<li><a class=\"wp-block-latest-posts__post-title\" href=\"https:\/\/prague.wordcamp.org\/2020\/contributor-day-co-to-je-a-proc-na-nej-dorazit\/\">Contributor Day: Co to je a pro\u010d na n\u011bj dorazit?<\/a><\/li>\n<li><a class=\"wp-block-latest-posts__post-title\" href=\"https:\/\/prague.wordcamp.org\/2020\/how-to-use-wordcamps-to-promote-your-business\/\">How to use WordCamps to promote your business<\/a><\/li>\n<li><a class=\"wp-block-latest-posts__post-title\" href=\"https:\/\/prague.wordcamp.org\/2020\/wordpress-a-statni-instituce-jde-to-vubec-dohromady-v-narodnim-parku-sumava-ano\/\">WordPress a st\u00e1tn\u00ed instituce? Jde to v\u016fbec dohromady? V N\u00e1rodn\u00edm parku \u0160umava ano!<\/a><\/li>\n<li><a class=\"wp-block-latest-posts__post-title\" href=\"https:\/\/prague.wordcamp.org\/2020\/denis-zoljom\/\">Denis \u017doljom \u2013 meet a representative of the Theme Review Team at wordpress.org<\/a><\/li>\n<li><a class=\"wp-block-latest-posts__post-title\" href=\"https:\/\/prague.wordcamp.org\/2020\/ivan-yordanov\/\">Ivan Yordanov \u2013 save your time and automate!<\/a><\/li>\n<li><a class=\"wp-block-latest-posts__post-title\" href=\"https:\/\/prague.wordcamp.org\/2020\/marek-gach-vyvoj-a-sprava-pluginu-na-11-platformach\/\">Marek Gach &#8211; V\u00fdvoj a spr\u00e1va pluginu na 11 platform\u00e1ch<\/a><\/li>\n<li><a class=\"wp-block-latest-posts__post-title\" href=\"https:\/\/prague.wordcamp.org\/2020\/kamil-porembinski\/\">Kamil Porembi\u0144ski \u2013 disproving the myths about WordPress<\/a><\/li>\n<li><a class=\"wp-block-latest-posts__post-title\" href=\"https:\/\/prague.wordcamp.org\/2020\/fero-volar-realizujte-svoje-napady-za-vikend-alebo-wp-ako-perfektny-nastroj-pre-mvp\/\">Fero Volar &#8211; Realizujte svoje n\u00e1pady za v\u00edkend, alebo WP ako perfektny n\u00e1stroj pre MVP<\/a><\/li>\n<li><a class=\"wp-block-latest-posts__post-title\" href=\"https:\/\/prague.wordcamp.org\/2020\/fellyph-cintra-amp-is-an-interesting-option-to-create-a-web-application\/\">Fellyph Cintra \u2013 AMP is an interesting option to create a web application<\/a><\/li>\n<li><a class=\"wp-block-latest-posts__post-title\" href=\"https:\/\/prague.wordcamp.org\/2020\/what-can-anydesk-do-for-the-wordpress-community\/\">What Can AnyDesk Do for the WordPress Community?<\/a><\/li>\n<li><a class=\"wp-block-latest-posts__post-title\" href=\"https:\/\/prague.wordcamp.org\/2020\/co-anydesk-predstavuje-pro-wordpressovou-komunitu\/\">Co AnyDesk p\u0159edstavuje pro wordpressovou komunitu?<\/a><\/li>\n<li><a class=\"wp-block-latest-posts__post-title\" href=\"https:\/\/prague.wordcamp.org\/2020\/dario-jazbec-hrvatin\/\">Dario Jazbec Hrvatin<\/a><\/li>\n<li><a class=\"wp-block-latest-posts__post-title\" href=\"https:\/\/prague.wordcamp.org\/2020\/levnejsi-uz-nebudou\/\">Levn\u011bj\u0161\u00ed u\u017e nebudou!<\/a><\/li>\n<li><a class=\"wp-block-latest-posts__post-title\" href=\"https:\/\/prague.wordcamp.org\/2020\/maciej-palmowski\/\">Maciej Palmowski<\/a><\/li>\n<li><a class=\"wp-block-latest-posts__post-title\" href=\"https:\/\/prague.wordcamp.org\/2020\/martin-michalek-bleskurychle-nacteni-webovych-stranek-na-mobilu-i-bez-rychleho-pripojeni-s-technologii-amp-to-neni-sci-fi\/\">Martin Mich\u00e1lek &#8211; Bleskurychl\u00e9 na\u010dten\u00ed webov\u00fdch str\u00e1nek na mobilu i bez rychl\u00e9ho p\u0159ipojen\u00ed? S technologi\u00ed AMP to nen\u00ed Sci-fi<\/a><\/li>\n<li><a class=\"wp-block-latest-posts__post-title\" href=\"https:\/\/prague.wordcamp.org\/2020\/bruno-dirbak-nestuj-a-pojd-do-gutenbergu-s-nastavbou-atomic-blocks\/\">Bruno Dirb\u00e1k &#8211; Nest\u016fj a poj\u010f do Gutenbergu s n\u00e1stavbou Atomic Blocks!<\/a><\/li>\n<li><a class=\"wp-block-latest-posts__post-title\" href=\"https:\/\/prague.wordcamp.org\/2020\/petra-dolejsova-tenisky-po-protancene-noci-do-satny-nepatri\/\">Petra Dolej\u0161ov\u00e1 &#8211; tenisky po protan\u010den\u00e9 noci do \u0161atny nepat\u0159\u00ed!<\/a><\/li>\n<li><a class=\"wp-block-latest-posts__post-title\" href=\"https:\/\/prague.wordcamp.org\/2020\/tomas-kocifaj-vyhlaste-s-nami-boj-spatnym-projektum\/\">Tom\u00e1\u0161 Kocifaj &#8211; Vyhlaste s n\u00e1mi boj \u0161patn\u00fdm projekt\u016fm<\/a><\/li>\n<li><a class=\"wp-block-latest-posts__post-title\" href=\"https:\/\/prague.wordcamp.org\/2020\/jiri-sebek-workshop-migrace-wp\/\">Ji\u0159\u00ed \u0160ebek &#8211; Workshop: Migrace WP<\/a><\/li>\n<li><a class=\"wp-block-latest-posts__post-title\" href=\"https:\/\/prague.wordcamp.org\/2020\/ze-zakulisi-wordcampu-rozhovor-s-organizatory\/\">Ze z\u00e1kulis\u00ed WordCampu: rozhovor s organiz\u00e1tory<\/a><\/li>\n<li><a class=\"wp-block-latest-posts__post-title\" href=\"https:\/\/prague.wordcamp.org\/2020\/eliska-vyhnankova-jak-na-obsahovou-strategii-na-socialnich-sitich\/\">Eli\u0161ka Vyhn\u00e1nkov\u00e1 &#8211; Jak na obsahovou strategii na soci\u00e1ln\u00edch s\u00edt\u00edch<\/a><\/li>\n<li><a class=\"wp-block-latest-posts__post-title\" href=\"https:\/\/prague.wordcamp.org\/2020\/ondrej-ilincev-nedelejte-chyby-ktere-jsem-uz-udelal\/\">Ond\u0159ej Ilin\u010dev &#8211; Ned\u011blejte chyby, kter\u00e9 jsem u\u017e ud\u011blal<\/a><\/li>\n<li><a class=\"wp-block-latest-posts__post-title\" href=\"https:\/\/prague.wordcamp.org\/2020\/marek-cevelicek-nejcastejsi-ux-chyby-na-webech\/\">Marek \u010cevel\u00ed\u010dek &#8211; Nej\u010dast\u011bj\u0161\u00ed UX chyby na webech<\/a><\/li>\n<li><a class=\"wp-block-latest-posts__post-title\" href=\"https:\/\/prague.wordcamp.org\/2020\/call-for-volunteers\/\">Call for volunteers<\/a><\/li>\n<li><a class=\"wp-block-latest-posts__post-title\" href=\"https:\/\/prague.wordcamp.org\/2020\/wordcamp-praha-2020-hleda-dobrovolniky-%ef%bb%bf\/\">WordCamp Praha 2020 hled\u00e1 dobrovoln\u00edky \ufeff<\/a><\/li>\n<li><a class=\"wp-block-latest-posts__post-title\" href=\"https:\/\/prague.wordcamp.org\/2020\/karel-dytrych-tipy-z-praxe-pro-efektivni-organizaci-prace-a-rizeni-projektu\/\">Karel Dytrych &#8211; Tipy z praxe pro efektivn\u00ed organizaci pr\u00e1ce a \u0159\u00edzen\u00ed projekt\u016f<\/a><\/li>\n<li><a class=\"wp-block-latest-posts__post-title\" href=\"https:\/\/prague.wordcamp.org\/2020\/bitcoin-on-woocoomerce-powering-open-commerce-contest-to-win-3-wordcamp-tickets-inside\/\">Bitcoin on WooCoomerce &#8211; Powering Open Commerce [ Contest to win 3 WordCamp tickets inside ]<\/a><\/li>\n<li><a class=\"wp-block-latest-posts__post-title\" href=\"https:\/\/prague.wordcamp.org\/2020\/vanocni-vstupenka\/\">V\u00e1no\u010dn\u00ed vstupenka<\/a><\/li>\n<li><a class=\"wp-block-latest-posts__post-title\" href=\"https:\/\/prague.wordcamp.org\/2020\/learn-how-to-simplify-wordpress-site-management-with-ansible\/\">Learn How to Simplify WordPress Site Management with Ansible<\/a><\/li>\n<li><a class=\"wp-block-latest-posts__post-title\" href=\"https:\/\/prague.wordcamp.org\/2020\/daniel-strelec-wp-psi-100-wtf-tvl-aneb-zrychlujeme-wordpress\/\">Daniel St\u0159elec &#8211; WP PSI 100 WTF TVL! aneb zrychlujeme WordPress<\/a><\/li>\n<li><a class=\"wp-block-latest-posts__post-title\" href=\"https:\/\/prague.wordcamp.org\/2020\/beebyte-is-a-premium-high-performance-hosting-provider-with-a-special-focus-on-wordpress-%ef%bb%bf\/\">Beebyte is a premium high performance hosting provider with a special focus on WordPress \ufeff<\/a><\/li>\n<li><a class=\"wp-block-latest-posts__post-title\" href=\"https:\/\/prague.wordcamp.org\/2020\/program-wordcampu-temer-hotov\/\">Program WordCampu (t\u00e9m\u011b\u0159) hotov!<\/a><\/li>\n<li><a class=\"wp-block-latest-posts__post-title\" href=\"https:\/\/prague.wordcamp.org\/2020\/why-does-weglot-support-wordcamps-and-meetups\/\">Why does Weglot support WordCamps and Meetups?<\/a><\/li>\n<li><a class=\"wp-block-latest-posts__post-title\" href=\"https:\/\/prague.wordcamp.org\/2020\/call-for-speakers\/\">Call for Speakers<\/a><\/li>\n<li><a class=\"wp-block-latest-posts__post-title\" href=\"https:\/\/prague.wordcamp.org\/2020\/v-rijnu-si-rozhodne-nenechte-ujit\/\">V \u0159\u00edjnu si rozhodn\u011b nenechte uj\u00edt&#8230;<\/a><\/li>\n<li><a class=\"wp-block-latest-posts__post-title\" href=\"https:\/\/prague.wordcamp.org\/2020\/vstupenky-v-prodeji-prispevek\/\">Vstupenky v prodeji!<\/a><\/li>\n<li><a class=\"wp-block-latest-posts__post-title\" href=\"https:\/\/prague.wordcamp.org\/2020\/ohlednuti-za-minulym-rocnikem\/\">Ohl\u00e9dnut\u00ed za minul\u00fdm ro\u010dn\u00edkem&#8230;<\/a><\/li>\n<li><a class=\"wp-block-latest-posts__post-title\" href=\"https:\/\/prague.wordcamp.org\/2020\/hledame-speakery\/\">Hled\u00e1me speakery!<\/a><\/li>\n<li><a class=\"wp-block-latest-posts__post-title\" href=\"https:\/\/prague.wordcamp.org\/2020\/save-the-date-prispevek\/\">SAVE THE DATE<\/a><\/li>\n<li><a class=\"wp-block-latest-posts__post-title\" href=\"https:\/\/prague.wordcamp.org\/2020\/call-for-sponsors\/\">Call for Sponsors<\/a><\/li>\n<li><a class=\"wp-block-latest-posts__post-title\" href=\"https:\/\/prague.wordcamp.org\/2020\/hledame-sponzory-prispevek\/\">Hled\u00e1me sponzory<\/a><\/li>\n<\/ul>","protected":false},"excerpt":{"rendered":"<p>I v roce 2020 se m\u016f\u017eete t\u011b\u0161it na WordCamp Praha \u2013 v sobotu 29. \u00fanora 2020. Sejdeme se ve zbrusunov\u00fdch prostorech Cubex Centra na Pankr\u00e1ci. Po sedm\u00e9 pro v\u00e1s otev\u0159eme br\u00e1ny nejv\u011bt\u0161\u00ed WordPress konference v \u010cR. V\u00edt\u00e1ni budou op\u011bt v\u0161ichni, kter\u00fdm WordPress p\u0159irostl k srdci. A je jedno, jestli se v n\u011bm teprve rozkouk\u00e1vaj\u00ed nebo &hellip; <a href=\"https:\/\/prague.wordcamp.org\/2020\/o-akci\/\" class=\"more-link\">Pokra\u010dovat ve \u010dten\u00ed<span class=\"screen-reader-text\"> &#8222;WordCamp Praha 2020&#8220;<\/span><\/a><\/p>\n","protected":false},"author":13079569,"featured_media":0,"parent":0,"menu_order":0,"comment_status":"closed","ping_status":"closed","template":"","meta":{"jetpack_post_was_ever_published":false,"footnotes":""},"class_list":["post-7985","page","type-page","status-publish","hentry"],"jetpack_sharing_enabled":true,"_links":{"self":[{"href":"https:\/\/prague.wordcamp.org\/2020\/wp-json\/wp\/v2\/pages\/7985","targetHints":{"allow":["GET"]}}],"collection":[{"href":"https:\/\/prague.wordcamp.org\/2020\/wp-json\/wp\/v2\/pages"}],"about":[{"href":"https:\/\/prague.wordcamp.org\/2020\/wp-json\/wp\/v2\/types\/page"}],"author":[{"embeddable":true,"href":"https:\/\/prague.wordcamp.org\/2020\/wp-json\/wp\/v2\/users\/13079569"}],"replies":[{"embeddable":true,"href":"https:\/\/prague.wordcamp.org\/2020\/wp-json\/wp\/v2\/comments?post=7985"}],"version-history":[{"count":5,"href":"https:\/\/prague.wordcamp.org\/2020\/wp-json\/wp\/v2\/pages\/7985\/revisions"}],"predecessor-version":[{"id":8162,"href":"https:\/\/prague.wordcamp.org\/2020\/wp-json\/wp\/v2\/pages\/7985\/revisions\/8162"}],"wp:attachment":[{"href":"https:\/\/prague.wordcamp.org\/2020\/wp-json\/wp\/v2\/media?parent=7985"}],"curies":[{"name":"wp","href":"https:\/\/api.w.org\/{rel}","templated":true}]}}