{"id":7960,"date":"2019-07-07T15:56:01","date_gmt":"2019-07-07T15:56:01","guid":{"rendered":"https:\/\/2020.prague.wordcamp.org\/?page_id=7960"},"modified":"2019-09-11T15:16:25","modified_gmt":"2019-09-11T15:16:25","slug":"organizers","status":"publish","type":"page","link":"https:\/\/prague.wordcamp.org\/2020\/en\/organizers\/","title":{"rendered":"Organizers"},"content":{"rendered":"\n<p><strong>Karol\u00edna Vysko\u010dilov\u00e1<\/strong> &#8211; <a href=\"https:\/\/kybernaut.cz\/\"><strong>kybernaut.cz<\/strong><\/a><strong> <\/strong>&#8211; lead organizer (<a href=\"mailto:karolina@kybernaut.cz\">karolina@kybernaut<\/a>, <a href=\"tel:00420737878726\">+420 737 878 726<\/a>)<br><strong>Vladim\u00edr Smitka<\/strong> &#8211; <a href=\"https:\/\/lynt.cz\/\"><strong>lynt.cz<\/strong><\/a>&nbsp;&#8211; accounting (<a href=\"mailto:vladimir.smitka@lynt.cz\">vladimir.smitka@lynt.cz<\/a>)<\/p>\n\n\n\n<p><strong>Jana Ber\u00e1nkov\u00e1<\/strong> &#8211; <a href=\"https:\/\/berankova.cz\/\"><strong>berankova.cz<\/strong><\/a><br><strong>Pavel Cahl\u00edk<\/strong> &#8211; <a href=\"https:\/\/cahlik.cz\/\"><strong>cahlik.cz<\/strong><\/a><strong><br>Michal Janata &#8211; <a href=\"https:\/\/michaljanata.cz\/\">michaljanata.cz<\/a><br>Radek Ku\u010dera &#8211; <a href=\"https:\/\/www.wpmax.cz\/\">wpmax.cz<\/a><br>Adam Laita &#8211; <a href=\"https:\/\/www.laita.cz\/\">laita.cz<\/a><br>Tereza Suchanov\u00e1 &#8211; <a href=\"https:\/\/holkaprovsechno.cz\/\">holkaprovsechno.cz<\/a><br>Jan \u0160t\u011btina &#8211; <a href=\"https:\/\/zaantar.eu\/\">zaantar.eu<\/a><br>Pavel Urb\u00e1nek &#8211; <a href=\"https:\/\/www.wp-hosting.cz\/\">wp-hosting.cz<\/a><br>Iveta Zlatn\u00ed\u010dkov\u00e1 &#8211; <a href=\"https:\/\/www.linkedin.com\/in\/iveta-zlatn%C3%AD%C4%8Dkov%C3%A1-874879162\/\">linkedin.com\/in\/iveta-zlatn\u00ed\u010dkov\u00e1-874879162<\/a><\/strong><\/p>\n","protected":false},"excerpt":{"rendered":"<p>Karol\u00edna Vysko\u010dilov\u00e1 &#8211; kybernaut.cz &#8211; lead organizer (karolina@kybernaut, +420 737 878 726)Vladim\u00edr Smitka &#8211; lynt.cz&nbsp;&#8211; accounting (vladimir.smitka@lynt.cz) Jana Ber\u00e1nkov\u00e1 &#8211; berankova.czPavel Cahl\u00edk &#8211; cahlik.czMichal Janata &#8211; michaljanata.czRadek Ku\u010dera &#8211; wpmax.czAdam Laita &#8211; laita.czTereza Suchanov\u00e1 &#8211; holkaprovsechno.czJan \u0160t\u011btina &#8211; zaantar.euPavel Urb\u00e1nek &#8211; wp-hosting.czIveta Zlatn\u00ed\u010dkov\u00e1 &#8211; linkedin.com\/in\/iveta-zlatn\u00ed\u010dkov\u00e1-874879162<\/p>\n","protected":false},"author":13079569,"featured_media":0,"parent":7894,"menu_order":0,"comment_status":"closed","ping_status":"closed","template":"","meta":{"jetpack_post_was_ever_published":false,"footnotes":""},"class_list":["post-7960","page","type-page","status-publish","hentry"],"jetpack_sharing_enabled":true,"_links":{"self":[{"href":"https:\/\/prague.wordcamp.org\/2020\/wp-json\/wp\/v2\/pages\/7960","targetHints":{"allow":["GET"]}}],"collection":[{"href":"https:\/\/prague.wordcamp.org\/2020\/wp-json\/wp\/v2\/pages"}],"about":[{"href":"https:\/\/prague.wordcamp.org\/2020\/wp-json\/wp\/v2\/types\/page"}],"author":[{"embeddable":true,"href":"https:\/\/prague.wordcamp.org\/2020\/wp-json\/wp\/v2\/users\/13079569"}],"replies":[{"embeddable":true,"href":"https:\/\/prague.wordcamp.org\/2020\/wp-json\/wp\/v2\/comments?post=7960"}],"version-history":[{"count":2,"href":"https:\/\/prague.wordcamp.org\/2020\/wp-json\/wp\/v2\/pages\/7960\/revisions"}],"predecessor-version":[{"id":8217,"href":"https:\/\/prague.wordcamp.org\/2020\/wp-json\/wp\/v2\/pages\/7960\/revisions\/8217"}],"up":[{"embeddable":true,"href":"https:\/\/prague.wordcamp.org\/2020\/wp-json\/wp\/v2\/pages\/7894"}],"wp:attachment":[{"href":"https:\/\/prague.wordcamp.org\/2020\/wp-json\/wp\/v2\/media?parent=7960"}],"curies":[{"name":"wp","href":"https:\/\/api.w.org\/{rel}","templated":true}]}}