{"id":7894,"date":"2019-06-20T06:49:32","date_gmt":"2019-06-20T06:49:32","guid":{"rendered":"https:\/\/2020.prague.wordcamp.org\/?page_id=7894"},"modified":"2019-11-01T11:38:15","modified_gmt":"2019-11-01T10:38:15","slug":"en","status":"publish","type":"page","link":"https:\/\/prague.wordcamp.org\/2020\/en\/","title":{"rendered":"English"},"content":{"rendered":"\n<p>Welcome to WordCamp Prague \u2013&nbsp;the biggest WordPress conference in the Czech Republic. We are looking forward to seeing all&nbsp;WordPress fans, end users and developers! The conference will be held on <strong>Saturday 29th February 2020<\/strong> in <a rel=\"noreferrer noopener\" target=\"_blank\" href=\"https:\/\/www.cubexcentrum.cz\/\">Cubex Center<\/a>.<\/p>\n\n\n\n<p><a href=\"https:\/\/central.wordcamp.org\/about\/\">WordCamps<\/a> are informal, community-organized events that are put together by WordPress users like you. Everyone from casual users to core developers participate, share ideas, and get to know each other.<\/p>\n\n\n\n<div style=\"height:20px\" aria-hidden=\"true\" class=\"wp-block-spacer\"><\/div>\n\n\n\n<div class=\"wp-block-button aligncenter\"><a class=\"wp-block-button__link has-background\" href=\"https:\/\/www.wordcamppraha.cz\/buy-tickets\/\" style=\"background-color:#cb032b\">Buy tickets<\/a><\/div>\n\n\n\n<div class=\"wp-block-button aligncenter\"><a class=\"wp-block-button__link\" href=\"https:\/\/2020.prague.wordcamp.org\/2019\/07\/15\/call-for-sponsors\/\">Become a sponsor<\/a><\/div>\n\n\n\n<div style=\"height:30px\" aria-hidden=\"true\" class=\"wp-block-spacer\"><\/div>\n\n\n\n<p class=\"has-background has-very-light-gray-background-color\">We&#8217;ll publish more details in upcoming months regarding the talks, workshops and another program. <\/p>\n\n\n\n<p class=\"has-background has-very-light-gray-background-color wc-hidden\">Would you like to participate and contribute with a<strong> talk<\/strong> <strong>or a workshop<\/strong>? Do you have an interesting <strong>case study<\/strong>, we shouldn&#8217;t miss? If the answer is yes, <a href=\"mailto:speaker@wordcamppraha.cz\">let us know<\/a>, and we&#8217;ll get to touch. <\/p>\n\n\n\n<h2 class=\"wp-block-heading\">Articles in English<\/h2>\n\n\n<ul class=\"wp-block-latest-posts__list wp-block-latest-posts\"><li><a class=\"wp-block-latest-posts__post-title\" href=\"https:\/\/prague.wordcamp.org\/2020\/meet-impromptme-your-personal-event-assistant\/\">Meet ImpromptMe: your personal event assistant<\/a><\/li>\n<li><a class=\"wp-block-latest-posts__post-title\" href=\"https:\/\/prague.wordcamp.org\/2020\/anja-deubzer-and-fabian-kagy\/\">Anja Deubzer and Fabian K\u00e4gy<\/a><\/li>\n<li><a class=\"wp-block-latest-posts__post-title\" href=\"https:\/\/prague.wordcamp.org\/2020\/magdalena-paciorek\/\">Magdalena Paciorek<\/a><\/li>\n<li><a class=\"wp-block-latest-posts__post-title\" href=\"https:\/\/prague.wordcamp.org\/2020\/wpsec-the-most-comprehensive-wordpress-vulnerability-scanner\/\">WPSec \u2014 The Most Comprehensive WordPress Vulnerability Scanner<\/a><\/li>\n<li><a class=\"wp-block-latest-posts__post-title\" href=\"https:\/\/prague.wordcamp.org\/2020\/how-to-use-wordcamps-to-promote-your-business\/\">How to use WordCamps to promote your business<\/a><\/li>\n<li><a class=\"wp-block-latest-posts__post-title\" href=\"https:\/\/prague.wordcamp.org\/2020\/denis-zoljom\/\">Denis \u017doljom \u2013 meet a representative of the Theme Review Team at wordpress.org<\/a><\/li>\n<li><a class=\"wp-block-latest-posts__post-title\" href=\"https:\/\/prague.wordcamp.org\/2020\/ivan-yordanov\/\">Ivan Yordanov \u2013 save your time and automate!<\/a><\/li>\n<li><a class=\"wp-block-latest-posts__post-title\" href=\"https:\/\/prague.wordcamp.org\/2020\/kamil-porembinski\/\">Kamil Porembi\u0144ski \u2013 disproving the myths about WordPress<\/a><\/li>\n<li><a class=\"wp-block-latest-posts__post-title\" href=\"https:\/\/prague.wordcamp.org\/2020\/fellyph-cintra-amp-is-an-interesting-option-to-create-a-web-application\/\">Fellyph Cintra \u2013 AMP is an interesting option to create a web application<\/a><\/li>\n<li><a class=\"wp-block-latest-posts__post-title\" href=\"https:\/\/prague.wordcamp.org\/2020\/what-can-anydesk-do-for-the-wordpress-community\/\">What Can AnyDesk Do for the WordPress Community?<\/a><\/li>\n<li><a class=\"wp-block-latest-posts__post-title\" href=\"https:\/\/prague.wordcamp.org\/2020\/dario-jazbec-hrvatin\/\">Dario Jazbec Hrvatin<\/a><\/li>\n<li><a class=\"wp-block-latest-posts__post-title\" href=\"https:\/\/prague.wordcamp.org\/2020\/maciej-palmowski\/\">Maciej Palmowski<\/a><\/li>\n<li><a class=\"wp-block-latest-posts__post-title\" href=\"https:\/\/prague.wordcamp.org\/2020\/bitcoin-on-woocoomerce-powering-open-commerce-contest-to-win-3-wordcamp-tickets-inside\/\">Bitcoin on WooCoomerce &#8211; Powering Open Commerce [ Contest to win 3 WordCamp tickets inside ]<\/a><\/li>\n<li><a class=\"wp-block-latest-posts__post-title\" href=\"https:\/\/prague.wordcamp.org\/2020\/learn-how-to-simplify-wordpress-site-management-with-ansible\/\">Learn How to Simplify WordPress Site Management with Ansible<\/a><\/li>\n<li><a class=\"wp-block-latest-posts__post-title\" href=\"https:\/\/prague.wordcamp.org\/2020\/beebyte-is-a-premium-high-performance-hosting-provider-with-a-special-focus-on-wordpress-%ef%bb%bf\/\">Beebyte is a premium high performance hosting provider with a special focus on WordPress \ufeff<\/a><\/li>\n<li><a class=\"wp-block-latest-posts__post-title\" href=\"https:\/\/prague.wordcamp.org\/2020\/why-does-weglot-support-wordcamps-and-meetups\/\">Why does Weglot support WordCamps and Meetups?<\/a><\/li>\n<li><a class=\"wp-block-latest-posts__post-title\" href=\"https:\/\/prague.wordcamp.org\/2020\/call-for-speakers\/\">Call for Speakers<\/a><\/li>\n<li><a class=\"wp-block-latest-posts__post-title\" href=\"https:\/\/prague.wordcamp.org\/2020\/call-for-sponsors\/\">Call for Sponsors<\/a><\/li>\n<\/ul>","protected":false},"excerpt":{"rendered":"<p>Welcome to WordCamp Prague \u2013&nbsp;the biggest WordPress conference in the Czech Republic. We are looking forward to seeing all&nbsp;WordPress fans, end users and developers! The conference will be held on Saturday 29th February 2020 in Cubex Center. WordCamps are informal, community-organized events that are put together by WordPress users like you. Everyone from casual users &hellip; <a href=\"https:\/\/prague.wordcamp.org\/2020\/en\/\" class=\"more-link\">Pokra\u010dovat ve \u010dten\u00ed<span class=\"screen-reader-text\"> &#8222;English&#8220;<\/span><\/a><\/p>\n","protected":false},"author":13079569,"featured_media":0,"parent":0,"menu_order":0,"comment_status":"closed","ping_status":"closed","template":"","meta":{"jetpack_post_was_ever_published":false,"footnotes":""},"class_list":["post-7894","page","type-page","status-publish","hentry"],"jetpack_sharing_enabled":true,"_links":{"self":[{"href":"https:\/\/prague.wordcamp.org\/2020\/wp-json\/wp\/v2\/pages\/7894","targetHints":{"allow":["GET"]}}],"collection":[{"href":"https:\/\/prague.wordcamp.org\/2020\/wp-json\/wp\/v2\/pages"}],"about":[{"href":"https:\/\/prague.wordcamp.org\/2020\/wp-json\/wp\/v2\/types\/page"}],"author":[{"embeddable":true,"href":"https:\/\/prague.wordcamp.org\/2020\/wp-json\/wp\/v2\/users\/13079569"}],"replies":[{"embeddable":true,"href":"https:\/\/prague.wordcamp.org\/2020\/wp-json\/wp\/v2\/comments?post=7894"}],"version-history":[{"count":13,"href":"https:\/\/prague.wordcamp.org\/2020\/wp-json\/wp\/v2\/pages\/7894\/revisions"}],"predecessor-version":[{"id":8530,"href":"https:\/\/prague.wordcamp.org\/2020\/wp-json\/wp\/v2\/pages\/7894\/revisions\/8530"}],"wp:attachment":[{"href":"https:\/\/prague.wordcamp.org\/2020\/wp-json\/wp\/v2\/media?parent=7894"}],"curies":[{"name":"wp","href":"https:\/\/api.w.org\/{rel}","templated":true}]}}