{"id":4693,"date":"2018-11-27T16:20:48","date_gmt":"2018-11-27T15:20:48","guid":{"rendered":"https:\/\/2019.prague.wordcamp.org\/?page_id=4693"},"modified":"2019-02-14T17:20:48","modified_gmt":"2019-02-14T16:20:48","slug":"wordcamp-prague-2019","status":"publish","type":"page","link":"https:\/\/prague.wordcamp.org\/2019\/wordcamp-prague-2019\/","title":{"rendered":"WordCamp Prague 2019"},"content":{"rendered":"\r\n<h2><strong>10 presentations<\/strong>, <strong>2 case studies, 2 workshops and 3 english speakers<\/strong><\/h2>\r\n\r\n\r\n\r\n<p>Welcome to WordCamp &#8211; <strong>the biggest WordPress conference in Czech Republic<\/strong>. We are looking forward to see all\u00a0WordPress fans, end users and developers. This year, English speakers will be involved in the program. When and where?\u00a0<\/p>\r\n<p style=\"text-align: center\"><strong>23rd of February 2019<\/strong>, <b><a href=\"https:\/\/goo.gl\/maps\/AQZtxzmXRFD2\">The University of Economics in Prague<\/a>.<\/b><\/p>\r\n<p>\r\n\r\n<\/p>\r\n<h3><strong>Program<\/strong><\/h3>\r\n<p>\r\n\r\n<\/p>\r\n<p>Presentations will be in traditional way. Get ready to enjoy the presentation of\u00a0<a href=\"\/prednasejici\/#wcorg-speaker-dario-jazbec-hrvatin\"><strong>Dario Jazbec Hrvatin<\/strong><\/a>,\u00a0<a href=\"\/prednasejici\/#wcorg-speaker-fellyph-cintra\"><strong>Fellyph Cintra<\/strong><\/a>\u00a0or <strong><a href=\"https:\/\/2019.prague.wordcamp.org\/prednasejici\/#wcorg-speaker-rodolfo-melogli\">Rodolfo Melogli<\/a><\/strong>.<\/p>\r\n<p>\r\n\r\n<\/p>\r\n<h3><strong>For users<\/strong><\/h3>\r\n<p>\r\n\r\n<\/p>\r\n<p>The first line of presentations will be dedicated mainly to bloggers, editors, administrators or WordPress end users. It will focus on UX, SEO, Copywriting and often neglected security.<\/p>\r\n<p>\r\n\r\n<\/p>\r\n<h3><strong>For developers<\/strong><\/h3>\r\n<p>\r\n\r\n<\/p>\r\n<p>The second\u00a0line of presentations will go deep into WordPress problematics and will be suitable mainly for programmers or advanced end users.<\/p>\r\n<p>\r\n\r\n<\/p>\r\n<h3><strong>Afterparty<\/strong><\/h3>\r\n<p>\r\n\r\n<\/p>\r\n<p>The day full of presentations will be finished with afterparty where you can socialize with great new people and form useful bonds.<\/p>\r\n<p>\r\n\r\n<\/p>\r\n<h3><strong>Social media<\/strong><\/h3>\r\n<p>\r\n\r\n<\/p>\r\n<ul class=\"wp-block-list\">\r\n<li>Tweet with hashtag\u00a0<strong>#wordcamppraha <\/strong>or follow us on\u00a0<a href=\"https:\/\/twitter.com\/WordCampPraha\">@WordCampPraha<\/a>.<\/li>\r\n<li>Try the <a href=\"https:\/\/wpcz.slack.com\/\">Slack<\/a> of Czech WordPress community.<\/li>\r\n<\/ul>\r\n<h3>Sponsors<\/h3>\r\n<p>Support our community, we offer several levels of sponsorship. For more details look at <a href=\"\/files\/2019\/01\/sponsorship_of_wordcamp_prague_2019.pdf\" target=\"_blank\" rel=\"noopener\">sponsorship of WordCamp Prague 2019.<\/a><\/p>\r\n<p>Since this event is non &#8211; profit the aknowledgement for the organisation of <a href=\"https:\/\/naswp.cz\/\" target=\"_blank\" rel=\"noopener\">this conferences<\/a> goes to the <a href=\"\/organizatori\/\">organisers<\/a> and sponsors.<\/p>\r\n<p><\/p>\r\n<h3>Main partners<\/h3>\r\n<div class=\"row logos\"><a href=\"https:\/\/www.vse.cz\/\" target=\"_blank\" rel=\"noopener\"><img decoding=\"async\" src=\"\/files\/2019\/01\/logo_vse.png\" alt=\"logo vse\" \/><\/a> <a href=\"https:\/\/anydesk.cz\/\" target=\"_blank\" rel=\"noopener\"><img decoding=\"async\" src=\"\/files\/2019\/02\/anydesk_logo.png\" alt=\"logo anydesk\" \/><\/a><\/div>\r\n<h3>Gold sponsors<\/h3>\r\n<div class=\"row logos\"><a href=\"https:\/\/jetpack.com\/\" target=\"_blank\" rel=\"noopener\"><img decoding=\"async\" src=\"\/files\/2018\/11\/logo-jetpack-300x82.png\" alt=\"logo jetpack\" \/><\/a> <a href=\"https:\/\/woocommerce.com\/\" target=\"_blank\" rel=\"noopener\"><img decoding=\"async\" src=\"\/files\/2017\/12\/woocommerce_logo-300x60.png\" alt=\"logo woocommerce\" \/><\/a><a href=\"https:\/\/www.wp-hosting.cz\/\" target=\"_blank\" rel=\"noopener\"><img decoding=\"async\" src=\"\/files\/2018\/11\/wphosting.png\" alt=\"logo-wphosting\" \/><\/a><\/div>\r\n<h3>Silver sponsors<\/h3>\r\n<div class=\"row logos\"><a href=\"https:\/\/uk.godaddy.com\/\" target=\"_blank\" rel=\"noopener\"><img decoding=\"async\" src=\"\/files\/2018\/07\/GoDaddy_Pro_RGB_Full_B2.png\" alt=\"logo godaddy\" \/><\/a> <a href=\"https:\/\/www.bluehost.com\/\" target=\"_blank\" rel=\"noopener\"><img decoding=\"async\" src=\"\/files\/2018\/07\/bh_logo_2015.png\" alt=\"logo bluehost\" \/><\/a> <a href=\"https:\/\/www.active24.cz\/\" target=\"_blank\" rel=\"noopener\"><img decoding=\"async\" src=\"\/files\/2018\/11\/logo-active24.png\" alt=\"logo active24\" \/><\/a> <a href=\"https:\/\/www.simpleshop.cz\/vstupenky\/\" target=\"_blank\" rel=\"noopener\"><img decoding=\"async\" src=\"\/files\/2018\/11\/simple.png\" alt=\"logo simpleticket\" \/><\/a><\/div>\r\n<h3>Bronze sponsor<\/h3>\r\n<div class=\"row logos\"><a href=\"https:\/\/lynt.cz\" target=\"_blank\" rel=\"noopener\"><img decoding=\"async\" src=\"\/files\/2018\/12\/lynt-logo.png\" alt=\"lynt logo\" \/><\/a><a href=\"https:\/\/www.brilo.cz\/\" target=\"_blank\" rel=\"noopener\"><img decoding=\"async\" src=\"\/files\/2019\/01\/logo_brilo.png\" alt=\"brilo logo\" \/><\/a><a href=\"https:\/\/weglot.com\/\" target=\"_blank\" rel=\"noopener\"><img decoding=\"async\" src=\"\/files\/2018\/12\/Weglot-logo.png\" alt=\"weglot logo\" \/><\/a> <a href=\"https:\/\/www.seo-liberec.cz\/\" target=\"_blank\" rel=\"noopener\"><img decoding=\"async\" src=\"\/files\/2019\/01\/im-connect.png\" alt=\"im-connect logo\" \/><\/a><a href=\"https:\/\/www.spolehlive-servery.cz\/\" target=\"_blank\" rel=\"noopener\"><img decoding=\"async\" src=\"\/files\/2019\/02\/logo-spolehlive-servery.png\" alt=\"spolehlive-servery logo\" \/><\/a> <a href=\"https:\/\/www.cesky-hosting.cz\/\" target=\"_blank\" rel=\"noopener\"><img decoding=\"async\" src=\"\/files\/2019\/02\/logo-cesky-hosting.png\" alt=\"cesky-hosting logo\" \/><\/a><a href=\"https:\/\/impromptme.com\/\" target=\"_blank\" rel=\"noopener\"><img decoding=\"async\" src=\"\/files\/2019\/02\/ime-logo.png\" alt=\"ime logo\" \/><\/a><\/div>\r\n<h3>Media partners<\/h3>\r\n<div class=\"row logos\"><a href=\"https:\/\/www.zive.cz\/\" target=\"_blank\" rel=\"noopener\"><img decoding=\"async\" src=\"\/files\/2018\/12\/zive.jpeg\" alt=\"zive logo\" \/><\/a> <a href=\"https:\/\/www.czechitas.cz\/cs\/\" target=\"_blank\" rel=\"noopener\"><img decoding=\"async\" src=\"\/files\/2018\/12\/czechitas.png\" alt=\"czechitas logo\" \/><\/a> <a href=\"https:\/\/www.svetandroida.cz\/\" target=\"_blank\" rel=\"noopener\"><img decoding=\"async\" src=\"\/files\/2019\/01\/logo-svetandroida.png\" alt=\"svetandroida logo\" \/><\/a><a href=\"https:\/\/www.zdrojak.cz\/\" target=\"_blank\" rel=\"noopener\"><img decoding=\"async\" src=\"\/files\/2019\/01\/logo_zdrojak.png\" alt=\"zdrojak logo\" \/><\/a><a href=\"https:\/\/smartmania.cz\/\" target=\"_blank\" rel=\"noopener\"><img decoding=\"async\" src=\"\/files\/2019\/01\/logo_smartmania.png\" alt=\"smartmania logo\" \/><\/a><a href=\"https:\/\/mobilizujeme.cz\/\" target=\"_blank\" rel=\"noopener\"><img decoding=\"async\" src=\"\/files\/2019\/01\/logo_mobilizujeme.png\" alt=\"mobilizujeme logo\" \/><\/a><a href=\"https:\/\/www.freelo.cz\/\" target=\"_blank\" rel=\"noopener\"><img decoding=\"async\" src=\"\/files\/2019\/01\/logo_freelo.png\" alt=\"freelo logo\" \/><\/a><a href=\"https:\/\/www.luxus.cz\/\" target=\"_blank\" rel=\"noopener\"><img decoding=\"async\" src=\"\/files\/2018\/12\/luxus-logo.png\" alt=\"luxus logo\" \/><\/a><\/div>\r\n<h3>Other sponsors<\/h3>\r\n<p><a href=\"http:\/\/tondapatek.cz\/\" target=\"_blank\" rel=\"noopener\">Tonda P\u00e1tek &#8211; Graphic Designer<\/a><br \/><a href=\"https:\/\/www.wpjakub.cz\/\" target=\"_blank\" rel=\"noopener\">Jakub Kade\u0159\u00e1vek &#8211; WP Web Designer<\/a><br \/><a href=\"https:\/\/www.laita.cz\/\" target=\"_blank\" rel=\"noopener\">Adam Laita \u2013 WP Specialist \/ Front-End Coder<\/a><br \/><a href=\"https:\/\/kybernaut.cz\/\">Karol\u00edna Vysko\u010dilov\u00e1 &#8211;\u00a0WP and WooCommerce Programmer\u00a0and Consultant<\/a><br \/><a href=\"https:\/\/cahlik.cz\/\" target=\"_blank\" rel=\"noopener\">Pavel Cahl\u00edk &#8211;\u00a0Brand Specialist and Strategist<\/a><br \/><a href=\"https:\/\/marekpech.cz\/\" target=\"_blank\" rel=\"noopener\">Marek Pech &#8211; PPC Specialist<\/a><br \/><a href=\"https:\/\/www.rostoucinabytek.com\/\" target=\"_blank\" rel=\"noopener\">Rostouc\u00edN\u00e1bytek.com\u00a0&#8211; WP + WooCommerce E-shop<\/a><br \/><a href=\"https:\/\/dimensiongroup.cz\/\" target=\"_blank\" rel=\"noopener\">dimensiongroup.cz\u00a0&#8211; Visual branding studio<\/a><br \/><a href=\"https:\/\/jurosko.sk\/\" target=\"_blank\" rel=\"noopener\">jurosko.sk\u00a0&#8211; blog about WordPress<\/a><br \/><a href=\"https:\/\/www.mobiloud.com\/\" target=\"_blank\" rel=\"noopener\">mobiloud.com\u00a0&#8211; Convert WP websites into mobile apps for iOS and Android.<\/a><\/p>","protected":false},"excerpt":{"rendered":"<p>10 presentations, 2 case studies, 2 workshops and 3 english speakers Welcome to WordCamp &#8211; the biggest WordPress conference in Czech Republic. We are looking forward to see all\u00a0WordPress fans, end users and developers. This year, English speakers will be involved in the program. When and where?\u00a0 23rd of February 2019, The University of Economics &hellip; <a href=\"https:\/\/prague.wordcamp.org\/2019\/wordcamp-prague-2019\/\" class=\"more-link\">Pokra\u010dov\u00e1n\u00ed textu <span class=\"screen-reader-text\">WordCamp Prague 2019<\/span><\/a><\/p>\n","protected":false},"author":9292185,"featured_media":0,"parent":0,"menu_order":0,"comment_status":"closed","ping_status":"closed","template":"","meta":{"jetpack_post_was_ever_published":false,"footnotes":""},"class_list":["post-4693","page","type-page","status-publish","hentry"],"jetpack_sharing_enabled":true,"jetpack_shortlink":"https:\/\/wp.me\/Pab3ys-1dH","_links":{"self":[{"href":"https:\/\/prague.wordcamp.org\/2019\/wp-json\/wp\/v2\/pages\/4693","targetHints":{"allow":["GET"]}}],"collection":[{"href":"https:\/\/prague.wordcamp.org\/2019\/wp-json\/wp\/v2\/pages"}],"about":[{"href":"https:\/\/prague.wordcamp.org\/2019\/wp-json\/wp\/v2\/types\/page"}],"author":[{"embeddable":true,"href":"https:\/\/prague.wordcamp.org\/2019\/wp-json\/wp\/v2\/users\/9292185"}],"replies":[{"embeddable":true,"href":"https:\/\/prague.wordcamp.org\/2019\/wp-json\/wp\/v2\/comments?post=4693"}],"version-history":[{"count":51,"href":"https:\/\/prague.wordcamp.org\/2019\/wp-json\/wp\/v2\/pages\/4693\/revisions"}],"predecessor-version":[{"id":5811,"href":"https:\/\/prague.wordcamp.org\/2019\/wp-json\/wp\/v2\/pages\/4693\/revisions\/5811"}],"wp:attachment":[{"href":"https:\/\/prague.wordcamp.org\/2019\/wp-json\/wp\/v2\/media?parent=4693"}],"curies":[{"name":"wp","href":"https:\/\/api.w.org\/{rel}","templated":true}]}}