{"id":4427,"date":"2018-10-28T21:45:45","date_gmt":"2018-10-28T20:45:45","guid":{"rendered":"https:\/\/2019.prague.wordcamp.org\/?page_id=4427"},"modified":"2019-11-06T11:40:35","modified_gmt":"2019-11-06T10:40:35","slug":"wordcamp-praha-2019","status":"publish","type":"page","link":"https:\/\/prague.wordcamp.org\/2019\/","title":{"rendered":"WordCamp Praha 2019"},"content":{"rendered":"<p>WordCamp Praha 2019 je za n\u00e1mi, <a href=\"https:\/\/2019.prague.wordcamp.org\/wordcamp-praha-2019-ocima-organizatoru\/\">p\u0159e\u010dt\u011bte si<\/a>, jak\u00fd byl anebo se m\u016f\u017eete za\u010d\u00edt t\u011b\u0161it na ten p\u0159\u00ed\u0161t\u00ed.<\/p>\n<p><a class=\"btn-pozvanka\" style=\"text-align: center\" href=\"https:\/\/2020.prague.wordcamp.org\" target=\"_blank\" rel=\"noopener noreferrer\"><span style=\"color: #fff\">P\u0159ej\u00edt na WordCamp Praha 2020<\/span><\/a><\/p>\n<hr \/>\n<h2>10 p\u0159edn\u00e1\u0161ek, 2 p\u0159\u00edpadov\u00e9 studie a 2 workshopy<\/h2>\n<p>P\u0159ij\u010fte na 6. ro\u010dn\u00edk WordCampu &#8211; <strong>nejv\u011bt\u0161\u00ed konferenci o WordPressu v \u010cR<\/strong>. T\u011b\u0161\u00edme se na v\u0161echny fanou\u0161ky, u\u017eivatele i v\u00fdvoj\u00e1\u0159e. Kdy a kde?<\/p>\n<p style=\"text-align: center\"><strong>23. 2. 2019<\/strong>, <strong>V\u0160E v Praze<\/strong><\/p>\n<p><em>Jak prob\u00edhal WordCamp 2018:<\/em><\/p>\n<div class=\"jetpack-video-wrapper\"><span class=\"embed-youtube\" style=\"text-align:center; display: block;\"><iframe loading=\"lazy\" class=\"youtube-player\" width=\"660\" height=\"372\" src=\"https:\/\/www.youtube.com\/embed\/pHx3uhkO5uU?version=3&#038;rel=1&#038;showsearch=0&#038;showinfo=1&#038;iv_load_policy=1&#038;fs=1&#038;hl=cs-CZ&#038;autohide=2&#038;wmode=transparent\" allowfullscreen=\"true\" style=\"border:0;\" sandbox=\"allow-scripts allow-same-origin allow-popups allow-presentation allow-popups-to-escape-sandbox\"><\/iframe><\/span><\/div>\n<h3>Program<\/h3>\n<p><span style=\"font-weight: 400\">Koncept p\u0159edn\u00e1\u0161ek pro v\u00e1s chyst\u00e1me v tradi\u010dn\u00edm duchu.U\u017e te\u010f p\u0159edn\u00e1\u0161ku p\u0159isl\u00edbila zn\u00e1m\u00e1 jm\u00e9na jako nap\u0159\u00edklad <\/span><b>Pavel Ungr<\/b><span style=\"font-weight: 400\">, <\/span><b>Petra Dolej\u0161ov\u00e1<\/b><span style=\"font-weight: 400\">, <\/span><b>Ond\u0159ej Ilin\u010dev<\/b><span style=\"font-weight: 400\">, <\/span><b>Jan Bien<\/b><span style=\"font-weight: 400\"> nebo <\/span><b>Borek Bernard. <\/b><span style=\"font-weight: 400\">\u00a0<\/span><\/p>\n<div align=\"center\"><a class=\"btn-pozvanka\" href=\"\/program\/\"><span style=\"color: #fff\">Prohl\u00e9dnout program<\/span><\/a><\/div>\n<h3>Pro u\u017eivatele<\/h3>\n<p>Jedna vlna p\u0159edn\u00e1\u0161ek bude v\u011bnov\u00e1na hlavn\u011b v\u0161em blogger\u016fm, redaktor\u016fm, spr\u00e1vc\u016fm \u010di p\u0159\u00edle\u017eitostn\u00fdm u\u017eivatel\u016fm WordPress web\u016f. Bude se zab\u00fdvat UX, SEO, copywritingem nebo opom\u00edjenou bezpe\u010dnost\u00ed.<\/p>\n<h3><strong>Pro v\u00fdvoj\u00e1\u0159e<\/strong><\/h3>\n<p>Druh\u00e1 vlna p\u016fjde v\u00edce do hloubky WordPressu a bude vhodn\u00e1 pro program\u00e1tory \u010di pokro\u010dil\u00e9 u\u017eivatele.<\/p>\n<h3>Afterparty<\/h3>\n<p>Po cel\u00e9m dnu to bude cht\u00edt po\u0159\u00e1dn\u011b zap\u00edt. Proto se m\u016f\u017eete t\u011b\u0161it i na navazuj\u00edc\u00ed afterparty, kde pozn\u00e1te skv\u011bl\u00e9 lidi a u\u017eite\u010dn\u00e9 kontakty.<\/p>\n<h3>Soci\u00e1ln\u00ed s\u00edt\u011b<\/h3>\n<ul>\n<li>Mrkn\u011bte na <a href=\"https:\/\/www.facebook.com\/wordpresscr\/\">facebookov\u00e9 str\u00e1nky<\/a> \u010desk\u00e9 WordPress komunity<\/li>\n<li>Tweetujte s hashtagem\u00a0<strong>#wordcamppraha\u00a0<\/strong>a sledujte \u00fa\u010det\u00a0<a href=\"https:\/\/twitter.com\/WordCampPraha\">@WordCampPraha <\/a><\/li>\n<li>Vyu\u017e\u00edvejte <a href=\"https:\/\/wpcz.slack.com\">Slack<\/a> \u010desk\u00e9 WordPress komunity (v\u00edce o Slacku naleznete v <a href=\"\/wordcamp-na-slacku\/\">tomto\u00a0\u010dl\u00e1nku<\/a>)<\/li>\n<\/ul>\n<hr \/>\n<h3>Sponzo\u0159i<\/h3>\n<p>Podpo\u0159te na\u0161i komunitu, nab\u00edz\u00edme hned n\u011bkolik \u00farovn\u00ed sponzorstv\u00ed. Detaily naleznete v dokumentu\u00a0<a href=\"\/files\/2018\/11\/sponzoring_wordcamp_prague_2019.pdf\" target=\"_blank\" rel=\"noopener noreferrer\">Sponzorstv\u00ed WordCamp Prague 2019<\/a>.<\/p>\n<p>Jeliko\u017e je akce neziskov\u00e1, tak za po\u0159\u00e1d\u00e1n\u00ed podobn\u00fdch <a href=\"http:\/\/naswp.cz\/\">komunitn\u00edch WordPress akc\u00ed<\/a> m\u016f\u017eete pod\u011bkovat p\u0159edev\u0161\u00edm <a href=\"\/organizatori\/\">organiz\u00e1tor\u016fm<\/a> a sponzor\u016fm.<\/p>\n<h3>Hlavn\u00ed partne\u0159i<\/h3>\n<div class=\"row logos\"><a href=\"https:\/\/www.vse.cz\/\" target=\"_blank\" rel=\"noopener noreferrer\"><img decoding=\"async\" src=\"\/files\/2019\/01\/logo_vse.png\" alt=\"logo vse\" \/><\/a><br \/>\n<a href=\"https:\/\/anydesk.cz\/\" target=\"_blank\" rel=\"noopener noreferrer\"><img decoding=\"async\" src=\"\/files\/2019\/02\/anydesk_logo.png\" alt=\"logo anydesk\" \/><\/a><\/div>\n<h3>Zlat\u00ed sponzo\u0159i<\/h3>\n<div class=\"row logos\"><a href=\"https:\/\/jetpack.com\/\" target=\"_blank\" rel=\"noopener noreferrer\"><img decoding=\"async\" src=\"\/files\/2018\/11\/logo-jetpack-300x82.png\" alt=\"logo jetpack\" \/><\/a><br \/>\n<a href=\"https:\/\/woocommerce.com\/\" target=\"_blank\" rel=\"noopener noreferrer\"><img decoding=\"async\" src=\"\/files\/2017\/12\/woocommerce_logo-300x60.png\" alt=\"logo woocommerce\" \/><\/a><a href=\"https:\/\/www.wp-hosting.cz\/\" target=\"_blank\" rel=\"noopener noreferrer\"><img decoding=\"async\" src=\"\/files\/2018\/11\/wphosting.png\" alt=\"logo-wphosting\" \/><\/a><\/div>\n<h3>St\u0159\u00edbrn\u00ed sponzo\u0159i<\/h3>\n<div class=\"row logos\"><a href=\"https:\/\/uk.godaddy.com\/\" target=\"_blank\" rel=\"noopener noreferrer\"><img decoding=\"async\" src=\"\/files\/2018\/07\/GoDaddy_Pro_RGB_Full_B2.png\" alt=\"logo godaddy\" \/><\/a><br \/>\n<a href=\"https:\/\/www.bluehost.com\/\" target=\"_blank\" rel=\"noopener noreferrer\"><img decoding=\"async\" src=\"\/files\/2018\/07\/bh_logo_2015.png\" alt=\"logo bluehost\" \/><\/a><br \/>\n<a href=\"https:\/\/www.active24.cz\/\" target=\"_blank\" rel=\"noopener noreferrer\"><img decoding=\"async\" src=\"\/files\/2018\/11\/logo-active24.png\" alt=\"logo active24\" \/><\/a><br \/>\n<a href=\"https:\/\/www.simpleshop.cz\/vstupenky\/\" target=\"_blank\" rel=\"noopener noreferrer\"><img decoding=\"async\" src=\"\/files\/2018\/11\/simple.png\" alt=\"logo simpleticket\" \/><\/a><\/div>\n<h3>Bronzov\u00ed sponzo\u0159i<\/h3>\n<div class=\"row logos\"><a href=\"https:\/\/lynt.cz\" target=\"_blank\" rel=\"noopener noreferrer\"><img decoding=\"async\" src=\"\/files\/2018\/12\/lynt-logo.png\" alt=\"lynt logo\" \/><\/a><br \/>\n<a href=\"https:\/\/www.brilo.cz\/\" target=\"_blank\" rel=\"noopener noreferrer\"><img decoding=\"async\" src=\"\/files\/2019\/01\/logo_brilo.png\" alt=\"brilo logo\" \/><\/a><br \/>\n<a href=\"https:\/\/weglot.com\/\" target=\"_blank\" rel=\"noopener noreferrer\"><img decoding=\"async\" src=\"\/files\/2018\/12\/Weglot-logo.png\" alt=\"weglot logo\" \/><\/a><br \/>\n<a href=\"https:\/\/www.seo-liberec.cz\/\" target=\"_blank\" rel=\"noopener noreferrer\"><img decoding=\"async\" src=\"\/files\/2019\/01\/im-connect.png\" alt=\"im-connect logo\" \/><\/a><br \/>\n<a href=\"https:\/\/www.spolehlive-servery.cz\/\" target=\"_blank\" rel=\"noopener noreferrer\"><img decoding=\"async\" src=\"\/files\/2019\/02\/logo-spolehlive-servery.png\" alt=\"spolehlive-servery logo\" \/><\/a><br \/>\n<a href=\"https:\/\/www.cesky-hosting.cz\/\" target=\"_blank\" rel=\"noopener noreferrer\"><img decoding=\"async\" src=\"\/files\/2019\/02\/logo-cesky-hosting.png\" alt=\"cesky-hosting logo\" \/><\/a><br \/>\n<a href=\"https:\/\/impromptme.com\/\" target=\"_blank\" rel=\"noopener noreferrer\"><img decoding=\"async\" src=\"\/files\/2019\/02\/ime-logo.png\" alt=\"ime logo\" \/><\/a><\/div>\n<h3>Medi\u00e1ln\u00ed partne\u0159i<\/h3>\n<div class=\"row logos\"><a href=\"https:\/\/www.zive.cz\/\" target=\"_blank\" rel=\"noopener noreferrer\"><img decoding=\"async\" src=\"\/files\/2018\/12\/zive.jpeg\" alt=\"zive logo\" \/><\/a><br \/>\n<a href=\"https:\/\/www.czechitas.cz\/cs\/\" target=\"_blank\" rel=\"noopener noreferrer\"><img decoding=\"async\" src=\"\/files\/2018\/12\/czechitas.png\" alt=\"czechitas logo\" \/><\/a><br \/>\n<a href=\"https:\/\/www.svetandroida.cz\/\" target=\"_blank\" rel=\"noopener noreferrer\"><img decoding=\"async\" src=\"\/files\/2019\/01\/logo-svetandroida.png\" alt=\"svetandroida logo\" \/><\/a><br \/>\n<a href=\"https:\/\/www.zdrojak.cz\/\" target=\"_blank\" rel=\"noopener noreferrer\"><img decoding=\"async\" src=\"\/files\/2019\/01\/logo_zdrojak.png\" alt=\"zdrojak logo\" \/><\/a><br \/>\n<a href=\"https:\/\/smartmania.cz\/\" target=\"_blank\" rel=\"noopener noreferrer\"><img decoding=\"async\" src=\"\/files\/2019\/01\/logo_smartmania.png\" alt=\"smartmania logo\" \/><\/a><br \/>\n<a href=\"https:\/\/mobilizujeme.cz\/\" target=\"_blank\" rel=\"noopener noreferrer\"><img decoding=\"async\" src=\"\/files\/2019\/01\/logo_mobilizujeme.png\" alt=\"mobilizujeme logo\" \/><\/a><br \/>\n<a href=\"https:\/\/www.freelo.cz\/\" target=\"_blank\" rel=\"noopener noreferrer\"><img decoding=\"async\" src=\"\/files\/2019\/01\/logo_freelo.png\" alt=\"freelo logo\" \/><\/a><br \/>\n<a href=\"https:\/\/www.luxus.cz\/\" target=\"_blank\" rel=\"noopener noreferrer\"><img decoding=\"async\" src=\"\/files\/2018\/12\/luxus-logo.png\" alt=\"luxus logo\" \/><\/a><br \/>\n<a href=\"https:\/\/www.root.cz\/\" target=\"_blank\" rel=\"noopener noreferrer\"><img decoding=\"async\" src=\"\/files\/2019\/02\/Root-cz_grey-orange_300DPI-300x51.png\" alt=\"Root.cz\" \/><\/a><\/div>\n<p>&nbsp;<\/p>\n<table style=\"border: none\">\n<tbody>\n<tr>\n<td style=\"border: none\">Partner platebn\u00ed br\u00e1ny<\/td>\n<td style=\"border: none\">Partner spr\u00e1vy soci\u00e1ln\u00edch s\u00edt\u00ed<\/td>\n<\/tr>\n<tr>\n<td style=\"border: none\"><a href=\"https:\/\/www.gopay.com\/cs\/index.html\"><img data-recalc-dims=\"1\" loading=\"lazy\" decoding=\"async\" class=\"alignnone wp-image-5879\" src=\"https:\/\/i0.wp.com\/2019.prague.wordcamp.org\/files\/2019\/02\/gopay-300x90.png?resize=200%2C60&#038;ssl=1\" alt=\"\" width=\"200\" height=\"60\" srcset=\"https:\/\/i0.wp.com\/prague.wordcamp.org\/2019\/files\/2019\/02\/gopay.png?resize=300%2C90&amp;ssl=1 300w, https:\/\/i0.wp.com\/prague.wordcamp.org\/2019\/files\/2019\/02\/gopay.png?w=409&amp;ssl=1 409w\" sizes=\"auto, (max-width: 200px) 100vw, 200px\" \/><\/a><\/td>\n<td style=\"border: none\"><a href=\"https:\/\/www.socialbakers.com\/\"><img data-recalc-dims=\"1\" loading=\"lazy\" decoding=\"async\" class=\"alignnone wp-image-5880\" src=\"https:\/\/i0.wp.com\/2019.prague.wordcamp.org\/files\/2019\/02\/socialbakers-300x80.png?resize=195%2C52&#038;ssl=1\" alt=\"\" width=\"195\" height=\"52\" srcset=\"https:\/\/i0.wp.com\/prague.wordcamp.org\/2019\/files\/2019\/02\/socialbakers.png?resize=300%2C80&amp;ssl=1 300w, https:\/\/i0.wp.com\/prague.wordcamp.org\/2019\/files\/2019\/02\/socialbakers.png?w=434&amp;ssl=1 434w\" sizes=\"auto, (max-width: 195px) 100vw, 195px\" \/><\/a><\/td>\n<\/tr>\n<\/tbody>\n<\/table>\n<h3>Ostatn\u00ed sponzo\u0159i<\/h3>\n<p><a href=\"http:\/\/tondapatek.cz\/\" target=\"_blank\" rel=\"noopener noreferrer\">Tonda P\u00e1tek &#8211; Spolehliv\u00fd grafik<\/a><br \/>\n<a href=\"https:\/\/www.wpjakub.cz\/\" target=\"_blank\" rel=\"noopener noreferrer\">Jakub Kade\u0159\u00e1vek &#8211; tvorba web\u016f na WordPressu na m\u00edru<\/a><br \/>\n<a href=\"https:\/\/www.laita.cz\/\" target=\"_blank\" rel=\"noopener noreferrer\">Adam Laita \u2013 WordPress Specialista \/ Front-End Kod\u00e9r<\/a><br \/>\n<a href=\"https:\/\/kybernaut.cz\/\" target=\"_blank\" rel=\"noopener noreferrer\">Karol\u00edna Vysko\u010dilov\u00e1 &#8211;\u00a0WordPress a WooCommerce program\u00e1tor a konzultant<\/a><br \/>\n<a href=\"https:\/\/cahlik.cz\/\" target=\"_blank\" rel=\"noopener noreferrer\">Pavel Cahl\u00edk &#8211;\u00a0Brandov\u00fd specialista a strat\u00e9g<\/a><br \/>\n<a href=\"https:\/\/marekpech.cz\/\" target=\"_blank\" rel=\"noopener noreferrer\">Marek Pech &#8211; PPC specialista<\/a><br \/>\n<a href=\"https:\/\/www.rostoucinabytek.com\/\" target=\"_blank\" rel=\"noopener noreferrer\">Rostouc\u00edN\u00e1bytek.com\u00a0&#8211; eshop postaven\u00fd na WP + WooCommerce<\/a><br \/>\n<a href=\"https:\/\/dimensiongroup.cz\/\" target=\"_blank\" rel=\"noopener noreferrer\">dimensiongroup.cz\u00a0&#8211; Visual branding studio<\/a><br \/>\n<a href=\"https:\/\/jurosko.sk\/\" target=\"_blank\" rel=\"noopener noreferrer\">jurosko.sk\u00a0&#8211; blog o WordPress<\/a><br \/>\n<a href=\"https:\/\/www.mobiloud.com\/\" target=\"_blank\" rel=\"noopener noreferrer\">mobiloud.com\u00a0&#8211; Convert WP websites into mobile apps for iOS and Android.<\/a><\/p>\n<p>&nbsp;<\/p>\n","protected":false},"excerpt":{"rendered":"<p>WordCamp Praha 2019 je za n\u00e1mi, p\u0159e\u010dt\u011bte si, jak\u00fd byl anebo se m\u016f\u017eete za\u010d\u00edt t\u011b\u0161it na ten p\u0159\u00ed\u0161t\u00ed. P\u0159ej\u00edt na WordCamp Praha 2020 10 p\u0159edn\u00e1\u0161ek, 2 p\u0159\u00edpadov\u00e9 studie a 2 workshopy P\u0159ij\u010fte na 6. ro\u010dn\u00edk WordCampu &#8211; nejv\u011bt\u0161\u00ed konferenci o WordPressu v \u010cR. T\u011b\u0161\u00edme se na v\u0161echny fanou\u0161ky, u\u017eivatele i v\u00fdvoj\u00e1\u0159e. Kdy a kde? 23. &hellip; <a href=\"https:\/\/prague.wordcamp.org\/2019\/\" class=\"more-link\">Pokra\u010dov\u00e1n\u00ed textu <span class=\"screen-reader-text\">WordCamp Praha 2019<\/span><\/a><\/p>\n","protected":false},"author":5814522,"featured_media":0,"parent":0,"menu_order":0,"comment_status":"closed","ping_status":"closed","template":"","meta":{"jetpack_post_was_ever_published":false,"footnotes":""},"class_list":["post-4427","page","type-page","status-publish","hentry"],"jetpack_sharing_enabled":true,"jetpack_shortlink":"https:\/\/wp.me\/Pab3ys-19p","_links":{"self":[{"href":"https:\/\/prague.wordcamp.org\/2019\/wp-json\/wp\/v2\/pages\/4427","targetHints":{"allow":["GET"]}}],"collection":[{"href":"https:\/\/prague.wordcamp.org\/2019\/wp-json\/wp\/v2\/pages"}],"about":[{"href":"https:\/\/prague.wordcamp.org\/2019\/wp-json\/wp\/v2\/types\/page"}],"author":[{"embeddable":true,"href":"https:\/\/prague.wordcamp.org\/2019\/wp-json\/wp\/v2\/users\/5814522"}],"replies":[{"embeddable":true,"href":"https:\/\/prague.wordcamp.org\/2019\/wp-json\/wp\/v2\/comments?post=4427"}],"version-history":[{"count":73,"href":"https:\/\/prague.wordcamp.org\/2019\/wp-json\/wp\/v2\/pages\/4427\/revisions"}],"predecessor-version":[{"id":7658,"href":"https:\/\/prague.wordcamp.org\/2019\/wp-json\/wp\/v2\/pages\/4427\/revisions\/7658"}],"wp:attachment":[{"href":"https:\/\/prague.wordcamp.org\/2019\/wp-json\/wp\/v2\/media?parent=4427"}],"curies":[{"name":"wp","href":"https:\/\/api.w.org\/{rel}","templated":true}]}}