{"id":178,"date":"2016-12-13T20:18:37","date_gmt":"2016-12-13T19:18:37","guid":{"rendered":"http:\/\/2017.prague.wordcamp.org\/?page_id=178"},"modified":"2019-02-11T10:14:44","modified_gmt":"2019-02-11T09:14:44","slug":"program","status":"publish","type":"page","link":"https:\/\/prague.wordcamp.org\/2019\/program\/","title":{"rendered":"Program"},"content":{"rendered":"<p>Registrace otev\u0159eme v\u00a0<strong>8:00<\/strong>\u00a0a akci zah\u00e1j\u00edme v <strong>9:00<\/strong>. Doporu\u010dujeme dorazit s p\u0159edstihem, a\u0165 si v\u00a0klidu odlo\u017e\u00edte v \u0161atn\u011b u <a href=\"\/kapitan-karel-dytrych-satnar-z-podpalubi\/\">Karla Dytrycha<\/a>, d\u00e1te si mal\u00e9 ob\u010derstven\u00ed v atriu a pohodln\u011b se posad\u00edte na prvn\u00ed p\u0159edn\u00e1\u0161ku do vybran\u00e9ho s\u00e1lu.<\/p>\n<table style=\"font-size: .8em\">\n<tbody>\n<tr>\n<td class=\"rg-th center\" style=\"color: #fff;background: #3e3c6b\"><\/td>\n<td class=\"rg-th center\" style=\"color: #fff;background: #3e3c6b\" colspan=\"3\" rowspan=\"1\"><strong>V\u00fdvoj\u00e1\u0159i (RB209)<\/strong><\/td>\n<td class=\"rg-th center\" style=\"color: #fff;background: #3e3c6b\" colspan=\"3\" rowspan=\"1\"><strong>U\u017eivatel\u00e9 (RB101)<\/strong><\/td>\n<\/tr>\n<tr>\n<td class=\"center\" style=\"color: #ffffff;background: #cb032b;text-align: center\">9:00<br \/>\n|<br \/>\n9:15<\/td>\n<td class=\"center\" style=\"color: #ffffff;background: #cb032b;vertical-align: middle;text-align: center\" colspan=\"6\" rowspan=\"1\"><strong>\u00davodn\u00ed slovo a zah\u00e1jen\u00ed WordCamp Praha 2019<\/strong><\/td>\n<\/tr>\n<tr>\n<td class=\"center\" style=\"text-align: center\">9:15<br \/>\n|<br \/>\n9:55<\/td>\n<td class=\"center\" style=\"text-align: left\" colspan=\"3\" rowspan=\"1\"><span style=\"color: #171534\"><a style=\"color: #171534\" href=\"\/prednasejici\/#wcorg-speaker-pavel-ungr\"><em><strong>Pavel Ungr<\/strong><\/em><\/a><\/span><br \/>\nTechnick\u00e9 SEO na WordPressu<br \/>\nod A do Z<\/td>\n<td class=\"center\" style=\"text-align: left\" colspan=\"3\" rowspan=\"1\"><strong><em><span style=\"color: #171534\"><a style=\"color: #171534\" href=\"\/prednasejici\/#wcorg-speaker-petra-dolejsova\">Petra Dolej\u0161ov\u00e1<\/a><\/span><br \/>\n<\/em><\/strong>Autorsk\u00e9 pr\u00e1vo v digit\u00e1lu<\/td>\n<\/tr>\n<tr>\n<td class=\"center\" style=\"text-align: center\">10:15<br \/>\n|<br \/>\n10:55<\/td>\n<td class=\"center\" style=\"text-align: left\" colspan=\"3\" rowspan=\"1\"><strong><em><span style=\"color: #171534\"><a style=\"color: #171534\" href=\"\/prednasejici\/#wcorg-speaker-borek-bernard\">Borek Bernard<\/a><\/span><br \/>\n<\/em><\/strong>Tak trochu jin\u00fd v\u00fdvoj &#8222;\u0161ablon&#8220;<br \/>\ns Gatsby.js<\/td>\n<td class=\"center\" style=\"text-align: left\" colspan=\"3\" rowspan=\"1\"><span style=\"color: #171534\"><a style=\"color: #171534\" href=\"\/prednasejici\/#wcorg-speaker-tomas-cirkl\"><em><strong>Tom\u00e1\u0161 Cirkl<\/strong><\/em><\/a><\/span><br \/>\nZm\u011bny ve WordPressu<br \/>\nza posledn\u00edch 5 let<\/td>\n<\/tr>\n<tr>\n<td class=\"center\" style=\"color: #ffffff;background: #cb032b;text-align: center;vertical-align: middle\">11:00<\/p>\n<div class=\"break\"><\/div>\n<div class=\"break\"><\/div>\n<p>|<\/p>\n<div class=\"break\"><\/div>\n<div class=\"break\"><\/div>\n<p>13:00<\/td>\n<td class=\"center\" style=\"color: #ffffff;background: #cb032b;text-align: center;vertical-align: middle\" colspan=\"3\" rowspan=\"1\"><b>Ob\u011bd &amp; Networking &amp; Workshop<\/b><\/p>\n<div class=\"break\"><\/div>\n<p><em><span style=\"color: #ffffff\"><a style=\"color: #ffffff\" href=\"\/prednasejici\/#wcorg-speaker-vladislav-musilek\"><strong>Vladislav Mus\u00edlek<\/strong><\/a><\/span>\u00a0(12:15 &#8211; 13:00)<\/em><br \/>\nJak na pokro\u010dilej\u0161\u00ed lad\u011bn\u00ed WooCommerce<\/td>\n<td class=\"center\" style=\"color: #ffffff;background: #cb032b;text-align: center;vertical-align: middle\" colspan=\"3\" rowspan=\"1\"><b>Ob\u011bd &amp; Networking &amp; Workshop<\/b><\/p>\n<div class=\"break\"><\/div>\n<p style=\"text-align: center\"><em><span style=\"color: #ffffff\"><a style=\"color: #ffffff\" href=\"\/organizatori\"><strong>Organiz\u00e1to\u0159i<\/strong><\/a>\u00a0<\/span>(11:15 &#8211; 12:00)<\/em><br \/>\n<a href=\"https:\/\/2019.prague.wordcamp.org\/wordpressova-kucharka\/\" style=\"color:#ffffff\">WordPressov\u00e1<br \/>\nkucha\u0159ka<\/a><\/p>\n<\/td>\n<\/tr>\n<tr>\n<td class=\"center\" style=\"text-align: center\">13:15<br \/>\n|<br \/>\n13:55<\/td>\n<td class=\"center\" style=\"text-align: left\" colspan=\"3\" rowspan=\"1\"><span style=\"color: #171534\"><a style=\"color: #171534\" href=\"\/prednasejici\/#wcorg-speaker-jan-bien\"><em><strong>Jan Bien<\/strong><\/em><\/a><\/span><br \/>\n<em>P\u0159\u00edpadovka:<\/em> Implementace WP jako publika\u010dn\u00edho n\u00e1stroje pro korporaci<\/td>\n<td class=\"center\" style=\"text-align: left\" colspan=\"3\" rowspan=\"1\"><span style=\"color: #171534\"><a style=\"color: #171534\" href=\"\/prednasejici\/#wcorg-speaker-ondrej-ilincev\"><em><strong>Ond\u0159ej Ilin\u010dev<\/strong><\/em><\/a><\/span><br \/>\n<em>P\u0159\u00edpadovka:<\/em> Jak jsme orali formul\u00e1\u0159ov\u00e1 pole<\/td>\n<\/tr>\n<tr>\n<td class=\"center\" style=\"text-align: center\">14:15<br \/>\n|<br \/>\n14:55<\/td>\n<td class=\"center\" style=\"text-align: left\" colspan=\"3\" rowspan=\"1\"><em><span style=\"color: #171534\"><a style=\"color: #171534\" href=\"\/prednasejici\/#wcorg-speaker-fellyph-cintra\"><strong>Fellyph Cintra<\/strong><\/a><\/span><strong> (EN)<\/strong><\/em><br \/>\nWork Smart with Gutenberg<\/td>\n<td class=\"center\" style=\"text-align: left\" colspan=\"3\" rowspan=\"1\"><span style=\"color: #171534\"><a style=\"color: #171534\" href=\"\/prednasejici\/#wcorg-speaker-pavel-cahlik\"><em><strong>Pavel Cahl\u00edk<\/strong><\/em><\/a><\/span><br \/>\nSEX, DROGY, ROCK &amp; ROLL<br \/>\naneb 7 smrteln\u00fdch h\u0159\u00edch\u016f zna\u010dek<\/td>\n<\/tr>\n<tr>\n<td class=\"center\" style=\"color: #ffffff;background: #cb032b;text-align: center\">15:15<br \/>\n|<br \/>\n15:45<\/td>\n<td class=\"center\" style=\"color: #ffffff;background: #cb032b;vertical-align: middle;text-align: center\" colspan=\"6\" rowspan=\"1\"><strong>Sva\u010dina &amp; Networking s <a style=\"color: #ffffff\" href=\"\/rozhovor-s-vitou-valkou-nejen-o-cestovani\/\">V\u00ed\u0165ou V\u00e1lkou<\/a><\/strong><\/td>\n<\/tr>\n<tr>\n<td class=\"center\" style=\"text-align: center\">15:45<br \/>\n|<br \/>\n16:25<\/td>\n<td class=\"center\" style=\"text-align: left\" colspan=\"3\" rowspan=\"1\"><em><strong><span style=\"color: #171534\"><a style=\"color: #171534\" href=\"\/prednasejici\/#wcorg-speaker-rodolfo-melogli\">Rodolfo Melogli<\/a><\/span> (EN)<\/strong><\/em><br \/>\n10 PHP Snippets to Increase WooCommerce Sales<\/td>\n<td class=\"center\" style=\"text-align: left\" colspan=\"3\" rowspan=\"1\"><span style=\"color: #171534\"><a style=\"color: #171534\" href=\"\/prednasejici\/#wcorg-speaker-michal-vojak\"><em><strong>Michal Voj\u00e1k<\/strong><\/em><\/a><\/span><br \/>\nZn\u00e1te svoje z\u00e1kazn\u00edky?<\/td>\n<\/tr>\n<tr>\n<td class=\"center\" style=\"text-align: center\">16:45<br \/>\n|<br \/>\n17:25<\/td>\n<td class=\"center\" style=\"text-align: left\" colspan=\"3\" rowspan=\"1\"><em><strong><span style=\"color: #171534\"><a style=\"color: #171534\" href=\"\/prednasejici\/#wcorg-speaker-dario-jazbec-hrvatin\">Dario Jazbec Hrvatin<\/a><\/span> (EN)<\/strong><\/em><br \/>\nUsing post relationships to build advanced sites<\/td>\n<td class=\"center\" style=\"text-align: left\" colspan=\"3\" rowspan=\"1\"><span style=\"color: #171534\"><a style=\"color: #171534\" href=\"\/prednasejici\/#wcorg-speaker-petr-lipovsky\"><em><strong>Petr Lipovsk\u00fd<\/strong><\/em><\/a><\/span><br \/>\nJak za\u010d\u00edt s PPC reklamou<\/td>\n<\/tr>\n<tr>\n<td class=\"center\" style=\"color: #ffffff;background: #cb032b;text-align: center\">17:35<br \/>\n|<br \/>\n17:50<\/td>\n<td class=\"center\" style=\"color: #ffffff;background: #cb032b;vertical-align: middle;text-align: center\" colspan=\"6\" rowspan=\"1\"><strong>Z\u00e1v\u011bre\u010dn\u00e9 slovo, pod\u011bkov\u00e1n\u00ed a zakon\u010den\u00ed WordCamp Praha 2019<\/strong><\/td>\n<\/tr>\n<tr>\n<td class=\"center\" style=\"color: #ffffff;background: #cb032b;text-align: center\">18:00<br \/>\n|<br \/>\n24:00<\/td>\n<td class=\"center\" style=\"color: #ffffff;background: #cb032b;vertical-align: middle;text-align: center\" colspan=\"6\" rowspan=\"1\"><strong>After party<\/strong><\/td>\n<\/tr>\n<\/tbody>\n<\/table>\n<div>\n<p>Konference bude rozd\u011blena do dvou sou\u010dasn\u011b b\u011b\u017e\u00edc\u00edch s\u00e9ri\u00ed p\u0159edn\u00e1\u0161ek:<\/p>\n<ol>\n<li>Prvn\u00ed s\u00e9rie s n\u00e1zvem\u00a0<strong>\u201e<em>V\u00fdvoj\u00e1\u0159i<\/em>\u201c<\/strong>\u00a0p\u016fjde v\u00edce do hloubky WordPressu a bude vhodn\u00e1 pro program\u00e1tory, \u010di pokro\u010dil\u00e9 u\u017eivatele.<\/li>\n<li>Druh\u00e1 s\u00e9rie nazvan\u00e1\u00a0<strong><em>\u201eU\u017eivatel\u00e9<\/em>\u201c<\/strong>\u00a0bude v\u011bnov\u00e1na v\u0161em blogger\u016fm, redaktor\u016fm, spr\u00e1vc\u016fm \u010di p\u0159\u00edle\u017eitostn\u00fdm u\u017eivatel\u016fm WordPress web\u016f. Bude se zab\u00fdvat zabezpe\u010den\u00edm WordPressu, problematikou koupen\u00fdch \u0161ablon, kvalitn\u00edm obsahem, propagac\u00ed a analytikou.<\/li>\n<\/ol>\n<p>Program jsme trochu ze\u0161t\u00edhlili, ale v\u011b\u0159\u00edme, \u017ee o to v\u00edce p\u0159iprav\u00edme kvalitn\u011bj\u0161\u00ed p\u0159edn\u00e1\u0161ky a tak\u00e9 d\u00e1me n\u00e1v\u0161t\u011bvn\u00edk\u016fm v\u00edce prostoru pro networking.<\/p>\n<h2>A nesm\u00edte chyb\u011bt ani na after party<\/h2>\n<p>Leto\u0161n\u00ed after party, kde m\u016f\u017eete po samotn\u00e9 akci z\u00edsk\u00e1vat dal\u0161\u00ed kontakty, se bude konat od <strong>18:00<\/strong> v modern\u00edm klubu <a href=\"http:\/\/www.tresorclub.cz\/dance-club\/\">Tresor<\/a> (cca 600 metr\u016f od V\u0160E). T\u011b\u0161it se m\u016f\u017eete na <strong>ob\u010derstven\u00ed zdarma<\/strong> (pit\u00ed si plat\u00ed ka\u017ed\u00fd za sebe) a ve\u010der se p\u0159id\u00e1 i hudba k\u00a0tancov\u00e1n\u00ed. Bude to tedy st\u00e1t za to!<\/p>\n<p>Tudy z V\u0160E p\u0159\u00edmo do Tresoru&#8230;<\/p>\n<\/div>\n<div class=\"googlemaps\">\n\t\t\t\t<iframe loading=\"lazy\" width=\"600\" height=\"450\" frameborder=\"0\" scrolling=\"no\" marginheight=\"0\" marginwidth=\"0\"  src=\"https:\/\/www.google.com\/maps\/embed?pb=!1m22!1m8!1m3!1d2560.3193726175814!2d14.4365424!3d50.0803071!3m2!1i1024!2i768!4f13.1!4m11!3e2!4m3!3m2!1d50.0828913!2d14.4398074!4m5!1s0x470b948e3189a4af:0x6f57cc7db1c9fe70!2sTresor%20Club,%20Vinohradsk\u00e1%2035\/25,%20120%2000%20Praha-Vinohrady-Praha%202!3m2!1d50.0782782!2d14.4360842!5e0!3m2!1scs!2scz!4v1549721568864\"><\/iframe>\n\t\t\t<\/div>\n<h2 id=\"coday\">Contributor Day<\/h2>\n<p>Contributor Day se bude konat v ned\u011bli <strong>24. 2. 2019 od 10:00 hod<\/strong>.<br \/>\n<strong>M\u00edsto kon\u00e1n\u00ed: <span style=\"font-weight: 400\"><a href=\"https:\/\/www.prazskekreativnicentrum.cz\/\">PKC<\/a>, Starom\u011bstsk\u00e9 n\u00e1m. 1\/4<\/span><\/strong><\/p>\n<p>Na <strong>Contributor Day\u00a0<\/strong>se registrujte\u00a0v <a href=\"\/contributor-day\/\">tomto formul\u00e1\u0159i<\/a>.<\/p>\n","protected":false},"excerpt":{"rendered":"<p>Registrace otev\u0159eme v\u00a08:00\u00a0a akci zah\u00e1j\u00edme v 9:00. Doporu\u010dujeme dorazit s p\u0159edstihem, a\u0165 si v\u00a0klidu odlo\u017e\u00edte v \u0161atn\u011b u Karla Dytrycha, d\u00e1te si mal\u00e9 ob\u010derstven\u00ed v atriu a pohodln\u011b se posad\u00edte na prvn\u00ed p\u0159edn\u00e1\u0161ku do vybran\u00e9ho s\u00e1lu. V\u00fdvoj\u00e1\u0159i (RB209) U\u017eivatel\u00e9 (RB101) 9:00 | 9:15 \u00davodn\u00ed slovo a zah\u00e1jen\u00ed WordCamp Praha 2019 9:15 | 9:55 Pavel Ungr &hellip; <a href=\"https:\/\/prague.wordcamp.org\/2019\/program\/\" class=\"more-link\">Pokra\u010dov\u00e1n\u00ed textu <span class=\"screen-reader-text\">Program<\/span><\/a><\/p>\n","protected":false},"author":9292185,"featured_media":0,"parent":0,"menu_order":0,"comment_status":"closed","ping_status":"closed","template":"","meta":{"jetpack_post_was_ever_published":false,"footnotes":""},"class_list":["post-178","page","type-page","status-publish","hentry"],"jetpack_sharing_enabled":true,"jetpack_shortlink":"https:\/\/wp.me\/Pab3ys-2S","_links":{"self":[{"href":"https:\/\/prague.wordcamp.org\/2019\/wp-json\/wp\/v2\/pages\/178","targetHints":{"allow":["GET"]}}],"collection":[{"href":"https:\/\/prague.wordcamp.org\/2019\/wp-json\/wp\/v2\/pages"}],"about":[{"href":"https:\/\/prague.wordcamp.org\/2019\/wp-json\/wp\/v2\/types\/page"}],"author":[{"embeddable":true,"href":"https:\/\/prague.wordcamp.org\/2019\/wp-json\/wp\/v2\/users\/9292185"}],"replies":[{"embeddable":true,"href":"https:\/\/prague.wordcamp.org\/2019\/wp-json\/wp\/v2\/comments?post=178"}],"version-history":[{"count":84,"href":"https:\/\/prague.wordcamp.org\/2019\/wp-json\/wp\/v2\/pages\/178\/revisions"}],"predecessor-version":[{"id":5783,"href":"https:\/\/prague.wordcamp.org\/2019\/wp-json\/wp\/v2\/pages\/178\/revisions\/5783"}],"wp:attachment":[{"href":"https:\/\/prague.wordcamp.org\/2019\/wp-json\/wp\/v2\/media?parent=178"}],"curies":[{"name":"wp","href":"https:\/\/api.w.org\/{rel}","templated":true}]}}