{"id":1621,"date":"2017-02-24T09:05:33","date_gmt":"2017-02-24T08:05:33","guid":{"rendered":"http:\/\/2017.prague.wordcamp.org\/?page_id=1621"},"modified":"2019-04-08T10:02:28","modified_gmt":"2019-04-08T08:02:28","slug":"fotogalerie","status":"publish","type":"page","link":"https:\/\/prague.wordcamp.org\/2019\/fotogalerie\/","title":{"rendered":"Fotogalerie"},"content":{"rendered":"<p>V\u0161echny fotografie najdete <a href=\"https:\/\/photos.app.goo.gl\/PKVBVBhSkDotsPPC8\"><strong>v albu na Google<\/strong><\/a> (ofici\u00e1ln\u00ed fotografka akce je\u00a0<a href=\"https:\/\/www.instagram.com\/pandi_bohyne\/\">Jana N\u011bmcov\u00e1<\/a>, analogov\u00e9 fotky jsou od <a href=\"https:\/\/twitter.com\/Trimaliny\">Trimaliny<\/a> a <a href=\"https:\/\/www.instagram.com\/krysa_skliba\/\">krysa_skliba<\/a>).<\/p>\n<div id='gallery-1' class='gallery galleryid-1621 gallery-columns-1 gallery-size-large'><figure class='gallery-item'>\n\t\t\t<div class='gallery-icon landscape'>\n\t\t\t\t<img loading=\"lazy\" decoding=\"async\" width=\"660\" height=\"440\" src=\"https:\/\/i0.wp.com\/prague.wordcamp.org\/2019\/files\/2019\/03\/IMG_1280_1.jpg?fit=660%2C440&amp;ssl=1\" class=\"attachment-large size-large\" alt=\"\" aria-describedby=\"gallery-1-7552\" srcset=\"https:\/\/i0.wp.com\/prague.wordcamp.org\/2019\/files\/2019\/03\/IMG_1280_1.jpg?w=3840&amp;ssl=1 3840w, https:\/\/i0.wp.com\/prague.wordcamp.org\/2019\/files\/2019\/03\/IMG_1280_1.jpg?resize=300%2C200&amp;ssl=1 300w, https:\/\/i0.wp.com\/prague.wordcamp.org\/2019\/files\/2019\/03\/IMG_1280_1.jpg?resize=768%2C512&amp;ssl=1 768w, https:\/\/i0.wp.com\/prague.wordcamp.org\/2019\/files\/2019\/03\/IMG_1280_1.jpg?resize=1024%2C683&amp;ssl=1 1024w, https:\/\/i0.wp.com\/prague.wordcamp.org\/2019\/files\/2019\/03\/IMG_1280_1.jpg?resize=450%2C300&amp;ssl=1 450w, https:\/\/i0.wp.com\/prague.wordcamp.org\/2019\/files\/2019\/03\/IMG_1280_1.jpg?w=1320&amp;ssl=1 1320w, https:\/\/i0.wp.com\/prague.wordcamp.org\/2019\/files\/2019\/03\/IMG_1280_1.jpg?w=1980&amp;ssl=1 1980w\" sizes=\"auto, (max-width: 660px) 100vw, 660px\" \/>\n\t\t\t<\/div>\n\t\t\t\t<figcaption class='wp-caption-text gallery-caption' id='gallery-1-7552'>\n\t\t\t\tLetos se poprv\u00e9 registrace obe\u0161la bez dlouh\u00fdch front\n\t\t\t\t<\/figcaption><\/figure><figure class='gallery-item'>\n\t\t\t<div class='gallery-icon landscape'>\n\t\t\t\t<img loading=\"lazy\" decoding=\"async\" width=\"660\" height=\"440\" src=\"https:\/\/i0.wp.com\/prague.wordcamp.org\/2019\/files\/2019\/03\/IMG_1755_1.jpg?fit=660%2C440&amp;ssl=1\" class=\"attachment-large size-large\" alt=\"\" aria-describedby=\"gallery-1-7544\" srcset=\"https:\/\/i0.wp.com\/prague.wordcamp.org\/2019\/files\/2019\/03\/IMG_1755_1.jpg?w=3840&amp;ssl=1 3840w, https:\/\/i0.wp.com\/prague.wordcamp.org\/2019\/files\/2019\/03\/IMG_1755_1.jpg?resize=300%2C200&amp;ssl=1 300w, https:\/\/i0.wp.com\/prague.wordcamp.org\/2019\/files\/2019\/03\/IMG_1755_1.jpg?resize=768%2C512&amp;ssl=1 768w, https:\/\/i0.wp.com\/prague.wordcamp.org\/2019\/files\/2019\/03\/IMG_1755_1.jpg?resize=1024%2C683&amp;ssl=1 1024w, https:\/\/i0.wp.com\/prague.wordcamp.org\/2019\/files\/2019\/03\/IMG_1755_1.jpg?resize=450%2C300&amp;ssl=1 450w, https:\/\/i0.wp.com\/prague.wordcamp.org\/2019\/files\/2019\/03\/IMG_1755_1.jpg?w=1320&amp;ssl=1 1320w, https:\/\/i0.wp.com\/prague.wordcamp.org\/2019\/files\/2019\/03\/IMG_1755_1.jpg?w=1980&amp;ssl=1 1980w\" sizes=\"auto, (max-width: 660px) 100vw, 660px\" \/>\n\t\t\t<\/div>\n\t\t\t\t<figcaption class='wp-caption-text gallery-caption' id='gallery-1-7544'>\n\t\t\t\tNetworking v pln\u00e9m proudu\n\t\t\t\t<\/figcaption><\/figure><figure class='gallery-item'>\n\t\t\t<div class='gallery-icon landscape'>\n\t\t\t\t<img loading=\"lazy\" decoding=\"async\" width=\"660\" height=\"440\" src=\"https:\/\/i0.wp.com\/prague.wordcamp.org\/2019\/files\/2019\/03\/IMG_1470_1.jpg?fit=660%2C440&amp;ssl=1\" class=\"attachment-large size-large\" alt=\"\" aria-describedby=\"gallery-1-7536\" srcset=\"https:\/\/i0.wp.com\/prague.wordcamp.org\/2019\/files\/2019\/03\/IMG_1470_1.jpg?w=3840&amp;ssl=1 3840w, https:\/\/i0.wp.com\/prague.wordcamp.org\/2019\/files\/2019\/03\/IMG_1470_1.jpg?resize=300%2C200&amp;ssl=1 300w, https:\/\/i0.wp.com\/prague.wordcamp.org\/2019\/files\/2019\/03\/IMG_1470_1.jpg?resize=768%2C512&amp;ssl=1 768w, https:\/\/i0.wp.com\/prague.wordcamp.org\/2019\/files\/2019\/03\/IMG_1470_1.jpg?resize=1024%2C683&amp;ssl=1 1024w, https:\/\/i0.wp.com\/prague.wordcamp.org\/2019\/files\/2019\/03\/IMG_1470_1.jpg?resize=450%2C300&amp;ssl=1 450w, https:\/\/i0.wp.com\/prague.wordcamp.org\/2019\/files\/2019\/03\/IMG_1470_1.jpg?w=1320&amp;ssl=1 1320w, https:\/\/i0.wp.com\/prague.wordcamp.org\/2019\/files\/2019\/03\/IMG_1470_1.jpg?w=1980&amp;ssl=1 1980w\" sizes=\"auto, (max-width: 660px) 100vw, 660px\" \/>\n\t\t\t<\/div>\n\t\t\t\t<figcaption class='wp-caption-text gallery-caption' id='gallery-1-7536'>\n\t\t\t\tO Happiness bar byl letos z\u00e1jem\n\t\t\t\t<\/figcaption><\/figure><figure class='gallery-item'>\n\t\t\t<div class='gallery-icon landscape'>\n\t\t\t\t<img loading=\"lazy\" decoding=\"async\" width=\"660\" height=\"440\" src=\"https:\/\/i0.wp.com\/prague.wordcamp.org\/2019\/files\/2019\/03\/IMG_1507_1.jpg?fit=660%2C440&amp;ssl=1\" class=\"attachment-large size-large\" alt=\"\" aria-describedby=\"gallery-1-7538\" srcset=\"https:\/\/i0.wp.com\/prague.wordcamp.org\/2019\/files\/2019\/03\/IMG_1507_1.jpg?w=3840&amp;ssl=1 3840w, https:\/\/i0.wp.com\/prague.wordcamp.org\/2019\/files\/2019\/03\/IMG_1507_1.jpg?resize=300%2C200&amp;ssl=1 300w, https:\/\/i0.wp.com\/prague.wordcamp.org\/2019\/files\/2019\/03\/IMG_1507_1.jpg?resize=768%2C512&amp;ssl=1 768w, https:\/\/i0.wp.com\/prague.wordcamp.org\/2019\/files\/2019\/03\/IMG_1507_1.jpg?resize=1024%2C683&amp;ssl=1 1024w, https:\/\/i0.wp.com\/prague.wordcamp.org\/2019\/files\/2019\/03\/IMG_1507_1.jpg?resize=450%2C300&amp;ssl=1 450w, https:\/\/i0.wp.com\/prague.wordcamp.org\/2019\/files\/2019\/03\/IMG_1507_1.jpg?w=1320&amp;ssl=1 1320w, https:\/\/i0.wp.com\/prague.wordcamp.org\/2019\/files\/2019\/03\/IMG_1507_1.jpg?w=1980&amp;ssl=1 1980w\" sizes=\"auto, (max-width: 660px) 100vw, 660px\" \/>\n\t\t\t<\/div>\n\t\t\t\t<figcaption class='wp-caption-text gallery-caption' id='gallery-1-7538'>\n\t\t\t\tPo ob\u010derstven\u00ed se jen zapr\u00e1\u0161ilo\n\t\t\t\t<\/figcaption><\/figure><figure class='gallery-item'>\n\t\t\t<div class='gallery-icon landscape'>\n\t\t\t\t<img loading=\"lazy\" decoding=\"async\" width=\"660\" height=\"440\" src=\"https:\/\/i0.wp.com\/prague.wordcamp.org\/2019\/files\/2019\/03\/IMG_1534_1.jpg?fit=660%2C440&amp;ssl=1\" class=\"attachment-large size-large\" alt=\"\" aria-describedby=\"gallery-1-7539\" srcset=\"https:\/\/i0.wp.com\/prague.wordcamp.org\/2019\/files\/2019\/03\/IMG_1534_1.jpg?w=3840&amp;ssl=1 3840w, https:\/\/i0.wp.com\/prague.wordcamp.org\/2019\/files\/2019\/03\/IMG_1534_1.jpg?resize=300%2C200&amp;ssl=1 300w, https:\/\/i0.wp.com\/prague.wordcamp.org\/2019\/files\/2019\/03\/IMG_1534_1.jpg?resize=768%2C512&amp;ssl=1 768w, https:\/\/i0.wp.com\/prague.wordcamp.org\/2019\/files\/2019\/03\/IMG_1534_1.jpg?resize=1024%2C683&amp;ssl=1 1024w, https:\/\/i0.wp.com\/prague.wordcamp.org\/2019\/files\/2019\/03\/IMG_1534_1.jpg?resize=450%2C300&amp;ssl=1 450w, https:\/\/i0.wp.com\/prague.wordcamp.org\/2019\/files\/2019\/03\/IMG_1534_1.jpg?w=1320&amp;ssl=1 1320w, https:\/\/i0.wp.com\/prague.wordcamp.org\/2019\/files\/2019\/03\/IMG_1534_1.jpg?w=1980&amp;ssl=1 1980w\" sizes=\"auto, (max-width: 660px) 100vw, 660px\" \/>\n\t\t\t<\/div>\n\t\t\t\t<figcaption class='wp-caption-text gallery-caption' id='gallery-1-7539'>\n\t\t\t\tEnormn\u00ed \u00fa\u010dast p\u0159es 500 lid\u00ed zajistila, \u017ee na p\u0159edn\u00e1\u0161ky bylo opravdu plno.\n\t\t\t\t<\/figcaption><\/figure><figure class='gallery-item'>\n\t\t\t<div class='gallery-icon landscape'>\n\t\t\t\t<img loading=\"lazy\" decoding=\"async\" width=\"660\" height=\"440\" src=\"https:\/\/i0.wp.com\/prague.wordcamp.org\/2019\/files\/2019\/03\/IMG_1585_1.jpg?fit=660%2C440&amp;ssl=1\" class=\"attachment-large size-large\" alt=\"\" aria-describedby=\"gallery-1-7540\" srcset=\"https:\/\/i0.wp.com\/prague.wordcamp.org\/2019\/files\/2019\/03\/IMG_1585_1.jpg?w=3840&amp;ssl=1 3840w, https:\/\/i0.wp.com\/prague.wordcamp.org\/2019\/files\/2019\/03\/IMG_1585_1.jpg?resize=300%2C200&amp;ssl=1 300w, https:\/\/i0.wp.com\/prague.wordcamp.org\/2019\/files\/2019\/03\/IMG_1585_1.jpg?resize=768%2C512&amp;ssl=1 768w, https:\/\/i0.wp.com\/prague.wordcamp.org\/2019\/files\/2019\/03\/IMG_1585_1.jpg?resize=1024%2C683&amp;ssl=1 1024w, https:\/\/i0.wp.com\/prague.wordcamp.org\/2019\/files\/2019\/03\/IMG_1585_1.jpg?resize=450%2C300&amp;ssl=1 450w, https:\/\/i0.wp.com\/prague.wordcamp.org\/2019\/files\/2019\/03\/IMG_1585_1.jpg?w=1320&amp;ssl=1 1320w, https:\/\/i0.wp.com\/prague.wordcamp.org\/2019\/files\/2019\/03\/IMG_1585_1.jpg?w=1980&amp;ssl=1 1980w\" sizes=\"auto, (max-width: 660px) 100vw, 660px\" \/>\n\t\t\t<\/div>\n\t\t\t\t<figcaption class='wp-caption-text gallery-caption' id='gallery-1-7540'>\n\t\t\t\tVelk\u00e1 p\u0159edn\u00e1\u0161kov\u00e1 m\u00edstnost pro u\u017eivatele\n\t\t\t\t<\/figcaption><\/figure><figure class='gallery-item'>\n\t\t\t<div class='gallery-icon landscape'>\n\t\t\t\t<img loading=\"lazy\" decoding=\"async\" width=\"660\" height=\"440\" src=\"https:\/\/i0.wp.com\/prague.wordcamp.org\/2019\/files\/2019\/03\/IMG_1638_1.jpg?fit=660%2C440&amp;ssl=1\" class=\"attachment-large size-large\" alt=\"\" aria-describedby=\"gallery-1-7542\" srcset=\"https:\/\/i0.wp.com\/prague.wordcamp.org\/2019\/files\/2019\/03\/IMG_1638_1.jpg?w=3840&amp;ssl=1 3840w, https:\/\/i0.wp.com\/prague.wordcamp.org\/2019\/files\/2019\/03\/IMG_1638_1.jpg?resize=300%2C200&amp;ssl=1 300w, https:\/\/i0.wp.com\/prague.wordcamp.org\/2019\/files\/2019\/03\/IMG_1638_1.jpg?resize=768%2C512&amp;ssl=1 768w, https:\/\/i0.wp.com\/prague.wordcamp.org\/2019\/files\/2019\/03\/IMG_1638_1.jpg?resize=1024%2C683&amp;ssl=1 1024w, https:\/\/i0.wp.com\/prague.wordcamp.org\/2019\/files\/2019\/03\/IMG_1638_1.jpg?resize=450%2C300&amp;ssl=1 450w, https:\/\/i0.wp.com\/prague.wordcamp.org\/2019\/files\/2019\/03\/IMG_1638_1.jpg?w=1320&amp;ssl=1 1320w, https:\/\/i0.wp.com\/prague.wordcamp.org\/2019\/files\/2019\/03\/IMG_1638_1.jpg?w=1980&amp;ssl=1 1980w\" sizes=\"auto, (max-width: 660px) 100vw, 660px\" \/>\n\t\t\t<\/div>\n\t\t\t\t<figcaption class='wp-caption-text gallery-caption' id='gallery-1-7542'>\n\t\t\t\tDoprovodn\u00fd program\n\t\t\t\t<\/figcaption><\/figure><figure class='gallery-item'>\n\t\t\t<div class='gallery-icon landscape'>\n\t\t\t\t<img loading=\"lazy\" decoding=\"async\" width=\"660\" height=\"440\" src=\"https:\/\/i0.wp.com\/prague.wordcamp.org\/2019\/files\/2019\/03\/IMG_1663_1.jpg?fit=660%2C440&amp;ssl=1\" class=\"attachment-large size-large\" alt=\"\" aria-describedby=\"gallery-1-7543\" srcset=\"https:\/\/i0.wp.com\/prague.wordcamp.org\/2019\/files\/2019\/03\/IMG_1663_1.jpg?w=3840&amp;ssl=1 3840w, https:\/\/i0.wp.com\/prague.wordcamp.org\/2019\/files\/2019\/03\/IMG_1663_1.jpg?resize=300%2C200&amp;ssl=1 300w, https:\/\/i0.wp.com\/prague.wordcamp.org\/2019\/files\/2019\/03\/IMG_1663_1.jpg?resize=768%2C512&amp;ssl=1 768w, https:\/\/i0.wp.com\/prague.wordcamp.org\/2019\/files\/2019\/03\/IMG_1663_1.jpg?resize=1024%2C683&amp;ssl=1 1024w, https:\/\/i0.wp.com\/prague.wordcamp.org\/2019\/files\/2019\/03\/IMG_1663_1.jpg?resize=450%2C300&amp;ssl=1 450w, https:\/\/i0.wp.com\/prague.wordcamp.org\/2019\/files\/2019\/03\/IMG_1663_1.jpg?w=1320&amp;ssl=1 1320w, https:\/\/i0.wp.com\/prague.wordcamp.org\/2019\/files\/2019\/03\/IMG_1663_1.jpg?w=1980&amp;ssl=1 1980w\" sizes=\"auto, (max-width: 660px) 100vw, 660px\" \/>\n\t\t\t<\/div>\n\t\t\t\t<figcaption class='wp-caption-text gallery-caption' id='gallery-1-7543'>\n\t\t\t\tCel\u00e1 akce se nesla v p\u0159\u00e1telsk\u00e9 a pohodov\u00e9 atmosf\u00e9\u0159e\n\t\t\t\t<\/figcaption><\/figure><figure class='gallery-item'>\n\t\t\t<div class='gallery-icon landscape'>\n\t\t\t\t<img loading=\"lazy\" decoding=\"async\" width=\"660\" height=\"440\" src=\"https:\/\/i0.wp.com\/prague.wordcamp.org\/2019\/files\/2019\/03\/IMG_9701_1.jpg?fit=660%2C440&amp;ssl=1\" class=\"attachment-large size-large\" alt=\"\" aria-describedby=\"gallery-1-7551\" srcset=\"https:\/\/i0.wp.com\/prague.wordcamp.org\/2019\/files\/2019\/03\/IMG_9701_1.jpg?w=3840&amp;ssl=1 3840w, https:\/\/i0.wp.com\/prague.wordcamp.org\/2019\/files\/2019\/03\/IMG_9701_1.jpg?resize=300%2C200&amp;ssl=1 300w, https:\/\/i0.wp.com\/prague.wordcamp.org\/2019\/files\/2019\/03\/IMG_9701_1.jpg?resize=768%2C512&amp;ssl=1 768w, https:\/\/i0.wp.com\/prague.wordcamp.org\/2019\/files\/2019\/03\/IMG_9701_1.jpg?resize=1024%2C683&amp;ssl=1 1024w, https:\/\/i0.wp.com\/prague.wordcamp.org\/2019\/files\/2019\/03\/IMG_9701_1.jpg?resize=450%2C300&amp;ssl=1 450w, https:\/\/i0.wp.com\/prague.wordcamp.org\/2019\/files\/2019\/03\/IMG_9701_1.jpg?w=1320&amp;ssl=1 1320w, https:\/\/i0.wp.com\/prague.wordcamp.org\/2019\/files\/2019\/03\/IMG_9701_1.jpg?w=1980&amp;ssl=1 1980w\" sizes=\"auto, (max-width: 660px) 100vw, 660px\" \/>\n\t\t\t<\/div>\n\t\t\t\t<figcaption class='wp-caption-text gallery-caption' id='gallery-1-7551'>\n\t\t\t\tNetworking s V\u00ed\u0165ou V\u00e1lkou\n\t\t\t\t<\/figcaption><\/figure><figure class='gallery-item'>\n\t\t\t<div class='gallery-icon landscape'>\n\t\t\t\t<img loading=\"lazy\" decoding=\"async\" width=\"660\" height=\"440\" src=\"https:\/\/i0.wp.com\/prague.wordcamp.org\/2019\/files\/2019\/03\/IMG_1756_1.jpg?fit=660%2C440&amp;ssl=1\" class=\"attachment-large size-large\" alt=\"\" aria-describedby=\"gallery-1-7545\" srcset=\"https:\/\/i0.wp.com\/prague.wordcamp.org\/2019\/files\/2019\/03\/IMG_1756_1.jpg?w=3840&amp;ssl=1 3840w, https:\/\/i0.wp.com\/prague.wordcamp.org\/2019\/files\/2019\/03\/IMG_1756_1.jpg?resize=300%2C200&amp;ssl=1 300w, https:\/\/i0.wp.com\/prague.wordcamp.org\/2019\/files\/2019\/03\/IMG_1756_1.jpg?resize=768%2C512&amp;ssl=1 768w, https:\/\/i0.wp.com\/prague.wordcamp.org\/2019\/files\/2019\/03\/IMG_1756_1.jpg?resize=1024%2C683&amp;ssl=1 1024w, https:\/\/i0.wp.com\/prague.wordcamp.org\/2019\/files\/2019\/03\/IMG_1756_1.jpg?resize=450%2C300&amp;ssl=1 450w, https:\/\/i0.wp.com\/prague.wordcamp.org\/2019\/files\/2019\/03\/IMG_1756_1.jpg?w=1320&amp;ssl=1 1320w, https:\/\/i0.wp.com\/prague.wordcamp.org\/2019\/files\/2019\/03\/IMG_1756_1.jpg?w=1980&amp;ssl=1 1980w\" sizes=\"auto, (max-width: 660px) 100vw, 660px\" \/>\n\t\t\t<\/div>\n\t\t\t\t<figcaption class='wp-caption-text gallery-caption' id='gallery-1-7545'>\n\t\t\t\tI na\u0161i sponzo\u0159i si p\u0159i\u0161li na sv\u00e9\n\t\t\t\t<\/figcaption><\/figure><figure class='gallery-item'>\n\t\t\t<div class='gallery-icon landscape'>\n\t\t\t\t<img loading=\"lazy\" decoding=\"async\" width=\"660\" height=\"440\" src=\"https:\/\/i0.wp.com\/prague.wordcamp.org\/2019\/files\/2019\/03\/IMG_1783_1.jpg?fit=660%2C440&amp;ssl=1\" class=\"attachment-large size-large\" alt=\"\" aria-describedby=\"gallery-1-7546\" srcset=\"https:\/\/i0.wp.com\/prague.wordcamp.org\/2019\/files\/2019\/03\/IMG_1783_1.jpg?w=3840&amp;ssl=1 3840w, https:\/\/i0.wp.com\/prague.wordcamp.org\/2019\/files\/2019\/03\/IMG_1783_1.jpg?resize=300%2C200&amp;ssl=1 300w, https:\/\/i0.wp.com\/prague.wordcamp.org\/2019\/files\/2019\/03\/IMG_1783_1.jpg?resize=768%2C512&amp;ssl=1 768w, https:\/\/i0.wp.com\/prague.wordcamp.org\/2019\/files\/2019\/03\/IMG_1783_1.jpg?resize=1024%2C683&amp;ssl=1 1024w, https:\/\/i0.wp.com\/prague.wordcamp.org\/2019\/files\/2019\/03\/IMG_1783_1.jpg?resize=450%2C300&amp;ssl=1 450w, https:\/\/i0.wp.com\/prague.wordcamp.org\/2019\/files\/2019\/03\/IMG_1783_1.jpg?w=1320&amp;ssl=1 1320w, https:\/\/i0.wp.com\/prague.wordcamp.org\/2019\/files\/2019\/03\/IMG_1783_1.jpg?w=1980&amp;ssl=1 1980w\" sizes=\"auto, (max-width: 660px) 100vw, 660px\" \/>\n\t\t\t<\/div>\n\t\t\t\t<figcaption class='wp-caption-text gallery-caption' id='gallery-1-7546'>\n\t\t\t\tPohled do hlavn\u00ed auly\n\t\t\t\t<\/figcaption><\/figure><figure class='gallery-item'>\n\t\t\t<div class='gallery-icon landscape'>\n\t\t\t\t<img loading=\"lazy\" decoding=\"async\" width=\"660\" height=\"440\" src=\"https:\/\/i0.wp.com\/prague.wordcamp.org\/2019\/files\/2019\/03\/IMG_1804_1.jpg?fit=660%2C440&amp;ssl=1\" class=\"attachment-large size-large\" alt=\"\" aria-describedby=\"gallery-1-7547\" srcset=\"https:\/\/i0.wp.com\/prague.wordcamp.org\/2019\/files\/2019\/03\/IMG_1804_1.jpg?w=3840&amp;ssl=1 3840w, https:\/\/i0.wp.com\/prague.wordcamp.org\/2019\/files\/2019\/03\/IMG_1804_1.jpg?resize=300%2C200&amp;ssl=1 300w, https:\/\/i0.wp.com\/prague.wordcamp.org\/2019\/files\/2019\/03\/IMG_1804_1.jpg?resize=768%2C512&amp;ssl=1 768w, https:\/\/i0.wp.com\/prague.wordcamp.org\/2019\/files\/2019\/03\/IMG_1804_1.jpg?resize=1024%2C683&amp;ssl=1 1024w, https:\/\/i0.wp.com\/prague.wordcamp.org\/2019\/files\/2019\/03\/IMG_1804_1.jpg?resize=450%2C300&amp;ssl=1 450w, https:\/\/i0.wp.com\/prague.wordcamp.org\/2019\/files\/2019\/03\/IMG_1804_1.jpg?w=1320&amp;ssl=1 1320w, https:\/\/i0.wp.com\/prague.wordcamp.org\/2019\/files\/2019\/03\/IMG_1804_1.jpg?w=1980&amp;ssl=1 1980w\" sizes=\"auto, (max-width: 660px) 100vw, 660px\" \/>\n\t\t\t<\/div>\n\t\t\t\t<figcaption class='wp-caption-text gallery-caption' id='gallery-1-7547'>\n\t\t\t\tSva\u010dinka\n\t\t\t\t<\/figcaption><\/figure><figure class='gallery-item'>\n\t\t\t<div class='gallery-icon landscape'>\n\t\t\t\t<img loading=\"lazy\" decoding=\"async\" width=\"660\" height=\"440\" src=\"https:\/\/i0.wp.com\/prague.wordcamp.org\/2019\/files\/2019\/03\/IMG_1989_1.jpg?fit=660%2C440&amp;ssl=1\" class=\"attachment-large size-large\" alt=\"\" aria-describedby=\"gallery-1-7548\" srcset=\"https:\/\/i0.wp.com\/prague.wordcamp.org\/2019\/files\/2019\/03\/IMG_1989_1.jpg?w=3840&amp;ssl=1 3840w, https:\/\/i0.wp.com\/prague.wordcamp.org\/2019\/files\/2019\/03\/IMG_1989_1.jpg?resize=300%2C200&amp;ssl=1 300w, https:\/\/i0.wp.com\/prague.wordcamp.org\/2019\/files\/2019\/03\/IMG_1989_1.jpg?resize=768%2C512&amp;ssl=1 768w, https:\/\/i0.wp.com\/prague.wordcamp.org\/2019\/files\/2019\/03\/IMG_1989_1.jpg?resize=1024%2C683&amp;ssl=1 1024w, https:\/\/i0.wp.com\/prague.wordcamp.org\/2019\/files\/2019\/03\/IMG_1989_1.jpg?resize=450%2C300&amp;ssl=1 450w, https:\/\/i0.wp.com\/prague.wordcamp.org\/2019\/files\/2019\/03\/IMG_1989_1.jpg?w=1320&amp;ssl=1 1320w, https:\/\/i0.wp.com\/prague.wordcamp.org\/2019\/files\/2019\/03\/IMG_1989_1.jpg?w=1980&amp;ssl=1 1980w\" sizes=\"auto, (max-width: 660px) 100vw, 660px\" \/>\n\t\t\t<\/div>\n\t\t\t\t<figcaption class='wp-caption-text gallery-caption' id='gallery-1-7548'>\n\t\t\t\tOrganiz\u00e1torsk\u00fd t\u00fdm WordCamp Praha\n\t\t\t\t<\/figcaption><\/figure><figure class='gallery-item'>\n\t\t\t<div class='gallery-icon landscape'>\n\t\t\t\t<img loading=\"lazy\" decoding=\"async\" width=\"660\" height=\"440\" src=\"https:\/\/i0.wp.com\/prague.wordcamp.org\/2019\/files\/2019\/03\/IMG_2018_1.jpg?fit=660%2C440&amp;ssl=1\" class=\"attachment-large size-large\" alt=\"\" aria-describedby=\"gallery-1-7549\" srcset=\"https:\/\/i0.wp.com\/prague.wordcamp.org\/2019\/files\/2019\/03\/IMG_2018_1.jpg?w=3840&amp;ssl=1 3840w, https:\/\/i0.wp.com\/prague.wordcamp.org\/2019\/files\/2019\/03\/IMG_2018_1.jpg?resize=300%2C200&amp;ssl=1 300w, https:\/\/i0.wp.com\/prague.wordcamp.org\/2019\/files\/2019\/03\/IMG_2018_1.jpg?resize=768%2C512&amp;ssl=1 768w, https:\/\/i0.wp.com\/prague.wordcamp.org\/2019\/files\/2019\/03\/IMG_2018_1.jpg?resize=1024%2C683&amp;ssl=1 1024w, https:\/\/i0.wp.com\/prague.wordcamp.org\/2019\/files\/2019\/03\/IMG_2018_1.jpg?resize=450%2C300&amp;ssl=1 450w, https:\/\/i0.wp.com\/prague.wordcamp.org\/2019\/files\/2019\/03\/IMG_2018_1.jpg?w=1320&amp;ssl=1 1320w, https:\/\/i0.wp.com\/prague.wordcamp.org\/2019\/files\/2019\/03\/IMG_2018_1.jpg?w=1980&amp;ssl=1 1980w\" sizes=\"auto, (max-width: 660px) 100vw, 660px\" \/>\n\t\t\t<\/div>\n\t\t\t\t<figcaption class='wp-caption-text gallery-caption' id='gallery-1-7549'>\n\t\t\t\tAfterparty!!\n\t\t\t\t<\/figcaption><\/figure><figure class='gallery-item'>\n\t\t\t<div class='gallery-icon landscape'>\n\t\t\t\t<img loading=\"lazy\" decoding=\"async\" width=\"660\" height=\"440\" src=\"https:\/\/i0.wp.com\/prague.wordcamp.org\/2019\/files\/2019\/03\/IMG_2048_1.jpg?fit=660%2C440&amp;ssl=1\" class=\"attachment-large size-large\" alt=\"\" aria-describedby=\"gallery-1-7550\" srcset=\"https:\/\/i0.wp.com\/prague.wordcamp.org\/2019\/files\/2019\/03\/IMG_2048_1.jpg?w=3840&amp;ssl=1 3840w, https:\/\/i0.wp.com\/prague.wordcamp.org\/2019\/files\/2019\/03\/IMG_2048_1.jpg?resize=300%2C200&amp;ssl=1 300w, https:\/\/i0.wp.com\/prague.wordcamp.org\/2019\/files\/2019\/03\/IMG_2048_1.jpg?resize=768%2C512&amp;ssl=1 768w, https:\/\/i0.wp.com\/prague.wordcamp.org\/2019\/files\/2019\/03\/IMG_2048_1.jpg?resize=1024%2C683&amp;ssl=1 1024w, https:\/\/i0.wp.com\/prague.wordcamp.org\/2019\/files\/2019\/03\/IMG_2048_1.jpg?resize=450%2C300&amp;ssl=1 450w, https:\/\/i0.wp.com\/prague.wordcamp.org\/2019\/files\/2019\/03\/IMG_2048_1.jpg?w=1320&amp;ssl=1 1320w, https:\/\/i0.wp.com\/prague.wordcamp.org\/2019\/files\/2019\/03\/IMG_2048_1.jpg?w=1980&amp;ssl=1 1980w\" sizes=\"auto, (max-width: 660px) 100vw, 660px\" \/>\n\t\t\t<\/div>\n\t\t\t\t<figcaption class='wp-caption-text gallery-caption' id='gallery-1-7550'>\n\t\t\t\tTak na vid\u011bnou p\u0159\u00ed\u0161t\u011b \ud83d\ude42\n\t\t\t\t<\/figcaption><\/figure>\n\t\t<\/div>\n\n","protected":false},"excerpt":{"rendered":"<p>V\u0161echny fotografie najdete v albu na Google (ofici\u00e1ln\u00ed fotografka akce je\u00a0Jana N\u011bmcov\u00e1, analogov\u00e9 fotky jsou od Trimaliny a krysa_skliba).<\/p>\n","protected":false},"author":9292185,"featured_media":0,"parent":0,"menu_order":0,"comment_status":"closed","ping_status":"closed","template":"","meta":{"_crdt_document":"","jetpack_post_was_ever_published":false,"footnotes":""},"class_list":["post-1621","page","type-page","status-publish","hentry"],"jetpack_sharing_enabled":true,"jetpack_shortlink":"https:\/\/wp.me\/Pab3ys-q9","_links":{"self":[{"href":"https:\/\/prague.wordcamp.org\/2019\/wp-json\/wp\/v2\/pages\/1621","targetHints":{"allow":["GET"]}}],"collection":[{"href":"https:\/\/prague.wordcamp.org\/2019\/wp-json\/wp\/v2\/pages"}],"about":[{"href":"https:\/\/prague.wordcamp.org\/2019\/wp-json\/wp\/v2\/types\/page"}],"author":[{"embeddable":true,"href":"https:\/\/prague.wordcamp.org\/2019\/wp-json\/wp\/v2\/users\/9292185"}],"replies":[{"embeddable":true,"href":"https:\/\/prague.wordcamp.org\/2019\/wp-json\/wp\/v2\/comments?post=1621"}],"version-history":[{"count":8,"href":"https:\/\/prague.wordcamp.org\/2019\/wp-json\/wp\/v2\/pages\/1621\/revisions"}],"predecessor-version":[{"id":7561,"href":"https:\/\/prague.wordcamp.org\/2019\/wp-json\/wp\/v2\/pages\/1621\/revisions\/7561"}],"wp:attachment":[{"href":"https:\/\/prague.wordcamp.org\/2019\/wp-json\/wp\/v2\/media?parent=1621"}],"curies":[{"name":"wp","href":"https:\/\/api.w.org\/{rel}","templated":true}]}}