{"id":505,"date":"2016-12-21T14:59:14","date_gmt":"2016-12-21T13:59:14","guid":{"rendered":"http:\/\/2017.prague.wordcamp.org\/?page_id=505"},"modified":"2018-02-08T14:16:30","modified_gmt":"2018-02-08T13:16:30","slug":"media","status":"publish","type":"page","link":"https:\/\/prague.wordcamp.org\/2018\/media\/","title":{"rendered":"M\u00e9dia"},"content":{"rendered":"<h2>WordPress WordCamp Praha 2018<\/h2>\n<p>V sobotu <strong>24. \u00fanora 2018<\/strong>\u00a0se uskute\u010dn\u00ed konference <a href=\"https:\/\/2018.prague.wordcamp.org\/\">WordCamp Praha 2018<\/a>, kter\u00e1 se bude v\u011bnovat redak\u010dn\u00edmu syst\u00e9mu <strong>WordPress<\/strong> z pohledu u\u017eivatel\u016f i v\u00fdvoj\u00e1\u0159\u016f a t\u00e9mat\u016fm t\u00fdkaj\u00edc\u00edm se tvorby a provozu internetov\u00fdch str\u00e1nek na t\u00e9to <a href=\"http:\/\/w3techs.com\/\">celo<\/a><a href=\"http:\/\/w3techs.com\/\">s<\/a><a href=\"http:\/\/w3techs.com\/\">v<\/a><a href=\"http:\/\/w3techs.com\/\">\u011btov\u011b nejroz\u0161\u00ed\u0159en\u011bj\u0161\u00ed<\/a> publika\u010dn\u00ed platform\u011b. <a href=\"https:\/\/central.wordcamp.org\/about\/\">Ve sv<\/a><a href=\"https:\/\/central.wordcamp.org\/about\/\">\u011b<\/a><a href=\"https:\/\/central.wordcamp.org\/about\/\">t\u011b<\/a> ji\u017e prob\u011bhlo celkem 771 WordCamp\u016f, v 69 m\u011bstech, 65 zem\u00edch a na 6 kontinentech, v \u010cesk\u00e9 republice se bude konat po p\u00e1t\u00e9<strong>. <\/strong>Cel\u00e1 akce bude prob\u00edhat v\u00a0prostor\u00e1ch <strong>V\u0160E v\u00a0Praze<\/strong> a nab\u00eddne n\u00e1v\u0161t\u011bvn\u00edk\u016fm celkem\u00a010 p\u0159edn\u00e1\u0161ek, 6 workshop\u016f a 6 p\u0159\u00edpadov\u00fdch studi\u00ed.<\/p>\n<p>Konference bude rozd\u011blena do dvou sou\u010dasn\u011b b\u011b\u017e\u00edc\u00edch s\u00e9ri\u00ed p\u0159edn\u00e1\u0161ek:<\/p>\n<ol>\n<li>Prvn\u00ed s\u00e9rie nazvan\u00e1 <strong><em>\u201eU\u017eivatel\u00e9<\/em>\u201c<\/strong> bude v\u011bnov\u00e1na v\u0161em blogger\u016fm, redaktor\u016fm, spr\u00e1vc\u016fm \u010di p\u0159\u00edle\u017eitostn\u00fdm u\u017eivatel\u016fm WordPress web\u016f. Bude se zab\u00fdvat zabezpe\u010den\u00edm WordPressu, problematikou koupen\u00fdch \u0161ablon, kvalitn\u00edm obsahem, propagac\u00ed a analytikou.<\/li>\n<li>Druh\u00e1 s\u00e9rie s n\u00e1zvem <strong>\u201e<em>Develope\u0159i<\/em>\u201c<\/strong> pak p\u016fjde v\u00edce do hloubky WordPressu a bude vhodn\u00e1 pro program\u00e1tory, \u010di pokro\u010dil\u00e9 u\u017eivatele.<\/li>\n<\/ol>\n<p>Na z\u00e1klad\u011b kladn\u00fdch referenc\u00ed z p\u0159edchoz\u00edho ro\u010dn\u00edku, jsme si i letos p\u0159ipravili p\u0159\u00edpadov\u00e9 studie, kter\u00e9 budou rozeb\u00edrat p\u0159\u00edklady z\u00a0praxe a se kter\u00fdmi vystoup\u00ed majitel\u00e9 \u010di provozovatel\u00e9 web\u016f nebo aplikac\u00ed <strong>postaven\u00fdch na WordPressu<\/strong>. Na konferenci bude navazovat afterparty, podporuj\u00edc\u00ed jeden z hlavn\u00edch c\u00edl\u016f konference \u2013 <strong>networking<\/strong>. Zde bude mo\u017en\u00e9 nav\u00e1zat dal\u0161\u00ed kontakty, poznat nov\u00e9 lidi a roz\u0161\u00ed\u0159it si obzory za hranice b\u011b\u017en\u00e9 konference.<\/p>\n<p><strong>Cena vstupenky<\/strong> je stanovena na <strong>499 K\u010d<\/strong>. V\u00a0prodeji je celkem <strong>450\u00a0l\u00edstk\u016f<\/strong>.<\/p>\n<ul>\n<li>Ofici\u00e1ln\u00ed str\u00e1nky: <a href=\"https:\/\/2018.prague.wordcamp.org\/\">https:\/\/2018.prague.wordcamp.org\/<\/a><\/li>\n<li>Twitter: <a href=\"https:\/\/twitter.com\/wordcamppraha\">https:\/\/twitter.com\/wordcamppraha<\/a>\u00a0(#wordcamppraha)<\/li>\n<li>Slack: <a href=\"https:\/\/wpcz.slack.com\/\">https:\/\/wpcz.slack.com\/<\/a> (v\u00edce o slacku <a href=\"http:\/\/2017.prague.wordcamp.org\/wordcamp-na-slacku\/\">zde<\/a>)<\/li>\n<li>Facebook skupina:\u00a0<a href=\"https:\/\/facebook.com\/groups\/1432345460318366\/\">https:\/\/facebook.com\/groups\/1432345460318366\/<\/a><\/li>\n<li>Facebook ud\u00e1lost:\u00a0<a href=\"https:\/\/www.facebook.com\/events\/1735858710042514\/\">https:\/\/www.facebook.com\/events\/1735858710042514\/<\/a><\/li>\n<li>Po\u0159adatel\u00e9: WordPress komunita <a href=\"http:\/\/naswp.cz\/\">N\u00e1\u0161 WordPress<\/a> s podporou dobrovoln\u00edk\u016f<\/li>\n<li>Hlavn\u00ed partne\u0159i: V\u0160E a MSD<\/li>\n<li>Sponzo\u0159i: GoDaddy, Bluehost, Jetpack, WooCommerce, WPML a dal\u0161\u00ed<\/li>\n<\/ul>\n<p>V p\u0159\u00edpad\u011b dotaz\u016f kontaktujte pros\u00edm pana Tom\u00e1\u0161e Kocifaje (hlavn\u00ed po\u0159adatel &#8211; <a href=\"mailto:kocifaj@brilo.cz\">kocifaj@brilo.cz<\/a>, <a href=\"tel:+420606743660\">+420 606 743 660<\/a>), nebo pana Vladim\u00edra Smitku (fakturace, m\u00e9dia &#8211; <a href=\"mailto:vladimir.smitka@lynt.cz\">vladimir.smitka@lynt.cz<\/a>).<\/p>\n<p>Novin\u00e1\u0159sk\u00e9 akreditace si pros\u00edm rezervujte na emailu <a href=\"mailto:vladimir.smitka@lynt.cz\">vladimir.smitka@lynt.cz<\/a>.<\/p>\n<p>Tiskov\u00e1 zpr\u00e1va ke sta\u017een\u00ed &#8211; <a href=\"\/files\/2017\/11\/wordcamp_2018_tiskova_zprava.doc\">.DOC<\/a>, <a href=\"\/files\/2017\/11\/wordcamp_2018_tiskova_zprava.pdf\" target=\"_blank\" rel=\"noopener\">.PDF<\/a><\/p>\n<h2>Logo WordCamp Praha 2018<\/h2>\n<p><a href=\"https:\/\/2018.prague.wordcamp.org\/files\/2017\/11\/wp_logo_2018_web.png\"><img loading=\"lazy\" decoding=\"async\" class=\"alignnone wp-image-2023 size-full\" src=\"https:\/\/2018.prague.wordcamp.org\/files\/2017\/11\/wp_logo_2018_web.png\" alt=\"\" width=\"248\" height=\"248\" srcset=\"https:\/\/prague.wordcamp.org\/2018\/files\/2017\/11\/wp_logo_2018_web.png 248w, https:\/\/prague.wordcamp.org\/2018\/files\/2017\/11\/wp_logo_2018_web-150x150.png 150w\" sizes=\"auto, (max-width: 248px) 100vw, 248px\" \/><\/a><\/p>\n<h2>Wapuu WordCamp Praha<\/h2>\n<p><img loading=\"lazy\" decoding=\"async\" class=\"alignnone size-medium wp-image-17\" src=\"https:\/\/2018.prague.wordcamp.org\/files\/2016\/10\/wapuuking-1024x724-300x212.png\" alt=\"\" width=\"300\" height=\"212\" \/><\/p>\n<h2>Cover<\/h2>\n<p><a href=\"https:\/\/2018.prague.wordcamp.org\/files\/2017\/11\/fb-wordcamp.jpg\"><img loading=\"lazy\" decoding=\"async\" class=\"alignnone wp-image-2075 size-full\" src=\"https:\/\/2018.prague.wordcamp.org\/files\/2017\/11\/fb-wordcamp.jpg\" alt=\"\" width=\"820\" height=\"338\" srcset=\"https:\/\/prague.wordcamp.org\/2018\/files\/2017\/11\/fb-wordcamp.jpg 820w, https:\/\/prague.wordcamp.org\/2018\/files\/2017\/11\/fb-wordcamp-300x124.jpg 300w, https:\/\/prague.wordcamp.org\/2018\/files\/2017\/11\/fb-wordcamp-768x317.jpg 768w, https:\/\/prague.wordcamp.org\/2018\/files\/2017\/11\/fb-wordcamp-500x206.jpg 500w\" sizes=\"auto, (max-width: 820px) 100vw, 820px\" \/><\/a><\/p>\n<h2>Banner<\/h2>\n<p><a href=\"https:\/\/2018.prague.wordcamp.org\/files\/2017\/11\/wordcamp-banner.jpg\"><img loading=\"lazy\" decoding=\"async\" class=\"alignnone size-full wp-image-2076\" src=\"https:\/\/2018.prague.wordcamp.org\/files\/2017\/11\/wordcamp-banner.jpg\" alt=\"\" width=\"728\" height=\"90\" srcset=\"https:\/\/prague.wordcamp.org\/2018\/files\/2017\/11\/wordcamp-banner.jpg 728w, https:\/\/prague.wordcamp.org\/2018\/files\/2017\/11\/wordcamp-banner-300x37.jpg 300w, https:\/\/prague.wordcamp.org\/2018\/files\/2017\/11\/wordcamp-banner-500x62.jpg 500w\" sizes=\"auto, (max-width: 728px) 100vw, 728px\" \/><\/a><\/p>\n<h2>Banner do sidebaru<\/h2>\n<p><a href=\"https:\/\/2018.prague.wordcamp.org\/files\/2017\/11\/wordcamp-300x300.jpg\" target=\"_blank\" rel=\"noopener\">300&#215;300<\/a><br \/>\n<a href=\"https:\/\/2018.prague.wordcamp.org\/files\/2017\/11\/wordcamp.jpg\"><img loading=\"lazy\" decoding=\"async\" class=\"alignnone wp-image-2077 size-medium\" src=\"https:\/\/2018.prague.wordcamp.org\/files\/2017\/11\/wordcamp-300x300.jpg\" alt=\"\" width=\"300\" height=\"300\" srcset=\"https:\/\/prague.wordcamp.org\/2018\/files\/2017\/11\/wordcamp-300x300.jpg 300w, https:\/\/prague.wordcamp.org\/2018\/files\/2017\/11\/wordcamp-150x150.jpg 150w, https:\/\/prague.wordcamp.org\/2018\/files\/2017\/11\/wordcamp.jpg 482w\" sizes=\"auto, (max-width: 300px) 100vw, 300px\" \/><\/a><\/p>\n<pre>K\u00f3d pro um\u00edst\u011bn\u00ed banneru:\r\n&lt;a href=\"https:\/\/2018.prague.wordcamp.org\/program\/\"&gt;&lt;img src=\"https:\/\/2018.prague.wordcamp.org\/files\/2017\/11\/wordcamp-300x300.jpg\" alt=\"WordCamp Praha 2018\" width=\"300\" height=\"300\" \/&gt;&lt;\/a&gt;<\/pre>\n<p><a href=\"https:\/\/2018.prague.wordcamp.org\/files\/2018\/01\/wordcamp_2.jpg\" target=\"_blank\" rel=\"noopener\">250&#215;250<\/a><br \/>\n<img loading=\"lazy\" decoding=\"async\" class=\"alignnone size-full wp-image-3300\" src=\"https:\/\/2018.prague.wordcamp.org\/files\/2018\/01\/wordcamp_praha_2.jpg\" alt=\"\" width=\"250\" height=\"250\" srcset=\"https:\/\/prague.wordcamp.org\/2018\/files\/2018\/01\/wordcamp_praha_2.jpg 250w, https:\/\/prague.wordcamp.org\/2018\/files\/2018\/01\/wordcamp_praha_2-150x150.jpg 150w\" sizes=\"auto, (max-width: 250px) 100vw, 250px\" \/><\/p>\n<pre>K\u00f3d pro um\u00edst\u011bn\u00ed banneru:\r\n&lt;a href=\"https:\/\/2018.prague.wordcamp.org\/\"&gt;&lt;img src=\"https:\/\/2018.prague.wordcamp.org\/files\/2018\/01\/wordcamp_praha_2.jpg\" alt=\"WordCamp Praha 2018\" width=\"250\" height=\"250\" \/&gt;&lt;\/a&gt;<\/pre>\n<p><a href=\"https:\/\/2018.prague.wordcamp.org\/files\/2018\/01\/wordcamp_1.jpg\" target=\"_blank\" rel=\"noopener\">250&#215;250<\/a><br \/>\n<img loading=\"lazy\" decoding=\"async\" class=\"alignnone size-full wp-image-3299\" src=\"https:\/\/2018.prague.wordcamp.org\/files\/2018\/01\/wordcamp_praha_1.jpg\" alt=\"\" width=\"250\" height=\"250\" srcset=\"https:\/\/prague.wordcamp.org\/2018\/files\/2018\/01\/wordcamp_praha_1.jpg 250w, https:\/\/prague.wordcamp.org\/2018\/files\/2018\/01\/wordcamp_praha_1-150x150.jpg 150w\" sizes=\"auto, (max-width: 250px) 100vw, 250px\" \/><\/p>\n<pre>K\u00f3d pro um\u00edst\u011bn\u00ed banneru:\r\n&lt;a href=\"https:\/\/2018.prague.wordcamp.org\/\"&gt;&lt;img src=\"https:\/\/2018.prague.wordcamp.org\/files\/2018\/01\/wordcamp_praha_1.jpg\" alt=\"WordCamp Praha 2018\" width=\"250\" height=\"250\" \/&gt;&lt;\/a&gt;<\/pre>\n<p><a href=\"https:\/\/2018.prague.wordcamp.org\/files\/2018\/01\/wordcamp_3.jpg\" target=\"_blank\" rel=\"noopener\">250&#215;250<\/a><br \/>\n<img loading=\"lazy\" decoding=\"async\" class=\"alignnone size-full wp-image-3301\" src=\"https:\/\/2018.prague.wordcamp.org\/files\/2018\/01\/wordcamp_praha_3.jpg\" alt=\"\" width=\"250\" height=\"250\" srcset=\"https:\/\/prague.wordcamp.org\/2018\/files\/2018\/01\/wordcamp_praha_3.jpg 250w, https:\/\/prague.wordcamp.org\/2018\/files\/2018\/01\/wordcamp_praha_3-150x150.jpg 150w\" sizes=\"auto, (max-width: 250px) 100vw, 250px\" \/><\/p>\n<pre>K\u00f3d pro um\u00edst\u011bn\u00ed banneru:\r\n&lt;a href=\"https:\/\/2018.prague.wordcamp.org\/program\/\"&gt;&lt;img src=\"https:\/\/2018.prague.wordcamp.org\/files\/2018\/01\/wordcamp_praha_3.jpg\" alt=\"WordCamp Praha 2018\" width=\"250\" height=\"250\" \/&gt;&lt;\/a&gt;<\/pre>\n<p><a href=\"https:\/\/2018.prague.wordcamp.org\/files\/2018\/01\/wordcamp_4.jpg\" target=\"_blank\" rel=\"noopener\">250&#215;250<\/a><br \/>\n<img loading=\"lazy\" decoding=\"async\" class=\"alignnone size-full wp-image-3302\" src=\"https:\/\/2018.prague.wordcamp.org\/files\/2018\/01\/wordcamp_praha_4.jpg\" alt=\"\" width=\"250\" height=\"250\" srcset=\"https:\/\/prague.wordcamp.org\/2018\/files\/2018\/01\/wordcamp_praha_4.jpg 250w, https:\/\/prague.wordcamp.org\/2018\/files\/2018\/01\/wordcamp_praha_4-150x150.jpg 150w\" sizes=\"auto, (max-width: 250px) 100vw, 250px\" \/><\/p>\n<pre>K\u00f3d pro um\u00edst\u011bn\u00ed banneru:\r\n&lt;a href=\"https:\/\/2018.prague.wordcamp.org\/\"&gt;&lt;img src=\"https:\/\/2018.prague.wordcamp.org\/files\/2018\/01\/wordcamp_praha_4.jpg\" alt=\"WordCamp Praha 2018\" width=\"250\" height=\"250\" \/&gt;&lt;\/a&gt;<\/pre>\n<p><a href=\"https:\/\/2018.prague.wordcamp.org\/files\/2018\/01\/wordcamp_5.jpg\" target=\"_blank\" rel=\"noopener\">250&#215;250<\/a><br \/>\n<img loading=\"lazy\" decoding=\"async\" class=\"alignnone size-full wp-image-3303\" src=\"https:\/\/2018.prague.wordcamp.org\/files\/2018\/01\/wordcamp_praha_5.jpg\" alt=\"\" width=\"250\" height=\"250\" srcset=\"https:\/\/prague.wordcamp.org\/2018\/files\/2018\/01\/wordcamp_praha_5.jpg 250w, https:\/\/prague.wordcamp.org\/2018\/files\/2018\/01\/wordcamp_praha_5-150x150.jpg 150w\" sizes=\"auto, (max-width: 250px) 100vw, 250px\" \/><\/p>\n<pre>K\u00f3d pro um\u00edst\u011bn\u00ed banneru:\r\n&lt;a href=\"https:\/\/2018.prague.wordcamp.org\/\"&gt;&lt;img src=\"https:\/\/2018.prague.wordcamp.org\/files\/2018\/01\/wordcamp_praha_5.jpg\" alt=\"WordCamp Praha 2018\" width=\"250\" height=\"250\" \/&gt;&lt;\/a&gt;<\/pre>\n<h2>Standardn\u00ed bannery<\/h2>\n<p><a href=\"https:\/\/2018.prague.wordcamp.org\/files\/2017\/11\/wpcamp2018_160x600.jpg\" target=\"_blank\" rel=\"noopener\">160&#215;600<\/a><br \/>\n<img loading=\"lazy\" decoding=\"async\" class=\"alignnone size-full wp-image-2835\" src=\"https:\/\/2018.prague.wordcamp.org\/files\/2017\/12\/wpcamp2018_160x600.jpg\" alt=\"\" width=\"160\" height=\"600\" srcset=\"https:\/\/prague.wordcamp.org\/2018\/files\/2017\/12\/wpcamp2018_160x600.jpg 160w, https:\/\/prague.wordcamp.org\/2018\/files\/2017\/12\/wpcamp2018_160x600-80x300.jpg 80w\" sizes=\"auto, (max-width: 160px) 100vw, 160px\" \/><\/p>\n<p><a href=\"https:\/\/2018.prague.wordcamp.org\/files\/2017\/11\/wpcamp2018_250x250_B.jpg\" target=\"_blank\" rel=\"noopener\">verze 1 &#8211; 250&#215;250<\/a><br \/>\n<img loading=\"lazy\" decoding=\"async\" class=\"alignnone size-medium wp-image-2836\" src=\"https:\/\/2018.prague.wordcamp.org\/files\/2017\/12\/wpcamp2018_250x250.jpg\" alt=\"\" width=\"250\" height=\"250\" srcset=\"https:\/\/prague.wordcamp.org\/2018\/files\/2017\/12\/wpcamp2018_250x250.jpg 250w, https:\/\/prague.wordcamp.org\/2018\/files\/2017\/12\/wpcamp2018_250x250-150x150.jpg 150w\" sizes=\"auto, (max-width: 250px) 100vw, 250px\" \/><\/p>\n<p><a href=\"https:\/\/2018.prague.wordcamp.org\/files\/2017\/11\/wpcamp2018_250x250.jpg\" target=\"_blank\" rel=\"noopener\">verze 2 &#8211; 250&#215;250<\/a><br \/>\n<img loading=\"lazy\" decoding=\"async\" class=\"alignnone size-medium wp-image-2837\" src=\"https:\/\/2018.prague.wordcamp.org\/files\/2017\/12\/wpcamp2018_250x250_B.jpg\" alt=\"\" width=\"250\" height=\"250\" srcset=\"https:\/\/prague.wordcamp.org\/2018\/files\/2017\/12\/wpcamp2018_250x250_B.jpg 250w, https:\/\/prague.wordcamp.org\/2018\/files\/2017\/12\/wpcamp2018_250x250_B-150x150.jpg 150w\" sizes=\"auto, (max-width: 250px) 100vw, 250px\" \/><\/p>\n<p><a href=\"https:\/\/2018.prague.wordcamp.org\/files\/2017\/11\/wpcamp2018_300x250.jpg\" target=\"_blank\" rel=\"noopener\">300&#215;250<\/a><br \/>\n<img loading=\"lazy\" decoding=\"async\" class=\"alignnone size-medium wp-image-2838\" src=\"https:\/\/2018.prague.wordcamp.org\/files\/2017\/12\/wpcamp2018_300x250.jpg\" alt=\"\" width=\"300\" height=\"250\" \/><\/p>\n<p><a href=\"https:\/\/2018.prague.wordcamp.org\/files\/2017\/11\/wpcamp2018_300x300.jpg\" target=\"_blank\" rel=\"noopener\">300&#215;300<\/a><br \/>\n<img loading=\"lazy\" decoding=\"async\" class=\"alignnone size-medium wp-image-2839\" src=\"https:\/\/2018.prague.wordcamp.org\/files\/2017\/12\/wpcamp2018_300x300.jpg\" alt=\"\" width=\"300\" height=\"300\" srcset=\"https:\/\/prague.wordcamp.org\/2018\/files\/2017\/12\/wpcamp2018_300x300.jpg 300w, https:\/\/prague.wordcamp.org\/2018\/files\/2017\/12\/wpcamp2018_300x300-150x150.jpg 150w\" sizes=\"auto, (max-width: 300px) 100vw, 300px\" \/><\/p>\n<p><a href=\"https:\/\/2018.prague.wordcamp.org\/files\/2017\/11\/wpcamp2018_300x600.jpg\" target=\"_blank\" rel=\"noopener\">300&#215;600<\/a><br \/>\n<img loading=\"lazy\" decoding=\"async\" class=\"alignnone size-medium wp-image-2840\" src=\"https:\/\/2018.prague.wordcamp.org\/files\/2017\/12\/wpcamp2018_300x600.jpg\" alt=\"\" width=\"300\" height=\"600\" srcset=\"https:\/\/prague.wordcamp.org\/2018\/files\/2017\/12\/wpcamp2018_300x600.jpg 300w, https:\/\/prague.wordcamp.org\/2018\/files\/2017\/12\/wpcamp2018_300x600-150x300.jpg 150w\" sizes=\"auto, (max-width: 300px) 100vw, 300px\" \/><\/p>\n<p><a href=\"https:\/\/2018.prague.wordcamp.org\/files\/2017\/11\/wpcamp2018_320x100.jpg\" target=\"_blank\" rel=\"noopener\">320&#215;100<\/a><br \/>\n<img loading=\"lazy\" decoding=\"async\" class=\"alignnone size-medium wp-image-2841\" src=\"https:\/\/2018.prague.wordcamp.org\/files\/2017\/12\/wpcamp2018_320x100-300x94.jpg\" alt=\"\" width=\"300\" height=\"94\" srcset=\"https:\/\/prague.wordcamp.org\/2018\/files\/2017\/12\/wpcamp2018_320x100-300x94.jpg 300w, https:\/\/prague.wordcamp.org\/2018\/files\/2017\/12\/wpcamp2018_320x100.jpg 320w\" sizes=\"auto, (max-width: 300px) 100vw, 300px\" \/><\/p>\n<p><a href=\"https:\/\/2018.prague.wordcamp.org\/files\/2017\/11\/wpcamp2018_336x280.jpg\" target=\"_blank\" rel=\"noopener\">336&#215;280<\/a><br \/>\n<img loading=\"lazy\" decoding=\"async\" class=\"alignnone size-medium wp-image-2842\" src=\"https:\/\/2018.prague.wordcamp.org\/files\/2017\/12\/wpcamp2018_336x280.jpg\" alt=\"\" width=\"336\" height=\"280\" srcset=\"https:\/\/prague.wordcamp.org\/2018\/files\/2017\/12\/wpcamp2018_336x280.jpg 336w, https:\/\/prague.wordcamp.org\/2018\/files\/2017\/12\/wpcamp2018_336x280-300x250.jpg 300w\" sizes=\"auto, (max-width: 336px) 100vw, 336px\" \/><\/p>\n<p><a href=\"https:\/\/2018.prague.wordcamp.org\/files\/2017\/11\/wpcamp2018_468x60.jpg\" target=\"_blank\" rel=\"noopener\">468\u00d760<\/a><br \/>\n<img loading=\"lazy\" decoding=\"async\" class=\"alignnone size-medium wp-image-2843\" src=\"https:\/\/2018.prague.wordcamp.org\/files\/2017\/12\/wpcamp2018_468x60.jpg\" alt=\"\" width=\"468\" height=\"60\" srcset=\"https:\/\/prague.wordcamp.org\/2018\/files\/2017\/12\/wpcamp2018_468x60.jpg 468w, https:\/\/prague.wordcamp.org\/2018\/files\/2017\/12\/wpcamp2018_468x60-300x38.jpg 300w\" sizes=\"auto, (max-width: 468px) 100vw, 468px\" \/><\/p>\n<p><a href=\"https:\/\/2018.prague.wordcamp.org\/files\/2017\/11\/wpcamp2018_600x500.jpg\" target=\"_blank\" rel=\"noopener\">600&#215;500<\/a><br \/>\n<img loading=\"lazy\" decoding=\"async\" class=\"alignnone size-medium wp-image-2844\" src=\"https:\/\/2018.prague.wordcamp.org\/files\/2017\/12\/wpcamp2018_600x500.jpg\" alt=\"\" width=\"600\" height=\"500\" srcset=\"https:\/\/prague.wordcamp.org\/2018\/files\/2017\/12\/wpcamp2018_600x500.jpg 600w, https:\/\/prague.wordcamp.org\/2018\/files\/2017\/12\/wpcamp2018_600x500-300x250.jpg 300w, https:\/\/prague.wordcamp.org\/2018\/files\/2017\/12\/wpcamp2018_600x500-360x300.jpg 360w\" sizes=\"auto, (max-width: 600px) 100vw, 600px\" \/><\/p>\n<p><a href=\"https:\/\/2018.prague.wordcamp.org\/files\/2017\/11\/wpcamp2018_728x90.jpg\" target=\"_blank\" rel=\"noopener\">728\u00d790<\/a><br \/>\n<img loading=\"lazy\" decoding=\"async\" class=\"alignnone size-medium wp-image-2845\" src=\"https:\/\/2018.prague.wordcamp.org\/files\/2017\/12\/wpcamp2018_728x90.jpg\" alt=\"\" width=\"728\" height=\"90\" srcset=\"https:\/\/prague.wordcamp.org\/2018\/files\/2017\/12\/wpcamp2018_728x90.jpg 728w, https:\/\/prague.wordcamp.org\/2018\/files\/2017\/12\/wpcamp2018_728x90-300x37.jpg 300w, https:\/\/prague.wordcamp.org\/2018\/files\/2017\/12\/wpcamp2018_728x90-500x62.jpg 500w\" sizes=\"auto, (max-width: 728px) 100vw, 728px\" \/><\/p>\n","protected":false},"excerpt":{"rendered":"<p>WordPress WordCamp Praha 2018 V sobotu 24. \u00fanora 2018\u00a0se uskute\u010dn\u00ed konference WordCamp Praha 2018, kter\u00e1 se bude v\u011bnovat redak\u010dn\u00edmu syst\u00e9mu WordPress z pohledu u\u017eivatel\u016f i v\u00fdvoj\u00e1\u0159\u016f a t\u00e9mat\u016fm t\u00fdkaj\u00edc\u00edm se tvorby a provozu internetov\u00fdch str\u00e1nek na t\u00e9to celosv\u011btov\u011b nejroz\u0161\u00ed\u0159en\u011bj\u0161\u00ed publika\u010dn\u00ed platform\u011b. Ve sv\u011bt\u011b ji\u017e prob\u011bhlo celkem 771 WordCamp\u016f, v 69 m\u011bstech, 65 zem\u00edch a na &hellip; <a href=\"https:\/\/prague.wordcamp.org\/2018\/media\/\" class=\"more-link\">Pokra\u010dov\u00e1n\u00ed textu <span class=\"screen-reader-text\">M\u00e9dia<\/span><\/a><\/p>\n","protected":false},"author":8611069,"featured_media":0,"parent":0,"menu_order":0,"comment_status":"closed","ping_status":"closed","template":"","meta":{"jetpack_post_was_ever_published":false,"footnotes":""},"class_list":["post-505","page","type-page","status-publish","hentry"],"jetpack_sharing_enabled":true,"jetpack_shortlink":"https:\/\/wp.me\/P9mVeK-89","_links":{"self":[{"href":"https:\/\/prague.wordcamp.org\/2018\/wp-json\/wp\/v2\/pages\/505","targetHints":{"allow":["GET"]}}],"collection":[{"href":"https:\/\/prague.wordcamp.org\/2018\/wp-json\/wp\/v2\/pages"}],"about":[{"href":"https:\/\/prague.wordcamp.org\/2018\/wp-json\/wp\/v2\/types\/page"}],"author":[{"embeddable":true,"href":"https:\/\/prague.wordcamp.org\/2018\/wp-json\/wp\/v2\/users\/8611069"}],"replies":[{"embeddable":true,"href":"https:\/\/prague.wordcamp.org\/2018\/wp-json\/wp\/v2\/comments?post=505"}],"version-history":[{"count":36,"href":"https:\/\/prague.wordcamp.org\/2018\/wp-json\/wp\/v2\/pages\/505\/revisions"}],"predecessor-version":[{"id":3755,"href":"https:\/\/prague.wordcamp.org\/2018\/wp-json\/wp\/v2\/pages\/505\/revisions\/3755"}],"wp:attachment":[{"href":"https:\/\/prague.wordcamp.org\/2018\/wp-json\/wp\/v2\/media?parent=505"}],"curies":[{"name":"wp","href":"https:\/\/api.w.org\/{rel}","templated":true}]}}