{"id":1866,"date":"2016-11-08T12:53:51","date_gmt":"2016-11-08T12:53:51","guid":{"rendered":"http:\/\/2017.prague.wordcamp.org\/?page_id=69"},"modified":"2019-11-08T09:56:28","modified_gmt":"2019-11-08T08:56:28","slug":"wordcamp-praha-2017","status":"publish","type":"page","link":"https:\/\/prague.wordcamp.org\/2018\/","title":{"rendered":"WordCamp Praha 2018"},"content":{"rendered":"<div align=\"center\"><a class=\"btn-pozvanka\" href=\"https:\/\/2020.prague.wordcamp.org\/program\/\"><span style=\"color: #fff\">WordCamp Praha 2020 &#8211; 29.2.<\/span><\/a><\/div>\n<p>&nbsp;<\/p>\n<p>Konference <strong>WordCamp Praha 2018<\/strong>\u00a0je ur\u010den\u00e1 pro v\u0161echny fanou\u0161ky redak\u010dn\u00edho syst\u00e9mu <a href=\"https:\/\/wordpress.org\/\">WordPress<\/a>.<br \/>\nUskute\u010dnil se <strong>24. 2. 2018<\/strong> v Praze na <a href=\"https:\/\/www.vse.cz\/\">V\u0160E<\/a>\u00a0a\u00a0jako nev\u00fdd\u011ble\u010dn\u00e1 akce nab\u00eddl n\u00e1v\u0161t\u011bvn\u00edk\u016fm celkem\u00a010 p\u0159edn\u00e1\u0161ek, 6\u00a0workshop\u016f, 6\u00a0p\u0159\u00edpadov\u00fdch studi\u00ed a spoustu dal\u0161\u00edho.<\/p>\n<p>P\u0159edn\u00e1\u0161ky byly rozd\u011blen\u00e9 na dva proudy &#8211; pro v\u00fdvoj\u00e1\u0159e a\u00a0pro u\u017eivatele. Svou p\u0159edn\u00e1\u0161ku si tedy na\u0161li jak <strong>za\u010d\u00e1te\u010dn\u00edci<\/strong>, kte\u0159\u00ed se nau\u010d\u00ed sv\u016fj syst\u00e9m l\u00e9pe ovl\u00e1dat a udr\u017eovat, tak i <strong>pokro\u010dil\u00ed u\u017eivatel\u00e9<\/strong>, jim\u017e\u00a0p\u0159edn\u00e1\u0161ej\u00edc\u00ed uk\u00e1zali, jak ze sv\u00e9ho webu dostat maximum. <strong>V\u00fdvoj\u00e1\u0159i<\/strong> se zase nau\u010d\u00ed pracovat s nov\u00fdmi technologiemi, kter\u00e9 WP nab\u00edz\u00ed.<\/p>\n<ol>\n<li>Prvn\u00ed s\u00e9rie p\u0159edn\u00e1\u0161ek nazvan\u00e1\u00a0<strong><em>\u201eU\u017eivatel\u00e9<\/em>\u201c<\/strong>\u00a0bude tedy v\u011bnov\u00e1na v\u0161em blogger\u016fm, redaktor\u016fm, spr\u00e1vc\u016fm \u010di p\u0159\u00edle\u017eitostn\u00fdm u\u017eivatel\u016fm WordPress web\u016f. Bude se zab\u00fdvat zabezpe\u010den\u00edm WordPressu, problematikou koupen\u00fdch \u0161ablon, kvalitn\u00edm obsahem, propagac\u00ed a analytikou.<\/li>\n<li>Druh\u00e1 s\u00e9rie p\u0159edn\u00e1\u0161ek s n\u00e1zvem\u00a0<strong>\u201e<em>Develope\u0159i<\/em>\u201c<\/strong>\u00a0pak p\u016fjde v\u00edce do hloubky WordPressu a bude vhodn\u00e1 pro program\u00e1tory, \u010di pokro\u010dil\u00e9 u\u017eivatele.<\/li>\n<\/ol>\n<p><a href=\"https:\/\/central.wordcamp.org\/about\/\">Ve sv\u011bt\u011b<\/a>\u00a0ji\u017e WordCamp prob\u011bhl celkem v 65 zem\u00edch na 6 kontinentech, v\u00a0\u010cesk\u00e9 republice se bude konat po p\u00e1t\u00e9<strong>.\u00a0<\/strong><\/p>\n<div align=\"center\"><a class=\"btn-pozvanka\" href=\"https:\/\/2018.prague.wordcamp.org\/program\/\"><span style=\"color: #fff\">Prohl\u00e9dnout program<\/span><\/a><\/div>\n<p>Na z\u00e1klad\u011b kladn\u00fdch referenc\u00ed z p\u0159edchoz\u00edho ro\u010dn\u00edku, jsme si letos p\u0159ipravili <strong>6 p\u0159\u00edpadov\u00fdch studi\u00ed<\/strong>, kter\u00e9 budou rozeb\u00edrat p\u0159\u00edklady z\u00a0praxe a se kter\u00fdmi vystoup\u00ed majitel\u00e9 \u010di provozovatel\u00e9 web\u016f nebo aplikac\u00ed\u00a0<strong>postaven\u00fdch na WordPressu<\/strong>.<\/p>\n<p>Nov\u011b je p\u0159ipraveno tak\u00e9 <strong>6 workshop\u016f<\/strong>, kde nahl\u00e9dnete je\u0161t\u011b v\u00edce pod pokli\u010dku WordPressu a lid\u00ed, kte\u0159\u00ed ho ovl\u00e1daj\u00ed.<\/p>\n<p>Na konferenci bude navazovat afterparty, podporuj\u00edc\u00ed jeden z hlavn\u00edch c\u00edl\u016f konference \u2013\u00a0<strong>networking<\/strong>. Zde bude mo\u017en\u00e9 nav\u00e1zat dal\u0161\u00ed kontakty, poznat nov\u00e9 lidi a roz\u0161\u00ed\u0159it si obzory za hranice b\u011b\u017en\u00e9 konference. S k\u00fdm se na konferenci potk\u00e1te (kdo si ji\u017e l\u00edstek zakoupil), m\u016f\u017eete sledovat dole na str\u00e1nce <a href=\"https:\/\/2018.prague.wordcamp.org\/vstupenky\/\">Vstupenky<\/a>.<\/p>\n<p><img loading=\"lazy\" decoding=\"async\" class=\"alignnone size-full wp-image-2075\" src=\"https:\/\/2018.prague.wordcamp.org\/files\/2017\/11\/fb-wordcamp.jpg\" alt=\"\" width=\"820\" height=\"338\" srcset=\"https:\/\/prague.wordcamp.org\/2018\/files\/2017\/11\/fb-wordcamp.jpg 820w, https:\/\/prague.wordcamp.org\/2018\/files\/2017\/11\/fb-wordcamp-300x124.jpg 300w, https:\/\/prague.wordcamp.org\/2018\/files\/2017\/11\/fb-wordcamp-768x317.jpg 768w, https:\/\/prague.wordcamp.org\/2018\/files\/2017\/11\/fb-wordcamp-500x206.jpg 500w\" sizes=\"auto, (max-width: 820px) 100vw, 820px\" \/><\/p>\n<h2>Dal\u0161\u00ed informace<\/h2>\n<ul>\n<li>Twitter: pou\u017e\u00edvejte hashtag \u00a0<strong>#wordcamppraha\u00a0<\/strong>a sledujte \u00fa\u010det\u00a0<strong><a href=\"https:\/\/twitter.com\/WordCampPraha\">@WordCampPraha <\/a><\/strong><\/li>\n<li><strong><a href=\"https:\/\/www.facebook.com\/wordpresscr\/\" target=\"_blank\" rel=\"noopener noreferrer\">Facebook str\u00e1nky<\/a><\/strong> \u010desk\u00e9 WordPress komunity<\/li>\n<li><strong><a href=\"https:\/\/wpcz.slack.com\">Slack<\/a><\/strong> \u010desk\u00e9 WordPress komunity (v\u00edce o Slacku naleznete v <a href=\"\/wordcamp-na-slacku\/\">\u010dl\u00e1nku<\/a>)<\/li>\n<\/ul>\n<h2>Novinky<\/h2>\n<p><a href=\"\/jaky-byl-wordcamp-praha-2017\/\">Jak\u00fd byl WordCamp 2017<\/a><br \/>\n<a href=\"\/petr-toman-a-divi-workshop-rozhovor\/\">Petr Toman a DIVI workshop \u2013 rozhovor<\/a><br \/>\n<a href=\"\/vladislav-musilek-predstaveni-prednasejiciho\/\">Vladislav Mus\u00edlek \u2013 p\u0159edstaven\u00ed p\u0159edn\u00e1\u0161ej\u00edc\u00edho<\/a><br \/>\n<a href=\"\/tomas-cirkl-predstaveni-prednasejiciho\/\">Tom\u00e1\u0161 Cirkl \u2013 p\u0159edstaven\u00ed p\u0159edn\u00e1\u0161ej\u00edc\u00edho<\/a><br \/>\n<a href=\"\/mysko-kopecky-nastesti-uz-s-wordpressem-nemusim-pracovat\/\">My\u0161ko Kopeck\u00fd \u2013 Na\u0161t\u011bst\u00ed u\u017e s WordPressem nemus\u00edm pracovat<\/a><br \/>\n<a href=\"\/martin-bugner-predstaveni-prednasejiciho\/\">Martin Bugner \u2013 p\u0159edstaven\u00ed p\u0159edn\u00e1\u0161ej\u00edc\u00edho<\/a><br \/>\n<a href=\"\/workshop-instalace-wordpress-pripravte-si\/\">Workshop \u201eInstalace WordPress\u201c \u2013 p\u0159ipravte si<\/a><br \/>\n<a href=\"\/vyhlaseni-souteze-pomozte-nam-propagovat-wordcamp\/\">Vyhl\u00e1\u0161en\u00ed sout\u011b\u017ee \u201ePomozte n\u00e1m propagovat WordCamp\u201c<\/a><br \/>\n<a href=\"\/marek-gach-predstaveni-prednasejiciho\/\">Marek Gach \u2013 p\u0159edstaven\u00ed p\u0159edn\u00e1\u0161ej\u00edc\u00edho<\/a><br \/>\n<a href=\"\/josef-kroupa-predstaveni-prednasejiciho\/\">Josef Kroupa \u2013 O svatb\u00e1ch, lidech a rychl\u00e9m WordPress webu<\/a><\/p>\n<p><a href=\"https:\/\/2018.prague.wordcamp.org\/novinky\/\">&#8230; dal\u0161\u00ed novinky<\/a><\/p>\n<h2>I vy jste mohli propagovat WordCamp<\/h2>\n<p>M\u011bli jste \u00fa\u017easnou a jedine\u010dnou mo\u017enost pomoci n\u00e1m s propagac\u00ed konference. P\u0159e\u010dtete si <a href=\"https:\/\/2018.prague.wordcamp.org\/pomozte-nam-propagovat-wordcamp\/\">tento \u010dl\u00e1nek<\/a>.<\/p>\n<h4>Dejte v\u011bd\u011bt, \u017ee se z\u00fa\u010dastn\u00edte<\/h4>\n<p><a href=\"https:\/\/www.facebook.com\/events\/1735858710042514\/\">Na str\u00e1nce Facebook ud\u00e1losti<\/a> klikn\u011bte na &#8222;Z\u00fa\u010dastn\u00edm se&#8220;<\/p>\n<h2>Sponzo\u0159i<\/h2>\n<p>Cel\u00e1 akce je nev\u00fdd\u011ble\u010dn\u00e1. Za po\u0159\u00e1d\u00e1n\u00ed podobn\u00fdch <a href=\"http:\/\/naswp.cz\/\">komunitn\u00edch WordPress akc\u00ed<\/a> m\u016f\u017eete pod\u011bkovat p\u0159edev\u0161\u00edm <a href=\"https:\/\/2018.prague.wordcamp.org\/organizatori\/\">organiz\u00e1tor\u016fm<\/a> a sponzor\u016fm.<\/p>\n<p>Pokud chcete komunit\u011b pomoci, nab\u00edz\u00edme v\u00e1m n\u011bkolik \u00farovn\u00ed sponzorstv\u00ed. Detaily naleznete v dokumentu\u00a0<a href=\"\/files\/2017\/12\/sponzoring_wordcamp_2018.pdf\" target=\"_blank\" rel=\"noopener noreferrer\">Sponzorstv\u00ed WordCamp Prague 2018<\/a>.<\/p>\n<h2>Hlavn\u00ed partne\u0159i<\/h2>\n<p><a href=\"https:\/\/www.vse.cz\/\"><img loading=\"lazy\" decoding=\"async\" class=\"wp-image-715 alignleft\" src=\"https:\/\/2018.prague.wordcamp.org\/files\/2016\/11\/vse.png\" width=\"97\" height=\"98\" \/><\/a><a href=\"https:\/\/www.msdit.cz\/\"><img loading=\"lazy\" decoding=\"async\" class=\"wp-image-716 alignleft\" src=\"https:\/\/2018.prague.wordcamp.org\/files\/2016\/11\/msd_c-1.jpg\" width=\"209\" height=\"98\" \/><\/a> <img loading=\"lazy\" decoding=\"async\" class=\"wp-image-6 alignleft\" src=\"https:\/\/2018.prague.wordcamp.org\/files\/2017\/12\/jetpack-horizontal-white-bg-300x105.png\" alt=\"\" width=\"169\" height=\"59\" \/><img loading=\"lazy\" decoding=\"async\" class=\"wp-image-4 alignleft\" src=\"https:\/\/2018.prague.wordcamp.org\/files\/2017\/12\/woocommerce_logo-300x60.png\" alt=\"\" width=\"300\" height=\"60\" \/><\/p>\n<h3>Zlat\u00ed sponzo\u0159i<\/h3>\n<p><a href=\"http:\/\/www.cesky-hosting.cz\/\"><img loading=\"lazy\" decoding=\"async\" class=\"wp-image-2167 size-full alignleft\" src=\"https:\/\/2018.prague.wordcamp.org\/files\/2017\/12\/logo-cesky-hosting.jpg\" alt=\"logo-cesky-hosting\" width=\"200\" height=\"150\" \/><\/a><br \/>\n<img loading=\"lazy\" decoding=\"async\" class=\"alignleft size-medium wp-image-3677\" src=\"https:\/\/2018.prague.wordcamp.org\/files\/2018\/02\/GoDaddy_Pro_RGB_Full_B2-300x68.png\" alt=\"GoDaddy_Pro_RGB_Full_B2\" width=\"300\" height=\"68\" srcset=\"https:\/\/prague.wordcamp.org\/2018\/files\/2018\/02\/GoDaddy_Pro_RGB_Full_B2-300x68.png 300w, https:\/\/prague.wordcamp.org\/2018\/files\/2018\/02\/GoDaddy_Pro_RGB_Full_B2.png 400w\" sizes=\"auto, (max-width: 300px) 100vw, 300px\" \/><\/p>\n<h3>St\u0159\u00edbrn\u00ed sponzo\u0159i<\/h3>\n<p><a href=\"https:\/\/www.active24.cz\/\"><img loading=\"lazy\" decoding=\"async\" class=\"size-full wp-image-1169 alignleft\" src=\"https:\/\/2018.prague.wordcamp.org\/files\/2016\/11\/a24-logo-active24.png\" alt=\"\" width=\"119\" height=\"83\" \/><\/a><a href=\"https:\/\/versionpress.com\/\" target=\"_blank\" rel=\"noopener noreferrer\"><img loading=\"lazy\" decoding=\"async\" class=\" alignleft\" src=\"https:\/\/2017.prague.wordcamp.org\/files\/2016\/11\/versionpress-logo.png\" alt=\"\" width=\"151\" height=\"70\" \/><\/a><a href=\"https:\/\/www.critical.cz\/\"><img loading=\"lazy\" decoding=\"async\" class=\"size-full wp-image-2903 alignleft\" src=\"https:\/\/2018.prague.wordcamp.org\/files\/2017\/12\/critical.png\" alt=\"\" width=\"215\" height=\"83\" \/><\/a><br \/>\n<img loading=\"lazy\" decoding=\"async\" class=\"wp-image-10 alignleft\" src=\"https:\/\/2018.prague.wordcamp.org\/files\/2017\/12\/bh_logo_2015-300x63.png\" alt=\"\" width=\"286\" height=\"60\" \/><\/p>\n<h3>Medi\u00e1ln\u00ed partne\u0159i<\/h3>\n<p><a href=\"https:\/\/www.svetzitrka.cz\/\"><img loading=\"lazy\" decoding=\"async\" class=\"size-full wp-image-2168 alignleft\" src=\"https:\/\/2018.prague.wordcamp.org\/files\/2017\/12\/logo-2015-2-14_2.png\" alt=\"logo Sv\u011bt z\u00edt\u0159ka\" width=\"150\" height=\"80\" \/><\/a> <a href=\"https:\/\/www.zdrojak.cz\/\"><img loading=\"lazy\" decoding=\"async\" class=\"alignright wp-image-3756 size-medium\" src=\"https:\/\/2018.prague.wordcamp.org\/files\/2018\/02\/Zdrojak.cz_.logo_-300x66.png\" alt=\"logo Zdroj\u00e1k.cz\" width=\"300\" height=\"66\" srcset=\"https:\/\/prague.wordcamp.org\/2018\/files\/2018\/02\/Zdrojak.cz_.logo_-300x66.png 300w, https:\/\/prague.wordcamp.org\/2018\/files\/2018\/02\/Zdrojak.cz_.logo_-768x168.png 768w, https:\/\/prague.wordcamp.org\/2018\/files\/2018\/02\/Zdrojak.cz_.logo_.png 1024w, https:\/\/prague.wordcamp.org\/2018\/files\/2018\/02\/Zdrojak.cz_.logo_-500x109.png 500w\" sizes=\"auto, (max-width: 300px) 100vw, 300px\" \/><\/a><\/p>\n<h3 style=\"text-align: left\">Bronzov\u00ed sponzo\u0159i<\/h3>\n<p><a href=\"https:\/\/www.brilo.cz\/\" target=\"_blank\" rel=\"noopener noreferrer\"><img loading=\"lazy\" decoding=\"async\" class=\"alignleft wp-image-720\" src=\"https:\/\/2018.prague.wordcamp.org\/files\/2016\/11\/brilo.png\" alt=\"\" width=\"148\" height=\"59\" srcset=\"https:\/\/prague.wordcamp.org\/2018\/files\/2016\/11\/brilo.png 151w, https:\/\/prague.wordcamp.org\/2018\/files\/2016\/11\/brilo-150x60.png 150w\" sizes=\"auto, (max-width: 148px) 100vw, 148px\" \/><\/a> <a href=\"https:\/\/lynt.cz\/\" target=\"_blank\" rel=\"noopener noreferrer\"><img loading=\"lazy\" decoding=\"async\" class=\"alignleft wp-image-717\" src=\"https:\/\/2018.prague.wordcamp.org\/files\/2016\/11\/lynt.png\" alt=\"\" width=\"150\" height=\"59\" srcset=\"https:\/\/prague.wordcamp.org\/2018\/files\/2016\/11\/lynt.png 320w, https:\/\/prague.wordcamp.org\/2018\/files\/2016\/11\/lynt-300x118.png 300w\" sizes=\"auto, (max-width: 150px) 100vw, 150px\" \/><\/a><a href=\"http:\/\/wplama.cz\/\" target=\"_blank\" rel=\"noopener noreferrer\"><img loading=\"lazy\" decoding=\"async\" class=\"wp-image-2083 alignleft\" src=\"https:\/\/2018.prague.wordcamp.org\/files\/2017\/11\/wplama.png\" alt=\"\" width=\"278\" height=\"57\" \/><\/a><a href=\"http:\/\/zeni.cz\/\" target=\"_blank\" rel=\"noopener noreferrer\"><img loading=\"lazy\" decoding=\"async\" class=\"wp-image-2815 size-full alignright\" src=\"https:\/\/2018.prague.wordcamp.org\/files\/2017\/12\/zeni.png\" alt=\"zeni\" width=\"156\" height=\"182\" \/><\/a><a href=\"https:\/\/www.safetywp.com\/cs\/\"><img loading=\"lazy\" decoding=\"async\" class=\"size-full wp-image-1482 alignright\" src=\"https:\/\/2017.prague.wordcamp.org\/files\/2016\/11\/safety-wp.png\" alt=\"\" width=\"199\" height=\"58\" \/><\/a><br \/>\n<a href=\"https:\/\/yoast.com\/\"><img loading=\"lazy\" decoding=\"async\" class=\"alignleft wp-image-3317\" src=\"https:\/\/2018.prague.wordcamp.org\/files\/2018\/01\/Yoast_Logo_Large_RGB-1-1-300x138.png\" alt=\"\" width=\"185\" height=\"85\" srcset=\"https:\/\/prague.wordcamp.org\/2018\/files\/2018\/01\/Yoast_Logo_Large_RGB-1-1-300x138.png 300w, https:\/\/prague.wordcamp.org\/2018\/files\/2018\/01\/Yoast_Logo_Large_RGB-1-1-500x231.png 500w, https:\/\/prague.wordcamp.org\/2018\/files\/2018\/01\/Yoast_Logo_Large_RGB-1-1.png 520w\" sizes=\"auto, (max-width: 185px) 100vw, 185px\" \/><\/a><\/p>\n<h3><a href=\"https:\/\/www.vas-hosting.cz\/\"><img loading=\"lazy\" decoding=\"async\" class=\"alignleft size-medium wp-image-3742\" src=\"https:\/\/2018.prague.wordcamp.org\/files\/2018\/02\/vh-logo-300x82.png\" alt=\"v\u00e1\u0161 hosting logo\" width=\"300\" height=\"82\" srcset=\"https:\/\/prague.wordcamp.org\/2018\/files\/2018\/02\/vh-logo-300x82.png 300w, https:\/\/prague.wordcamp.org\/2018\/files\/2018\/02\/vh-logo-768x209.png 768w, https:\/\/prague.wordcamp.org\/2018\/files\/2018\/02\/vh-logo-1024x278.png 1024w, https:\/\/prague.wordcamp.org\/2018\/files\/2018\/02\/vh-logo-500x136.png 500w, https:\/\/prague.wordcamp.org\/2018\/files\/2018\/02\/vh-logo.png 1357w\" sizes=\"auto, (max-width: 300px) 100vw, 300px\" \/><\/a><a href=\"https:\/\/www.tele3.cz\/\"><img loading=\"lazy\" decoding=\"async\" class=\"alignright size-full wp-image-3819\" src=\"https:\/\/2018.prague.wordcamp.org\/files\/2018\/02\/tele3.png\" alt=\"\" width=\"200\" height=\"100\" \/><\/a><\/h3>\n<h3 style=\"text-align: left\">Ostatn\u00ed sponzo\u0159i<\/h3>\n<p><span style=\"color: #000000\"><a style=\"color: #000000\" href=\"http:\/\/zestbrand.cz\/\" target=\"_blank\" rel=\"noopener noreferrer\">zestbrand.cz<\/a><br \/>\n<a href=\"https:\/\/www.wpjakub.cz\/\" target=\"_blank\" rel=\"noopener noreferrer\">Jakub Kade\u0159\u00e1vek &#8211; V\u00fdvoj\u00e1\u0159 a kod\u00e9r na WordPressu<\/a><br \/>\n<a href=\"https:\/\/www.laita.cz\/\" target=\"_blank\" rel=\"noopener noreferrer\">Adam Laita &#8211; WordPress specialista<\/a><br \/>\n<\/span><\/p>\n<p><a href=\"\/sponzorstvi\">P\u0159idejte se ke sponzor\u016fm i vy!<\/a><\/p>\n","protected":false},"excerpt":{"rendered":"<p>WordCamp Praha 2020 &#8211; 29.2. &nbsp; Konference WordCamp Praha 2018\u00a0je ur\u010den\u00e1 pro v\u0161echny fanou\u0161ky redak\u010dn\u00edho syst\u00e9mu WordPress. Uskute\u010dnil se 24. 2. 2018 v Praze na V\u0160E\u00a0a\u00a0jako nev\u00fdd\u011ble\u010dn\u00e1 akce nab\u00eddl n\u00e1v\u0161t\u011bvn\u00edk\u016fm celkem\u00a010 p\u0159edn\u00e1\u0161ek, 6\u00a0workshop\u016f, 6\u00a0p\u0159\u00edpadov\u00fdch studi\u00ed a spoustu dal\u0161\u00edho. P\u0159edn\u00e1\u0161ky byly rozd\u011blen\u00e9 na dva proudy &#8211; pro v\u00fdvoj\u00e1\u0159e a\u00a0pro u\u017eivatele. Svou p\u0159edn\u00e1\u0161ku si tedy na\u0161li jak &hellip; <a href=\"https:\/\/prague.wordcamp.org\/2018\/\" class=\"more-link\">Pokra\u010dov\u00e1n\u00ed textu <span class=\"screen-reader-text\">WordCamp Praha 2018<\/span><\/a><\/p>\n","protected":false},"author":3999955,"featured_media":2075,"parent":0,"menu_order":0,"comment_status":"closed","ping_status":"closed","template":"","meta":{"jetpack_post_was_ever_published":false,"footnotes":""},"class_list":["post-1866","page","type-page","status-publish","has-post-thumbnail","hentry"],"jetpack_sharing_enabled":true,"jetpack_shortlink":"https:\/\/wp.me\/P9mVeK-u6","_links":{"self":[{"href":"https:\/\/prague.wordcamp.org\/2018\/wp-json\/wp\/v2\/pages\/1866","targetHints":{"allow":["GET"]}}],"collection":[{"href":"https:\/\/prague.wordcamp.org\/2018\/wp-json\/wp\/v2\/pages"}],"about":[{"href":"https:\/\/prague.wordcamp.org\/2018\/wp-json\/wp\/v2\/types\/page"}],"author":[{"embeddable":true,"href":"https:\/\/prague.wordcamp.org\/2018\/wp-json\/wp\/v2\/users\/3999955"}],"replies":[{"embeddable":true,"href":"https:\/\/prague.wordcamp.org\/2018\/wp-json\/wp\/v2\/comments?post=1866"}],"version-history":[{"count":99,"href":"https:\/\/prague.wordcamp.org\/2018\/wp-json\/wp\/v2\/pages\/1866\/revisions"}],"predecessor-version":[{"id":4553,"href":"https:\/\/prague.wordcamp.org\/2018\/wp-json\/wp\/v2\/pages\/1866\/revisions\/4553"}],"wp:featuredmedia":[{"embeddable":true,"href":"https:\/\/prague.wordcamp.org\/2018\/wp-json\/wp\/v2\/media\/2075"}],"wp:attachment":[{"href":"https:\/\/prague.wordcamp.org\/2018\/wp-json\/wp\/v2\/media?parent=1866"}],"curies":[{"name":"wp","href":"https:\/\/api.w.org\/{rel}","templated":true}]}}