{"id":178,"date":"2016-12-13T20:18:37","date_gmt":"2016-12-13T19:18:37","guid":{"rendered":"http:\/\/2017.prague.wordcamp.org\/?page_id=178"},"modified":"2018-02-27T16:48:57","modified_gmt":"2018-02-27T15:48:57","slug":"program","status":"publish","type":"page","link":"https:\/\/prague.wordcamp.org\/2018\/program\/","title":{"rendered":"Program"},"content":{"rendered":"<h2>Hlavn\u00ed program<\/h2>\n<p>Zah\u00e1jen\u00ed WordCamp Praha prob\u011bhne v <strong>9:35<\/strong> &#8211; je v\u0161ak nutn\u00e9 b\u00fdt na m\u00edst\u011b s dostate\u010dn\u00fdm p\u0159edstihem kv\u016fli registraci &#8211; vyzvednut\u00ed jmenovky, tri\u010dka, atd.<\/p>\n<table style=\"font-size: .8em\">\n<tbody>\n<tr>\n<td class=\"rg-th center\" style=\"color: #fff;background: #3e3c6b\"><\/td>\n<td class=\"rg-th center\" style=\"color: #fff;background: #3e3c6b\" colspan=\"3\" rowspan=\"1\"><strong>Develope\u0159i<\/strong><\/td>\n<td class=\"rg-th center\" style=\"color: #fff;background: #3e3c6b\" colspan=\"3\" rowspan=\"1\"><strong>U\u017eivatel\u00e9<\/strong><\/td>\n<\/tr>\n<tr>\n<td class=\"center\" style=\"color: #fff;background: #cb032b\">9:35<br \/>\n&#8211;<br \/>\n9:45<\/td>\n<td class=\"center\" style=\"color: #fff;background: #cb032b;vertical-align: middle\" colspan=\"6\" rowspan=\"1\"><strong>\u00davodn\u00ed slovo a zah\u00e1jen\u00ed WordCamp Praha 2018<\/strong><\/td>\n<\/tr>\n<tr>\n<td class=\"center\" style=\"color: #cb032b\"><\/td>\n<td class=\"center\" style=\"color: #cb032b\" colspan=\"6\" rowspan=\"1\"><span style=\"color: #333333\"><strong>P\u0159edn\u00e1\u0161ky:<\/strong><\/span><\/td>\n<\/tr>\n<tr>\n<td class=\"center\">10:00<br \/>\n&#8211;<br \/>\n10:45<\/td>\n<td class=\"center\" colspan=\"3\" rowspan=\"1\">VersionPress<br \/>\n<a href=\"https:\/\/2018.prague.wordcamp.org\/borek-bernard-predstaveni-prednasejiciho\/\"><strong><em>Borek Bernard<\/em><\/strong><\/a><\/td>\n<td class=\"center\" colspan=\"3\" rowspan=\"1\">5 v\u011bc\u00ed, kter\u00e9 jsem se nau\u010dil na cest\u011b za multimilionov\u00fdm WP blogem<br \/>\n<a href=\"https:\/\/2018.prague.wordcamp.org\/mysko-kopecky-nastesti-uz-s-wordpressem-nemusim-pracovat\/\"><strong><em>Mi\u0161ko Kopeck\u00fd<\/em><\/strong><\/a><\/td>\n<\/tr>\n<tr>\n<td class=\"center\">11:00<br \/>\n&#8211;<br \/>\n11:45<\/td>\n<td class=\"center\" colspan=\"3\" rowspan=\"1\">Jak jsem nasadil WordPress do cloudu<br \/>\n<a href=\"https:\/\/2018.prague.wordcamp.org\/martin-simecek-predstaveni-prednasejiciho\/\"><strong><em>Martin \u0160ime\u010dek<\/em><\/strong><\/a><\/td>\n<td class=\"center\" colspan=\"3\" rowspan=\"1\">GDPR ve sv\u011bt\u011b WordPressu<br \/>\n<a href=\"https:\/\/2018.prague.wordcamp.org\/petra-dolejsova-gdpr\/\" target=\"_blank\" rel=\"noopener\"><strong><em>Petra Dolej\u0161ov\u00e1<\/em><\/strong><\/a><\/td>\n<\/tr>\n<tr>\n<td class=\"center\" style=\"color: #cb032b\"><\/td>\n<td class=\"center\" style=\"color: #cb032b\" colspan=\"6\" rowspan=\"1\"><span style=\"color: #333333\"><strong>P\u0159\u00edpadov\u00e9 studie (<a style=\"color: #333333\" href=\"https:\/\/2018.prague.wordcamp.org\/workshopy-a-pripadovky-wordcamp-praha-2018\/\">v\u00edce info<\/a>):<\/strong><\/span><\/td>\n<\/tr>\n<tr>\n<td class=\"center\">12:00<br \/>\n&#8211;<br \/>\n12:45<\/td>\n<td class=\"center\">Projekt Dobr\u00fd Skautsk\u00fd Web<br \/>\n<a href=\"https:\/\/2018.prague.wordcamp.org\/michal-janata-predstaveni-prednasejiciho\/\"><em>Michal Janata<\/em><\/a><\/td>\n<td class=\"center\" colspan=\"2\">Gethuru.com<br \/>\n<a href=\"https:\/\/2018.prague.wordcamp.org\/marek-gach-predstaveni-prednasejiciho\/\"><em>Marek Gach<\/em><\/a><\/td>\n<td class=\"center\">Svatebni asistentka.cz<br \/>\n<a href=\"https:\/\/2018.prague.wordcamp.org\/josef-kroupa-predstaveni-prednasejiciho\/\"><em>Josef Kroupa<\/em><\/a><\/td>\n<td class=\"center\">BTCTip.cz<br \/>\n<a href=\"https:\/\/2018.prague.wordcamp.org\/karel-fillner-predstaveni-prednasejiciho\/\"><em>Karel Fillner<\/em><\/a><\/td>\n<td class=\"center\">Akozbalit.sk<br \/>\n<a href=\"https:\/\/2018.prague.wordcamp.org\/mysko-kopecky-nastesti-uz-s-wordpressem-nemusim-pracovat\/\"><em>Mi\u0161ko Kopeck\u00fd<\/em><\/a><\/td>\n<\/tr>\n<tr>\n<td class=\"center\" style=\"color: #fff;background: #cb032b\">12:45<br \/>\n&#8211;<br \/>\n13:45<\/td>\n<td class=\"center\" style=\"color: #fff;background: #cb032b;vertical-align: middle\" colspan=\"6\" rowspan=\"1\"><strong>P\u0159est\u00e1vka na ob\u011bd<\/strong><\/td>\n<\/tr>\n<tr>\n<td class=\"center\" style=\"color: #cb032b\"><\/td>\n<td class=\"center\" style=\"color: #cb032b\" colspan=\"6\" rowspan=\"1\"><span style=\"color: #333333\"><strong>P\u0159edn\u00e1\u0161ky:<\/strong><\/span><\/td>\n<\/tr>\n<tr>\n<td class=\"center\">14:00<br \/>\n&#8211;<br \/>\n14:45<\/td>\n<td class=\"center\" colspan=\"3\" rowspan=\"1\">WordPress Frameworky<br \/>\n<a href=\"https:\/\/2018.prague.wordcamp.org\/martin-hlavac-predstaveni-prednasejiciho\/\"><strong><em>Martin Hlav\u00e1\u010d<\/em><\/strong><\/a><\/td>\n<td class=\"center\" colspan=\"3\" rowspan=\"1\">Jak na vy\u0161\u0161\u00ed n\u00e1v\u0161t\u011bvnost z vyhled\u00e1va\u010d\u016f p\u0159i stejn\u00fdch pozic\u00edch<br \/>\n<a href=\"https:\/\/2018.prague.wordcamp.org\/martin-simko-predstaveni-prednasejiciho\/\" target=\"_blank\" rel=\"noopener\"><strong><em>Martin \u0160imko<\/em><\/strong><\/a><\/td>\n<\/tr>\n<tr>\n<td class=\"center\" style=\"color: #cb032b\"><\/td>\n<td class=\"center\" style=\"color: #cb032b\" colspan=\"6\" rowspan=\"1\"><span style=\"color: #333333\"><strong>Workshopy (<a style=\"color: #333333\" href=\"https:\/\/2018.prague.wordcamp.org\/workshopy-a-pripadovky-wordcamp-praha-2018\/\">v\u00edce info<\/a>):<\/strong><\/span><\/td>\n<\/tr>\n<tr>\n<td class=\"center back-rgba\">15:15<br \/>\n&#8211;<br \/>\n16:00<\/td>\n<td class=\"center back-rgba small\">DIVI<br \/>\n<a href=\"https:\/\/2018.prague.wordcamp.org\/petr-toman-a-divi-workshop-rozhovor\/\"><em>Petr Toman<\/em><\/a><\/td>\n<td class=\"center back-rgba small\">ACF<br \/>\n<a href=\"https:\/\/2018.prague.wordcamp.org\/adam-laita-predstaveni-prednasejiciho\/\"><em>Adam Laita<\/em><\/a><\/td>\n<td class=\"center back-rgba small\">WP<br \/>\nFramework<br \/>\n<a href=\"https:\/\/2018.prague.wordcamp.org\/martin-hlavac-predstaveni-prednasejiciho\/\" target=\"_blank\" rel=\"noopener\"><em>Martin Hlav\u00e1\u010d<\/em><\/a><\/td>\n<td class=\"center back-rgba small\">Eshop na WP<br \/>\n<a href=\"https:\/\/2018.prague.wordcamp.org\/vladislav-musilek-predstaveni-prednasejiciho\/\"><em>Vl\u00e1\u010fa Mus\u00edlek<\/em><\/a><\/td>\n<td class=\"center back-rgba small\">WP pro<br \/>\nza\u010d\u00e1te\u010dn\u00edky<br \/>\n<a href=\"https:\/\/2018.prague.wordcamp.org\/tomas-cirkl-predstaveni-prednasejiciho\/\"><em>Tom\u00e1\u0161 Cirkl<\/em><\/a><\/td>\n<td class=\"center back-rgba small\">Instalace WP<br \/>\n<a href=\"https:\/\/2018.prague.wordcamp.org\/martin-bugner-predstaveni-prednasejiciho\/\"><em>Martin Bugner<\/em><\/a><\/td>\n<\/tr>\n<tr>\n<td class=\"center\" style=\"color: #cb032b\"><\/td>\n<td class=\"center\" style=\"color: #cb032b\" colspan=\"6\" rowspan=\"1\"><span style=\"color: #333333\"><strong>P\u0159edn\u00e1\u0161ky:<\/strong><\/span><\/td>\n<\/tr>\n<tr>\n<td class=\"center\">16:15<br \/>\n&#8211;<br \/>\n17:00<\/td>\n<td class=\"center\" colspan=\"3\" rowspan=\"1\">Gutenberg &#8211; nov\u00fd WordPress editor<br \/>\n<strong>David Bi\u0148ovec<\/strong><\/td>\n<td class=\"center\" colspan=\"3\" rowspan=\"1\">Jak se starat o b\u011b\u017e\u00edc\u00ed WordPress?<br \/>\n<a href=\"https:\/\/2018.prague.wordcamp.org\/tomas-kocifaj-predstaveni-prednasejiciho\/\"><strong><em>Tom\u00e1\u0161 Kocifaj<\/em><\/strong><\/a><\/td>\n<\/tr>\n<tr>\n<td class=\"center\">17:15<br \/>\n&#8211;<br \/>\n18:00<\/td>\n<td class=\"center\" colspan=\"3\" rowspan=\"1\">Udr\u017eitelnost WordPress webu<br \/>\n<a href=\"https:\/\/2018.prague.wordcamp.org\/petr-hlavicka-predstaveni-prednasejiciho\/\"><strong><em>Petr Hlavi\u010dka<\/em><\/strong><\/a><\/td>\n<td class=\"center\" colspan=\"3\" rowspan=\"1\">\u010ceho se vyvarovat u v\u00fdb\u011bru pr\u00e9miov\u00fdch \u0161ablon<br \/>\n<a href=\"https:\/\/2018.prague.wordcamp.org\/ondrej-ilincev-predstaveni-prednasejiciho\/\"><strong><em>Ond\u0159ej Ilin\u010dev<\/em><\/strong><\/a><\/td>\n<\/tr>\n<tr>\n<td class=\"center\" style=\"color: #fff;background: #cb032b\">18:05<br \/>\n&#8211;<br \/>\n18:15<\/td>\n<td class=\"center\" style=\"color: #fff;background: #cb032b;vertical-align: middle\" colspan=\"6\" rowspan=\"1\"><strong>Z\u00e1v\u011bre\u010dn\u00e9 pod\u011bkov\u00e1n\u00ed a zakon\u010den\u00ed ofici\u00e1ln\u00ed \u010d\u00e1sti WordCamp Praha 2018<\/strong><\/td>\n<\/tr>\n<tr>\n<td class=\"center\" style=\"color: #fff;background: #cb032b\">18:30<br \/>\n&#8211;<br \/>\n24:00<\/td>\n<td class=\"center\" style=\"color: #fff;background: #cb032b;vertical-align: middle\" colspan=\"6\" rowspan=\"1\"><strong>After party<\/strong><\/td>\n<\/tr>\n<\/tbody>\n<\/table>\n<div>\n<p>Konference bude rozd\u011blena do dvou sou\u010dasn\u011b b\u011b\u017e\u00edc\u00edch s\u00e9ri\u00ed p\u0159edn\u00e1\u0161ek:<\/p>\n<ol>\n<li>Prvn\u00ed s\u00e9rie nazvan\u00e1\u00a0<strong><em>\u201eU\u017eivatel\u00e9<\/em>\u201c<\/strong>\u00a0bude v\u011bnov\u00e1na v\u0161em blogger\u016fm, redaktor\u016fm, spr\u00e1vc\u016fm \u010di p\u0159\u00edle\u017eitostn\u00fdm u\u017eivatel\u016fm WordPress web\u016f. Bude se zab\u00fdvat zabezpe\u010den\u00edm WordPressu, problematikou koupen\u00fdch \u0161ablon, kvalitn\u00edm obsahem, propagac\u00ed a analytikou.<\/li>\n<li>Druh\u00e1 s\u00e9rie s n\u00e1zvem\u00a0<strong>\u201e<em>Develope\u0159i<\/em>\u201c<\/strong>\u00a0pak p\u016fjde v\u00edce do hloubky WordPressu a bude vhodn\u00e1 pro program\u00e1tory, \u010di pokro\u010dil\u00e9 u\u017eivatele.<\/li>\n<\/ol>\n<p>Na z\u00e1klad\u011b kladn\u00fdch referenc\u00ed z p\u0159edchoz\u00edho ro\u010dn\u00edku, jsme si i letos p\u0159ipravili p\u0159\u00edpadov\u00e9 studie, kter\u00e9 budou rozeb\u00edrat p\u0159\u00edklady z\u00a0praxe a se kter\u00fdmi vystoup\u00ed majitel\u00e9 \u010di provozovatel\u00e9 web\u016f nebo aplikac\u00ed\u00a0<strong>postaven\u00fdch na WordPressu<\/strong>.<\/p>\n<p>Nov\u011b je p\u0159ipraveno tak\u00e9 6 workshop\u016f, kde pod pokli\u010dku WordPressu a lid\u00ed, kte\u0159\u00ed ho ovl\u00e1daj\u00ed, nahl\u00e9dnete je\u0161t\u011b v\u00edce.<\/p>\n<p>B\u011bhem cel\u00e9ho WordCampu bude k dispozici\u00a0<a href=\"https:\/\/2018.prague.wordcamp.org\/happines-bar-na-wordcamp-praha-2018\/\">Happines bar<\/a>, kde budu p\u0159ipraveni experti na WordPress, aby v\u00e1m poradili s va\u0161imi probl\u00e9my.<\/p>\n<p>Na konferenci bude navazovat afterparty, podporuj\u00edc\u00ed jeden z hlavn\u00edch c\u00edl\u016f konference \u2013\u00a0<strong>networking<\/strong>. Zde bude mo\u017en\u00e9 nav\u00e1zat dal\u0161\u00ed kontakty, poznat nov\u00e9 lidi a roz\u0161\u00ed\u0159it si obzory za hranice b\u011b\u017en\u00e9 konference.<\/p>\n<h2>After party<\/h2>\n<p>After party bude pokra\u010dovat po zakon\u010den\u00ed WordCampu. Bude prob\u00edhat v\u00a0nedalek\u00e9 <a href=\"http:\/\/www.kredencrestaurant.cz\/\" target=\"_blank\" rel=\"noopener\">restauraci Kredenc<\/a>, kde je vytvo\u0159en\u00e1 rezervace pro dostate\u010dn\u00fd po\u010det lid\u00ed. M\u016f\u017ee p\u0159ij\u00edt \u00fapln\u011b ka\u017ed\u00fd.<\/p>\n<\/div>\n<h2 id=\"coday\">Contributing Day<\/h2>\n<p><a href=\"https:\/\/2018.prague.wordcamp.org\/contributor-day-co-proc-jak\/\">Contributing Day<\/a> se konal v ned\u011bli <strong>25. 2. 2018 od 10:00 hod<\/strong>.<br \/>\n<strong>M\u00edsto kon\u00e1n\u00ed:<\/strong><br \/>\n<a href=\"https:\/\/www.skautskyinstitut.cz\">Skautsk\u00fd institut<\/a>, Starom\u011bstsk\u00e9 n\u00e1m\u011bst\u00ed 4\/1, Praha &#8211; d\u016fm &#8222;U minuty&#8220;.<br \/>\n<a href=\"https:\/\/mapy.cz\/s\/2fssh\">Tady najdete na map\u011b.<\/a><\/p>\n<p><strong>PROGRAM:<\/strong><\/p>\n<ul>\n<li>Organizace \u010desk\u00e9 komunity, po\u0159\u00e1d\u00e1n\u00ed lok\u00e1ln\u00edch konferenc\u00ed, zalo\u017een\u00ed spolku&#8230;<br \/>\n<em>(vedl Martin Bugner)<\/em><\/li>\n<li>P\u0159ekl\u00e1d\u00e1n\u00ed CMS WordPress, plugin\u016f a \u0161ablon<br \/>\n<em>(vedl Michal Janata)<\/em><\/li>\n<\/ul>\n","protected":false},"excerpt":{"rendered":"<p>Hlavn\u00ed program Zah\u00e1jen\u00ed WordCamp Praha prob\u011bhne v 9:35 &#8211; je v\u0161ak nutn\u00e9 b\u00fdt na m\u00edst\u011b s dostate\u010dn\u00fdm p\u0159edstihem kv\u016fli registraci &#8211; vyzvednut\u00ed jmenovky, tri\u010dka, atd. Develope\u0159i U\u017eivatel\u00e9 9:35 &#8211; 9:45 \u00davodn\u00ed slovo a zah\u00e1jen\u00ed WordCamp Praha 2018 P\u0159edn\u00e1\u0161ky: 10:00 &#8211; 10:45 VersionPress Borek Bernard 5 v\u011bc\u00ed, kter\u00e9 jsem se nau\u010dil na cest\u011b za multimilionov\u00fdm WP &hellip; <a href=\"https:\/\/prague.wordcamp.org\/2018\/program\/\" class=\"more-link\">Pokra\u010dov\u00e1n\u00ed textu <span class=\"screen-reader-text\">Program<\/span><\/a><\/p>\n","protected":false},"author":8611069,"featured_media":0,"parent":0,"menu_order":0,"comment_status":"closed","ping_status":"closed","template":"","meta":{"jetpack_post_was_ever_published":false,"footnotes":""},"class_list":["post-178","page","type-page","status-publish","hentry"],"jetpack_sharing_enabled":true,"jetpack_shortlink":"https:\/\/wp.me\/P9mVeK-2S","_links":{"self":[{"href":"https:\/\/prague.wordcamp.org\/2018\/wp-json\/wp\/v2\/pages\/178","targetHints":{"allow":["GET"]}}],"collection":[{"href":"https:\/\/prague.wordcamp.org\/2018\/wp-json\/wp\/v2\/pages"}],"about":[{"href":"https:\/\/prague.wordcamp.org\/2018\/wp-json\/wp\/v2\/types\/page"}],"author":[{"embeddable":true,"href":"https:\/\/prague.wordcamp.org\/2018\/wp-json\/wp\/v2\/users\/8611069"}],"replies":[{"embeddable":true,"href":"https:\/\/prague.wordcamp.org\/2018\/wp-json\/wp\/v2\/comments?post=178"}],"version-history":[{"count":102,"href":"https:\/\/prague.wordcamp.org\/2018\/wp-json\/wp\/v2\/pages\/178\/revisions"}],"predecessor-version":[{"id":4268,"href":"https:\/\/prague.wordcamp.org\/2018\/wp-json\/wp\/v2\/pages\/178\/revisions\/4268"}],"wp:attachment":[{"href":"https:\/\/prague.wordcamp.org\/2018\/wp-json\/wp\/v2\/media?parent=178"}],"curies":[{"name":"wp","href":"https:\/\/api.w.org\/{rel}","templated":true}]}}