{"id":1621,"date":"2017-02-24T09:05:33","date_gmt":"2017-02-24T08:05:33","guid":{"rendered":"http:\/\/2017.prague.wordcamp.org\/?page_id=1621"},"modified":"2018-03-08T10:22:29","modified_gmt":"2018-03-08T09:22:29","slug":"fotogalerie","status":"publish","type":"page","link":"https:\/\/prague.wordcamp.org\/2018\/fotogalerie\/","title":{"rendered":"Fotogalerie"},"content":{"rendered":"<p><div id='gallery-1' class='gallery galleryid-1621 gallery-columns-3 gallery-size-thumbnail'><figure class='gallery-item'>\n\t\t\t<div class='gallery-icon landscape'>\n\t\t\t\t<a href='https:\/\/prague.wordcamp.org\/2018\/fotografie-z-wordcamp-praha-2018\/bohuzel-ani-frontam-na-registraci-jsme-se-nevyhnuli\/'><img loading=\"lazy\" decoding=\"async\" width=\"150\" height=\"150\" src=\"https:\/\/prague.wordcamp.org\/2018\/files\/2018\/03\/Bohu\u017eel-ani-front\u00e1m-na-registraci-jsme-se-nevyhnuli-150x150.jpg\" class=\"attachment-thumbnail size-thumbnail\" alt=\"Bohu\u017eel ani front\u00e1m na registraci jsme se nevyhnuli\" aria-describedby=\"gallery-1-4301\" \/><\/a>\n\t\t\t<\/div>\n\t\t\t\t<figcaption class='wp-caption-text gallery-caption' id='gallery-1-4301'>\n\t\t\t\tBohu\u017eel ani front\u00e1m na registraci jsme se nevyhnuli\n\t\t\t\t<\/figcaption><\/figure><figure class='gallery-item'>\n\t\t\t<div class='gallery-icon landscape'>\n\t\t\t\t<a href='https:\/\/prague.wordcamp.org\/2018\/fotografie-z-wordcamp-praha-2018\/plne-soustredeni-developeri\/'><img loading=\"lazy\" decoding=\"async\" width=\"150\" height=\"150\" src=\"https:\/\/prague.wordcamp.org\/2018\/files\/2018\/03\/Pln\u011b-soust\u0159ed\u011bn\u00ed-develope\u0159i-150x150.jpg\" class=\"attachment-thumbnail size-thumbnail\" alt=\"Pln\u011b soust\u0159ed\u011bn\u00ed develope\u0159i\" aria-describedby=\"gallery-1-4300\" \/><\/a>\n\t\t\t<\/div>\n\t\t\t\t<figcaption class='wp-caption-text gallery-caption' id='gallery-1-4300'>\n\t\t\t\tPln\u011b soust\u0159ed\u011bn\u00ed develope\u0159i\n\t\t\t\t<\/figcaption><\/figure><figure class='gallery-item'>\n\t\t\t<div class='gallery-icon landscape'>\n\t\t\t\t<a href='https:\/\/prague.wordcamp.org\/2018\/fotografie-z-wordcamp-praha-2018\/nabita-poslucharna-na-skvele-prednasce-petry-dolejsi\/'><img loading=\"lazy\" decoding=\"async\" width=\"150\" height=\"150\" src=\"https:\/\/prague.wordcamp.org\/2018\/files\/2018\/03\/Nabit\u00e1-posluch\u00e1rna-na-skv\u011bl\u00e9-p\u0159edn\u00e1\u0161ce-Petry-Dolej\u0161\u00ed-150x150.jpg\" class=\"attachment-thumbnail size-thumbnail\" alt=\"Nabit\u00e1 posluch\u00e1rna na skv\u011bl\u00e9 p\u0159edn\u00e1\u0161ce Petry Dolej\u0161\u00ed\" aria-describedby=\"gallery-1-4299\" \/><\/a>\n\t\t\t<\/div>\n\t\t\t\t<figcaption class='wp-caption-text gallery-caption' id='gallery-1-4299'>\n\t\t\t\tNabit\u00e1 posluch\u00e1rna na skv\u011bl\u00e9 p\u0159edn\u00e1\u0161ce Petry Dolej\u0161\u00ed\n\t\t\t\t<\/figcaption><\/figure><figure class='gallery-item'>\n\t\t\t<div class='gallery-icon landscape'>\n\t\t\t\t<a href='https:\/\/prague.wordcamp.org\/2018\/fotografie-z-wordcamp-praha-2018\/networking-v-plnem-proudu\/'><img loading=\"lazy\" decoding=\"async\" width=\"150\" height=\"150\" src=\"https:\/\/prague.wordcamp.org\/2018\/files\/2018\/03\/Networking-v-pln\u00e9m-proudu-150x150.jpg\" class=\"attachment-thumbnail size-thumbnail\" alt=\"Networking v pln\u00e9m proudu\" aria-describedby=\"gallery-1-4298\" \/><\/a>\n\t\t\t<\/div>\n\t\t\t\t<figcaption class='wp-caption-text gallery-caption' id='gallery-1-4298'>\n\t\t\t\tNetworking v pln\u00e9m proudu\n\t\t\t\t<\/figcaption><\/figure><figure class='gallery-item'>\n\t\t\t<div class='gallery-icon landscape'>\n\t\t\t\t<a href='https:\/\/prague.wordcamp.org\/2018\/fotografie-z-wordcamp-praha-2018\/happiness-bar-v-oblezeni\/'><img loading=\"lazy\" decoding=\"async\" width=\"150\" height=\"150\" src=\"https:\/\/prague.wordcamp.org\/2018\/files\/2018\/03\/Happiness-Bar-v-oble\u017een\u00ed-150x150.jpg\" class=\"attachment-thumbnail size-thumbnail\" alt=\"Happiness Bar v oble\u017een\u00ed\" aria-describedby=\"gallery-1-4297\" \/><\/a>\n\t\t\t<\/div>\n\t\t\t\t<figcaption class='wp-caption-text gallery-caption' id='gallery-1-4297'>\n\t\t\t\tHappiness Bar v oble\u017een\u00ed\n\t\t\t\t<\/figcaption><\/figure><figure class='gallery-item'>\n\t\t\t<div class='gallery-icon landscape'>\n\t\t\t\t<a href='https:\/\/prague.wordcamp.org\/2018\/fotografie-z-wordcamp-praha-2018\/afterparty-jak-ma-byt\/'><img loading=\"lazy\" decoding=\"async\" width=\"150\" height=\"150\" src=\"https:\/\/prague.wordcamp.org\/2018\/files\/2018\/03\/Afterparty-jak-m\u00e1-b\u00fdt-150x150.jpg\" class=\"attachment-thumbnail size-thumbnail\" alt=\"Afterparty jak m\u00e1 b\u00fdt\" aria-describedby=\"gallery-1-4296\" \/><\/a>\n\t\t\t<\/div>\n\t\t\t\t<figcaption class='wp-caption-text gallery-caption' id='gallery-1-4296'>\n\t\t\t\tAfterparty jak m\u00e1 b\u00fdt\n\t\t\t\t<\/figcaption><\/figure>\n\t\t<\/div>\n<br \/>\nDal\u0161\u00ed fotografie najdete <a href=\"https:\/\/photos.google.com\/share\/AF1QipNMEJEg4coYLMLVNGqFWuMA6MA1CrRrBYFWRX0IVVUAazBsVJ0TEJ6FfaFuGOCLyA?key=Tk9YeTI5b0V5akFzTk1WMUl0OGNWUHVXUXp4WXdB\">v albu na Google<\/a>.<\/p>\n","protected":false},"excerpt":{"rendered":"<p>Dal\u0161\u00ed fotografie najdete v albu na Google.<\/p>\n","protected":false},"author":8611069,"featured_media":0,"parent":0,"menu_order":0,"comment_status":"closed","ping_status":"closed","template":"","meta":{"jetpack_post_was_ever_published":false,"footnotes":""},"class_list":["post-1621","page","type-page","status-publish","hentry"],"jetpack_sharing_enabled":true,"jetpack_shortlink":"https:\/\/wp.me\/P9mVeK-q9","_links":{"self":[{"href":"https:\/\/prague.wordcamp.org\/2018\/wp-json\/wp\/v2\/pages\/1621","targetHints":{"allow":["GET"]}}],"collection":[{"href":"https:\/\/prague.wordcamp.org\/2018\/wp-json\/wp\/v2\/pages"}],"about":[{"href":"https:\/\/prague.wordcamp.org\/2018\/wp-json\/wp\/v2\/types\/page"}],"author":[{"embeddable":true,"href":"https:\/\/prague.wordcamp.org\/2018\/wp-json\/wp\/v2\/users\/8611069"}],"replies":[{"embeddable":true,"href":"https:\/\/prague.wordcamp.org\/2018\/wp-json\/wp\/v2\/comments?post=1621"}],"version-history":[{"count":4,"href":"https:\/\/prague.wordcamp.org\/2018\/wp-json\/wp\/v2\/pages\/1621\/revisions"}],"predecessor-version":[{"id":4308,"href":"https:\/\/prague.wordcamp.org\/2018\/wp-json\/wp\/v2\/pages\/1621\/revisions\/4308"}],"wp:attachment":[{"href":"https:\/\/prague.wordcamp.org\/2018\/wp-json\/wp\/v2\/media?parent=1621"}],"curies":[{"name":"wp","href":"https:\/\/api.w.org\/{rel}","templated":true}]}}