{"id":60,"date":"2016-11-08T12:44:36","date_gmt":"2016-11-08T12:44:36","guid":{"rendered":"http:\/\/2017.prague.wordcamp.org\/?page_id=60"},"modified":"2017-02-16T14:50:29","modified_gmt":"2017-02-16T13:50:29","slug":"kontakt","status":"publish","type":"page","link":"https:\/\/prague.wordcamp.org\/2017\/kontakt\/","title":{"rendered":"Kontakt"},"content":{"rendered":"<h2>Organiz\u00e1to\u0159i<\/h2>\n<p style=\"padding-left: 30px\"><strong>Tom\u00e1\u0161 Kocifaj<\/strong> &#8211;\u00a0hlavn\u00ed po\u0159adatel (kocifaj@brilo.cz, 606 743 660)<br \/>\n<strong>Vladim\u00edr Smitka &#8211; <\/strong>fakturace a platby (vladimir.smitka@lynt.cz)<br \/>\n<strong>Martin Hlav\u00e1\u010d<br \/>\nJakub Hladk\u00fd<\/strong><br \/>\n<strong>Adam Laita<\/strong><br \/>\n<strong>Radek Ku\u010dera\u00a0<\/strong><br \/>\n<strong>Petr Toman<\/strong><br \/>\n<strong>Jan 2046<\/strong><\/p>\n<h3>Jak se dostanu na WordCamp<\/h3>\n<p>Wordcamp 2017 se kon\u00e1 v budov\u011b V\u0160E, Praha (vchod z Italsk\u00e9 ulice).<br \/>\n<div class=\"googlemaps\">\n\t\t\t\t<iframe loading=\"lazy\" width=\"100\" height=\"480\" frameborder=\"0\" scrolling=\"no\" marginheight=\"0\" marginwidth=\"0\"  src=\"https:\/\/www.google.com\/maps\/d\/u\/0\/embed?mid=z-saKGc5kyeg.k3kQsnJvkTBM\"><\/iframe>\n\t\t\t<\/div><\/p>\n<h4>Autem<\/h4>\n<p>Do navigace zadejte Italsk\u00e1 38, Praha (<a href=\"https:\/\/mapy.cz\/s\/r3hx\" target=\"_blank\">https:\/\/mapy.cz\/s\/r3hx<\/a>), ale vchod je o kousek v\u00fd\u0161e (<a href=\"https:\/\/mapy.cz\/s\/r3hN\" target=\"_blank\">https:\/\/mapy.cz\/s\/r3hN<\/a>).\u00a0Venku budeme m\u00edt viditeln\u00e9 ukazatele.<br \/>\n<span style=\"color: #ff0000\"><strong>Zaparkovat<\/strong><\/span> se d\u00e1 na n\u00e1m\u011bst\u00ed Winstona Churchilla a\u00a0v\u00a0ulici U\u00a0Rajsk\u00e9 zahrady.<\/p>\n<h4>MHD<\/h4>\n<ul>\n<li><strong>autobus \u010d. 135<\/strong> na zast\u00e1vku N\u00e1m\u011bst\u00ed Winstona Churchilla (Italsk\u00e1 ulice)<\/li>\n<li><strong>tramvaj \u010d. 5,9 a\u00a026<\/strong> na zast\u00e1vku Husineck\u00e1, a\u00a0sej\u00edt ulic\u00ed Seifertova dol\u016f k\u00a0V\u0160E na N\u00e1m. Winstona Churchilla, pot\u00e9 doleva okolo univerzity ke vchodu v\u00a0ulici Italsk\u00e1.<\/li>\n<\/ul>\n<h4>Doprava pro mimopra\u017esk\u00e9<\/h4>\n<ul>\n<li><strong>z Hlavn\u00edho n\u00e1dra\u017e\u00ed<\/strong> metrem C na Florenc, odtud autobusem 135 na zast\u00e1vku N\u00e1m\u011bst\u00ed Winstona Churchilla, nebo proj\u00edt parkem, od hlavn\u00edho vchodu n\u00e1dra\u017e\u00ed doprava a nastoupit na jakoukoliv tramvaj ve sm\u011bru Husineck\u00e1<\/li>\n<li><strong>ze Sm\u00edchovsk\u00e9ho n\u00e1dra\u017e\u00ed<\/strong> (nebo stanice And\u011bl) metrem B na Florenc, odtud autobusem 135 na zast\u00e1vku N\u00e1m\u011bst\u00ed Winstona Churchilla, p\u0159\u00edpadn\u011b na Florenci p\u0159estoupit na Metro C, dojet na Hlavn\u00ed n\u00e1dra\u017e\u00ed, odtud proj\u00edt parkem, od hlavn\u00edho vchodu n\u00e1dra\u017e\u00ed doprava a nastoupit na jakoukoliv tramvaj ve sm\u011bru Husineck\u00e1<\/li>\n<li><strong>z N\u00e1m\u011bst\u00ed republiky<\/strong> (Masarykovo n\u00e1dra\u017e\u00ed) metrem B na Florenc, odtud autobusem 135 na zast\u00e1vku N\u00e1m\u011bst\u00ed Winstona Churchilla, nebo vystoupit z metra sm\u011brem Masarykovo n\u00e1dra\u017e\u00ed a nastoupit na tramvaj 5, 26 ve sm\u011bru Husineck\u00e1<\/li>\n<li><strong>ze Zli\u010d\u00edna<\/strong> metrem B na Florenc, odtud autobusem 135 na zast\u00e1vku N\u00e1m\u011bst\u00ed Winstona Churchilla, p\u0159\u00edpadn\u011b na Florenci p\u0159estoupit na Metro C, dojet na Hlavn\u00ed n\u00e1dra\u017e\u00ed, odtud proj\u00edt parkem, od hlavn\u00edho vchodu n\u00e1dra\u017e\u00ed doprava a nastoupit na jakoukoliv tramvaj ve sm\u011bru Husineck\u00e1<\/li>\n<li><strong>z \u010cern\u00e9ho mostu<\/strong> metrem B na Florenc, odtud autobusem 135 na zast\u00e1vku N\u00e1m\u011bst\u00ed Winstona Churchilla, p\u0159\u00edpadn\u011b na Florenci p\u0159estoupit na Metro C, dojet na Hlavn\u00ed n\u00e1dra\u017e\u00ed, odtud proj\u00edt parkem, od hlavn\u00edho vchodu n\u00e1dra\u017e\u00ed doprava a nastoupit na jakoukoliv tramvaj ve sm\u011bru Husineck\u00e1<\/li>\n<li><strong>z Hrad\u010dansk\u00e9<\/strong> metrem A na M\u016fstek, odtud tramvaj\u00ed \u010d. 9 na zast\u00e1vku Husineck\u00e1, p\u0159\u00edpadn\u011b dojet metrem do stanice Muzeum, p\u0159estoupit na linku C a dojet na Hlavn\u00ed n\u00e1dra\u017e\u00ed, odtud proj\u00edt parkem, od hlavn\u00edho vchodu n\u00e1dra\u017e\u00ed doprava a nastoupit na jakoukoliv tramvaj ve sm\u011bru Husineck\u00e1<\/li>\n<\/ul>\n<p>V\u0161echny trasy trvaj\u00ed okolo 20 min.<\/p>\n<h3><strong>Faktura\u010dn\u00ed \u00fadaje<\/strong><\/h3>\n<p>Lynt services s.r.o.<br \/>\nChudenick\u00e1 1059\/30, Praha 10, 102 00<br \/>\nI\u010c: 24251607, DI\u010c: CZ24251607<\/p>\n<p><a href=\"https:\/\/2017.prague.wordcamp.org\/obchodni-podminky\/\">Obchodn\u00ed podm\u00ednky a ochrana osobn\u00edch \u00fadaj\u016f<\/a><\/p>\n<h3>Kontaktn\u00ed formul\u00e1\u0159<\/h3>\n<div data-test='contact-form'\n\t\t\tid='contact-form-60'\n\t\t\tclass='wp-block-jetpack-contact-form-container '\n\t\t\tdata-wp-interactive='jetpack\/form' data-wp-context='{\"formId\":\"60\",\"formHash\":\"dadf6b9c516c872c1a576555c655edf1e3bbccdf\",\"showErrors\":false,\"errors\":[],\"fields\":[],\"isMultiStep\":false,\"useAjax\":true,\"submissionData\":null,\"formattedSubmissionData\":[],\"submissionSuccess\":false,\"submissionError\":null,\"elementId\":\"jp-form-dadf6b9c516c872c1a576555c655edf1e3bbccdf\",\"isSingleInputForm\":false}'\n\t\t\tdata-wp-watch--scroll-to-wrapper=\"callbacks.scrollToWrapper\"\n\t\t>\n<div class=\"contact-form-submission contact-form-ajax-submission\" data-wp-bind--aria-hidden=\"state.isSuccessMessageAriaHidden\" data-wp-class--submission-success=\"context.submissionSuccess\" id=\"contact-form-success-dadf6b9c516c872c1a576555c655edf1e3bbccdf\" tabindex=\"-1\" aria-labelledby=\"contact-form-success-header-dadf6b9c516c872c1a576555c655edf1e3bbccdf\"><p class=\"go-back-message\"><a class=\"link\" role=\"button\" tabindex=\"0\" data-wp-on--click=\"actions.goBack\" href=\"\/2017\/wp-json\/wp\/v2\/pages\/60\">\u2190 Back<\/a><\/p><h4 data-wp-bind--aria-hidden=\"state.isSuccessMessageAriaHidden\" id=\"contact-form-success-header-dadf6b9c516c872c1a576555c655edf1e3bbccdf\">Your message has been sent<\/h4>\n\n<template data-wp-each--submission=\"context.formattedSubmissionData\">\n\t\t\t\t\t<div class=\"jetpack_forms_contact-form-success-summary\">\n\t\t\t\t\t\t<div class=\"field-name\" data-wp-text=\"context.submission.label\" data-wp-bind--hidden=\"!context.submission.label\"><\/div>\n\t\t\t\t\t\t<div class=\"field-value\" data-wp-text=\"context.submission.value\" data-wp-bind--hidden=\"!context.submission.showPlainValue\"><\/div>\n\t\t\t\t\t\t<a class=\"field-url\" data-wp-bind--href=\"context.submission.url\" data-wp-text=\"context.submission.value\" data-wp-bind--hidden=\"!context.submission.url\" target=\"_blank\" rel=\"noopener noreferrer\"><\/a>\n\t\t\t\t\t\t<div class=\"field-rating\" data-wp-bind--hidden=\"!context.submission.rating\" data-wp-watch=\"callbacks.watchRatingIcons\"><\/div>\n\t\t\t\t\t\t<div class=\"field-images\" data-wp-bind--hidden=\"!context.submission.images\">\n\t\t\t\t\t\t\t<template data-wp-each--image=\"context.submission.images\">\n\t\t\t\t\t\t\t\t<div class=\"field-image-option\" data-wp-class--is-empty=\"!context.image.src\">\n\t\t\t\t\t\t\t\t\t<figure class=\"field-image-option__image\" data-wp-class--is-empty=\"!context.image.src\">\n\t\t\t\t\t\t\t\t\t\t<img data-wp-bind--src=\"context.image.src\" data-wp-bind--hidden=\"!context.image.src\" \/>\n\t\t\t\t\t\t\t\t\t\t<img decoding=\"async\" src=\"data:image\/gif;base64,R0lGODlhAQABAAD\/ACwAAAAAAQABAAACADs=\" data-wp-bind--hidden=\"context.image.src\" \/>\n\t\t\t\t\t\t\t\t\t<\/figure>\n\t\t\t\t\t\t\t\t\t<div class=\"field-image-option__label-wrapper\">\n\t\t\t\t\t\t\t\t\t\t<span class=\"field-image-option__label-code\" data-wp-text=\"context.image.letterCode\"><\/span>\n\t\t\t\t\t\t\t\t\t\t<span class=\"field-image-option__label\" data-wp-text=\"context.image.label\" data-wp-bind--hidden=\"!context.image.label\"><\/span>\n\t\t\t\t\t\t\t\t\t<\/div>\n\t\t\t\t\t\t\t\t<\/div>\n\t\t\t\t\t\t\t<\/template>\n\t\t\t\t\t\t<\/div>\n\t\t\t\t\t\t<div class=\"field-files\" data-wp-bind--hidden=\"!context.submission.files\">\n\t\t\t\t\t\t\t<template data-wp-each--file=\"context.submission.files\">\n\t\t\t\t\t\t\t\t<div class=\"field-file\">\n\t\t\t\t\t\t\t\t\t<div class=\"field-file__thumbnail\" data-wp-style--background-image=\"context.file.previewUrl\" data-wp-style--mask-image=\"context.file.iconUrl\" data-wp-bind--hidden=\"!context.file.hasPreview\"><\/div>\n\t\t\t\t\t\t\t\t\t<svg class=\"field-file__icon\" data-wp-bind--hidden=\"context.file.hasPreview\" width=\"20\" height=\"20\" viewBox=\"0 0 24 24\" fill=\"none\" xmlns=\"http:\/\/www.w3.org\/2000\/svg\" aria-hidden=\"true\">\n\t\t\t\t\t\t\t\t\t\t<path d=\"M14 2H6C4.9 2 4 2.9 4 4V20C4 21.1 4.89 22 5.99 22H18C19.1 22 20 21.1 20 20V8L14 2ZM18 20H6V4H13V9H18V20Z\" fill=\"currentColor\"\/>\n\t\t\t\t\t\t\t\t\t<\/svg>\n\t\t\t\t\t\t\t\t\t<span class=\"field-file__name\" data-wp-text=\"context.file.name\"><\/span>\n\t\t\t\t\t\t\t\t\t<span class=\"field-file__size\" data-wp-text=\"context.file.size\"><\/span>\n\t\t\t\t\t\t\t\t<\/div>\n\t\t\t\t\t\t\t<\/template>\n\t\t\t\t\t\t<\/div>\n\t\t\t\t\t<\/div>\n\t\t\t\t<\/template><\/div><form action='https:\/\/prague.wordcamp.org\/2017\/kontakt\/'\n\t\t\t\tid='jp-form-dadf6b9c516c872c1a576555c655edf1e3bbccdf'\n\t\t\t\tmethod='post'\n\t\t\t\tclass='contact-form commentsblock' aria-label=\"Kontakt\"\n\t\t\t\tdata-wp-on--submit=\"actions.onFormSubmit\"\n\t\t\t\tdata-wp-on--reset=\"actions.onFormReset\"\n\t\t\t\tdata-wp-class--submission-success=\"context.submissionSuccess\"\n\t\t\t\tdata-wp-class--is-first-step=\"state.isFirstStep\"\n\t\t\t\tdata-wp-class--is-last-step=\"state.isLastStep\"\n\t\t\t\tdata-wp-class--is-ajax-form=\"context.useAjax\"\n\t\t\t\tnovalidate >\n<input type='hidden' name='jetpack_contact_form_jwt' value='eyJ0eXAiOiJKV1QiLCJhbGciOiJIUzI1NiJ9.eyJlbmNyeXB0ZWRfYXR0cmlidXRlcyI6InRZSEl1RGo2OWp5ckpBMzNyU0UxNHRyWkNLOU0wZzZ0bVdka3N4dkhEeTRTSlRhdE5xdW5sLzE4SlJiZHBTNkx3bWxHMUlrck9UQVVmbmoyR2djN2RFVXJPRmZlM2p3UXF3c0M2TWlXL04yQ0svRDdnd0kzVVlQWDdKcDVyMFN5WlI3aXlOUFhld0pkTmtwRmpNQkRLeUJOTW9uaE5WdERmWWpPbzlwRStxdmVoYk1YTlRTejFNTGQ2dStYZG1hbUZBMTRaQUV3Zmw0YTNOQUFkbVZ4Y2JQS3E4OFl0L3NZazhxeFRHeXM1cHdjeldwdTBNV1J5ekpEZjlwajlkY1l5YTZjNGxIN1VPamt3TU05YmJoUjRmTEZXa2tncmM0dWFWWmFRczZwVkcvbEpEazI0L3UxSUtGU2pWemhTeWJSb214QlYrMmFHRHZIbXBFRGRyMTNoTDdPTldsbk1ZSXRNdVZvR1krWENWclNTQ0p4ZkVDQjd0WmhZSUM0d2c3TWxyZG1yOFFUb0owdm84b3NxNnNXQ2s4SHkzdmFEbjJ2L3QvU0p4TS80RUhqUitsVWwwYTBXYXRSUlFYKzhsczhwTTNBS24yTERjR0NTanhtR0VzT09OUCtvcEEwVHY3Zis3T0N3NjNOVTVydlcxTTdWT1ZHWDVOWURHKy9uT2g1SXNBZi95bS9zQ0lSbG4rQ1FiZTYvalUvVFU0UGMySmRyTW9pN1FnQmlidkZPcGNTUnVXaWtOSWJMQ3JaWGlzSDhJQmlwUGR4MEhUZDBNTFgyRTJkaWx5bWcxZU1acnhKdmRpUXNXalZQek9uME41WngwQnZ0cjVDbWhyV3dnMm1Sc3BRTmtYM3dMTnBZcEN5bFNuZUJubktxQ0pkTnB4S2V1Z283aFd0UGNLYmhiZXhQemdNNzZNc01xSW15UUd1N3BZSng0bzdZaHZzRU5PN0QzNW1wdzhwQzdNcVlrdktocDJDVXNiazhNZzZqc1dPdzliUTIrRDFFcERDeWw5WXMrdGNSR013OEx1NUw3Nk92ZFlFaHFFZ0xRQlN4ZlRoMGY4dHM1WnFkRHptYlZaZXgxeHdpeEtqNjYwK2lkSk45Q054eHZXWXVVU01qY1gxTUdHd1pMNnFGOWRoaW1adVZaZFNza0xDS2EvOFFkSGJPRGY5S3RUbHR2YXJmSU9DRC9BNmRsMG1MSFE5QWJwNHZsR294UFZ0aGRhMm9BPT0iLCJjb250ZW50IjoiW2NvbnRhY3QtZmllbGQgbGFiZWw9XCJKbVx1MDBlOW5vXCIgdHlwZT1cIm5hbWVcIiByZXF1aXJlZD1cIjFcIiAvXVtjb250YWN0LWZpZWxkIGxhYmVsPVwiRW1haWxcIiB0eXBlPVwiZW1haWxcIiByZXF1aXJlZD1cIjFcIiAvXVtjb250YWN0LWZpZWxkIGxhYmVsPVwiWnByXHUwMGUxdmFcIiB0eXBlPVwidGV4dGFyZWFcIiByZXF1aXJlZD1cIjFcIiAvXSIsImhhc2giOiJkYWRmNmI5YzUxNmM4NzJjMWE1NzY1NTVjNjU1ZWRmMWUzYmJjY2RmIiwic291cmNlIjp7ImVudHJ5X3RpdGxlIjoiS29udGFrdCIsImVudHJ5X3BhZ2UiOjEsInNvdXJjZV9pZCI6NjAsInNvdXJjZV90eXBlIjoic2luZ2xlIiwicmVxdWVzdF91cmwiOiJodHRwczovL3ByYWd1ZS53b3JkY2FtcC5vcmcvMjAxNy93cC1qc29uL3dwL3YyL3BhZ2VzLzYwIn0sInZlcnNpb24iOjIsImNpcGhlciI6ImFlcy0yNTYtZ2NtIn0.DAiO6tCVkr221varzBNOahxyfdI3Xh1Iv3qaj8ffFb8' \/>\n\n<div style=\"\"  data-wp-interactive=\"jetpack\/form\" data-wp-context='{\"fieldId\":\"g60-jmno\",\"fieldType\":\"name\",\"fieldLabel\":\"Jm\\u00e9no\",\"fieldValue\":\"\",\"fieldPlaceholder\":\"\",\"fieldIsRequired\":\"1\",\"fieldErrorMessage\":\"\",\"fieldExtra\":[],\"formHash\":\"dadf6b9c516c872c1a576555c655edf1e3bbccdf\"}'  class='grunion-field-name-wrap grunion-field-wrap'  data-wp-init='callbacks.initializeField' data-wp-on--jetpack-form-reset='callbacks.initializeField' >\n<label\n\t\t\t\tfor='g60-jmno' class=\"grunion-field-label name\" >Jm\u00e9no<span class=\"grunion-label-required\" aria-hidden=\"true\">(required)<\/span><\/label>\n<input\n\t\t\t\t\ttype='text'\n\t\t\t\t\tname='g60-jmno'\n\t\t\t\t\tid='g60-jmno'\n\t\t\t\t\tvalue=''\n\n\t\t\t\t\tdata-wp-bind--aria-invalid='state.fieldAriaInvalid'\n\t\t\t\t\tdata-wp-bind--value='state.getFieldValue'\n\t\t\t\t\taria-describedby='g60-jmno-text-error-message'\n\t\t\t\t\tdata-wp-on--input='actions.onFieldChange'\n\t\t\t\t\tdata-wp-on--blur='actions.onFieldBlur'\n\t\t\t\t\tdata-wp-class--has-value='state.hasFieldValue'\n\n\t\t\t\t\tclass='name  grunion-field' \n\t\t\t\t\trequired='true' aria-required='true'  \/>\n \n\t\t\t<div id=\"g60-jmno-text-error\" class=\"contact-form__input-error\" data-wp-class--has-errors=\"state.fieldHasErrors\">\n\t\t\t\t<span class=\"contact-form__warning-icon\" aria-hidden=\"true\">\n\t\t\t\t\t<svg width=\"16\" height=\"16\" viewBox=\"0 0 16 16\" fill=\"none\" xmlns=\"http:\/\/www.w3.org\/2000\/svg\">\n\t\t\t\t\t\t<path d=\"M8.50015 11.6402H7.50015V10.6402H8.50015V11.6402Z\" \/>\n\t\t\t\t\t\t<path d=\"M7.50015 9.64018H8.50015V6.30684H7.50015V9.64018Z\" \/>\n\t\t\t\t\t\t<path fill-rule=\"evenodd\" clip-rule=\"evenodd\" d=\"M6.98331 3.0947C7.42933 2.30177 8.57096 2.30177 9.01698 3.09469L13.8771 11.7349C14.3145 12.5126 13.7525 13.4735 12.8602 13.4735H3.14004C2.24774 13.4735 1.68575 12.5126 2.12321 11.7349L6.98331 3.0947ZM8.14541 3.58496C8.08169 3.47168 7.9186 3.47168 7.85488 3.58496L2.99478 12.2251C2.93229 12.3362 3.01257 12.4735 3.14004 12.4735H12.8602C12.9877 12.4735 13.068 12.3362 13.0055 12.2251L8.14541 3.58496Z\" \/>\n\t\t\t\t\t<\/svg>\n\t\t\t\t<\/span>\n\t\t\t\t<span data-wp-text=\"state.errorMessage\" id=\"g60-jmno-text-error-message\"><\/span>\n\t\t\t<\/div> \n\t<\/div>\n\n<div style=\"\"  data-wp-interactive=\"jetpack\/form\" data-wp-context='{\"fieldId\":\"g60-email\",\"fieldType\":\"email\",\"fieldLabel\":\"Email\",\"fieldValue\":\"\",\"fieldPlaceholder\":\"\",\"fieldIsRequired\":\"1\",\"fieldErrorMessage\":\"\",\"fieldExtra\":[],\"formHash\":\"dadf6b9c516c872c1a576555c655edf1e3bbccdf\"}'  class='grunion-field-email-wrap grunion-field-wrap'  data-wp-init='callbacks.initializeField' data-wp-on--jetpack-form-reset='callbacks.initializeField' >\n<label\n\t\t\t\tfor='g60-email' class=\"grunion-field-label email\" >Email<span class=\"grunion-label-required\" aria-hidden=\"true\">(required)<\/span><\/label>\n<input\n\t\t\t\t\ttype='email'\n\t\t\t\t\tname='g60-email'\n\t\t\t\t\tid='g60-email'\n\t\t\t\t\tvalue=''\n\n\t\t\t\t\tdata-wp-bind--aria-invalid='state.fieldAriaInvalid'\n\t\t\t\t\tdata-wp-bind--value='state.getFieldValue'\n\t\t\t\t\taria-describedby='g60-email-email-error-message'\n\t\t\t\t\tdata-wp-on--input='actions.onFieldChange'\n\t\t\t\t\tdata-wp-on--blur='actions.onFieldBlur'\n\t\t\t\t\tdata-wp-class--has-value='state.hasFieldValue'\n\n\t\t\t\t\tclass='email  grunion-field' \n\t\t\t\t\trequired='true' aria-required='true'  \/>\n \n\t\t\t<div id=\"g60-email-email-error\" class=\"contact-form__input-error\" data-wp-class--has-errors=\"state.fieldHasErrors\">\n\t\t\t\t<span class=\"contact-form__warning-icon\" aria-hidden=\"true\">\n\t\t\t\t\t<svg width=\"16\" height=\"16\" viewBox=\"0 0 16 16\" fill=\"none\" xmlns=\"http:\/\/www.w3.org\/2000\/svg\">\n\t\t\t\t\t\t<path d=\"M8.50015 11.6402H7.50015V10.6402H8.50015V11.6402Z\" \/>\n\t\t\t\t\t\t<path d=\"M7.50015 9.64018H8.50015V6.30684H7.50015V9.64018Z\" \/>\n\t\t\t\t\t\t<path fill-rule=\"evenodd\" clip-rule=\"evenodd\" d=\"M6.98331 3.0947C7.42933 2.30177 8.57096 2.30177 9.01698 3.09469L13.8771 11.7349C14.3145 12.5126 13.7525 13.4735 12.8602 13.4735H3.14004C2.24774 13.4735 1.68575 12.5126 2.12321 11.7349L6.98331 3.0947ZM8.14541 3.58496C8.08169 3.47168 7.9186 3.47168 7.85488 3.58496L2.99478 12.2251C2.93229 12.3362 3.01257 12.4735 3.14004 12.4735H12.8602C12.9877 12.4735 13.068 12.3362 13.0055 12.2251L8.14541 3.58496Z\" \/>\n\t\t\t\t\t<\/svg>\n\t\t\t\t<\/span>\n\t\t\t\t<span data-wp-text=\"state.errorMessage\" id=\"g60-email-email-error-message\"><\/span>\n\t\t\t<\/div> \n\t<\/div>\n\n<div style=\"\"  data-wp-interactive=\"jetpack\/form\" data-wp-context='{\"fieldId\":\"g60-zprva\",\"fieldType\":\"textarea\",\"fieldLabel\":\"Zpr\\u00e1va\",\"fieldValue\":\"\",\"fieldPlaceholder\":\"\",\"fieldIsRequired\":\"1\",\"fieldErrorMessage\":\"\",\"fieldExtra\":[],\"formHash\":\"dadf6b9c516c872c1a576555c655edf1e3bbccdf\"}'  class='grunion-field-textarea-wrap grunion-field-wrap'  data-wp-init='callbacks.initializeField' data-wp-on--jetpack-form-reset='callbacks.initializeField' >\n<label\n\t\t\t\tfor='contact-form-comment-g60-zprva' class=\"grunion-field-label textarea\" >Zpr\u00e1va<span class=\"grunion-label-required\" aria-hidden=\"true\">(required)<\/span><\/label>\n<textarea\n\t\t                style=''\n\t\t                name='g60-zprva'\n\t\t                id='contact-form-comment-g60-zprva'\n\t\t                rows='20'\n\t\t\t\t\t\tdata-wp-text='state.getFieldValue'\n\t\t\t\t\t\tdata-wp-on--input='actions.onFieldChange'\n\t\t\t\t\t\tdata-wp-on--blur='actions.onFieldBlur'\n\t\t\t\t\t\tdata-wp-class--has-value='state.hasFieldValue'\n\t\t\t\t\t\taria-describedby='g60-zprva-textarea-error-message'\n\t\t\t\t\t\tdata-wp-bind--aria-invalid='state.fieldAriaInvalid'\n\t\t\t\t\t\tclass='textarea  grunion-field'  required aria-required='true'><\/textarea>\n \n\t\t\t<div id=\"g60-zprva-textarea-error\" class=\"contact-form__input-error\" data-wp-class--has-errors=\"state.fieldHasErrors\">\n\t\t\t\t<span class=\"contact-form__warning-icon\" aria-hidden=\"true\">\n\t\t\t\t\t<svg width=\"16\" height=\"16\" viewBox=\"0 0 16 16\" fill=\"none\" xmlns=\"http:\/\/www.w3.org\/2000\/svg\">\n\t\t\t\t\t\t<path d=\"M8.50015 11.6402H7.50015V10.6402H8.50015V11.6402Z\" \/>\n\t\t\t\t\t\t<path d=\"M7.50015 9.64018H8.50015V6.30684H7.50015V9.64018Z\" \/>\n\t\t\t\t\t\t<path fill-rule=\"evenodd\" clip-rule=\"evenodd\" d=\"M6.98331 3.0947C7.42933 2.30177 8.57096 2.30177 9.01698 3.09469L13.8771 11.7349C14.3145 12.5126 13.7525 13.4735 12.8602 13.4735H3.14004C2.24774 13.4735 1.68575 12.5126 2.12321 11.7349L6.98331 3.0947ZM8.14541 3.58496C8.08169 3.47168 7.9186 3.47168 7.85488 3.58496L2.99478 12.2251C2.93229 12.3362 3.01257 12.4735 3.14004 12.4735H12.8602C12.9877 12.4735 13.068 12.3362 13.0055 12.2251L8.14541 3.58496Z\" \/>\n\t\t\t\t\t<\/svg>\n\t\t\t\t<\/span>\n\t\t\t\t<span data-wp-text=\"state.errorMessage\" id=\"g60-zprva-textarea-error-message\"><\/span>\n\t\t\t<\/div>\n\t<\/div>\n\t<p class='contact-submit'>\n<div class=\"contact-form__error\" data-wp-class--show-errors=\"state.showFormErrors\"><span class=\"contact-form__warning-icon\" aria-hidden=\"true\"><i><\/i><\/span><span class=\"contact-form__error-message\" tabindex=\"-1\" data-wp-watch=\"callbacks.focusOnValidationError\" data-wp-text=\"state.getFormErrorMessage\"><\/span><ul aria-label=\"Form errors\">\n\t\t\t\t<template data-wp-each=\"state.getErrorList\" data-wp-key=\"context.item.id\">\n\t\t\t\t\t<li><a data-wp-bind--href=\"context.item.anchor\" data-wp-on--click=\"actions.scrollIntoView\" data-wp-text=\"context.item.label\"><\/a><\/li>\n\t\t\t\t<\/template>\n\t\t\t\t<\/ul><\/div><div class=\"contact-form__error\" data-wp-class--show-errors=\"state.showSubmissionError\" data-wp-text=\"context.submissionError\" tabindex=\"-1\" data-wp-watch=\"callbacks.focusOnSubmissionError\"><\/div>\t\t<button type='submit' class='pushbutton-wide'>Submit<\/button>\t\t<input type='hidden' name='contact-form-id' value='60' \/>\n\t\t<input type='hidden' name='action' value='grunion-contact-form' \/>\n\t\t<input type='hidden' name='contact-form-hash' value='dadf6b9c516c872c1a576555c655edf1e3bbccdf' \/>\n\t<\/p>\n<p style=\"display: none !important;\" class=\"akismet-fields-container\" data-prefix=\"ak_\"><label>&#916;<textarea name=\"ak_hp_textarea\" cols=\"45\" rows=\"8\" maxlength=\"100\"><\/textarea><\/label><input type=\"hidden\" id=\"ak_js_1\" name=\"ak_js\" value=\"83\"\/><script>\ndocument.getElementById( \"ak_js_1\" ).setAttribute( \"value\", ( new Date() ).getTime() );\n<\/script>\n<\/p><\/form>\n<\/div>\n","protected":false},"excerpt":{"rendered":"<p>Organiz\u00e1to\u0159i Tom\u00e1\u0161 Kocifaj &#8211;\u00a0hlavn\u00ed po\u0159adatel (kocifaj@brilo.cz, 606 743 660) Vladim\u00edr Smitka &#8211; fakturace a platby (vladimir.smitka@lynt.cz) Martin Hlav\u00e1\u010d Jakub Hladk\u00fd Adam Laita Radek Ku\u010dera\u00a0 Petr Toman Jan 2046 Jak se dostanu na WordCamp Wordcamp 2017 se kon\u00e1 v budov\u011b V\u0160E, Praha (vchod z Italsk\u00e9 ulice). Autem Do navigace zadejte Italsk\u00e1 38, Praha (https:\/\/mapy.cz\/s\/r3hx), ale vchod &hellip; <a href=\"https:\/\/prague.wordcamp.org\/2017\/kontakt\/\" class=\"more-link\">Pokra\u010dov\u00e1n\u00ed textu <span class=\"screen-reader-text\">Kontakt<\/span><\/a><\/p>\n","protected":false},"author":3999955,"featured_media":0,"parent":0,"menu_order":0,"comment_status":"closed","ping_status":"closed","template":"","meta":{"jetpack_post_was_ever_published":false,"footnotes":""},"class_list":["post-60","page","type-page","status-publish","hentry"],"jetpack_sharing_enabled":true,"jetpack_shortlink":"https:\/\/wp.me\/P7ZJYo-Y","jetpack-related-posts":[],"_links":{"self":[{"href":"https:\/\/prague.wordcamp.org\/2017\/wp-json\/wp\/v2\/pages\/60","targetHints":{"allow":["GET"]}}],"collection":[{"href":"https:\/\/prague.wordcamp.org\/2017\/wp-json\/wp\/v2\/pages"}],"about":[{"href":"https:\/\/prague.wordcamp.org\/2017\/wp-json\/wp\/v2\/types\/page"}],"author":[{"embeddable":true,"href":"https:\/\/prague.wordcamp.org\/2017\/wp-json\/wp\/v2\/users\/3999955"}],"replies":[{"embeddable":true,"href":"https:\/\/prague.wordcamp.org\/2017\/wp-json\/wp\/v2\/comments?post=60"}],"version-history":[{"count":16,"href":"https:\/\/prague.wordcamp.org\/2017\/wp-json\/wp\/v2\/pages\/60\/revisions"}],"predecessor-version":[{"id":1507,"href":"https:\/\/prague.wordcamp.org\/2017\/wp-json\/wp\/v2\/pages\/60\/revisions\/1507"}],"wp:attachment":[{"href":"https:\/\/prague.wordcamp.org\/2017\/wp-json\/wp\/v2\/media?parent=60"}],"curies":[{"name":"wp","href":"https:\/\/api.w.org\/{rel}","templated":true}]}}