{"id":58,"date":"2016-11-08T12:38:03","date_gmt":"2016-11-08T12:38:03","guid":{"rendered":"http:\/\/2017.prague.wordcamp.org\/?page_id=58"},"modified":"2017-01-05T16:38:00","modified_gmt":"2017-01-05T15:38:00","slug":"dobrovolnici","status":"publish","type":"page","link":"https:\/\/prague.wordcamp.org\/2017\/dobrovolnici\/","title":{"rendered":"Dobrovoln\u00edci"},"content":{"rendered":"<p><strong>WordCamp Praha 2017 hled\u00e1 dobrovoln\u00edky na pomoc s&nbsp;organizac\u00ed konference.<\/strong><\/p>\n<p>Vzhledem k tomu, \u017ee p\u0159ipravujeme konferenci pro n\u011bkolik stovek lid\u00ed, pot\u0159ebujeme sestavit kvalitn\u00ed t\u00fdm, kter\u00fd n\u00e1m s pom\u016f\u017ee s&nbsp;hladk\u00fdm pr\u016fb\u011bhem t\u00e9to unik\u00e1tn\u00ed akce.<\/p>\n<p><strong>Dobrovolnictv\u00ed v\u00e1m p\u0159inese<\/strong><\/p>\n<ul>\n<li>Mo\u017enost b\u00fdt ned\u00edlnou sou\u010d\u00e1st\u00ed t\u00e9to akce<\/li>\n<li>Pohled do z\u00e1kulis\u00ed pl\u00e1nov\u00e1n\u00ed konference<\/li>\n<li>Mo\u017enost z\u00fa\u010dastnit se n\u011bkter\u00fdch p\u0159edn\u00e1\u0161ek<\/li>\n<li>\u010cas str\u00e1ven\u00fd s organiz\u00e1tory i \u0159e\u010dn\u00edky, kte\u0159\u00ed jsou \u0161pi\u010dkou ve sv\u00e9m oboru<\/li>\n<li>Unik\u00e1tn\u00ed tri\u010dko organiz\u00e1tora<\/li>\n<li>Pod\u011bkov\u00e1n\u00ed na ofici\u00e1ln\u00edch str\u00e1nk\u00e1ch konference<\/li>\n<li><strong>V\u00fdborn\u00fd pocit, \u017ee jsi pomohl skv\u011bl\u00e9\u00a0komunit\u011b, p\u0159esto\u017ee t\u0159eba nejsi program\u00e1tor nebo p\u0159ekladatel!<\/strong><\/li>\n<\/ul>\n<p><strong>Co bude n\u00e1pln\u00ed pr\u00e1ce dobrovoln\u00edk\u016f?<\/strong><\/p>\n<ul>\n<li>Pom\u00e1hat u registrace a \u0161aten<\/li>\n<li>Rozd\u00e1vat tri\u010dka a dal\u0161\u00ed upom\u00ednkov\u00e9 p\u0159edm\u011bty<\/li>\n<li>Pomoci s organizac\u00ed ob\u011bda<\/li>\n<li>Navigovat \u00fa\u010dastn\u00edky do s\u00e1l\u016f a k ob\u010derstven\u00ed<\/li>\n<li>Starat se o p\u0159edn\u00e1\u0161ej\u00edc\u00ed<\/li>\n<li>Pomoc s mikrofonem b\u011bhem diskuze po p\u0159edn\u00e1\u0161k\u00e1ch<\/li>\n<\/ul>\n<p>Pokud m\u00e1te z\u00e1jem b\u00fdt sou\u010d\u00e1st\u00ed t\u00e9to akce, dejte n\u00e1m o sob\u011b v\u011bd\u011bt!<\/p>\n<div data-test='contact-form'\n\t\t\tid='contact-form-58'\n\t\t\tclass='wp-block-jetpack-contact-form-container '\n\t\t\tdata-wp-interactive='jetpack\/form' data-wp-context='{\"formId\":\"58\",\"formHash\":\"87407ad937358c6e5c13fefa41e00d6c31d0c52a\",\"showErrors\":false,\"errors\":[],\"fields\":[],\"isMultiStep\":false,\"useAjax\":true,\"submissionData\":null,\"formattedSubmissionData\":[],\"submissionSuccess\":false,\"submissionError\":null,\"elementId\":\"jp-form-87407ad937358c6e5c13fefa41e00d6c31d0c52a\",\"isSingleInputForm\":false}'\n\t\t\tdata-wp-watch--scroll-to-wrapper=\"callbacks.scrollToWrapper\"\n\t\t>\n<div class=\"contact-form-submission contact-form-ajax-submission\" data-wp-bind--aria-hidden=\"state.isSuccessMessageAriaHidden\" data-wp-class--submission-success=\"context.submissionSuccess\" id=\"contact-form-success-87407ad937358c6e5c13fefa41e00d6c31d0c52a\" tabindex=\"-1\" aria-labelledby=\"contact-form-success-header-87407ad937358c6e5c13fefa41e00d6c31d0c52a\"><p class=\"go-back-message\"><a class=\"link\" role=\"button\" tabindex=\"0\" data-wp-on--click=\"actions.goBack\" href=\"\/2017\/wp-json\/wp\/v2\/pages\/58\">\u2190 Back<\/a><\/p><h4 data-wp-bind--aria-hidden=\"state.isSuccessMessageAriaHidden\" id=\"contact-form-success-header-87407ad937358c6e5c13fefa41e00d6c31d0c52a\">Your message has been sent<\/h4>\n\n<template data-wp-each--submission=\"context.formattedSubmissionData\">\n\t\t\t\t\t<div class=\"jetpack_forms_contact-form-success-summary\">\n\t\t\t\t\t\t<div class=\"field-name\" data-wp-text=\"context.submission.label\" data-wp-bind--hidden=\"!context.submission.label\"><\/div>\n\t\t\t\t\t\t<div class=\"field-value\" data-wp-text=\"context.submission.value\" data-wp-bind--hidden=\"!context.submission.showPlainValue\"><\/div>\n\t\t\t\t\t\t<a class=\"field-url\" data-wp-bind--href=\"context.submission.url\" data-wp-text=\"context.submission.value\" data-wp-bind--hidden=\"!context.submission.url\" target=\"_blank\" rel=\"noopener noreferrer\"><\/a>\n\t\t\t\t\t\t<div class=\"field-rating\" data-wp-bind--hidden=\"!context.submission.rating\" data-wp-watch=\"callbacks.watchRatingIcons\"><\/div>\n\t\t\t\t\t\t<div class=\"field-images\" data-wp-bind--hidden=\"!context.submission.images\">\n\t\t\t\t\t\t\t<template data-wp-each--image=\"context.submission.images\">\n\t\t\t\t\t\t\t\t<div class=\"field-image-option\" data-wp-class--is-empty=\"!context.image.src\">\n\t\t\t\t\t\t\t\t\t<figure class=\"field-image-option__image\" data-wp-class--is-empty=\"!context.image.src\">\n\t\t\t\t\t\t\t\t\t\t<img data-wp-bind--src=\"context.image.src\" data-wp-bind--hidden=\"!context.image.src\" \/>\n\t\t\t\t\t\t\t\t\t\t<img decoding=\"async\" src=\"data:image\/gif;base64,R0lGODlhAQABAAD\/ACwAAAAAAQABAAACADs=\" data-wp-bind--hidden=\"context.image.src\" \/>\n\t\t\t\t\t\t\t\t\t<\/figure>\n\t\t\t\t\t\t\t\t\t<div class=\"field-image-option__label-wrapper\">\n\t\t\t\t\t\t\t\t\t\t<span class=\"field-image-option__label-code\" data-wp-text=\"context.image.letterCode\"><\/span>\n\t\t\t\t\t\t\t\t\t\t<span class=\"field-image-option__label\" data-wp-text=\"context.image.label\" data-wp-bind--hidden=\"!context.image.label\"><\/span>\n\t\t\t\t\t\t\t\t\t<\/div>\n\t\t\t\t\t\t\t\t<\/div>\n\t\t\t\t\t\t\t<\/template>\n\t\t\t\t\t\t<\/div>\n\t\t\t\t\t\t<div class=\"field-files\" data-wp-bind--hidden=\"!context.submission.files\">\n\t\t\t\t\t\t\t<template data-wp-each--file=\"context.submission.files\">\n\t\t\t\t\t\t\t\t<div class=\"field-file\">\n\t\t\t\t\t\t\t\t\t<div class=\"field-file__thumbnail\" data-wp-style--background-image=\"context.file.previewUrl\" data-wp-style--mask-image=\"context.file.iconUrl\" data-wp-bind--hidden=\"!context.file.hasPreview\"><\/div>\n\t\t\t\t\t\t\t\t\t<svg class=\"field-file__icon\" data-wp-bind--hidden=\"context.file.hasPreview\" width=\"20\" height=\"20\" viewBox=\"0 0 24 24\" fill=\"none\" xmlns=\"http:\/\/www.w3.org\/2000\/svg\" aria-hidden=\"true\">\n\t\t\t\t\t\t\t\t\t\t<path d=\"M14 2H6C4.9 2 4 2.9 4 4V20C4 21.1 4.89 22 5.99 22H18C19.1 22 20 21.1 20 20V8L14 2ZM18 20H6V4H13V9H18V20Z\" fill=\"currentColor\"\/>\n\t\t\t\t\t\t\t\t\t<\/svg>\n\t\t\t\t\t\t\t\t\t<span class=\"field-file__name\" data-wp-text=\"context.file.name\"><\/span>\n\t\t\t\t\t\t\t\t\t<span class=\"field-file__size\" data-wp-text=\"context.file.size\"><\/span>\n\t\t\t\t\t\t\t\t<\/div>\n\t\t\t\t\t\t\t<\/template>\n\t\t\t\t\t\t<\/div>\n\t\t\t\t\t<\/div>\n\t\t\t\t<\/template><\/div><form action='https:\/\/prague.wordcamp.org\/2017\/dobrovolnici\/'\n\t\t\t\tid='jp-form-87407ad937358c6e5c13fefa41e00d6c31d0c52a'\n\t\t\t\tmethod='post'\n\t\t\t\tclass='contact-form commentsblock' aria-label=\"Dobrovoln\u00edci\"\n\t\t\t\tdata-wp-on--submit=\"actions.onFormSubmit\"\n\t\t\t\tdata-wp-on--reset=\"actions.onFormReset\"\n\t\t\t\tdata-wp-class--submission-success=\"context.submissionSuccess\"\n\t\t\t\tdata-wp-class--is-first-step=\"state.isFirstStep\"\n\t\t\t\tdata-wp-class--is-last-step=\"state.isLastStep\"\n\t\t\t\tdata-wp-class--is-ajax-form=\"context.useAjax\"\n\t\t\t\tnovalidate >\n<input type='hidden' name='jetpack_contact_form_jwt' value='eyJ0eXAiOiJKV1QiLCJhbGciOiJIUzI1NiJ9.eyJlbmNyeXB0ZWRfYXR0cmlidXRlcyI6Ik5nVWtpeUI0Y0hPQzdzVlFOZmw4cHdsQVFteFVKcVVSd2ZjdzduNWpFN3NmY2I2cUdYaFY4N1BLYzNRYnlvT2o4VDlYYUJNMDlYVlhlTWd4Uk5la3dUK3pjOXp2VlBVblhqaW5MS2tJQ0lFUjhYcFFzeXp6akpKNGU1S3k5UytyYTBYVzZjSkpLaFVKZENXTFZiMGlOZ0o3elV3dHFrbUEwQWJkeXBaOVgySk1ZbUZybW56K2VvU1BvQ2tlVDRMSHhUb1JrdGRLUVZaTWNVWDRvYlNHTDhxNlZhQTVKdmJiZkppWjdFUDhCamFScTNlTXF6UFExL1F4WFZxWnVxK2FTWmxvZ2IyU3RGNFNOMjNIVmkrTm9kVDkveGN1cDdWZ2FhVi8xL1ViT0hReGpGUDB6ZmxWKy9HT3MrY3ZIQjRaWkpUZEVnVjFIWnJoZElxamg1RmVheFFYbEkzdDJmU2xOYmdKdFB1TmlVcHlHRlA4Sjg0QzE4ZDBaSnl1N0xpWWlRSEVGemNWWHJwZHkwRG4wRkxjOHNDRjRWMExMREhwWXpxbnRhNnF0cVJwR0trSHFtNkJGUEx3YjlFcCtkQ2N5RmMwczNOQjR3QVJZNHRRZjlRR1FKRDBOM0FHQTVZMWZzLzc0SGNaVzZZaVN6anBSTXg1SWFwODN3WVZBb1ljK1FPRnNkekloTW5TcmNQOGJTN3kyYXZobmlCS1VacHl5U1JnclR1MkRhUEcwNmk2QUJkRkdMV0MrWUV6U1FrSC9wWkpXeGFCeGYyRVZhSnhmcXhIdDY4N2FCQURJL1NDbVNFdWN2MzJrT2xHVmxqRTRJY1ZVakFET3YrUzRqcU5KZFk1RmRDNVJjVVE5QVpyenIvZ3BHWSthNlBncFYwbnAvL3AxOUFGVTNYYnVuRjBuMjdlL2FYdkN5Y2RQc2dOTjdwVUNGTFVmWlFCb3ZoN29hc092N1ZhUzgyMWR3WDZKS2d0amd0QWpHeXJkd2V2MWtaOEZKZVRONXY3ZTJxRVlhZGx0TXBJZlNWaGtmTjRpVkJ0TE1zWkxLV0pMWktuaUE0R0kxTkRYcTZMaXJSZVBHUTJBMzVybVE4b1lqVmtTMHl6dnp1N2xJZmNzYnpCNjM3dWxQV21Vc2lRT1dlcmZodXRRdFVCVHlHTUpLeDBrU0dMQVozWHk2QzRqNms9IiwiY29udGVudCI6Iltjb250YWN0LWZpZWxkIGxhYmVsPSdKbVx1MDBlOW5vJyB0eXBlPSduYW1lJyByZXF1aXJlZD0nMScvXVtjb250YWN0LWZpZWxkIGxhYmVsPSdFbWFpbCcgdHlwZT0nZW1haWwnIHJlcXVpcmVkPScxJy9dW2NvbnRhY3QtZmllbGQgbGFiZWw9J0tvbWVudFx1MDBlMVx1MDE1OScgdHlwZT0ndGV4dGFyZWEnIC9dIiwiaGFzaCI6Ijg3NDA3YWQ5MzczNThjNmU1YzEzZmVmYTQxZTAwZDZjMzFkMGM1MmEiLCJzb3VyY2UiOnsiZW50cnlfdGl0bGUiOiJEb2Jyb3ZvbG5cdTAwZWRjaSIsImVudHJ5X3BhZ2UiOjEsInNvdXJjZV9pZCI6NTgsInNvdXJjZV90eXBlIjoic2luZ2xlIiwicmVxdWVzdF91cmwiOiJodHRwczovL3ByYWd1ZS53b3JkY2FtcC5vcmcvMjAxNy93cC1qc29uL3dwL3YyL3BhZ2VzLzU4In0sInZlcnNpb24iOjIsImNpcGhlciI6ImFlcy0yNTYtZ2NtIn0.V4ZDQYBpnA0CBTLGn813U31QeLtIcNCifN_er3aBDzM' \/>\n\n<div style=\"\"  data-wp-interactive=\"jetpack\/form\" data-wp-context='{\"fieldId\":\"g58-jmno\",\"fieldType\":\"name\",\"fieldLabel\":\"Jm\\u00e9no\",\"fieldValue\":\"\",\"fieldPlaceholder\":\"\",\"fieldIsRequired\":\"1\",\"fieldErrorMessage\":\"\",\"fieldExtra\":[],\"formHash\":\"87407ad937358c6e5c13fefa41e00d6c31d0c52a\"}'  class='grunion-field-name-wrap grunion-field-wrap'  data-wp-init='callbacks.initializeField' data-wp-on--jetpack-form-reset='callbacks.initializeField' >\n<label\n\t\t\t\tfor='g58-jmno' class=\"grunion-field-label name\" >Jm\u00e9no<span class=\"grunion-label-required\" aria-hidden=\"true\">(required)<\/span><\/label>\n<input\n\t\t\t\t\ttype='text'\n\t\t\t\t\tname='g58-jmno'\n\t\t\t\t\tid='g58-jmno'\n\t\t\t\t\tvalue=''\n\n\t\t\t\t\tdata-wp-bind--aria-invalid='state.fieldAriaInvalid'\n\t\t\t\t\tdata-wp-bind--value='state.getFieldValue'\n\t\t\t\t\taria-describedby='g58-jmno-text-error-message'\n\t\t\t\t\tdata-wp-on--input='actions.onFieldChange'\n\t\t\t\t\tdata-wp-on--blur='actions.onFieldBlur'\n\t\t\t\t\tdata-wp-class--has-value='state.hasFieldValue'\n\n\t\t\t\t\tclass='name  grunion-field' \n\t\t\t\t\trequired='true' aria-required='true'  \/>\n \n\t\t\t<div id=\"g58-jmno-text-error\" class=\"contact-form__input-error\" data-wp-class--has-errors=\"state.fieldHasErrors\">\n\t\t\t\t<span class=\"contact-form__warning-icon\" aria-hidden=\"true\">\n\t\t\t\t\t<svg width=\"16\" height=\"16\" viewBox=\"0 0 16 16\" fill=\"none\" xmlns=\"http:\/\/www.w3.org\/2000\/svg\">\n\t\t\t\t\t\t<path d=\"M8.50015 11.6402H7.50015V10.6402H8.50015V11.6402Z\" \/>\n\t\t\t\t\t\t<path d=\"M7.50015 9.64018H8.50015V6.30684H7.50015V9.64018Z\" \/>\n\t\t\t\t\t\t<path fill-rule=\"evenodd\" clip-rule=\"evenodd\" d=\"M6.98331 3.0947C7.42933 2.30177 8.57096 2.30177 9.01698 3.09469L13.8771 11.7349C14.3145 12.5126 13.7525 13.4735 12.8602 13.4735H3.14004C2.24774 13.4735 1.68575 12.5126 2.12321 11.7349L6.98331 3.0947ZM8.14541 3.58496C8.08169 3.47168 7.9186 3.47168 7.85488 3.58496L2.99478 12.2251C2.93229 12.3362 3.01257 12.4735 3.14004 12.4735H12.8602C12.9877 12.4735 13.068 12.3362 13.0055 12.2251L8.14541 3.58496Z\" \/>\n\t\t\t\t\t<\/svg>\n\t\t\t\t<\/span>\n\t\t\t\t<span data-wp-text=\"state.errorMessage\" id=\"g58-jmno-text-error-message\"><\/span>\n\t\t\t<\/div> \n\t<\/div>\n\n<div style=\"\"  data-wp-interactive=\"jetpack\/form\" data-wp-context='{\"fieldId\":\"g58-email\",\"fieldType\":\"email\",\"fieldLabel\":\"Email\",\"fieldValue\":\"\",\"fieldPlaceholder\":\"\",\"fieldIsRequired\":\"1\",\"fieldErrorMessage\":\"\",\"fieldExtra\":[],\"formHash\":\"87407ad937358c6e5c13fefa41e00d6c31d0c52a\"}'  class='grunion-field-email-wrap grunion-field-wrap'  data-wp-init='callbacks.initializeField' data-wp-on--jetpack-form-reset='callbacks.initializeField' >\n<label\n\t\t\t\tfor='g58-email' class=\"grunion-field-label email\" >Email<span class=\"grunion-label-required\" aria-hidden=\"true\">(required)<\/span><\/label>\n<input\n\t\t\t\t\ttype='email'\n\t\t\t\t\tname='g58-email'\n\t\t\t\t\tid='g58-email'\n\t\t\t\t\tvalue=''\n\n\t\t\t\t\tdata-wp-bind--aria-invalid='state.fieldAriaInvalid'\n\t\t\t\t\tdata-wp-bind--value='state.getFieldValue'\n\t\t\t\t\taria-describedby='g58-email-email-error-message'\n\t\t\t\t\tdata-wp-on--input='actions.onFieldChange'\n\t\t\t\t\tdata-wp-on--blur='actions.onFieldBlur'\n\t\t\t\t\tdata-wp-class--has-value='state.hasFieldValue'\n\n\t\t\t\t\tclass='email  grunion-field' \n\t\t\t\t\trequired='true' aria-required='true'  \/>\n \n\t\t\t<div id=\"g58-email-email-error\" class=\"contact-form__input-error\" data-wp-class--has-errors=\"state.fieldHasErrors\">\n\t\t\t\t<span class=\"contact-form__warning-icon\" aria-hidden=\"true\">\n\t\t\t\t\t<svg width=\"16\" height=\"16\" viewBox=\"0 0 16 16\" fill=\"none\" xmlns=\"http:\/\/www.w3.org\/2000\/svg\">\n\t\t\t\t\t\t<path d=\"M8.50015 11.6402H7.50015V10.6402H8.50015V11.6402Z\" \/>\n\t\t\t\t\t\t<path d=\"M7.50015 9.64018H8.50015V6.30684H7.50015V9.64018Z\" \/>\n\t\t\t\t\t\t<path fill-rule=\"evenodd\" clip-rule=\"evenodd\" d=\"M6.98331 3.0947C7.42933 2.30177 8.57096 2.30177 9.01698 3.09469L13.8771 11.7349C14.3145 12.5126 13.7525 13.4735 12.8602 13.4735H3.14004C2.24774 13.4735 1.68575 12.5126 2.12321 11.7349L6.98331 3.0947ZM8.14541 3.58496C8.08169 3.47168 7.9186 3.47168 7.85488 3.58496L2.99478 12.2251C2.93229 12.3362 3.01257 12.4735 3.14004 12.4735H12.8602C12.9877 12.4735 13.068 12.3362 13.0055 12.2251L8.14541 3.58496Z\" \/>\n\t\t\t\t\t<\/svg>\n\t\t\t\t<\/span>\n\t\t\t\t<span data-wp-text=\"state.errorMessage\" id=\"g58-email-email-error-message\"><\/span>\n\t\t\t<\/div> \n\t<\/div>\n\n<div style=\"\"  data-wp-interactive=\"jetpack\/form\" data-wp-context='{\"fieldId\":\"g58-koment\",\"fieldType\":\"textarea\",\"fieldLabel\":\"Koment\\u00e1\\u0159\",\"fieldValue\":\"\",\"fieldPlaceholder\":\"\",\"fieldIsRequired\":\"\",\"fieldErrorMessage\":\"\",\"fieldExtra\":[],\"formHash\":\"87407ad937358c6e5c13fefa41e00d6c31d0c52a\"}'  class='grunion-field-textarea-wrap grunion-field-wrap'  data-wp-init='callbacks.initializeField' data-wp-on--jetpack-form-reset='callbacks.initializeField' >\n<label\n\t\t\t\tfor='contact-form-comment-g58-koment' class=\"grunion-field-label textarea\" >Koment\u00e1\u0159<\/label>\n<textarea\n\t\t                style=''\n\t\t                name='g58-koment'\n\t\t                id='contact-form-comment-g58-koment'\n\t\t                rows='20'\n\t\t\t\t\t\tdata-wp-text='state.getFieldValue'\n\t\t\t\t\t\tdata-wp-on--input='actions.onFieldChange'\n\t\t\t\t\t\tdata-wp-on--blur='actions.onFieldBlur'\n\t\t\t\t\t\tdata-wp-class--has-value='state.hasFieldValue'\n\t\t\t\t\t\taria-describedby='g58-koment-textarea-error-message'\n\t\t\t\t\t\tdata-wp-bind--aria-invalid='state.fieldAriaInvalid'\n\t\t\t\t\t\tclass='textarea  grunion-field'  ><\/textarea>\n \n\t\t\t<div id=\"g58-koment-textarea-error\" class=\"contact-form__input-error\" data-wp-class--has-errors=\"state.fieldHasErrors\">\n\t\t\t\t<span class=\"contact-form__warning-icon\" aria-hidden=\"true\">\n\t\t\t\t\t<svg width=\"16\" height=\"16\" viewBox=\"0 0 16 16\" fill=\"none\" xmlns=\"http:\/\/www.w3.org\/2000\/svg\">\n\t\t\t\t\t\t<path d=\"M8.50015 11.6402H7.50015V10.6402H8.50015V11.6402Z\" \/>\n\t\t\t\t\t\t<path d=\"M7.50015 9.64018H8.50015V6.30684H7.50015V9.64018Z\" \/>\n\t\t\t\t\t\t<path fill-rule=\"evenodd\" clip-rule=\"evenodd\" d=\"M6.98331 3.0947C7.42933 2.30177 8.57096 2.30177 9.01698 3.09469L13.8771 11.7349C14.3145 12.5126 13.7525 13.4735 12.8602 13.4735H3.14004C2.24774 13.4735 1.68575 12.5126 2.12321 11.7349L6.98331 3.0947ZM8.14541 3.58496C8.08169 3.47168 7.9186 3.47168 7.85488 3.58496L2.99478 12.2251C2.93229 12.3362 3.01257 12.4735 3.14004 12.4735H12.8602C12.9877 12.4735 13.068 12.3362 13.0055 12.2251L8.14541 3.58496Z\" \/>\n\t\t\t\t\t<\/svg>\n\t\t\t\t<\/span>\n\t\t\t\t<span data-wp-text=\"state.errorMessage\" id=\"g58-koment-textarea-error-message\"><\/span>\n\t\t\t<\/div>\n\t<\/div>\n\t<p class='contact-submit'>\n<div class=\"contact-form__error\" data-wp-class--show-errors=\"state.showFormErrors\"><span class=\"contact-form__warning-icon\" aria-hidden=\"true\"><i><\/i><\/span><span class=\"contact-form__error-message\" tabindex=\"-1\" data-wp-watch=\"callbacks.focusOnValidationError\" data-wp-text=\"state.getFormErrorMessage\"><\/span><ul aria-label=\"Form errors\">\n\t\t\t\t<template data-wp-each=\"state.getErrorList\" data-wp-key=\"context.item.id\">\n\t\t\t\t\t<li><a data-wp-bind--href=\"context.item.anchor\" data-wp-on--click=\"actions.scrollIntoView\" data-wp-text=\"context.item.label\"><\/a><\/li>\n\t\t\t\t<\/template>\n\t\t\t\t<\/ul><\/div><div class=\"contact-form__error\" data-wp-class--show-errors=\"state.showSubmissionError\" data-wp-text=\"context.submissionError\" tabindex=\"-1\" data-wp-watch=\"callbacks.focusOnSubmissionError\"><\/div>\t\t<button type='submit' class='pushbutton-wide'>Submit<\/button>\t\t<input type='hidden' name='contact-form-id' value='58' \/>\n\t\t<input type='hidden' name='action' value='grunion-contact-form' \/>\n\t\t<input type='hidden' name='contact-form-hash' value='87407ad937358c6e5c13fefa41e00d6c31d0c52a' \/>\n\t<\/p>\n<p style=\"display: none !important;\" class=\"akismet-fields-container\" data-prefix=\"ak_\"><label>&#916;<textarea name=\"ak_hp_textarea\" cols=\"45\" rows=\"8\" maxlength=\"100\"><\/textarea><\/label><input type=\"hidden\" id=\"ak_js_1\" name=\"ak_js\" value=\"115\"\/><script>\ndocument.getElementById( \"ak_js_1\" ).setAttribute( \"value\", ( new Date() ).getTime() );\n<\/script>\n<\/p><\/form>\n<\/div>\n","protected":false},"excerpt":{"rendered":"<p>WordCamp Praha 2017 hled\u00e1 dobrovoln\u00edky na pomoc s&nbsp;organizac\u00ed konference. Vzhledem k tomu, \u017ee p\u0159ipravujeme konferenci pro n\u011bkolik stovek lid\u00ed, pot\u0159ebujeme sestavit kvalitn\u00ed t\u00fdm, kter\u00fd n\u00e1m s pom\u016f\u017ee s&nbsp;hladk\u00fdm pr\u016fb\u011bhem t\u00e9to unik\u00e1tn\u00ed akce. Dobrovolnictv\u00ed v\u00e1m p\u0159inese Mo\u017enost b\u00fdt ned\u00edlnou sou\u010d\u00e1st\u00ed t\u00e9to akce Pohled do z\u00e1kulis\u00ed pl\u00e1nov\u00e1n\u00ed konference Mo\u017enost z\u00fa\u010dastnit se n\u011bkter\u00fdch p\u0159edn\u00e1\u0161ek \u010cas str\u00e1ven\u00fd s organiz\u00e1tory &hellip; <a href=\"https:\/\/prague.wordcamp.org\/2017\/dobrovolnici\/\" class=\"more-link\">Pokra\u010dov\u00e1n\u00ed textu <span class=\"screen-reader-text\">Dobrovoln\u00edci<\/span><\/a><\/p>\n","protected":false},"author":3999955,"featured_media":0,"parent":0,"menu_order":0,"comment_status":"closed","ping_status":"closed","template":"","meta":{"jetpack_post_was_ever_published":false,"footnotes":""},"class_list":["post-58","page","type-page","status-publish","hentry"],"jetpack_sharing_enabled":true,"jetpack_shortlink":"https:\/\/wp.me\/P7ZJYo-W","jetpack-related-posts":[],"_links":{"self":[{"href":"https:\/\/prague.wordcamp.org\/2017\/wp-json\/wp\/v2\/pages\/58","targetHints":{"allow":["GET"]}}],"collection":[{"href":"https:\/\/prague.wordcamp.org\/2017\/wp-json\/wp\/v2\/pages"}],"about":[{"href":"https:\/\/prague.wordcamp.org\/2017\/wp-json\/wp\/v2\/types\/page"}],"author":[{"embeddable":true,"href":"https:\/\/prague.wordcamp.org\/2017\/wp-json\/wp\/v2\/users\/3999955"}],"replies":[{"embeddable":true,"href":"https:\/\/prague.wordcamp.org\/2017\/wp-json\/wp\/v2\/comments?post=58"}],"version-history":[{"count":3,"href":"https:\/\/prague.wordcamp.org\/2017\/wp-json\/wp\/v2\/pages\/58\/revisions"}],"predecessor-version":[{"id":756,"href":"https:\/\/prague.wordcamp.org\/2017\/wp-json\/wp\/v2\/pages\/58\/revisions\/756"}],"wp:attachment":[{"href":"https:\/\/prague.wordcamp.org\/2017\/wp-json\/wp\/v2\/media?parent=58"}],"curies":[{"name":"wp","href":"https:\/\/api.w.org\/{rel}","templated":true}]}}