{"id":505,"date":"2016-12-21T14:59:14","date_gmt":"2016-12-21T13:59:14","guid":{"rendered":"http:\/\/2017.prague.wordcamp.org\/?page_id=505"},"modified":"2017-01-12T19:37:41","modified_gmt":"2017-01-12T18:37:41","slug":"media","status":"publish","type":"page","link":"https:\/\/prague.wordcamp.org\/2017\/media\/","title":{"rendered":"M\u00e9dia"},"content":{"rendered":"<h2>WordPress WordCamp Praha 2017 &#8211; Tiskov\u00e1 zpr\u00e1va<\/h2>\n<p>V sobotu <strong>18. \u00fanora 2017<\/strong> se uskute\u010dn\u00ed konference <a href=\"https:\/\/2017.prague.wordcamp.org\/\">WordCamp Praha 2017<\/a>, kter\u00e1 se bude v\u011bnovat redak\u010dn\u00edmu syst\u00e9mu <strong>WordPress<\/strong> z pohledu u\u017eivatel\u016f i v\u00fdvoj\u00e1\u0159\u016f a t\u00e9mat\u016fm t\u00fdkaj\u00edc\u00edm se tvorby a provozu internetov\u00fdch str\u00e1nek na t\u00e9to <a href=\"http:\/\/w3techs.com\/\">celo<\/a><a href=\"http:\/\/w3techs.com\/\">s<\/a><a href=\"http:\/\/w3techs.com\/\">v<\/a><a href=\"http:\/\/w3techs.com\/\">\u011btov\u011b nejroz\u0161\u00ed\u0159en\u011bj\u0161\u00ed<\/a> publika\u010dn\u00ed platform\u011b. <a href=\"https:\/\/central.wordcamp.org\/about\/\">Ve sv<\/a><a href=\"https:\/\/central.wordcamp.org\/about\/\">\u011b<\/a><a href=\"https:\/\/central.wordcamp.org\/about\/\">t\u011b<\/a> ji\u017e prob\u011bhlo celkem 540 WordCamp\u016f, ve 203 m\u011bstech, 48 zem\u00edch a na 6 kontinentech, v \u010cesk\u00e9 republice se bude konat po \u010dtvrt\u00e9<strong>. <\/strong>Cel\u00e1 akce bude prob\u00edhat v\u00a0prostor\u00e1ch <strong>V\u0160E v\u00a0Praze<\/strong> a nab\u00eddne n\u00e1v\u0161t\u011bvn\u00edk\u016fm celkem <strong>14 p\u0159edn\u00e1\u0161ek.<\/strong><\/p>\n<p>Konference bude rozd\u011blena do dvou sou\u010dasn\u011b b\u011b\u017e\u00edc\u00edch s\u00e9ri\u00ed p\u0159edn\u00e1\u0161ek:<\/p>\n<ol>\n<li>Prvn\u00ed s\u00e9rie nazvan\u00e1 <strong><em>\u201eU\u017eivatel\u00e9<\/em>\u201c<\/strong> bude v\u011bnov\u00e1na v\u0161em blogger\u016fm, redaktor\u016fm, spr\u00e1vc\u016fm \u010di p\u0159\u00edle\u017eitostn\u00fdm u\u017eivatel\u016fm WordPress web\u016f. Bude se zab\u00fdvat zabezpe\u010den\u00edm WordPressu, problematikou koupen\u00fdch \u0161ablon, kvalitn\u00edm obsahem, propagac\u00ed a analytikou.<\/li>\n<li>Druh\u00e1 s\u00e9rie s n\u00e1zvem <strong>\u201e<em>Develope\u0159i<\/em>\u201c<\/strong> pak p\u016fjde v\u00edce do hloubky WordPressu a bude vhodn\u00e1 pro program\u00e1tory, \u010di pokro\u010dil\u00e9 u\u017eivatele.<\/li>\n<\/ol>\n<p>P\u0159edn\u00e1\u0161et budou\u00a0<strong>p\u0159edn\u00ed \u010de\u0161t\u00ed odborn\u00edci\u00a0<\/strong>na WordPress a online technologie obecn\u011b. Pro u\u017eivatele to jsou nap\u0159\u00edklad Filip Podstavec\u00a0<em>(GetFound.cz<\/em>) a BorekBernard (VerionPress<em>.cz<\/em>), pro developery David Bi\u0148ovec (<em>Automattic, vip.WordPress.com<\/em>), Michal \u0160pa\u010dek (<em>Skype.cz, Slevomat.cz, a dal\u0161\u00ed<\/em>) a Vladislav Mus\u00edlek (<em>Musilda.cz<\/em>).<\/p>\n<p>Na z\u00e1klad\u011b kladn\u00fdch referenc\u00ed z p\u0159edchoz\u00edho ro\u010dn\u00edku, jsme si i letos p\u0159ipravili p\u0159\u00edpadov\u00e9 studie, kter\u00e9 budou rozeb\u00edrat p\u0159\u00edklady z\u00a0praxe a se kter\u00fdmi vystoup\u00ed majitel\u00e9 \u010di provozovatel\u00e9 web\u016f nebo aplikac\u00ed <strong>postaven\u00fdch na WordPressu<\/strong>. Na konferenci bude navazovat afterparty, podporuj\u00edc\u00ed jeden z hlavn\u00edch c\u00edl\u016f konference \u2013 <strong>networking<\/strong>. Zde bude mo\u017en\u00e9 nav\u00e1zat dal\u0161\u00ed kontakty, poznat nov\u00e9 lidi a roz\u0161\u00ed\u0159it si obzory za hranice b\u011b\u017en\u00e9 konference.<\/p>\n<p><strong>Cena vstupenky<\/strong> je stanovena na <strong>499 K\u010d<\/strong>. V\u00a0prodeji bude <strong>400 l\u00edstk\u016f<\/strong>, kter\u00e9 jsou ji\u017e<strong> v prodeji a je mo\u017en\u00e9 je zakoupit<\/strong> na ofici\u00e1ln\u00edch str\u00e1nk\u00e1ch.<\/p>\n<ul>\n<li>Ofici\u00e1ln\u00ed str\u00e1nky: <a href=\"https:\/\/2017.prague.wordcamp.org\/\">https:\/\/2017.prague.wordcamp.org\/<\/a><\/li>\n<li>Twitter: <a href=\"https:\/\/twitter.com\/wordcamppraha\">https:\/\/tw<\/a><a href=\"https:\/\/twitter.com\/wordcamppraha\">i<\/a><a href=\"https:\/\/twitter.com\/wordcamppraha\">com\/<\/a><a href=\"https:\/\/twitter.com\/wordcamppraha\">w<\/a><a href=\"https:\/\/twitter.com\/wordcamppraha\">ordcamppraha<\/a> (#wordcamppraha)<\/li>\n<li>Slack: <a href=\"https:\/\/wpcz.slack.com\/\">https:\/\/wpcz.slack.com\/<\/a> (v\u00edce o slacku <a href=\"http:\/\/2017.prague.wordcamp.org\/wordcamp-na-slacku\/\">zde<\/a>)<\/li>\n<li>Facebook ud\u00e1lost: <a href=\"https:\/\/www.facebook.com\/events\/719687624861818\/\">https:\/\/www.facebook.com\/events\/719687624861818\/<\/a><\/li>\n<li>Po\u0159adatel\u00e9: WordPress komunita <a href=\"http:\/\/naswp.cz\/\">http:\/\/n<\/a><a href=\"http:\/\/naswp.cz\/\">a<\/a><a href=\"http:\/\/naswp.cz\/\">s<\/a><a href=\"http:\/\/naswp.cz\/\">w<\/a><a href=\"http:\/\/naswp.cz\/\">cz<\/a> s podporou dobrovoln\u00edk\u016f<\/li>\n<li>WordPress Facebook skupina:\u00a0<a href=\"https:\/\/facebook.com\/groups\/1432345460318366\/\">https:\/\/faceb<\/a><a href=\"https:\/\/facebook.com\/groups\/1432345460318366\/\">o<\/a><a href=\"https:\/\/facebook.com\/groups\/1432345460318366\/\">o<\/a><a href=\"https:\/\/facebook.com\/groups\/1432345460318366\/\">k<\/a><a href=\"https:\/\/facebook.com\/groups\/1432345460318366\/\">.com\/groups\/1432345460318366\/<\/a><\/li>\n<li>Hlavn\u00ed parne\u0159i: V\u0160E a MSD<\/li>\n<li>Sponzo\u0159i: GoDaddy, Bluehost, Jetpack, WooCommerce, WPML a dal\u0161\u00ed<\/li>\n<\/ul>\n<p>&nbsp;<\/p>\n<p>Tiskov\u00e1 zpr\u00e1va a dal\u0161\u00ed informace pro m\u00e9dia jsou k\u00a0dispozici na ofici\u00e1ln\u00edch webov\u00fdch str\u00e1nk\u00e1ch konference <a href=\"https:\/\/2017.prague.wordcamp.org\/media\/\">https:\/\/2017.prague.wordcamp.org\/media\/<\/a>.<\/p>\n<p>&nbsp;<\/p>\n<p>V p\u0159\u00edpad\u011b dotaz\u016f kontaktujte pros\u00edm pana Tom\u00e1\u0161e Kocifaj (hlavn\u00ed po\u0159adatel &#8211; <a href=\"mailto:kocifaj@brilo.cz\">kocifaj@brilo.cz<\/a>, +420 606 743 660), nebo pana Vladim\u00edra Smitku (fakturace, m\u00e9dia &#8211; vladimir.smitka@lynt.cz).<\/p>\n<p>Novin\u00e1\u0159sk\u00e9 akreditace si pros\u00edm rezervujte na emailu vladimir.smitka@lynt.cz.<\/p>\n<p>Tiskov\u00e1 zpr\u00e1va ke sta\u017een\u00ed <a href=\"http:\/\/2017.prague.wordcamp.org\/files\/2016\/12\/WordPress_WordCamp_Praha_2017-tiskova\u0301_zpra\u0301va.docx\">*.docx<\/a>, <a href=\"http:\/\/2017.prague.wordcamp.org\/files\/2016\/12\/WordPress_WordCamp_Praha_2017-tiskova\u0301_zpra\u0301va.pdf\">*.pdf<\/a><\/p>\n<h2>Logo WordCamp Praha 2017<\/h2>\n<p><img loading=\"lazy\" decoding=\"async\" data-attachment-id=\"81\" data-permalink=\"https:\/\/prague.wordcamp.org\/2017\/media\/wp_logo_2017\/\" data-orig-file=\"https:\/\/prague.wordcamp.org\/2017\/files\/2016\/11\/wp_logo_2017.png\" data-orig-size=\"234,236\" data-comments-opened=\"1\" data-image-meta=\"{&quot;aperture&quot;:&quot;0&quot;,&quot;credit&quot;:&quot;&quot;,&quot;camera&quot;:&quot;&quot;,&quot;caption&quot;:&quot;&quot;,&quot;created_timestamp&quot;:&quot;0&quot;,&quot;copyright&quot;:&quot;&quot;,&quot;focal_length&quot;:&quot;0&quot;,&quot;iso&quot;:&quot;0&quot;,&quot;shutter_speed&quot;:&quot;0&quot;,&quot;title&quot;:&quot;&quot;,&quot;orientation&quot;:&quot;0&quot;}\" data-image-title=\"wp_logo_2017\" data-image-description=\"\" data-image-caption=\"\" data-medium-file=\"https:\/\/prague.wordcamp.org\/2017\/files\/2016\/11\/wp_logo_2017.png\" data-large-file=\"https:\/\/prague.wordcamp.org\/2017\/files\/2016\/11\/wp_logo_2017.png\" class=\"alignnone size-full wp-image-81\" src=\"http:\/\/2017.prague.wordcamp.org\/files\/2016\/11\/wp_logo_2017.png\" alt=\"wp_logo_2017\" width=\"234\" height=\"236\" srcset=\"https:\/\/prague.wordcamp.org\/2017\/files\/2016\/11\/wp_logo_2017.png 234w, https:\/\/prague.wordcamp.org\/2017\/files\/2016\/11\/wp_logo_2017-150x150.png 150w\" sizes=\"auto, (max-width: 234px) 100vw, 234px\" \/><\/p>\n<p>&nbsp;<\/p>\n<h2>Wapuu WordCamp Praha<\/h2>\n<p><img loading=\"lazy\" decoding=\"async\" data-attachment-id=\"17\" data-permalink=\"https:\/\/prague.wordcamp.org\/2017\/media\/wapuuking-1024x724\/\" data-orig-file=\"https:\/\/prague.wordcamp.org\/2017\/files\/2016\/10\/wapuuking-1024x724.png\" data-orig-size=\"1024,724\" data-comments-opened=\"1\" data-image-meta=\"{&quot;aperture&quot;:&quot;0&quot;,&quot;credit&quot;:&quot;&quot;,&quot;camera&quot;:&quot;&quot;,&quot;caption&quot;:&quot;&quot;,&quot;created_timestamp&quot;:&quot;0&quot;,&quot;copyright&quot;:&quot;&quot;,&quot;focal_length&quot;:&quot;0&quot;,&quot;iso&quot;:&quot;0&quot;,&quot;shutter_speed&quot;:&quot;0&quot;,&quot;title&quot;:&quot;&quot;,&quot;orientation&quot;:&quot;0&quot;}\" data-image-title=\"wapuuking-1024&amp;#215;724\" data-image-description=\"\" data-image-caption=\"\" data-medium-file=\"https:\/\/prague.wordcamp.org\/2017\/files\/2016\/10\/wapuuking-1024x724-300x212.png\" data-large-file=\"https:\/\/prague.wordcamp.org\/2017\/files\/2016\/10\/wapuuking-1024x724-1024x724.png\" class=\"alignnone size-medium wp-image-17\" src=\"http:\/\/2017.prague.wordcamp.org\/files\/2016\/10\/wapuuking-1024x724-300x212.png\" alt=\"\" width=\"300\" height=\"212\" srcset=\"https:\/\/prague.wordcamp.org\/2017\/files\/2016\/10\/wapuuking-1024x724-300x212.png 300w, https:\/\/prague.wordcamp.org\/2017\/files\/2016\/10\/wapuuking-1024x724-768x543.png 768w, https:\/\/prague.wordcamp.org\/2017\/files\/2016\/10\/wapuuking-1024x724.png 1024w, https:\/\/prague.wordcamp.org\/2017\/files\/2016\/10\/wapuuking-1024x724-424x300.png 424w\" sizes=\"auto, (max-width: 300px) 100vw, 300px\" \/><\/p>\n<p>&nbsp;<\/p>\n<h2>Cover<\/h2>\n<p><img loading=\"lazy\" decoding=\"async\" data-attachment-id=\"818\" data-permalink=\"https:\/\/prague.wordcamp.org\/2017\/media\/fb-wordcamp2017\/\" data-orig-file=\"https:\/\/prague.wordcamp.org\/2017\/files\/2016\/12\/fb-wordcamp2017.jpg\" data-orig-size=\"820,338\" data-comments-opened=\"1\" data-image-meta=\"{&quot;aperture&quot;:&quot;0&quot;,&quot;credit&quot;:&quot;&quot;,&quot;camera&quot;:&quot;&quot;,&quot;caption&quot;:&quot;&quot;,&quot;created_timestamp&quot;:&quot;0&quot;,&quot;copyright&quot;:&quot;&quot;,&quot;focal_length&quot;:&quot;0&quot;,&quot;iso&quot;:&quot;0&quot;,&quot;shutter_speed&quot;:&quot;0&quot;,&quot;title&quot;:&quot;&quot;,&quot;orientation&quot;:&quot;0&quot;}\" data-image-title=\"fb-wordcamp2017\" data-image-description=\"\" data-image-caption=\"\" data-medium-file=\"https:\/\/prague.wordcamp.org\/2017\/files\/2016\/12\/fb-wordcamp2017-300x124.jpg\" data-large-file=\"https:\/\/prague.wordcamp.org\/2017\/files\/2016\/12\/fb-wordcamp2017.jpg\" class=\"alignnone wp-image-818 size-full\" src=\"http:\/\/2017.prague.wordcamp.org\/files\/2016\/12\/fb-wordcamp2017.jpg\" width=\"820\" height=\"338\" srcset=\"https:\/\/prague.wordcamp.org\/2017\/files\/2016\/12\/fb-wordcamp2017.jpg 820w, https:\/\/prague.wordcamp.org\/2017\/files\/2016\/12\/fb-wordcamp2017-300x124.jpg 300w, https:\/\/prague.wordcamp.org\/2017\/files\/2016\/12\/fb-wordcamp2017-768x317.jpg 768w, https:\/\/prague.wordcamp.org\/2017\/files\/2016\/12\/fb-wordcamp2017-500x206.jpg 500w\" sizes=\"auto, (max-width: 820px) 100vw, 820px\" \/><\/p>\n<h2>Bannery do sidebaru<\/h2>\n<p><img loading=\"lazy\" decoding=\"async\" data-attachment-id=\"518\" data-permalink=\"https:\/\/prague.wordcamp.org\/2017\/media\/wordcamp_praha_2017-potkame-250x250\/\" data-orig-file=\"https:\/\/prague.wordcamp.org\/2017\/files\/2016\/12\/wordcamp_praha_2017-potkame-250x250.jpg\" data-orig-size=\"250,250\" data-comments-opened=\"1\" data-image-meta=\"{&quot;aperture&quot;:&quot;0&quot;,&quot;credit&quot;:&quot;&quot;,&quot;camera&quot;:&quot;&quot;,&quot;caption&quot;:&quot;&quot;,&quot;created_timestamp&quot;:&quot;0&quot;,&quot;copyright&quot;:&quot;&quot;,&quot;focal_length&quot;:&quot;0&quot;,&quot;iso&quot;:&quot;0&quot;,&quot;shutter_speed&quot;:&quot;0&quot;,&quot;title&quot;:&quot;&quot;,&quot;orientation&quot;:&quot;0&quot;}\" data-image-title=\"wordcamp_praha_2017-potkame-250&amp;#215;250\" data-image-description=\"\" data-image-caption=\"\" data-medium-file=\"https:\/\/prague.wordcamp.org\/2017\/files\/2016\/12\/wordcamp_praha_2017-potkame-250x250.jpg\" data-large-file=\"https:\/\/prague.wordcamp.org\/2017\/files\/2016\/12\/wordcamp_praha_2017-potkame-250x250.jpg\" class=\"alignnone size-full wp-image-518\" src=\"http:\/\/2017.prague.wordcamp.org\/files\/2016\/12\/wordcamp_praha_2017-potkame-250x250.jpg\" alt=\"\" width=\"250\" height=\"250\" srcset=\"https:\/\/prague.wordcamp.org\/2017\/files\/2016\/12\/wordcamp_praha_2017-potkame-250x250.jpg 250w, https:\/\/prague.wordcamp.org\/2017\/files\/2016\/12\/wordcamp_praha_2017-potkame-250x250-150x150.jpg 150w\" sizes=\"auto, (max-width: 250px) 100vw, 250px\" \/> <img loading=\"lazy\" decoding=\"async\" data-attachment-id=\"519\" data-permalink=\"https:\/\/prague.wordcamp.org\/2017\/media\/wordcamp_praha_2017-podporuji-250x250\/\" data-orig-file=\"https:\/\/prague.wordcamp.org\/2017\/files\/2016\/12\/wordcamp_praha_2017-podporuji-250x250.jpg\" data-orig-size=\"250,250\" data-comments-opened=\"1\" data-image-meta=\"{&quot;aperture&quot;:&quot;0&quot;,&quot;credit&quot;:&quot;&quot;,&quot;camera&quot;:&quot;&quot;,&quot;caption&quot;:&quot;&quot;,&quot;created_timestamp&quot;:&quot;0&quot;,&quot;copyright&quot;:&quot;&quot;,&quot;focal_length&quot;:&quot;0&quot;,&quot;iso&quot;:&quot;0&quot;,&quot;shutter_speed&quot;:&quot;0&quot;,&quot;title&quot;:&quot;&quot;,&quot;orientation&quot;:&quot;0&quot;}\" data-image-title=\"wordcamp_praha_2017-podporuji-250&amp;#215;250\" data-image-description=\"\" data-image-caption=\"\" data-medium-file=\"https:\/\/prague.wordcamp.org\/2017\/files\/2016\/12\/wordcamp_praha_2017-podporuji-250x250.jpg\" data-large-file=\"https:\/\/prague.wordcamp.org\/2017\/files\/2016\/12\/wordcamp_praha_2017-podporuji-250x250.jpg\" class=\"alignnone size-medium wp-image-519\" src=\"http:\/\/2017.prague.wordcamp.org\/files\/2016\/12\/wordcamp_praha_2017-podporuji-250x250.jpg\" alt=\"\" width=\"250\" height=\"250\" srcset=\"https:\/\/prague.wordcamp.org\/2017\/files\/2016\/12\/wordcamp_praha_2017-podporuji-250x250.jpg 250w, https:\/\/prague.wordcamp.org\/2017\/files\/2016\/12\/wordcamp_praha_2017-podporuji-250x250-150x150.jpg 150w\" sizes=\"auto, (max-width: 250px) 100vw, 250px\" \/><\/p>\n<p><img loading=\"lazy\" decoding=\"async\" data-attachment-id=\"520\" data-permalink=\"https:\/\/prague.wordcamp.org\/2017\/media\/wordcamp_praha_2017-my-250x250\/\" data-orig-file=\"https:\/\/prague.wordcamp.org\/2017\/files\/2016\/12\/wordcamp_praha_2017-my-250x250.jpg\" data-orig-size=\"250,250\" data-comments-opened=\"1\" data-image-meta=\"{&quot;aperture&quot;:&quot;0&quot;,&quot;credit&quot;:&quot;&quot;,&quot;camera&quot;:&quot;&quot;,&quot;caption&quot;:&quot;&quot;,&quot;created_timestamp&quot;:&quot;0&quot;,&quot;copyright&quot;:&quot;&quot;,&quot;focal_length&quot;:&quot;0&quot;,&quot;iso&quot;:&quot;0&quot;,&quot;shutter_speed&quot;:&quot;0&quot;,&quot;title&quot;:&quot;&quot;,&quot;orientation&quot;:&quot;0&quot;}\" data-image-title=\"wordcamp_praha_2017-my-250&amp;#215;250\" data-image-description=\"\" data-image-caption=\"\" data-medium-file=\"https:\/\/prague.wordcamp.org\/2017\/files\/2016\/12\/wordcamp_praha_2017-my-250x250.jpg\" data-large-file=\"https:\/\/prague.wordcamp.org\/2017\/files\/2016\/12\/wordcamp_praha_2017-my-250x250.jpg\" class=\"alignnone size-medium wp-image-520\" src=\"http:\/\/2017.prague.wordcamp.org\/files\/2016\/12\/wordcamp_praha_2017-my-250x250.jpg\" alt=\"\" width=\"250\" height=\"250\" srcset=\"https:\/\/prague.wordcamp.org\/2017\/files\/2016\/12\/wordcamp_praha_2017-my-250x250.jpg 250w, https:\/\/prague.wordcamp.org\/2017\/files\/2016\/12\/wordcamp_praha_2017-my-250x250-150x150.jpg 150w\" sizes=\"auto, (max-width: 250px) 100vw, 250px\" \/> <img loading=\"lazy\" decoding=\"async\" data-attachment-id=\"521\" data-permalink=\"https:\/\/prague.wordcamp.org\/2017\/media\/wordcamp_praha_2017-ja-250x250\/\" data-orig-file=\"https:\/\/prague.wordcamp.org\/2017\/files\/2016\/12\/wordcamp_praha_2017-ja-250x250.jpg\" data-orig-size=\"250,250\" data-comments-opened=\"1\" data-image-meta=\"{&quot;aperture&quot;:&quot;0&quot;,&quot;credit&quot;:&quot;&quot;,&quot;camera&quot;:&quot;&quot;,&quot;caption&quot;:&quot;&quot;,&quot;created_timestamp&quot;:&quot;0&quot;,&quot;copyright&quot;:&quot;&quot;,&quot;focal_length&quot;:&quot;0&quot;,&quot;iso&quot;:&quot;0&quot;,&quot;shutter_speed&quot;:&quot;0&quot;,&quot;title&quot;:&quot;&quot;,&quot;orientation&quot;:&quot;0&quot;}\" data-image-title=\"wordcamp_praha_2017-ja-250&amp;#215;250\" data-image-description=\"\" data-image-caption=\"\" data-medium-file=\"https:\/\/prague.wordcamp.org\/2017\/files\/2016\/12\/wordcamp_praha_2017-ja-250x250.jpg\" data-large-file=\"https:\/\/prague.wordcamp.org\/2017\/files\/2016\/12\/wordcamp_praha_2017-ja-250x250.jpg\" class=\"alignnone size-medium wp-image-521\" src=\"http:\/\/2017.prague.wordcamp.org\/files\/2016\/12\/wordcamp_praha_2017-ja-250x250.jpg\" alt=\"\" width=\"250\" height=\"250\" srcset=\"https:\/\/prague.wordcamp.org\/2017\/files\/2016\/12\/wordcamp_praha_2017-ja-250x250.jpg 250w, https:\/\/prague.wordcamp.org\/2017\/files\/2016\/12\/wordcamp_praha_2017-ja-250x250-150x150.jpg 150w\" sizes=\"auto, (max-width: 250px) 100vw, 250px\" \/><\/p>\n<h2>Standardn\u00ed bannery<\/h2>\n<p><a href=\"http:\/\/2017.prague.wordcamp.org\/files\/2016\/12\/728x90-wordcamp.jpg\">768&#215;90 Varianta A<\/a><\/p>\n<p><a href=\"http:\/\/2017.prague.wordcamp.org\/files\/2016\/12\/728x90-termin.jpg\">768&#215;90 Varianta B<\/a><\/p>\n<p><a href=\"http:\/\/2017.prague.wordcamp.org\/files\/2016\/12\/468x60-wordcamp.jpg\">468&#215;60<\/a><\/p>\n<p><a href=\"http:\/\/2017.prague.wordcamp.org\/files\/2016\/12\/160x600-wordpress.jpg\">160&#215;600<\/a><\/p>\n<p><a href=\"http:\/\/2017.prague.wordcamp.org\/files\/2016\/12\/250x250-wordcamp.jpg\">250&#215;250<\/a><\/p>\n<p><a href=\"\/\/2017.prague.wordcamp.org\/files\/2016\/12\/300x250-wordcamp.jpg\">300&#215;250<\/a><\/p>\n<p>&nbsp;<\/p>\n","protected":false},"excerpt":{"rendered":"<p>WordPress WordCamp Praha 2017 &#8211; Tiskov\u00e1 zpr\u00e1va V sobotu 18. \u00fanora 2017 se uskute\u010dn\u00ed konference WordCamp Praha 2017, kter\u00e1 se bude v\u011bnovat redak\u010dn\u00edmu syst\u00e9mu WordPress z pohledu u\u017eivatel\u016f i v\u00fdvoj\u00e1\u0159\u016f a t\u00e9mat\u016fm t\u00fdkaj\u00edc\u00edm se tvorby a provozu internetov\u00fdch str\u00e1nek na t\u00e9to celosv\u011btov\u011b nejroz\u0161\u00ed\u0159en\u011bj\u0161\u00ed publika\u010dn\u00ed platform\u011b. Ve sv\u011bt\u011b ji\u017e prob\u011bhlo celkem 540 WordCamp\u016f, ve 203 m\u011bstech, &hellip; <a href=\"https:\/\/prague.wordcamp.org\/2017\/media\/\" class=\"more-link\">Pokra\u010dov\u00e1n\u00ed textu <span class=\"screen-reader-text\">M\u00e9dia<\/span><\/a><\/p>\n","protected":false},"author":5814035,"featured_media":0,"parent":0,"menu_order":0,"comment_status":"closed","ping_status":"closed","template":"","meta":{"jetpack_post_was_ever_published":false,"footnotes":""},"class_list":["post-505","page","type-page","status-publish","hentry"],"jetpack_sharing_enabled":true,"jetpack_shortlink":"https:\/\/wp.me\/P7ZJYo-89","jetpack-related-posts":[],"_links":{"self":[{"href":"https:\/\/prague.wordcamp.org\/2017\/wp-json\/wp\/v2\/pages\/505","targetHints":{"allow":["GET"]}}],"collection":[{"href":"https:\/\/prague.wordcamp.org\/2017\/wp-json\/wp\/v2\/pages"}],"about":[{"href":"https:\/\/prague.wordcamp.org\/2017\/wp-json\/wp\/v2\/types\/page"}],"author":[{"embeddable":true,"href":"https:\/\/prague.wordcamp.org\/2017\/wp-json\/wp\/v2\/users\/5814035"}],"replies":[{"embeddable":true,"href":"https:\/\/prague.wordcamp.org\/2017\/wp-json\/wp\/v2\/comments?post=505"}],"version-history":[{"count":17,"href":"https:\/\/prague.wordcamp.org\/2017\/wp-json\/wp\/v2\/pages\/505\/revisions"}],"predecessor-version":[{"id":886,"href":"https:\/\/prague.wordcamp.org\/2017\/wp-json\/wp\/v2\/pages\/505\/revisions\/886"}],"wp:attachment":[{"href":"https:\/\/prague.wordcamp.org\/2017\/wp-json\/wp\/v2\/media?parent=505"}],"curies":[{"name":"wp","href":"https:\/\/api.w.org\/{rel}","templated":true}]}}