{"id":41,"date":"2016-10-13T12:12:34","date_gmt":"2016-10-13T12:12:34","guid":{"rendered":"http:\/\/2017.prague.wordcamp.org\/?page_id=41"},"modified":"2016-10-13T12:12:34","modified_gmt":"2016-10-13T12:12:34","slug":"organizatori","status":"publish","type":"page","link":"https:\/\/prague.wordcamp.org\/2017\/organizatori\/","title":{"rendered":"Organiz\u00e1to\u0159i"},"content":{"rendered":"\t<div class=\"wcorg-organizers\">\n\n\t\t\n\t\t\t<div class=\"wcorg-organizer\">\n\t\t\t\t<h2>Martin Bugner<\/h2>\n\t\t\t\t<div class=\"wcorg-organizer-description\">\n\t\t\t\t\t\t\t\t\t\t<img alt='' src='https:\/\/secure.gravatar.com\/avatar\/d83e95375672c9fae417f1c5414c34ad3f4a0bfee90ead44e91388a5fd17b308?s=100&#038;d=mm&#038;r=g' srcset='https:\/\/secure.gravatar.com\/avatar\/d83e95375672c9fae417f1c5414c34ad3f4a0bfee90ead44e91388a5fd17b308?s=200&#038;d=mm&#038;r=g 2x' class='avatar avatar-100 photo' height='100' width='100' \/>\t\t\t\t\t<p>Prvn\u00ed webov\u00e9 str\u00e1nky jsem vytvo\u0159il ji\u017e na verzi 1.5, tedy pamatuji &#8218;Kubricka&#8216; <em>(pozn. pro hodn\u011b mlad\u00e9 a m\u00e9n\u011b znal\u00e9: jedn\u00e1 se o k\u00f3dov\u00e9 ozna\u010den\u00ed v\u00fdchoz\u00edho t\u00e9matu, pojmenovan\u00e9ho po Stanley Kubrickovi)<\/em>.<br \/>\nN\u00e1sledovala krat\u0161\u00ed p\u0159est\u00e1vka a koketov\u00e1n\u00ed s jin\u00fdmi CMS, abych se vr\u00e1til k <strong>WordPress<\/strong>. Mysl\u00edm, \u017ee mu u\u017e z\u016fstanu v\u011brn\u00fd.<\/p>\n<p>V sou\u010dasn\u00e9 dob\u011b se \u017eiv\u00edm t\u00edm (jsem typick\u00fd &#8222;one man show&#8220; a&nbsp;multiinstrumentalista), \u017ee <a href=\"http:\/\/martinbugner.com\">tvo\u0159\u00edm weby a e-shopy p\u0159ev\u00e1\u017en\u011b s pou\u017eit\u00edm WordPressu<\/a>. Pova\u017euji tento syst\u00e9m za jeden z nejjednodu\u0161\u0161\u00edch na nau\u010den\u00ed, pakli\u017ee se spr\u00e1vn\u011b pochop\u00ed a uchop\u00ed.<br \/>\nM\u00fdm c\u00edlem je v\u017edy uk\u00e1zat u\u017eivateli a z\u00e1kazn\u00edkovi, co n\u00e1stroj um\u00ed a jak s n\u00edm zach\u00e1zet.<\/p>\n<p>Vyzn\u00e1v\u00e1m jednoduchost a\u017e minimalismus a moc r\u00e1d jezd\u00edm na kolob\u011b\u017ece. Proto jsem se letos stal i hrd\u00fdm partnerem <a href=\"http:\/\/ceskykolobeh.cz\">\u010cesk\u00e9ho svazu kolob\u011bhu<\/a>, kter\u00fd bude m\u00edt brzy web rovn\u011b\u017e na WordPress. <\/p>\n\t\t\t\t<\/div>\n\t\t\t<\/div>\n\n\t\t\n\t\t\t<div class=\"wcorg-organizer\">\n\t\t\t\t<h2>Petr Toman<\/h2>\n\t\t\t\t<div class=\"wcorg-organizer-description\">\n\t\t\t\t\t\t\t\t\t\t<img alt='' src='https:\/\/secure.gravatar.com\/avatar\/958c6031bbef9fb4f294a14fbfc32209a03ac554c273704c4478bf8daa87fa4b?s=100&#038;d=mm&#038;r=g' srcset='https:\/\/secure.gravatar.com\/avatar\/958c6031bbef9fb4f294a14fbfc32209a03ac554c273704c4478bf8daa87fa4b?s=200&#038;d=mm&#038;r=g 2x' class='avatar avatar-100 photo' height='100' width='100' \/>\t\t\t\t\t<p><a href=\"http:\/\/www.tomanpetr.cz\" target=\"_blank\">Petr<\/a>\u00a0za\u010dal svou pr\u00e1ci v IT jako Account Manager ve firm\u011b vyu\u017e\u00edvaj\u00edc\u00ed vlastn\u00ed CMS. Postupem \u010dasu se za\u010dal seznamovat i s WP, proto\u017ee ve firm\u011b vznikala popt\u00e1vka, ale neda\u0159ilo se mu naj\u00edt kvalitn\u00ed v\u00fdvoj\u00e1\u0159e. N\u00e1sledn\u011b n\u011bkde na\u0161el kontakt\u00a0na <a href=\"http:\/\/www.laita.cz\/\" target=\"_blank\">Adama Laitu<\/a>, kter\u00fd mu jednoho ve\u010dera zachr\u00e1nil projekt\u00a0a pak si spolu dali vodnici. Tou dobou si za\u010d\u00ednal uv\u011bdomovat, \u017ee \u0159\u00edzen\u00ed projekt\u016f ho u\u017e nenapl\u0148uje, a proto se za\u010dal u\u010dit pod veden\u00edm Adama k\u00f3dovat. V sou\u010dasnosti stav\u00ed v\u011bt\u0161inu web\u016f (bohu\u017eel \u0161ablonov\u00fdch), ale ani v\u011bt\u0161\u00ed projekty na m\u00edru mu nejsou ciz\u00ed.<\/p>\n\t\t\t\t<\/div>\n\t\t\t<\/div>\n\n\t\t\n\t\t\t<div class=\"wcorg-organizer\">\n\t\t\t\t<h2>Jakub Hladk\u00fd<\/h2>\n\t\t\t\t<div class=\"wcorg-organizer-description\">\n\t\t\t\t\t\t\t\t\t\t<img alt='' src='https:\/\/secure.gravatar.com\/avatar\/55cfa89340d30e316eefca0923e60e741adc2c61bb4a98f365666812e0388163?s=100&#038;d=mm&#038;r=g' srcset='https:\/\/secure.gravatar.com\/avatar\/55cfa89340d30e316eefca0923e60e741adc2c61bb4a98f365666812e0388163?s=200&#038;d=mm&#038;r=g 2x' class='avatar avatar-100 photo' height='100' width='100' \/>\t\t\t\t\t<p>Jakub se v prost\u0159ed\u00ed internetov\u00e9ho marketingu a e-commerce pohybuje ji\u017e des\u00e1t\u00fdm rokem. P\u016fvodn\u011b pracoval ve velk\u00e9 marketingov\u00e9 agentu\u0159e, n\u00e1sledn\u011b si vyzkou\u0161el n\u011bkolik let na voln\u00e9 noze, aby nakonec s kolegy zalo\u017eil vlastn\u00ed firmu <a href=\"http:\/\/www.brilo.cz\" target=\"_blank\">Brilo.cz<\/a>, kter\u00e1 vyr\u00e1b\u00ed brilantn\u00ed weby a star\u00e1 se o jejich marketing.<\/p>\n<p>Jakuba jste mohli vid\u011bt p\u0159edn\u00e1\u0161et nap\u0159\u00edklad pro Jiho\u010deskou hospod\u00e1\u0159skou komoru, na Eshopvikend.cz, \u010ctvrtkonu, Google Digit\u00e1n\u00ed gar\u00e1\u017ei, nebo v Marketing &amp; Media Clubu V\u0160E Praha a dal\u0161\u00edch lok\u00e1ln\u00edch akc\u00edch i setk\u00e1n\u00ed expert\u016f.<\/p>\n<p>V pr\u016fb\u011bhu sv\u00e9 praxe poznal, jak\u00e9 to je v\u00e9st svoj\u00ed firmu, starat se o zam\u011bstnance i platit za propagaci. V agentu\u0159e pracoval jako senior e-commerce specialista, account i projektov\u00fd mana\u017eer. Pod\u00edlel se na velk\u00fdch nadn\u00e1rodn\u00edch projektech, na marketingu zn\u00e1m\u00fdch internetov\u00fdch obchod\u016f, i propagaci \u00fasp\u011b\u0161n\u00fdch web\u016f.<\/p>\n<p>Z osobn\u00ed zku\u0161enosti Jakub o \u0159\u00edk\u00e1: \u201eOnline prost\u0159ed\u00ed mne nau\u010dilo strategicky uva\u017eovat a d\u00edvat se na sv\u011bt optikou z\u00e1kazn\u00edk\u016f i neust\u00e1le vyhodnocovat skute\u010dn\u00fd p\u0159\u00ednos ka\u017ed\u00e9 koruny vynalo\u017een\u00e9 na marketing. Pro na\u0161e z\u00e1kazn\u00edky jsem takov\u00fd vedouc\u00ed p\u0159\u00edb\u011bhu, kde hlavn\u00edmi hv\u011bzdami jsou jejich z\u00e1kazn\u00edci.\u201c<\/p>\n\t\t\t\t<\/div>\n\t\t\t<\/div>\n\n\t\t\n\t\t\t<div class=\"wcorg-organizer\">\n\t\t\t\t<h2>Martin Hlav\u00e1\u010d<\/h2>\n\t\t\t\t<div class=\"wcorg-organizer-description\">\n\t\t\t\t\t\t\t\t\t\t<img alt='' src='https:\/\/secure.gravatar.com\/avatar\/9334d966dd8353fdefe13ddc01fb3b1b070742932ecec91ac7fd0215133847f1?s=100&#038;d=mm&#038;r=g' srcset='https:\/\/secure.gravatar.com\/avatar\/9334d966dd8353fdefe13ddc01fb3b1b070742932ecec91ac7fd0215133847f1?s=200&#038;d=mm&#038;r=g 2x' class='avatar avatar-100 photo' height='100' width='100' \/>\t\t\t\t\t<p>Martin si vyzkou\u0161el \u0161kolu a pak \u0161el rad\u011bji do produkce. Od roku 2010 za\u010dal profesion\u00e1ln\u011b programovat desktopov\u00e9 aplikace (C# + WPF), kde sb\u00edral p\u0159edev\u0161\u00edm zku\u0161enosti s dlouhodob\u00fdm v\u00fdvojem ve v\u011bt\u0161\u00edm t\u00fdmu. Od roku 2012 se pak za\u010dal v\u011bnovat i PHP a WordPressu, p\u0159i\u010dem\u017e tento kon\u00ed\u010dek postupn\u011b trasformoval v business spole\u010dn\u011b s Tom\u00e1\u0161em Kocifajem v\u00a0<a href=\"https:\/\/www.ktstudio.cz\/\" target=\"_blank\">KTStudiu<\/a>. Je hlavn\u00edm objektov\u00fdm motorem <a href=\"http:\/\/www.wpframework.cz\">WP\u00a0Frameworku<\/a> a v p\u0159\u00edpad\u011b \u0161patn\u011b napsan\u00e9ho k\u00f3du nebo n\u00e1zvu prom\u011bnn\u00fdch se nezastav\u00ed p\u0159ed nik\u00fdm ani p\u0159ed ni\u010d\u00edm. V roce 2015 tak\u00e9 spole\u010dn\u011b s dal\u0161\u00edmi \u010dleny spolu zalo\u017eil skupinu\u00a0<a href=\"https:\/\/www.brilo.cz\/\" target=\"_blank\">Brilo.cz<\/a>, kter\u00e1 se zab\u00fdv\u00e1\u00a0tvorbou rozs\u00e1hl\u00fdch\u00a0web\u016f a webov\u00fdch aplikac\u00ed v\u010detn\u011b designu, testov\u00e1n\u00ed, p\u0159\u00edpravy, anal\u00fdzy a v\u0161eho, co opravdu brilantn\u00ed web pot\u0159ebuje a to v\u0161e na WordPressu.\u00a0Martina m\u016f\u017eete tak\u00e9 vid\u011bt na r\u016fzn\u00fdch WordPress konferenc\u00edch z pozice spolu organiz\u00e1tora, \u010di\u00a0aktivn\u00edho \u00fa\u010dastn\u00edka.<\/p>\n\t\t\t\t<\/div>\n\t\t\t<\/div>\n\n\t\t\n\t\t\t<div class=\"wcorg-organizer\">\n\t\t\t\t<h2>Jan Mucska<\/h2>\n\t\t\t\t<div class=\"wcorg-organizer-description\">\n\t\t\t\t\t\t\t\t\t\t<img alt='' src='https:\/\/secure.gravatar.com\/avatar\/6c0e18826c6fd49882f3804513aff755d13151110ca67459ab525f1e3d76cc51?s=100&#038;d=mm&#038;r=g' srcset='https:\/\/secure.gravatar.com\/avatar\/6c0e18826c6fd49882f3804513aff755d13151110ca67459ab525f1e3d76cc51?s=200&#038;d=mm&#038;r=g 2x' class='avatar avatar-100 photo' height='100' width='100' \/>\t\t\t\t\t<p><a href=\"http:\/\/2046.cz\/\" target=\"_blank\">2046<\/a>, program\u00e1tor a grafik na voln\u00e9 noze. WordPress aktivn\u011b pou\u017e\u00edv\u00e1 od roku 2006. \u010cas od \u010dasu u\u010d\u00ed WordPress na Akademii V\u00fdtvarn\u00fdch Um\u011bn\u00ed a soukrom\u00fdch \u0161kol\u00e1ch.<\/p>\n\t\t\t\t<\/div>\n\t\t\t<\/div>\n\n\t\t\n\t\t\t<div class=\"wcorg-organizer\">\n\t\t\t\t<h2>Adam Laita<\/h2>\n\t\t\t\t<div class=\"wcorg-organizer-description\">\n\t\t\t\t\t\t\t\t\t\t<img alt='' src='https:\/\/secure.gravatar.com\/avatar\/a33b83c456cb0208f526724c4f5a86faf26d7a668898b9fafe24bb707c4a54dc?s=100&#038;d=mm&#038;r=g' srcset='https:\/\/secure.gravatar.com\/avatar\/a33b83c456cb0208f526724c4f5a86faf26d7a668898b9fafe24bb707c4a54dc?s=200&#038;d=mm&#038;r=g 2x' class='avatar avatar-100 photo' height='100' width='100' \/>\t\t\t\t\t<p>V\u00fdvoji web\u016f se v\u011bnuje v\u00edce ne\u017e 9 let, d\u00edky tomu p\u016fsob\u00ed nejen jako profesion\u00e1ln\u00ed kod\u00e9r, ale tak\u00e9 jako konzultant a auditor web\u016f. Ve WordPressu se zam\u011b\u0159uje p\u0159edev\u0161\u00edm na v\u00fdvoj intuitivn\u00ed administrace a d\u00edky dosa\u017een\u00fdm zku\u0161enostem tak\u00e9 v\u00fdvoji \u0161ablony pro kod\u00e9ry\/v\u00fdvoj\u00e1\u0159e, kter\u00e1 brzy spat\u0159\u00ed sv\u011btlo sv\u011bta. V obecn\u00e9m v\u00fdvoji se Adam zam\u011b\u0159uje na kvalitn\u00ed v\u00fdvoj web\u016f s vlastn\u00ed administrac\u00ed a grafikou. Ve spolupr\u00e1ci s <a href=\"http:\/\/tomanpetr.cz\/\">Petrem Tomanem<\/a>\u00a0v\u0161ak nab\u00edz\u00ed celou \u0161k\u00e1lu \u0159e\u0161en\u00ed \u0161it\u00fdch klient\u016fm na m\u00edru.<\/p>\n\t\t\t\t<\/div>\n\t\t\t<\/div>\n\n\t\t\n\t\t\t<div class=\"wcorg-organizer\">\n\t\t\t\t<h2>Vladim\u00edr Smitka<\/h2>\n\t\t\t\t<div class=\"wcorg-organizer-description\">\n\t\t\t\t\t\t\t\t\t\t<img alt='' src='https:\/\/secure.gravatar.com\/avatar\/2bead5bee14ceb073513cf08d943f9f1bd4757d0a3b368a25aac838a6872bbfd?s=100&#038;d=mm&#038;r=g' srcset='https:\/\/secure.gravatar.com\/avatar\/2bead5bee14ceb073513cf08d943f9f1bd4757d0a3b368a25aac838a6872bbfd?s=200&#038;d=mm&#038;r=g 2x' class='avatar avatar-100 photo' height='100' width='100' \/>\t\t\t\t\t<p>Kolem web\u016f a spr\u00e1vy server\u016f se za\u010dal pohybovat u\u017e velmi d\u00e1vno &#8211; v roce 2001. Dnes se v\u011bnuje p\u0159edev\u0161\u00edm technick\u00e9mu zlep\u0161ov\u00e1n\u00ed web\u016f a opravov\u00e1n\u00edm chyb jin\u00fdch tv\u016frc\u016f \u2013 podobn\u00fdch chyb, kter\u00e9 on s\u00e1m v za\u010d\u00e1tc\u00edch b\u011b\u017en\u011b d\u011blal. V t\u00e9to oblasti d\u011bl\u00e1 tak\u00e9 porotce v sout\u011b\u017ei WebTop100 pro technick\u00e9 zpracov\u00e1n\u00ed web\u016f. Ro\u010dn\u011b mu tak projde rukama n\u011bkolik stovek web\u016f, kter\u00e9 zkoum\u00e1 jak po str\u00e1nce v\u00fdkonu, tak po str\u00e1nce bezpe\u010dnosti. Zalo\u017eil agenturu <a href=\"https:\/\/lynt.cz\">Lynt services<\/a>, kter\u00e1 firm\u00e1m pom\u00e1h\u00e1 s provozov\u00e1n\u00edm webov\u00fdch str\u00e1nek \u2013 od konfigurace server\u016f, p\u0159es jejich v\u00fdvoj, a\u017e po jejich propagaci. Aktu\u00e1ln\u011b se Lynt hodn\u011b v\u011bnuje automatizaci v PPC a datov\u00e9 anal\u00fdze. Vl\u00e1\u010fa WordPress poprv\u00e9 okusil ve verzi 1.5, ale v t\u00e9 dob\u011b byl podle n\u011bj je\u0161t\u011b velmi nedosp\u011bl\u00fd a tak od n\u011bj na n\u011bkolik let op\u011bt utekl. Dnes pova\u017euje\u00a0situaci mnohem lep\u0161\u00ed a tak jej \u010dasto a r\u00e1d pou\u017e\u00edv\u00e1.<\/p>\n<p>Vl\u00e1\u010fa aktu\u00e1ln\u011b p\u00ed\u0161e o WordPressu knihu, kter\u00e1 by m\u011bla v roce 2017 vyj\u00edt.<\/p>\n\t\t\t\t<\/div>\n\t\t\t<\/div>\n\n\t\t\n\t\t\t<div class=\"wcorg-organizer\">\n\t\t\t\t<h2>Tom\u00e1\u0161 Kocifaj<\/h2>\n\t\t\t\t<div class=\"wcorg-organizer-description\">\n\t\t\t\t\t\t\t\t\t\t<img alt='' src='https:\/\/secure.gravatar.com\/avatar\/cc51e65ad8597a4aecbb506526659c2a46af12875ebff5b1d92c41e29e04323f?s=100&#038;d=mm&#038;r=g' srcset='https:\/\/secure.gravatar.com\/avatar\/cc51e65ad8597a4aecbb506526659c2a46af12875ebff5b1d92c41e29e04323f?s=200&#038;d=mm&#038;r=g 2x' class='avatar avatar-100 photo' height='100' width='100' \/>\t\t\t\t\t<p>Tom\u00e1\u0161 ji\u017e s WordPressem aktivn\u011b pracuje \u0159adu let. Vytv\u00e1\u0159\u00ed na n\u011bm firemn\u00ed str\u00e1nky, e-shopy i\u00a0velk\u00e9 projekty. Spole\u010dn\u011b s Martinem Hlav\u00e1\u010dem vede <a href=\"https:\/\/www.ktstudio.cz\/\" target=\"_blank\">KTStudio.cz<\/a>\u00a0a vytv\u00e1\u0159ej\u00ed r\u016fzn\u00e9 WordPress projekty a pluginy. Jsou autory\u00a0nap\u0159\u00edklad \u010desk\u00e9ho projektu\u00a0<a href=\"http:\/\/www.wpframework.cz\/\" target=\"_blank\">WPFramework.cz<\/a>\u00a0nebo vlastn\u00edho prodejn\u00edho e-shop syst\u00e9mu\u00a0<a href=\"http:\/\/www.wpeshop.cz\/\" target=\"_blank\">WPEshop.cz<\/a>. V roce 2015 tak\u00e9 spole\u010dn\u011b s dal\u0161\u00edmi \u010dleny zalo\u017eili skupinu\u00a0<a href=\"http:\/\/www.brilo.cz\/\" target=\"_blank\">Brilo.cz<\/a>, kter\u00e1 se zab\u00fdv\u00e1\u00a0tvorbou rozs\u00e1hl\u00fdch\u00a0web\u016f a webov\u00fdch aplikac\u00ed v\u010detn\u011b designu, testov\u00e1n\u00ed, p\u0159\u00edpravy, anal\u00fdzy a v\u0161eho, co opravdu brilantn\u00ed web pot\u0159ebuje.<\/p>\n<p>Tom\u00e1\u0161e m\u016f\u017eete tak\u00e9 vid\u011bt na r\u016fzn\u00fdch WordPress konferenc\u00edch z pozice p\u0159edn\u00e1\u0161ej\u00edc\u00edho, ale i jako aktivn\u00edho \u00fa\u010dastn\u00edka. Tom\u00e1\u0161 a Martin organizuj\u00ed tak\u00e9\u00a0<a href=\"http:\/\/srazy.info\/wordpress-pivo-praha-2\/5994\" target=\"_blank\">WordPress pivo<\/a>, aby pos\u00edlili ducha WordPress komunity a zajistili pravideln\u00e9 setk\u00e1v\u00e1n\u00ed fand\u016f a nad\u0161enc\u016f jako jsou oni.<\/p>\n\t\t\t\t<\/div>\n\t\t\t<\/div>\n\n\t\t\n\t\t\t<div class=\"wcorg-organizer\">\n\t\t\t\t<h2>Radek Ku\u010dera<\/h2>\n\t\t\t\t<div class=\"wcorg-organizer-description\">\n\t\t\t\t\t\t\t\t\t\t<img alt='' src='https:\/\/secure.gravatar.com\/avatar\/2c99e4b95dad0f1066c1b55ad059e8fca830503ed3c92faed6980af482c0181b?s=100&#038;d=mm&#038;r=g' srcset='https:\/\/secure.gravatar.com\/avatar\/2c99e4b95dad0f1066c1b55ad059e8fca830503ed3c92faed6980af482c0181b?s=200&#038;d=mm&#038;r=g 2x' class='avatar avatar-100 photo' height='100' width='100' \/>\t\t\t\t\t<p>Kdy\u017e bylo\u00a0WordPressu 2.9, za\u010dal Radek s prvn\u00edm\u00a0<a href=\"http:\/\/bigdrobek.com\/\" target=\"_blank\" rel=\"noopener\">blogem<\/a>, katalogem odkaz\u016f a webem s PR \u010dl\u00e1nky. Brzo ji\u017e na WordPressu postavil n\u011bkolik jednoduch\u00fdch firemn\u00edch web\u016f. \u00a0Dnes je p\u0159edev\u0161\u00edm fanou\u0161ek, kter\u00fd se r\u00e1d n\u011bco nau\u010d\u00ed a sleduje d\u011bn\u00ed okolo <a href=\"https:\/\/www.wpmax.cz\/\">WordPressu<\/a>. Krom\u011b toho ho zaj\u00edm\u00e1 v\u0161e\u00a0okolo internetu. Radek pracuje v oblasti Telco &amp; ICT.<\/p>\n\t\t\t\t<\/div>\n\t\t\t<\/div>\n\n\t\t\n\t<\/div><!-- .wcorg-organizers -->\n\t\n","protected":false},"excerpt":{"rendered":"","protected":false},"author":8611069,"featured_media":0,"parent":0,"menu_order":0,"comment_status":"closed","ping_status":"closed","template":"","meta":{"jetpack_post_was_ever_published":false,"footnotes":""},"class_list":["post-41","page","type-page","status-publish","hentry"],"jetpack_sharing_enabled":true,"jetpack_shortlink":"https:\/\/wp.me\/P7ZJYo-F","jetpack-related-posts":[],"_links":{"self":[{"href":"https:\/\/prague.wordcamp.org\/2017\/wp-json\/wp\/v2\/pages\/41","targetHints":{"allow":["GET"]}}],"collection":[{"href":"https:\/\/prague.wordcamp.org\/2017\/wp-json\/wp\/v2\/pages"}],"about":[{"href":"https:\/\/prague.wordcamp.org\/2017\/wp-json\/wp\/v2\/types\/page"}],"author":[{"embeddable":true,"href":"https:\/\/prague.wordcamp.org\/2017\/wp-json\/wp\/v2\/users\/8611069"}],"replies":[{"embeddable":true,"href":"https:\/\/prague.wordcamp.org\/2017\/wp-json\/wp\/v2\/comments?post=41"}],"version-history":[{"count":1,"href":"https:\/\/prague.wordcamp.org\/2017\/wp-json\/wp\/v2\/pages\/41\/revisions"}],"predecessor-version":[{"id":42,"href":"https:\/\/prague.wordcamp.org\/2017\/wp-json\/wp\/v2\/pages\/41\/revisions\/42"}],"wp:attachment":[{"href":"https:\/\/prague.wordcamp.org\/2017\/wp-json\/wp\/v2\/media?parent=41"}],"curies":[{"name":"wp","href":"https:\/\/api.w.org\/{rel}","templated":true}]}}