{"id":178,"date":"2016-12-13T20:18:37","date_gmt":"2016-12-13T19:18:37","guid":{"rendered":"http:\/\/2017.prague.wordcamp.org\/?page_id=178"},"modified":"2017-02-24T09:16:50","modified_gmt":"2017-02-24T08:16:50","slug":"program","status":"publish","type":"page","link":"https:\/\/prague.wordcamp.org\/2017\/program\/","title":{"rendered":"Program"},"content":{"rendered":"<h2>18.2.2017 &#8211;\u00a0Hlavn\u00ed program<\/h2>\n<table class=\"rg-table\">\n<tbody>\n<tr>\n<th class=\"rg-th\" style=\"width: 100px\"><\/th>\n<th class=\"rg-th\">U\u017eivatel\u00e9<br \/>\n(m\u00edstnost RB101)<\/th>\n<th class=\"rg-th\">V\u00fdvoj\u00e1\u0159i<br \/>\n(m\u00edstnost RB209)<\/th>\n<th class=\"rg-th\">Workshop<br \/>\n(m\u00edstnost RB115)<\/th>\n<\/tr>\n<tr>\n<td style=\"width: 100px;font-size: 12px\">09:30 &#8211; 09:45<\/td>\n<td class=\"center\" colspan=\"3\"><strong>\u00davod &#8211;\u00a0<\/strong>bude prob\u00edhat v m\u00edstnosti pro u\u017eivatele\u00a0RB101<\/td>\n<\/tr>\n<tr>\n<td style=\"width: 100px;font-size: 12px\">10:00 &#8211; 10:45<\/td>\n<td><strong><a href=\"http:\/\/2017.prague.wordcamp.org\/speaker\/tomas-kocifaj\/\">Tom\u00e1\u0161 Kocifaj<\/a>\u00a0<\/strong>\ud83c\udfc6<br \/>\n(<a href=\"https:\/\/2017.prague.wordcamp.org\/rozhovory-s-prednasejicimi-tomas-kocifaj\/\">rozhovor<\/a>)<br \/>\nJak mi WordPress zm\u011bnil \u017eivot?<\/td>\n<td><strong><a href=\"https:\/\/2017.prague.wordcamp.org\/speaker\/jan-bocinec\/\">J\u00e1n Bo\u010d\u00ednec<\/a><\/strong> (<a href=\"https:\/\/2017.prague.wordcamp.org\/rozhovory-s-prednasejicimi-jan-bocinec\/\">rozhovor<\/a>)<br \/>\nVirtualizovan\u00e9 v\u00fdvojov\u00e9 prost\u0159ed\u00ed pro WordPress v\u00fdvoj\u00e1\u0159e<\/td>\n<td><a href=\"http:\/\/2017.prague.wordcamp.org\/workshopy\/\">O M\u011b\u0159en\u00ed a lidech I.\u010d\u00e1st<\/a><\/td>\n<\/tr>\n<tr>\n<td style=\"width: 100px;font-size: 12px\">11:00 &#8211; 11:45<\/td>\n<td><strong><a href=\"http:\/\/2017.prague.wordcamp.org\/speaker\/vladimir-smitka\/\">Vl\u00e1\u010fa Smitka<\/a><\/strong> \ud83c\udfc6<br \/>\n(<a href=\"https:\/\/2017.prague.wordcamp.org\/rozhovory-s-prednasejicimi-vlada-smitka\/\">rozhovor<\/a>)<br \/>\nNej\u010dast\u011bj\u0161\u00ed technick\u00e9 probl\u00e9my WordPress web\u016f<\/td>\n<td><strong><a href=\"http:\/\/2017.prague.wordcamp.org\/speaker\/marek-beniak\/\">Marek Beniak<\/a><\/strong> (Heureka.cz)<br \/>\nAgiln\u00ed metodiky v\u00fdvoje aplikac\u00ed<\/td>\n<td><a href=\"http:\/\/2017.prague.wordcamp.org\/workshopy\/\">O M\u011b\u0159en\u00ed a lidech II.\u010d\u00e1st<\/a><\/td>\n<\/tr>\n<tr>\n<td style=\"width: 100px;font-size: 12px\">12:00 &#8211; 12:45<\/td>\n<td><strong><a href=\"http:\/\/2017.prague.wordcamp.org\/speaker\/borek-bernard\/\">Borek Bernard<\/a>\u00a0\ud83c\udfc6<br \/>\n<\/strong>(<a href=\"https:\/\/2017.prague.wordcamp.org\/rozhovory-s-prednasejicimi-borek-bernard\/\">rozhovor<\/a>)<br \/>\nP\u0159edstaven\u00ed VersionPressu a kam se za rok posunul<\/td>\n<td><strong><a href=\"http:\/\/2017.prague.wordcamp.org\/speaker\/david-binovec\/\">David Bi\u0148ovec<\/a><\/strong> (<a href=\"http:\/\/2017.prague.wordcamp.org\/rozhovory-s-prednasejicimi-david-binovec\/\">rozhovor<\/a>)<br \/>\nUNIT Testy ve WordPress \u2013 testujte, testujte a testujte<\/td>\n<td><\/td>\n<\/tr>\n<tr>\n<td style=\"width: 100px;font-size: 12px\">12:45 &#8211; 13:45<\/td>\n<td class=\"center\" colspan=\"3\"><strong>Ob\u011bd<\/strong><\/td>\n<\/tr>\n<tr>\n<td style=\"width: 100px;font-size: 12px\">13:45 &#8211; 14:30<\/td>\n<td><strong><a href=\"http:\/\/2017.prague.wordcamp.org\/speaker\/radim-hasalik\/\">Radim Hasal\u00edk<br \/>\n<\/a><\/strong>(<a href=\"https:\/\/2017.prague.wordcamp.org\/rozhovory-s-prednasejicimi-radim-hasalik\/\">rozhovor<\/a>)<br \/>\n\u201eNed\u011blejte D\u011aSIV\u00c9 weby\u201c \u2013 za\u010d\u00e1tek v\u00fdvoje z pohledu marketingu (rychlokurz \u2013 jak zpacifikovat klienta)<\/td>\n<td><strong><a href=\"http:\/\/2017.prague.wordcamp.org\/speaker\/martin-michalek\/\">Martin Mich\u00e1lek<\/a><\/strong> \ud83c\udfc6\u00a0(<a href=\"http:\/\/2017.prague.wordcamp.org\/martin-michalek\/\">rozhovor<\/a>)<br \/>\nJak vylep\u0161it rychlost na\u010d\u00edt\u00e1n\u00ed WordPress \u0161ablon<\/td>\n<td><\/td>\n<\/tr>\n<tr>\n<td style=\"width: 100px;font-size: 12px\">14:50 &#8211; 15:35<\/td>\n<td><strong><a href=\"http:\/\/2017.prague.wordcamp.org\/speaker\/filip-novak\/\">Filip Nov\u00e1k<br \/>\n<\/a><\/strong>(<a href=\"http:\/\/2017.prague.wordcamp.org\/rozhovory-s-prednasejicimi-filip-novak\/\">rozhovor<\/a>)<br \/>\nSeznamte WordPress s Va\u0161\u00edm Facebookem<\/td>\n<td><strong><a href=\"http:\/\/2017.prague.wordcamp.org\/speaker\/michal-spacek\/\">Michal \u0160pa\u010dek<\/a><\/strong> \ud83c\udfc6<br \/>\n(<a href=\"https:\/\/2017.prague.wordcamp.org\/rozhovory-s-prednasejicimi-michal-spacek\/\">rozhovor<\/a>)<br \/>\nCo WP neimplementuje zrovna nejl\u00e9pe<\/td>\n<td><\/td>\n<\/tr>\n<tr>\n<td style=\"width: 100px;font-size: 12px\">16:05 &#8211; 16:50<\/td>\n<td><strong><a href=\"http:\/\/2017.prague.wordcamp.org\/speaker\/filip-podstavec\/\">Filip Podstavec<br \/>\n<\/a><\/strong>(<a href=\"https:\/\/2017.prague.wordcamp.org\/rozhovory-s-prednasejicimi-filip-podstavec\/\">rozhovor<\/a>)<br \/>\nJakou cestu u\u0161el Google v SEO a co je pot\u0159eba na webu zm\u011bnit?<\/td>\n<td><strong><a href=\"http:\/\/2017.prague.wordcamp.org\/speaker\/jan-voracek\/\">Jan Vor\u00e1\u010dek<\/a><\/strong>\u00a0\ud83c\udfc6(<a href=\"https:\/\/2017.prague.wordcamp.org\/rozhovory-s-prednasejicimi-jan-voracek\/\">rozhovor<\/a>)<br \/>\nNahl\u00e9dn\u011bte za oponu VersionPressu<\/td>\n<td><\/td>\n<\/tr>\n<tr>\n<td style=\"width: 100px;font-size: 12px\">17:15 &#8211; 18:00<\/td>\n<td><strong><a href=\"http:\/\/2017.prague.wordcamp.org\/speaker\/zdenek-zenger\/\">Zden\u011bk Zenger<\/a><\/strong> \ud83c\udfc6<br \/>\n(<a href=\"https:\/\/2017.prague.wordcamp.org\/rozhovory-s-prednasejicimi-zdenek-zenger\/\">rozhovor<\/a>)<br \/>\nNepodce\u0148ujte p\u0159\u00edpravu webu<\/td>\n<td><strong><a href=\"http:\/\/2017.prague.wordcamp.org\/speaker\/martin-hlavac\/\">Martin Hlav\u00e1\u010d<\/a>\u00a0\ud83c\udfc6<\/strong>(<a href=\"http:\/\/2017.prague.wordcamp.org\/rozhovory-s-prednasejicimi-martin-hlavac\/\">rozhovor<\/a>)<br \/>\nBedrock, aneb WordPress p\u0159es Composer<\/td>\n<td><\/td>\n<\/tr>\n<tr>\n<td style=\"width: 100px;font-size: 12px\">18:15 &#8211; 21:30<\/td>\n<td class=\"center\" colspan=\"3\"><strong>Afterparty &#8211; Akademick\u00fd klub Menza V\u0160E<\/strong><\/td>\n<\/tr>\n<\/tbody>\n<\/table>\n<h3>P\u0159\u00edpadov\u00e9 studie<\/h3>\n<ul>\n<li>Ji\u0159\u00ed Hrma &#8211; <a href=\"http:\/\/smartmania.cz\/\" target=\"_blank\">SmartMania.cz<\/a>\u00a0(15:40 &#8211; 16:00, m\u00edstnost RB101)<\/li>\n<\/ul>\n<h3>Workshopy<\/h3>\n<p>Na workshopu MSD IT si spole\u010dn\u011b s UX design\u00e9rem projdete a definujete v\u00e1\u0161 u\u017eivatelsk\u00fd p\u0159\u00edb\u011bh. A na jeho z\u00e1klad\u011b si pak s na\u0161imi analytiky vyzkou\u0161\u00edte jednoduchou implementaci m\u011b\u0159en\u00ed str\u00e1nky pomoc\u00ed Google Analytics na WordPressu.<br \/>\nUk\u00e1\u017eeme v\u00e1m, kter\u00fd plugin pou\u017e\u00edt, nasd\u00edl\u00edme s V\u00e1mi z\u00e1kladn\u00ed nastaven\u00ed v Google Tag Manager a projdeme si, co je dobr\u00e9 nastavit v Google Analytics. Na z\u00e1v\u011br p\u0159edvedeme n\u00e1\u0161 v\u00fdstupn\u00ed dashboard v Google Data Studio a k \u010demu nasb\u00edran\u00e1 data slou\u017e\u00ed \u010di by m\u011bla slou\u017eit.<\/p>\n<p>V\u00edce o informac\u00ed o workshopech najdete na str\u00e1nce <a href=\"https:\/\/2017.prague.wordcamp.org\/workshopy\/\">WORKSHOPY\u00a0<\/a><\/p>\n<h2>\u00a019.2.2017 &#8211; Contributing Day<\/h2>\n<p>Contributing Day se bude konat v prostor\u00e1ch hlavn\u00edho partnera konference &#8211; firmy MSD na n\u00e1\u017ee uveden\u00e9 adrese:<\/p>\n<p style=\"padding-left: 30px\"><a href=\"https:\/\/www.msdit.cz\/\">MSD IT Global Innovation Center<\/a> (budova Riverview)<br \/>\nSvornosti 3321\/2, \u00a0Praha 5<br \/>\nOdkaz na <a href=\"https:\/\/mapy.cz\/s\/rcx1\" target=\"_blank\">mapy.cz\/s\/rcx1<\/a><\/p>\n<p><strong>PROGRAM<\/strong><\/p>\n<ul>\n<li>Za\u010d\u00edn\u00e1me v 10:00 a kon\u010d\u00edme v 15h<\/li>\n<li>Po\u0159\u00e1d\u00e1n\u00ed lok\u00e1ln\u00edch konferenc\u00ed<\/li>\n<li>P\u0159eklady WordPress<\/li>\n<\/ul>\n<p>&nbsp;<\/p>\n<p>Abychom m\u011bli p\u0159ehled o\u00a0po\u010dtu \u00fa\u010dastn\u00edk\u016f, zdarma se pros\u00edm na <strong>Contributing Day<\/strong> registrujte:<br \/>\n<div data-test='contact-form'\n\t\t\tid='contact-form-178'\n\t\t\tclass='wp-block-jetpack-contact-form-container '\n\t\t\tdata-wp-interactive='jetpack\/form' data-wp-context='{\"formId\":\"178\",\"formHash\":\"33447305dcc0bdec8db4704fd8899255e2819bdd\",\"showErrors\":false,\"errors\":[],\"fields\":[],\"isMultiStep\":false,\"useAjax\":true,\"submissionData\":null,\"formattedSubmissionData\":[],\"submissionSuccess\":false,\"submissionError\":null,\"elementId\":\"jp-form-33447305dcc0bdec8db4704fd8899255e2819bdd\",\"isSingleInputForm\":false}'\n\t\t\tdata-wp-watch--scroll-to-wrapper=\"callbacks.scrollToWrapper\"\n\t\t>\n<div class=\"contact-form-submission contact-form-ajax-submission\" data-wp-bind--aria-hidden=\"state.isSuccessMessageAriaHidden\" data-wp-class--submission-success=\"context.submissionSuccess\" id=\"contact-form-success-33447305dcc0bdec8db4704fd8899255e2819bdd\" tabindex=\"-1\" aria-labelledby=\"contact-form-success-header-33447305dcc0bdec8db4704fd8899255e2819bdd\"><p class=\"go-back-message\"><a class=\"link\" role=\"button\" tabindex=\"0\" data-wp-on--click=\"actions.goBack\" href=\"\/2017\/wp-json\/wp\/v2\/pages\/178\">\u2190 Back<\/a><\/p><h4 data-wp-bind--aria-hidden=\"state.isSuccessMessageAriaHidden\" id=\"contact-form-success-header-33447305dcc0bdec8db4704fd8899255e2819bdd\">Your message has been sent<\/h4>\n\n<template data-wp-each--submission=\"context.formattedSubmissionData\">\n\t\t\t\t\t<div class=\"jetpack_forms_contact-form-success-summary\">\n\t\t\t\t\t\t<div class=\"field-name\" data-wp-text=\"context.submission.label\" data-wp-bind--hidden=\"!context.submission.label\"><\/div>\n\t\t\t\t\t\t<div class=\"field-value\" data-wp-text=\"context.submission.value\" data-wp-bind--hidden=\"!context.submission.showPlainValue\"><\/div>\n\t\t\t\t\t\t<a class=\"field-url\" data-wp-bind--href=\"context.submission.url\" data-wp-text=\"context.submission.value\" data-wp-bind--hidden=\"!context.submission.url\" target=\"_blank\" rel=\"noopener noreferrer\"><\/a>\n\t\t\t\t\t\t<div class=\"field-rating\" data-wp-bind--hidden=\"!context.submission.rating\" data-wp-watch=\"callbacks.watchRatingIcons\"><\/div>\n\t\t\t\t\t\t<div class=\"field-images\" data-wp-bind--hidden=\"!context.submission.images\">\n\t\t\t\t\t\t\t<template data-wp-each--image=\"context.submission.images\">\n\t\t\t\t\t\t\t\t<div class=\"field-image-option\" data-wp-class--is-empty=\"!context.image.src\">\n\t\t\t\t\t\t\t\t\t<figure class=\"field-image-option__image\" data-wp-class--is-empty=\"!context.image.src\">\n\t\t\t\t\t\t\t\t\t\t<img data-wp-bind--src=\"context.image.src\" data-wp-bind--hidden=\"!context.image.src\" \/>\n\t\t\t\t\t\t\t\t\t\t<img decoding=\"async\" src=\"data:image\/gif;base64,R0lGODlhAQABAAD\/ACwAAAAAAQABAAACADs=\" data-wp-bind--hidden=\"context.image.src\" \/>\n\t\t\t\t\t\t\t\t\t<\/figure>\n\t\t\t\t\t\t\t\t\t<div class=\"field-image-option__label-wrapper\">\n\t\t\t\t\t\t\t\t\t\t<span class=\"field-image-option__label-code\" data-wp-text=\"context.image.letterCode\"><\/span>\n\t\t\t\t\t\t\t\t\t\t<span class=\"field-image-option__label\" data-wp-text=\"context.image.label\" data-wp-bind--hidden=\"!context.image.label\"><\/span>\n\t\t\t\t\t\t\t\t\t<\/div>\n\t\t\t\t\t\t\t\t<\/div>\n\t\t\t\t\t\t\t<\/template>\n\t\t\t\t\t\t<\/div>\n\t\t\t\t\t\t<div class=\"field-files\" data-wp-bind--hidden=\"!context.submission.files\">\n\t\t\t\t\t\t\t<template data-wp-each--file=\"context.submission.files\">\n\t\t\t\t\t\t\t\t<div class=\"field-file\">\n\t\t\t\t\t\t\t\t\t<div class=\"field-file__thumbnail\" data-wp-style--background-image=\"context.file.previewUrl\" data-wp-style--mask-image=\"context.file.iconUrl\" data-wp-bind--hidden=\"!context.file.hasPreview\"><\/div>\n\t\t\t\t\t\t\t\t\t<svg class=\"field-file__icon\" data-wp-bind--hidden=\"context.file.hasPreview\" width=\"20\" height=\"20\" viewBox=\"0 0 24 24\" fill=\"none\" xmlns=\"http:\/\/www.w3.org\/2000\/svg\" aria-hidden=\"true\">\n\t\t\t\t\t\t\t\t\t\t<path d=\"M14 2H6C4.9 2 4 2.9 4 4V20C4 21.1 4.89 22 5.99 22H18C19.1 22 20 21.1 20 20V8L14 2ZM18 20H6V4H13V9H18V20Z\" fill=\"currentColor\"\/>\n\t\t\t\t\t\t\t\t\t<\/svg>\n\t\t\t\t\t\t\t\t\t<span class=\"field-file__name\" data-wp-text=\"context.file.name\"><\/span>\n\t\t\t\t\t\t\t\t\t<span class=\"field-file__size\" data-wp-text=\"context.file.size\"><\/span>\n\t\t\t\t\t\t\t\t<\/div>\n\t\t\t\t\t\t\t<\/template>\n\t\t\t\t\t\t<\/div>\n\t\t\t\t\t<\/div>\n\t\t\t\t<\/template><\/div><form action='https:\/\/prague.wordcamp.org\/2017\/program\/'\n\t\t\t\tid='jp-form-33447305dcc0bdec8db4704fd8899255e2819bdd'\n\t\t\t\tmethod='post'\n\t\t\t\tclass='contact-form commentsblock' aria-label=\"Program\"\n\t\t\t\tdata-wp-on--submit=\"actions.onFormSubmit\"\n\t\t\t\tdata-wp-on--reset=\"actions.onFormReset\"\n\t\t\t\tdata-wp-class--submission-success=\"context.submissionSuccess\"\n\t\t\t\tdata-wp-class--is-first-step=\"state.isFirstStep\"\n\t\t\t\tdata-wp-class--is-last-step=\"state.isLastStep\"\n\t\t\t\tdata-wp-class--is-ajax-form=\"context.useAjax\"\n\t\t\t\tnovalidate >\n<input type='hidden' name='jetpack_contact_form_jwt' value='eyJ0eXAiOiJKV1QiLCJhbGciOiJIUzI1NiJ9.eyJlbmNyeXB0ZWRfYXR0cmlidXRlcyI6ImIrMWtOMU5VZ3AvcWM0Q1pIdk4rRkNhTVZPMmFFakFyOUI0RnZmZmIzWkpXQjlycCtPb0J5Y1FRRUtPOEt0NG9ZOEFNR1poTk02WFZzdnBnc3ZtVGRLVzJhYVlzMmM3NVV5WEhlMVRJN2gyYXNZTGM2Z1hnSStsbWIrVmIxYWgvRG9hQ2lhZHMzNWdnYkR5TTRjZTNTRU9HRmx2bVNPTFFtZE9pTDlZY01QeVVVdlY5R1lVdHE3d2JkK2FVNVFpYWR1K2daZDZzUTVTczJXNE5MTWViSzBqQXl4R0VQUUFmVmRaU2hSWUdFdDJDNXdZTHJPQWZmVFFZTXloNmhtTW1TRmhYWGdMK2JGNkh2aGhVYmpkZ0laVXlKUnBVMkRIYnpHWDdRRmNWSEFGcE94cUpKZ2p5cCtjTkZkZ1VmWHIvZWF4cXVDbmJIeFdBRVNRbjRZY1lwMmc2N3FDNXYzVHJqcEFKR2VtTmFGZXd4Z3lPbFUvWlhWUVB0TVoreTUycFRHQlF2UzlmS254Zmtyak9Mb202eUJzMGpPbGhEWjZiMkNsbVZQZE1aWEdoYVBQZUJMZllSU3RIdSt4WklUUzRtZzErRGV5SjNzK3J1Zm1uV1pNc3VzMm8vNTNJdjREcTlGV0lsMWg1M2hNZ3dYRFF6ZEZEclh1Z0tJY0pNS01Ic0t3RmpudnBCUlg2U29KaXRFYU9TZVJjSXh1Lzk5dU9OYnZ1MkVtZHExMEZuZW5KSEExWmEzdTNMUmx0MVdLQzljVEtZLzdNc3RIcGtpc0hrZENqdEpNWHQ2K0RaQzdPMmsvVU0zSERvSWxNTVBMM3NrUHVVaEJxa3lWbzBKVjB5akhTei9FSFYxTEliampqeGVEYnExQitCa1A2b21nMkFSZ1pOZDBiU1VTelJHU0RIOUNTcDQ2UjQwaDBqa0FVT0dQSzZCejl2THRZNnRQVEMxT3RWOGg1bVFjNHdjcmpOelRFTXQ5Mkx4N1RDUFpUYU9jSzUyTWZwQllWRkw3ZXgwckdKVnU2bWsyM2JsTXFsM0pZV0tIcnR6dTc2R214KytoNGVqYktwdlV0SnVPSllzd2VDYjRmQmdyOXdqU1BSR3dRQzJnNyt3dExNdWZVWEdzZnB0a1F5Z1FtQ2NNcDk1V0FiWWhINHZRL2l5MDJLT2IyVnhKVisrR1h1dz09IiwiY29udGVudCI6Iltjb250YWN0LWZpZWxkIGxhYmVsPSdKbVx1MDBlOW5vJyB0eXBlPSduYW1lJyByZXF1aXJlZD0nMScvXVtjb250YWN0LWZpZWxkIGxhYmVsPSdFbWFpbCcgdHlwZT0nZW1haWwnIHJlcXVpcmVkPScxJy9dW2NvbnRhY3QtZmllbGQgbGFiZWw9J1dlYicgdHlwZT0ndXJsJy9dIiwiaGFzaCI6IjMzNDQ3MzA1ZGNjMGJkZWM4ZGI0NzA0ZmQ4ODk5MjU1ZTI4MTliZGQiLCJzb3VyY2UiOnsiZW50cnlfdGl0bGUiOiJQcm9ncmFtIiwiZW50cnlfcGFnZSI6MSwic291cmNlX2lkIjoxNzgsInNvdXJjZV90eXBlIjoic2luZ2xlIiwicmVxdWVzdF91cmwiOiJodHRwczovL3ByYWd1ZS53b3JkY2FtcC5vcmcvMjAxNy93cC1qc29uL3dwL3YyL3BhZ2VzLzE3OCJ9LCJ2ZXJzaW9uIjoyLCJjaXBoZXIiOiJhZXMtMjU2LWdjbSJ9.Ene40OnKe8kuJbY5SIjhbYNoN5Ej-ie8QYw-aMs1qCQ' \/>\n\n<div style=\"\"  data-wp-interactive=\"jetpack\/form\" data-wp-context='{\"fieldId\":\"g178-jmno\",\"fieldType\":\"name\",\"fieldLabel\":\"Jm\\u00e9no\",\"fieldValue\":\"\",\"fieldPlaceholder\":\"\",\"fieldIsRequired\":\"1\",\"fieldErrorMessage\":\"\",\"fieldExtra\":[],\"formHash\":\"33447305dcc0bdec8db4704fd8899255e2819bdd\"}'  class='grunion-field-name-wrap grunion-field-wrap'  data-wp-init='callbacks.initializeField' data-wp-on--jetpack-form-reset='callbacks.initializeField' >\n<label\n\t\t\t\tfor='g178-jmno' class=\"grunion-field-label name\" >Jm\u00e9no<span class=\"grunion-label-required\" aria-hidden=\"true\">(required)<\/span><\/label>\n<input\n\t\t\t\t\ttype='text'\n\t\t\t\t\tname='g178-jmno'\n\t\t\t\t\tid='g178-jmno'\n\t\t\t\t\tvalue=''\n\n\t\t\t\t\tdata-wp-bind--aria-invalid='state.fieldAriaInvalid'\n\t\t\t\t\tdata-wp-bind--value='state.getFieldValue'\n\t\t\t\t\taria-describedby='g178-jmno-text-error-message'\n\t\t\t\t\tdata-wp-on--input='actions.onFieldChange'\n\t\t\t\t\tdata-wp-on--blur='actions.onFieldBlur'\n\t\t\t\t\tdata-wp-class--has-value='state.hasFieldValue'\n\n\t\t\t\t\tclass='name  grunion-field' \n\t\t\t\t\trequired='true' aria-required='true'  \/>\n \n\t\t\t<div id=\"g178-jmno-text-error\" class=\"contact-form__input-error\" data-wp-class--has-errors=\"state.fieldHasErrors\">\n\t\t\t\t<span class=\"contact-form__warning-icon\" aria-hidden=\"true\">\n\t\t\t\t\t<svg width=\"16\" height=\"16\" viewBox=\"0 0 16 16\" fill=\"none\" xmlns=\"http:\/\/www.w3.org\/2000\/svg\">\n\t\t\t\t\t\t<path d=\"M8.50015 11.6402H7.50015V10.6402H8.50015V11.6402Z\" \/>\n\t\t\t\t\t\t<path d=\"M7.50015 9.64018H8.50015V6.30684H7.50015V9.64018Z\" \/>\n\t\t\t\t\t\t<path fill-rule=\"evenodd\" clip-rule=\"evenodd\" d=\"M6.98331 3.0947C7.42933 2.30177 8.57096 2.30177 9.01698 3.09469L13.8771 11.7349C14.3145 12.5126 13.7525 13.4735 12.8602 13.4735H3.14004C2.24774 13.4735 1.68575 12.5126 2.12321 11.7349L6.98331 3.0947ZM8.14541 3.58496C8.08169 3.47168 7.9186 3.47168 7.85488 3.58496L2.99478 12.2251C2.93229 12.3362 3.01257 12.4735 3.14004 12.4735H12.8602C12.9877 12.4735 13.068 12.3362 13.0055 12.2251L8.14541 3.58496Z\" \/>\n\t\t\t\t\t<\/svg>\n\t\t\t\t<\/span>\n\t\t\t\t<span data-wp-text=\"state.errorMessage\" id=\"g178-jmno-text-error-message\"><\/span>\n\t\t\t<\/div> \n\t<\/div>\n\n<div style=\"\"  data-wp-interactive=\"jetpack\/form\" data-wp-context='{\"fieldId\":\"g178-email\",\"fieldType\":\"email\",\"fieldLabel\":\"Email\",\"fieldValue\":\"\",\"fieldPlaceholder\":\"\",\"fieldIsRequired\":\"1\",\"fieldErrorMessage\":\"\",\"fieldExtra\":[],\"formHash\":\"33447305dcc0bdec8db4704fd8899255e2819bdd\"}'  class='grunion-field-email-wrap grunion-field-wrap'  data-wp-init='callbacks.initializeField' data-wp-on--jetpack-form-reset='callbacks.initializeField' >\n<label\n\t\t\t\tfor='g178-email' class=\"grunion-field-label email\" >Email<span class=\"grunion-label-required\" aria-hidden=\"true\">(required)<\/span><\/label>\n<input\n\t\t\t\t\ttype='email'\n\t\t\t\t\tname='g178-email'\n\t\t\t\t\tid='g178-email'\n\t\t\t\t\tvalue=''\n\n\t\t\t\t\tdata-wp-bind--aria-invalid='state.fieldAriaInvalid'\n\t\t\t\t\tdata-wp-bind--value='state.getFieldValue'\n\t\t\t\t\taria-describedby='g178-email-email-error-message'\n\t\t\t\t\tdata-wp-on--input='actions.onFieldChange'\n\t\t\t\t\tdata-wp-on--blur='actions.onFieldBlur'\n\t\t\t\t\tdata-wp-class--has-value='state.hasFieldValue'\n\n\t\t\t\t\tclass='email  grunion-field' \n\t\t\t\t\trequired='true' aria-required='true'  \/>\n \n\t\t\t<div id=\"g178-email-email-error\" class=\"contact-form__input-error\" data-wp-class--has-errors=\"state.fieldHasErrors\">\n\t\t\t\t<span class=\"contact-form__warning-icon\" aria-hidden=\"true\">\n\t\t\t\t\t<svg width=\"16\" height=\"16\" viewBox=\"0 0 16 16\" fill=\"none\" xmlns=\"http:\/\/www.w3.org\/2000\/svg\">\n\t\t\t\t\t\t<path d=\"M8.50015 11.6402H7.50015V10.6402H8.50015V11.6402Z\" \/>\n\t\t\t\t\t\t<path d=\"M7.50015 9.64018H8.50015V6.30684H7.50015V9.64018Z\" \/>\n\t\t\t\t\t\t<path fill-rule=\"evenodd\" clip-rule=\"evenodd\" d=\"M6.98331 3.0947C7.42933 2.30177 8.57096 2.30177 9.01698 3.09469L13.8771 11.7349C14.3145 12.5126 13.7525 13.4735 12.8602 13.4735H3.14004C2.24774 13.4735 1.68575 12.5126 2.12321 11.7349L6.98331 3.0947ZM8.14541 3.58496C8.08169 3.47168 7.9186 3.47168 7.85488 3.58496L2.99478 12.2251C2.93229 12.3362 3.01257 12.4735 3.14004 12.4735H12.8602C12.9877 12.4735 13.068 12.3362 13.0055 12.2251L8.14541 3.58496Z\" \/>\n\t\t\t\t\t<\/svg>\n\t\t\t\t<\/span>\n\t\t\t\t<span data-wp-text=\"state.errorMessage\" id=\"g178-email-email-error-message\"><\/span>\n\t\t\t<\/div> \n\t<\/div>\n\n<div style=\"\"  data-wp-interactive=\"jetpack\/form\" data-wp-context='{\"fieldId\":\"g178-web\",\"fieldType\":\"url\",\"fieldLabel\":\"Web\",\"fieldValue\":\"\",\"fieldPlaceholder\":\"\",\"fieldIsRequired\":\"\",\"fieldErrorMessage\":\"\",\"fieldExtra\":[],\"formHash\":\"33447305dcc0bdec8db4704fd8899255e2819bdd\"}'  class='grunion-field-url-wrap grunion-field-wrap'  data-wp-init='callbacks.initializeField' data-wp-on--jetpack-form-reset='callbacks.initializeField' >\n<label\n\t\t\t\tfor='g178-web' class=\"grunion-field-label url\" >Web<\/label>\n<input\n\t\t\t\t\ttype='text'\n\t\t\t\t\tname='g178-web'\n\t\t\t\t\tid='g178-web'\n\t\t\t\t\tvalue=''\n\n\t\t\t\t\tdata-wp-bind--aria-invalid='state.fieldAriaInvalid'\n\t\t\t\t\tdata-wp-bind--value='state.getFieldValue'\n\t\t\t\t\taria-describedby='g178-web-text-error-message'\n\t\t\t\t\tdata-wp-on--input='actions.onFieldChange'\n\t\t\t\t\tdata-wp-on--blur='actions.onFieldBlur'\n\t\t\t\t\tdata-wp-class--has-value='state.hasFieldValue'\n\n\t\t\t\t\tclass='url  grunion-field' \n\t\t\t\t\t \/>\n \n\t\t\t<div id=\"g178-web-text-error\" class=\"contact-form__input-error\" data-wp-class--has-errors=\"state.fieldHasErrors\">\n\t\t\t\t<span class=\"contact-form__warning-icon\" aria-hidden=\"true\">\n\t\t\t\t\t<svg width=\"16\" height=\"16\" viewBox=\"0 0 16 16\" fill=\"none\" xmlns=\"http:\/\/www.w3.org\/2000\/svg\">\n\t\t\t\t\t\t<path d=\"M8.50015 11.6402H7.50015V10.6402H8.50015V11.6402Z\" \/>\n\t\t\t\t\t\t<path d=\"M7.50015 9.64018H8.50015V6.30684H7.50015V9.64018Z\" \/>\n\t\t\t\t\t\t<path fill-rule=\"evenodd\" clip-rule=\"evenodd\" d=\"M6.98331 3.0947C7.42933 2.30177 8.57096 2.30177 9.01698 3.09469L13.8771 11.7349C14.3145 12.5126 13.7525 13.4735 12.8602 13.4735H3.14004C2.24774 13.4735 1.68575 12.5126 2.12321 11.7349L6.98331 3.0947ZM8.14541 3.58496C8.08169 3.47168 7.9186 3.47168 7.85488 3.58496L2.99478 12.2251C2.93229 12.3362 3.01257 12.4735 3.14004 12.4735H12.8602C12.9877 12.4735 13.068 12.3362 13.0055 12.2251L8.14541 3.58496Z\" \/>\n\t\t\t\t\t<\/svg>\n\t\t\t\t<\/span>\n\t\t\t\t<span data-wp-text=\"state.errorMessage\" id=\"g178-web-text-error-message\"><\/span>\n\t\t\t<\/div> \n\t<\/div>\n\t<p class='contact-submit'>\n<div class=\"contact-form__error\" data-wp-class--show-errors=\"state.showFormErrors\"><span class=\"contact-form__warning-icon\" aria-hidden=\"true\"><i><\/i><\/span><span class=\"contact-form__error-message\" tabindex=\"-1\" data-wp-watch=\"callbacks.focusOnValidationError\" data-wp-text=\"state.getFormErrorMessage\"><\/span><ul aria-label=\"Form errors\">\n\t\t\t\t<template data-wp-each=\"state.getErrorList\" data-wp-key=\"context.item.id\">\n\t\t\t\t\t<li><a data-wp-bind--href=\"context.item.anchor\" data-wp-on--click=\"actions.scrollIntoView\" data-wp-text=\"context.item.label\"><\/a><\/li>\n\t\t\t\t<\/template>\n\t\t\t\t<\/ul><\/div><div class=\"contact-form__error\" data-wp-class--show-errors=\"state.showSubmissionError\" data-wp-text=\"context.submissionError\" tabindex=\"-1\" data-wp-watch=\"callbacks.focusOnSubmissionError\"><\/div>\t\t<button type='submit' class='pushbutton-wide'>Submit<\/button>\t\t<input type='hidden' name='contact-form-id' value='178' \/>\n\t\t<input type='hidden' name='action' value='grunion-contact-form' \/>\n\t\t<input type='hidden' name='contact-form-hash' value='33447305dcc0bdec8db4704fd8899255e2819bdd' \/>\n\t<\/p>\n<p style=\"display: none !important;\" class=\"akismet-fields-container\" data-prefix=\"ak_\"><label>&#916;<textarea name=\"ak_hp_textarea\" cols=\"45\" rows=\"8\" maxlength=\"100\"><\/textarea><\/label><input type=\"hidden\" id=\"ak_js_1\" name=\"ak_js\" value=\"156\"\/><script>\ndocument.getElementById( \"ak_js_1\" ).setAttribute( \"value\", ( new Date() ).getTime() );\n<\/script>\n<\/p><\/form>\n<\/div><\/p>\n","protected":false},"excerpt":{"rendered":"<p>18.2.2017 &#8211;\u00a0Hlavn\u00ed program U\u017eivatel\u00e9 (m\u00edstnost RB101) V\u00fdvoj\u00e1\u0159i (m\u00edstnost RB209) Workshop (m\u00edstnost RB115) 09:30 &#8211; 09:45 \u00davod &#8211;\u00a0bude prob\u00edhat v m\u00edstnosti pro u\u017eivatele\u00a0RB101 10:00 &#8211; 10:45 Tom\u00e1\u0161 Kocifaj\u00a0\ud83c\udfc6 (rozhovor) Jak mi WordPress zm\u011bnil \u017eivot? J\u00e1n Bo\u010d\u00ednec (rozhovor) Virtualizovan\u00e9 v\u00fdvojov\u00e9 prost\u0159ed\u00ed pro WordPress v\u00fdvoj\u00e1\u0159e O M\u011b\u0159en\u00ed a lidech I.\u010d\u00e1st 11:00 &#8211; 11:45 Vl\u00e1\u010fa Smitka \ud83c\udfc6 (rozhovor) Nej\u010dast\u011bj\u0161\u00ed &hellip; <a href=\"https:\/\/prague.wordcamp.org\/2017\/program\/\" class=\"more-link\">Pokra\u010dov\u00e1n\u00ed textu <span class=\"screen-reader-text\">Program<\/span><\/a><\/p>\n","protected":false},"author":8611069,"featured_media":0,"parent":0,"menu_order":0,"comment_status":"closed","ping_status":"closed","template":"","meta":{"jetpack_post_was_ever_published":false,"footnotes":""},"class_list":["post-178","page","type-page","status-publish","hentry"],"jetpack_sharing_enabled":true,"jetpack_shortlink":"https:\/\/wp.me\/P7ZJYo-2S","jetpack-related-posts":[],"_links":{"self":[{"href":"https:\/\/prague.wordcamp.org\/2017\/wp-json\/wp\/v2\/pages\/178","targetHints":{"allow":["GET"]}}],"collection":[{"href":"https:\/\/prague.wordcamp.org\/2017\/wp-json\/wp\/v2\/pages"}],"about":[{"href":"https:\/\/prague.wordcamp.org\/2017\/wp-json\/wp\/v2\/types\/page"}],"author":[{"embeddable":true,"href":"https:\/\/prague.wordcamp.org\/2017\/wp-json\/wp\/v2\/users\/8611069"}],"replies":[{"embeddable":true,"href":"https:\/\/prague.wordcamp.org\/2017\/wp-json\/wp\/v2\/comments?post=178"}],"version-history":[{"count":97,"href":"https:\/\/prague.wordcamp.org\/2017\/wp-json\/wp\/v2\/pages\/178\/revisions"}],"predecessor-version":[{"id":1092,"href":"https:\/\/prague.wordcamp.org\/2017\/wp-json\/wp\/v2\/pages\/178\/revisions\/1092"}],"wp:attachment":[{"href":"https:\/\/prague.wordcamp.org\/2017\/wp-json\/wp\/v2\/media?parent=178"}],"curies":[{"name":"wp","href":"https:\/\/api.w.org\/{rel}","templated":true}]}}