{"id":1386,"date":"2017-02-13T18:21:59","date_gmt":"2017-02-13T17:21:59","guid":{"rendered":"http:\/\/2017.prague.wordcamp.org\/?page_id=1386"},"modified":"2017-02-13T18:21:59","modified_gmt":"2017-02-13T17:21:59","slug":"zpetna-vazba-podekovani","status":"publish","type":"page","link":"https:\/\/prague.wordcamp.org\/2017\/zpetna-vazba-podekovani\/","title":{"rendered":"Zp\u011btn\u00e1 vazba &#8211; pod\u011bkov\u00e1n\u00ed"},"content":{"rendered":"<p>D\u011bkujeme za vypln\u011bn\u00ed zp\u011btn\u00e9 vazby na\u00a0WordCamp Praha 2017. Ka\u017ed\u00fd n\u00e1zor je pro n\u00e1\u0161 cenn\u00fd a douf\u00e1me, \u017ee se pr\u00e1v\u011b V\u00e1m akce l\u00edbila! \ud83d\ude42<\/p>\n","protected":false},"excerpt":{"rendered":"<p>D\u011bkujeme za vypln\u011bn\u00ed zp\u011btn\u00e9 vazby na\u00a0WordCamp Praha 2017. Ka\u017ed\u00fd n\u00e1zor je pro n\u00e1\u0161 cenn\u00fd a douf\u00e1me, \u017ee se pr\u00e1v\u011b V\u00e1m akce l\u00edbila! \ud83d\ude42<\/p>\n","protected":false},"author":14635674,"featured_media":1387,"parent":0,"menu_order":0,"comment_status":"closed","ping_status":"closed","template":"","meta":{"jetpack_post_was_ever_published":false,"footnotes":""},"class_list":["post-1386","page","type-page","status-publish","has-post-thumbnail","hentry"],"jetpack_sharing_enabled":true,"jetpack_shortlink":"https:\/\/wp.me\/P7ZJYo-mm","jetpack-related-posts":[],"_links":{"self":[{"href":"https:\/\/prague.wordcamp.org\/2017\/wp-json\/wp\/v2\/pages\/1386","targetHints":{"allow":["GET"]}}],"collection":[{"href":"https:\/\/prague.wordcamp.org\/2017\/wp-json\/wp\/v2\/pages"}],"about":[{"href":"https:\/\/prague.wordcamp.org\/2017\/wp-json\/wp\/v2\/types\/page"}],"author":[{"embeddable":true,"href":"https:\/\/prague.wordcamp.org\/2017\/wp-json\/wp\/v2\/users\/14635674"}],"replies":[{"embeddable":true,"href":"https:\/\/prague.wordcamp.org\/2017\/wp-json\/wp\/v2\/comments?post=1386"}],"version-history":[{"count":1,"href":"https:\/\/prague.wordcamp.org\/2017\/wp-json\/wp\/v2\/pages\/1386\/revisions"}],"predecessor-version":[{"id":1388,"href":"https:\/\/prague.wordcamp.org\/2017\/wp-json\/wp\/v2\/pages\/1386\/revisions\/1388"}],"wp:featuredmedia":[{"embeddable":true,"href":"https:\/\/prague.wordcamp.org\/2017\/wp-json\/wp\/v2\/media\/1387"}],"wp:attachment":[{"href":"https:\/\/prague.wordcamp.org\/2017\/wp-json\/wp\/v2\/media?parent=1386"}],"curies":[{"name":"wp","href":"https:\/\/api.w.org\/{rel}","templated":true}]}}