{"id":99,"date":"2015-11-20T10:33:21","date_gmt":"2015-11-20T09:33:21","guid":{"rendered":"https:\/\/2016.prague.wordcamp.org\/?page_id=99"},"modified":"2016-03-10T09:23:46","modified_gmt":"2016-03-10T08:23:46","slug":"program","status":"publish","type":"page","link":"https:\/\/prague.wordcamp.org\/2016\/program\/","title":{"rendered":"Program"},"content":{"rendered":"<div class=\"rg-container\">\n<div class=\"rg-content\">\n<table class=\"rg-table\">\n<tbody>\n<tr>\n<th class=\"rg-th\" style=\"width: 100px\"><\/th>\n<th class=\"rg-th\">U\u017eivatel\u00e9<\/th>\n<th class=\"rg-th\">V\u00fdvoj\u00e1\u0159i<\/th>\n<\/tr>\n<tr>\n<td style=\"width: 100px\">9:30<\/td>\n<td class=\"center\"><strong>\u00davod<\/strong><\/td>\n<td class=\"center\"><strong>\u00davod<\/strong><\/td>\n<\/tr>\n<tr>\n<td style=\"width: 100px\">10:00<span class=\"dash\">&#8211;<\/span>10:45<\/td>\n<td><a href=\"https:\/\/2016.prague.wordcamp.org\/speaker\/vladimir-smitka\/\">Vl\u00e1\u010fa Smitka &#8211; Zabezpe\u010den\u00ed WordPressu<\/a>\u00a0(prezentace)<\/td>\n<td><a href=\"https:\/\/2016.prague.wordcamp.org\/speaker\/tomas-kocifaj\/\">Tom\u00e1\u0161 Kocifaj &#8211; Z\u00e1klady komunikace s klientem aneb Smol\u00ed\u010dek a jesky\u0148ky<\/a>\u00a0(prezentace)<\/td>\n<\/tr>\n<tr>\n<td style=\"width: 100px\">11:00<span class=\"dash\">&#8211;<\/span>11:45<\/td>\n<td><a href=\"https:\/\/2016.prague.wordcamp.org\/speaker\/filip-podstavec\/\">Filip Podstavec &#8211; WordPress weby &#8211; skv\u011bl\u00fd luk, \u0161\u00edp i ter\u010d linkbuildera<\/a>\u00a0(prezentace)<\/td>\n<td><a href=\"https:\/\/2016.prague.wordcamp.org\/speaker\/david-odehnal\/\">David Odehnal &#8211; \u0160ablonovac\u00ed Syst\u00e9m pro WordPress<\/a>\u00a0(prezentace)<\/td>\n<\/tr>\n<tr>\n<td style=\"width: 100px\">12:00<span class=\"dash\">&#8211;<\/span>12:45<\/td>\n<td><a href=\"https:\/\/2016.prague.wordcamp.org\/speaker\/jan-tichy\/\">Jan Tich\u00fd &#8211; Webov\u00e1 analytika pro WordPress weby<\/a>\u00a0(prezentace)<\/td>\n<td><a href=\"https:\/\/2016.prague.wordcamp.org\/speaker\/david-binovec\/\">David Bi\u0148ovec &#8211; WP_Query &#8211; spr\u00e1vn\u00e9 pou\u017e\u00edv\u00e1n\u00ed s ohledem na v\u00fdkon<\/a>\u00a0(prezentace)<\/td>\n<\/tr>\n<tr>\n<td style=\"width: 100px\">12:45<span class=\"dash\">&#8211;<\/span>13:45<\/td>\n<td class=\"center\" colspan=\"2\"><strong>Ob\u011bd<\/strong><\/td>\n<\/tr>\n<tr>\n<td style=\"width: 100px\">13:45<span class=\"dash\">&#8211;<\/span>14:30<\/td>\n<td><a href=\"https:\/\/2016.prague.wordcamp.org\/category\/pripadovky\/\">P\u0159\u00edpadov\u00e9 studie<\/a><br \/>\n<a href=\"https:\/\/2016.prague.wordcamp.org\/pripadovka-svet-androida\/\">Sv\u011btAndroida<\/a>\u00a0(prezentace)<br \/>\n<a href=\"https:\/\/2016.prague.wordcamp.org\/pripadovka-vitek-jezek-respekt-cz\/\">Respekt<\/a> (prezentace)<\/td>\n<td><a href=\"https:\/\/2016.prague.wordcamp.org\/speaker\/daniel-steigerwald\/\">Daniel Steigerwald &#8211; Aktu\u00e1ln\u00ed trendy v JS z pohledu php developer\u016f<\/a><\/td>\n<\/tr>\n<tr>\n<td style=\"width: 100px\">14:45<span class=\"dash\">&#8211;<\/span>15:30<\/td>\n<td><a href=\"https:\/\/2016.prague.wordcamp.org\/speaker\/filip-ekl\/\">Filip Ekl &#8211; U\u017eivatelsk\u00e9 testov\u00e1n\u00ed testov\u00e1n\u00ed str\u00e1nek z pohledu pou\u017eitelnosti<\/a>\u00a0(prezentace)<\/td>\n<td><a href=\"https:\/\/2016.prague.wordcamp.org\/speaker\/borek-bernard\/\">Borek Bernard &#8211; ReactJS<\/a>\u00a0(prezentace)<\/td>\n<\/tr>\n<tr>\n<td style=\"width: 100px\">15:45<span class=\"dash\">&#8211;<\/span>16:30<\/td>\n<td><a href=\"https:\/\/2016.prague.wordcamp.org\/speaker\/tomas-kocifaj\/\">Tom\u00e1\u0161 Kocifaj &#8211; Premium \u0161ablony &#8211; vyhozen\u00e9 pen\u00edze nebo v\u00fdhodn\u00e1 investice?<\/a>\u00a0(prezentace)<\/td>\n<td><a href=\"https:\/\/2016.prague.wordcamp.org\/speaker\/vladislav-musilek\/\">Vladislav Mus\u00edlek &#8211; WooCommerce Rest API<\/a><\/td>\n<\/tr>\n<tr style=\"width: 100px\">\n<td>16:45<span class=\"dash\">&#8211;<\/span>17:30<\/td>\n<td><a href=\"https:\/\/2016.prague.wordcamp.org\/speaker\/petr-bechyne\/\">Petr Bechyn\u011b &#8211; Jak si napl\u00e1novat tvorbu webu a nezbl\u00e1znit se z toho<\/a>\u00a0(prezentace)<\/td>\n<td><a href=\"https:\/\/2016.prague.wordcamp.org\/speaker\/jaroslav-polakovic\/\">Jaroslav Polakovi\u010d &#8211; REST API<\/a>\u00a0(prezentace)<\/td>\n<\/tr>\n<tr>\n<td style=\"width: 100px\">17:45<span class=\"dash\">&#8211;<\/span>18:30<\/td>\n<td><a href=\"https:\/\/2016.prague.wordcamp.org\/speaker\/jan-horak\/\">Jan Hor\u00e1k &#8211; WordPress jako nastroj pro automatizaci digital signage.<\/a><\/td>\n<td><a href=\"https:\/\/2016.prague.wordcamp.org\/speaker\/jan-bocinec\/\">J\u00e1n Bo\u010d\u00ednec- WP Calypso<\/a>\u00a0(prezentace)<\/td>\n<\/tr>\n<tr>\n<td style=\"width: 100px\">18:30<span class=\"dash\">&#8211;<\/span>20:45<\/td>\n<td class=\"center\" colspan=\"2\"><strong>Afterparty Akademick\u00fd klub Menza V\u0160E<\/strong><\/td>\n<\/tr>\n<\/tbody>\n<\/table>\n<p>V programu mohou nastat je\u0161t\u011b drobn\u00e9 zm\u011bny.<\/p>\n<\/div>\n<\/div>\n<h2 id=\"cd\">Contributors&#8216; Day<\/h2>\n<p>Jist\u011b jste si v\u0161imli, \u017ee \u010d\u00e1st str\u00e1nek WordCampu je ve sloven\u0161tin\u011b. Je to proto, \u017ee web b\u011b\u017e\u00ed na slu\u017eb\u011b WordCamp.org, kde bohu\u017eel zat\u00edm \u010desk\u00e1 lokalizace nen\u00ed dostupn\u00e1.<\/p>\n<p>Abychom tento stav napravili, budeme d\u00e1le v\u00a0ned\u011bli 21.2. po\u0159\u00e1dat &#8222;Contributors&#8216; day&#8220;, kde bude \u0159e\u0161ena p\u0159edev\u0161\u00edm organizace tvorby \u010desk\u00e9ho p\u0159ekladu. Dal\u0161\u00edm t\u00e9matem bude po\u0159\u00e1d\u00e1n\u00ed lok\u00e1ln\u00edch WordPress sraz\u016f. Z\u00fa\u010dastnit a pomoci m\u016f\u017ee ka\u017ed\u00fd!<\/p>\n<p>&nbsp;<\/p>\n<p>Contributors&#8216; Day se bude konat v prostor\u00e1ch hlavn\u00edho partnera konference MSD:<\/p>\n<p>MSD IT Global Innovation Center, s. r. o.<br \/>\nRiverview Building<br \/>\nSvornosti 3321\/2<br \/>\n150 00 Praha\u00a05<\/p>\n<p>Orienta\u010dn\u00ed za\u010d\u00e1tek akce je v 10:00 a konec odhadujeme kolem 15 hodiny, v p\u0159\u00edpad\u011b z\u00e1jmu v\u0161ak m\u016f\u017eeme akci prot\u00e1hnout.<\/p>\n<h2><\/h2>\n","protected":false},"excerpt":{"rendered":"<p>U\u017eivatel\u00e9 V\u00fdvoj\u00e1\u0159i 9:30 \u00davod \u00davod 10:00&#8211;10:45 Vl\u00e1\u010fa Smitka &#8211; Zabezpe\u010den\u00ed WordPressu\u00a0(prezentace) Tom\u00e1\u0161 Kocifaj &#8211; Z\u00e1klady komunikace s klientem aneb Smol\u00ed\u010dek a jesky\u0148ky\u00a0(prezentace) 11:00&#8211;11:45 Filip Podstavec &#8211; WordPress weby &#8211; skv\u011bl\u00fd luk, \u0161\u00edp i ter\u010d linkbuildera\u00a0(prezentace) David Odehnal &#8211; \u0160ablonovac\u00ed Syst\u00e9m pro WordPress\u00a0(prezentace) 12:00&#8211;12:45 Jan Tich\u00fd &#8211; Webov\u00e1 analytika pro WordPress weby\u00a0(prezentace) David Bi\u0148ovec &#8211; WP_Query &hellip; <a href=\"https:\/\/prague.wordcamp.org\/2016\/program\/\" class=\"more-link\">Pokra\u010dov\u00e1n\u00ed textu <span class=\"screen-reader-text\">Program<\/span><\/a><\/p>\n","protected":false},"author":5814035,"featured_media":0,"parent":0,"menu_order":0,"comment_status":"closed","ping_status":"closed","template":"","meta":{"jetpack_post_was_ever_published":false,"footnotes":""},"class_list":["post-99","page","type-page","status-publish","hentry"],"jetpack_sharing_enabled":true,"jetpack_shortlink":"https:\/\/wp.me\/P6VUAp-1B","_links":{"self":[{"href":"https:\/\/prague.wordcamp.org\/2016\/wp-json\/wp\/v2\/pages\/99","targetHints":{"allow":["GET"]}}],"collection":[{"href":"https:\/\/prague.wordcamp.org\/2016\/wp-json\/wp\/v2\/pages"}],"about":[{"href":"https:\/\/prague.wordcamp.org\/2016\/wp-json\/wp\/v2\/types\/page"}],"author":[{"embeddable":true,"href":"https:\/\/prague.wordcamp.org\/2016\/wp-json\/wp\/v2\/users\/5814035"}],"replies":[{"embeddable":true,"href":"https:\/\/prague.wordcamp.org\/2016\/wp-json\/wp\/v2\/comments?post=99"}],"version-history":[{"count":52,"href":"https:\/\/prague.wordcamp.org\/2016\/wp-json\/wp\/v2\/pages\/99\/revisions"}],"predecessor-version":[{"id":1811,"href":"https:\/\/prague.wordcamp.org\/2016\/wp-json\/wp\/v2\/pages\/99\/revisions\/1811"}],"wp:attachment":[{"href":"https:\/\/prague.wordcamp.org\/2016\/wp-json\/wp\/v2\/media?parent=99"}],"curies":[{"name":"wp","href":"https:\/\/api.w.org\/{rel}","templated":true}]}}