{"id":17,"date":"2015-11-09T20:40:41","date_gmt":"2015-11-09T20:40:41","guid":{"rendered":"https:\/\/2016.prague.wordcamp.org\/contact\/"},"modified":"2016-02-02T12:59:09","modified_gmt":"2016-02-02T11:59:09","slug":"contact","status":"publish","type":"page","link":"https:\/\/prague.wordcamp.org\/2016\/contact\/","title":{"rendered":"Kontakt"},"content":{"rendered":"<h2>Organiz\u00e1to\u0159i<\/h2>\n<p><strong>Radek Ku\u010dera\u00a0<\/strong>&#8211; Hlavn\u00ed po\u0159adatel, sponzo\u0159i (radek.kucera@gmail.com)<br \/>\n<strong>Vladim\u00edr Smitka<\/strong> &#8211; Web, prodej l\u00edstk\u016f (vladimir.smitka@lynt.cz)<br \/>\n<strong>Tom\u00e1\u0161 Poner<\/strong> &#8211; Program u\u017eivatel\u00e9, propagace, m\u00e9dia (+420 775 44 33 22)<br \/>\n<strong>David Bi\u0148ovec<\/strong>\u00a0&#8211; Program develope\u0159i<br \/>\n<strong>Tom\u00e1\u0161 Kocifaj<\/strong> &#8211; Program develope\u0159i<br \/>\n<strong>Jan 2046<\/strong> &#8211; M\u00e9dia, foto &amp; video (2046@2046.cz, +420 737 100 206)<\/p>\n<h3>Jak se dostanu na WordCamp<\/h3>\n<p>Wordcamp 2016 se kon\u00e1 v budov\u011b V\u0160E, Praha (vchod z Italsk\u00e9 ulice).<br \/>\n<div class=\"googlemaps\">\n\t\t\t\t<iframe loading=\"lazy\" width=\"100\" height=\"480\" frameborder=\"0\" scrolling=\"no\" marginheight=\"0\" marginwidth=\"0\"  src=\"https:\/\/www.google.com\/maps\/d\/u\/0\/embed?mid=z-saKGc5kyeg.k3kQsnJvkTBM\"><\/iframe>\n\t\t\t<\/div><\/p>\n<p><strong>Autem &#8211;\u00a0<\/strong>Do navigace zadejte Italsk\u00e1 38, Praha <a href=\"https:\/\/mapy.cz\/s\/r3hx\" target=\"_blank\">https:\/\/mapy.cz\/s\/r3hx<\/a>, ale vchod je o kousek v\u00fd\u0161e <a href=\"https:\/\/mapy.cz\/s\/r3hN\" target=\"_blank\">https:\/\/mapy.cz\/s\/r3hN<\/a>.\u00a0Budeme m\u00edt venku ukazatele.\u00a0<span style=\"color: #ff0000\"><strong>Zaparkovat<\/strong><\/span> se d\u00e1 na n\u00e1m\u011bst\u00ed Winstona Churchilla a v ulici U Rajsk\u00e9 zahrady.<\/p>\n<p><strong>MHD<\/strong> <strong>&#8211;<\/strong> autobusem 135 jet na zast\u00e1vku N\u00e1m\u011bst\u00ed Winstova Churchilla (Italsk\u00e1 ulice), tramvaj\u00ed 5,9 a 26 jet na zast\u00e1vku Husineck\u00e1, a sej\u00edt ulic\u00ed Seifertova dol\u016f k V\u0160E na N\u00e1m. Winstona Churchilla a pot\u00e9 doleva okolo univerzity ke vchodu v ulici Italsk\u00e1.<\/p>\n<p><strong>Doprava pro mimopra\u017esk\u00e9\u00a0<\/strong><\/p>\n<p style=\"padding-left: 30px\"><strong>Z Hlavn\u00edho n\u00e1dra\u017e\u00ed<\/strong> metrem C na Florenc, odtud autobusem 135 na zast\u00e1vku N\u00e1m\u011bst\u00ed Winstona Churchilla (nebo p\u0159\u00edpadn\u011b i p\u011b\u0161ky)<\/p>\n<p style=\"padding-left: 30px\"><strong>Ze Sm\u00edchovsk\u00e9ho n\u00e1dra\u017e\u00ed<\/strong> (nebo And\u011blu) metrem B na Florenc, odtud autobusem 135 na zast\u00e1vku N\u00e1m\u011bst\u00ed Winstona Churchilla<\/p>\n<p style=\"padding-left: 30px\"><strong>Z N\u00e1m\u011bst\u00ed republiky<\/strong> (Masarykovo n\u00e1dra\u017e\u00ed) metrem B na Florenc, odtud autobusem 135 na zast\u00e1vku N\u00e1m\u011bst\u00ed Winstona Churchilla\u00a0(nebo p\u0159\u00edpadn\u011b i p\u011b\u0161ky)<\/p>\n<p>V\u0161echny tyto trasy trvaj\u00ed cca do 20 min.<\/p>\n<h3><strong>Faktura\u010dn\u00ed \u00fadaje<\/strong><\/h3>\n<p>Lynt services s.r.o.<br \/>\nChudenick\u00e1 1059\/30, Praha 10, 102 00<br \/>\nI\u010c: 24251607, DI\u010c: CZ24251607<\/p>\n<p>&nbsp;<\/p>\n<p><a href=\"https:\/\/2016.prague.wordcamp.org\/obchodni-podminky\/\">Obchodn\u00ed podm\u00ednky a ochrana osobn\u00edch \u016fdaj\u016f<\/a><\/p>\n<h3>Kontaktn\u00ed formul\u00e1\u0159<\/h3>\n<div data-test='contact-form'\n\t\t\tid='contact-form-17'\n\t\t\tclass='wp-block-jetpack-contact-form-container '\n\t\t\tdata-wp-interactive='jetpack\/form' data-wp-context='{\"formId\":\"17\",\"formHash\":\"5a0d0f5954aa503a18f0ca000d1415768ebdaf6e\",\"showErrors\":false,\"errors\":[],\"fields\":[],\"isMultiStep\":false,\"useAjax\":true,\"submissionData\":null,\"formattedSubmissionData\":[],\"submissionSuccess\":false,\"submissionError\":null,\"elementId\":\"jp-form-5a0d0f5954aa503a18f0ca000d1415768ebdaf6e\",\"isSingleInputForm\":false}'\n\t\t\tdata-wp-watch--scroll-to-wrapper=\"callbacks.scrollToWrapper\"\n\t\t>\n<div class=\"contact-form-submission contact-form-ajax-submission\" data-wp-bind--aria-hidden=\"state.isSuccessMessageAriaHidden\" data-wp-class--submission-success=\"context.submissionSuccess\" id=\"contact-form-success-5a0d0f5954aa503a18f0ca000d1415768ebdaf6e\" tabindex=\"-1\" aria-labelledby=\"contact-form-success-header-5a0d0f5954aa503a18f0ca000d1415768ebdaf6e\"><p class=\"go-back-message\"><a class=\"link\" role=\"button\" tabindex=\"0\" data-wp-on--click=\"actions.goBack\" href=\"\/2016\/wp-json\/wp\/v2\/pages\/17\">\u2190 Back<\/a><\/p><h4 data-wp-bind--aria-hidden=\"state.isSuccessMessageAriaHidden\" id=\"contact-form-success-header-5a0d0f5954aa503a18f0ca000d1415768ebdaf6e\">Your message has been sent<\/h4>\n\n<template data-wp-each--submission=\"context.formattedSubmissionData\">\n\t\t\t\t\t<div class=\"jetpack_forms_contact-form-success-summary\">\n\t\t\t\t\t\t<div class=\"field-name\" data-wp-text=\"context.submission.label\" data-wp-bind--hidden=\"!context.submission.label\"><\/div>\n\t\t\t\t\t\t<div class=\"field-value\" data-wp-text=\"context.submission.value\" data-wp-bind--hidden=\"!context.submission.showPlainValue\"><\/div>\n\t\t\t\t\t\t<a class=\"field-url\" data-wp-bind--href=\"context.submission.url\" data-wp-text=\"context.submission.value\" data-wp-bind--hidden=\"!context.submission.url\" target=\"_blank\" rel=\"noopener noreferrer\"><\/a>\n\t\t\t\t\t\t<div class=\"field-rating\" data-wp-bind--hidden=\"!context.submission.rating\" data-wp-watch=\"callbacks.watchRatingIcons\"><\/div>\n\t\t\t\t\t\t<div class=\"field-images\" data-wp-bind--hidden=\"!context.submission.images\">\n\t\t\t\t\t\t\t<template data-wp-each--image=\"context.submission.images\">\n\t\t\t\t\t\t\t\t<div class=\"field-image-option\" data-wp-class--is-empty=\"!context.image.src\">\n\t\t\t\t\t\t\t\t\t<figure class=\"field-image-option__image\" data-wp-class--is-empty=\"!context.image.src\">\n\t\t\t\t\t\t\t\t\t\t<img data-wp-bind--src=\"context.image.src\" data-wp-bind--hidden=\"!context.image.src\" \/>\n\t\t\t\t\t\t\t\t\t\t<img decoding=\"async\" src=\"data:image\/gif;base64,R0lGODlhAQABAAD\/ACwAAAAAAQABAAACADs=\" data-wp-bind--hidden=\"context.image.src\" \/>\n\t\t\t\t\t\t\t\t\t<\/figure>\n\t\t\t\t\t\t\t\t\t<div class=\"field-image-option__label-wrapper\">\n\t\t\t\t\t\t\t\t\t\t<span class=\"field-image-option__label-code\" data-wp-text=\"context.image.letterCode\"><\/span>\n\t\t\t\t\t\t\t\t\t\t<span class=\"field-image-option__label\" data-wp-text=\"context.image.label\" data-wp-bind--hidden=\"!context.image.label\"><\/span>\n\t\t\t\t\t\t\t\t\t<\/div>\n\t\t\t\t\t\t\t\t<\/div>\n\t\t\t\t\t\t\t<\/template>\n\t\t\t\t\t\t<\/div>\n\t\t\t\t\t\t<div class=\"field-files\" data-wp-bind--hidden=\"!context.submission.files\">\n\t\t\t\t\t\t\t<template data-wp-each--file=\"context.submission.files\">\n\t\t\t\t\t\t\t\t<div class=\"field-file\">\n\t\t\t\t\t\t\t\t\t<div class=\"field-file__thumbnail\" data-wp-style--background-image=\"context.file.previewUrl\" data-wp-style--mask-image=\"context.file.iconUrl\" data-wp-bind--hidden=\"!context.file.hasPreview\"><\/div>\n\t\t\t\t\t\t\t\t\t<svg class=\"field-file__icon\" data-wp-bind--hidden=\"context.file.hasPreview\" width=\"20\" height=\"20\" viewBox=\"0 0 24 24\" fill=\"none\" xmlns=\"http:\/\/www.w3.org\/2000\/svg\" aria-hidden=\"true\">\n\t\t\t\t\t\t\t\t\t\t<path d=\"M14 2H6C4.9 2 4 2.9 4 4V20C4 21.1 4.89 22 5.99 22H18C19.1 22 20 21.1 20 20V8L14 2ZM18 20H6V4H13V9H18V20Z\" fill=\"currentColor\"\/>\n\t\t\t\t\t\t\t\t\t<\/svg>\n\t\t\t\t\t\t\t\t\t<span class=\"field-file__name\" data-wp-text=\"context.file.name\"><\/span>\n\t\t\t\t\t\t\t\t\t<span class=\"field-file__size\" data-wp-text=\"context.file.size\"><\/span>\n\t\t\t\t\t\t\t\t<\/div>\n\t\t\t\t\t\t\t<\/template>\n\t\t\t\t\t\t<\/div>\n\t\t\t\t\t<\/div>\n\t\t\t\t<\/template><\/div><form action='https:\/\/prague.wordcamp.org\/2016\/contact\/'\n\t\t\t\tid='jp-form-5a0d0f5954aa503a18f0ca000d1415768ebdaf6e'\n\t\t\t\tmethod='post'\n\t\t\t\tclass='contact-form commentsblock' aria-label=\"Kontakt\"\n\t\t\t\tdata-wp-on--submit=\"actions.onFormSubmit\"\n\t\t\t\tdata-wp-on--reset=\"actions.onFormReset\"\n\t\t\t\tdata-wp-class--submission-success=\"context.submissionSuccess\"\n\t\t\t\tdata-wp-class--is-first-step=\"state.isFirstStep\"\n\t\t\t\tdata-wp-class--is-last-step=\"state.isLastStep\"\n\t\t\t\tdata-wp-class--is-ajax-form=\"context.useAjax\"\n\t\t\t\tnovalidate >\n<input type='hidden' name='jetpack_contact_form_jwt' value='eyJ0eXAiOiJKV1QiLCJhbGciOiJIUzI1NiJ9.eyJlbmNyeXB0ZWRfYXR0cmlidXRlcyI6IkxqK3VHRDFJbGlQRkFUTTNvUDJ2dWZFeWJDZUNHV3BBejRralpJRzByQTRjUVFHbGNLbk5VY29hWktDWXBzWnJzVUZWeVdDWE12ckVmcnpCQ09sZnhLSzVmRG1zM1NmemQvUEZYd1lvTktmalRVTmtMNW9BRy8rV3k1a094UXVXcU8ya002SEc1YW9yYTV3Q0FPa0ErUmQ0Yi9jWk83WkFLTC9YVnNtc29IZk81QVRDMGdjdkpadFdpVTRZeHA4bUJ3emN3elZWTVpFaGRTOWVldFRtYmJyYTd1RHR5dWdCTlN5UTJGQkRqQSthei9ZVHlJaWxDV0FNMGpqcFVkOWZUNEpjeXhxM2QzS1F3TGtaeVlnRitPZm5qZUdMdzMwSEVjdGhGNW9yV2dLaGVNdklXVnB6eHVzTXZ1R2FTb2dGTmpQeVZ0N0NRNTgzeWVUZXVUY2o2RlBqWlJ0R0xVVUY3T3lTdjhDa1F3TmRrZXpUMysrNDJrMEh5S1RMdWNvUmowclRKQVNzamkyaFgrOWRlK3g2SVdTamt1UG82UXpaMUtSN0JKMTZNMkVBb1hhR1FJZis5dTZuYmdPVERDS1kzOStHS3E4RWFoK2dlSGtnN2hqcUM3VlpiMkhtc0J4dWJTZXFvVXRlYXZCWDVEYjdrSDRXeWJPMEdhRE9TdGc5cG9TYlhTamk0N1ZPNkhDWFJRczZGNHo3SWlmVGtWbGpaa3dzMFdVbHBTMHBzY2t0d3ovZmxDeTY3cUpiRFNuSTlmRU9IOUVIeGgzcUdMUFBSdXFDek05ZTIweHZ6b1VTb3dSNGVNZXhydTBCQmVGdW5jeUw4b2xuV2U4bmpOSDRDN1BDejkvZUt2aFNhOVlKNXpIMW1RUkQ4THNuWms2b2R2L2MxdVlhdFFtYXRCenhFbVFLZHE4QWs5bU11WkEvMS9kbUt5aWdmL1JVL3hBVEJibVVwbTZET3BKck83VzAwZ0FZWlh6cmkwaS8wRFlMdG4zNjkxbFZ2RlJNTytjNjFyaXpOUFdEY0hkRFV2Rkx2bWpIRmRyMFRoNEpmbGlQZ3hLYWdtSFc3eUFSMFVIOXhuMW1CWERrQ09iNzF4NS9MM21zbTU0cFlwbWJBbWFBeFJyaWdadktDMmcybkUzYWMxT041aVRqQnZweU5TOGtxUGxRSFJVYmtDcmQ1N0l1cm43T3Z3Q0VBRzRqdCtQY3JNMGVYUzJ4UmpoWWFRPT0iLCJjb250ZW50IjoiW2NvbnRhY3QtZmllbGQgbGFiZWw9XCJKbVx1MDBlOW5vXCIgdHlwZT1cIm5hbWVcIiByZXF1aXJlZD1cIjFcIiAvXVtjb250YWN0LWZpZWxkIGxhYmVsPVwiRW1haWxcIiB0eXBlPVwiZW1haWxcIiByZXF1aXJlZD1cIjFcIiAvXVtjb250YWN0LWZpZWxkIGxhYmVsPVwiWnByXHUwMGUxdmFcIiB0eXBlPVwidGV4dGFyZWFcIiByZXF1aXJlZD1cIjFcIiAvXSIsImhhc2giOiI1YTBkMGY1OTU0YWE1MDNhMThmMGNhMDAwZDE0MTU3NjhlYmRhZjZlIiwic291cmNlIjp7ImVudHJ5X3RpdGxlIjoiS29udGFrdCIsImVudHJ5X3BhZ2UiOjEsInNvdXJjZV9pZCI6MTcsInNvdXJjZV90eXBlIjoic2luZ2xlIiwicmVxdWVzdF91cmwiOiJodHRwczovL3ByYWd1ZS53b3JkY2FtcC5vcmcvMjAxNi93cC1qc29uL3dwL3YyL3BhZ2VzLzE3In0sInZlcnNpb24iOjIsImNpcGhlciI6ImFlcy0yNTYtZ2NtIn0.RHp1LUw8CKdNSXyAnt5C_2XjkXhxtTB5l4UhNqRfrwE' \/>\n\n<div style=\"\"  data-wp-interactive=\"jetpack\/form\" data-wp-context='{\"fieldId\":\"g17-jmno\",\"fieldType\":\"name\",\"fieldLabel\":\"Jm\\u00e9no\",\"fieldValue\":\"\",\"fieldPlaceholder\":\"\",\"fieldIsRequired\":\"1\",\"fieldErrorMessage\":\"\",\"fieldExtra\":[],\"formHash\":\"5a0d0f5954aa503a18f0ca000d1415768ebdaf6e\"}'  class='grunion-field-name-wrap grunion-field-wrap'  data-wp-init='callbacks.initializeField' data-wp-on--jetpack-form-reset='callbacks.initializeField' >\n<label\n\t\t\t\tfor='g17-jmno' class=\"grunion-field-label name\" >Jm\u00e9no<span class=\"grunion-label-required\" aria-hidden=\"true\">(required)<\/span><\/label>\n<input\n\t\t\t\t\ttype='text'\n\t\t\t\t\tname='g17-jmno'\n\t\t\t\t\tid='g17-jmno'\n\t\t\t\t\tvalue=''\n\n\t\t\t\t\tdata-wp-bind--aria-invalid='state.fieldAriaInvalid'\n\t\t\t\t\tdata-wp-bind--value='state.getFieldValue'\n\t\t\t\t\taria-describedby='g17-jmno-text-error-message'\n\t\t\t\t\tdata-wp-on--input='actions.onFieldChange'\n\t\t\t\t\tdata-wp-on--blur='actions.onFieldBlur'\n\t\t\t\t\tdata-wp-class--has-value='state.hasFieldValue'\n\n\t\t\t\t\tclass='name  grunion-field' \n\t\t\t\t\trequired='true' aria-required='true'  \/>\n \n\t\t\t<div id=\"g17-jmno-text-error\" class=\"contact-form__input-error\" data-wp-class--has-errors=\"state.fieldHasErrors\">\n\t\t\t\t<span class=\"contact-form__warning-icon\" aria-hidden=\"true\">\n\t\t\t\t\t<svg width=\"16\" height=\"16\" viewBox=\"0 0 16 16\" fill=\"none\" xmlns=\"http:\/\/www.w3.org\/2000\/svg\">\n\t\t\t\t\t\t<path d=\"M8.50015 11.6402H7.50015V10.6402H8.50015V11.6402Z\" \/>\n\t\t\t\t\t\t<path d=\"M7.50015 9.64018H8.50015V6.30684H7.50015V9.64018Z\" \/>\n\t\t\t\t\t\t<path fill-rule=\"evenodd\" clip-rule=\"evenodd\" d=\"M6.98331 3.0947C7.42933 2.30177 8.57096 2.30177 9.01698 3.09469L13.8771 11.7349C14.3145 12.5126 13.7525 13.4735 12.8602 13.4735H3.14004C2.24774 13.4735 1.68575 12.5126 2.12321 11.7349L6.98331 3.0947ZM8.14541 3.58496C8.08169 3.47168 7.9186 3.47168 7.85488 3.58496L2.99478 12.2251C2.93229 12.3362 3.01257 12.4735 3.14004 12.4735H12.8602C12.9877 12.4735 13.068 12.3362 13.0055 12.2251L8.14541 3.58496Z\" \/>\n\t\t\t\t\t<\/svg>\n\t\t\t\t<\/span>\n\t\t\t\t<span data-wp-text=\"state.errorMessage\" id=\"g17-jmno-text-error-message\"><\/span>\n\t\t\t<\/div> \n\t<\/div>\n\n<div style=\"\"  data-wp-interactive=\"jetpack\/form\" data-wp-context='{\"fieldId\":\"g17-email\",\"fieldType\":\"email\",\"fieldLabel\":\"Email\",\"fieldValue\":\"\",\"fieldPlaceholder\":\"\",\"fieldIsRequired\":\"1\",\"fieldErrorMessage\":\"\",\"fieldExtra\":[],\"formHash\":\"5a0d0f5954aa503a18f0ca000d1415768ebdaf6e\"}'  class='grunion-field-email-wrap grunion-field-wrap'  data-wp-init='callbacks.initializeField' data-wp-on--jetpack-form-reset='callbacks.initializeField' >\n<label\n\t\t\t\tfor='g17-email' class=\"grunion-field-label email\" >Email<span class=\"grunion-label-required\" aria-hidden=\"true\">(required)<\/span><\/label>\n<input\n\t\t\t\t\ttype='email'\n\t\t\t\t\tname='g17-email'\n\t\t\t\t\tid='g17-email'\n\t\t\t\t\tvalue=''\n\n\t\t\t\t\tdata-wp-bind--aria-invalid='state.fieldAriaInvalid'\n\t\t\t\t\tdata-wp-bind--value='state.getFieldValue'\n\t\t\t\t\taria-describedby='g17-email-email-error-message'\n\t\t\t\t\tdata-wp-on--input='actions.onFieldChange'\n\t\t\t\t\tdata-wp-on--blur='actions.onFieldBlur'\n\t\t\t\t\tdata-wp-class--has-value='state.hasFieldValue'\n\n\t\t\t\t\tclass='email  grunion-field' \n\t\t\t\t\trequired='true' aria-required='true'  \/>\n \n\t\t\t<div id=\"g17-email-email-error\" class=\"contact-form__input-error\" data-wp-class--has-errors=\"state.fieldHasErrors\">\n\t\t\t\t<span class=\"contact-form__warning-icon\" aria-hidden=\"true\">\n\t\t\t\t\t<svg width=\"16\" height=\"16\" viewBox=\"0 0 16 16\" fill=\"none\" xmlns=\"http:\/\/www.w3.org\/2000\/svg\">\n\t\t\t\t\t\t<path d=\"M8.50015 11.6402H7.50015V10.6402H8.50015V11.6402Z\" \/>\n\t\t\t\t\t\t<path d=\"M7.50015 9.64018H8.50015V6.30684H7.50015V9.64018Z\" \/>\n\t\t\t\t\t\t<path fill-rule=\"evenodd\" clip-rule=\"evenodd\" d=\"M6.98331 3.0947C7.42933 2.30177 8.57096 2.30177 9.01698 3.09469L13.8771 11.7349C14.3145 12.5126 13.7525 13.4735 12.8602 13.4735H3.14004C2.24774 13.4735 1.68575 12.5126 2.12321 11.7349L6.98331 3.0947ZM8.14541 3.58496C8.08169 3.47168 7.9186 3.47168 7.85488 3.58496L2.99478 12.2251C2.93229 12.3362 3.01257 12.4735 3.14004 12.4735H12.8602C12.9877 12.4735 13.068 12.3362 13.0055 12.2251L8.14541 3.58496Z\" \/>\n\t\t\t\t\t<\/svg>\n\t\t\t\t<\/span>\n\t\t\t\t<span data-wp-text=\"state.errorMessage\" id=\"g17-email-email-error-message\"><\/span>\n\t\t\t<\/div> \n\t<\/div>\n\n<div style=\"\"  data-wp-interactive=\"jetpack\/form\" data-wp-context='{\"fieldId\":\"g17-zprva\",\"fieldType\":\"textarea\",\"fieldLabel\":\"Zpr\\u00e1va\",\"fieldValue\":\"\",\"fieldPlaceholder\":\"\",\"fieldIsRequired\":\"1\",\"fieldErrorMessage\":\"\",\"fieldExtra\":[],\"formHash\":\"5a0d0f5954aa503a18f0ca000d1415768ebdaf6e\"}'  class='grunion-field-textarea-wrap grunion-field-wrap'  data-wp-init='callbacks.initializeField' data-wp-on--jetpack-form-reset='callbacks.initializeField' >\n<label\n\t\t\t\tfor='contact-form-comment-g17-zprva' class=\"grunion-field-label textarea\" >Zpr\u00e1va<span class=\"grunion-label-required\" aria-hidden=\"true\">(required)<\/span><\/label>\n<textarea\n\t\t                style=''\n\t\t                name='g17-zprva'\n\t\t                id='contact-form-comment-g17-zprva'\n\t\t                rows='20'\n\t\t\t\t\t\tdata-wp-text='state.getFieldValue'\n\t\t\t\t\t\tdata-wp-on--input='actions.onFieldChange'\n\t\t\t\t\t\tdata-wp-on--blur='actions.onFieldBlur'\n\t\t\t\t\t\tdata-wp-class--has-value='state.hasFieldValue'\n\t\t\t\t\t\taria-describedby='g17-zprva-textarea-error-message'\n\t\t\t\t\t\tdata-wp-bind--aria-invalid='state.fieldAriaInvalid'\n\t\t\t\t\t\tclass='textarea  grunion-field'  required aria-required='true'><\/textarea>\n \n\t\t\t<div id=\"g17-zprva-textarea-error\" class=\"contact-form__input-error\" data-wp-class--has-errors=\"state.fieldHasErrors\">\n\t\t\t\t<span class=\"contact-form__warning-icon\" aria-hidden=\"true\">\n\t\t\t\t\t<svg width=\"16\" height=\"16\" viewBox=\"0 0 16 16\" fill=\"none\" xmlns=\"http:\/\/www.w3.org\/2000\/svg\">\n\t\t\t\t\t\t<path d=\"M8.50015 11.6402H7.50015V10.6402H8.50015V11.6402Z\" \/>\n\t\t\t\t\t\t<path d=\"M7.50015 9.64018H8.50015V6.30684H7.50015V9.64018Z\" \/>\n\t\t\t\t\t\t<path fill-rule=\"evenodd\" clip-rule=\"evenodd\" d=\"M6.98331 3.0947C7.42933 2.30177 8.57096 2.30177 9.01698 3.09469L13.8771 11.7349C14.3145 12.5126 13.7525 13.4735 12.8602 13.4735H3.14004C2.24774 13.4735 1.68575 12.5126 2.12321 11.7349L6.98331 3.0947ZM8.14541 3.58496C8.08169 3.47168 7.9186 3.47168 7.85488 3.58496L2.99478 12.2251C2.93229 12.3362 3.01257 12.4735 3.14004 12.4735H12.8602C12.9877 12.4735 13.068 12.3362 13.0055 12.2251L8.14541 3.58496Z\" \/>\n\t\t\t\t\t<\/svg>\n\t\t\t\t<\/span>\n\t\t\t\t<span data-wp-text=\"state.errorMessage\" id=\"g17-zprva-textarea-error-message\"><\/span>\n\t\t\t<\/div>\n\t<\/div>\n\t<p class='contact-submit'>\n<div class=\"contact-form__error\" data-wp-class--show-errors=\"state.showFormErrors\"><span class=\"contact-form__warning-icon\" aria-hidden=\"true\"><i><\/i><\/span><span class=\"contact-form__error-message\" tabindex=\"-1\" data-wp-watch=\"callbacks.focusOnValidationError\" data-wp-text=\"state.getFormErrorMessage\"><\/span><ul aria-label=\"Form errors\">\n\t\t\t\t<template data-wp-each=\"state.getErrorList\" data-wp-key=\"context.item.id\">\n\t\t\t\t\t<li><a data-wp-bind--href=\"context.item.anchor\" data-wp-on--click=\"actions.scrollIntoView\" data-wp-text=\"context.item.label\"><\/a><\/li>\n\t\t\t\t<\/template>\n\t\t\t\t<\/ul><\/div><div class=\"contact-form__error\" data-wp-class--show-errors=\"state.showSubmissionError\" data-wp-text=\"context.submissionError\" tabindex=\"-1\" data-wp-watch=\"callbacks.focusOnSubmissionError\"><\/div>\t\t<button type='submit' class='pushbutton-wide'>Submit<\/button>\t\t<input type='hidden' name='contact-form-id' value='17' \/>\n\t\t<input type='hidden' name='action' value='grunion-contact-form' \/>\n\t\t<input type='hidden' name='contact-form-hash' value='5a0d0f5954aa503a18f0ca000d1415768ebdaf6e' \/>\n\t<\/p>\n<p style=\"display: none !important;\" class=\"akismet-fields-container\" data-prefix=\"ak_\"><label>&#916;<textarea name=\"ak_hp_textarea\" cols=\"45\" rows=\"8\" maxlength=\"100\"><\/textarea><\/label><input type=\"hidden\" id=\"ak_js_1\" name=\"ak_js\" value=\"191\"\/><script>\ndocument.getElementById( \"ak_js_1\" ).setAttribute( \"value\", ( new Date() ).getTime() );\n<\/script>\n<\/p><\/form>\n<\/div>\n","protected":false},"excerpt":{"rendered":"<p>Organiz\u00e1to\u0159i Radek Ku\u010dera\u00a0&#8211; Hlavn\u00ed po\u0159adatel, sponzo\u0159i (radek.kucera@gmail.com) Vladim\u00edr Smitka &#8211; Web, prodej l\u00edstk\u016f (vladimir.smitka@lynt.cz) Tom\u00e1\u0161 Poner &#8211; Program u\u017eivatel\u00e9, propagace, m\u00e9dia (+420 775 44 33 22) David Bi\u0148ovec\u00a0&#8211; Program develope\u0159i Tom\u00e1\u0161 Kocifaj &#8211; Program develope\u0159i Jan 2046 &#8211; M\u00e9dia, foto &amp; video (2046@2046.cz, +420 737 100 206) Jak se dostanu na WordCamp Wordcamp 2016 se &hellip; <a href=\"https:\/\/prague.wordcamp.org\/2016\/contact\/\" class=\"more-link\">Pokra\u010dov\u00e1n\u00ed textu <span class=\"screen-reader-text\">Kontakt<\/span><\/a><\/p>\n","protected":false},"author":3999955,"featured_media":0,"parent":0,"menu_order":0,"comment_status":"closed","ping_status":"closed","template":"","meta":{"jetpack_post_was_ever_published":false,"footnotes":""},"class_list":["post-17","page","type-page","status-publish","hentry"],"jetpack_sharing_enabled":true,"jetpack_shortlink":"https:\/\/wp.me\/P6VUAp-h","_links":{"self":[{"href":"https:\/\/prague.wordcamp.org\/2016\/wp-json\/wp\/v2\/pages\/17","targetHints":{"allow":["GET"]}}],"collection":[{"href":"https:\/\/prague.wordcamp.org\/2016\/wp-json\/wp\/v2\/pages"}],"about":[{"href":"https:\/\/prague.wordcamp.org\/2016\/wp-json\/wp\/v2\/types\/page"}],"author":[{"embeddable":true,"href":"https:\/\/prague.wordcamp.org\/2016\/wp-json\/wp\/v2\/users\/3999955"}],"replies":[{"embeddable":true,"href":"https:\/\/prague.wordcamp.org\/2016\/wp-json\/wp\/v2\/comments?post=17"}],"version-history":[{"count":17,"href":"https:\/\/prague.wordcamp.org\/2016\/wp-json\/wp\/v2\/pages\/17\/revisions"}],"predecessor-version":[{"id":947,"href":"https:\/\/prague.wordcamp.org\/2016\/wp-json\/wp\/v2\/pages\/17\/revisions\/947"}],"wp:attachment":[{"href":"https:\/\/prague.wordcamp.org\/2016\/wp-json\/wp\/v2\/media?parent=17"}],"curies":[{"name":"wp","href":"https:\/\/api.w.org\/{rel}","templated":true}]}}