{"id":12,"date":"2015-11-09T20:40:41","date_gmt":"2015-11-09T20:40:41","guid":{"rendered":"https:\/\/2016.prague.wordcamp.org\/organizers\/"},"modified":"2015-11-20T10:08:33","modified_gmt":"2015-11-20T09:08:33","slug":"organizatori","status":"publish","type":"page","link":"https:\/\/prague.wordcamp.org\/2016\/organizatori\/","title":{"rendered":"Organiz\u00e1to\u0159i"},"content":{"rendered":"<p><i>Kdo stoj\u00ed za WordCamp Praha 2016?<\/i><\/p>\n\t<div class=\"wcorg-organizers\">\n\n\t\t\n\t\t\t<div class=\"wcorg-organizer\">\n\t\t\t\t<h2>Vladislav Mus\u00edlek\u00a0<\/h2>\n\t\t\t\t<div class=\"wcorg-organizer-description\">\n\t\t\t\t\t\t\t\t\t\t<img alt='' src='https:\/\/secure.gravatar.com\/avatar\/f6b3f697f2246be21a2dc2a034057e383b089c8346b300f31a30fafa7c4677b0?s=100&#038;d=mm&#038;r=g' srcset='https:\/\/secure.gravatar.com\/avatar\/f6b3f697f2246be21a2dc2a034057e383b089c8346b300f31a30fafa7c4677b0?s=200&#038;d=mm&#038;r=g 2x' class='avatar avatar-100 photo' height='100' width='100' \/>\t\t\t\t\t<p>WordPress je jeho posedlost\u00ed ji\u017e n\u011bkolik let a posledn\u00ed dva roky, se pln\u011b v\u011bnuje WooCommerce a programov\u00e1n\u00ed dopl\u0148k\u016f, pro tento e-shop plugin. Provozuje web Toret.cz, kde nab\u00edz\u00ed sv\u00e9 produkty. O sv\u00e9 znalosti se d\u011bl\u00ed na blogu <a href=\"http:\/\/musilda.cz\/\" target=\"_blank\">Musilda.cz<\/a>, video port\u00e1lu WP-see.com, p\u0159edn\u00e1\u0161k\u00e1ch a v posledn\u00edm roce i na \u0161kolen\u00edch, zam\u011b\u0159en\u00fdch p\u0159edev\u0161\u00edm na Woocommerce.<\/p>\n\t\t\t\t<\/div>\n\t\t\t<\/div>\n\n\t\t\n\t\t\t<div class=\"wcorg-organizer\">\n\t\t\t\t<h2>Tom\u00e1\u0161 Poner<\/h2>\n\t\t\t\t<div class=\"wcorg-organizer-description\">\n\t\t\t\t\t\t\t\t\t\t<img alt='' src='https:\/\/secure.gravatar.com\/avatar\/d22bbd36786c5c333f6d268bf183e5d5a850607429353a15ddd4d7c86b9fba42?s=100&#038;d=mm&#038;r=g' srcset='https:\/\/secure.gravatar.com\/avatar\/d22bbd36786c5c333f6d268bf183e5d5a850607429353a15ddd4d7c86b9fba42?s=200&#038;d=mm&#038;r=g 2x' class='avatar avatar-100 photo' height='100' width='100' \/>\t\t\t\t\t<p>Tom\u00e1\u0161ovou v\u00e1\u0161n\u00ed je marketing, m\u00e1 hlavu plnou n\u00e1pad\u016f, ob\u010das p\u0159edn\u00e1\u0161\u00ed a sem tam n\u011bco nap\u00ed\u0161e na <a href=\"http:\/\/tomasponer.cz\" target=\"_blank\" rel=\"noopener\">tomasponer.cz<\/a>. R\u00e1d se st\u00fdk\u00e1 se stejn\u011b sm\u00fd\u0161lej\u00edc\u00edmi lidmi, po\u0159\u00e1d\u00e1 <a href=\"http:\/\/www.netsraz.cz\/\">srazy online podnikatel\u016f<\/a>, a to dokonce <a href=\"http:\/\/www.netsraz.cz\/jedeme-zime-mesic-exotikou-zit-pracovat-pojed-nami-net-sraz-thajsko-2015\">a\u017e v Asii<\/a>. S kamar\u00e1dy pracuje na <a href=\"https:\/\/vyhraj.cz\">WordPress webu Vyhraj.cz<\/a>, se synem na <a href=\"https:\/\/topvpn.cz\">TopVPN.cz<\/a>. \u017dije internetem, ale v\u00ed, \u017ee z\u00e1klad jsou lid\u00e9, a proto porad\u00ed, kdykoliv je to mo\u017en\u00e9. Za sv\u00e9 online \u00fasp\u011bchy vd\u011b\u010d\u00ed WordPressu a po\u0159\u00e1d\u00e1n\u00edm t\u011bchto akc\u00ed mu tento dluh vrac\u00ed.<\/p>\n\t\t\t\t<\/div>\n\t\t\t<\/div>\n\n\t\t\n\t\t\t<div class=\"wcorg-organizer\">\n\t\t\t\t<h2>Tom\u00e1\u0161 Kocifaj<\/h2>\n\t\t\t\t<div class=\"wcorg-organizer-description\">\n\t\t\t\t\t\t\t\t\t\t<img alt='' src='https:\/\/secure.gravatar.com\/avatar\/cc51e65ad8597a4aecbb506526659c2a46af12875ebff5b1d92c41e29e04323f?s=100&#038;d=mm&#038;r=g' srcset='https:\/\/secure.gravatar.com\/avatar\/cc51e65ad8597a4aecbb506526659c2a46af12875ebff5b1d92c41e29e04323f?s=200&#038;d=mm&#038;r=g 2x' class='avatar avatar-100 photo' height='100' width='100' \/>\t\t\t\t\t<p>Tom\u00e1\u0161 ji\u017e s WordPressem aktivn\u011b pracuje \u0159adu let. Vytv\u00e1\u0159\u00ed na n\u011bm firemn\u00ed str\u00e1nky, e-shopy i\u00a0velk\u00e9 projekty. Spole\u010dn\u011b s Martinem Hlav\u00e1\u010dem vede <a href=\"https:\/\/www.ktstudio.cz\/\" target=\"_blank\" rel=\"nofollow\">KTStudio.cz<\/a>\u00a0a vytv\u00e1\u0159ej\u00ed r\u016fzn\u00e9 WordPress projekty a pluginy. Jsou autory\u00a0nap\u0159\u00edklad \u010desk\u00e9ho projektu\u00a0<a href=\"http:\/\/www.wpframework.cz\" target=\"_blank\">WPFramework.cz<\/a>\u00a0nebo vlastn\u00edho prodejn\u00edho e-shop syst\u00e9mu\u00a0<a href=\"http:\/\/www.wpeshop.cz\/\" target=\"_blank\">WPEshop.cz<\/a>. V roce 2015 tak\u00e9 spole\u010dn\u011b s dal\u0161\u00edmi \u010dleny zalo\u017eili skupinu\u00a0<a href=\"http:\/\/www.brilo.cz\" target=\"_blank\">Brilo.cz<\/a>, kter\u00e1 se zab\u00fdv\u00e1\u00a0tvorbou rozs\u00e1hl\u00fdch\u00a0web\u016f a webov\u00fdch aplikac\u00ed v\u010detn\u011b designu, testov\u00e1n\u00ed, p\u0159\u00edpravy, anal\u00fdzy a v\u0161eho, co opravdu brilantn\u00ed web pot\u0159ebuje.<\/p>\n<p>Tom\u00e1\u0161e m\u016f\u017eete tak\u00e9 vid\u011bt na r\u016fzn\u00fdch WordPress konferenc\u00edch z pozice p\u0159edn\u00e1\u0161ej\u00edc\u00edho, ale i jako aktivn\u00edho \u00fa\u010dastn\u00edka. Tom\u00e1\u0161 a Martin organizuj\u00ed tak\u00e9\u00a0<a href=\"http:\/\/srazy.info\/wordpress-pivo-praha-2\/5994\" target=\"_blank\">WordPress pivo<\/a>, aby pos\u00edlili ducha WordPress komunity a zajistili pravideln\u00e9 setk\u00e1v\u00e1n\u00ed fand\u016f a nad\u0161enc\u016f jako jsou oni.<\/p>\n\t\t\t\t<\/div>\n\t\t\t<\/div>\n\n\t\t\n\t\t\t<div class=\"wcorg-organizer\">\n\t\t\t\t<h2>David Bi\u0148ovec<\/h2>\n\t\t\t\t<div class=\"wcorg-organizer-description\">\n\t\t\t\t\t\t\t\t\t\t<img alt='' src='https:\/\/secure.gravatar.com\/avatar\/46ba7a1b43f363b0dedae4841c3d10c73ff5a47578ffa2359dca2dbbafbd9518?s=100&#038;d=mm&#038;r=g' srcset='https:\/\/secure.gravatar.com\/avatar\/46ba7a1b43f363b0dedae4841c3d10c73ff5a47578ffa2359dca2dbbafbd9518?s=200&#038;d=mm&#038;r=g 2x' class='avatar avatar-100 photo' height='100' width='100' \/>\t\t\t\t\t<p>David Bi\u0148ovec nyn\u00ed p\u016fsob\u00ed jako v\u00fdvoj\u00e1\u0159 v t\u00fdmu <a href=\"http:\/\/vip.wordpress.com\">WordPress.com VIP<\/a>, kde se star\u00e1 o <a href=\"https:\/\/vip.wordpress.com\/clients\/\">velk\u00e9 a \u010dasto tak\u00e9 n\u00e1ro\u010dn\u00e9 klienty<\/a>. Miluje WordPress, proto\u017ee mu umo\u017e\u0148uje d\u011blat to, co jej bav\u00ed a kdy mu to vyhovuje. D\u00edky sv\u00e9 pr\u00e1ci v Automattic m\u016f\u017ee svou pr\u00e1ci\u00a0<a href=\"https:\/\/officetoday.wordpress.com\/\">d\u011blat na zaj\u00edmav\u00fdch m\u00edstech<\/a>\u00a0a potk\u00e1vat stejn\u011b sm\u00fd\u0161lej\u00edc\u00ed lidi po cel\u00e9m sv\u011bt\u011b.<\/p>\n<p>Sna\u017e\u00ed se tak\u00e9 ps\u00e1t <a href=\"http:\/\/david.binda.cz\">blog o pokro\u010dil\u00fdch t\u00e9matech t\u00fdkaj\u00edc\u00edch se v\u00fdvoje na WordPress<\/a>. Nicm\u00e9n\u011b aktualizace nejsou tak \u010dast\u00e9, jak by s\u00e1m cht\u011bl.<\/p>\n\t\t\t\t<\/div>\n\t\t\t<\/div>\n\n\t\t\n\t\t\t<div class=\"wcorg-organizer\">\n\t\t\t\t<h2>Radek Ku\u010dera<\/h2>\n\t\t\t\t<div class=\"wcorg-organizer-description\">\n\t\t\t\t\t\t\t\t\t\t<img alt='' src='https:\/\/secure.gravatar.com\/avatar\/2c99e4b95dad0f1066c1b55ad059e8fca830503ed3c92faed6980af482c0181b?s=100&#038;d=mm&#038;r=g' srcset='https:\/\/secure.gravatar.com\/avatar\/2c99e4b95dad0f1066c1b55ad059e8fca830503ed3c92faed6980af482c0181b?s=200&#038;d=mm&#038;r=g 2x' class='avatar avatar-100 photo' height='100' width='100' \/>\t\t\t\t\t<p>S WordPressem jsem se sezn\u00e1mil, kdy\u017e mu bylo 2.9, a za\u010dal jsem s <a href=\"https:\/\/www.wpmax.cz\/\" target=\"_blank\" rel=\"noopener\">blogem<\/a>, katalogem odkaz\u016f a webem s PR \u010dl\u00e1nky. Postavil jsem na WordPressu p\u00e1r jednoduch\u00fdch firemn\u00edch web\u016f, ale dnes jsem sp\u00ed\u0161e fanou\u0161ek, co se r\u00e1d n\u011bco nau\u010d\u00ed a sleduje d\u011bn\u00ed okolo WordPressu. Krom\u011b toho m\u011b zaj\u00edm\u00e1 v\u0161e\u00a0okolo internetu. Pracuji v oblasti Telco &amp; ICT.<\/p>\n\t\t\t\t<\/div>\n\t\t\t<\/div>\n\n\t\t\n\t\t\t<div class=\"wcorg-organizer\">\n\t\t\t\t<h2>Jan Mucska<\/h2>\n\t\t\t\t<div class=\"wcorg-organizer-description\">\n\t\t\t\t\t\t\t\t\t\t<img alt='' src='https:\/\/secure.gravatar.com\/avatar\/6c0e18826c6fd49882f3804513aff755d13151110ca67459ab525f1e3d76cc51?s=100&#038;d=mm&#038;r=g' srcset='https:\/\/secure.gravatar.com\/avatar\/6c0e18826c6fd49882f3804513aff755d13151110ca67459ab525f1e3d76cc51?s=200&#038;d=mm&#038;r=g 2x' class='avatar avatar-100 photo' height='100' width='100' \/>\t\t\t\t\t<p><a href=\"http:\/\/2046.cz\" target=\"_blank\">2046<\/a>, program\u00e1tor a grafik na voln\u00e9 noze. WordPress aktivn\u011b pou\u017e\u00edv\u00e1 od roku 2006. \u010cas od \u010dasu u\u010d\u00ed WordPress na Akademii V\u00fdtvarn\u00fdch Um\u011bn\u00ed a soukrom\u00fdch \u0161kol\u00e1ch.<\/p>\n\t\t\t\t<\/div>\n\t\t\t<\/div>\n\n\t\t\n\t\t\t<div class=\"wcorg-organizer\">\n\t\t\t\t<h2>Vladim\u00edr Smitka<\/h2>\n\t\t\t\t<div class=\"wcorg-organizer-description\">\n\t\t\t\t\t\t\t\t\t\t<img alt='' src='https:\/\/secure.gravatar.com\/avatar\/2bead5bee14ceb073513cf08d943f9f1bd4757d0a3b368a25aac838a6872bbfd?s=100&#038;d=mm&#038;r=g' srcset='https:\/\/secure.gravatar.com\/avatar\/2bead5bee14ceb073513cf08d943f9f1bd4757d0a3b368a25aac838a6872bbfd?s=200&#038;d=mm&#038;r=g 2x' class='avatar avatar-100 photo' height='100' width='100' \/>\t\t\t\t\t<p>Vladim\u00edr Smitka je zakladatelem spole\u010dnosti <a href=\"http:\/\/lynt.cz\" rel=\"nofollow\">Lynt services<\/a>, kde m\u00e1 na starosti p\u0159ev\u00e1\u017en\u011b s\u00ed\u0165ov\u00e9 technologie a technickou spr\u00e1vu web\u016f. V t\u00e9to oblasti se pohybuje ji\u017e od roku 2001 a za tuto dobu se setkal velk\u00fdm mno\u017estv\u00edm bezpe\u010dnostn\u00edch probl\u00e9m\u016f, kter\u00e9 velmi podrobn\u011b zkoumal. B\u011bhem sv\u00e9 kari\u00e9ry pro\u0161el mnoha technick\u00fdmi obory \u2013 od programov\u00e1n\u00ed mikroprocesor\u016f po spr\u00e1vu p\u00e1te\u0159n\u00edch s\u00edt\u00ed. Nyn\u00ed se v\u0161ak v\u011bnuje hlavn\u011b rozvoji sv\u00e9 vlastn\u00ed spole\u010dnosti, kter\u00e1 se zab\u00fdv\u00e1 mimo jin\u00e9 i v\u00fdvojem web\u016f na WordPressu a jejich propagac\u00ed. V t\u00e9to oblasti se specializuje p\u0159edev\u0161\u00edm na <a href=\"http:\/\/www.slideshare.net\/vsmitka\/bezpenost-wp-tipy-pro-kadho-wordcamp-praha-2015\">bezpe\u010dnost<\/a> a <a href=\"http:\/\/www.slideshare.net\/vsmitka\/vkon-wordpress\">v\u00fdkon<\/a> tohoto redak\u010dn\u00edho syst\u00e9mu a aktivn\u011b o\u00a0t\u00e9to problematice p\u0159edn\u00e1\u0161\u00ed.<\/p>\n\t\t\t\t<\/div>\n\t\t\t<\/div>\n\n\t\t\n\t<\/div><!-- .wcorg-organizers -->\n\t\n","protected":false},"excerpt":{"rendered":"<p>Kdo stoj\u00ed za WordCamp Praha 2016?<\/p>\n","protected":false},"author":3999955,"featured_media":0,"parent":0,"menu_order":0,"comment_status":"closed","ping_status":"closed","template":"","meta":{"jetpack_post_was_ever_published":false,"footnotes":""},"class_list":["post-12","page","type-page","status-publish","hentry"],"jetpack_sharing_enabled":true,"jetpack_shortlink":"https:\/\/wp.me\/P6VUAp-c","_links":{"self":[{"href":"https:\/\/prague.wordcamp.org\/2016\/wp-json\/wp\/v2\/pages\/12","targetHints":{"allow":["GET"]}}],"collection":[{"href":"https:\/\/prague.wordcamp.org\/2016\/wp-json\/wp\/v2\/pages"}],"about":[{"href":"https:\/\/prague.wordcamp.org\/2016\/wp-json\/wp\/v2\/types\/page"}],"author":[{"embeddable":true,"href":"https:\/\/prague.wordcamp.org\/2016\/wp-json\/wp\/v2\/users\/3999955"}],"replies":[{"embeddable":true,"href":"https:\/\/prague.wordcamp.org\/2016\/wp-json\/wp\/v2\/comments?post=12"}],"version-history":[{"count":1,"href":"https:\/\/prague.wordcamp.org\/2016\/wp-json\/wp\/v2\/pages\/12\/revisions"}],"predecessor-version":[{"id":98,"href":"https:\/\/prague.wordcamp.org\/2016\/wp-json\/wp\/v2\/pages\/12\/revisions\/98"}],"wp:attachment":[{"href":"https:\/\/prague.wordcamp.org\/2016\/wp-json\/wp\/v2\/media?parent=12"}],"curies":[{"name":"wp","href":"https:\/\/api.w.org\/{rel}","templated":true}]}}