{"id":8,"date":"2014-10-07T21:16:34","date_gmt":"2014-10-07T21:16:34","guid":{"rendered":"https:\/\/2015.prague.wordcamp.org\/sponsors\/"},"modified":"2015-11-04T04:39:02","modified_gmt":"2015-11-04T04:39:02","slug":"sponzori","status":"publish","type":"page","link":"https:\/\/prague.wordcamp.org\/2015\/sponzori\/","title":{"rendered":"Sponzo\u0159i"},"content":{"rendered":"<h2 style=\"text-align: center\">Diamantov\u00fd sponzor<\/h2>\n<h2 style=\"text-align: center\">\u010cesk\u00fd Hosting<\/h2>\n<p><a href=\"http:\/\/www.cesky-hosting.cz\/\"><img decoding=\"async\" class=\"aligncenter size-full wp-image-79\" src=\"https:\/\/2015.prague.wordcamp.org\/files\/2014\/11\/logo-cesky-hosting.jpg\" alt=\"logo-cesky-hosting\" width=\"300\" srcset=\"https:\/\/prague.wordcamp.org\/2015\/files\/2014\/11\/logo-cesky-hosting.jpg 800w, https:\/\/prague.wordcamp.org\/2015\/files\/2014\/11\/logo-cesky-hosting-300x225.jpg 300w, https:\/\/prague.wordcamp.org\/2015\/files\/2014\/11\/logo-cesky-hosting-400x300.jpg 400w, https:\/\/prague.wordcamp.org\/2015\/files\/2014\/11\/logo-cesky-hosting-624x468.jpg 624w\" sizes=\"(max-width: 800px) 100vw, 800px\" \/><\/a><\/p>\n<h2 style=\"text-align: center\">Zlat\u00fd sponzor<\/h2>\n<div style=\"width: 32%;float: left;margin: 0 0.5%\"><a href=\"http:\/\/multilingualpress.pro\/\"><img loading=\"lazy\" decoding=\"async\" class=\"aligncenter size-medium wp-image-117\" src=\"https:\/\/2015.prague.wordcamp.org\/files\/2014\/11\/multilingualpress-300x179.png\" alt=\"multilingualpress\" width=\"300\" height=\"179\" srcset=\"https:\/\/prague.wordcamp.org\/2015\/files\/2014\/11\/multilingualpress-300x179.png 300w, https:\/\/prague.wordcamp.org\/2015\/files\/2014\/11\/multilingualpress-500x300.png 500w, https:\/\/prague.wordcamp.org\/2015\/files\/2014\/11\/multilingualpress-624x374.png 624w, https:\/\/prague.wordcamp.org\/2015\/files\/2014\/11\/multilingualpress.png 1024w\" sizes=\"auto, (max-width: 300px) 100vw, 300px\" \/><\/a><\/div>\n<div style=\"width: 32%;float: left;margin: 0 0.5%\"><img loading=\"lazy\" decoding=\"async\" class=\"aligncenter size-full wp-image-103\" src=\"https:\/\/2015.prague.wordcamp.org\/files\/2014\/10\/sponzor.png\" alt=\"sponzor\" width=\"470\" height=\"87\" srcset=\"https:\/\/prague.wordcamp.org\/2015\/files\/2014\/10\/sponzor.png 470w, https:\/\/prague.wordcamp.org\/2015\/files\/2014\/10\/sponzor-300x55.png 300w\" sizes=\"auto, (max-width: 470px) 100vw, 470px\" \/><\/div>\n<div style=\"width: 32%;float: left;margin: 0 0.5%\"><img loading=\"lazy\" decoding=\"async\" class=\"aligncenter size-full wp-image-103\" src=\"https:\/\/2015.prague.wordcamp.org\/files\/2014\/10\/sponzor.png\" alt=\"sponzor\" width=\"470\" height=\"87\" srcset=\"https:\/\/prague.wordcamp.org\/2015\/files\/2014\/10\/sponzor.png 470w, https:\/\/prague.wordcamp.org\/2015\/files\/2014\/10\/sponzor-300x55.png 300w\" sizes=\"auto, (max-width: 470px) 100vw, 470px\" \/><\/div>\n<h2 style=\"text-align: center\">St\u0159\u00edbn\u00ed sponzo\u0159i<\/h2>\n<div style=\"width: 20%;float: left;margin: 0 0.5%\">\n<h2 style=\"text-align: center\">WooThemes<\/h2>\n<p><a href=\"http:\/\/woothemes.com\/\"><img loading=\"lazy\" decoding=\"async\" class=\"aligncenter size-full wp-image-82\" src=\"https:\/\/2015.prague.wordcamp.org\/files\/2014\/11\/woothemes_logo.png\" alt=\"woothemes_logo\" width=\"347\" height=\"87\" srcset=\"https:\/\/prague.wordcamp.org\/2015\/files\/2014\/11\/woothemes_logo.png 347w, https:\/\/prague.wordcamp.org\/2015\/files\/2014\/11\/woothemes_logo-300x75.png 300w\" sizes=\"auto, (max-width: 347px) 100vw, 347px\" \/><\/a><\/p>\n<\/div>\n<div style=\"width: 18%;float: left;margin: 0 0.5%\">\n<h2 style=\"text-align: center\">iPar\u0165\u00e1k.cz<\/h2>\n<p><a href=\"ipartak.cz\"><img decoding=\"async\" class=\"aligncenter size-full wp-image-103\" src=\"https:\/\/2015.prague.wordcamp.org\/files\/2014\/11\/iPar\u0165ak-logo-2.png\" alt=\"iPar\u0165\u00e1k\" \/><\/a><\/p>\n<\/div>\n<div style=\"width: 18%;float: left;margin: 0 0.5%\">\n<h2 style=\"text-align: center\">Lucidcircus.com<\/h2>\n<p><a href=\"http:\/\/www.lucidcircus.com\/\"><img loading=\"lazy\" decoding=\"async\" class=\"aligncenter size-full wp-image-103\" src=\"https:\/\/2015.prague.wordcamp.org\/files\/2014\/11\/lucidciscus.png\" alt=\"Lucidcircus\" width=\"470\" height=\"87\" \/><\/a><\/p>\n<\/div>\n<div style=\"width: 18%;float: left;margin: 0 0.5%\">\n<h2 style=\"text-align: center\">KT Studio<\/h2>\n<p><a href=\"http:\/\/www.ktstudio.cz\/\"><img decoding=\"async\" class=\"aligncenter size-full wp-image-103\" src=\"https:\/\/2015.prague.wordcamp.org\/files\/2014\/11\/logo-KTStudio.jpg\" alt=\"KT Studio\" \/><\/a><\/p>\n<\/div>\n<div style=\"width: 18%;float: left;margin: 0 0.5%\">\n<h2 style=\"text-align: center\">Lynt services<\/h2>\n<p><a href=\"http:\/\/lynt.cz\" rel=\"nofollow\"><img loading=\"lazy\" decoding=\"async\" class=\"alignleft wp-image-313 size-full\" src=\"https:\/\/2015.prague.wordcamp.org\/files\/2014\/10\/lynt.png\" alt=\"lynt\" width=\"320\" height=\"126\" srcset=\"https:\/\/prague.wordcamp.org\/2015\/files\/2014\/10\/lynt.png 320w, https:\/\/prague.wordcamp.org\/2015\/files\/2014\/10\/lynt-300x118.png 300w\" sizes=\"auto, (max-width: 320px) 100vw, 320px\" \/><\/a><\/p>\n<p>&nbsp;<\/p>\n<\/div>\n<div class=\"box-size\" style=\"width: 18%;float: left;margin: 0 0.5%\">\n<h2 style=\"text-align: center\">wrongware s.r.o.<\/h2>\n<p><a title=\"wrongware\" href=\"http:\/\/wrongware.cz\/\" target=\"_blank\"><img loading=\"lazy\" decoding=\"async\" class=\"alignleft size-full wp-image-516\" style=\"padding: 5px\" src=\"https:\/\/2015.prague.wordcamp.org\/files\/2015\/01\/wrongware.png\" alt=\"wrongware\" width=\"1859\" height=\"204\" srcset=\"https:\/\/prague.wordcamp.org\/2015\/files\/2015\/01\/wrongware.png 1859w, https:\/\/prague.wordcamp.org\/2015\/files\/2015\/01\/wrongware-300x33.png 300w, https:\/\/prague.wordcamp.org\/2015\/files\/2015\/01\/wrongware-1024x112.png 1024w, https:\/\/prague.wordcamp.org\/2015\/files\/2015\/01\/wrongware-500x55.png 500w, https:\/\/prague.wordcamp.org\/2015\/files\/2015\/01\/wrongware-624x68.png 624w\" sizes=\"auto, (max-width: 1859px) 100vw, 1859px\" \/><\/a><\/p>\n<\/div>\n<div style=\"width: 18%;float: left;margin: 0 0.5%\">\n<h2 style=\"text-align: center\">.<\/h2>\n<p><img loading=\"lazy\" decoding=\"async\" class=\"alignleft size-full wp-image-103\" src=\"https:\/\/2015.prague.wordcamp.org\/files\/2014\/10\/sponzor.png\" alt=\"sponzor\" width=\"470\" height=\"87\" srcset=\"https:\/\/prague.wordcamp.org\/2015\/files\/2014\/10\/sponzor.png 470w, https:\/\/prague.wordcamp.org\/2015\/files\/2014\/10\/sponzor-300x55.png 300w\" sizes=\"auto, (max-width: 470px) 100vw, 470px\" \/><\/p>\n<\/div>\n<div style=\"width: 18%;float: left;margin: 0 0.5%\">\n<h2 style=\"text-align: center\">.<\/h2>\n<p><img loading=\"lazy\" decoding=\"async\" class=\"alignleft size-full wp-image-103\" src=\"https:\/\/2015.prague.wordcamp.org\/files\/2014\/10\/sponzor.png\" alt=\"sponzor\" width=\"470\" height=\"87\" srcset=\"https:\/\/prague.wordcamp.org\/2015\/files\/2014\/10\/sponzor.png 470w, https:\/\/prague.wordcamp.org\/2015\/files\/2014\/10\/sponzor-300x55.png 300w\" sizes=\"auto, (max-width: 470px) 100vw, 470px\" \/><\/p>\n<\/div>\n<div style=\"width: 18%;float: left;margin: 0 0.5%\">\n<h2 style=\"text-align: center\">.<\/h2>\n<p><img loading=\"lazy\" decoding=\"async\" class=\"alignleft size-full wp-image-103\" src=\"https:\/\/2015.prague.wordcamp.org\/files\/2014\/10\/sponzor.png\" alt=\"sponzor\" width=\"470\" height=\"87\" srcset=\"https:\/\/prague.wordcamp.org\/2015\/files\/2014\/10\/sponzor.png 470w, https:\/\/prague.wordcamp.org\/2015\/files\/2014\/10\/sponzor-300x55.png 300w\" sizes=\"auto, (max-width: 470px) 100vw, 470px\" \/><\/p>\n<\/div>\n<div style=\"width: 18%;float: left;margin: 0 0.5%\">\n<h2 style=\"text-align: center\">.<\/h2>\n<p><img loading=\"lazy\" decoding=\"async\" class=\"alignleft size-full wp-image-103\" src=\"https:\/\/2015.prague.wordcamp.org\/files\/2014\/10\/sponzor.png\" alt=\"sponzor\" width=\"470\" height=\"87\" srcset=\"https:\/\/prague.wordcamp.org\/2015\/files\/2014\/10\/sponzor.png 470w, https:\/\/prague.wordcamp.org\/2015\/files\/2014\/10\/sponzor-300x55.png 300w\" sizes=\"auto, (max-width: 470px) 100vw, 470px\" \/><\/p>\n<p>&nbsp;<\/p>\n<\/div>\n<h2 style=\"text-align: center\">M\u00e9dia partner<\/h2>\n<div align=\"center\"><img loading=\"lazy\" decoding=\"async\" class=\"size-medium wp-image-702\" src=\"https:\/\/2015.prague.wordcamp.org\/files\/2015\/02\/msm-logo-cervene-300x44.png\" alt=\"msm-logo-cervene\" width=\"300\" height=\"44\" srcset=\"https:\/\/prague.wordcamp.org\/2015\/files\/2015\/02\/msm-logo-cervene-300x44.png 300w, https:\/\/prague.wordcamp.org\/2015\/files\/2015\/02\/msm-logo-cervene-500x73.png 500w, https:\/\/prague.wordcamp.org\/2015\/files\/2015\/02\/msm-logo-cervene-624x91.png 624w, https:\/\/prague.wordcamp.org\/2015\/files\/2015\/02\/msm-logo-cervene.png 1000w\" sizes=\"auto, (max-width: 300px) 100vw, 300px\" \/><br \/>\n<img loading=\"lazy\" decoding=\"async\" class=\" wp-image-537 \" src=\"https:\/\/2015.prague.wordcamp.org\/files\/2015\/01\/mediar.png\" alt=\"mediar-pruhledny\" width=\"124\" height=\"25\" \/><img loading=\"lazy\" decoding=\"async\" class=\"alignnone size-medium wp-image-846\" src=\"https:\/\/2015.prague.wordcamp.org\/files\/2014\/10\/webtrh-300x100.png\" alt=\"webtrh\" width=\"300\" height=\"100\" \/><br \/>\n<a title=\"cwordpress\" href=\"http:\/\/www.cwordpress.cz\" target=\"_blank\"><img loading=\"lazy\" decoding=\"async\" class=\" size-full wp-image-574 \" src=\"https:\/\/2015.prague.wordcamp.org\/files\/2014\/10\/cwordpress.jpg\" alt=\"cwordpress\" width=\"137\" height=\"30\" \/><\/a><br \/>\n<img loading=\"lazy\" decoding=\"async\" class=\"alignnone size-medium wp-image-823\" src=\"https:\/\/2015.prague.wordcamp.org\/files\/2014\/10\/logo-na-vysku-300x179.png\" alt=\"logo-na-vysku\" width=\"300\" height=\"179\" srcset=\"https:\/\/prague.wordcamp.org\/2015\/files\/2014\/10\/logo-na-vysku-300x179.png 300w, https:\/\/prague.wordcamp.org\/2015\/files\/2014\/10\/logo-na-vysku-1024x612.png 1024w, https:\/\/prague.wordcamp.org\/2015\/files\/2014\/10\/logo-na-vysku-500x300.png 500w, https:\/\/prague.wordcamp.org\/2015\/files\/2014\/10\/logo-na-vysku-624x373.png 624w\" sizes=\"auto, (max-width: 300px) 100vw, 300px\" \/><\/div>\n<p><!-- WordPress sponzors --><\/p>\n<div class=\"foot-box\">\n<div class=\"third\">\n<h2>Outstanding Global Sponsors<\/h2>\n<p><a href=\"https:\/\/central.wordcamp.org\/multi-event-sponsor\/jetpack\/\">Jetpack<\/a> is a <a href=\"https:\/\/central.wordcamp.org\/sponsorship-level\/outstanding\/\">Outstanding Sponsor<\/a><\/p>\n<h2>Superb Global Sponsors<\/h2>\n<p><a href=\"https:\/\/central.wordcamp.org\/multi-event-sponsor\/bluehost\/\">Bluehost<\/a> is a <a href=\"https:\/\/central.wordcamp.org\/sponsorship-level\/superb\/\">Superb Sponsor<\/a><\/p>\n<p><a href=\"https:\/\/central.wordcamp.org\/multi-event-sponsor\/planethoster\/\">PlanetHoster<\/a> is a <a href=\"https:\/\/central.wordcamp.org\/sponsorship-level\/superb\/\">Superb Sponsor<\/a><\/p>\n<h2>Splendid Global Sponsors<\/h2>\n<p><a href=\"https:\/\/central.wordcamp.org\/multi-event-sponsor\/wpml\/\">WPML<\/a> is a <a href=\"https:\/\/central.wordcamp.org\/sponsorship-level\/splendid\/\">Splendid Sponsor<\/a><\/p>\n<\/div>\n<div class=\"third\"><\/div>\n<\/div>\n","protected":false},"excerpt":{"rendered":"<p>Diamantov\u00fd sponzor \u010cesk\u00fd Hosting Zlat\u00fd sponzor St\u0159\u00edbn\u00ed sponzo\u0159i WooThemes iPar\u0165\u00e1k.cz Lucidcircus.com KT Studio Lynt services &nbsp; wrongware s.r.o. . . . . &nbsp; M\u00e9dia partner Outstanding Global Sponsors Jetpack is a Outstanding Sponsor Superb Global Sponsors Bluehost is a Superb Sponsor PlanetHoster is a Superb Sponsor Splendid Global Sponsors WPML is a Splendid Sponsor<\/p>\n","protected":false},"author":10216978,"featured_media":0,"parent":0,"menu_order":0,"comment_status":"closed","ping_status":"closed","template":"page-templates\/full-width.php","meta":{"jetpack_post_was_ever_published":false,"footnotes":""},"class_list":["post-8","page","type-page","status-publish","hentry"],"jetpack_sharing_enabled":true,"jetpack-related-posts":[],"_links":{"self":[{"href":"https:\/\/prague.wordcamp.org\/2015\/wp-json\/wp\/v2\/pages\/8","targetHints":{"allow":["GET"]}}],"collection":[{"href":"https:\/\/prague.wordcamp.org\/2015\/wp-json\/wp\/v2\/pages"}],"about":[{"href":"https:\/\/prague.wordcamp.org\/2015\/wp-json\/wp\/v2\/types\/page"}],"author":[{"embeddable":true,"href":"https:\/\/prague.wordcamp.org\/2015\/wp-json\/wp\/v2\/users\/10216978"}],"replies":[{"embeddable":true,"href":"https:\/\/prague.wordcamp.org\/2015\/wp-json\/wp\/v2\/comments?post=8"}],"version-history":[{"count":29,"href":"https:\/\/prague.wordcamp.org\/2015\/wp-json\/wp\/v2\/pages\/8\/revisions"}],"predecessor-version":[{"id":1279,"href":"https:\/\/prague.wordcamp.org\/2015\/wp-json\/wp\/v2\/pages\/8\/revisions\/1279"}],"wp:attachment":[{"href":"https:\/\/prague.wordcamp.org\/2015\/wp-json\/wp\/v2\/media?parent=8"}],"curies":[{"name":"wp","href":"https:\/\/api.w.org\/{rel}","templated":true}]}}