{"id":6,"date":"2014-10-07T21:16:34","date_gmt":"2014-10-07T21:16:34","guid":{"rendered":"https:\/\/2015.prague.wordcamp.org\/speakers\/"},"modified":"2015-02-22T05:15:22","modified_gmt":"2015-02-22T05:15:22","slug":"prednasejici","status":"publish","type":"page","link":"https:\/\/prague.wordcamp.org\/2015\/prednasejici\/","title":{"rendered":"P\u0159edn\u00e1\u0161ej\u00edc\u00ed"},"content":{"rendered":"<div class=\"fullbox\"><strong>Davor Altman &#8211; Managing Multiple WordPress Websites<\/strong><br \/>\n<a href=\"https:\/\/managewp.com\/\" target=\"_blank\">ManageWP.com<\/a><\/p>\n<div id=\"attachment_180\" style=\"width: 160px\" class=\"wp-caption alignleft\"><img loading=\"lazy\" decoding=\"async\" aria-describedby=\"caption-attachment-180\" class=\"wp-image-180 size-thumbnail\" src=\"https:\/\/2015.prague.wordcamp.org\/files\/2014\/10\/Davor_Altman-150x150.png\" alt=\"Davor_Altman\" width=\"150\" height=\"150\" \/><p id=\"caption-attachment-180\" class=\"wp-caption-text\">Davor Altman<\/p><\/div>\n<p><em>Started using WordPress out of curiosity, now leading ManageWP&#8217;s Customer Happiness team. Spreading the WordPress consciousness and introducing multiple blogs management tools to his beloved Serbia and to the world. Also a chess fanatic.<br \/>\nMaintaining WordPress websites can sometimes be a pain and quite time consuming. Learn how to save an extraordinary amount of time, sleep tight at night and focus on your business instead of wasting time on maintenance and management.<\/em><br \/>\n<a href=\"https:\/\/twitter.com\/izuvach\">@izuvach<\/a><\/p>\n<\/div>\n<div class=\"fullbox\"><strong>Amir Helzer &#8211; Techniques for Developing Directory and Marketplace Sites with WordPress<\/strong><br \/>\n<a href=\"http:\/\/www.OntheGoSystems.com\/\" target=\"_blank\">OntheGoSystems.com<\/a><\/p>\n<div id=\"attachment_190\" style=\"width: 160px\" class=\"wp-caption alignleft\"><img loading=\"lazy\" decoding=\"async\" aria-describedby=\"caption-attachment-190\" class=\"wp-image-190 size-thumbnail\" src=\"https:\/\/2015.prague.wordcamp.org\/files\/2014\/10\/Amir-Helzer-150x150.jpg\" alt=\"Amir Helzer\" width=\"150\" height=\"150\" \/><p id=\"caption-attachment-190\" class=\"wp-caption-text\">Amir Helzer<\/p><\/div>\n<p><em>In WordPress since 2007. The founder and the CEO of a company called OnTheGoSystems, the makers of popular plugins like WPML, Types and Toolset plugins. WordCamp Europe 2013 speaker. He loves to travel, windsurf and anything related to the seas.<\/em><br \/>\n<em> Directory sites display many items and make it easy for visitors to find what they looking for. Marketplace sites also include member-submitted material. We will explain how to build such sites with WordPress, focusing on: Using custom content for listing and categories, Displaying items as an hierarchical index, Creating custom searches with advanced filters, Front-end content submission and editing.<\/em><br \/>\n<a href=\"https:\/\/twitter.com\/helzer\">@helzer<\/a><\/p>\n<\/div>\n<div class=\"fullbox\"><strong>Michal Kopeck\u00fd \u00a0&#8211;\u00a0Blog na steroidoch<\/strong><br \/>\n<a href=\"http:\/\/akozbalit.sk\/\" target=\"_blank\">akozbalit.sk<\/a><\/p>\n<div id=\"attachment_210\" style=\"width: 162px\" class=\"wp-caption alignleft\"><img loading=\"lazy\" decoding=\"async\" aria-describedby=\"caption-attachment-210\" class=\"wp-image-210\" src=\"https:\/\/2015.prague.wordcamp.org\/files\/2014\/10\/michal-kopecky1-286x300.png\" alt=\"michal-kopecky\" width=\"152\" height=\"160\" srcset=\"https:\/\/prague.wordcamp.org\/2015\/files\/2014\/10\/michal-kopecky1-286x300.png 286w, https:\/\/prague.wordcamp.org\/2015\/files\/2014\/10\/michal-kopecky1.png 478w\" sizes=\"auto, (max-width: 152px) 100vw, 152px\" \/><p id=\"caption-attachment-210\" class=\"wp-caption-text\">Michal Kopeck\u00fd<\/p><\/div>\n<p>Michal Kopeck\u00fd je zakladate\u013eom skupiny U\u010d\u00edme sa podnika\u0165, kde si za\u010d\u00ednaj\u00faci podnikatelia navz\u00e1jom pom\u00e1haj\u00fa, vytv\u00e1raj\u00fa podporn\u00e9 prostredie a zdie\u013eaj\u00fa know-how. Je zakladate\u013eom najpopul\u00e1rnej\u0161ieho slovensk\u00e9ho blogu o balen\u00ed a vz\u0165ahoch\u00a0<a href=\"http:\/\/akozbalit.sk\/\" target=\"_blank\">akozbalit.sk<\/a>, ktor\u00fd do tohto momentu nav\u0161t\u00edvilo viac ako 1 000 000 \u013eud\u00ed, kde pom\u00e1ha chlapom sta\u0165 sa sebavedomej\u0161\u00edmi, hodnotnej\u0161\u00edmi a pr\u00ed\u0165a\u017elivej\u0161\u00edmi, aby nemuseli \u017eeny bali\u0165 a nah\u00e1\u0148a\u0165, ale pri\u0165ahovali ich \u00faplne prirodzene. Vybudoval datab\u00e1zu viac ako 20 000 chlapov, ktor\u00ed ho nasleduj\u00fa a vy\u0161e 750 klientov, ktor\u00ed sa rozhodli zak\u00fapi\u0165 si jeho pr\u00e9miov\u00e9 programy.<\/p>\n<\/div>\n<div class=\"fullbox\"><strong>Filip D\u0159\u00edmalka \u2013 WordPress jako ide\u00e1ln\u00ed n\u00e1stroj pro chytr\u00e9 market\u00e9ry\u00a0<\/strong><br \/>\n<a title=\"drimalka\" href=\"http:\/\/drimalka.com\/\" target=\"_blank\">drimalka.com<\/a><\/p>\n<div id=\"attachment_231\" style=\"width: 160px\" class=\"wp-caption alignleft\"><img loading=\"lazy\" decoding=\"async\" aria-describedby=\"caption-attachment-231\" class=\"size-thumbnail wp-image-231\" src=\"https:\/\/2015.prague.wordcamp.org\/files\/2014\/10\/filip_drimalka-150x150.png\" alt=\"Filip D\u0159\u00edmalka\" width=\"150\" height=\"150\" \/><p id=\"caption-attachment-231\" class=\"wp-caption-text\">Filip D\u0159\u00edmalka<\/p><\/div>\n<p>Filip D\u0159\u00edmalka se intenzivn\u011b v\u011bnuje vzd\u011bl\u00e1v\u00e1n\u00ed podnikatel\u016f a zav\u00e1d\u011bn\u00ed nov\u00fdch technologi\u00ed pro rozvoj firem a zjednodu\u0161en\u00ed pr\u00e1ce. V \u010cR vede n\u011bkolik projekt\u016f, mezi n\u011b\u017e pat\u0159\u00ed Easytask.cz nebo Know-how-klub.cz a konzultantskou \ufb01rmu, kter\u00e1 pom\u00e1h\u00e1 spole\u010dnostem z CZ TOP 100.\u00a0V zahrani\u010d\u00ed se v\u011bnuje aktivit\u00e1m spojen\u00fdch s evropsk\u00fdm inkub\u00e1torem Deutsche Telekom \u2013 Hub:raum, v r\u00e1mci kter\u00e9ho mentoruje zaj\u00edmav\u00e9 technologick\u00e9 startupy, p\u0159edn\u00e1\u0161\u00ed na evropsk\u00fdch konferenc\u00edch a realizuje workshopy t\u00fdkaj\u00edc\u00ed se business developmentu, marketingu a business hackingu. Je autorem \u010desk\u00e9ho dodatku ke knize Startup za pakatel a sv\u00e9 know how tak\u00e9 sd\u00edl\u00ed v podnikatelsk\u00fdch akceler\u00e1torech \u010cVUT Inovajet, T-Mobile Rozjezdy, V\u0160B Greenlight a JIC StarCube.<\/p>\n<\/div>\n<div class=\"fullbox\"><strong>Pavel Ungr <\/strong><br \/>\n<a title=\"pavel ungr\" href=\"http:\/\/www.pavelungr.cz\/\" target=\"_blank\">www.pavelungr.cz<\/a><\/p>\n<div id=\"attachment_265\" style=\"width: 160px\" class=\"wp-caption alignleft\"><img loading=\"lazy\" decoding=\"async\" aria-describedby=\"caption-attachment-265\" class=\"size-thumbnail wp-image-265\" src=\"https:\/\/2015.prague.wordcamp.org\/files\/2014\/10\/pavel_ungr-150x150.jpg\" alt=\"Pavel Ungr\" width=\"150\" height=\"150\" \/><p id=\"caption-attachment-265\" class=\"wp-caption-text\">Pavel Ungr<\/p><\/div>\n<p>Pavel Ungr se SEO (a online sv\u011btu obecn\u011b) v\u011bnuje ji\u017e od roku 2004. Z Et netery v roce 2009 nastoupil p\u0159\u00edmo do spole\u010dnosti Ataxo, a n\u00e1sledn\u011b do H1.cz. Miluje pr\u00e1ci pro sv\u00e9 klienty a je nerad druh\u00fd. R\u00e1d \u0161kol\u00ed a p\u0159edn\u00e1\u0161\u00ed nejen o SEO, ale aktivn\u011b se zaj\u00edm\u00e1 i o soci\u00e1ln\u00ed s\u00edt\u011b a jejich praktick\u00e9 vyu\u017eit\u00ed. Bav\u00ed ho online marketingov\u00e9 experimenty a propaguje SEO jako tvorbu zaj\u00edmav\u00e9ho a kvalitn\u00edho obsahov\u00e9ho webu. Zaj\u00edm\u00e1 se o modern\u00ed technologie, internet, ale i o um\u011bn\u00ed, filosofii a dal\u0161\u00ed humanitn\u00ed v\u011bdy.<br \/>\n<a href=\"https:\/\/twitter.com\/PavelUngr\" target=\"_blank\">@PavelUngr<\/a><\/p>\n<\/div>\n<div class=\"fullbox\"><strong>Jack Lenox &#8211;\u00a0Building themes with the REST API<\/strong><br \/>\n<a href=\"http:\/\/jacklenox.com\/\" target=\"_blank\">jacklenox.com<\/a><\/p>\n<div id=\"attachment_270\" style=\"width: 160px\" class=\"wp-caption alignleft\"><img loading=\"lazy\" decoding=\"async\" aria-describedby=\"caption-attachment-270\" class=\"wp-image-270 size-thumbnail\" src=\"https:\/\/2015.prague.wordcamp.org\/files\/2014\/10\/jack-150x150.jpg\" alt=\"jack\" width=\"150\" height=\"150\" srcset=\"https:\/\/prague.wordcamp.org\/2015\/files\/2014\/10\/jack-150x150.jpg 150w, https:\/\/prague.wordcamp.org\/2015\/files\/2014\/10\/jack-300x300.jpg 300w, https:\/\/prague.wordcamp.org\/2015\/files\/2014\/10\/jack-1024x1024.jpg 1024w, https:\/\/prague.wordcamp.org\/2015\/files\/2014\/10\/jack-624x624.jpg 624w, https:\/\/prague.wordcamp.org\/2015\/files\/2014\/10\/jack.jpg 2048w\" sizes=\"auto, (max-width: 150px) 100vw, 150px\" \/><p id=\"caption-attachment-270\" class=\"wp-caption-text\">Jack Lenox<\/p><\/div>\n<p>With\u00a0the REST API shortly due to be merged into WordPress core, it\u2019s about time developers started thinking about building themes that use it. The REST API allows developers to create much more engaging user experiences. This will be a talk that covers the challenges one faces when working with the REST API, how to extend the REST API itself from within your theme, and suggested ways that themes can be built to use it<br \/>\nJack Lenox is a Design Engineer on the Theme Generation team at Automattic, the company behind <a href=\"http:\/\/wordpress.com\/\" target=\"_blank\">WordPress.com<\/a>. He has been building websites and web apps with WordPress since 2008. In 2011 he set up writing community <a href=\"http:\/\/jottify.com\/\" target=\"_blank\">jottify.com<\/a>, powered by\u00a0WordPress. He lives in the north of England where he enjoys mountain biking, skiing, appreciating great design and drinking good coffee.<br \/>\n<a href=\"https:\/\/twitter.com\/jacklenox\" target=\"_blank\">@jacklenox<\/a><\/p>\n<\/div>\n<div class=\"fullbox\"><strong>Tomasz Dziuda &#8211;\u00a0Discovering the capabilities of the Theme Customizer API<\/strong><br \/>\n<a title=\"gavick.com\" href=\"https:\/\/www.gavick.com\" target=\"_blank\">gavick.com<\/a><\/p>\n<div id=\"attachment_283\" style=\"width: 160px\" class=\"wp-caption alignleft\"><img loading=\"lazy\" decoding=\"async\" aria-describedby=\"caption-attachment-283\" class=\"size-thumbnail wp-image-283\" src=\"https:\/\/2015.prague.wordcamp.org\/files\/2014\/10\/Tomasz_Dziuda--150x150.jpeg\" alt=\"Tomasz_Dziuda\" width=\"150\" height=\"150\" srcset=\"https:\/\/prague.wordcamp.org\/2015\/files\/2014\/10\/Tomasz_Dziuda--150x150.jpeg 150w, https:\/\/prague.wordcamp.org\/2015\/files\/2014\/10\/Tomasz_Dziuda--300x300.jpeg 300w, https:\/\/prague.wordcamp.org\/2015\/files\/2014\/10\/Tomasz_Dziuda-.jpeg 1024w, https:\/\/prague.wordcamp.org\/2015\/files\/2014\/10\/Tomasz_Dziuda--624x624.jpeg 624w\" sizes=\"auto, (max-width: 150px) 100vw, 150px\" \/><p id=\"caption-attachment-283\" class=\"wp-caption-text\">Tomasz Dziuda<\/p><\/div>\n<p>Presenting capabilities that develop since WordPress 3.4 of the theme customization screen. In addition to the standard features, there will be also presented more unique functions available, including the use of the changes introduced in the newest WordPress versions. The main aim of the lecture is to convince theme developers that the theme customization screen may completely replace additional subpages of the dashboard with theme options.Lead Developer in GavickPro. Responsible for the planning and development of solutions based on WordPress. He likes to explore the secrets of WordPress and then to share his knowledge with others through lectures at local meetings and conferences of WordPress enthusiasts. In his spare time, he creates articles for developers on his blog.\u00a0Privately, he is a fan of board games and Lego; moviegoer.<\/p>\n<\/div>\n<div class=\"fullbox\"><strong>Luca Sartoni &#8211; Powering Business Sites with WordPress<\/strong><br \/>\n<a title=\"luca sartoni\" href=\"http:\/\/lucasartoni.com\/\" target=\"_blank\">lucasartoni.com<\/a><\/p>\n<div id=\"attachment_287\" style=\"width: 160px\" class=\"wp-caption alignleft\"><img loading=\"lazy\" decoding=\"async\" aria-describedby=\"caption-attachment-287\" class=\"wp-image-287 size-thumbnail\" src=\"https:\/\/2015.prague.wordcamp.org\/files\/2014\/10\/lucasartoni-1600x1020-col-150x150.jpg\" alt=\"Milan\" width=\"150\" height=\"150\" \/><p id=\"caption-attachment-287\" class=\"wp-caption-text\">Luca Sartoni<\/p><\/div>\n<p>I\u2019ll be addressing all the code poets, the WordPress consultants and business owners who powers their business sites with WordPress. I\u2019ll be showing them how to define their business goals and structure a methodology based on WordPress to implement all the tools to meet those goals. I\u2019ll be covering case scenarios: restaurants, gyms, local businesses, consultants, pro-bloggers, etc.<br \/>\nLuca Sartoni is a media professional with more than a decade of technical and marketing background. Thanks to his extensive experience in different business environments, from SMEs to large corporate projects, Luca helps companies scale up their business adopting data driven strategies. He does not believe in Santa Claus, magical spells and everything that is not backed up by facts. Luca is a Growth Engineer at <a title=\"automattic\" href=\"http:\/\/automattic.com\/\" target=\"_blank\">Automattic<\/a>.<\/p>\n<\/div>\n<div class=\"fullbox\"><strong>Adam Trachtman &#8211; Strategies for developing Hybrid Mobile Applications with WordPress <\/strong><br \/>\n<a title=\"LucidCircus\" href=\"http:\/\/www.lucidcircus.com\/\" target=\"_blank\">www.lucidcircus.com<\/a><\/p>\n<div id=\"attachment_287\" style=\"width: 160px\" class=\"wp-caption alignleft\"><img loading=\"lazy\" decoding=\"async\" aria-describedby=\"caption-attachment-287\" class=\"aligncenter size-thumbnail wp-image-289\" src=\"https:\/\/2015.prague.wordcamp.org\/files\/2014\/10\/bacfhcab-150x150.jpg\" alt=\"bacfhcab\" width=\"150\" height=\"150\" \/><p id=\"caption-attachment-287\" class=\"wp-caption-text\">Adam Trachtman<\/p><\/div>\n<p>Adam is a partner\/managing director for the award winning interactive agency, LucidCircus. For over 20 years, Adam has developed digital experiences that range from eLearning for top global brands to application and game development for local startups, consistantly focused on strategic collaboration with clients and their project goals. A long time WordPress developer, he avidly promoted it as a solid CMS for smaller brochure sites, but as it has matured, he is happy to use it as the backbone for a multi-language, cross-platform solution for a major multinational financial institution, as well as integrating that system into a hybrid mobile application. Obsessed with obscure travel, photography, chess and art, he is currently on faculty at Prague Film School, where he teaches Animation and SFX, and regularly contributes to a variety of publications.<br \/>\n<a href=\"https:\/\/twitter.com\/lucidadam\" target=\"_blank\">@lucidadam<\/a>.<\/p>\n<\/div>\n<div class=\"fullbox\"><strong>Vladim\u00edr Smitka &#8211; Bezpe\u010dnost WordPressu, tipy pro ka\u017ed\u00e9ho<\/strong><br \/>\n<a title=\"lynt.cz\" href=\"http:\/\/lynt.cz\" target=\"_blank\" rel=\"nofollow\">lynt.cz<\/a><\/p>\n<div id=\"attachment_314\" style=\"width: 160px\" class=\"wp-caption alignleft\"><img loading=\"lazy\" decoding=\"async\" aria-describedby=\"caption-attachment-314\" class=\"size-thumbnail wp-image-314\" src=\"https:\/\/2015.prague.wordcamp.org\/files\/2014\/10\/vlada-smitka-150x150.jpg\" alt=\"Vladim\u00edr Smitka\" width=\"150\" height=\"150\" srcset=\"https:\/\/prague.wordcamp.org\/2015\/files\/2014\/10\/vlada-smitka-150x150.jpg 150w, https:\/\/prague.wordcamp.org\/2015\/files\/2014\/10\/vlada-smitka-300x300.jpg 300w, https:\/\/prague.wordcamp.org\/2015\/files\/2014\/10\/vlada-smitka.jpg 350w\" sizes=\"auto, (max-width: 150px) 100vw, 150px\" \/><p id=\"caption-attachment-314\" class=\"wp-caption-text\">Vladim\u00edr Smitka<\/p><\/div>\n<p>Vladim\u00edr Smitka je zakladatelem spole\u010dnosti Lynt services, kde m\u00e1 na starosti p\u0159ev\u00e1\u017en\u011b s\u00ed\u0165ov\u00e9 technologie a technickou spr\u00e1vu web\u016f. V t\u00e9to oblasti se pohybuje ji\u017e od roku 2001 a za tuto dobu se setkal velk\u00fdm mno\u017estv\u00edm bezpe\u010dnostn\u00edch probl\u00e9m\u016f, kter\u00e9 velmi podrobn\u011b zkoumal. B\u011bhem sv\u00e9 kari\u00e9ry pro\u0161el mnoha technick\u00fdmi obory &#8211; od programov\u00e1n\u00ed mikroprocesor\u016f po spr\u00e1vu p\u00e1te\u0159n\u00edch s\u00edt\u00ed. Nyn\u00ed se v\u0161ak v\u011bnuje hlavn\u011b rozvoji sv\u00e9 vlastn\u00ed spole\u010dnosti, kter\u00e1 se zab\u00fdv\u00e1 mimo jin\u00e9 i v\u00fdvojem web\u016f na WordPressu a jejich propagac\u00ed. V t\u00e9to oblasti se specializuje p\u0159edev\u0161\u00edm na bezpe\u010dnost a v\u00fdkon tohoto redak\u010dn\u00edho syst\u00e9mu a aktivn\u011b v t\u00e9to problematice \u0161kol\u00ed sv\u00e9 zam\u011bstnance i z\u00e1kazn\u00edky.<br \/>\n<a href=\"https:\/\/twitter.com\/smitka\" target=\"_blank\">@smitka<\/a>.<\/p>\n<\/div>\n<div class=\"fullbox\"><strong>Marko Heijnen &#8211; Glot Press<\/strong><br \/>\n<a href=\"http:\/\/markoheijnen.com\/\" target=\"_blank\">Markoheijnen.com<\/a><\/p>\n<div id=\"attachment_180\" style=\"width: 160px\" class=\"wp-caption alignleft\"><img loading=\"lazy\" decoding=\"async\" aria-describedby=\"caption-attachment-180\" class=\"wp-image-180 size-thumbnail\" src=\"https:\/\/2015.prague.wordcamp.org\/files\/2015\/01\/5153265841_34301c6767_o-150x150.jpg\" alt=\"Marko Heijnen\" width=\"150\" height=\"150\" \/><p id=\"caption-attachment-180\" class=\"wp-caption-text\">Marko Heijnen<\/p><\/div>\n<p>Marko is a long term WordPress contributor from the Netherlands. He is using WordPress since 2006 and started contributing back to it in 2009. After years of freelancing he is now working for 1&amp;1 as their WordPress specialist. Part of his job is improving WordPress by contributing back to the community. Next to it\u2019s fulltime job he still does client work at his founded company CodeKitchen B.V.<\/p>\n<p>Beside his work on WordPress he also works on GlotPress to build a better open source tool for translations. Almost directly after he started in 2012 he became one of the lead developers. This result is an improved code base and more important more contributors to the project.<\/p>\n<p>He shares a lot of his knowledge on his blogs at markoheijnen.com and wpunknown.com. Also he shares a lot of he code on his GitHub page and he can be found on Twitter @MarkoHeijnen when you have questions.<br \/>\n<a href=\"https:\/\/twitter.com\/markoheijnen\">@MarkoHeijnen<\/a><\/p>\n<\/div>\n<div class=\"fullbox\"><strong>Franz Josef Kaiser &#8211;\u00a0How Your Personal Robot Army Lets You Play the Big Game<\/strong><br \/>\n<a title=\"unserkaiser.com\" href=\"http:\/\/unserkaiser.com\/\" target=\"_blank\">unserkaiser.com<\/a><\/p>\n<div id=\"attachment_283\" style=\"width: 160px\" class=\"wp-caption alignleft\"><img loading=\"lazy\" decoding=\"async\" aria-describedby=\"caption-attachment-283\" class=\"size-thumbnail wp-image-283\" src=\"https:\/\/2015.prague.wordcamp.org\/files\/2015\/02\/IMG_7994-150x150.jpg\" alt=\"Franz Josef Kaiser\" width=\"150\" height=\"150\" \/><p id=\"caption-attachment-283\" class=\"wp-caption-text\">Franz Josef Kaiser<\/p><\/div>\n<p>Developer, moderator on WordPress.StackExchange. Lives in Vienna\/Austria and has a passion for things that make development easier and more secure. Loves to share know how.<br \/>\n<a>@unserkaiser<\/a>\n<\/div>\n<div class=\"fullbox\"><strong>Andreas Creten &#8211;\u00a0WP-CLI and plugin developing with future and past compatibility<\/strong><br \/>\n<a title=\"madewithlove.be\" href=\"http:\/\/madewithlove.be\/\" target=\"_blank\">madewithlove.be<\/a><\/p>\n<div id=\"attachment_283\" style=\"width: 160px\" class=\"wp-caption alignleft\"><img loading=\"lazy\" decoding=\"async\" aria-describedby=\"caption-attachment-283\" class=\"size-thumbnail wp-image-283\" src=\"https:\/\/2015.prague.wordcamp.org\/files\/2015\/02\/MrAndreas-TL-2-150x150.jpg\" alt=\"Andreas Creten\" width=\"150\" height=\"150\" \/><p id=\"caption-attachment-283\" class=\"wp-caption-text\">Andreas Creten<\/p><\/div>\n<p>Developer, spolutv\u016frce n\u00e1stroje WP-CLI, zakladatel agentury Madewidthlove.be. \u017dije v Belgii a jeho p\u0159edn\u00e1\u0161ka se bude v\u011bnovat pr\u00e1v\u011b pou\u017e\u00edv\u00e1n\u00ed WP-CLI, co\u017e je n\u00e1stroj pro ovl\u00e1d\u00e1n\u00ed a spr\u00e1vu WordPressu z p\u0159\u00edkazov\u00e9 \u0159\u00e1dky, a v\u00fdvoji plugin\u016f, s ohledem na zp\u011btnou a budouc\u00ed kompatibilitu.<br \/>\n<a>@andreascreten<\/a>\n<\/div>\n<div class=\"fullbox\"><strong>Jaroslav Polakovi\u010d &#8211;\u00a0Heartbeat API<\/strong><br \/>\n<a title=\"xwp.co\" href=\"https:\/\/xwp.co\/\" target=\"_blank\">xwp.co<\/a><\/p>\n<div id=\"attachment_283\" style=\"width: 160px\" class=\"wp-caption alignleft\"><img loading=\"lazy\" decoding=\"async\" aria-describedby=\"caption-attachment-283\" class=\"size-thumbnail wp-image-283\" src=\"https:\/\/2015.prague.wordcamp.org\/files\/2015\/02\/polakovic_fotka-150x150.jpg\" alt=\"Jaroslav Polakovi\u010d\" width=\"150\" height=\"150\" \/><p id=\"caption-attachment-283\" class=\"wp-caption-text\">Andreas Creten<\/p><\/div>\n<p>My\u0161 600. \u010clov\u011bk 70. Plejtv\u00e1k 10. WordPress 1. \u0158e\u010d je o po\u010dtu srde\u010dn\u00edch tep\u016f za minutu. Pro\u010d vlastn\u011b WordPressu bije srdce? Co kdy\u017e b\u00edt p\u0159estane? K \u010demu v\u0161emu je Heartbeat API WordPressov\u00fdm v\u00fdvoj\u00e1\u0159\u016fm?<\/p>\n<p>Jaroslav Polakovi\u010d je \u010dlenem t\u00fdmu XWP.co [http:\/\/xwp.co\/] slo\u017een\u00e9ho z WordPressov\u00fdch odborn\u00edk\u016f ze v\u0161ech kout\u016f sv\u011bta. Ka\u017edodenn\u011b se zab\u00fdv\u00e1 v\u00fdvojem WordPressov\u00fdch web\u016f a aplikac\u00ed pro klienty hostuj\u00edc\u00ed na platform\u011b WordPress VIP.\n<\/p><\/div>\n","protected":false},"excerpt":{"rendered":"<p>Davor Altman &#8211; Managing Multiple WordPress Websites ManageWP.com Started using WordPress out of curiosity, now leading ManageWP&#8217;s Customer Happiness team. Spreading the WordPress consciousness and introducing multiple blogs management tools to his beloved Serbia and to the world. Also a chess fanatic. Maintaining WordPress websites can sometimes be a pain and quite time consuming. Learn [&hellip;]<\/p>\n","protected":false},"author":10216978,"featured_media":0,"parent":0,"menu_order":0,"comment_status":"open","ping_status":"open","template":"page-templates\/full-width.php","meta":{"jetpack_post_was_ever_published":false,"footnotes":""},"class_list":["post-6","page","type-page","status-publish","hentry"],"jetpack_sharing_enabled":true,"jetpack-related-posts":[],"_links":{"self":[{"href":"https:\/\/prague.wordcamp.org\/2015\/wp-json\/wp\/v2\/pages\/6","targetHints":{"allow":["GET"]}}],"collection":[{"href":"https:\/\/prague.wordcamp.org\/2015\/wp-json\/wp\/v2\/pages"}],"about":[{"href":"https:\/\/prague.wordcamp.org\/2015\/wp-json\/wp\/v2\/types\/page"}],"author":[{"embeddable":true,"href":"https:\/\/prague.wordcamp.org\/2015\/wp-json\/wp\/v2\/users\/10216978"}],"replies":[{"embeddable":true,"href":"https:\/\/prague.wordcamp.org\/2015\/wp-json\/wp\/v2\/comments?post=6"}],"version-history":[{"count":39,"href":"https:\/\/prague.wordcamp.org\/2015\/wp-json\/wp\/v2\/pages\/6\/revisions"}],"predecessor-version":[{"id":931,"href":"https:\/\/prague.wordcamp.org\/2015\/wp-json\/wp\/v2\/pages\/6\/revisions\/931"}],"wp:attachment":[{"href":"https:\/\/prague.wordcamp.org\/2015\/wp-json\/wp\/v2\/media?parent=6"}],"curies":[{"name":"wp","href":"https:\/\/api.w.org\/{rel}","templated":true}]}}