{"id":5,"date":"2014-10-07T21:16:34","date_gmt":"2014-10-07T21:16:34","guid":{"rendered":"https:\/\/2015.prague.wordcamp.org\/schedule\/"},"modified":"2015-04-13T08:09:36","modified_gmt":"2015-04-13T08:09:36","slug":"program","status":"publish","type":"page","link":"https:\/\/prague.wordcamp.org\/2015\/program\/","title":{"rendered":"Program"},"content":{"rendered":"<div class=\"boxleft\">Program WordCamp Praha 2015 bude prob\u00edhat ve dvou soub\u011b\u017en\u00fdch lini\u00edch, kter\u00e9 budou rozd\u011bleny dle zam\u011b\u0159en\u00ed p\u0159edn\u00e1\u0161ek na developersk\u00e9 a u\u017eivatelsk\u00e9.<\/div>\n<div class=\"boxright\">The WordCamp Praha 2015 has two lines of presentations \u2013 one line for users and bloggers and the second for WordPress developers and programmers.<\/div>\n<div class=\"foot-box\"><\/div>\n<table class=\"tg\">\n<colgroup>\n<col style=\"width: 10%\" \/>\n<col style=\"width: 28%\" \/>\n<col style=\"width: 28%\" \/>\n<col style=\"width: 17%\" \/>\n<col style=\"width: 17%\" \/> <\/colgroup>\n<tbody>\n<tr>\n<th class=\"tg-q64d\"><\/th>\n<th class=\"tg-jirm\"><strong>U\u017eivatel\u00e9<\/strong><\/th>\n<th class=\"tg-ls2r\"><strong>Develope\u0159i<\/strong><\/th>\n<th class=\"tg-sr29\"><strong>Workshops<\/strong><\/th>\n<th class=\"tg-sr29\"><strong>Workshops<\/strong><\/th>\n<\/tr>\n<tr>\n<td class=\"tg-031e\">09:20-09:30<\/td>\n<td class=\"tg-s6z2\" colspan=\"4\">\u00davod<\/td>\n<\/tr>\n<tr>\n<td class=\"tg-031e\">09:30-10:15<\/td>\n<td class=\"tg-5y5n\"><strong>Blog na stereoidech<\/strong><br \/>\n<small>Michal Kopeck\u00fd (<a title=\"blog-na-steroidoch\" href=\"https:\/\/prezi.com\/s8expesod4dz\/blog-na-steroidoch-20\/\" target=\"_blank\">prezentation<\/a>, <a title=\"Blog na stereoidech - Michal Kopeck\u00fd \" href=\"https:\/\/www.youtube.com\/watch?v=8tpasrCbt48&amp;list=PL4mDPhqGGoMNis_jNEZxxBZ1ex1oBdIJp&amp;index=1\" target=\"_blank\">video<\/a>)<\/small><\/td>\n<td class=\"tg-yt9w\"><strong>Writing code for Multisite (En)<\/strong><br \/>\n<small>Thomas Scholz\u00a0(<a title=\"Writing code for Multisite\" href=\"http:\/\/slides.wpkrauts.com\/2015\/prague-multisite\/#\/\" target=\"_blank\">prezentation<\/a>, <a title=\"Writing code for Multisite\" href=\"https:\/\/www.youtube.com\/watch?v=Lu3Xgv6461M&amp;index=1&amp;list=PL4mDPhqGGoMOz7w6FsMrngLa5CPQBRs_F\" target=\"_blank\">video<\/a>)<\/small><\/td>\n<td class=\"tg-sy2t\" rowspan=\"3\"><strong>Building multilangual website (En)<\/strong><br \/>\n<small>MultilangualPress PRO<\/small><\/td>\n<td class=\"tg-sy2t\" rowspan=\"3\"><strong>How to meet user expectations<\/strong><br \/>\n<small>Igor Kolosov (<a href=\"http:\/\/www.slideshare.net\/igorko\/how-to-meet-user-expectations-wordcamp-praha-2015\" target=\"_blank\">presentation<\/a>)<\/small><\/td>\n<\/tr>\n<tr>\n<td class=\"tg-031e\">10:30-11:15<\/td>\n<td class=\"tg-5y5n\"><strong>WordPress jako ide\u00e1ln\u00ed n\u00e1stroj pro chytr\u00e9 market\u00e9ry<\/strong><br \/>\n<small>Filip D\u0159\u00edmalka\u00a0(<a title=\"wordpress-ideln-nstroj-pro-chytr-marketry\" href=\"https:\/\/www.slideshare.net\/Drimalka\/wordpress-ideln-nstroj-pro-chytr-marketry\" target=\"_blank\">prezentation<\/a>, <a title=\"WordPress jako ide\u00e1ln\u00ed n\u00e1stroj pro chytr\u00e9 market\u00e9ry - Filip D\u0159\u00edmalka \" href=\"https:\/\/www.youtube.com\/watch?v=OHDR2-JEMAU&amp;list=PL4mDPhqGGoMNis_jNEZxxBZ1ex1oBdIJp&amp;index=2\" target=\"_blank\">video<\/a>)<\/small><\/td>\n<td class=\"tg-yt9w\"><strong>Discovering the capabilities of the Theme Customizer API (En)<\/strong><br \/>\n<small>Tomasz Dziuda\u00a0(<a title=\"Discovering the capabilities of the Theme Customizer API\" href=\"http:\/\/www.slideshare.net\/dziudek\/word-camp-praha2015\" target=\"_blank\">prezentation<\/a>, <a title=\"Discovering the capabilities of the Theme Customizer API \" href=\"https:\/\/www.youtube.com\/watch?v=iE2TEh10HlY&amp;index=2&amp;list=PL4mDPhqGGoMOz7w6FsMrngLa5CPQBRs_F\" target=\"_blank\">video<\/a>)<\/small><\/td>\n<\/tr>\n<tr>\n<td class=\"tg-031e\">11:30-12:15<\/td>\n<td class=\"tg-5y5n\"><strong>Funk\u010dn\u00ed strategie pro v\u00e1\u0161 web (nejen na WordPressu)<\/strong><br \/>\n<small>Pavel Ungr\u00a0(<a title=\"funkn-seo-strategie-pro-v-web\" href=\"http:\/\/www.slideshare.net\/PavelUngr\/funkn-seo-strategie-pro-v-web\" target=\"_blank\">prezentation<\/a>, <a title=\"Funk\u010dn\u00ed strategie pro v\u00e1\u0161 web\" href=\"https:\/\/www.youtube.com\/watch?v=u1uSefYe4qk&amp;list=PL4mDPhqGGoMNis_jNEZxxBZ1ex1oBdIJp&amp;index=3\" target=\"_blank\">video<\/a>)<\/small><\/td>\n<td class=\"tg-yt9w\"><strong>Heartbeat API<\/strong><br \/>\n<small>Jaroslav Polakovi\u010d\u00a0(<a title=\"Heartbeat API\" href=\"https:\/\/docs.google.com\/presentation\/d\/13OU_Q2aYr0OXodta-xgNFfjDtPYiHYqq5DoI1K8qlJs\/edit\" target=\"_blank\">prezentation<\/a>, <a title=\"Heartbeat API\" href=\"https:\/\/www.youtube.com\/watch?v=JYvEVBom0d0&amp;index=3&amp;list=PL4mDPhqGGoMOz7w6FsMrngLa5CPQBRs_F\" target=\"_blank\">video<\/a>)<\/small><\/td>\n<\/tr>\n<tr>\n<td class=\"tg-031e\">12:15-13:00<\/td>\n<td class=\"tg-s6z2\" colspan=\"4\">Ob\u011bd<\/td>\n<\/tr>\n<tr>\n<td class=\"tg-031e\">13:00-13:45<\/td>\n<td class=\"tg-5y5n\"><strong>Techniques for Developing Directory and Marketplace Sites with WordPress (En)<\/strong><br \/>\n<small>Amir Helzer\u00a0(<a title=\"Techniques for Developing Directory and Marketplace Sites with WordPress \" href=\"https:\/\/www.slideshare.net\/onthegosystems\/techniques-for-developing-directory-and-marketplace-sites-with-wordpress\" target=\"_blank\">prezentation<\/a>, <a title=\"Techniques for Developing Directory and Marketplace Sites with WordPress\" href=\"https:\/\/www.youtube.com\/watch?v=vlJxxHadHtg&amp;list=PL4mDPhqGGoMNis_jNEZxxBZ1ex1oBdIJp&amp;index=4\" target=\"_blank\">video<\/a>)<\/small><\/td>\n<td class=\"tg-yt9w\"><strong>GlotPress (En)<\/strong><br \/>\n<small>Marko Heijnen\u00a0(<a title=\"glotpress-aka-translatewordpressorg\" href=\"https:\/\/www.slideshare.net\/markoheijnen\/glotpress-aka-translatewordpressorg\" target=\"_blank\">prezentation<\/a>, <a title=\"GlotPress \" href=\"https:\/\/www.youtube.com\/watch?v=3hn5zWZ-if0&amp;index=4&amp;list=PL4mDPhqGGoMOz7w6FsMrngLa5CPQBRs_F\" target=\"_blank\">video<\/a>)<\/small><\/td>\n<td class=\"tg-tikn\"><strong>Nasazujeme WordPress do cloudu<\/strong><br \/>\n<small>Martin \u0160ime\u010dek<\/small><\/td>\n<td class=\"tg-tikn\" rowspan=\"4\"><strong>Jak postavit web na WordPressu<\/strong><br \/>\n<small>Tom\u00e1\u0161 Cirkl<\/small><\/td>\n<\/tr>\n<tr>\n<td class=\"tg-031e\">14:00-14:45<\/td>\n<td class=\"tg-5y5n\"><strong>Powering Business Sites on WordPress (En)<\/strong><br \/>\n<small>Luca Sartoni\u00a0(<a title=\"powering-business-sites-with-wordpress\" href=\"http:\/\/lucasartoni.com\/2014\/11\/16\/powering-business-sites-with-wordpress\/\" target=\"_blank\">prezentation<\/a>, <a title=\"Powering Business Sites on WordPress\" href=\"https:\/\/www.youtube.com\/watch?v=Hc6LsV2b2Pw&amp;list=PL4mDPhqGGoMNis_jNEZxxBZ1ex1oBdIJp&amp;index=5\" target=\"_blank\">video<\/a>)<\/small><\/td>\n<td class=\"tg-yt9w\"><strong>Hybridn\u00ed mobiln\u00ed aplikace<\/strong><br \/>\n<small>Adam Trachtman\u00a0(prezentation, <a title=\"Hybridn\u00ed mobiln\u00ed aplikace\" href=\"https:\/\/www.youtube.com\/watch?v=Mkr8P0cpwB0&amp;index=5&amp;list=PL4mDPhqGGoMOz7w6FsMrngLa5CPQBRs_F\" target=\"_blank\">video<\/a>)<\/small><\/td>\n<td class=\"tg-tikn\" rowspan=\"4\"><strong>Building a Real Directory Site in 2 Hours (En)<\/strong><br \/>\n<small>Dario J.Hrvatin \u00a0(<a title=\"Building a Real Directory Site in 2 Hours\" href=\"https:\/\/www.slideshare.net\/onthegosystems\/classifieds-siteworkshoppresentation\" target=\"_blank\">presentation<\/a>)<\/small><\/td>\n<\/tr>\n<tr>\n<td class=\"tg-031e\">15:00-15:45<\/td>\n<td class=\"tg-5y5n\"><strong>Managing Multiple WordPress Websites (En)<\/strong><br \/>\n<small>Davor Altman\u00a0(<a title=\"Managing Multiple WordPress Websites\" href=\"https:\/\/docs.google.com\/a\/managewp.com\/presentation\/d\/17JXPC-92mxYJGOzxN1Pworvr9X_Ot6pP5t55yUqc-as\/edit#slide=id.p4\" target=\"_blank\">prezentation<\/a>, <a title=\"Managing Multiple WordPress Websites (En) Davor Altman\" href=\"https:\/\/www.youtube.com\/watch?v=PB2JSOODLDc&amp;list=PL4mDPhqGGoMNis_jNEZxxBZ1ex1oBdIJp&amp;index=6\" target=\"_blank\">video<\/a>)<\/small><\/td>\n<td class=\"tg-yt9w\"><strong>WP-CLI and plugin developing with future and past compatibility (En)<\/strong><br \/>\n<small>Andreas Creten\u00a0(<a href=\"http:\/\/www.slideshare.net\/andreascreten\/wpcli-and-plugin-development-with-future-and-past-compatibility-word-camp-prague\" target=\"_blank\">prezentation<\/a>, <a title=\"WP-CLI and plugin developing with future and past compatibility\" href=\"https:\/\/www.youtube.com\/watch?v=xe1vi5RlBcc&amp;index=6&amp;list=PL4mDPhqGGoMOz7w6FsMrngLa5CPQBRs_F\" target=\"_blank\">video<\/a>)<\/small><\/td>\n<\/tr>\n<tr>\n<td class=\"tg-031e\">16:00-16:45<\/td>\n<td class=\"tg-5y5n\"><strong>Tipy a zku\u0161enosti hostingov\u00e9 spole\u010dnosti s WordPressem<\/strong><br \/>\n<small>\u010cesk\u00fd hosting\u00a0(prezentation, <a title=\"Tipy a zku\u0161enosti hostingov\u00e9 spole\u010dnosti s WordPressem\" href=\"https:\/\/www.youtube.com\/watch?v=NEmz0IrcgLE&amp;list=PL4mDPhqGGoMNis_jNEZxxBZ1ex1oBdIJp&amp;index=7\" target=\"_blank\">video<\/a>)<\/small><\/td>\n<td class=\"tg-yt9w\"><strong>How Your Personal Robot Army Lets You Play the Big Game (En)<\/strong><br \/>\n<small>Franz Josef Kaiser\u00a0(<a title=\"How Your Personal Robot Army Lets You Play the Big Game\" href=\"https:\/\/docs.google.com\/presentation\/d\/1xrQqBRf4dgbK6jH9EHBiNNw7MkEwPd6bsrQrcH7mHl4\/edit\" target=\"_blank\">prezentation<\/a>, <a title=\"How Your Personal Robot Army Lets You Play the Big Game\" href=\"https:\/\/www.youtube.com\/watch?v=-cNqzucm_ss&amp;index=7&amp;list=PL4mDPhqGGoMOz7w6FsMrngLa5CPQBRs_F\" target=\"_blank\">video<\/a>)<\/small><\/td>\n<\/tr>\n<tr>\n<td class=\"tg-031e\">17:00-17:45<\/td>\n<td class=\"tg-5y5n\"><strong>Bezpe\u010dnost WordPressu, tipy pro ka\u017ed\u00e9ho<\/strong><br \/>\n<small>Vladim\u00edr Smitka\u00a0(<a title=\"bezpenost-wp-tipy-pro-kadho-wordcamp-praha-2015\" href=\"https:\/\/www.slideshare.net\/vsmitka\/bezpenost-wp-tipy-pro-kadho-wordcamp-praha-2015\" target=\"_blank\">prezentation<\/a>, <a title=\"Bezpe\u010dnost WordPressu, tipy pro ka\u017ed\u00e9ho\" href=\"https:\/\/www.youtube.com\/watch?v=fml2KBUjf1o&amp;list=PL4mDPhqGGoMNis_jNEZxxBZ1ex1oBdIJp&amp;index=8\" target=\"_blank\">video<\/a>)<\/small><\/td>\n<td class=\"tg-yt9w\"><strong>Theme Development with the REST API (En)<\/strong><br \/>\n<small>Jack Lenox\u00a0(<a title=\"building-themes-with-the-wp-rest-api\" href=\"http:\/\/buildingthemeswithrestapi.com\/2015\/02\/13\/building-themes-with-the-wp-rest-api\/\" target=\"_blank\">prezentation<\/a>, <a title=\"Theme Development with the REST API \" href=\"https:\/\/www.youtube.com\/watch?v=wqc8orI-Ypk&amp;index=8&amp;list=PL4mDPhqGGoMOz7w6FsMrngLa5CPQBRs_F\" target=\"_blank\">video<\/a>)<\/small><\/td>\n<td class=\"tg-031e\"><\/td>\n<\/tr>\n<\/tbody>\n<\/table>\n<h2><\/h2>\n","protected":false},"excerpt":{"rendered":"<p>Program WordCamp Praha 2015 bude prob\u00edhat ve dvou soub\u011b\u017en\u00fdch lini\u00edch, kter\u00e9 budou rozd\u011bleny dle zam\u011b\u0159en\u00ed p\u0159edn\u00e1\u0161ek na developersk\u00e9 a u\u017eivatelsk\u00e9. The WordCamp Praha 2015 has two lines of presentations \u2013 one line for users and bloggers and the second for WordPress developers and programmers. U\u017eivatel\u00e9 Develope\u0159i Workshops Workshops 09:20-09:30 \u00davod 09:30-10:15 Blog na stereoidech Michal [&hellip;]<\/p>\n","protected":false},"author":10216978,"featured_media":0,"parent":0,"menu_order":0,"comment_status":"open","ping_status":"open","template":"page-templates\/full-width.php","meta":{"jetpack_post_was_ever_published":false,"footnotes":""},"class_list":["post-5","page","type-page","status-publish","hentry"],"jetpack_sharing_enabled":true,"jetpack-related-posts":[],"_links":{"self":[{"href":"https:\/\/prague.wordcamp.org\/2015\/wp-json\/wp\/v2\/pages\/5","targetHints":{"allow":["GET"]}}],"collection":[{"href":"https:\/\/prague.wordcamp.org\/2015\/wp-json\/wp\/v2\/pages"}],"about":[{"href":"https:\/\/prague.wordcamp.org\/2015\/wp-json\/wp\/v2\/types\/page"}],"author":[{"embeddable":true,"href":"https:\/\/prague.wordcamp.org\/2015\/wp-json\/wp\/v2\/users\/10216978"}],"replies":[{"embeddable":true,"href":"https:\/\/prague.wordcamp.org\/2015\/wp-json\/wp\/v2\/comments?post=5"}],"version-history":[{"count":45,"href":"https:\/\/prague.wordcamp.org\/2015\/wp-json\/wp\/v2\/pages\/5\/revisions"}],"predecessor-version":[{"id":1245,"href":"https:\/\/prague.wordcamp.org\/2015\/wp-json\/wp\/v2\/pages\/5\/revisions\/1245"}],"wp:attachment":[{"href":"https:\/\/prague.wordcamp.org\/2015\/wp-json\/wp\/v2\/media?parent=5"}],"curies":[{"name":"wp","href":"https:\/\/api.w.org\/{rel}","templated":true}]}}