{"id":187,"date":"2014-12-10T13:03:23","date_gmt":"2014-12-10T13:03:23","guid":{"rendered":"https:\/\/2015.prague.wordcamp.org\/?page_id=187"},"modified":"2015-02-22T06:03:06","modified_gmt":"2015-02-22T06:03:06","slug":"workshops","status":"publish","type":"page","link":"https:\/\/prague.wordcamp.org\/2015\/workshops\/","title":{"rendered":"Workshops"},"content":{"rendered":"<div id=\"attachment_330\" style=\"width: 160px\" class=\"wp-caption alignleft\"><img loading=\"lazy\" decoding=\"async\" aria-describedby=\"caption-attachment-330\" class=\"size-thumbnail wp-image-330\" src=\"https:\/\/2015.prague.wordcamp.org\/files\/2014\/12\/tomascirkl-150x150.jpg\" alt=\"Tom\u00e1\u0161 Cirkl\" width=\"150\" height=\"150\" \/><p id=\"caption-attachment-330\" class=\"wp-caption-text\">Tom\u00e1\u0161 Cirkl<\/p><\/div>\n<p><strong>Workshop pro WordPress za\u010d\u00e1te\u010dn\u00edky<\/strong> &#8211; Tom\u00e1\u0161 Cirkl<br \/>\n<a title=\"Themes4all\" href=\"http:\/\/Themes4all.com\" target=\"_blank\">Themes4all.com<\/a><br \/>\nM\u016fj workshop je ur\u010den pro \u00fapln\u00e9 WordPress za\u010d\u00e1te\u010dn\u00edky. WordPressu se v\u011bnuji ji\u017e 6. rokem a mezi m\u00e9 projekty pat\u0159\u00ed nap\u0159\u00edklad obchod s WordPress \u0161ablonami Themes4all.com nebo internetov\u00fd magaz\u00edn s WordPress n\u00e1vody a tipy <a title=\"WPlama\" href=\"http:\/\/WPlama.cz\" target=\"_blank\">WPlama.cz<\/a>.<br \/>\nZa\u010d\u00ednat budeme s \u010distou instalac\u00ed WordPressu a nejprve se zam\u011b\u0159\u00edme na z\u00e1kladn\u00ed nastaven\u00ed webu. Pot\u00e9 se pod\u00edv\u00e1me jak nastavit a zabezpe\u010dit WordPress a uk\u00e1\u017eeme si pr\u00e1ci s popul\u00e1rn\u00edmi pluginy. Detailn\u011bji se pod\u00edv\u00e1me nap\u0159\u00edklad na optimalizaci pro vyhled\u00e1va\u010de, rozes\u00edl\u00e1n\u00ed newsletteru a propojen\u00ed WordPressu a soci\u00e1ln\u00edch s\u00edt\u00ed. Tak\u00e9 doporu\u010d\u00edm n\u011bkolik plugin\u016f vhodn\u00fdch pro \u010desk\u00e9 internetov\u00e9 prost\u0159ed\u00ed a uk\u00e1\u017eu jak napojit analytick\u00e9 slu\u017eby t\u0159et\u00edch stran.<\/p>\n<p>&nbsp;<\/p>\n<div id=\"attachment_194\" style=\"width: 160px\" class=\"wp-caption alignleft\"><img loading=\"lazy\" decoding=\"async\" aria-describedby=\"caption-attachment-194\" class=\"wp-image-194 size-thumbnail\" src=\"https:\/\/2015.prague.wordcamp.org\/files\/2014\/12\/Dario-Jazbec-Hrvatin-150x150.jpg\" alt=\"Dario Jazbec Hrvatin\" width=\"150\" height=\"150\" \/><p id=\"caption-attachment-194\" class=\"wp-caption-text\">Dario Jazbec Hrvatin<\/p><\/div>\n<p><strong>Building a Real Directory Site in 2 Hours<\/strong> &#8211; Dario Jazbec Hrvatin<br \/>\n<a title=\"OntheGoSystems\" href=\"http:\/\/OntheGoSystems.com\" target=\"_blank\">OntheGoSystems.com<\/a><br \/>\n<em>Dario works as an in-development tester of WordPress plugins. Besides testing the plugins he also runs usability tests. WordCamp Europe 2014 speaker. Born in Croatia and living in Slovenia. He spends his free time working with his band Helika in which he is the main author, singer and guitarist.<br \/>\nDuring this session, each participant will build a fully working directory site. We will start with a clean WordPress install. To allow rapid development, we will be using Toolset plugins. Attendees will learn the basics, plan the data relationship and see how a directory site come to life in WordPress.<\/em><\/p>\n<p>&nbsp;<\/p>\n<div id=\"attachment_203\" style=\"width: 160px\" class=\"wp-caption alignleft\"><img loading=\"lazy\" decoding=\"async\" aria-describedby=\"caption-attachment-203\" class=\"wp-image-203 size-thumbnail\" src=\"https:\/\/2015.prague.wordcamp.org\/files\/2014\/12\/Igor-Kolosov-150x150.jpg\" alt=\"Igor Kolosov\" width=\"150\" height=\"150\" \/><p id=\"caption-attachment-203\" class=\"wp-caption-text\">Igor Kolosov<\/p><\/div>\n<p><b>How to meet user expectations\u00a0<\/b>&#8211;\u00a0Igor Kolosov<br \/>\n<a title=\"ManageWP\" href=\"http:\/\/ManageWP.com\" target=\"_blank\">ManageWP.com<\/a><br \/>\nA visitor came to your website. Does he understand what you are offering? Does he know where to click next to get what he came for? Are his expectations met? You have a couple of seconds to attract and keep the visitor on the website. Are you using this time in a smart way?Let me show you how to find out what your visitors expect from you and improve your WordPress website goal conversion rate.<\/p>\n<p>Web Analytics and Customer Growth consultant with ManageWP, a psychologist working in the field of internet marketing. Passionate about analysing website visitors&#8217; behaviour, eliminating frustrations and improving user&#8217;s online experience. Believes that randomness is just a name for an undiscovered pattern.<\/p>\n<div id=\"attachment_203\" style=\"width: 160px\" class=\"wp-caption alignleft\"><img loading=\"lazy\" decoding=\"async\" aria-describedby=\"caption-attachment-203\" class=\"wp-image-203 size-thumbnail\" src=\"https:\/\/2015.prague.wordcamp.org\/files\/2015\/02\/Alex.jpg\" alt=\"Alexander Frison\" width=\"150\" height=\"150\" \/><p id=\"caption-attachment-203\" class=\"wp-caption-text\">Alexander Frison<\/p><\/div>\n<p><b>Setup a Multisite and build in a few minutes a multilingual environment with MultilingualPress Free\u00a0or Premium version<\/b> &#8211; Alexander Frison.<br \/>\n<a href=\"http:\/\/multilingualpress.pro\/\">multilingualpress.pro<\/a><br \/>\nWe will show how to connect the different sites to each other and have a user friendly interface to work between different languages. We\u2019re going to do a short demo of the front-end and back-end of our sites, edit existing posts (including its translation) and create new posts quickly in different languages. Additionally we are showing and explaining the advantages of this multilingual solution based on multisite.<\/p>\n<p>During this session, each participant can participate to build a fully working multisite with different languages or they can just watch how we build a multisite with different on the wall. We will start with a clean WordPress install. After, or even during the demo we\u2019re going to answer all kinds of questions, be it from a user or a developer perspective.<\/p>\n<p>Our focus will be highlighting the easiness to create multisite and the great advantage of our solution comparing to other existing solutions.<\/p>\n<div id=\"attachment_642\" style=\"width: 160px\" class=\"wp-caption alignleft\"><img loading=\"lazy\" decoding=\"async\" aria-describedby=\"caption-attachment-642\" class=\"size-thumbnail wp-image-642\" src=\"https:\/\/2015.prague.wordcamp.org\/files\/2014\/12\/Martin_Simecek-150x150.png\" alt=\"Martin \u0160ime\u010dek \" width=\"150\" height=\"150\" \/><p id=\"caption-attachment-642\" class=\"wp-caption-text\">Martin \u0160ime\u010dek<\/p><\/div>\n<p><strong>Nasazujeme WordPress do cloudu<\/strong> &#8211; Martin \u0160ime\u010dek<br \/>\n<a title=\"microsoft\" href=\"http:\/\/www.microsoft.com\/\" target=\"_blank\">microsoft.com<\/a><br \/>\nMartin pracuje v \u010desk\u00e9m Microsoftu jako technick\u00fd evangelista a jeho denn\u00edm chlebem je pom\u00e1hat v\u00fdvoj\u00e1\u0159\u016fm (jednotlivc\u016fm, startup\u016fm i velk\u00fdm firm\u00e1m), aby p\u0159\u00edli\u0161 net\u00e1pali p\u0159i pr\u00e1ci s technologiemi Microsoftu a aby m\u011bli p\u0159ehled o tom, co softwarov\u00fd gigant kucht\u00ed. P\u00ed\u0161e, \u0161kol\u00ed, p\u0159edn\u00e1\u0161\u00ed a trochu programuje &#8211; hlavn\u011b na platform\u00e1ch Azure, Office 365 a Windows.<br \/>\nP\u0159edn\u00e1\u0161ky a \u0161kolen\u00ed maj\u00ed tradi\u010dn\u00ed startovac\u00ed bod &#8211; \u010distou instalaci WordPressu. Tento workshop v\u00e1s provede t\u00edm, jak si ji vytvo\u0159it v Microsoft Azure, vysv\u011btl\u00ed, pro kter\u00e9 situace je to v\u016fbec vhodn\u00e9, a tak\u00e9 odhal\u00ed, \u017ee platforma od Microsoftu nemus\u00ed b\u00fdt nutn\u011b ur\u010dena pouze pro microsoft\u00ed produkty. Mimo to z\u00edskaj\u00ed v\u0161ichni \u00fa\u010dastn\u00edci mo\u017enost vyzkou\u0161et Azure na m\u011bs\u00edc zdarma.<\/p>\n<div class=\"foot-box\">\n<div class=\"third\">\n<h3>Hlavn\u00ed sponzor<\/h3>\n<p><img decoding=\"async\" src=\"https:\/\/2015.prague.wordcamp.org\/files\/2014\/11\/logo-cesky-hosting.jpg\" alt=\"\" \/><\/p>\n<\/div>\n<div class=\"third\">\n<h3>Zlat\u00fd sponzor<\/h3>\n<p><img loading=\"lazy\" decoding=\"async\" class=\"aligncenter size-medium wp-image-117\" src=\"https:\/\/2015.prague.wordcamp.org\/files\/2014\/11\/multilingualpress-300x179.png\" alt=\"multilingualpress\" width=\"300\" height=\"179\" srcset=\"https:\/\/prague.wordcamp.org\/2015\/files\/2014\/11\/multilingualpress-300x179.png 300w, https:\/\/prague.wordcamp.org\/2015\/files\/2014\/11\/multilingualpress-500x300.png 500w, https:\/\/prague.wordcamp.org\/2015\/files\/2014\/11\/multilingualpress-624x374.png 624w, https:\/\/prague.wordcamp.org\/2015\/files\/2014\/11\/multilingualpress.png 1024w\" sizes=\"auto, (max-width: 300px) 100vw, 300px\" \/><\/p>\n<\/div>\n<div class=\"third\">\n<h3>St\u0159\u00edbrn\u00fd sponzor<\/h3>\n<div class=\"boxleft\"><img decoding=\"async\" src=\"https:\/\/2015.prague.wordcamp.org\/files\/2014\/11\/woothemes_logo.png\" alt=\"\" \/><br \/>\n<img decoding=\"async\" src=\"https:\/\/2015.prague.wordcamp.org\/files\/2014\/11\/iPar\u0165ak-logo-2.png\" alt=\"\" \/><\/div>\n<div class=\"boxright\"><img decoding=\"async\" src=\"https:\/\/2015.prague.wordcamp.org\/files\/2014\/11\/lucidciscus.png\" alt=\"Lucidcircus\" \/><br \/>\n<img decoding=\"async\" class=\"aligncenter size-full wp-image-103\" src=\"https:\/\/2015.prague.wordcamp.org\/files\/2014\/11\/logo-KTStudio.jpg\" alt=\"KT Studio\" \/><\/div>\n<\/div>\n<p><!-- WordPress sponzors --><\/p>\n<div class=\"foot-box\">\n<div class=\"third\">\n<h3>WordCamp Accomplice<\/h3>\n<div class=\"boxleft\"><a class=\"sponsor-logo\" href=\"https:\/\/2015.prague.wordcamp.org\/sponsor\/wpml\/\">WPML<\/a><\/div>\n<div class=\"boxright\"><a class=\"sponsor-logo\" href=\"https:\/\/2015.prague.wordcamp.org\/sponsor\/dreamhost\/\">DreamHost<\/a><\/div>\n<\/div>\n<div class=\"third\">\n<h3>WordCamp Champion<\/h3>\n<div class=\"boxleft\"><a class=\"sponsor-logo\" href=\"https:\/\/2015.prague.wordcamp.org\/sponsor\/code-poet\/\">Code Poet<\/a><\/div>\n<div class=\"boxright\"><\/div>\n<\/div>\n<div class=\"third\">\n<h3>WordCamp Pillar<\/h3>\n<div class=\"boxleft\"><a class=\"sponsor-logo\" href=\"https:\/\/2015.prague.wordcamp.org\/sponsor\/bluehost\/\">Bluehost<\/a><\/div>\n<div class=\"boxright\"><a class=\"sponsor-logo\" href=\"https:\/\/2015.prague.wordcamp.org\/sponsor\/media-temple\/\">Media Temple<\/a><\/div>\n<\/div>\n<\/div>\n<\/div>\n","protected":false},"excerpt":{"rendered":"<p>Workshop pro WordPress za\u010d\u00e1te\u010dn\u00edky &#8211; Tom\u00e1\u0161 Cirkl Themes4all.com M\u016fj workshop je ur\u010den pro \u00fapln\u00e9 WordPress za\u010d\u00e1te\u010dn\u00edky. WordPressu se v\u011bnuji ji\u017e 6. rokem a mezi m\u00e9 projekty pat\u0159\u00ed nap\u0159\u00edklad obchod s WordPress \u0161ablonami Themes4all.com nebo internetov\u00fd magaz\u00edn s WordPress n\u00e1vody a tipy WPlama.cz. Za\u010d\u00ednat budeme s \u010distou instalac\u00ed WordPressu a nejprve se zam\u011b\u0159\u00edme na z\u00e1kladn\u00ed nastaven\u00ed [&hellip;]<\/p>\n","protected":false},"author":3999955,"featured_media":0,"parent":0,"menu_order":0,"comment_status":"closed","ping_status":"closed","template":"page-templates\/full-width.php","meta":{"_crdt_document":"","jetpack_post_was_ever_published":false,"footnotes":""},"class_list":["post-187","page","type-page","status-publish","hentry"],"jetpack_sharing_enabled":true,"jetpack-related-posts":[],"_links":{"self":[{"href":"https:\/\/prague.wordcamp.org\/2015\/wp-json\/wp\/v2\/pages\/187","targetHints":{"allow":["GET"]}}],"collection":[{"href":"https:\/\/prague.wordcamp.org\/2015\/wp-json\/wp\/v2\/pages"}],"about":[{"href":"https:\/\/prague.wordcamp.org\/2015\/wp-json\/wp\/v2\/types\/page"}],"author":[{"embeddable":true,"href":"https:\/\/prague.wordcamp.org\/2015\/wp-json\/wp\/v2\/users\/3999955"}],"replies":[{"embeddable":true,"href":"https:\/\/prague.wordcamp.org\/2015\/wp-json\/wp\/v2\/comments?post=187"}],"version-history":[{"count":19,"href":"https:\/\/prague.wordcamp.org\/2015\/wp-json\/wp\/v2\/pages\/187\/revisions"}],"predecessor-version":[{"id":935,"href":"https:\/\/prague.wordcamp.org\/2015\/wp-json\/wp\/v2\/pages\/187\/revisions\/935"}],"wp:attachment":[{"href":"https:\/\/prague.wordcamp.org\/2015\/wp-json\/wp\/v2\/media?parent=187"}],"curies":[{"name":"wp","href":"https:\/\/api.w.org\/{rel}","templated":true}]}}