{"id":1157,"date":"2015-03-02T07:18:00","date_gmt":"2015-03-02T07:18:00","guid":{"rendered":"https:\/\/2015.prague.wordcamp.org\/?page_id=1157"},"modified":"2015-03-16T17:58:17","modified_gmt":"2015-03-16T17:58:17","slug":"wrote-about-us","status":"publish","type":"page","link":"https:\/\/prague.wordcamp.org\/2015\/wrote-about-us\/","title":{"rendered":"Wrote about us"},"content":{"rendered":"<h2>blog.janlasac.cz &#8211;\u00a0<a title=\"jaky-byl-wordcamp-2015\" href=\"http:\/\/blog.janlasac.cz\/jaky-byl-wordcamp-2015\/\" target=\"_blank\">Jak\u00fd byl wordcamp 2015<\/a><\/h2>\n<p>WordPress camp v Praze byl velice vyda\u0159en\u00fd. P\u0159i\u0161lo i dost lid\u00ed cca 200. Program byl velice zaj\u00edmav\u00fd,\u00a0p\u0159edn\u00e1\u0161ky byly rozd\u011blen\u00e9 na program\u00e1torsk\u00e9 a u\u017eivatelsk\u00e9.\u00a0Nejv\u00edce m\u011b zaujala p\u0159edn\u00e1\u0161ka od <b>&#8230;..<\/b><\/p>\n<h2>wplama.cz &#8211;\u00a0<a title=\"Pluginy, o kter\u00fdch jsme mluvili na Workshopu pro za\u010d\u00e1te\u010dn\u00edky\" href=\"http:\/\/www.wplama.cz\/pluginy-o-kterych-jsme-mluvili-na-workshopu-pro-zacatecniky\/\" target=\"_blank\">Pluginy, o kter\u00fdch jsme mluvili na Workshopu<\/a><\/h2>\n<p>Nejv\u011bt\u0161\u00ed WordPress\u00a0akce v\u00a0\u010cech\u00e1ch se letos konala 28.2.\u00a0a my jsme na n\u00ed m\u011bli Workshop pro za\u010d\u00e1te\u010dn\u00edky. Sou\u010d\u00e1st\u00ed workshopu byla tak\u00e9 uk\u00e1zka nastaven\u00ed popul\u00e1rn\u00edch plugin\u016f. N\u00ed\u017ee najdete kompletn\u00ed seznam plugin\u016f, o kter\u00fdch jsme mluvili&#8230;<\/p>\n<h2>wp-types.com &#8211;\u00a0<a title=\"How to build a Classifieds Site with WordPress \u2013 workshops we run for WordPress fans\" href=\"http:\/\/wp-types.com\/2015\/03\/how-to-build-a-classifieds-site-with-wordpress-workshops-we-run-for-wordpress-fans\/\" target=\"_blank\">How to build a Classifieds Site with WordPress \u2013 workshops we run for WordPress fans<\/a><\/h2>\n<p>Many WordPress users find building their own <strong>WordPress Classifieds sites<\/strong> to be challenging. Last Saturday at WordCamp Prague, we tried to convince WordPress fans that this task can be accomplished without pain&#8230;&#8230;<\/p>\n<h2>Michalblazek.cz &#8211;\u00a0<a href=\"http:\/\/www.michalblazek.cz\/post\/112961821708\/report-wordcamp-praha-2015\">Report z WordCamp Praha 2015<\/a><\/h2>\n<p>V\u00a0r\u00e1mci sv\u00e9ho \u201ekonferen\u010dn\u00edho t\u00fddne\u201c jsem tak\u00e9 v\u00a0sobotu nav\u0161t\u00edvil WordCamp Praha na m\u00e9 alma mater V\u0160E. Ihned po p\u0159\u00edchodu jsme vyf\u00e1sli s\u00a0Michalem Pokorn\u00fdm uv\u00edtac\u00ed bal\u00ed\u010dek, odzn\u00e1\u010dky a samolepky I speak WordPress&#8230;..<\/p>\n<h2>alian.info &#8211;\u00a0<a title=\"aky-bol-wordcamp-praha-2015\" href=\"http:\/\/alian.info\/aky-bol-wordcamp-praha-2015\" target=\"_blank\">Ak\u00fd bol WordCamp Praha 2015<\/a><\/h2>\n<p>Posledn\u00fd febru\u00e1rov\u00fd de\u0148 sa v priestoroch Vysokej \u0161koly ekonomickej v Prahe konala konferencia <strong>WordCamp<\/strong>, ktor\u00e1 je venovan\u00e1 redak\u010dn\u00e9mu syst\u00e9mu (CMS) <strong>WordPress<\/strong>&#8230;<\/p>\n<h2>lynt.cz &#8211;\u00a0<a title=\"jaky-byl-wordcamp-praha-2015\" href=\"http:\/\/lynt.cz\/blog\/jaky-byl-wordcamp-praha-2015\" target=\"_blank\" rel=\"nofollow\"><strong>Jak\u00fd byl WordCamp Praha 2015<\/strong><\/a><\/h2>\n<p>Report z konference WordCamp Praha 2015, kter\u00fd byla zam\u011b\u0159en\u00e1 na redak\u010dn\u00ed syst\u00e9m WordPress. Tuto akci Lynt sponzoroval a m\u011bli jsme zde i p\u0159edn\u00e1\u0161ku o bezpe\u010dnosti. \u010cl\u00e1nek je ps\u00e1n p\u0159ev\u00e1\u017en\u011b z pohledu v\u00fdvoj\u00e1\u0159e&#8230;.<\/p>\n<h2>padr.cz &#8211;\u00a0<a title=\"aky-byl-wordcamp-praha-2015\" href=\"http:\/\/padr.cz\/blog\/jaky-byl-wordcamp-praha-2015\/\" target=\"_blank\">Jak\u00fd byl WordCamp Praha 2015<\/a><\/h2>\n<p>Sepsal jsem svoje\u00a0dojmy a post\u0159ehy z\u00a0nejv\u011bt\u0161\u00ed konference k\u00a0WordPressu <a href=\"https:\/\/2015.prague.wordcamp.org\/\">WordCamp Praha 2015<\/a>. Byl to ji\u017e druh\u00fd ro\u010dn\u00edk. Loni mi \u00fa\u010dast nevy\u0161la, o to v\u011bt\u0161\u00ed radost jsem m\u011bl, \u017ee mi poda\u0159ilo p\u0159ijet letos&#8230;.<\/p>\n<h2>Internetprovsechny.cz &#8211;\u00a0<a title=\"wordcamp-praha-2015-prekonavajici\" href=\"http:\/\/www.internetprovsechny.cz\/wordcamp-praha-2015-prekonavajici\/\" target=\"_blank\">WordCamp Praha 2015 p\u0159ekon\u00e1vaj\u00edc\u00ed<\/a><\/h2>\n<p>WordCamp Praha 2015 je za n\u00e1mi. I\u00a0druh\u00fd ro\u010dn\u00edk se\u00a0vyda\u0159il a\u00a0v\u00a0lec\u010dem p\u0159ekonal ten lo\u0148sk\u00fd a\u00a0prvn\u00ed.\u00a0Posledn\u00ed \u00fanorov\u00fd den roku 2015 pat\u0159il nejv\u011bt\u0161\u00ed akci okolo WordPress v\u00a0\u010cesku \u2013 na\u00a0p\u016fd\u011b <strong>Vysok\u00e9 \u0161koly ekonomick\u00e9 Praha<\/strong> se\u00a0dne 28.\u00a02.\u00a02015 konal WordCamp Praha&#8230;..<\/p>\n","protected":false},"excerpt":{"rendered":"<p>blog.janlasac.cz &#8211;\u00a0Jak\u00fd byl wordcamp 2015 WordPress camp v Praze byl velice vyda\u0159en\u00fd. P\u0159i\u0161lo i dost lid\u00ed cca 200. Program byl velice zaj\u00edmav\u00fd,\u00a0p\u0159edn\u00e1\u0161ky byly rozd\u011blen\u00e9 na program\u00e1torsk\u00e9 a u\u017eivatelsk\u00e9.\u00a0Nejv\u00edce m\u011b zaujala p\u0159edn\u00e1\u0161ka od &#8230;.. wplama.cz &#8211;\u00a0Pluginy, o kter\u00fdch jsme mluvili na Workshopu Nejv\u011bt\u0161\u00ed WordPress\u00a0akce v\u00a0\u010cech\u00e1ch se letos konala 28.2.\u00a0a my jsme na n\u00ed m\u011bli Workshop pro [&hellip;]<\/p>\n","protected":false},"author":3999955,"featured_media":0,"parent":0,"menu_order":0,"comment_status":"open","ping_status":"open","template":"","meta":{"jetpack_post_was_ever_published":false,"footnotes":""},"class_list":["post-1157","page","type-page","status-publish","hentry"],"jetpack_sharing_enabled":true,"jetpack-related-posts":[],"_links":{"self":[{"href":"https:\/\/prague.wordcamp.org\/2015\/wp-json\/wp\/v2\/pages\/1157","targetHints":{"allow":["GET"]}}],"collection":[{"href":"https:\/\/prague.wordcamp.org\/2015\/wp-json\/wp\/v2\/pages"}],"about":[{"href":"https:\/\/prague.wordcamp.org\/2015\/wp-json\/wp\/v2\/types\/page"}],"author":[{"embeddable":true,"href":"https:\/\/prague.wordcamp.org\/2015\/wp-json\/wp\/v2\/users\/3999955"}],"replies":[{"embeddable":true,"href":"https:\/\/prague.wordcamp.org\/2015\/wp-json\/wp\/v2\/comments?post=1157"}],"version-history":[{"count":8,"href":"https:\/\/prague.wordcamp.org\/2015\/wp-json\/wp\/v2\/pages\/1157\/revisions"}],"predecessor-version":[{"id":1238,"href":"https:\/\/prague.wordcamp.org\/2015\/wp-json\/wp\/v2\/pages\/1157\/revisions\/1238"}],"wp:attachment":[{"href":"https:\/\/prague.wordcamp.org\/2015\/wp-json\/wp\/v2\/media?parent=1157"}],"curies":[{"name":"wp","href":"https:\/\/api.w.org\/{rel}","templated":true}]}}