{"id":82806,"date":"2013-12-06T19:09:25","date_gmt":"2013-12-06T19:09:25","guid":{"rendered":"https:\/\/2014.prague.wordcamp.org\/?page_id=82806"},"modified":"2014-11-30T11:29:24","modified_gmt":"2014-11-30T11:29:24","slug":"domu","status":"publish","type":"page","link":"https:\/\/prague.wordcamp.org\/2014\/domu\/","title":{"rendered":"\u00davod"},"content":{"rendered":"<p><img loading=\"lazy\" decoding=\"async\" data-attachment-id=\"190253\" data-permalink=\"https:\/\/prague.wordcamp.org\/2014\/domu\/wordcamp-praha-logo-248-35-pruhledna\/\" data-orig-file=\"https:\/\/prague.wordcamp.org\/2014\/files\/2013\/12\/wordcamp-praha-logo-248-35-pruhledna.png\" data-orig-size=\"248,35\" data-comments-opened=\"0\" data-image-meta=\"{&quot;aperture&quot;:&quot;0&quot;,&quot;credit&quot;:&quot;&quot;,&quot;camera&quot;:&quot;&quot;,&quot;caption&quot;:&quot;&quot;,&quot;created_timestamp&quot;:&quot;0&quot;,&quot;copyright&quot;:&quot;&quot;,&quot;focal_length&quot;:&quot;0&quot;,&quot;iso&quot;:&quot;0&quot;,&quot;shutter_speed&quot;:&quot;0&quot;,&quot;title&quot;:&quot;&quot;}\" data-image-title=\"wordcamp praha &amp;#8211; logo 248-35 pruhledna\" data-image-description=\"\" data-image-caption=\"\" data-large-file=\"https:\/\/prague.wordcamp.org\/2014\/files\/2013\/12\/wordcamp-praha-logo-248-35-pruhledna.png\" class=\"alignleft size-full wp-image-190253\" src=\"https:\/\/2014.prague.wordcamp.org\/files\/2013\/12\/wordcamp-praha-logo-248-35-pruhledna.png\" alt=\"wordcamp praha \" width=\"248\" height=\"35\" \/>je konference v\u011bnovan\u00e1 redak\u010dn\u00edmu syst\u00e9mu <a title=\"wordpress\" href=\"http:\/\/wordpress.org\" target=\"_blank\">WordPress<\/a> a v\u011bcem spojen\u00fdm s t\u00edmto redak\u010dn\u00edm syst\u00e9mem. WordCamp Praha je lok\u00e1ln\u00ed akce, po\u0159\u00e1dan\u00e1 fanou\u0161ky WordPressu, kte\u0159\u00ed se sch\u00e1zej\u00ed na Facebooku ve skupin\u011b <a title=\"WordPress Meetup \u010cR\" href=\"https:\/\/www.facebook.com\/groups\/1432345460318366\/\" target=\"_blank\">WordPress Meetup \u010cR<\/a>, ale z\u00e1rove\u0148 zapad\u00e1 do celosv\u011btov\u00e9ho konceptu Wordcamp, proto\u017ee je schv\u00e1len\u00e1 a podporovan\u00e1 <a href=\"http:\/\/central.wordcamp.org\/\">centr\u00e1lou WordCampu v USA<\/a>.<\/p>\n<p>Konference byla rozd\u011blena na <strong>dv\u011b linie p\u0159edn\u00e1\u0161ek <\/strong>&#8211; pro <strong>u\u017eivatele <\/strong>na stran\u011b jedn\u00e9, a pro <strong> developery<\/strong>, program\u00e1tory a kod\u00e9ry WordPressu, jeho plugin\u016f a \u0161ablon na stran\u011b druh\u00e9.<\/p>\n<p><a href=\"https:\/\/2014.prague.wordcamp.org\/program\/\">Program<\/a><a title=\"Program\" href=\"https:\/\/2014.prague.wordcamp.org\/program\/\">\u00a0<\/a> byl p\u0159izp\u016fsoben tomu, aby byl opravdu zaj\u00edmav\u00fd pro v\u0161echny. Tvo\u0159ily ho 45 minutov\u00e9 p\u0159edn\u00e1\u0161ky s n\u00e1sleduj\u00edc\u00ed 15 minutovou p\u0159est\u00e1vkou.<\/p>\n<p>Jednotliv\u00e9 prezentace postupn\u011b p\u0159ib\u00fdvaj\u00ed v sekci <a href=\"https:\/\/2014.prague.wordcamp.org\/program\/\" target=\"_blank\">Program<\/a>. Jak se WordCamp l\u00edbil \u010di nel\u00edbil se m\u016f\u017eete do\u010d\u00edst v sekci <a href=\"https:\/\/2014.prague.wordcamp.org\/napsali-o-nas\/\" target=\"_blank\">napsali o n\u00e1s<\/a>.<\/p>\n<p><strong>Datum kon\u00e1n\u00ed :<\/strong> 22.2.2014<br \/>\n<strong>M\u00edsto:<\/strong> <a title=\"Lokalita\" href=\"https:\/\/2014.prague.wordcamp.org\/lokalita\/\">HUB Praha<\/a><\/p>\n<p>&nbsp;<\/p>\n","protected":false},"excerpt":{"rendered":"<p>je konference v\u011bnovan\u00e1 redak\u010dn\u00edmu syst\u00e9mu WordPress a v\u011bcem spojen\u00fdm s t\u00edmto redak\u010dn\u00edm syst\u00e9mem. WordCamp Praha je lok\u00e1ln\u00ed akce, po\u0159\u00e1dan\u00e1 fanou\u0161ky WordPressu, kte\u0159\u00ed se sch\u00e1zej\u00ed na Facebooku ve skupin\u011b WordPress Meetup \u010cR, ale z\u00e1rove\u0148 zapad\u00e1 do celosv\u011btov\u00e9ho konceptu Wordcamp, proto\u017ee je schv\u00e1len\u00e1 a podporovan\u00e1 centr\u00e1lou WordCampu v USA. Konference byla rozd\u011blena na dv\u011b linie p\u0159edn\u00e1\u0161ek &#8211; &hellip; <a href=\"https:\/\/prague.wordcamp.org\/2014\/domu\/\" class=\"more-link\">Pokra\u010dova\u0165 na <span class=\"screen-reader-text\">\u00davod<\/span> <span class=\"meta-nav\">&rarr;<\/span><\/a><\/p>\n","protected":false},"author":3999955,"featured_media":0,"parent":0,"menu_order":0,"comment_status":"closed","ping_status":"closed","template":"","meta":{"_crdt_document":"","jetpack_post_was_ever_published":false,"footnotes":""},"class_list":["post-82806","page","type-page","status-publish","hentry"],"jetpack_sharing_enabled":true,"_links":{"self":[{"href":"https:\/\/prague.wordcamp.org\/2014\/wp-json\/wp\/v2\/pages\/82806","targetHints":{"allow":["GET"]}}],"collection":[{"href":"https:\/\/prague.wordcamp.org\/2014\/wp-json\/wp\/v2\/pages"}],"about":[{"href":"https:\/\/prague.wordcamp.org\/2014\/wp-json\/wp\/v2\/types\/page"}],"author":[{"embeddable":true,"href":"https:\/\/prague.wordcamp.org\/2014\/wp-json\/wp\/v2\/users\/3999955"}],"replies":[{"embeddable":true,"href":"https:\/\/prague.wordcamp.org\/2014\/wp-json\/wp\/v2\/comments?post=82806"}],"version-history":[{"count":33,"href":"https:\/\/prague.wordcamp.org\/2014\/wp-json\/wp\/v2\/pages\/82806\/revisions"}],"predecessor-version":[{"id":735009,"href":"https:\/\/prague.wordcamp.org\/2014\/wp-json\/wp\/v2\/pages\/82806\/revisions\/735009"}],"wp:attachment":[{"href":"https:\/\/prague.wordcamp.org\/2014\/wp-json\/wp\/v2\/media?parent=82806"}],"curies":[{"name":"wp","href":"https:\/\/api.w.org\/{rel}","templated":true}]}}