{"id":82601,"date":"2013-12-06T19:02:16","date_gmt":"2013-12-06T19:02:16","guid":{"rendered":"https:\/\/2014.prague.wordcamp.org\/?page_id=82601"},"modified":"2014-03-07T13:56:16","modified_gmt":"2014-03-07T13:56:16","slug":"program","status":"publish","type":"page","link":"https:\/\/prague.wordcamp.org\/2014\/program\/","title":{"rendered":"Program"},"content":{"rendered":"<p>Program se skl\u00e1dal ze dvou sou\u010dasn\u011b b\u011b\u017e\u00edc\u00edch lini\u00ed p\u0159edn\u00e1\u0161ek tak, aby si ka\u017ed\u00fd mohl vybrat to, co mu bude vyhovovat.<\/p>\n<table dir=\"ltr\" cellspacing=\"0\" cellpadding=\"0\">\n<tbody>\n<tr>\n<td style=\"text-align: center\" rowspan=\"1\" colspan=\"5\">\n<h3><strong>U\u017eivatel\u00e9<\/strong><\/h3>\n<\/td>\n<\/tr>\n<tr>\n<td style=\"text-align: center\"><strong>\u010cas p\u0159edn\u00e1\u0161ky<\/strong><\/td>\n<td><strong>T\u00e9ma<\/strong><\/td>\n<td><strong>P\u0159edn\u00e1\u0161ej\u00edc\u00ed<\/strong><\/td>\n<td><\/td>\n<td><\/td>\n<\/tr>\n<tr>\n<td style=\"text-align: center\">10:00-10:45<\/td>\n<td>Tvorba jednoduch\u00fdch firemn\u00edch web\u016f na WordPressu<\/td>\n<td>Radek Ku\u010dera<\/td>\n<td><a title=\"Prezentace\" href=\"http:\/\/www.slideshare.net\/Bigdrobek\/jednoduch-web-na-wordpressu-v4\" target=\"_blank\">prezentace<\/a><\/td>\n<td><\/td>\n<\/tr>\n<tr>\n<td style=\"text-align: center\">11:00-11:45<\/td>\n<td>WordPress a affiliate<\/td>\n<td>Tom\u00e1\u0161 Poner<\/td>\n<td><a href=\"http:\/\/www.slideshare.net\/tomasponer\/wordpress-a-affiliate-wordcamp-praha-2014\" target=\"_blank\">prezentace<\/a><\/td>\n<td><\/td>\n<\/tr>\n<tr>\n<td style=\"text-align: center\">12:15-13:00<\/td>\n<td>X n\u00e1pad\u016f pro podnik\u00e1n\u00ed s WP<\/td>\n<td>Vlastimil Ott<\/td>\n<td><a title=\"wordcamp2014\" href=\"http:\/\/www.slideshare.net\/vlastimilott\/wordcamp2014\" target=\"_blank\">prezentace<\/a><\/td>\n<td><\/td>\n<\/tr>\n<tr>\n<td style=\"text-align: center\">13:15-14:00<\/td>\n<td>Going global \u2013 how to make your WordPress site multilingual\u00a0(anglicky bez p\u0159ekladu)<\/td>\n<td>Agnes Bury<\/td>\n<td><a title=\"going-global\" href=\"http:\/\/www.slideshare.net\/agabu\/going-global-31656590\" target=\"_blank\">prezentace<\/a><\/td>\n<td><\/td>\n<\/tr>\n<tr>\n<td style=\"text-align: center\">14:15-15:00<\/td>\n<td>Licence k \u0161ablon\u00e1m a plugin\u016fm<\/td>\n<td>Tom\u00e1\u0161 Cirkl<\/td>\n<td><a title=\"prezentace\" href=\"http:\/\/www.slideshare.net\/Mushua\/licence-k-ablonm-a-pluginm-wordcamp-2014-praha\" target=\"_blank\">prezentace<\/a><\/td>\n<td><\/td>\n<\/tr>\n<tr>\n<td style=\"text-align: center\">15:15-16:00<\/td>\n<td>WordPress, komunita, \u010de\u0161tina<\/td>\n<td>Pavel Hejn &amp; spol<\/td>\n<td><a title=\"wordcmp praha - \u010de\u0161tina &amp; komunita\" href=\"https:\/\/docs.google.com\/presentation\/d\/1YzpGWM0sCU2yC9d8S1ya7H2na3JxmEHYifGLiitZdts\" target=\"_blank\">prezentace<\/a><\/td>\n<td><\/td>\n<\/tr>\n<tr>\n<td style=\"text-align: center\">16:15-17:00<\/td>\n<td>Co jsem se nau\u010dil za 10 let blogov\u00e1n\u00ed a co z toho mohu za 45 minut nau\u010dit i v\u00e1s<\/td>\n<td>Marek Prokop<\/td>\n<td>\u00a0&#8230; jen mist\u0159i p\u0159edn\u00e1\u0161\u00ed bez prezentace &#8230;<\/td>\n<td><\/td>\n<\/tr>\n<tr>\n<td style=\"text-align: center\">17:15-18:00<\/td>\n<td>WordPress a SEO<\/td>\n<td>Pavel Ungr<\/td>\n<td><a title=\"jak-na-seo-ve-wordpressu\" href=\"http:\/\/www.slideshare.net\/PavelUngr\/jak-na-seo-ve-wordpressu\" target=\"_blank\">prezentace<\/a><\/td>\n<td><\/td>\n<\/tr>\n<\/tbody>\n<\/table>\n<p><!-- br {mso-data-placement:same-cell;} --><\/p>\n<table dir=\"ltr\" cellspacing=\"0\" cellpadding=\"0\">\n<tbody>\n<tr>\n<td rowspan=\"1\" colspan=\"5\">\n<h3 style=\"text-align: center\">Develope\u0159i<\/h3>\n<\/td>\n<\/tr>\n<tr>\n<td style=\"text-align: center\"><strong>\u010cas p\u0159edn\u00e1\u0161ky<\/strong><\/td>\n<td><strong>T\u00e9ma<\/strong><\/td>\n<td><strong>P\u0159edn\u00e1\u0161ej\u00edc\u00ed<\/strong><\/td>\n<td><strong>Prezentace<\/strong><\/td>\n<td><strong>Video<\/strong><\/td>\n<\/tr>\n<tr>\n<td style=\"text-align: center\">10:00-10:45<\/td>\n<td>Custom post types<\/td>\n<td>Vladislav Mus\u00edlek<\/td>\n<td><a title=\"custom-post-types-a-post-format\" href=\"http:\/\/www.slideshare.net\/VladislavMusilek\/custom-post-types-a-post-format\" target=\"_blank\">prezentace<\/a><\/td>\n<td><\/td>\n<\/tr>\n<tr>\n<td style=\"text-align: center\">11:00-11:45<\/td>\n<td>UI v premium \u0161ablon\u00e1ch<\/td>\n<td>Jan Kvasni\u010dka<\/td>\n<td><a href=\"http:\/\/www.slideshare.net\/slideshow\/embed_code\/31559180\" target=\"_blank\">prezentace<\/a><\/td>\n<td><\/td>\n<\/tr>\n<tr>\n<td style=\"text-align: center\">12:15-13:00<\/td>\n<td>VersionPress \/ Designing Web Applications<\/td>\n<td>Borek Bernard \/ Noel Tock<\/td>\n<td><a title=\"versionpress-word\" href=\"http:\/\/www.slideshare.net\/borekb\/versionpress-word\" target=\"_blank\">prezentace Borka<\/a> \/ <a title=\"designing-web-applications\" href=\"https:\/\/speakerdeck.com\/noeltock\/designing-web-applications\" target=\"_blank\">prezentace Noela<\/a><\/td>\n<td><\/td>\n<\/tr>\n<tr>\n<td style=\"text-align: center\">13:15-14:00<\/td>\n<td>WordPress s n\u011bkolika milionovou n\u00e1v\u0161t\u011bvnost\u00ed &#8211; jak to d\u011bl\u00e1me v parade.com<\/td>\n<td>David Binda<\/td>\n<td><\/td>\n<td><\/td>\n<\/tr>\n<tr>\n<td style=\"text-align: center\">14:15-15:00<\/td>\n<td>CSS preprocesory<\/td>\n<td>Martin Mich\u00e1lek<\/td>\n<td><a title=\"css-preprocesorywordcamp\" href=\"http:\/\/www.slideshare.net\/machal\/css-preprocesorywordcamppdf\" target=\"_blank\">prezentace<\/a><\/td>\n<td><\/td>\n<\/tr>\n<tr>\n<td style=\"text-align: center\">15:15-16:00<\/td>\n<td>JavaScript a AJAX vo WordPress<\/td>\n<td>J\u00e1n Bo\u010d\u00ednec<\/td>\n<td><a title=\"javascript-ajax-wordpress\" href=\"http:\/\/www.webikon.sk\/javascript-ajax-wordpress\/\" target=\"_blank\">prezentace<\/a><\/td>\n<td><\/td>\n<\/tr>\n<tr>\n<td style=\"text-align: center\">16:15-17:00<\/td>\n<td>Sucuri.net &#8211; bezpe\u010dnost<\/td>\n<td>Peter Gramantik<\/td>\n<td><a title=\"wordcamp-prague-2014-website-security-cz\" href=\"http:\/\/www.slideshare.net\/peter_sucuri\/wordcamp-prague-2014-website-security-cz\" target=\"_blank\">prezentace<\/a><\/td>\n<td><\/td>\n<\/tr>\n<tr>\n<td style=\"text-align: center\">17:15-18:00<\/td>\n<td>WPMU (anglicky bez p\u0159ekladu)<\/td>\n<td>Tom Eagles<\/td>\n<td><a title=\"WPMU\" href=\"https:\/\/2014.prague.wordcamp.org\/files\/2014\/02\/Tom_Eagles-WPMU.pdf\">prezentace<\/a><\/td>\n<td><\/td>\n<\/tr>\n<\/tbody>\n<\/table>\n<p><strong>Prvn\u00ed linie <\/strong>byla pro n\u00e1v\u0161t\u011bvn\u00edky se zku\u0161enostmi na<strong> u\u017eivatelsk\u00e9 \u00farovni<\/strong>, a odehr\u00e1vala se v hlavn\u00edm open space prostoru HUBu, kam se ve\u0161lo cca 150 lid\u00ed. <strong>Druh\u00e1 linie <\/strong>byla pro<strong> developery<\/strong>,<strong>\u00a0 <\/strong> kod\u00e9ry a program\u00e1tory. Tato linie p\u0159edn\u00e1\u0161ek prob\u00edhala v konferen\u010dn\u00ed m\u00edstnosti HUBu, kam se ve\u0161lo a\u017e 80 lid\u00ed.<\/p>\n","protected":false},"excerpt":{"rendered":"<p>Program se skl\u00e1dal ze dvou sou\u010dasn\u011b b\u011b\u017e\u00edc\u00edch lini\u00ed p\u0159edn\u00e1\u0161ek tak, aby si ka\u017ed\u00fd mohl vybrat to, co mu bude vyhovovat. U\u017eivatel\u00e9 \u010cas p\u0159edn\u00e1\u0161ky T\u00e9ma P\u0159edn\u00e1\u0161ej\u00edc\u00ed 10:00-10:45 Tvorba jednoduch\u00fdch firemn\u00edch web\u016f na WordPressu Radek Ku\u010dera prezentace 11:00-11:45 WordPress a affiliate Tom\u00e1\u0161 Poner prezentace 12:15-13:00 X n\u00e1pad\u016f pro podnik\u00e1n\u00ed s WP Vlastimil Ott prezentace 13:15-14:00 Going global &hellip; <a href=\"https:\/\/prague.wordcamp.org\/2014\/program\/\" class=\"more-link\">Pokra\u010dova\u0165 na <span class=\"screen-reader-text\">Program<\/span> <span class=\"meta-nav\">&rarr;<\/span><\/a><\/p>\n","protected":false},"author":3999955,"featured_media":0,"parent":0,"menu_order":0,"comment_status":"closed","ping_status":"closed","template":"","meta":{"_crdt_document":"","jetpack_post_was_ever_published":false,"footnotes":""},"class_list":["post-82601","page","type-page","status-publish","hentry"],"jetpack_sharing_enabled":true,"_links":{"self":[{"href":"https:\/\/prague.wordcamp.org\/2014\/wp-json\/wp\/v2\/pages\/82601","targetHints":{"allow":["GET"]}}],"collection":[{"href":"https:\/\/prague.wordcamp.org\/2014\/wp-json\/wp\/v2\/pages"}],"about":[{"href":"https:\/\/prague.wordcamp.org\/2014\/wp-json\/wp\/v2\/types\/page"}],"author":[{"embeddable":true,"href":"https:\/\/prague.wordcamp.org\/2014\/wp-json\/wp\/v2\/users\/3999955"}],"replies":[{"embeddable":true,"href":"https:\/\/prague.wordcamp.org\/2014\/wp-json\/wp\/v2\/comments?post=82601"}],"version-history":[{"count":45,"href":"https:\/\/prague.wordcamp.org\/2014\/wp-json\/wp\/v2\/pages\/82601\/revisions"}],"predecessor-version":[{"id":515461,"href":"https:\/\/prague.wordcamp.org\/2014\/wp-json\/wp\/v2\/pages\/82601\/revisions\/515461"}],"wp:attachment":[{"href":"https:\/\/prague.wordcamp.org\/2014\/wp-json\/wp\/v2\/media?parent=82601"}],"curies":[{"name":"wp","href":"https:\/\/api.w.org\/{rel}","templated":true}]}}