{"id":462393,"date":"2014-02-25T18:06:36","date_gmt":"2014-02-25T18:06:36","guid":{"rendered":"https:\/\/2014.prague.wordcamp.org\/?page_id=462393"},"modified":"2014-02-27T18:35:01","modified_gmt":"2014-02-27T18:35:01","slug":"videa","status":"publish","type":"page","link":"https:\/\/prague.wordcamp.org\/2014\/videa\/","title":{"rendered":"Videa"},"content":{"rendered":"<p><span style=\"text-decoration: underline\"><strong>&#8211; U\u017eivatelsk\u00e1 \u010d\u00e1st &#8211;<br \/>\n<\/strong><\/span><\/p>\n<p><strong>1. Radek Ku\u010dera &#8211; Tvorba jednoduch\u00fdch firemn\u00edch web\u016f na WordPressu + \u00favod <\/strong><strong><br \/>\n<\/strong><\/p>\n<span class=\"embed-youtube\" style=\"text-align:center; display: block;\"><iframe loading=\"lazy\" class=\"youtube-player\" width=\"640\" height=\"360\" src=\"https:\/\/www.youtube.com\/embed\/vA6AHMHcHUg?version=3&#038;rel=1&#038;showsearch=0&#038;showinfo=1&#038;iv_load_policy=1&#038;fs=1&#038;hl=sk-SK&#038;autohide=2&#038;wmode=transparent\" allowfullscreen=\"true\" style=\"border:0;\" sandbox=\"allow-scripts allow-same-origin allow-popups allow-presentation allow-popups-to-escape-sandbox\"><\/iframe><\/span>\n<p>&nbsp;<\/p>\n<p><strong>2. Tom\u00e1\u0161 Poner &#8211; WordPress a affiliate<\/strong><\/p>\n<span class=\"embed-youtube\" style=\"text-align:center; display: block;\"><iframe loading=\"lazy\" class=\"youtube-player\" width=\"640\" height=\"360\" src=\"https:\/\/www.youtube.com\/embed\/Por38niVRZU?version=3&#038;rel=1&#038;showsearch=0&#038;showinfo=1&#038;iv_load_policy=1&#038;fs=1&#038;hl=sk-SK&#038;autohide=2&#038;start=30&#038;wmode=transparent\" allowfullscreen=\"true\" style=\"border:0;\" sandbox=\"allow-scripts allow-same-origin allow-popups allow-presentation allow-popups-to-escape-sandbox\"><\/iframe><\/span>\n<p>&nbsp;<\/p>\n<p><strong>3. Vlastimil Ott &#8211; X n\u00e1pad\u016f pro podnik\u00e1n\u00ed s WP<\/strong><\/p>\n<span class=\"embed-youtube\" style=\"text-align:center; display: block;\"><iframe loading=\"lazy\" class=\"youtube-player\" width=\"640\" height=\"360\" src=\"https:\/\/www.youtube.com\/embed\/Rb28EB5B5to?version=3&#038;rel=1&#038;showsearch=0&#038;showinfo=1&#038;iv_load_policy=1&#038;fs=1&#038;hl=sk-SK&#038;autohide=2&#038;wmode=transparent\" allowfullscreen=\"true\" style=\"border:0;\" sandbox=\"allow-scripts allow-same-origin allow-popups allow-presentation allow-popups-to-escape-sandbox\"><\/iframe><\/span>\n<p>&nbsp;<\/p>\n<p><strong>4. Agnes Bury &#8211; Going global, how to make your WordPress site multilingual<\/strong><\/p>\n<span class=\"embed-youtube\" style=\"text-align:center; display: block;\"><iframe loading=\"lazy\" class=\"youtube-player\" width=\"640\" height=\"360\" src=\"https:\/\/www.youtube.com\/embed\/tdxW-gC_-P8?version=3&#038;rel=1&#038;showsearch=0&#038;showinfo=1&#038;iv_load_policy=1&#038;fs=1&#038;hl=sk-SK&#038;autohide=2&#038;wmode=transparent\" allowfullscreen=\"true\" style=\"border:0;\" sandbox=\"allow-scripts allow-same-origin allow-popups allow-presentation allow-popups-to-escape-sandbox\"><\/iframe><\/span>\n<p>&nbsp;<\/p>\n<p><strong>5. Tom\u00e1\u0161 Cirkl &#8211; Licence k \u0161ablon\u00e1m a plugin\u016fm<\/strong><\/p>\n<span class=\"embed-youtube\" style=\"text-align:center; display: block;\"><iframe loading=\"lazy\" class=\"youtube-player\" width=\"640\" height=\"360\" src=\"https:\/\/www.youtube.com\/embed\/HpC0MrHTr6A?version=3&#038;rel=1&#038;showsearch=0&#038;showinfo=1&#038;iv_load_policy=1&#038;fs=1&#038;hl=sk-SK&#038;autohide=2&#038;wmode=transparent\" allowfullscreen=\"true\" style=\"border:0;\" sandbox=\"allow-scripts allow-same-origin allow-popups allow-presentation allow-popups-to-escape-sandbox\"><\/iframe><\/span>\n<p>&nbsp;<\/p>\n<p><strong>6. Pavel Hejn, Peter Nemcok, Tom\u00e1\u0161 Poner, Radek Ku\u010dera &#8211; WordPress, \u010de\u0161tina, komunita<br \/>\n<\/strong><br \/>\n<span class=\"embed-youtube\" style=\"text-align:center; display: block;\"><iframe loading=\"lazy\" class=\"youtube-player\" width=\"640\" height=\"360\" src=\"https:\/\/www.youtube.com\/embed\/YW6gwKOiROA?version=3&#038;rel=1&#038;showsearch=0&#038;showinfo=1&#038;iv_load_policy=1&#038;fs=1&#038;hl=sk-SK&#038;autohide=2&#038;wmode=transparent\" allowfullscreen=\"true\" style=\"border:0;\" sandbox=\"allow-scripts allow-same-origin allow-popups allow-presentation allow-popups-to-escape-sandbox\"><\/iframe><\/span><\/p>\n<p>&nbsp;<\/p>\n<p><strong>7. Marek Prokop &#8211; Co jsem se nau\u010dil za 10 let blogov\u00e1n\u00ed a co z toho mohu za 45 minut nau\u010dit i v\u00e1s<br \/>\n<\/strong><br \/>\n<span class=\"embed-youtube\" style=\"text-align:center; display: block;\"><iframe loading=\"lazy\" class=\"youtube-player\" width=\"640\" height=\"360\" src=\"https:\/\/www.youtube.com\/embed\/AOWRsbQ1BZU?version=3&#038;rel=1&#038;showsearch=0&#038;showinfo=1&#038;iv_load_policy=1&#038;fs=1&#038;hl=sk-SK&#038;autohide=2&#038;wmode=transparent\" allowfullscreen=\"true\" style=\"border:0;\" sandbox=\"allow-scripts allow-same-origin allow-popups allow-presentation allow-popups-to-escape-sandbox\"><\/iframe><\/span><\/p>\n<p>&nbsp;<\/p>\n<p><strong>8. Pavel Ungr &#8211; WordPress a SEO<br \/>\n<\/strong><br \/>\n<span class=\"embed-youtube\" style=\"text-align:center; display: block;\"><iframe loading=\"lazy\" class=\"youtube-player\" width=\"640\" height=\"360\" src=\"https:\/\/www.youtube.com\/embed\/IX6LIwSuDnU?version=3&#038;rel=1&#038;showsearch=0&#038;showinfo=1&#038;iv_load_policy=1&#038;fs=1&#038;hl=sk-SK&#038;autohide=2&#038;wmode=transparent\" allowfullscreen=\"true\" style=\"border:0;\" sandbox=\"allow-scripts allow-same-origin allow-popups allow-presentation allow-popups-to-escape-sandbox\"><\/iframe><\/span><\/p>\n<p><span style=\"text-decoration: underline\"><strong><br \/>\n<\/strong><\/span><\/p>\n<p><strong>&#8211; Developersk\u00e1 \u010d\u00e1st &#8211;<br \/>\n<\/strong><\/p>\n<p><strong>1. Vladislav Mus\u00edlek &#8211; Custom Post Types<\/strong><\/p>\n<span class=\"embed-youtube\" style=\"text-align:center; display: block;\"><iframe loading=\"lazy\" class=\"youtube-player\" width=\"604\" height=\"340\" src=\"https:\/\/www.youtube.com\/embed\/raIfr22Yabg?version=3&#038;rel=1&#038;showsearch=0&#038;showinfo=1&#038;iv_load_policy=1&#038;fs=1&#038;hl=sk-SK&#038;autohide=2&#038;wmode=transparent\" allowfullscreen=\"true\" style=\"border:0;\" sandbox=\"allow-scripts allow-same-origin allow-popups allow-presentation allow-popups-to-escape-sandbox\"><\/iframe><\/span>\n<p>&nbsp;<\/p>\n<p><strong>2. Jan Kvasni\u010dka &#8211; Premium \u0161ablona v\u017edy neznamen\u00e1 nejvy\u0161\u0161\u00ed kvalitu z pohledu pou\u017eitelnosti<\/strong><\/p>\n<span class=\"embed-youtube\" style=\"text-align:center; display: block;\"><iframe loading=\"lazy\" class=\"youtube-player\" width=\"604\" height=\"340\" src=\"https:\/\/www.youtube.com\/embed\/weoksnMbp8U?version=3&#038;rel=1&#038;showsearch=0&#038;showinfo=1&#038;iv_load_policy=1&#038;fs=1&#038;hl=sk-SK&#038;autohide=2&#038;wmode=transparent\" allowfullscreen=\"true\" style=\"border:0;\" sandbox=\"allow-scripts allow-same-origin allow-popups allow-presentation allow-popups-to-escape-sandbox\"><\/iframe><\/span>\n<p>&nbsp;<\/p>\n<p><strong>3.1 Borek Bernard &#8211; VersionPress<\/strong><\/p>\n<span class=\"embed-youtube\" style=\"text-align:center; display: block;\"><iframe loading=\"lazy\" class=\"youtube-player\" width=\"604\" height=\"340\" src=\"https:\/\/www.youtube.com\/embed\/BdZLTd0bDJc?version=3&#038;rel=1&#038;showsearch=0&#038;showinfo=1&#038;iv_load_policy=1&#038;fs=1&#038;hl=sk-SK&#038;autohide=2&#038;wmode=transparent\" allowfullscreen=\"true\" style=\"border:0;\" sandbox=\"allow-scripts allow-same-origin allow-popups allow-presentation allow-popups-to-escape-sandbox\"><\/iframe><\/span>\n<p>&nbsp;<\/p>\n<p><strong>3.2 Noel Tock &#8211; Designing web applications<\/strong><\/p>\n<span class=\"embed-youtube\" style=\"text-align:center; display: block;\"><iframe loading=\"lazy\" class=\"youtube-player\" width=\"604\" height=\"340\" src=\"https:\/\/www.youtube.com\/embed\/2Ou_sREjQIc?version=3&#038;rel=1&#038;showsearch=0&#038;showinfo=1&#038;iv_load_policy=1&#038;fs=1&#038;hl=sk-SK&#038;autohide=2&#038;wmode=transparent\" allowfullscreen=\"true\" style=\"border:0;\" sandbox=\"allow-scripts allow-same-origin allow-popups allow-presentation allow-popups-to-escape-sandbox\"><\/iframe><\/span>\n<p>&nbsp;<\/p>\n<p><strong>4. David Binda &#8211; WordPress s vysokou n\u00e1v\u0161t\u011bvnost\u00ed<\/strong><\/p>\n<span class=\"embed-youtube\" style=\"text-align:center; display: block;\"><iframe loading=\"lazy\" class=\"youtube-player\" width=\"604\" height=\"340\" src=\"https:\/\/www.youtube.com\/embed\/nv6Ies-byvQ?version=3&#038;rel=1&#038;showsearch=0&#038;showinfo=1&#038;iv_load_policy=1&#038;fs=1&#038;hl=sk-SK&#038;autohide=2&#038;wmode=transparent\" allowfullscreen=\"true\" style=\"border:0;\" sandbox=\"allow-scripts allow-same-origin allow-popups allow-presentation allow-popups-to-escape-sandbox\"><\/iframe><\/span>\n<p>&nbsp;<\/p>\n<p><strong>5. Martin Mich\u00e1lek &#8211; CSS preprocesory<\/strong><\/p>\n<span class=\"embed-youtube\" style=\"text-align:center; display: block;\"><iframe loading=\"lazy\" class=\"youtube-player\" width=\"604\" height=\"340\" src=\"https:\/\/www.youtube.com\/embed\/KEv4zO0U0Lk?version=3&#038;rel=1&#038;showsearch=0&#038;showinfo=1&#038;iv_load_policy=1&#038;fs=1&#038;hl=sk-SK&#038;autohide=2&#038;wmode=transparent\" allowfullscreen=\"true\" style=\"border:0;\" sandbox=\"allow-scripts allow-same-origin allow-popups allow-presentation allow-popups-to-escape-sandbox\"><\/iframe><\/span>\n<p>&nbsp;<\/p>\n<p><strong>6. J\u00e1n Bo\u010d\u00ednec &#8211; JavaScript a AJAX vo WordPress<\/strong><\/p>\n<span class=\"embed-youtube\" style=\"text-align:center; display: block;\"><iframe loading=\"lazy\" class=\"youtube-player\" width=\"604\" height=\"340\" src=\"https:\/\/www.youtube.com\/embed\/KHcFYdajQGA?version=3&#038;rel=1&#038;showsearch=0&#038;showinfo=1&#038;iv_load_policy=1&#038;fs=1&#038;hl=sk-SK&#038;autohide=2&#038;wmode=transparent\" allowfullscreen=\"true\" style=\"border:0;\" sandbox=\"allow-scripts allow-same-origin allow-popups allow-presentation allow-popups-to-escape-sandbox\"><\/iframe><\/span>\n<p>&nbsp;<\/p>\n<p><strong>7. Peter Gramantik &#8211; Website security a WordPress<\/strong><\/p>\n<span class=\"embed-youtube\" style=\"text-align:center; display: block;\"><iframe loading=\"lazy\" class=\"youtube-player\" width=\"604\" height=\"340\" src=\"https:\/\/www.youtube.com\/embed\/EwXhXZRYmT0?version=3&#038;rel=1&#038;showsearch=0&#038;showinfo=1&#038;iv_load_policy=1&#038;fs=1&#038;hl=sk-SK&#038;autohide=2&#038;wmode=transparent\" allowfullscreen=\"true\" style=\"border:0;\" sandbox=\"allow-scripts allow-same-origin allow-popups allow-presentation allow-popups-to-escape-sandbox\"><\/iframe><\/span>\n<p>&nbsp;<\/p>\n<p><strong>8. Tom Eagles &#8211; WordPress multisite The Pros and Cons<\/strong><\/p>\n<span class=\"embed-youtube\" style=\"text-align:center; display: block;\"><iframe loading=\"lazy\" class=\"youtube-player\" width=\"604\" height=\"340\" src=\"https:\/\/www.youtube.com\/embed\/J0Mkqz137DU?version=3&#038;rel=1&#038;showsearch=0&#038;showinfo=1&#038;iv_load_policy=1&#038;fs=1&#038;hl=sk-SK&#038;autohide=2&#038;wmode=transparent\" allowfullscreen=\"true\" style=\"border:0;\" sandbox=\"allow-scripts allow-same-origin allow-popups allow-presentation allow-popups-to-escape-sandbox\"><\/iframe><\/span>\n<p>&nbsp;<\/p>\n<p style=\"text-align: center\"><a href=\"https:\/\/2014.prague.wordcamp.org\/files\/2014\/01\/wordcamp-rich-250x250.png\"><img loading=\"lazy\" decoding=\"async\" data-attachment-id=\"315900\" data-permalink=\"https:\/\/prague.wordcamp.org\/2014\/bannery\/wordcamp-rich-250x250\/\" data-orig-file=\"https:\/\/prague.wordcamp.org\/2014\/files\/2014\/01\/wordcamp-rich-250x250.png\" data-orig-size=\"250,250\" data-comments-opened=\"0\" data-image-meta=\"{&quot;aperture&quot;:&quot;0&quot;,&quot;credit&quot;:&quot;&quot;,&quot;camera&quot;:&quot;&quot;,&quot;caption&quot;:&quot;&quot;,&quot;created_timestamp&quot;:&quot;0&quot;,&quot;copyright&quot;:&quot;&quot;,&quot;focal_length&quot;:&quot;0&quot;,&quot;iso&quot;:&quot;0&quot;,&quot;shutter_speed&quot;:&quot;0&quot;,&quot;title&quot;:&quot;&quot;}\" data-image-title=\"wordcamp rich 250&amp;#215;250\" data-image-description=\"\" data-image-caption=\"\" data-large-file=\"https:\/\/prague.wordcamp.org\/2014\/files\/2014\/01\/wordcamp-rich-250x250.png\" class=\"size-full wp-image-315900 aligncenter\" alt=\"wordcamp rich 250x250\" src=\"https:\/\/2014.prague.wordcamp.org\/files\/2014\/01\/wordcamp-rich-250x250.png\" width=\"250\" height=\"250\" srcset=\"https:\/\/prague.wordcamp.org\/2014\/files\/2014\/01\/wordcamp-rich-250x250.png 250w, https:\/\/prague.wordcamp.org\/2014\/files\/2014\/01\/wordcamp-rich-250x250-150x150.png 150w\" sizes=\"auto, (max-width: 250px) 100vw, 250px\" \/><\/a><\/p>\n","protected":false},"excerpt":{"rendered":"<p>&#8211; U\u017eivatelsk\u00e1 \u010d\u00e1st &#8211; 1. Radek Ku\u010dera &#8211; Tvorba jednoduch\u00fdch firemn\u00edch web\u016f na WordPressu + \u00favod &nbsp; 2. Tom\u00e1\u0161 Poner &#8211; WordPress a affiliate &nbsp; 3. Vlastimil Ott &#8211; X n\u00e1pad\u016f pro podnik\u00e1n\u00ed s WP &nbsp; 4. Agnes Bury &#8211; Going global, how to make your WordPress site multilingual &nbsp; 5. Tom\u00e1\u0161 Cirkl &#8211; Licence &hellip; <a href=\"https:\/\/prague.wordcamp.org\/2014\/videa\/\" class=\"more-link\">Pokra\u010dova\u0165 na <span class=\"screen-reader-text\">Videa<\/span> <span class=\"meta-nav\">&rarr;<\/span><\/a><\/p>\n","protected":false},"author":13473298,"featured_media":0,"parent":0,"menu_order":0,"comment_status":"closed","ping_status":"closed","template":"","meta":{"_crdt_document":"","jetpack_post_was_ever_published":false,"footnotes":""},"class_list":["post-462393","page","type-page","status-publish","hentry"],"jetpack_sharing_enabled":true,"_links":{"self":[{"href":"https:\/\/prague.wordcamp.org\/2014\/wp-json\/wp\/v2\/pages\/462393","targetHints":{"allow":["GET"]}}],"collection":[{"href":"https:\/\/prague.wordcamp.org\/2014\/wp-json\/wp\/v2\/pages"}],"about":[{"href":"https:\/\/prague.wordcamp.org\/2014\/wp-json\/wp\/v2\/types\/page"}],"author":[{"embeddable":true,"href":"https:\/\/prague.wordcamp.org\/2014\/wp-json\/wp\/v2\/users\/13473298"}],"replies":[{"embeddable":true,"href":"https:\/\/prague.wordcamp.org\/2014\/wp-json\/wp\/v2\/comments?post=462393"}],"version-history":[{"count":21,"href":"https:\/\/prague.wordcamp.org\/2014\/wp-json\/wp\/v2\/pages\/462393\/revisions"}],"predecessor-version":[{"id":473260,"href":"https:\/\/prague.wordcamp.org\/2014\/wp-json\/wp\/v2\/pages\/462393\/revisions\/473260"}],"wp:attachment":[{"href":"https:\/\/prague.wordcamp.org\/2014\/wp-json\/wp\/v2\/media?parent=462393"}],"curies":[{"name":"wp","href":"https:\/\/api.w.org\/{rel}","templated":true}]}}